{"id":24797,"date":"2021-02-18T16:03:48","date_gmt":"2021-11-24T09:51:34","guid":{"rendered":"https:\/\/www.champmarket.com\/?post_type=product&#038;p=24797"},"modified":"2025-05-09T15:33:53","modified_gmt":"2025-05-09T13:33:53","slug":"drappier-rose-de-saignee-half-bottle","status":"publish","type":"product","link":"https:\/\/www.champmarket.com\/en\/champagne\/drappier-rose-de-saignee-half-bottle\/","title":{"rendered":"Drappier Ros\u00e9 de Saign\u00e9e Half-Bottle"},"content":{"rendered":"<p>Fruity and extroverted, the Drappier Ros\u00e9 de Saign\u00e9e is a beautiful tribute to Pinot Noir. Its beautiful salmon color, its balance and its superb bouquet of red fruits and violets make it the ideal companion of the aperitif, as well as light and summery meals.<\/p>\n<p>The half-bottle format (37.5 cl) is ideal for one-to-one tasting or for corporate gifts and events.<\/p>\n","protected":false},"excerpt":{"rendered":"<p>Drappier Ros\u00e9 de Saign\u00e9e Demi-Bouteille is a fruity, outgoing champagne, a tribute to Pinot Noir, the ideal aperitif companion.<\/p>\n","protected":false},"featured_media":24798,"template":"","meta":{"_acf_changed":false},"product_brand":[],"product_cat":[3320,1730,1746,2196,2772,1696,1697],"product_tag":[1751,1700,1759],"class_list":{"0":"post-24797","1":"product","2":"type-product","3":"status-publish","4":"has-post-thumbnail","6":"maisons-selection-champagne-drappier-en","7":"product_cat-all-champagnes-and-exclusive-boxes","8":"product_cat-categorie-drappier-en","9":"product_cat-petits-flacons-en","10":"product_cat-halfbottle-en","11":"product_cat-all-champagnes","12":"product_cat-champagne-rose-en","13":"product_cat-repas-en","14":"product_tag-100-pinot-noir-en","15":"product_tag-la-vie-en-rose-en","16":"product_tag-petit-flacon-en","18":"first","19":"instock","20":"taxable","21":"shipping-taxable","22":"purchasable","23":"product-type-simple"},"acf":[],"yoast_head":"<!-- This site is optimized with the Yoast SEO plugin v26.4 - https:\/\/yoast.com\/wordpress\/plugins\/seo\/ -->\n<title>Drappier Ros\u00e9 de Saign\u00e9e Half-Bottle - Champmarket<\/title>\n<meta name=\"description\" content=\"Drappier Ros\u00e9 de Saign\u00e9e Demi-Bouteille is a fruity, outgoing champagne, a tribute to Pinot Noir, the ideal aperitif companion.\" \/>\n<meta name=\"robots\" content=\"index, follow, max-snippet:-1, max-image-preview:large, max-video-preview:-1\" \/>\n<link rel=\"canonical\" href=\"https:\/\/www.champmarket.com\/en\/champagne\/drappier-rose-de-saignee-half-bottle\/\" \/>\n<meta property=\"og:locale\" content=\"en_US\" \/>\n<meta property=\"og:type\" content=\"article\" \/>\n<meta property=\"og:title\" content=\"Drappier Ros\u00e9 de Saign\u00e9e Half-Bottle - Champmarket\" \/>\n<meta property=\"og:description\" content=\"Drappier Ros\u00e9 de Saign\u00e9e Demi-Bouteille is a fruity, outgoing champagne, a tribute to Pinot Noir, the ideal aperitif companion.\" \/>\n<meta property=\"og:url\" content=\"https:\/\/www.champmarket.com\/en\/champagne\/drappier-rose-de-saignee-half-bottle\/\" \/>\n<meta property=\"og:site_name\" content=\"Champmarket\" \/>\n<meta property=\"article:publisher\" content=\"https:\/\/www.facebook.com\/ChampMarket\/\" \/>\n<meta property=\"article:modified_time\" content=\"2025-05-09T13:33:53+00:00\" \/>\n<meta property=\"og:image\" content=\"https:\/\/www.champmarket.com\/wp-content\/uploads\/2021\/01\/drappier-rose-de-saignee-demi-bouteille.jpg\" \/>\n\t<meta property=\"og:image:width\" content=\"2000\" \/>\n\t<meta property=\"og:image:height\" content=\"2000\" \/>\n\t<meta property=\"og:image:type\" content=\"image\/jpeg\" \/>\n<meta name=\"twitter:card\" content=\"summary_large_image\" \/>\n<meta name=\"twitter:site\" content=\"@champmarket\" \/>\n<meta name=\"twitter:label1\" content=\"Est. reading time\" \/>\n\t<meta name=\"twitter:data1\" content=\"1 minute\" \/>\n<script type=\"application\/ld+json\" class=\"yoast-schema-graph\">{\"@context\":\"https:\/\/schema.org\",\"@graph\":[{\"@type\":\"WebPage\",\"@id\":\"https:\/\/www.champmarket.com\/en\/champagne\/drappier-rose-de-saignee-half-bottle\/\",\"url\":\"https:\/\/www.champmarket.com\/en\/champagne\/drappier-rose-de-saignee-half-bottle\/\",\"name\":\"Drappier Ros\u00e9 de Saign\u00e9e Half-Bottle - Champmarket\",\"isPartOf\":{\"@id\":\"https:\/\/www.champmarket.com\/#website\"},\"primaryImageOfPage\":{\"@id\":\"https:\/\/www.champmarket.com\/en\/champagne\/drappier-rose-de-saignee-half-bottle\/#primaryimage\"},\"image\":{\"@id\":\"https:\/\/www.champmarket.com\/en\/champagne\/drappier-rose-de-saignee-half-bottle\/#primaryimage\"},\"thumbnailUrl\":\"https:\/\/www.champmarket.com\/wp-content\/uploads\/2021\/01\/drappier-rose-de-saignee-demi-bouteille.jpg\",\"datePublished\":\"2021-11-24T09:51:34+00:00\",\"dateModified\":\"2025-05-09T13:33:53+00:00\",\"description\":\"Drappier Ros\u00e9 de Saign\u00e9e Demi-Bouteille is a fruity, outgoing champagne, a tribute to Pinot Noir, the ideal aperitif companion.\",\"breadcrumb\":{\"@id\":\"https:\/\/www.champmarket.com\/en\/champagne\/drappier-rose-de-saignee-half-bottle\/#breadcrumb\"},\"inLanguage\":\"en-US\",\"potentialAction\":[{\"@type\":\"ReadAction\",\"target\":[\"https:\/\/www.champmarket.com\/en\/champagne\/drappier-rose-de-saignee-half-bottle\/\"]}]},{\"@type\":\"ImageObject\",\"inLanguage\":\"en-US\",\"@id\":\"https:\/\/www.champmarket.com\/en\/champagne\/drappier-rose-de-saignee-half-bottle\/#primaryimage\",\"url\":\"https:\/\/www.champmarket.com\/wp-content\/uploads\/2021\/01\/drappier-rose-de-saignee-demi-bouteille.jpg\",\"contentUrl\":\"https:\/\/www.champmarket.com\/wp-content\/uploads\/2021\/01\/drappier-rose-de-saignee-demi-bouteille.jpg\",\"width\":2000,\"height\":2000},{\"@type\":\"BreadcrumbList\",\"@id\":\"https:\/\/www.champmarket.com\/en\/champagne\/drappier-rose-de-saignee-half-bottle\/#breadcrumb\",\"itemListElement\":[{\"@type\":\"ListItem\",\"position\":1,\"name\":\"Home\",\"item\":\"https:\/\/www.champmarket.com\/en\/buy-champagne-online-champmarket\/\"},{\"@type\":\"ListItem\",\"position\":2,\"name\":\"Shop\",\"item\":\"https:\/\/www.champmarket.com\/en\/shop-2\/\"},{\"@type\":\"ListItem\",\"position\":3,\"name\":\"Drappier\",\"item\":\"https:\/\/www.champmarket.com\/en\/maisons\/selection-champagne-drappier-en\/\"},{\"@type\":\"ListItem\",\"position\":4,\"name\":\"Drappier Ros\u00e9 de Saign\u00e9e Half-Bottle\"}]},{\"@type\":\"WebSite\",\"@id\":\"https:\/\/www.champmarket.com\/#website\",\"url\":\"https:\/\/www.champmarket.com\/\",\"name\":\"Champmarket\",\"description\":\"Champagne Only ! Champmarket offers a very wide range of exceptional champagnes, the greatest brands, rare vintages, limited editions, old vintages and champagne gift ideas for any occasion.\",\"publisher\":{\"@id\":\"https:\/\/www.champmarket.com\/#organization\"},\"potentialAction\":[{\"@type\":\"SearchAction\",\"target\":{\"@type\":\"EntryPoint\",\"urlTemplate\":\"https:\/\/www.champmarket.com\/?s={search_term_string}\"},\"query-input\":{\"@type\":\"PropertyValueSpecification\",\"valueRequired\":true,\"valueName\":\"search_term_string\"}}],\"inLanguage\":\"en-US\"},{\"@type\":\"Organization\",\"@id\":\"https:\/\/www.champmarket.com\/#organization\",\"name\":\"Champmarket\",\"url\":\"https:\/\/www.champmarket.com\/\",\"logo\":{\"@type\":\"ImageObject\",\"inLanguage\":\"en-US\",\"@id\":\"https:\/\/www.champmarket.com\/#\/schema\/logo\/image\/\",\"url\":\"https:\/\/www.champmarket.com\/wp-content\/uploads\/2024\/08\/logo2024-1.svg\",\"contentUrl\":\"https:\/\/www.champmarket.com\/wp-content\/uploads\/2024\/08\/logo2024-1.svg\",\"width\":579.8,\"height\":80,\"caption\":\"Champmarket\"},\"image\":{\"@id\":\"https:\/\/www.champmarket.com\/#\/schema\/logo\/image\/\"},\"sameAs\":[\"https:\/\/www.facebook.com\/ChampMarket\/\",\"https:\/\/x.com\/champmarket\",\"https:\/\/www.instagram.com\/champmarket.paris\/\",\"https:\/\/www.pinterest.fr\/champmarketparis\/\",\"https:\/\/www.linkedin.com\/company\/champmarket\/\"]}]}<\/script>\n<!-- \/ Yoast SEO plugin. -->","yoast_head_json":{"title":"Drappier Ros\u00e9 de Saign\u00e9e Half-Bottle - Champmarket","description":"Drappier Ros\u00e9 de Saign\u00e9e Demi-Bouteille is a fruity, outgoing champagne, a tribute to Pinot Noir, the ideal aperitif companion.","robots":{"index":"index","follow":"follow","max-snippet":"max-snippet:-1","max-image-preview":"max-image-preview:large","max-video-preview":"max-video-preview:-1"},"canonical":"https:\/\/www.champmarket.com\/en\/champagne\/drappier-rose-de-saignee-half-bottle\/","og_locale":"en_US","og_type":"article","og_title":"Drappier Ros\u00e9 de Saign\u00e9e Half-Bottle - Champmarket","og_description":"Drappier Ros\u00e9 de Saign\u00e9e Demi-Bouteille is a fruity, outgoing champagne, a tribute to Pinot Noir, the ideal aperitif companion.","og_url":"https:\/\/www.champmarket.com\/en\/champagne\/drappier-rose-de-saignee-half-bottle\/","og_site_name":"Champmarket","article_publisher":"https:\/\/www.facebook.com\/ChampMarket\/","article_modified_time":"2025-05-09T13:33:53+00:00","og_image":[{"width":2000,"height":2000,"url":"https:\/\/www.champmarket.com\/wp-content\/uploads\/2021\/01\/drappier-rose-de-saignee-demi-bouteille.jpg","type":"image\/jpeg"}],"twitter_card":"summary_large_image","twitter_site":"@champmarket","twitter_misc":{"Est. reading time":"1 minute"},"schema":{"@context":"https:\/\/schema.org","@graph":[{"@type":"WebPage","@id":"https:\/\/www.champmarket.com\/en\/champagne\/drappier-rose-de-saignee-half-bottle\/","url":"https:\/\/www.champmarket.com\/en\/champagne\/drappier-rose-de-saignee-half-bottle\/","name":"Drappier Ros\u00e9 de Saign\u00e9e Half-Bottle - Champmarket","isPartOf":{"@id":"https:\/\/www.champmarket.com\/#website"},"primaryImageOfPage":{"@id":"https:\/\/www.champmarket.com\/en\/champagne\/drappier-rose-de-saignee-half-bottle\/#primaryimage"},"image":{"@id":"https:\/\/www.champmarket.com\/en\/champagne\/drappier-rose-de-saignee-half-bottle\/#primaryimage"},"thumbnailUrl":"https:\/\/www.champmarket.com\/wp-content\/uploads\/2021\/01\/drappier-rose-de-saignee-demi-bouteille.jpg","datePublished":"2021-11-24T09:51:34+00:00","dateModified":"2025-05-09T13:33:53+00:00","description":"Drappier Ros\u00e9 de Saign\u00e9e Demi-Bouteille is a fruity, outgoing champagne, a tribute to Pinot Noir, the ideal aperitif companion.","breadcrumb":{"@id":"https:\/\/www.champmarket.com\/en\/champagne\/drappier-rose-de-saignee-half-bottle\/#breadcrumb"},"inLanguage":"en-US","potentialAction":[{"@type":"ReadAction","target":["https:\/\/www.champmarket.com\/en\/champagne\/drappier-rose-de-saignee-half-bottle\/"]}]},{"@type":"ImageObject","inLanguage":"en-US","@id":"https:\/\/www.champmarket.com\/en\/champagne\/drappier-rose-de-saignee-half-bottle\/#primaryimage","url":"https:\/\/www.champmarket.com\/wp-content\/uploads\/2021\/01\/drappier-rose-de-saignee-demi-bouteille.jpg","contentUrl":"https:\/\/www.champmarket.com\/wp-content\/uploads\/2021\/01\/drappier-rose-de-saignee-demi-bouteille.jpg","width":2000,"height":2000},{"@type":"BreadcrumbList","@id":"https:\/\/www.champmarket.com\/en\/champagne\/drappier-rose-de-saignee-half-bottle\/#breadcrumb","itemListElement":[{"@type":"ListItem","position":1,"name":"Home","item":"https:\/\/www.champmarket.com\/en\/buy-champagne-online-champmarket\/"},{"@type":"ListItem","position":2,"name":"Shop","item":"https:\/\/www.champmarket.com\/en\/shop-2\/"},{"@type":"ListItem","position":3,"name":"Drappier","item":"https:\/\/www.champmarket.com\/en\/maisons\/selection-champagne-drappier-en\/"},{"@type":"ListItem","position":4,"name":"Drappier Ros\u00e9 de Saign\u00e9e Half-Bottle"}]},{"@type":"WebSite","@id":"https:\/\/www.champmarket.com\/#website","url":"https:\/\/www.champmarket.com\/","name":"Champmarket","description":"Champagne Only ! Champmarket offers a very wide range of exceptional champagnes, the greatest brands, rare vintages, limited editions, old vintages and champagne gift ideas for any occasion.","publisher":{"@id":"https:\/\/www.champmarket.com\/#organization"},"potentialAction":[{"@type":"SearchAction","target":{"@type":"EntryPoint","urlTemplate":"https:\/\/www.champmarket.com\/?s={search_term_string}"},"query-input":{"@type":"PropertyValueSpecification","valueRequired":true,"valueName":"search_term_string"}}],"inLanguage":"en-US"},{"@type":"Organization","@id":"https:\/\/www.champmarket.com\/#organization","name":"Champmarket","url":"https:\/\/www.champmarket.com\/","logo":{"@type":"ImageObject","inLanguage":"en-US","@id":"https:\/\/www.champmarket.com\/#\/schema\/logo\/image\/","url":"https:\/\/www.champmarket.com\/wp-content\/uploads\/2024\/08\/logo2024-1.svg","contentUrl":"https:\/\/www.champmarket.com\/wp-content\/uploads\/2024\/08\/logo2024-1.svg","width":579.8,"height":80,"caption":"Champmarket"},"image":{"@id":"https:\/\/www.champmarket.com\/#\/schema\/logo\/image\/"},"sameAs":["https:\/\/www.facebook.com\/ChampMarket\/","https:\/\/x.com\/champmarket","https:\/\/www.instagram.com\/champmarket.paris\/","https:\/\/www.pinterest.fr\/champmarketparis\/","https:\/\/www.linkedin.com\/company\/champmarket\/"]}]}},"_links":{"self":[{"href":"https:\/\/www.champmarket.com\/en\/wp-json\/wp\/v2\/product\/24797","targetHints":{"allow":["GET"]}}],"collection":[{"href":"https:\/\/www.champmarket.com\/en\/wp-json\/wp\/v2\/product"}],"about":[{"href":"https:\/\/www.champmarket.com\/en\/wp-json\/wp\/v2\/types\/product"}],"version-history":[{"count":1,"href":"https:\/\/www.champmarket.com\/en\/wp-json\/wp\/v2\/product\/24797\/revisions"}],"predecessor-version":[{"id":78746,"href":"https:\/\/www.champmarket.com\/en\/wp-json\/wp\/v2\/product\/24797\/revisions\/78746"}],"wp:featuredmedia":[{"embeddable":true,"href":"https:\/\/www.champmarket.com\/en\/wp-json\/wp\/v2\/media\/24798"}],"wp:attachment":[{"href":"https:\/\/www.champmarket.com\/en\/wp-json\/wp\/v2\/media?parent=24797"}],"wp:term":[{"taxonomy":"product_brand","embeddable":true,"href":"https:\/\/www.champmarket.com\/en\/wp-json\/wp\/v2\/product_brand?post=24797"},{"taxonomy":"product_cat","embeddable":true,"href":"https:\/\/www.champmarket.com\/en\/wp-json\/wp\/v2\/product_cat?post=24797"},{"taxonomy":"product_tag","embeddable":true,"href":"https:\/\/www.champmarket.com\/en\/wp-json\/wp\/v2\/product_tag?post=24797"}],"curies":[{"name":"wp","href":"https:\/\/api.w.org\/{rel}","templated":true}]}}