{"id":25005,"date":"2021-02-18T16:06:26","date_gmt":"2021-11-24T10:00:50","guid":{"rendered":"https:\/\/www.champmarket.com\/?post_type=product&#038;p=25005"},"modified":"2022-04-19T17:08:53","modified_gmt":"2022-04-19T15:08:53","slug":"laurent-perrier-cuvee-alexandra-rose-2004-magnum-wooden-case","status":"publish","type":"product","link":"https:\/\/www.champmarket.com\/en\/champagne\/laurent-perrier-cuvee-alexandra-rose-2004-magnum-wooden-case\/","title":{"rendered":"Laurent-Perrier Cuv\u00e9e Alexandra Ros\u00e9 2004 Magnum Wooden Case"},"content":{"rendered":"<p>Unique in its production and exceptional in its noble character, the Grande Cuv\u00e9e Alexandra Ros\u00e9 has a multiple personality, drawing its incomparable expression from the vinosity of the great Pinot Noirs of Champagne and the sharp minerality of the best Chardonnays.<\/p>\n<p>The Grande Cuv\u00e9e Alexandra Ros\u00e9 Mill\u00e9sime 2004 by Laurent-Perrier reveals both a generous and opulent character.<\/p>\n<p>The shape of the bottle is unique and worthy of the master glassmakers of the 17th century. Unique in the curve of its shoulders and the elegance of its slender swan neck, this bottle reinvents the mouth-blown bottles that contained the very first champagne wines at the court of the King of France. As for its label, inspired by the first cuv\u00e9e launched in 1982, it is adorned in powdered gold.<\/p>\n<p>Its uniquely curved and elegant bottle is housed in a luxurious wooden box, a veritable showcase for this great wine, ideal for special occasions and gifts.<\/p>\n<p>The Magnum format is a large 1.5 litres bottle, which represents 2 bottles of champagne or 12 glasses.<\/p>\n","protected":false},"excerpt":{"rendered":"<p>Created in 1987 by Bernard de Nonancourt for the wedding of his eldest daughter Alexandra, Laurent-Perrier Cuv\u00e9e Alexandra Ros\u00e9 2004 Magnum Wooden Case embodies with magnificence and lyricism the spirit of Laurent-Perrier, its panache and its excellence.<\/p>\n","protected":false},"featured_media":25007,"template":"","meta":{"_acf_changed":false},"product_brand":[],"product_cat":[3320,1733,1677,2191,2772,1696,1717,1723,1697],"product_tag":[1682,1700,1681,1701,1755,1762],"class_list":{"0":"post-25005","1":"product","2":"type-product","3":"status-publish","4":"has-post-thumbnail","6":"maisons-selection-champagne-laurent-perrier-en","7":"product_cat-all-champagnes-and-exclusive-boxes","8":"product_cat-categorie-laurent-perrier-en","9":"product_cat-grands-flacons-en","10":"product_cat-magnum-en","11":"product_cat-all-champagnes","12":"product_cat-champagne-rose-en","13":"product_cat-champagne-millesime-en","14":"product_cat-champagne-prestige-en","15":"product_cat-repas-en","16":"product_tag-pour-offrir-en","17":"product_tag-la-vie-en-rose-en","18":"product_tag-grand-flacon-en","19":"product_tag-repas-champagne-en","20":"product_tag-haute-couture-en","21":"product_tag-vintage-en","23":"first","24":"instock","25":"taxable","26":"shipping-taxable","27":"purchasable","28":"product-type-simple"},"acf":[],"yoast_head":"<!-- This site is optimized with the Yoast SEO plugin v26.4 - https:\/\/yoast.com\/wordpress\/plugins\/seo\/ -->\n<title>Laurent-Perrier Cuv\u00e9e Alexandra Ros\u00e9 2004 Magnum Wooden Case - Champmarket<\/title>\n<meta name=\"description\" content=\"Laurent-Perrier Cuv\u00e9e Alexandra Ros\u00e9 2004 Magnum Wooden Case embodies with magnificence and lyricism the spirit of Laurent-Perrier, its panache and its excellence.\" \/>\n<meta name=\"robots\" content=\"index, follow, max-snippet:-1, max-image-preview:large, max-video-preview:-1\" \/>\n<link rel=\"canonical\" href=\"https:\/\/www.champmarket.com\/en\/champagne\/laurent-perrier-cuvee-alexandra-rose-2004-magnum-wooden-case\/\" \/>\n<meta property=\"og:locale\" content=\"en_US\" \/>\n<meta property=\"og:type\" content=\"article\" \/>\n<meta property=\"og:title\" content=\"Laurent-Perrier Cuv\u00e9e Alexandra Ros\u00e9 2004 Magnum Wooden Case - Champmarket\" \/>\n<meta property=\"og:description\" content=\"Laurent-Perrier Cuv\u00e9e Alexandra Ros\u00e9 2004 Magnum Wooden Case embodies with magnificence and lyricism the spirit of Laurent-Perrier, its panache and its excellence.\" \/>\n<meta property=\"og:url\" content=\"https:\/\/www.champmarket.com\/en\/champagne\/laurent-perrier-cuvee-alexandra-rose-2004-magnum-wooden-case\/\" \/>\n<meta property=\"og:site_name\" content=\"Champmarket\" \/>\n<meta property=\"article:publisher\" content=\"https:\/\/www.facebook.com\/ChampMarket\/\" \/>\n<meta property=\"article:modified_time\" content=\"2022-04-19T15:08:53+00:00\" \/>\n<meta property=\"og:image\" content=\"https:\/\/www.champmarket.com\/wp-content\/uploads\/2021\/02\/laurent-perrier-cuvee-alexandra-2004-magnum-coffret-1024x1024.jpg\" \/>\n\t<meta property=\"og:image:width\" content=\"1024\" \/>\n\t<meta property=\"og:image:height\" content=\"1024\" \/>\n\t<meta property=\"og:image:type\" content=\"image\/jpeg\" \/>\n<meta name=\"twitter:card\" content=\"summary_large_image\" \/>\n<meta name=\"twitter:site\" content=\"@champmarket\" \/>\n<meta name=\"twitter:label1\" content=\"Est. reading time\" \/>\n\t<meta name=\"twitter:data1\" content=\"1 minute\" \/>\n<script type=\"application\/ld+json\" class=\"yoast-schema-graph\">{\"@context\":\"https:\/\/schema.org\",\"@graph\":[{\"@type\":\"WebPage\",\"@id\":\"https:\/\/www.champmarket.com\/en\/champagne\/laurent-perrier-cuvee-alexandra-rose-2004-magnum-wooden-case\/\",\"url\":\"https:\/\/www.champmarket.com\/en\/champagne\/laurent-perrier-cuvee-alexandra-rose-2004-magnum-wooden-case\/\",\"name\":\"Laurent-Perrier Cuv\u00e9e Alexandra Ros\u00e9 2004 Magnum Wooden Case - Champmarket\",\"isPartOf\":{\"@id\":\"https:\/\/www.champmarket.com\/#website\"},\"primaryImageOfPage\":{\"@id\":\"https:\/\/www.champmarket.com\/en\/champagne\/laurent-perrier-cuvee-alexandra-rose-2004-magnum-wooden-case\/#primaryimage\"},\"image\":{\"@id\":\"https:\/\/www.champmarket.com\/en\/champagne\/laurent-perrier-cuvee-alexandra-rose-2004-magnum-wooden-case\/#primaryimage\"},\"thumbnailUrl\":\"https:\/\/www.champmarket.com\/wp-content\/uploads\/2021\/02\/laurent-perrier-cuvee-alexandra-2004-magnum-coffret.webp\",\"datePublished\":\"2021-11-24T10:00:50+00:00\",\"dateModified\":\"2022-04-19T15:08:53+00:00\",\"description\":\"Laurent-Perrier Cuv\u00e9e Alexandra Ros\u00e9 2004 Magnum Wooden Case embodies with magnificence and lyricism the spirit of Laurent-Perrier, its panache and its excellence.\",\"breadcrumb\":{\"@id\":\"https:\/\/www.champmarket.com\/en\/champagne\/laurent-perrier-cuvee-alexandra-rose-2004-magnum-wooden-case\/#breadcrumb\"},\"inLanguage\":\"en-US\",\"potentialAction\":[{\"@type\":\"ReadAction\",\"target\":[\"https:\/\/www.champmarket.com\/en\/champagne\/laurent-perrier-cuvee-alexandra-rose-2004-magnum-wooden-case\/\"]}]},{\"@type\":\"ImageObject\",\"inLanguage\":\"en-US\",\"@id\":\"https:\/\/www.champmarket.com\/en\/champagne\/laurent-perrier-cuvee-alexandra-rose-2004-magnum-wooden-case\/#primaryimage\",\"url\":\"https:\/\/www.champmarket.com\/wp-content\/uploads\/2021\/02\/laurent-perrier-cuvee-alexandra-2004-magnum-coffret.webp\",\"contentUrl\":\"https:\/\/www.champmarket.com\/wp-content\/uploads\/2021\/02\/laurent-perrier-cuvee-alexandra-2004-magnum-coffret.webp\",\"width\":2000,\"height\":2000},{\"@type\":\"BreadcrumbList\",\"@id\":\"https:\/\/www.champmarket.com\/en\/champagne\/laurent-perrier-cuvee-alexandra-rose-2004-magnum-wooden-case\/#breadcrumb\",\"itemListElement\":[{\"@type\":\"ListItem\",\"position\":1,\"name\":\"Home\",\"item\":\"https:\/\/www.champmarket.com\/en\/buy-champagne-online-champmarket\/\"},{\"@type\":\"ListItem\",\"position\":2,\"name\":\"Shop\",\"item\":\"https:\/\/www.champmarket.com\/en\/shop-2\/\"},{\"@type\":\"ListItem\",\"position\":3,\"name\":\"Laurent-Perrier\",\"item\":\"https:\/\/www.champmarket.com\/en\/maisons\/selection-champagne-laurent-perrier-en\/\"},{\"@type\":\"ListItem\",\"position\":4,\"name\":\"Laurent-Perrier Cuv\u00e9e Alexandra Ros\u00e9 2004 Magnum Wooden Case\"}]},{\"@type\":\"WebSite\",\"@id\":\"https:\/\/www.champmarket.com\/#website\",\"url\":\"https:\/\/www.champmarket.com\/\",\"name\":\"Champmarket\",\"description\":\"Champagne Only ! Champmarket offers a very wide range of exceptional champagnes, the greatest brands, rare vintages, limited editions, old vintages and champagne gift ideas for any occasion.\",\"publisher\":{\"@id\":\"https:\/\/www.champmarket.com\/#organization\"},\"potentialAction\":[{\"@type\":\"SearchAction\",\"target\":{\"@type\":\"EntryPoint\",\"urlTemplate\":\"https:\/\/www.champmarket.com\/?s={search_term_string}\"},\"query-input\":{\"@type\":\"PropertyValueSpecification\",\"valueRequired\":true,\"valueName\":\"search_term_string\"}}],\"inLanguage\":\"en-US\"},{\"@type\":\"Organization\",\"@id\":\"https:\/\/www.champmarket.com\/#organization\",\"name\":\"Champmarket\",\"url\":\"https:\/\/www.champmarket.com\/\",\"logo\":{\"@type\":\"ImageObject\",\"inLanguage\":\"en-US\",\"@id\":\"https:\/\/www.champmarket.com\/#\/schema\/logo\/image\/\",\"url\":\"https:\/\/www.champmarket.com\/wp-content\/uploads\/2024\/08\/logo2024-1.svg\",\"contentUrl\":\"https:\/\/www.champmarket.com\/wp-content\/uploads\/2024\/08\/logo2024-1.svg\",\"width\":579.8,\"height\":80,\"caption\":\"Champmarket\"},\"image\":{\"@id\":\"https:\/\/www.champmarket.com\/#\/schema\/logo\/image\/\"},\"sameAs\":[\"https:\/\/www.facebook.com\/ChampMarket\/\",\"https:\/\/x.com\/champmarket\",\"https:\/\/www.instagram.com\/champmarket.paris\/\",\"https:\/\/www.pinterest.fr\/champmarketparis\/\",\"https:\/\/www.linkedin.com\/company\/champmarket\/\"]}]}<\/script>\n<!-- \/ Yoast SEO plugin. -->","yoast_head_json":{"title":"Laurent-Perrier Cuv\u00e9e Alexandra Ros\u00e9 2004 Magnum Wooden Case - Champmarket","description":"Laurent-Perrier Cuv\u00e9e Alexandra Ros\u00e9 2004 Magnum Wooden Case embodies with magnificence and lyricism the spirit of Laurent-Perrier, its panache and its excellence.","robots":{"index":"index","follow":"follow","max-snippet":"max-snippet:-1","max-image-preview":"max-image-preview:large","max-video-preview":"max-video-preview:-1"},"canonical":"https:\/\/www.champmarket.com\/en\/champagne\/laurent-perrier-cuvee-alexandra-rose-2004-magnum-wooden-case\/","og_locale":"en_US","og_type":"article","og_title":"Laurent-Perrier Cuv\u00e9e Alexandra Ros\u00e9 2004 Magnum Wooden Case - Champmarket","og_description":"Laurent-Perrier Cuv\u00e9e Alexandra Ros\u00e9 2004 Magnum Wooden Case embodies with magnificence and lyricism the spirit of Laurent-Perrier, its panache and its excellence.","og_url":"https:\/\/www.champmarket.com\/en\/champagne\/laurent-perrier-cuvee-alexandra-rose-2004-magnum-wooden-case\/","og_site_name":"Champmarket","article_publisher":"https:\/\/www.facebook.com\/ChampMarket\/","article_modified_time":"2022-04-19T15:08:53+00:00","og_image":[{"width":1024,"height":1024,"url":"https:\/\/www.champmarket.com\/wp-content\/uploads\/2021\/02\/laurent-perrier-cuvee-alexandra-2004-magnum-coffret-1024x1024.jpg","type":"image\/jpeg"}],"twitter_card":"summary_large_image","twitter_site":"@champmarket","twitter_misc":{"Est. reading time":"1 minute"},"schema":{"@context":"https:\/\/schema.org","@graph":[{"@type":"WebPage","@id":"https:\/\/www.champmarket.com\/en\/champagne\/laurent-perrier-cuvee-alexandra-rose-2004-magnum-wooden-case\/","url":"https:\/\/www.champmarket.com\/en\/champagne\/laurent-perrier-cuvee-alexandra-rose-2004-magnum-wooden-case\/","name":"Laurent-Perrier Cuv\u00e9e Alexandra Ros\u00e9 2004 Magnum Wooden Case - Champmarket","isPartOf":{"@id":"https:\/\/www.champmarket.com\/#website"},"primaryImageOfPage":{"@id":"https:\/\/www.champmarket.com\/en\/champagne\/laurent-perrier-cuvee-alexandra-rose-2004-magnum-wooden-case\/#primaryimage"},"image":{"@id":"https:\/\/www.champmarket.com\/en\/champagne\/laurent-perrier-cuvee-alexandra-rose-2004-magnum-wooden-case\/#primaryimage"},"thumbnailUrl":"https:\/\/www.champmarket.com\/wp-content\/uploads\/2021\/02\/laurent-perrier-cuvee-alexandra-2004-magnum-coffret.webp","datePublished":"2021-11-24T10:00:50+00:00","dateModified":"2022-04-19T15:08:53+00:00","description":"Laurent-Perrier Cuv\u00e9e Alexandra Ros\u00e9 2004 Magnum Wooden Case embodies with magnificence and lyricism the spirit of Laurent-Perrier, its panache and its excellence.","breadcrumb":{"@id":"https:\/\/www.champmarket.com\/en\/champagne\/laurent-perrier-cuvee-alexandra-rose-2004-magnum-wooden-case\/#breadcrumb"},"inLanguage":"en-US","potentialAction":[{"@type":"ReadAction","target":["https:\/\/www.champmarket.com\/en\/champagne\/laurent-perrier-cuvee-alexandra-rose-2004-magnum-wooden-case\/"]}]},{"@type":"ImageObject","inLanguage":"en-US","@id":"https:\/\/www.champmarket.com\/en\/champagne\/laurent-perrier-cuvee-alexandra-rose-2004-magnum-wooden-case\/#primaryimage","url":"https:\/\/www.champmarket.com\/wp-content\/uploads\/2021\/02\/laurent-perrier-cuvee-alexandra-2004-magnum-coffret.webp","contentUrl":"https:\/\/www.champmarket.com\/wp-content\/uploads\/2021\/02\/laurent-perrier-cuvee-alexandra-2004-magnum-coffret.webp","width":2000,"height":2000},{"@type":"BreadcrumbList","@id":"https:\/\/www.champmarket.com\/en\/champagne\/laurent-perrier-cuvee-alexandra-rose-2004-magnum-wooden-case\/#breadcrumb","itemListElement":[{"@type":"ListItem","position":1,"name":"Home","item":"https:\/\/www.champmarket.com\/en\/buy-champagne-online-champmarket\/"},{"@type":"ListItem","position":2,"name":"Shop","item":"https:\/\/www.champmarket.com\/en\/shop-2\/"},{"@type":"ListItem","position":3,"name":"Laurent-Perrier","item":"https:\/\/www.champmarket.com\/en\/maisons\/selection-champagne-laurent-perrier-en\/"},{"@type":"ListItem","position":4,"name":"Laurent-Perrier Cuv\u00e9e Alexandra Ros\u00e9 2004 Magnum Wooden Case"}]},{"@type":"WebSite","@id":"https:\/\/www.champmarket.com\/#website","url":"https:\/\/www.champmarket.com\/","name":"Champmarket","description":"Champagne Only ! Champmarket offers a very wide range of exceptional champagnes, the greatest brands, rare vintages, limited editions, old vintages and champagne gift ideas for any occasion.","publisher":{"@id":"https:\/\/www.champmarket.com\/#organization"},"potentialAction":[{"@type":"SearchAction","target":{"@type":"EntryPoint","urlTemplate":"https:\/\/www.champmarket.com\/?s={search_term_string}"},"query-input":{"@type":"PropertyValueSpecification","valueRequired":true,"valueName":"search_term_string"}}],"inLanguage":"en-US"},{"@type":"Organization","@id":"https:\/\/www.champmarket.com\/#organization","name":"Champmarket","url":"https:\/\/www.champmarket.com\/","logo":{"@type":"ImageObject","inLanguage":"en-US","@id":"https:\/\/www.champmarket.com\/#\/schema\/logo\/image\/","url":"https:\/\/www.champmarket.com\/wp-content\/uploads\/2024\/08\/logo2024-1.svg","contentUrl":"https:\/\/www.champmarket.com\/wp-content\/uploads\/2024\/08\/logo2024-1.svg","width":579.8,"height":80,"caption":"Champmarket"},"image":{"@id":"https:\/\/www.champmarket.com\/#\/schema\/logo\/image\/"},"sameAs":["https:\/\/www.facebook.com\/ChampMarket\/","https:\/\/x.com\/champmarket","https:\/\/www.instagram.com\/champmarket.paris\/","https:\/\/www.pinterest.fr\/champmarketparis\/","https:\/\/www.linkedin.com\/company\/champmarket\/"]}]}},"_links":{"self":[{"href":"https:\/\/www.champmarket.com\/en\/wp-json\/wp\/v2\/product\/25005","targetHints":{"allow":["GET"]}}],"collection":[{"href":"https:\/\/www.champmarket.com\/en\/wp-json\/wp\/v2\/product"}],"about":[{"href":"https:\/\/www.champmarket.com\/en\/wp-json\/wp\/v2\/types\/product"}],"version-history":[{"count":0,"href":"https:\/\/www.champmarket.com\/en\/wp-json\/wp\/v2\/product\/25005\/revisions"}],"wp:featuredmedia":[{"embeddable":true,"href":"https:\/\/www.champmarket.com\/en\/wp-json\/wp\/v2\/media\/25007"}],"wp:attachment":[{"href":"https:\/\/www.champmarket.com\/en\/wp-json\/wp\/v2\/media?parent=25005"}],"wp:term":[{"taxonomy":"product_brand","embeddable":true,"href":"https:\/\/www.champmarket.com\/en\/wp-json\/wp\/v2\/product_brand?post=25005"},{"taxonomy":"product_cat","embeddable":true,"href":"https:\/\/www.champmarket.com\/en\/wp-json\/wp\/v2\/product_cat?post=25005"},{"taxonomy":"product_tag","embeddable":true,"href":"https:\/\/www.champmarket.com\/en\/wp-json\/wp\/v2\/product_tag?post=25005"}],"curies":[{"name":"wp","href":"https:\/\/api.w.org\/{rel}","templated":true}]}}