{"id":25016,"date":"2021-02-18T16:07:35","date_gmt":"2021-11-24T10:10:38","guid":{"rendered":"https:\/\/www.champmarket.com\/?post_type=product&#038;p=25016"},"modified":"2023-07-01T00:00:15","modified_gmt":"2023-06-30T22:00:15","slug":"moet-chandon-brut-imperial-mathusalem","status":"publish","type":"product","link":"https:\/\/www.champmarket.com\/en\/champagne\/moet-chandon-brut-imperial-mathusalem\/","title":{"rendered":"Mo\u00ebt &#038; Chandon Brut Imperial Mathusalem"},"content":{"rendered":"<p>Mo\u00ebt Imp\u00e9rial Brut is distinguished by its golden colour, its bright fruitiness and its delicate palate, with notes of pear and white peach, followed by floral nuances, brioche and fresh nuts.<\/p>\n<p>The Mathusalem format is a large 6 litres bottle, which represents 8 bottles of champagne or 48 glasses. This large format is ideal for your receptions and special occasions.<\/p>\n","protected":false},"excerpt":{"rendered":"<p>Mo\u00ebt &amp; Chandon Brut Imperial Mathusalem is a vibrant and generous champagne distinguished by its bright fruitiness, its seductive palate and its elegant maturity. An emblematic cuv\u00e9e of the Mo\u00ebt &amp; Chandon Champagne House since 1869, Mo\u00ebt Imp\u00e9rial is its most accomplished and universal expression.<\/p>\n","protected":false},"featured_media":27447,"template":"","meta":{"_acf_changed":false},"product_brand":[],"product_cat":[3320,1735,1677,2192,2772,1680,1748,1749],"product_tag":[1683,1681,1684],"class_list":{"0":"post-25016","1":"product","2":"type-product","3":"status-publish","4":"has-post-thumbnail","6":"maisons-selection-champagne-moet-chandon-en","7":"product_cat-all-champagnes-and-exclusive-boxes","8":"product_cat-categorie-moet-et-chandon-en","9":"product_cat-grands-flacons-en","10":"product_cat-mathusalem-en","11":"product_cat-all-champagnes","12":"product_cat-champagne-brut-en","13":"product_cat-aperitif-en","14":"product_cat-cocktail-en","15":"product_tag-cocktail-event-en","16":"product_tag-grand-flacon-en","17":"product_tag-aperitif-en","19":"first","20":"instock","21":"sold-individually","22":"taxable","23":"shipping-taxable","24":"purchasable","25":"product-type-simple"},"acf":[],"yoast_head":"<!-- This site is optimized with the Yoast SEO plugin v26.4 - https:\/\/yoast.com\/wordpress\/plugins\/seo\/ -->\n<title>Mo\u00ebt &amp; Chandon Brut Imperial Mathusalem - Champmarket<\/title>\n<meta name=\"description\" content=\"Mo\u00ebt &amp; Chandon Brut Imperial Mathusalem is a vibrant and generous champagne distinguished by its bright fruitiness, its seductive palate and its elegant maturity.\" \/>\n<meta name=\"robots\" content=\"index, follow, max-snippet:-1, max-image-preview:large, max-video-preview:-1\" \/>\n<link rel=\"canonical\" href=\"https:\/\/www.champmarket.com\/en\/champagne\/moet-chandon-brut-imperial-mathusalem\/\" \/>\n<meta property=\"og:locale\" content=\"en_US\" \/>\n<meta property=\"og:type\" content=\"article\" \/>\n<meta property=\"og:title\" content=\"Mo\u00ebt &amp; Chandon Brut Imperial Mathusalem - Champmarket\" \/>\n<meta property=\"og:description\" content=\"Mo\u00ebt &amp; Chandon Brut Imperial Mathusalem is a vibrant and generous champagne distinguished by its bright fruitiness, its seductive palate and its elegant maturity.\" \/>\n<meta property=\"og:url\" content=\"https:\/\/www.champmarket.com\/en\/champagne\/moet-chandon-brut-imperial-mathusalem\/\" \/>\n<meta property=\"og:site_name\" content=\"Champmarket\" \/>\n<meta property=\"article:publisher\" content=\"https:\/\/www.facebook.com\/ChampMarket\/\" \/>\n<meta property=\"article:modified_time\" content=\"2023-06-30T22:00:15+00:00\" \/>\n<meta property=\"og:image\" content=\"https:\/\/www.champmarket.com\/wp-content\/uploads\/2021\/02\/moet-chandon-brut-imperial-mathusalem.jpg\" \/>\n\t<meta property=\"og:image:width\" content=\"2000\" \/>\n\t<meta property=\"og:image:height\" content=\"2000\" \/>\n\t<meta property=\"og:image:type\" content=\"image\/jpeg\" \/>\n<meta name=\"twitter:card\" content=\"summary_large_image\" \/>\n<meta name=\"twitter:site\" content=\"@champmarket\" \/>\n<meta name=\"twitter:label1\" content=\"Est. reading time\" \/>\n\t<meta name=\"twitter:data1\" content=\"1 minute\" \/>\n<script type=\"application\/ld+json\" class=\"yoast-schema-graph\">{\"@context\":\"https:\/\/schema.org\",\"@graph\":[{\"@type\":\"WebPage\",\"@id\":\"https:\/\/www.champmarket.com\/en\/champagne\/moet-chandon-brut-imperial-mathusalem\/\",\"url\":\"https:\/\/www.champmarket.com\/en\/champagne\/moet-chandon-brut-imperial-mathusalem\/\",\"name\":\"Mo\u00ebt & Chandon Brut Imperial Mathusalem - Champmarket\",\"isPartOf\":{\"@id\":\"https:\/\/www.champmarket.com\/#website\"},\"primaryImageOfPage\":{\"@id\":\"https:\/\/www.champmarket.com\/en\/champagne\/moet-chandon-brut-imperial-mathusalem\/#primaryimage\"},\"image\":{\"@id\":\"https:\/\/www.champmarket.com\/en\/champagne\/moet-chandon-brut-imperial-mathusalem\/#primaryimage\"},\"thumbnailUrl\":\"https:\/\/www.champmarket.com\/wp-content\/uploads\/2021\/02\/moet-chandon-brut-imperial-mathusalem.webp\",\"datePublished\":\"2021-11-24T10:10:38+00:00\",\"dateModified\":\"2023-06-30T22:00:15+00:00\",\"description\":\"Mo\u00ebt & Chandon Brut Imperial Mathusalem is a vibrant and generous champagne distinguished by its bright fruitiness, its seductive palate and its elegant maturity.\",\"breadcrumb\":{\"@id\":\"https:\/\/www.champmarket.com\/en\/champagne\/moet-chandon-brut-imperial-mathusalem\/#breadcrumb\"},\"inLanguage\":\"en-US\",\"potentialAction\":[{\"@type\":\"ReadAction\",\"target\":[\"https:\/\/www.champmarket.com\/en\/champagne\/moet-chandon-brut-imperial-mathusalem\/\"]}]},{\"@type\":\"ImageObject\",\"inLanguage\":\"en-US\",\"@id\":\"https:\/\/www.champmarket.com\/en\/champagne\/moet-chandon-brut-imperial-mathusalem\/#primaryimage\",\"url\":\"https:\/\/www.champmarket.com\/wp-content\/uploads\/2021\/02\/moet-chandon-brut-imperial-mathusalem.webp\",\"contentUrl\":\"https:\/\/www.champmarket.com\/wp-content\/uploads\/2021\/02\/moet-chandon-brut-imperial-mathusalem.webp\",\"width\":2000,\"height\":2000,\"caption\":\"Champagne Mo\u00ebt & Chandon Brut Imperial Mathusalem - Champmarket\"},{\"@type\":\"BreadcrumbList\",\"@id\":\"https:\/\/www.champmarket.com\/en\/champagne\/moet-chandon-brut-imperial-mathusalem\/#breadcrumb\",\"itemListElement\":[{\"@type\":\"ListItem\",\"position\":1,\"name\":\"Home\",\"item\":\"https:\/\/www.champmarket.com\/en\/buy-champagne-online-champmarket\/\"},{\"@type\":\"ListItem\",\"position\":2,\"name\":\"Shop\",\"item\":\"https:\/\/www.champmarket.com\/en\/shop-2\/\"},{\"@type\":\"ListItem\",\"position\":3,\"name\":\"Mo\u00ebt &amp; Chandon\",\"item\":\"https:\/\/www.champmarket.com\/en\/maisons\/selection-champagne-moet-chandon-en\/\"},{\"@type\":\"ListItem\",\"position\":4,\"name\":\"Mo\u00ebt &#038; Chandon Brut Imperial Mathusalem\"}]},{\"@type\":\"WebSite\",\"@id\":\"https:\/\/www.champmarket.com\/#website\",\"url\":\"https:\/\/www.champmarket.com\/\",\"name\":\"Champmarket\",\"description\":\"Champagne Only ! Champmarket offers a very wide range of exceptional champagnes, the greatest brands, rare vintages, limited editions, old vintages and champagne gift ideas for any occasion.\",\"publisher\":{\"@id\":\"https:\/\/www.champmarket.com\/#organization\"},\"potentialAction\":[{\"@type\":\"SearchAction\",\"target\":{\"@type\":\"EntryPoint\",\"urlTemplate\":\"https:\/\/www.champmarket.com\/?s={search_term_string}\"},\"query-input\":{\"@type\":\"PropertyValueSpecification\",\"valueRequired\":true,\"valueName\":\"search_term_string\"}}],\"inLanguage\":\"en-US\"},{\"@type\":\"Organization\",\"@id\":\"https:\/\/www.champmarket.com\/#organization\",\"name\":\"Champmarket\",\"url\":\"https:\/\/www.champmarket.com\/\",\"logo\":{\"@type\":\"ImageObject\",\"inLanguage\":\"en-US\",\"@id\":\"https:\/\/www.champmarket.com\/#\/schema\/logo\/image\/\",\"url\":\"https:\/\/www.champmarket.com\/wp-content\/uploads\/2024\/08\/logo2024-1.svg\",\"contentUrl\":\"https:\/\/www.champmarket.com\/wp-content\/uploads\/2024\/08\/logo2024-1.svg\",\"width\":579.8,\"height\":80,\"caption\":\"Champmarket\"},\"image\":{\"@id\":\"https:\/\/www.champmarket.com\/#\/schema\/logo\/image\/\"},\"sameAs\":[\"https:\/\/www.facebook.com\/ChampMarket\/\",\"https:\/\/x.com\/champmarket\",\"https:\/\/www.instagram.com\/champmarket.paris\/\",\"https:\/\/www.pinterest.fr\/champmarketparis\/\",\"https:\/\/www.linkedin.com\/company\/champmarket\/\"]}]}<\/script>\n<!-- \/ Yoast SEO plugin. -->","yoast_head_json":{"title":"Mo\u00ebt & Chandon Brut Imperial Mathusalem - Champmarket","description":"Mo\u00ebt & Chandon Brut Imperial Mathusalem is a vibrant and generous champagne distinguished by its bright fruitiness, its seductive palate and its elegant maturity.","robots":{"index":"index","follow":"follow","max-snippet":"max-snippet:-1","max-image-preview":"max-image-preview:large","max-video-preview":"max-video-preview:-1"},"canonical":"https:\/\/www.champmarket.com\/en\/champagne\/moet-chandon-brut-imperial-mathusalem\/","og_locale":"en_US","og_type":"article","og_title":"Mo\u00ebt & Chandon Brut Imperial Mathusalem - Champmarket","og_description":"Mo\u00ebt & Chandon Brut Imperial Mathusalem is a vibrant and generous champagne distinguished by its bright fruitiness, its seductive palate and its elegant maturity.","og_url":"https:\/\/www.champmarket.com\/en\/champagne\/moet-chandon-brut-imperial-mathusalem\/","og_site_name":"Champmarket","article_publisher":"https:\/\/www.facebook.com\/ChampMarket\/","article_modified_time":"2023-06-30T22:00:15+00:00","og_image":[{"width":2000,"height":2000,"url":"https:\/\/www.champmarket.com\/wp-content\/uploads\/2021\/02\/moet-chandon-brut-imperial-mathusalem.jpg","type":"image\/jpeg"}],"twitter_card":"summary_large_image","twitter_site":"@champmarket","twitter_misc":{"Est. reading time":"1 minute"},"schema":{"@context":"https:\/\/schema.org","@graph":[{"@type":"WebPage","@id":"https:\/\/www.champmarket.com\/en\/champagne\/moet-chandon-brut-imperial-mathusalem\/","url":"https:\/\/www.champmarket.com\/en\/champagne\/moet-chandon-brut-imperial-mathusalem\/","name":"Mo\u00ebt & Chandon Brut Imperial Mathusalem - Champmarket","isPartOf":{"@id":"https:\/\/www.champmarket.com\/#website"},"primaryImageOfPage":{"@id":"https:\/\/www.champmarket.com\/en\/champagne\/moet-chandon-brut-imperial-mathusalem\/#primaryimage"},"image":{"@id":"https:\/\/www.champmarket.com\/en\/champagne\/moet-chandon-brut-imperial-mathusalem\/#primaryimage"},"thumbnailUrl":"https:\/\/www.champmarket.com\/wp-content\/uploads\/2021\/02\/moet-chandon-brut-imperial-mathusalem.webp","datePublished":"2021-11-24T10:10:38+00:00","dateModified":"2023-06-30T22:00:15+00:00","description":"Mo\u00ebt & Chandon Brut Imperial Mathusalem is a vibrant and generous champagne distinguished by its bright fruitiness, its seductive palate and its elegant maturity.","breadcrumb":{"@id":"https:\/\/www.champmarket.com\/en\/champagne\/moet-chandon-brut-imperial-mathusalem\/#breadcrumb"},"inLanguage":"en-US","potentialAction":[{"@type":"ReadAction","target":["https:\/\/www.champmarket.com\/en\/champagne\/moet-chandon-brut-imperial-mathusalem\/"]}]},{"@type":"ImageObject","inLanguage":"en-US","@id":"https:\/\/www.champmarket.com\/en\/champagne\/moet-chandon-brut-imperial-mathusalem\/#primaryimage","url":"https:\/\/www.champmarket.com\/wp-content\/uploads\/2021\/02\/moet-chandon-brut-imperial-mathusalem.webp","contentUrl":"https:\/\/www.champmarket.com\/wp-content\/uploads\/2021\/02\/moet-chandon-brut-imperial-mathusalem.webp","width":2000,"height":2000,"caption":"Champagne Mo\u00ebt & Chandon Brut Imperial Mathusalem - Champmarket"},{"@type":"BreadcrumbList","@id":"https:\/\/www.champmarket.com\/en\/champagne\/moet-chandon-brut-imperial-mathusalem\/#breadcrumb","itemListElement":[{"@type":"ListItem","position":1,"name":"Home","item":"https:\/\/www.champmarket.com\/en\/buy-champagne-online-champmarket\/"},{"@type":"ListItem","position":2,"name":"Shop","item":"https:\/\/www.champmarket.com\/en\/shop-2\/"},{"@type":"ListItem","position":3,"name":"Mo\u00ebt &amp; Chandon","item":"https:\/\/www.champmarket.com\/en\/maisons\/selection-champagne-moet-chandon-en\/"},{"@type":"ListItem","position":4,"name":"Mo\u00ebt &#038; Chandon Brut Imperial Mathusalem"}]},{"@type":"WebSite","@id":"https:\/\/www.champmarket.com\/#website","url":"https:\/\/www.champmarket.com\/","name":"Champmarket","description":"Champagne Only ! Champmarket offers a very wide range of exceptional champagnes, the greatest brands, rare vintages, limited editions, old vintages and champagne gift ideas for any occasion.","publisher":{"@id":"https:\/\/www.champmarket.com\/#organization"},"potentialAction":[{"@type":"SearchAction","target":{"@type":"EntryPoint","urlTemplate":"https:\/\/www.champmarket.com\/?s={search_term_string}"},"query-input":{"@type":"PropertyValueSpecification","valueRequired":true,"valueName":"search_term_string"}}],"inLanguage":"en-US"},{"@type":"Organization","@id":"https:\/\/www.champmarket.com\/#organization","name":"Champmarket","url":"https:\/\/www.champmarket.com\/","logo":{"@type":"ImageObject","inLanguage":"en-US","@id":"https:\/\/www.champmarket.com\/#\/schema\/logo\/image\/","url":"https:\/\/www.champmarket.com\/wp-content\/uploads\/2024\/08\/logo2024-1.svg","contentUrl":"https:\/\/www.champmarket.com\/wp-content\/uploads\/2024\/08\/logo2024-1.svg","width":579.8,"height":80,"caption":"Champmarket"},"image":{"@id":"https:\/\/www.champmarket.com\/#\/schema\/logo\/image\/"},"sameAs":["https:\/\/www.facebook.com\/ChampMarket\/","https:\/\/x.com\/champmarket","https:\/\/www.instagram.com\/champmarket.paris\/","https:\/\/www.pinterest.fr\/champmarketparis\/","https:\/\/www.linkedin.com\/company\/champmarket\/"]}]}},"_links":{"self":[{"href":"https:\/\/www.champmarket.com\/en\/wp-json\/wp\/v2\/product\/25016","targetHints":{"allow":["GET"]}}],"collection":[{"href":"https:\/\/www.champmarket.com\/en\/wp-json\/wp\/v2\/product"}],"about":[{"href":"https:\/\/www.champmarket.com\/en\/wp-json\/wp\/v2\/types\/product"}],"version-history":[{"count":0,"href":"https:\/\/www.champmarket.com\/en\/wp-json\/wp\/v2\/product\/25016\/revisions"}],"wp:featuredmedia":[{"embeddable":true,"href":"https:\/\/www.champmarket.com\/en\/wp-json\/wp\/v2\/media\/27447"}],"wp:attachment":[{"href":"https:\/\/www.champmarket.com\/en\/wp-json\/wp\/v2\/media?parent=25016"}],"wp:term":[{"taxonomy":"product_brand","embeddable":true,"href":"https:\/\/www.champmarket.com\/en\/wp-json\/wp\/v2\/product_brand?post=25016"},{"taxonomy":"product_cat","embeddable":true,"href":"https:\/\/www.champmarket.com\/en\/wp-json\/wp\/v2\/product_cat?post=25016"},{"taxonomy":"product_tag","embeddable":true,"href":"https:\/\/www.champmarket.com\/en\/wp-json\/wp\/v2\/product_tag?post=25016"}],"curies":[{"name":"wp","href":"https:\/\/api.w.org\/{rel}","templated":true}]}}