{"id":25075,"date":"2021-02-18T16:07:54","date_gmt":"2021-11-24T10:10:58","guid":{"rendered":"https:\/\/www.champmarket.com\/?post_type=product&#038;p=25075"},"modified":"2022-05-17T11:58:05","modified_gmt":"2022-05-17T09:58:05","slug":"moet-chandon-ice-imperial-1-bottle-and-2-glasses-set","status":"publish","type":"product","link":"https:\/\/www.champmarket.com\/en\/champagne\/moet-chandon-ice-imperial-1-bottle-and-2-glasses-set\/","title":{"rendered":"Mo\u00ebt &#038; Chandon Ice Imperial 1 Bottle and 2 Glasses Set"},"content":{"rendered":"<p>Mo\u00ebt Ice Imp\u00e9rial champagne was created to be served specifically on ice. With its fruity intensity, its richness on the palate and its final freshness, Mo\u00ebt Ice Imp\u00e9rial will be your companion all summer long!<\/p>\n<p><strong><span style=\"color: #23b9f3;\">Mo\u00ebt Ice Experience :<\/span><\/strong> A simple ritual for a quality tasting. Place 3 ice cubes in a large Cabernet wine glass, pour in the Mo\u00ebt Ice champagne, wait a few moments and enjoy it ice cold!<\/p>\n","protected":false},"excerpt":{"rendered":"<p>Mo\u00ebt &amp; Chandon Ice Imperial 1 Bottle and 2 Glasses Set is perfect for your gifts or your ice tasting moments. Intense, fruity and fresh, Mo\u00ebt Ice Imp\u00e9rial offers a moment of absolute freshness! To accompany your sunny days, Mo\u00ebt &amp; Chandon renews the art of tasting with the Mo\u00ebt Ice Imp\u00e9rial champagne.<\/p>\n","protected":false},"featured_media":25076,"template":"","meta":{"_acf_changed":false},"product_brand":[],"product_cat":[1735,1695,2772,1721,1748,1749,1726],"product_tag":[1753,1682,1684],"class_list":{"0":"post-25075","1":"product","2":"type-product","3":"status-publish","4":"has-post-thumbnail","6":"maisons-selection-champagne-moet-chandon-en","7":"product_cat-categorie-moet-et-chandon-en","8":"product_cat-bouteilles-en","9":"product_cat-all-champagnes","10":"product_cat-champagne-demi-sec-en","11":"product_cat-aperitif-en","12":"product_cat-cocktail-en","13":"product_cat-experience-en","14":"product_tag-cocktail-champagne-en","15":"product_tag-pour-offrir-en","16":"product_tag-aperitif-en","18":"first","19":"onbackorder","20":"taxable","21":"shipping-taxable","22":"purchasable","23":"product-type-simple"},"acf":[],"yoast_head":"<!-- This site is optimized with the Yoast SEO plugin v26.4 - https:\/\/yoast.com\/wordpress\/plugins\/seo\/ -->\n<title>Mo\u00ebt &amp; Chandon Ice Imperial 1 Bottle and 2 Glasses Set - Champmarket<\/title>\n<meta name=\"description\" content=\"Mo\u00ebt &amp; Chandon Ice Imperial 1 Bottle and 2 Glasses Set is perfect for your gifts or your ice tasting moments.\" \/>\n<meta name=\"robots\" content=\"index, follow, max-snippet:-1, max-image-preview:large, max-video-preview:-1\" \/>\n<link rel=\"canonical\" href=\"https:\/\/www.champmarket.com\/en\/champagne\/moet-chandon-ice-imperial-1-bottle-and-2-glasses-set\/\" \/>\n<meta property=\"og:locale\" content=\"en_US\" \/>\n<meta property=\"og:type\" content=\"article\" \/>\n<meta property=\"og:title\" content=\"Mo\u00ebt &amp; Chandon Ice Imperial 1 Bottle and 2 Glasses Set - Champmarket\" \/>\n<meta property=\"og:description\" content=\"Mo\u00ebt &amp; Chandon Ice Imperial 1 Bottle and 2 Glasses Set is perfect for your gifts or your ice tasting moments.\" \/>\n<meta property=\"og:url\" content=\"https:\/\/www.champmarket.com\/en\/champagne\/moet-chandon-ice-imperial-1-bottle-and-2-glasses-set\/\" \/>\n<meta property=\"og:site_name\" content=\"Champmarket\" \/>\n<meta property=\"article:publisher\" content=\"https:\/\/www.facebook.com\/ChampMarket\/\" \/>\n<meta property=\"article:modified_time\" content=\"2022-05-17T09:58:05+00:00\" \/>\n<meta property=\"og:image\" content=\"https:\/\/www.champmarket.com\/wp-content\/uploads\/2021\/02\/moetetchandon-moet-ice-coffret-bouteille-verres.jpg\" \/>\n\t<meta property=\"og:image:width\" content=\"2000\" \/>\n\t<meta property=\"og:image:height\" content=\"2000\" \/>\n\t<meta property=\"og:image:type\" content=\"image\/jpeg\" \/>\n<meta name=\"twitter:card\" content=\"summary_large_image\" \/>\n<meta name=\"twitter:site\" content=\"@champmarket\" \/>\n<meta name=\"twitter:label1\" content=\"Est. reading time\" \/>\n\t<meta name=\"twitter:data1\" content=\"1 minute\" \/>\n<script type=\"application\/ld+json\" class=\"yoast-schema-graph\">{\"@context\":\"https:\/\/schema.org\",\"@graph\":[{\"@type\":\"WebPage\",\"@id\":\"https:\/\/www.champmarket.com\/en\/champagne\/moet-chandon-ice-imperial-1-bottle-and-2-glasses-set\/\",\"url\":\"https:\/\/www.champmarket.com\/en\/champagne\/moet-chandon-ice-imperial-1-bottle-and-2-glasses-set\/\",\"name\":\"Mo\u00ebt & Chandon Ice Imperial 1 Bottle and 2 Glasses Set - Champmarket\",\"isPartOf\":{\"@id\":\"https:\/\/www.champmarket.com\/#website\"},\"primaryImageOfPage\":{\"@id\":\"https:\/\/www.champmarket.com\/en\/champagne\/moet-chandon-ice-imperial-1-bottle-and-2-glasses-set\/#primaryimage\"},\"image\":{\"@id\":\"https:\/\/www.champmarket.com\/en\/champagne\/moet-chandon-ice-imperial-1-bottle-and-2-glasses-set\/#primaryimage\"},\"thumbnailUrl\":\"https:\/\/www.champmarket.com\/wp-content\/uploads\/2021\/02\/moetetchandon-moet-ice-coffret-bouteille-verres.webp\",\"datePublished\":\"2021-11-24T10:10:58+00:00\",\"dateModified\":\"2022-05-17T09:58:05+00:00\",\"description\":\"Mo\u00ebt & Chandon Ice Imperial 1 Bottle and 2 Glasses Set is perfect for your gifts or your ice tasting moments.\",\"breadcrumb\":{\"@id\":\"https:\/\/www.champmarket.com\/en\/champagne\/moet-chandon-ice-imperial-1-bottle-and-2-glasses-set\/#breadcrumb\"},\"inLanguage\":\"en-US\",\"potentialAction\":[{\"@type\":\"ReadAction\",\"target\":[\"https:\/\/www.champmarket.com\/en\/champagne\/moet-chandon-ice-imperial-1-bottle-and-2-glasses-set\/\"]}]},{\"@type\":\"ImageObject\",\"inLanguage\":\"en-US\",\"@id\":\"https:\/\/www.champmarket.com\/en\/champagne\/moet-chandon-ice-imperial-1-bottle-and-2-glasses-set\/#primaryimage\",\"url\":\"https:\/\/www.champmarket.com\/wp-content\/uploads\/2021\/02\/moetetchandon-moet-ice-coffret-bouteille-verres.webp\",\"contentUrl\":\"https:\/\/www.champmarket.com\/wp-content\/uploads\/2021\/02\/moetetchandon-moet-ice-coffret-bouteille-verres.webp\",\"width\":2000,\"height\":2000},{\"@type\":\"BreadcrumbList\",\"@id\":\"https:\/\/www.champmarket.com\/en\/champagne\/moet-chandon-ice-imperial-1-bottle-and-2-glasses-set\/#breadcrumb\",\"itemListElement\":[{\"@type\":\"ListItem\",\"position\":1,\"name\":\"Home\",\"item\":\"https:\/\/www.champmarket.com\/en\/buy-champagne-online-champmarket\/\"},{\"@type\":\"ListItem\",\"position\":2,\"name\":\"Shop\",\"item\":\"https:\/\/www.champmarket.com\/en\/shop-2\/\"},{\"@type\":\"ListItem\",\"position\":3,\"name\":\"Mo\u00ebt &amp; Chandon\",\"item\":\"https:\/\/www.champmarket.com\/en\/maisons\/selection-champagne-moet-chandon-en\/\"},{\"@type\":\"ListItem\",\"position\":4,\"name\":\"Mo\u00ebt &#038; Chandon Ice Imperial 1 Bottle and 2 Glasses Set\"}]},{\"@type\":\"WebSite\",\"@id\":\"https:\/\/www.champmarket.com\/#website\",\"url\":\"https:\/\/www.champmarket.com\/\",\"name\":\"Champmarket\",\"description\":\"Champagne Only ! Champmarket offers a very wide range of exceptional champagnes, the greatest brands, rare vintages, limited editions, old vintages and champagne gift ideas for any occasion.\",\"publisher\":{\"@id\":\"https:\/\/www.champmarket.com\/#organization\"},\"potentialAction\":[{\"@type\":\"SearchAction\",\"target\":{\"@type\":\"EntryPoint\",\"urlTemplate\":\"https:\/\/www.champmarket.com\/?s={search_term_string}\"},\"query-input\":{\"@type\":\"PropertyValueSpecification\",\"valueRequired\":true,\"valueName\":\"search_term_string\"}}],\"inLanguage\":\"en-US\"},{\"@type\":\"Organization\",\"@id\":\"https:\/\/www.champmarket.com\/#organization\",\"name\":\"Champmarket\",\"url\":\"https:\/\/www.champmarket.com\/\",\"logo\":{\"@type\":\"ImageObject\",\"inLanguage\":\"en-US\",\"@id\":\"https:\/\/www.champmarket.com\/#\/schema\/logo\/image\/\",\"url\":\"https:\/\/www.champmarket.com\/wp-content\/uploads\/2024\/08\/logo2024-1.svg\",\"contentUrl\":\"https:\/\/www.champmarket.com\/wp-content\/uploads\/2024\/08\/logo2024-1.svg\",\"width\":579.8,\"height\":80,\"caption\":\"Champmarket\"},\"image\":{\"@id\":\"https:\/\/www.champmarket.com\/#\/schema\/logo\/image\/\"},\"sameAs\":[\"https:\/\/www.facebook.com\/ChampMarket\/\",\"https:\/\/x.com\/champmarket\",\"https:\/\/www.instagram.com\/champmarket.paris\/\",\"https:\/\/www.pinterest.fr\/champmarketparis\/\",\"https:\/\/www.linkedin.com\/company\/champmarket\/\"]}]}<\/script>\n<!-- \/ Yoast SEO plugin. -->","yoast_head_json":{"title":"Mo\u00ebt & Chandon Ice Imperial 1 Bottle and 2 Glasses Set - Champmarket","description":"Mo\u00ebt & Chandon Ice Imperial 1 Bottle and 2 Glasses Set is perfect for your gifts or your ice tasting moments.","robots":{"index":"index","follow":"follow","max-snippet":"max-snippet:-1","max-image-preview":"max-image-preview:large","max-video-preview":"max-video-preview:-1"},"canonical":"https:\/\/www.champmarket.com\/en\/champagne\/moet-chandon-ice-imperial-1-bottle-and-2-glasses-set\/","og_locale":"en_US","og_type":"article","og_title":"Mo\u00ebt & Chandon Ice Imperial 1 Bottle and 2 Glasses Set - Champmarket","og_description":"Mo\u00ebt & Chandon Ice Imperial 1 Bottle and 2 Glasses Set is perfect for your gifts or your ice tasting moments.","og_url":"https:\/\/www.champmarket.com\/en\/champagne\/moet-chandon-ice-imperial-1-bottle-and-2-glasses-set\/","og_site_name":"Champmarket","article_publisher":"https:\/\/www.facebook.com\/ChampMarket\/","article_modified_time":"2022-05-17T09:58:05+00:00","og_image":[{"width":2000,"height":2000,"url":"https:\/\/www.champmarket.com\/wp-content\/uploads\/2021\/02\/moetetchandon-moet-ice-coffret-bouteille-verres.jpg","type":"image\/jpeg"}],"twitter_card":"summary_large_image","twitter_site":"@champmarket","twitter_misc":{"Est. reading time":"1 minute"},"schema":{"@context":"https:\/\/schema.org","@graph":[{"@type":"WebPage","@id":"https:\/\/www.champmarket.com\/en\/champagne\/moet-chandon-ice-imperial-1-bottle-and-2-glasses-set\/","url":"https:\/\/www.champmarket.com\/en\/champagne\/moet-chandon-ice-imperial-1-bottle-and-2-glasses-set\/","name":"Mo\u00ebt & Chandon Ice Imperial 1 Bottle and 2 Glasses Set - Champmarket","isPartOf":{"@id":"https:\/\/www.champmarket.com\/#website"},"primaryImageOfPage":{"@id":"https:\/\/www.champmarket.com\/en\/champagne\/moet-chandon-ice-imperial-1-bottle-and-2-glasses-set\/#primaryimage"},"image":{"@id":"https:\/\/www.champmarket.com\/en\/champagne\/moet-chandon-ice-imperial-1-bottle-and-2-glasses-set\/#primaryimage"},"thumbnailUrl":"https:\/\/www.champmarket.com\/wp-content\/uploads\/2021\/02\/moetetchandon-moet-ice-coffret-bouteille-verres.webp","datePublished":"2021-11-24T10:10:58+00:00","dateModified":"2022-05-17T09:58:05+00:00","description":"Mo\u00ebt & Chandon Ice Imperial 1 Bottle and 2 Glasses Set is perfect for your gifts or your ice tasting moments.","breadcrumb":{"@id":"https:\/\/www.champmarket.com\/en\/champagne\/moet-chandon-ice-imperial-1-bottle-and-2-glasses-set\/#breadcrumb"},"inLanguage":"en-US","potentialAction":[{"@type":"ReadAction","target":["https:\/\/www.champmarket.com\/en\/champagne\/moet-chandon-ice-imperial-1-bottle-and-2-glasses-set\/"]}]},{"@type":"ImageObject","inLanguage":"en-US","@id":"https:\/\/www.champmarket.com\/en\/champagne\/moet-chandon-ice-imperial-1-bottle-and-2-glasses-set\/#primaryimage","url":"https:\/\/www.champmarket.com\/wp-content\/uploads\/2021\/02\/moetetchandon-moet-ice-coffret-bouteille-verres.webp","contentUrl":"https:\/\/www.champmarket.com\/wp-content\/uploads\/2021\/02\/moetetchandon-moet-ice-coffret-bouteille-verres.webp","width":2000,"height":2000},{"@type":"BreadcrumbList","@id":"https:\/\/www.champmarket.com\/en\/champagne\/moet-chandon-ice-imperial-1-bottle-and-2-glasses-set\/#breadcrumb","itemListElement":[{"@type":"ListItem","position":1,"name":"Home","item":"https:\/\/www.champmarket.com\/en\/buy-champagne-online-champmarket\/"},{"@type":"ListItem","position":2,"name":"Shop","item":"https:\/\/www.champmarket.com\/en\/shop-2\/"},{"@type":"ListItem","position":3,"name":"Mo\u00ebt &amp; Chandon","item":"https:\/\/www.champmarket.com\/en\/maisons\/selection-champagne-moet-chandon-en\/"},{"@type":"ListItem","position":4,"name":"Mo\u00ebt &#038; Chandon Ice Imperial 1 Bottle and 2 Glasses Set"}]},{"@type":"WebSite","@id":"https:\/\/www.champmarket.com\/#website","url":"https:\/\/www.champmarket.com\/","name":"Champmarket","description":"Champagne Only ! Champmarket offers a very wide range of exceptional champagnes, the greatest brands, rare vintages, limited editions, old vintages and champagne gift ideas for any occasion.","publisher":{"@id":"https:\/\/www.champmarket.com\/#organization"},"potentialAction":[{"@type":"SearchAction","target":{"@type":"EntryPoint","urlTemplate":"https:\/\/www.champmarket.com\/?s={search_term_string}"},"query-input":{"@type":"PropertyValueSpecification","valueRequired":true,"valueName":"search_term_string"}}],"inLanguage":"en-US"},{"@type":"Organization","@id":"https:\/\/www.champmarket.com\/#organization","name":"Champmarket","url":"https:\/\/www.champmarket.com\/","logo":{"@type":"ImageObject","inLanguage":"en-US","@id":"https:\/\/www.champmarket.com\/#\/schema\/logo\/image\/","url":"https:\/\/www.champmarket.com\/wp-content\/uploads\/2024\/08\/logo2024-1.svg","contentUrl":"https:\/\/www.champmarket.com\/wp-content\/uploads\/2024\/08\/logo2024-1.svg","width":579.8,"height":80,"caption":"Champmarket"},"image":{"@id":"https:\/\/www.champmarket.com\/#\/schema\/logo\/image\/"},"sameAs":["https:\/\/www.facebook.com\/ChampMarket\/","https:\/\/x.com\/champmarket","https:\/\/www.instagram.com\/champmarket.paris\/","https:\/\/www.pinterest.fr\/champmarketparis\/","https:\/\/www.linkedin.com\/company\/champmarket\/"]}]}},"_links":{"self":[{"href":"https:\/\/www.champmarket.com\/en\/wp-json\/wp\/v2\/product\/25075","targetHints":{"allow":["GET"]}}],"collection":[{"href":"https:\/\/www.champmarket.com\/en\/wp-json\/wp\/v2\/product"}],"about":[{"href":"https:\/\/www.champmarket.com\/en\/wp-json\/wp\/v2\/types\/product"}],"version-history":[{"count":0,"href":"https:\/\/www.champmarket.com\/en\/wp-json\/wp\/v2\/product\/25075\/revisions"}],"wp:featuredmedia":[{"embeddable":true,"href":"https:\/\/www.champmarket.com\/en\/wp-json\/wp\/v2\/media\/25076"}],"wp:attachment":[{"href":"https:\/\/www.champmarket.com\/en\/wp-json\/wp\/v2\/media?parent=25075"}],"wp:term":[{"taxonomy":"product_brand","embeddable":true,"href":"https:\/\/www.champmarket.com\/en\/wp-json\/wp\/v2\/product_brand?post=25075"},{"taxonomy":"product_cat","embeddable":true,"href":"https:\/\/www.champmarket.com\/en\/wp-json\/wp\/v2\/product_cat?post=25075"},{"taxonomy":"product_tag","embeddable":true,"href":"https:\/\/www.champmarket.com\/en\/wp-json\/wp\/v2\/product_tag?post=25075"}],"curies":[{"name":"wp","href":"https:\/\/api.w.org\/{rel}","templated":true}]}}