{"id":26143,"date":"2021-09-14T16:53:35","date_gmt":"2021-09-14T14:53:35","guid":{"rendered":"https:\/\/www.champmarket.com\/?post_type=product&#038;p=26143"},"modified":"2025-05-26T11:45:20","modified_gmt":"2025-05-26T09:45:20","slug":"laurent-perrier-blanc-de-blancs-brut-nature-magnum-gift-box","status":"publish","type":"product","link":"https:\/\/www.champmarket.com\/en\/champagne\/laurent-perrier-blanc-de-blancs-brut-nature-magnum-gift-box\/","title":{"rendered":"Laurent-Perrier Blanc de Blancs Brut Nature Magnum Gift Box"},"content":{"rendered":"<p>Laurent-Perrier has always favoured Chardonnay as the majority grape variety in all of its cuv\u00e9es and was a precursor of the Brut Nature category as early as 1981 with the Ultra Brut cuv\u00e9e. Only the Coteaux de la Montagne de Reims and the C\u00f4te des Blancs planted with Chardonnay have been selected and picked at perfect maturity with low acidity to be used in the blend of this Blanc de Blancs.<\/p>\n<p>A perfect mastery of vinification and maturation in stainless steel tanks allows Laurent-Perrier to produce this Brut Nature champagne (no added sugar, no dosage).<\/p>\n<p>The Magnum format is a large 1.5 litres bottle, which represents 2 bottles of champagne or 12 glasses.<\/p>\n<p>Presented in a luxurious box, the Blanc de Blancs Brut Nature is ideal for your gift-giving occasions.<\/p>\n","protected":false},"excerpt":{"rendered":"<p>Laurent-Perrier Blanc de Blancs Brut Nature Magnum Gift Box is a gastronomic wine, whose freshness and acidic notes make it a perfect match for the finest dishes.<\/p>\n","protected":false},"featured_media":26791,"template":"","meta":{"_acf_changed":false},"product_brand":[],"product_cat":[3371,3320,1713,1733,1677,2191,1679,2772,1719,1723,1722,1697],"product_tag":[1714,1682,1701,1755,1699,1698],"class_list":{"0":"post-26143","1":"product","2":"type-product","3":"status-publish","4":"has-post-thumbnail","6":"maisons-selection-champagne-laurent-perrier-en","7":"product_cat-brut-nature-en","8":"product_cat-all-champagnes-and-exclusive-boxes","9":"product_cat-categorie-maisons-de-champagne-en","10":"product_cat-categorie-laurent-perrier-en","11":"product_cat-grands-flacons-en","12":"product_cat-magnum-en","13":"product_cat-cadeaux-affaires-en","14":"product_cat-all-champagnes","15":"product_cat-champagne-blanc-de-blancs-en","16":"product_cat-champagne-prestige-en","17":"product_cat-champagne-extra-brut-non-dose-en","18":"product_cat-repas-en","19":"product_tag-100-chardonnay-en","20":"product_tag-pour-offrir-en","21":"product_tag-repas-champagne-en","22":"product_tag-haute-couture-en","23":"product_tag-fruits-de-mer-en","24":"product_tag-sushis-en","26":"first","27":"instock","28":"taxable","29":"shipping-taxable","30":"purchasable","31":"product-type-simple"},"acf":[],"yoast_head":"<!-- This site is optimized with the Yoast SEO plugin v26.4 - https:\/\/yoast.com\/wordpress\/plugins\/seo\/ -->\n<title>Laurent-Perrier Blanc de Blancs Brut Nature Magnum Gift Box - Champmarket<\/title>\n<meta name=\"description\" content=\"Laurent-Perrier Blanc de Blancs Brut Nature Magnum Gift Box is a gastronomic wine, whose freshness and acidic notes make it a perfect match for the finest dishes.\" \/>\n<meta name=\"robots\" content=\"index, follow, max-snippet:-1, max-image-preview:large, max-video-preview:-1\" \/>\n<link rel=\"canonical\" href=\"https:\/\/www.champmarket.com\/en\/champagne\/laurent-perrier-blanc-de-blancs-brut-nature-magnum-gift-box\/\" \/>\n<meta property=\"og:locale\" content=\"en_US\" \/>\n<meta property=\"og:type\" content=\"article\" \/>\n<meta property=\"og:title\" content=\"Laurent-Perrier Blanc de Blancs Brut Nature Magnum Gift Box - Champmarket\" \/>\n<meta property=\"og:description\" content=\"Laurent-Perrier Blanc de Blancs Brut Nature Magnum Gift Box is a gastronomic wine, whose freshness and acidic notes make it a perfect match for the finest dishes.\" \/>\n<meta property=\"og:url\" content=\"https:\/\/www.champmarket.com\/en\/champagne\/laurent-perrier-blanc-de-blancs-brut-nature-magnum-gift-box\/\" \/>\n<meta property=\"og:site_name\" content=\"Champmarket\" \/>\n<meta property=\"article:publisher\" content=\"https:\/\/www.facebook.com\/ChampMarket\/\" \/>\n<meta property=\"article:modified_time\" content=\"2025-05-26T09:45:20+00:00\" \/>\n<meta property=\"og:image\" content=\"https:\/\/www.champmarket.com\/wp-content\/uploads\/2021\/09\/laurent-perrier-blanc-de-blancs-magnum-coffret-1.jpg\" \/>\n\t<meta property=\"og:image:width\" content=\"2000\" \/>\n\t<meta property=\"og:image:height\" content=\"2000\" \/>\n\t<meta property=\"og:image:type\" content=\"image\/jpeg\" \/>\n<meta name=\"twitter:card\" content=\"summary_large_image\" \/>\n<meta name=\"twitter:site\" content=\"@champmarket\" \/>\n<meta name=\"twitter:label1\" content=\"Est. reading time\" \/>\n\t<meta name=\"twitter:data1\" content=\"1 minute\" \/>\n<script type=\"application\/ld+json\" class=\"yoast-schema-graph\">{\"@context\":\"https:\/\/schema.org\",\"@graph\":[{\"@type\":\"WebPage\",\"@id\":\"https:\/\/www.champmarket.com\/en\/champagne\/laurent-perrier-blanc-de-blancs-brut-nature-magnum-gift-box\/\",\"url\":\"https:\/\/www.champmarket.com\/en\/champagne\/laurent-perrier-blanc-de-blancs-brut-nature-magnum-gift-box\/\",\"name\":\"Laurent-Perrier Blanc de Blancs Brut Nature Magnum Gift Box - Champmarket\",\"isPartOf\":{\"@id\":\"https:\/\/www.champmarket.com\/#website\"},\"primaryImageOfPage\":{\"@id\":\"https:\/\/www.champmarket.com\/en\/champagne\/laurent-perrier-blanc-de-blancs-brut-nature-magnum-gift-box\/#primaryimage\"},\"image\":{\"@id\":\"https:\/\/www.champmarket.com\/en\/champagne\/laurent-perrier-blanc-de-blancs-brut-nature-magnum-gift-box\/#primaryimage\"},\"thumbnailUrl\":\"https:\/\/www.champmarket.com\/wp-content\/uploads\/2021\/09\/laurent-perrier-blanc-de-blancs-magnum-coffret-1.jpg\",\"datePublished\":\"2021-09-14T14:53:35+00:00\",\"dateModified\":\"2025-05-26T09:45:20+00:00\",\"description\":\"Laurent-Perrier Blanc de Blancs Brut Nature Magnum Gift Box is a gastronomic wine, whose freshness and acidic notes make it a perfect match for the finest dishes.\",\"breadcrumb\":{\"@id\":\"https:\/\/www.champmarket.com\/en\/champagne\/laurent-perrier-blanc-de-blancs-brut-nature-magnum-gift-box\/#breadcrumb\"},\"inLanguage\":\"en-US\",\"potentialAction\":[{\"@type\":\"ReadAction\",\"target\":[\"https:\/\/www.champmarket.com\/en\/champagne\/laurent-perrier-blanc-de-blancs-brut-nature-magnum-gift-box\/\"]}]},{\"@type\":\"ImageObject\",\"inLanguage\":\"en-US\",\"@id\":\"https:\/\/www.champmarket.com\/en\/champagne\/laurent-perrier-blanc-de-blancs-brut-nature-magnum-gift-box\/#primaryimage\",\"url\":\"https:\/\/www.champmarket.com\/wp-content\/uploads\/2021\/09\/laurent-perrier-blanc-de-blancs-magnum-coffret-1.jpg\",\"contentUrl\":\"https:\/\/www.champmarket.com\/wp-content\/uploads\/2021\/09\/laurent-perrier-blanc-de-blancs-magnum-coffret-1.jpg\",\"width\":2000,\"height\":2000,\"caption\":\"Champagne Laurent-Perrier Blanc de Blancs Brut Nature Magnum Gift Box - Champmarket\"},{\"@type\":\"BreadcrumbList\",\"@id\":\"https:\/\/www.champmarket.com\/en\/champagne\/laurent-perrier-blanc-de-blancs-brut-nature-magnum-gift-box\/#breadcrumb\",\"itemListElement\":[{\"@type\":\"ListItem\",\"position\":1,\"name\":\"Home\",\"item\":\"https:\/\/www.champmarket.com\/en\/buy-champagne-online-champmarket\/\"},{\"@type\":\"ListItem\",\"position\":2,\"name\":\"Shop\",\"item\":\"https:\/\/www.champmarket.com\/en\/shop-2\/\"},{\"@type\":\"ListItem\",\"position\":3,\"name\":\"Laurent-Perrier\",\"item\":\"https:\/\/www.champmarket.com\/en\/maisons\/selection-champagne-laurent-perrier-en\/\"},{\"@type\":\"ListItem\",\"position\":4,\"name\":\"Laurent-Perrier Blanc de Blancs Brut Nature Magnum Gift Box\"}]},{\"@type\":\"WebSite\",\"@id\":\"https:\/\/www.champmarket.com\/#website\",\"url\":\"https:\/\/www.champmarket.com\/\",\"name\":\"Champmarket\",\"description\":\"Champagne Only ! Champmarket offers a very wide range of exceptional champagnes, the greatest brands, rare vintages, limited editions, old vintages and champagne gift ideas for any occasion.\",\"publisher\":{\"@id\":\"https:\/\/www.champmarket.com\/#organization\"},\"potentialAction\":[{\"@type\":\"SearchAction\",\"target\":{\"@type\":\"EntryPoint\",\"urlTemplate\":\"https:\/\/www.champmarket.com\/?s={search_term_string}\"},\"query-input\":{\"@type\":\"PropertyValueSpecification\",\"valueRequired\":true,\"valueName\":\"search_term_string\"}}],\"inLanguage\":\"en-US\"},{\"@type\":\"Organization\",\"@id\":\"https:\/\/www.champmarket.com\/#organization\",\"name\":\"Champmarket\",\"url\":\"https:\/\/www.champmarket.com\/\",\"logo\":{\"@type\":\"ImageObject\",\"inLanguage\":\"en-US\",\"@id\":\"https:\/\/www.champmarket.com\/#\/schema\/logo\/image\/\",\"url\":\"https:\/\/www.champmarket.com\/wp-content\/uploads\/2024\/08\/logo2024-1.svg\",\"contentUrl\":\"https:\/\/www.champmarket.com\/wp-content\/uploads\/2024\/08\/logo2024-1.svg\",\"width\":579.8,\"height\":80,\"caption\":\"Champmarket\"},\"image\":{\"@id\":\"https:\/\/www.champmarket.com\/#\/schema\/logo\/image\/\"},\"sameAs\":[\"https:\/\/www.facebook.com\/ChampMarket\/\",\"https:\/\/x.com\/champmarket\",\"https:\/\/www.instagram.com\/champmarket.paris\/\",\"https:\/\/www.pinterest.fr\/champmarketparis\/\",\"https:\/\/www.linkedin.com\/company\/champmarket\/\"]}]}<\/script>\n<!-- \/ Yoast SEO plugin. -->","yoast_head_json":{"title":"Laurent-Perrier Blanc de Blancs Brut Nature Magnum Gift Box - Champmarket","description":"Laurent-Perrier Blanc de Blancs Brut Nature Magnum Gift Box is a gastronomic wine, whose freshness and acidic notes make it a perfect match for the finest dishes.","robots":{"index":"index","follow":"follow","max-snippet":"max-snippet:-1","max-image-preview":"max-image-preview:large","max-video-preview":"max-video-preview:-1"},"canonical":"https:\/\/www.champmarket.com\/en\/champagne\/laurent-perrier-blanc-de-blancs-brut-nature-magnum-gift-box\/","og_locale":"en_US","og_type":"article","og_title":"Laurent-Perrier Blanc de Blancs Brut Nature Magnum Gift Box - Champmarket","og_description":"Laurent-Perrier Blanc de Blancs Brut Nature Magnum Gift Box is a gastronomic wine, whose freshness and acidic notes make it a perfect match for the finest dishes.","og_url":"https:\/\/www.champmarket.com\/en\/champagne\/laurent-perrier-blanc-de-blancs-brut-nature-magnum-gift-box\/","og_site_name":"Champmarket","article_publisher":"https:\/\/www.facebook.com\/ChampMarket\/","article_modified_time":"2025-05-26T09:45:20+00:00","og_image":[{"width":2000,"height":2000,"url":"https:\/\/www.champmarket.com\/wp-content\/uploads\/2021\/09\/laurent-perrier-blanc-de-blancs-magnum-coffret-1.jpg","type":"image\/jpeg"}],"twitter_card":"summary_large_image","twitter_site":"@champmarket","twitter_misc":{"Est. reading time":"1 minute"},"schema":{"@context":"https:\/\/schema.org","@graph":[{"@type":"WebPage","@id":"https:\/\/www.champmarket.com\/en\/champagne\/laurent-perrier-blanc-de-blancs-brut-nature-magnum-gift-box\/","url":"https:\/\/www.champmarket.com\/en\/champagne\/laurent-perrier-blanc-de-blancs-brut-nature-magnum-gift-box\/","name":"Laurent-Perrier Blanc de Blancs Brut Nature Magnum Gift Box - Champmarket","isPartOf":{"@id":"https:\/\/www.champmarket.com\/#website"},"primaryImageOfPage":{"@id":"https:\/\/www.champmarket.com\/en\/champagne\/laurent-perrier-blanc-de-blancs-brut-nature-magnum-gift-box\/#primaryimage"},"image":{"@id":"https:\/\/www.champmarket.com\/en\/champagne\/laurent-perrier-blanc-de-blancs-brut-nature-magnum-gift-box\/#primaryimage"},"thumbnailUrl":"https:\/\/www.champmarket.com\/wp-content\/uploads\/2021\/09\/laurent-perrier-blanc-de-blancs-magnum-coffret-1.jpg","datePublished":"2021-09-14T14:53:35+00:00","dateModified":"2025-05-26T09:45:20+00:00","description":"Laurent-Perrier Blanc de Blancs Brut Nature Magnum Gift Box is a gastronomic wine, whose freshness and acidic notes make it a perfect match for the finest dishes.","breadcrumb":{"@id":"https:\/\/www.champmarket.com\/en\/champagne\/laurent-perrier-blanc-de-blancs-brut-nature-magnum-gift-box\/#breadcrumb"},"inLanguage":"en-US","potentialAction":[{"@type":"ReadAction","target":["https:\/\/www.champmarket.com\/en\/champagne\/laurent-perrier-blanc-de-blancs-brut-nature-magnum-gift-box\/"]}]},{"@type":"ImageObject","inLanguage":"en-US","@id":"https:\/\/www.champmarket.com\/en\/champagne\/laurent-perrier-blanc-de-blancs-brut-nature-magnum-gift-box\/#primaryimage","url":"https:\/\/www.champmarket.com\/wp-content\/uploads\/2021\/09\/laurent-perrier-blanc-de-blancs-magnum-coffret-1.jpg","contentUrl":"https:\/\/www.champmarket.com\/wp-content\/uploads\/2021\/09\/laurent-perrier-blanc-de-blancs-magnum-coffret-1.jpg","width":2000,"height":2000,"caption":"Champagne Laurent-Perrier Blanc de Blancs Brut Nature Magnum Gift Box - Champmarket"},{"@type":"BreadcrumbList","@id":"https:\/\/www.champmarket.com\/en\/champagne\/laurent-perrier-blanc-de-blancs-brut-nature-magnum-gift-box\/#breadcrumb","itemListElement":[{"@type":"ListItem","position":1,"name":"Home","item":"https:\/\/www.champmarket.com\/en\/buy-champagne-online-champmarket\/"},{"@type":"ListItem","position":2,"name":"Shop","item":"https:\/\/www.champmarket.com\/en\/shop-2\/"},{"@type":"ListItem","position":3,"name":"Laurent-Perrier","item":"https:\/\/www.champmarket.com\/en\/maisons\/selection-champagne-laurent-perrier-en\/"},{"@type":"ListItem","position":4,"name":"Laurent-Perrier Blanc de Blancs Brut Nature Magnum Gift Box"}]},{"@type":"WebSite","@id":"https:\/\/www.champmarket.com\/#website","url":"https:\/\/www.champmarket.com\/","name":"Champmarket","description":"Champagne Only ! Champmarket offers a very wide range of exceptional champagnes, the greatest brands, rare vintages, limited editions, old vintages and champagne gift ideas for any occasion.","publisher":{"@id":"https:\/\/www.champmarket.com\/#organization"},"potentialAction":[{"@type":"SearchAction","target":{"@type":"EntryPoint","urlTemplate":"https:\/\/www.champmarket.com\/?s={search_term_string}"},"query-input":{"@type":"PropertyValueSpecification","valueRequired":true,"valueName":"search_term_string"}}],"inLanguage":"en-US"},{"@type":"Organization","@id":"https:\/\/www.champmarket.com\/#organization","name":"Champmarket","url":"https:\/\/www.champmarket.com\/","logo":{"@type":"ImageObject","inLanguage":"en-US","@id":"https:\/\/www.champmarket.com\/#\/schema\/logo\/image\/","url":"https:\/\/www.champmarket.com\/wp-content\/uploads\/2024\/08\/logo2024-1.svg","contentUrl":"https:\/\/www.champmarket.com\/wp-content\/uploads\/2024\/08\/logo2024-1.svg","width":579.8,"height":80,"caption":"Champmarket"},"image":{"@id":"https:\/\/www.champmarket.com\/#\/schema\/logo\/image\/"},"sameAs":["https:\/\/www.facebook.com\/ChampMarket\/","https:\/\/x.com\/champmarket","https:\/\/www.instagram.com\/champmarket.paris\/","https:\/\/www.pinterest.fr\/champmarketparis\/","https:\/\/www.linkedin.com\/company\/champmarket\/"]}]}},"_links":{"self":[{"href":"https:\/\/www.champmarket.com\/en\/wp-json\/wp\/v2\/product\/26143","targetHints":{"allow":["GET"]}}],"collection":[{"href":"https:\/\/www.champmarket.com\/en\/wp-json\/wp\/v2\/product"}],"about":[{"href":"https:\/\/www.champmarket.com\/en\/wp-json\/wp\/v2\/types\/product"}],"version-history":[{"count":1,"href":"https:\/\/www.champmarket.com\/en\/wp-json\/wp\/v2\/product\/26143\/revisions"}],"predecessor-version":[{"id":79559,"href":"https:\/\/www.champmarket.com\/en\/wp-json\/wp\/v2\/product\/26143\/revisions\/79559"}],"wp:featuredmedia":[{"embeddable":true,"href":"https:\/\/www.champmarket.com\/en\/wp-json\/wp\/v2\/media\/26791"}],"wp:attachment":[{"href":"https:\/\/www.champmarket.com\/en\/wp-json\/wp\/v2\/media?parent=26143"}],"wp:term":[{"taxonomy":"product_brand","embeddable":true,"href":"https:\/\/www.champmarket.com\/en\/wp-json\/wp\/v2\/product_brand?post=26143"},{"taxonomy":"product_cat","embeddable":true,"href":"https:\/\/www.champmarket.com\/en\/wp-json\/wp\/v2\/product_cat?post=26143"},{"taxonomy":"product_tag","embeddable":true,"href":"https:\/\/www.champmarket.com\/en\/wp-json\/wp\/v2\/product_tag?post=26143"}],"curies":[{"name":"wp","href":"https:\/\/api.w.org\/{rel}","templated":true}]}}