{"id":30477,"date":"2022-02-22T12:55:37","date_gmt":"2022-02-22T11:55:39","guid":{"rendered":"https:\/\/www.champmarket.com\/?post_type=product&#038;p=30477"},"modified":"2025-05-09T15:02:27","modified_gmt":"2025-05-09T13:02:27","slug":"drappier-carte-dor-coffret-tete-a-tete-bouteille-flutes","status":"publish","type":"product","link":"https:\/\/www.champmarket.com\/en\/champagne\/drappier-carte-dor-coffret-tete-a-tete-bouteille-flutes\/","title":{"rendered":"Drappier Carte d&#8217;Or Head to Head Gift Set Bottle and 2 flutes"},"content":{"rendered":"<p>With the Cuv\u00e9e Carte d&#8217;Or, the Champagne House Drappier prints its style: power, complexity and freshness. The balanced blend of Pinot Noir, Chardonnay and Pinot Meunier offers an expressive champagne with an interesting personality of its own.<\/p>\n<p>The Drappier Carte d&#8217;Or champagne expresses all the aromas of the famous black grape with white juice. It is sought after not only for its structure but also for its characteristic fine notes of red fruits with spicy undertones.<\/p>\n<p>As a gift or for a special moment, the T\u00eate \u00e0 T\u00eate box contains a bottle (0,75L) of the Carte D&#8217;Or vintage, signature of the Drappier Champagne House, as well as two crystal flutes.<\/p>\n","protected":false},"excerpt":{"rendered":"<p>The T\u00eate \u00e0 T\u00eate Carte d&#8217;Or box with two flutes is ideal to offer, or to offer oneself, a moment for two.<\/p>\n","protected":false},"featured_media":30479,"template":"","meta":{"_acf_changed":false},"product_brand":[],"product_cat":[3320,1730,1695,2772,1680,1748,1749],"product_tag":[1761,1682,1684,1756],"class_list":{"0":"post-30477","1":"product","2":"type-product","3":"status-publish","4":"has-post-thumbnail","6":"maisons-selection-champagne-drappier-en","7":"product_cat-all-champagnes-and-exclusive-boxes","8":"product_cat-categorie-drappier-en","9":"product_cat-bouteilles-en","10":"product_cat-all-champagnes","11":"product_cat-champagne-brut-en","12":"product_cat-aperitif-en","13":"product_cat-cocktail-en","14":"product_tag-tete-a-tete-en","15":"product_tag-pour-offrir-en","16":"product_tag-aperitif-en","17":"product_tag-incontournable-en","19":"first","20":"instock","21":"taxable","22":"shipping-taxable","23":"purchasable","24":"product-type-simple"},"acf":[],"yoast_head":"<!-- This site is optimized with the Yoast SEO plugin v26.4 - https:\/\/yoast.com\/wordpress\/plugins\/seo\/ -->\n<title>Drappier Carte d&#039;Or Head to Head Gift Set Bottle and 2 flutes - Champmarket<\/title>\n<meta name=\"description\" content=\"Drappier Carte d&#039;Or T\u00eate \u00e0 t\u00eate Bottle and 2 flutes set is ideal to offer, or to offer, a moment for two.\" \/>\n<meta name=\"robots\" content=\"index, follow, max-snippet:-1, max-image-preview:large, max-video-preview:-1\" \/>\n<link rel=\"canonical\" href=\"https:\/\/www.champmarket.com\/en\/champagne\/drappier-carte-dor-coffret-tete-a-tete-bouteille-flutes\/\" \/>\n<meta property=\"og:locale\" content=\"en_US\" \/>\n<meta property=\"og:type\" content=\"article\" \/>\n<meta property=\"og:title\" content=\"Drappier Carte d&#039;Or Head to Head Gift Set Bottle and 2 flutes - Champmarket\" \/>\n<meta property=\"og:description\" content=\"Drappier Carte d&#039;Or T\u00eate \u00e0 t\u00eate Bottle and 2 flutes set is ideal to offer, or to offer, a moment for two.\" \/>\n<meta property=\"og:url\" content=\"https:\/\/www.champmarket.com\/en\/champagne\/drappier-carte-dor-coffret-tete-a-tete-bouteille-flutes\/\" \/>\n<meta property=\"og:site_name\" content=\"Champmarket\" \/>\n<meta property=\"article:publisher\" content=\"https:\/\/www.facebook.com\/ChampMarket\/\" \/>\n<meta property=\"article:modified_time\" content=\"2025-05-09T13:02:27+00:00\" \/>\n<meta property=\"og:image\" content=\"https:\/\/www.champmarket.com\/wp-content\/uploads\/2022\/02\/drappier-coffret-tete-a-tete-carte-d-or.webp\" \/>\n\t<meta property=\"og:image:width\" content=\"2000\" \/>\n\t<meta property=\"og:image:height\" content=\"2000\" \/>\n\t<meta property=\"og:image:type\" content=\"image\/jpeg\" \/>\n<meta name=\"twitter:card\" content=\"summary_large_image\" \/>\n<meta name=\"twitter:site\" content=\"@champmarket\" \/>\n<meta name=\"twitter:label1\" content=\"Est. reading time\" \/>\n\t<meta name=\"twitter:data1\" content=\"1 minute\" \/>\n<script type=\"application\/ld+json\" class=\"yoast-schema-graph\">{\"@context\":\"https:\/\/schema.org\",\"@graph\":[{\"@type\":\"WebPage\",\"@id\":\"https:\/\/www.champmarket.com\/en\/champagne\/drappier-carte-dor-coffret-tete-a-tete-bouteille-flutes\/\",\"url\":\"https:\/\/www.champmarket.com\/en\/champagne\/drappier-carte-dor-coffret-tete-a-tete-bouteille-flutes\/\",\"name\":\"Drappier Carte d'Or Head to Head Gift Set Bottle and 2 flutes - Champmarket\",\"isPartOf\":{\"@id\":\"https:\/\/www.champmarket.com\/#website\"},\"primaryImageOfPage\":{\"@id\":\"https:\/\/www.champmarket.com\/en\/champagne\/drappier-carte-dor-coffret-tete-a-tete-bouteille-flutes\/#primaryimage\"},\"image\":{\"@id\":\"https:\/\/www.champmarket.com\/en\/champagne\/drappier-carte-dor-coffret-tete-a-tete-bouteille-flutes\/#primaryimage\"},\"thumbnailUrl\":\"https:\/\/www.champmarket.com\/wp-content\/uploads\/2022\/02\/drappier-coffret-tete-a-tete-carte-d-or.webp\",\"datePublished\":\"2022-02-22T11:55:39+00:00\",\"dateModified\":\"2025-05-09T13:02:27+00:00\",\"description\":\"Drappier Carte d'Or T\u00eate \u00e0 t\u00eate Bottle and 2 flutes set is ideal to offer, or to offer, a moment for two.\",\"breadcrumb\":{\"@id\":\"https:\/\/www.champmarket.com\/en\/champagne\/drappier-carte-dor-coffret-tete-a-tete-bouteille-flutes\/#breadcrumb\"},\"inLanguage\":\"en-US\",\"potentialAction\":[{\"@type\":\"ReadAction\",\"target\":[\"https:\/\/www.champmarket.com\/en\/champagne\/drappier-carte-dor-coffret-tete-a-tete-bouteille-flutes\/\"]}]},{\"@type\":\"ImageObject\",\"inLanguage\":\"en-US\",\"@id\":\"https:\/\/www.champmarket.com\/en\/champagne\/drappier-carte-dor-coffret-tete-a-tete-bouteille-flutes\/#primaryimage\",\"url\":\"https:\/\/www.champmarket.com\/wp-content\/uploads\/2022\/02\/drappier-coffret-tete-a-tete-carte-d-or.webp\",\"contentUrl\":\"https:\/\/www.champmarket.com\/wp-content\/uploads\/2022\/02\/drappier-coffret-tete-a-tete-carte-d-or.webp\",\"width\":2000,\"height\":2000,\"caption\":\"Champagne Drappier Carte d'Or Tasting Set Bottle and 2 flutes - Champmarket\"},{\"@type\":\"BreadcrumbList\",\"@id\":\"https:\/\/www.champmarket.com\/en\/champagne\/drappier-carte-dor-coffret-tete-a-tete-bouteille-flutes\/#breadcrumb\",\"itemListElement\":[{\"@type\":\"ListItem\",\"position\":1,\"name\":\"Home\",\"item\":\"https:\/\/www.champmarket.com\/en\/buy-champagne-online-champmarket\/\"},{\"@type\":\"ListItem\",\"position\":2,\"name\":\"Shop\",\"item\":\"https:\/\/www.champmarket.com\/en\/shop-2\/\"},{\"@type\":\"ListItem\",\"position\":3,\"name\":\"Drappier\",\"item\":\"https:\/\/www.champmarket.com\/en\/maisons\/selection-champagne-drappier-en\/\"},{\"@type\":\"ListItem\",\"position\":4,\"name\":\"Drappier Carte d&#8217;Or Head to Head Gift Set Bottle and 2 flutes\"}]},{\"@type\":\"WebSite\",\"@id\":\"https:\/\/www.champmarket.com\/#website\",\"url\":\"https:\/\/www.champmarket.com\/\",\"name\":\"Champmarket\",\"description\":\"Champagne Only ! Champmarket offers a very wide range of exceptional champagnes, the greatest brands, rare vintages, limited editions, old vintages and champagne gift ideas for any occasion.\",\"publisher\":{\"@id\":\"https:\/\/www.champmarket.com\/#organization\"},\"potentialAction\":[{\"@type\":\"SearchAction\",\"target\":{\"@type\":\"EntryPoint\",\"urlTemplate\":\"https:\/\/www.champmarket.com\/?s={search_term_string}\"},\"query-input\":{\"@type\":\"PropertyValueSpecification\",\"valueRequired\":true,\"valueName\":\"search_term_string\"}}],\"inLanguage\":\"en-US\"},{\"@type\":\"Organization\",\"@id\":\"https:\/\/www.champmarket.com\/#organization\",\"name\":\"Champmarket\",\"url\":\"https:\/\/www.champmarket.com\/\",\"logo\":{\"@type\":\"ImageObject\",\"inLanguage\":\"en-US\",\"@id\":\"https:\/\/www.champmarket.com\/#\/schema\/logo\/image\/\",\"url\":\"https:\/\/www.champmarket.com\/wp-content\/uploads\/2024\/08\/logo2024-1.svg\",\"contentUrl\":\"https:\/\/www.champmarket.com\/wp-content\/uploads\/2024\/08\/logo2024-1.svg\",\"width\":579.8,\"height\":80,\"caption\":\"Champmarket\"},\"image\":{\"@id\":\"https:\/\/www.champmarket.com\/#\/schema\/logo\/image\/\"},\"sameAs\":[\"https:\/\/www.facebook.com\/ChampMarket\/\",\"https:\/\/x.com\/champmarket\",\"https:\/\/www.instagram.com\/champmarket.paris\/\",\"https:\/\/www.pinterest.fr\/champmarketparis\/\",\"https:\/\/www.linkedin.com\/company\/champmarket\/\"]}]}<\/script>\n<!-- \/ Yoast SEO plugin. -->","yoast_head_json":{"title":"Drappier Carte d'Or Head to Head Gift Set Bottle and 2 flutes - Champmarket","description":"Drappier Carte d'Or T\u00eate \u00e0 t\u00eate Bottle and 2 flutes set is ideal to offer, or to offer, a moment for two.","robots":{"index":"index","follow":"follow","max-snippet":"max-snippet:-1","max-image-preview":"max-image-preview:large","max-video-preview":"max-video-preview:-1"},"canonical":"https:\/\/www.champmarket.com\/en\/champagne\/drappier-carte-dor-coffret-tete-a-tete-bouteille-flutes\/","og_locale":"en_US","og_type":"article","og_title":"Drappier Carte d'Or Head to Head Gift Set Bottle and 2 flutes - Champmarket","og_description":"Drappier Carte d'Or T\u00eate \u00e0 t\u00eate Bottle and 2 flutes set is ideal to offer, or to offer, a moment for two.","og_url":"https:\/\/www.champmarket.com\/en\/champagne\/drappier-carte-dor-coffret-tete-a-tete-bouteille-flutes\/","og_site_name":"Champmarket","article_publisher":"https:\/\/www.facebook.com\/ChampMarket\/","article_modified_time":"2025-05-09T13:02:27+00:00","og_image":[{"width":2000,"height":2000,"url":"https:\/\/www.champmarket.com\/wp-content\/uploads\/2022\/02\/drappier-coffret-tete-a-tete-carte-d-or.webp","type":"image\/jpeg"}],"twitter_card":"summary_large_image","twitter_site":"@champmarket","twitter_misc":{"Est. reading time":"1 minute"},"schema":{"@context":"https:\/\/schema.org","@graph":[{"@type":"WebPage","@id":"https:\/\/www.champmarket.com\/en\/champagne\/drappier-carte-dor-coffret-tete-a-tete-bouteille-flutes\/","url":"https:\/\/www.champmarket.com\/en\/champagne\/drappier-carte-dor-coffret-tete-a-tete-bouteille-flutes\/","name":"Drappier Carte d'Or Head to Head Gift Set Bottle and 2 flutes - Champmarket","isPartOf":{"@id":"https:\/\/www.champmarket.com\/#website"},"primaryImageOfPage":{"@id":"https:\/\/www.champmarket.com\/en\/champagne\/drappier-carte-dor-coffret-tete-a-tete-bouteille-flutes\/#primaryimage"},"image":{"@id":"https:\/\/www.champmarket.com\/en\/champagne\/drappier-carte-dor-coffret-tete-a-tete-bouteille-flutes\/#primaryimage"},"thumbnailUrl":"https:\/\/www.champmarket.com\/wp-content\/uploads\/2022\/02\/drappier-coffret-tete-a-tete-carte-d-or.webp","datePublished":"2022-02-22T11:55:39+00:00","dateModified":"2025-05-09T13:02:27+00:00","description":"Drappier Carte d'Or T\u00eate \u00e0 t\u00eate Bottle and 2 flutes set is ideal to offer, or to offer, a moment for two.","breadcrumb":{"@id":"https:\/\/www.champmarket.com\/en\/champagne\/drappier-carte-dor-coffret-tete-a-tete-bouteille-flutes\/#breadcrumb"},"inLanguage":"en-US","potentialAction":[{"@type":"ReadAction","target":["https:\/\/www.champmarket.com\/en\/champagne\/drappier-carte-dor-coffret-tete-a-tete-bouteille-flutes\/"]}]},{"@type":"ImageObject","inLanguage":"en-US","@id":"https:\/\/www.champmarket.com\/en\/champagne\/drappier-carte-dor-coffret-tete-a-tete-bouteille-flutes\/#primaryimage","url":"https:\/\/www.champmarket.com\/wp-content\/uploads\/2022\/02\/drappier-coffret-tete-a-tete-carte-d-or.webp","contentUrl":"https:\/\/www.champmarket.com\/wp-content\/uploads\/2022\/02\/drappier-coffret-tete-a-tete-carte-d-or.webp","width":2000,"height":2000,"caption":"Champagne Drappier Carte d'Or Tasting Set Bottle and 2 flutes - Champmarket"},{"@type":"BreadcrumbList","@id":"https:\/\/www.champmarket.com\/en\/champagne\/drappier-carte-dor-coffret-tete-a-tete-bouteille-flutes\/#breadcrumb","itemListElement":[{"@type":"ListItem","position":1,"name":"Home","item":"https:\/\/www.champmarket.com\/en\/buy-champagne-online-champmarket\/"},{"@type":"ListItem","position":2,"name":"Shop","item":"https:\/\/www.champmarket.com\/en\/shop-2\/"},{"@type":"ListItem","position":3,"name":"Drappier","item":"https:\/\/www.champmarket.com\/en\/maisons\/selection-champagne-drappier-en\/"},{"@type":"ListItem","position":4,"name":"Drappier Carte d&#8217;Or Head to Head Gift Set Bottle and 2 flutes"}]},{"@type":"WebSite","@id":"https:\/\/www.champmarket.com\/#website","url":"https:\/\/www.champmarket.com\/","name":"Champmarket","description":"Champagne Only ! Champmarket offers a very wide range of exceptional champagnes, the greatest brands, rare vintages, limited editions, old vintages and champagne gift ideas for any occasion.","publisher":{"@id":"https:\/\/www.champmarket.com\/#organization"},"potentialAction":[{"@type":"SearchAction","target":{"@type":"EntryPoint","urlTemplate":"https:\/\/www.champmarket.com\/?s={search_term_string}"},"query-input":{"@type":"PropertyValueSpecification","valueRequired":true,"valueName":"search_term_string"}}],"inLanguage":"en-US"},{"@type":"Organization","@id":"https:\/\/www.champmarket.com\/#organization","name":"Champmarket","url":"https:\/\/www.champmarket.com\/","logo":{"@type":"ImageObject","inLanguage":"en-US","@id":"https:\/\/www.champmarket.com\/#\/schema\/logo\/image\/","url":"https:\/\/www.champmarket.com\/wp-content\/uploads\/2024\/08\/logo2024-1.svg","contentUrl":"https:\/\/www.champmarket.com\/wp-content\/uploads\/2024\/08\/logo2024-1.svg","width":579.8,"height":80,"caption":"Champmarket"},"image":{"@id":"https:\/\/www.champmarket.com\/#\/schema\/logo\/image\/"},"sameAs":["https:\/\/www.facebook.com\/ChampMarket\/","https:\/\/x.com\/champmarket","https:\/\/www.instagram.com\/champmarket.paris\/","https:\/\/www.pinterest.fr\/champmarketparis\/","https:\/\/www.linkedin.com\/company\/champmarket\/"]}]}},"_links":{"self":[{"href":"https:\/\/www.champmarket.com\/en\/wp-json\/wp\/v2\/product\/30477","targetHints":{"allow":["GET"]}}],"collection":[{"href":"https:\/\/www.champmarket.com\/en\/wp-json\/wp\/v2\/product"}],"about":[{"href":"https:\/\/www.champmarket.com\/en\/wp-json\/wp\/v2\/types\/product"}],"version-history":[{"count":1,"href":"https:\/\/www.champmarket.com\/en\/wp-json\/wp\/v2\/product\/30477\/revisions"}],"predecessor-version":[{"id":78734,"href":"https:\/\/www.champmarket.com\/en\/wp-json\/wp\/v2\/product\/30477\/revisions\/78734"}],"wp:featuredmedia":[{"embeddable":true,"href":"https:\/\/www.champmarket.com\/en\/wp-json\/wp\/v2\/media\/30479"}],"wp:attachment":[{"href":"https:\/\/www.champmarket.com\/en\/wp-json\/wp\/v2\/media?parent=30477"}],"wp:term":[{"taxonomy":"product_brand","embeddable":true,"href":"https:\/\/www.champmarket.com\/en\/wp-json\/wp\/v2\/product_brand?post=30477"},{"taxonomy":"product_cat","embeddable":true,"href":"https:\/\/www.champmarket.com\/en\/wp-json\/wp\/v2\/product_cat?post=30477"},{"taxonomy":"product_tag","embeddable":true,"href":"https:\/\/www.champmarket.com\/en\/wp-json\/wp\/v2\/product_tag?post=30477"}],"curies":[{"name":"wp","href":"https:\/\/api.w.org\/{rel}","templated":true}]}}