{"id":30972,"date":"2022-03-22T10:36:12","date_gmt":"2022-03-22T09:36:12","guid":{"rendered":"https:\/\/www.champmarket.com\/?post_type=product&#038;p=30972"},"modified":"2025-04-29T17:00:43","modified_gmt":"2025-04-29T15:00:43","slug":"armand-de-brignac-rose-bottle-with-pouch","status":"publish","type":"product","link":"https:\/\/www.champmarket.com\/en\/champagne\/armand-de-brignac-rose-bottle-with-pouch\/","title":{"rendered":"Armand de Brignac Brut Ros\u00e9 Bottle with pouch"},"content":{"rendered":"<p class=\"p2\">Champagne Armand de Brignac Brut Ros\u00e9 with pouch is made with Pinot Noir grapes from old vines planted on the Montagne de Reims, which produce grapes of powerful aromatic intensity. The resulting cuv\u00e9e offers lively and fresh touches of red fruits, complemented by aromas of cookies.<\/p>\n<p>Presented in a satin fabric pouch, this exceptional champagne is ideal for all your special occasions and gifts.<\/p>\n","protected":false},"excerpt":{"rendered":"<p>Armand de Brignac Brut Ros\u00e9 Champagne with pouch is a prestige cuv\u00e9e, made to enhance the moment. For yourself or as a gift, its elegant pouch is perfect for any occasion. <\/p>\n","protected":false},"featured_media":30308,"template":"","meta":{"_acf_changed":false},"product_brand":[],"product_cat":[3320,2186,1695,2772,1696,1723,1750,1748,1749],"product_tag":[1682,1700,1701,1755,1684,1756],"class_list":{"0":"post-30972","1":"product","2":"type-product","3":"status-publish","4":"has-post-thumbnail","6":"maisons-selection-champagne-armand-de-brignac-en","7":"product_cat-all-champagnes-and-exclusive-boxes","8":"product_cat-categorie-armand-de-brignac-en","9":"product_cat-bouteilles-en","10":"product_cat-all-champagnes","11":"product_cat-champagne-rose-en","12":"product_cat-champagne-prestige-en","13":"product_cat-dessert-en","14":"product_cat-aperitif-en","15":"product_cat-cocktail-en","16":"product_tag-pour-offrir-en","17":"product_tag-la-vie-en-rose-en","18":"product_tag-repas-champagne-en","19":"product_tag-haute-couture-en","20":"product_tag-aperitif-en","21":"product_tag-incontournable-en","23":"first","24":"instock","25":"taxable","26":"shipping-taxable","27":"purchasable","28":"product-type-simple"},"acf":[],"yoast_head":"<!-- This site is optimized with the Yoast SEO plugin v26.4 - https:\/\/yoast.com\/wordpress\/plugins\/seo\/ -->\n<title>Armand de Brignac Brut Ros\u00e9 Bottle with pouch - Champmarket<\/title>\n<meta name=\"description\" content=\"Champagne Armand de Brignac Brut Ros\u00e9 with pouch is a prestige cuv\u00e9e, made to enhance the moment. For yourself or as a gift, its elegant pouch is perfect for any occasion.\" \/>\n<meta name=\"robots\" content=\"index, follow, max-snippet:-1, max-image-preview:large, max-video-preview:-1\" \/>\n<link rel=\"canonical\" href=\"https:\/\/www.champmarket.com\/en\/champagne\/armand-de-brignac-rose-bottle-with-pouch\/\" \/>\n<meta property=\"og:locale\" content=\"en_US\" \/>\n<meta property=\"og:type\" content=\"article\" \/>\n<meta property=\"og:title\" content=\"Armand de Brignac Brut Ros\u00e9 Bottle with pouch - Champmarket\" \/>\n<meta property=\"og:description\" content=\"Champagne Armand de Brignac Brut Ros\u00e9 with pouch is a prestige cuv\u00e9e, made to enhance the moment. For yourself or as a gift, its elegant pouch is perfect for any occasion.\" \/>\n<meta property=\"og:url\" content=\"https:\/\/www.champmarket.com\/en\/champagne\/armand-de-brignac-rose-bottle-with-pouch\/\" \/>\n<meta property=\"og:site_name\" content=\"Champmarket\" \/>\n<meta property=\"article:publisher\" content=\"https:\/\/www.facebook.com\/ChampMarket\/\" \/>\n<meta property=\"article:modified_time\" content=\"2025-04-29T15:00:43+00:00\" \/>\n<meta property=\"og:image\" content=\"https:\/\/www.champmarket.com\/wp-content\/uploads\/2022\/02\/armand-de-brignac-rose-bouteille-pochon.webp\" \/>\n\t<meta property=\"og:image:width\" content=\"2000\" \/>\n\t<meta property=\"og:image:height\" content=\"2000\" \/>\n\t<meta property=\"og:image:type\" content=\"image\/jpeg\" \/>\n<meta name=\"twitter:card\" content=\"summary_large_image\" \/>\n<meta name=\"twitter:site\" content=\"@champmarket\" \/>\n<meta name=\"twitter:label1\" content=\"Est. reading time\" \/>\n\t<meta name=\"twitter:data1\" content=\"1 minute\" \/>\n<script type=\"application\/ld+json\" class=\"yoast-schema-graph\">{\"@context\":\"https:\/\/schema.org\",\"@graph\":[{\"@type\":\"WebPage\",\"@id\":\"https:\/\/www.champmarket.com\/en\/champagne\/armand-de-brignac-rose-bottle-with-pouch\/\",\"url\":\"https:\/\/www.champmarket.com\/en\/champagne\/armand-de-brignac-rose-bottle-with-pouch\/\",\"name\":\"Armand de Brignac Brut Ros\u00e9 Bottle with pouch - Champmarket\",\"isPartOf\":{\"@id\":\"https:\/\/www.champmarket.com\/#website\"},\"primaryImageOfPage\":{\"@id\":\"https:\/\/www.champmarket.com\/en\/champagne\/armand-de-brignac-rose-bottle-with-pouch\/#primaryimage\"},\"image\":{\"@id\":\"https:\/\/www.champmarket.com\/en\/champagne\/armand-de-brignac-rose-bottle-with-pouch\/#primaryimage\"},\"thumbnailUrl\":\"https:\/\/www.champmarket.com\/wp-content\/uploads\/2022\/02\/armand-de-brignac-rose-bouteille-pochon.webp\",\"datePublished\":\"2022-03-22T09:36:12+00:00\",\"dateModified\":\"2025-04-29T15:00:43+00:00\",\"description\":\"Champagne Armand de Brignac Brut Ros\u00e9 with pouch is a prestige cuv\u00e9e, made to enhance the moment. For yourself or as a gift, its elegant pouch is perfect for any occasion.\",\"breadcrumb\":{\"@id\":\"https:\/\/www.champmarket.com\/en\/champagne\/armand-de-brignac-rose-bottle-with-pouch\/#breadcrumb\"},\"inLanguage\":\"en-US\",\"potentialAction\":[{\"@type\":\"ReadAction\",\"target\":[\"https:\/\/www.champmarket.com\/en\/champagne\/armand-de-brignac-rose-bottle-with-pouch\/\"]}]},{\"@type\":\"ImageObject\",\"inLanguage\":\"en-US\",\"@id\":\"https:\/\/www.champmarket.com\/en\/champagne\/armand-de-brignac-rose-bottle-with-pouch\/#primaryimage\",\"url\":\"https:\/\/www.champmarket.com\/wp-content\/uploads\/2022\/02\/armand-de-brignac-rose-bouteille-pochon.webp\",\"contentUrl\":\"https:\/\/www.champmarket.com\/wp-content\/uploads\/2022\/02\/armand-de-brignac-rose-bouteille-pochon.webp\",\"width\":2000,\"height\":2000,\"caption\":\"Armand de Brignac Champagne Ros\u00e9 Bottle with pouch - Champmarket\"},{\"@type\":\"BreadcrumbList\",\"@id\":\"https:\/\/www.champmarket.com\/en\/champagne\/armand-de-brignac-rose-bottle-with-pouch\/#breadcrumb\",\"itemListElement\":[{\"@type\":\"ListItem\",\"position\":1,\"name\":\"Home\",\"item\":\"https:\/\/www.champmarket.com\/en\/buy-champagne-online-champmarket\/\"},{\"@type\":\"ListItem\",\"position\":2,\"name\":\"Shop\",\"item\":\"https:\/\/www.champmarket.com\/en\/shop-2\/\"},{\"@type\":\"ListItem\",\"position\":3,\"name\":\"Armand de Brignac\",\"item\":\"https:\/\/www.champmarket.com\/en\/maisons\/selection-champagne-armand-de-brignac-en\/\"},{\"@type\":\"ListItem\",\"position\":4,\"name\":\"Armand de Brignac Brut Ros\u00e9 Bottle with pouch\"}]},{\"@type\":\"WebSite\",\"@id\":\"https:\/\/www.champmarket.com\/#website\",\"url\":\"https:\/\/www.champmarket.com\/\",\"name\":\"Champmarket\",\"description\":\"Champagne Only ! Champmarket offers a very wide range of exceptional champagnes, the greatest brands, rare vintages, limited editions, old vintages and champagne gift ideas for any occasion.\",\"publisher\":{\"@id\":\"https:\/\/www.champmarket.com\/#organization\"},\"potentialAction\":[{\"@type\":\"SearchAction\",\"target\":{\"@type\":\"EntryPoint\",\"urlTemplate\":\"https:\/\/www.champmarket.com\/?s={search_term_string}\"},\"query-input\":{\"@type\":\"PropertyValueSpecification\",\"valueRequired\":true,\"valueName\":\"search_term_string\"}}],\"inLanguage\":\"en-US\"},{\"@type\":\"Organization\",\"@id\":\"https:\/\/www.champmarket.com\/#organization\",\"name\":\"Champmarket\",\"url\":\"https:\/\/www.champmarket.com\/\",\"logo\":{\"@type\":\"ImageObject\",\"inLanguage\":\"en-US\",\"@id\":\"https:\/\/www.champmarket.com\/#\/schema\/logo\/image\/\",\"url\":\"https:\/\/www.champmarket.com\/wp-content\/uploads\/2024\/08\/logo2024-1.svg\",\"contentUrl\":\"https:\/\/www.champmarket.com\/wp-content\/uploads\/2024\/08\/logo2024-1.svg\",\"width\":579.8,\"height\":80,\"caption\":\"Champmarket\"},\"image\":{\"@id\":\"https:\/\/www.champmarket.com\/#\/schema\/logo\/image\/\"},\"sameAs\":[\"https:\/\/www.facebook.com\/ChampMarket\/\",\"https:\/\/x.com\/champmarket\",\"https:\/\/www.instagram.com\/champmarket.paris\/\",\"https:\/\/www.pinterest.fr\/champmarketparis\/\",\"https:\/\/www.linkedin.com\/company\/champmarket\/\"]}]}<\/script>\n<!-- \/ Yoast SEO plugin. -->","yoast_head_json":{"title":"Armand de Brignac Brut Ros\u00e9 Bottle with pouch - Champmarket","description":"Champagne Armand de Brignac Brut Ros\u00e9 with pouch is a prestige cuv\u00e9e, made to enhance the moment. For yourself or as a gift, its elegant pouch is perfect for any occasion.","robots":{"index":"index","follow":"follow","max-snippet":"max-snippet:-1","max-image-preview":"max-image-preview:large","max-video-preview":"max-video-preview:-1"},"canonical":"https:\/\/www.champmarket.com\/en\/champagne\/armand-de-brignac-rose-bottle-with-pouch\/","og_locale":"en_US","og_type":"article","og_title":"Armand de Brignac Brut Ros\u00e9 Bottle with pouch - Champmarket","og_description":"Champagne Armand de Brignac Brut Ros\u00e9 with pouch is a prestige cuv\u00e9e, made to enhance the moment. For yourself or as a gift, its elegant pouch is perfect for any occasion.","og_url":"https:\/\/www.champmarket.com\/en\/champagne\/armand-de-brignac-rose-bottle-with-pouch\/","og_site_name":"Champmarket","article_publisher":"https:\/\/www.facebook.com\/ChampMarket\/","article_modified_time":"2025-04-29T15:00:43+00:00","og_image":[{"width":2000,"height":2000,"url":"https:\/\/www.champmarket.com\/wp-content\/uploads\/2022\/02\/armand-de-brignac-rose-bouteille-pochon.webp","type":"image\/jpeg"}],"twitter_card":"summary_large_image","twitter_site":"@champmarket","twitter_misc":{"Est. reading time":"1 minute"},"schema":{"@context":"https:\/\/schema.org","@graph":[{"@type":"WebPage","@id":"https:\/\/www.champmarket.com\/en\/champagne\/armand-de-brignac-rose-bottle-with-pouch\/","url":"https:\/\/www.champmarket.com\/en\/champagne\/armand-de-brignac-rose-bottle-with-pouch\/","name":"Armand de Brignac Brut Ros\u00e9 Bottle with pouch - Champmarket","isPartOf":{"@id":"https:\/\/www.champmarket.com\/#website"},"primaryImageOfPage":{"@id":"https:\/\/www.champmarket.com\/en\/champagne\/armand-de-brignac-rose-bottle-with-pouch\/#primaryimage"},"image":{"@id":"https:\/\/www.champmarket.com\/en\/champagne\/armand-de-brignac-rose-bottle-with-pouch\/#primaryimage"},"thumbnailUrl":"https:\/\/www.champmarket.com\/wp-content\/uploads\/2022\/02\/armand-de-brignac-rose-bouteille-pochon.webp","datePublished":"2022-03-22T09:36:12+00:00","dateModified":"2025-04-29T15:00:43+00:00","description":"Champagne Armand de Brignac Brut Ros\u00e9 with pouch is a prestige cuv\u00e9e, made to enhance the moment. For yourself or as a gift, its elegant pouch is perfect for any occasion.","breadcrumb":{"@id":"https:\/\/www.champmarket.com\/en\/champagne\/armand-de-brignac-rose-bottle-with-pouch\/#breadcrumb"},"inLanguage":"en-US","potentialAction":[{"@type":"ReadAction","target":["https:\/\/www.champmarket.com\/en\/champagne\/armand-de-brignac-rose-bottle-with-pouch\/"]}]},{"@type":"ImageObject","inLanguage":"en-US","@id":"https:\/\/www.champmarket.com\/en\/champagne\/armand-de-brignac-rose-bottle-with-pouch\/#primaryimage","url":"https:\/\/www.champmarket.com\/wp-content\/uploads\/2022\/02\/armand-de-brignac-rose-bouteille-pochon.webp","contentUrl":"https:\/\/www.champmarket.com\/wp-content\/uploads\/2022\/02\/armand-de-brignac-rose-bouteille-pochon.webp","width":2000,"height":2000,"caption":"Armand de Brignac Champagne Ros\u00e9 Bottle with pouch - Champmarket"},{"@type":"BreadcrumbList","@id":"https:\/\/www.champmarket.com\/en\/champagne\/armand-de-brignac-rose-bottle-with-pouch\/#breadcrumb","itemListElement":[{"@type":"ListItem","position":1,"name":"Home","item":"https:\/\/www.champmarket.com\/en\/buy-champagne-online-champmarket\/"},{"@type":"ListItem","position":2,"name":"Shop","item":"https:\/\/www.champmarket.com\/en\/shop-2\/"},{"@type":"ListItem","position":3,"name":"Armand de Brignac","item":"https:\/\/www.champmarket.com\/en\/maisons\/selection-champagne-armand-de-brignac-en\/"},{"@type":"ListItem","position":4,"name":"Armand de Brignac Brut Ros\u00e9 Bottle with pouch"}]},{"@type":"WebSite","@id":"https:\/\/www.champmarket.com\/#website","url":"https:\/\/www.champmarket.com\/","name":"Champmarket","description":"Champagne Only ! Champmarket offers a very wide range of exceptional champagnes, the greatest brands, rare vintages, limited editions, old vintages and champagne gift ideas for any occasion.","publisher":{"@id":"https:\/\/www.champmarket.com\/#organization"},"potentialAction":[{"@type":"SearchAction","target":{"@type":"EntryPoint","urlTemplate":"https:\/\/www.champmarket.com\/?s={search_term_string}"},"query-input":{"@type":"PropertyValueSpecification","valueRequired":true,"valueName":"search_term_string"}}],"inLanguage":"en-US"},{"@type":"Organization","@id":"https:\/\/www.champmarket.com\/#organization","name":"Champmarket","url":"https:\/\/www.champmarket.com\/","logo":{"@type":"ImageObject","inLanguage":"en-US","@id":"https:\/\/www.champmarket.com\/#\/schema\/logo\/image\/","url":"https:\/\/www.champmarket.com\/wp-content\/uploads\/2024\/08\/logo2024-1.svg","contentUrl":"https:\/\/www.champmarket.com\/wp-content\/uploads\/2024\/08\/logo2024-1.svg","width":579.8,"height":80,"caption":"Champmarket"},"image":{"@id":"https:\/\/www.champmarket.com\/#\/schema\/logo\/image\/"},"sameAs":["https:\/\/www.facebook.com\/ChampMarket\/","https:\/\/x.com\/champmarket","https:\/\/www.instagram.com\/champmarket.paris\/","https:\/\/www.pinterest.fr\/champmarketparis\/","https:\/\/www.linkedin.com\/company\/champmarket\/"]}]}},"_links":{"self":[{"href":"https:\/\/www.champmarket.com\/en\/wp-json\/wp\/v2\/product\/30972","targetHints":{"allow":["GET"]}}],"collection":[{"href":"https:\/\/www.champmarket.com\/en\/wp-json\/wp\/v2\/product"}],"about":[{"href":"https:\/\/www.champmarket.com\/en\/wp-json\/wp\/v2\/types\/product"}],"version-history":[{"count":1,"href":"https:\/\/www.champmarket.com\/en\/wp-json\/wp\/v2\/product\/30972\/revisions"}],"predecessor-version":[{"id":78261,"href":"https:\/\/www.champmarket.com\/en\/wp-json\/wp\/v2\/product\/30972\/revisions\/78261"}],"wp:featuredmedia":[{"embeddable":true,"href":"https:\/\/www.champmarket.com\/en\/wp-json\/wp\/v2\/media\/30308"}],"wp:attachment":[{"href":"https:\/\/www.champmarket.com\/en\/wp-json\/wp\/v2\/media?parent=30972"}],"wp:term":[{"taxonomy":"product_brand","embeddable":true,"href":"https:\/\/www.champmarket.com\/en\/wp-json\/wp\/v2\/product_brand?post=30972"},{"taxonomy":"product_cat","embeddable":true,"href":"https:\/\/www.champmarket.com\/en\/wp-json\/wp\/v2\/product_cat?post=30972"},{"taxonomy":"product_tag","embeddable":true,"href":"https:\/\/www.champmarket.com\/en\/wp-json\/wp\/v2\/product_tag?post=30972"}],"curies":[{"name":"wp","href":"https:\/\/api.w.org\/{rel}","templated":true}]}}