{"id":31164,"date":"2022-03-31T18:54:08","date_gmt":"2022-03-31T16:54:10","guid":{"rendered":"https:\/\/www.champmarket.com\/?post_type=product&#038;p=31164"},"modified":"2025-05-19T14:55:33","modified_gmt":"2025-05-19T12:55:33","slug":"krug-rose-25th-edition-bottle","status":"publish","type":"product","link":"https:\/\/www.champmarket.com\/en\/champagne\/krug-rose-25th-edition-bottle\/","title":{"rendered":"Krug Ros\u00e9 25th Edition Bottle"},"content":{"rendered":"<p>The edition number corresponds to the number of times the fifth generation dream has been recreated in the House of Krug. It also serves as a reference for collectors to enjoy later. Like all Krug Champagnes, the Krug Ros\u00e9 25th Edition will continue to improve with time.<\/p>\n<p>The full story of each Edition is revealed online via its Krug iD, the six digits on the back label.<\/p>\n<p>Its final composition is 45% Pinot Noir, 30% Chardonnay and 25% Meunier. The composition is then structured around a traditionally macerated pinot noir, for its spicy character, its color and its structure. An aging of about seven years in the cellars of the House of Krug gives Krug Ros\u00e9 its refined elegance.<\/p>\n<p>Krug Ros\u00e9 <sup>25th<\/sup> Edition is the ideal champagne for your special occasions and great tasting moments.<\/p>\n","protected":false},"excerpt":{"rendered":"<p>Produced in strictly limited quantities, Krug Ros\u00e9 25th Edition is not a classic ros\u00e9 champagne: it is original, voluptuous, mysterious, born of the dream of the fifth generation of the Krug family to create a novel, unexpected, bold and elegant ros\u00e9 champagne that can be recreated every year.<\/p>\n<p>Krug Ros\u00e9 25th Edition is a blend of 28 wines from 5 different years. The youngest dating from 2013 and the oldest from 2008.<\/p>\n","protected":false},"featured_media":31162,"template":"","meta":{"_acf_changed":false},"product_brand":[],"product_cat":[3365,3322,3320,1732,1695,2772,1696,1723,1697],"product_tag":[1700,1701,1755],"class_list":{"0":"post-31164","1":"product","2":"type-product","3":"status-publish","4":"has-post-thumbnail","6":"maisons-selection-champagne-krug-en","7":"product_cat-christmas-champagnes","8":"product_cat-best-champagnes","9":"product_cat-all-champagnes-and-exclusive-boxes","10":"product_cat-categorie-krug-en","11":"product_cat-bouteilles-en","12":"product_cat-all-champagnes","13":"product_cat-champagne-rose-en","14":"product_cat-champagne-prestige-en","15":"product_cat-repas-en","16":"product_tag-la-vie-en-rose-en","17":"product_tag-repas-champagne-en","18":"product_tag-haute-couture-en","20":"first","21":"outofstock","22":"taxable","23":"shipping-taxable","24":"purchasable","25":"product-type-simple"},"acf":[],"yoast_head":"<!-- This site is optimized with the Yoast SEO plugin v26.4 - https:\/\/yoast.com\/wordpress\/plugins\/seo\/ -->\n<title>Krug Ros\u00e9 25th Edition Bottle - Champmarket<\/title>\n<meta name=\"description\" content=\"Produced in strictly limited quantities, Krug Ros\u00e9 25th Edition is not a classic ros\u00e9 champagne: it is original, voluptuous, mysterious.\" \/>\n<meta name=\"robots\" content=\"index, follow, max-snippet:-1, max-image-preview:large, max-video-preview:-1\" \/>\n<link rel=\"canonical\" href=\"https:\/\/www.champmarket.com\/en\/champagne\/krug-rose-25th-edition-bottle\/\" \/>\n<meta property=\"og:locale\" content=\"en_US\" \/>\n<meta property=\"og:type\" content=\"article\" \/>\n<meta property=\"og:title\" content=\"Krug Ros\u00e9 25th Edition Bottle - Champmarket\" \/>\n<meta property=\"og:description\" content=\"Produced in strictly limited quantities, Krug Ros\u00e9 25th Edition is not a classic ros\u00e9 champagne: it is original, voluptuous, mysterious.\" \/>\n<meta property=\"og:url\" content=\"https:\/\/www.champmarket.com\/en\/champagne\/krug-rose-25th-edition-bottle\/\" \/>\n<meta property=\"og:site_name\" content=\"Champmarket\" \/>\n<meta property=\"article:publisher\" content=\"https:\/\/www.facebook.com\/ChampMarket\/\" \/>\n<meta property=\"article:modified_time\" content=\"2025-05-19T12:55:33+00:00\" \/>\n<meta property=\"og:image\" content=\"https:\/\/www.champmarket.com\/wp-content\/uploads\/2021\/09\/krug-rose-25-eme-edition-bouteille.webp\" \/>\n\t<meta property=\"og:image:width\" content=\"2000\" \/>\n\t<meta property=\"og:image:height\" content=\"2000\" \/>\n\t<meta property=\"og:image:type\" content=\"image\/jpeg\" \/>\n<meta name=\"twitter:card\" content=\"summary_large_image\" \/>\n<meta name=\"twitter:site\" content=\"@champmarket\" \/>\n<meta name=\"twitter:label1\" content=\"Est. reading time\" \/>\n\t<meta name=\"twitter:data1\" content=\"1 minute\" \/>\n<script type=\"application\/ld+json\" class=\"yoast-schema-graph\">{\"@context\":\"https:\/\/schema.org\",\"@graph\":[{\"@type\":\"WebPage\",\"@id\":\"https:\/\/www.champmarket.com\/en\/champagne\/krug-rose-25th-edition-bottle\/\",\"url\":\"https:\/\/www.champmarket.com\/en\/champagne\/krug-rose-25th-edition-bottle\/\",\"name\":\"Krug Ros\u00e9 25th Edition Bottle - Champmarket\",\"isPartOf\":{\"@id\":\"https:\/\/www.champmarket.com\/#website\"},\"primaryImageOfPage\":{\"@id\":\"https:\/\/www.champmarket.com\/en\/champagne\/krug-rose-25th-edition-bottle\/#primaryimage\"},\"image\":{\"@id\":\"https:\/\/www.champmarket.com\/en\/champagne\/krug-rose-25th-edition-bottle\/#primaryimage\"},\"thumbnailUrl\":\"https:\/\/www.champmarket.com\/wp-content\/uploads\/2021\/09\/krug-rose-25-eme-edition-bouteille.webp\",\"datePublished\":\"2022-03-31T16:54:10+00:00\",\"dateModified\":\"2025-05-19T12:55:33+00:00\",\"description\":\"Produced in strictly limited quantities, Krug Ros\u00e9 25th Edition is not a classic ros\u00e9 champagne: it is original, voluptuous, mysterious.\",\"breadcrumb\":{\"@id\":\"https:\/\/www.champmarket.com\/en\/champagne\/krug-rose-25th-edition-bottle\/#breadcrumb\"},\"inLanguage\":\"en-US\",\"potentialAction\":[{\"@type\":\"ReadAction\",\"target\":[\"https:\/\/www.champmarket.com\/en\/champagne\/krug-rose-25th-edition-bottle\/\"]}]},{\"@type\":\"ImageObject\",\"inLanguage\":\"en-US\",\"@id\":\"https:\/\/www.champmarket.com\/en\/champagne\/krug-rose-25th-edition-bottle\/#primaryimage\",\"url\":\"https:\/\/www.champmarket.com\/wp-content\/uploads\/2021\/09\/krug-rose-25-eme-edition-bouteille.webp\",\"contentUrl\":\"https:\/\/www.champmarket.com\/wp-content\/uploads\/2021\/09\/krug-rose-25-eme-edition-bouteille.webp\",\"width\":2000,\"height\":2000,\"caption\":\"Champagne Mo\u00ebt & Chandon Grand Vintage 2013 - Champmarket\"},{\"@type\":\"BreadcrumbList\",\"@id\":\"https:\/\/www.champmarket.com\/en\/champagne\/krug-rose-25th-edition-bottle\/#breadcrumb\",\"itemListElement\":[{\"@type\":\"ListItem\",\"position\":1,\"name\":\"Home\",\"item\":\"https:\/\/www.champmarket.com\/en\/buy-champagne-online-champmarket\/\"},{\"@type\":\"ListItem\",\"position\":2,\"name\":\"Shop\",\"item\":\"https:\/\/www.champmarket.com\/en\/shop-2\/\"},{\"@type\":\"ListItem\",\"position\":3,\"name\":\"Krug\",\"item\":\"https:\/\/www.champmarket.com\/en\/maisons\/selection-champagne-krug-en\/\"},{\"@type\":\"ListItem\",\"position\":4,\"name\":\"Krug Ros\u00e9 25th Edition Bottle\"}]},{\"@type\":\"WebSite\",\"@id\":\"https:\/\/www.champmarket.com\/#website\",\"url\":\"https:\/\/www.champmarket.com\/\",\"name\":\"Champmarket\",\"description\":\"Champagne Only ! Champmarket offers a very wide range of exceptional champagnes, the greatest brands, rare vintages, limited editions, old vintages and champagne gift ideas for any occasion.\",\"publisher\":{\"@id\":\"https:\/\/www.champmarket.com\/#organization\"},\"potentialAction\":[{\"@type\":\"SearchAction\",\"target\":{\"@type\":\"EntryPoint\",\"urlTemplate\":\"https:\/\/www.champmarket.com\/?s={search_term_string}\"},\"query-input\":{\"@type\":\"PropertyValueSpecification\",\"valueRequired\":true,\"valueName\":\"search_term_string\"}}],\"inLanguage\":\"en-US\"},{\"@type\":\"Organization\",\"@id\":\"https:\/\/www.champmarket.com\/#organization\",\"name\":\"Champmarket\",\"url\":\"https:\/\/www.champmarket.com\/\",\"logo\":{\"@type\":\"ImageObject\",\"inLanguage\":\"en-US\",\"@id\":\"https:\/\/www.champmarket.com\/#\/schema\/logo\/image\/\",\"url\":\"https:\/\/www.champmarket.com\/wp-content\/uploads\/2024\/08\/logo2024-1.svg\",\"contentUrl\":\"https:\/\/www.champmarket.com\/wp-content\/uploads\/2024\/08\/logo2024-1.svg\",\"width\":579.8,\"height\":80,\"caption\":\"Champmarket\"},\"image\":{\"@id\":\"https:\/\/www.champmarket.com\/#\/schema\/logo\/image\/\"},\"sameAs\":[\"https:\/\/www.facebook.com\/ChampMarket\/\",\"https:\/\/x.com\/champmarket\",\"https:\/\/www.instagram.com\/champmarket.paris\/\",\"https:\/\/www.pinterest.fr\/champmarketparis\/\",\"https:\/\/www.linkedin.com\/company\/champmarket\/\"]}]}<\/script>\n<!-- \/ Yoast SEO plugin. -->","yoast_head_json":{"title":"Krug Ros\u00e9 25th Edition Bottle - Champmarket","description":"Produced in strictly limited quantities, Krug Ros\u00e9 25th Edition is not a classic ros\u00e9 champagne: it is original, voluptuous, mysterious.","robots":{"index":"index","follow":"follow","max-snippet":"max-snippet:-1","max-image-preview":"max-image-preview:large","max-video-preview":"max-video-preview:-1"},"canonical":"https:\/\/www.champmarket.com\/en\/champagne\/krug-rose-25th-edition-bottle\/","og_locale":"en_US","og_type":"article","og_title":"Krug Ros\u00e9 25th Edition Bottle - Champmarket","og_description":"Produced in strictly limited quantities, Krug Ros\u00e9 25th Edition is not a classic ros\u00e9 champagne: it is original, voluptuous, mysterious.","og_url":"https:\/\/www.champmarket.com\/en\/champagne\/krug-rose-25th-edition-bottle\/","og_site_name":"Champmarket","article_publisher":"https:\/\/www.facebook.com\/ChampMarket\/","article_modified_time":"2025-05-19T12:55:33+00:00","og_image":[{"width":2000,"height":2000,"url":"https:\/\/www.champmarket.com\/wp-content\/uploads\/2021\/09\/krug-rose-25-eme-edition-bouteille.webp","type":"image\/jpeg"}],"twitter_card":"summary_large_image","twitter_site":"@champmarket","twitter_misc":{"Est. reading time":"1 minute"},"schema":{"@context":"https:\/\/schema.org","@graph":[{"@type":"WebPage","@id":"https:\/\/www.champmarket.com\/en\/champagne\/krug-rose-25th-edition-bottle\/","url":"https:\/\/www.champmarket.com\/en\/champagne\/krug-rose-25th-edition-bottle\/","name":"Krug Ros\u00e9 25th Edition Bottle - Champmarket","isPartOf":{"@id":"https:\/\/www.champmarket.com\/#website"},"primaryImageOfPage":{"@id":"https:\/\/www.champmarket.com\/en\/champagne\/krug-rose-25th-edition-bottle\/#primaryimage"},"image":{"@id":"https:\/\/www.champmarket.com\/en\/champagne\/krug-rose-25th-edition-bottle\/#primaryimage"},"thumbnailUrl":"https:\/\/www.champmarket.com\/wp-content\/uploads\/2021\/09\/krug-rose-25-eme-edition-bouteille.webp","datePublished":"2022-03-31T16:54:10+00:00","dateModified":"2025-05-19T12:55:33+00:00","description":"Produced in strictly limited quantities, Krug Ros\u00e9 25th Edition is not a classic ros\u00e9 champagne: it is original, voluptuous, mysterious.","breadcrumb":{"@id":"https:\/\/www.champmarket.com\/en\/champagne\/krug-rose-25th-edition-bottle\/#breadcrumb"},"inLanguage":"en-US","potentialAction":[{"@type":"ReadAction","target":["https:\/\/www.champmarket.com\/en\/champagne\/krug-rose-25th-edition-bottle\/"]}]},{"@type":"ImageObject","inLanguage":"en-US","@id":"https:\/\/www.champmarket.com\/en\/champagne\/krug-rose-25th-edition-bottle\/#primaryimage","url":"https:\/\/www.champmarket.com\/wp-content\/uploads\/2021\/09\/krug-rose-25-eme-edition-bouteille.webp","contentUrl":"https:\/\/www.champmarket.com\/wp-content\/uploads\/2021\/09\/krug-rose-25-eme-edition-bouteille.webp","width":2000,"height":2000,"caption":"Champagne Mo\u00ebt & Chandon Grand Vintage 2013 - Champmarket"},{"@type":"BreadcrumbList","@id":"https:\/\/www.champmarket.com\/en\/champagne\/krug-rose-25th-edition-bottle\/#breadcrumb","itemListElement":[{"@type":"ListItem","position":1,"name":"Home","item":"https:\/\/www.champmarket.com\/en\/buy-champagne-online-champmarket\/"},{"@type":"ListItem","position":2,"name":"Shop","item":"https:\/\/www.champmarket.com\/en\/shop-2\/"},{"@type":"ListItem","position":3,"name":"Krug","item":"https:\/\/www.champmarket.com\/en\/maisons\/selection-champagne-krug-en\/"},{"@type":"ListItem","position":4,"name":"Krug Ros\u00e9 25th Edition Bottle"}]},{"@type":"WebSite","@id":"https:\/\/www.champmarket.com\/#website","url":"https:\/\/www.champmarket.com\/","name":"Champmarket","description":"Champagne Only ! Champmarket offers a very wide range of exceptional champagnes, the greatest brands, rare vintages, limited editions, old vintages and champagne gift ideas for any occasion.","publisher":{"@id":"https:\/\/www.champmarket.com\/#organization"},"potentialAction":[{"@type":"SearchAction","target":{"@type":"EntryPoint","urlTemplate":"https:\/\/www.champmarket.com\/?s={search_term_string}"},"query-input":{"@type":"PropertyValueSpecification","valueRequired":true,"valueName":"search_term_string"}}],"inLanguage":"en-US"},{"@type":"Organization","@id":"https:\/\/www.champmarket.com\/#organization","name":"Champmarket","url":"https:\/\/www.champmarket.com\/","logo":{"@type":"ImageObject","inLanguage":"en-US","@id":"https:\/\/www.champmarket.com\/#\/schema\/logo\/image\/","url":"https:\/\/www.champmarket.com\/wp-content\/uploads\/2024\/08\/logo2024-1.svg","contentUrl":"https:\/\/www.champmarket.com\/wp-content\/uploads\/2024\/08\/logo2024-1.svg","width":579.8,"height":80,"caption":"Champmarket"},"image":{"@id":"https:\/\/www.champmarket.com\/#\/schema\/logo\/image\/"},"sameAs":["https:\/\/www.facebook.com\/ChampMarket\/","https:\/\/x.com\/champmarket","https:\/\/www.instagram.com\/champmarket.paris\/","https:\/\/www.pinterest.fr\/champmarketparis\/","https:\/\/www.linkedin.com\/company\/champmarket\/"]}]}},"_links":{"self":[{"href":"https:\/\/www.champmarket.com\/en\/wp-json\/wp\/v2\/product\/31164","targetHints":{"allow":["GET"]}}],"collection":[{"href":"https:\/\/www.champmarket.com\/en\/wp-json\/wp\/v2\/product"}],"about":[{"href":"https:\/\/www.champmarket.com\/en\/wp-json\/wp\/v2\/types\/product"}],"version-history":[{"count":1,"href":"https:\/\/www.champmarket.com\/en\/wp-json\/wp\/v2\/product\/31164\/revisions"}],"predecessor-version":[{"id":79243,"href":"https:\/\/www.champmarket.com\/en\/wp-json\/wp\/v2\/product\/31164\/revisions\/79243"}],"wp:featuredmedia":[{"embeddable":true,"href":"https:\/\/www.champmarket.com\/en\/wp-json\/wp\/v2\/media\/31162"}],"wp:attachment":[{"href":"https:\/\/www.champmarket.com\/en\/wp-json\/wp\/v2\/media?parent=31164"}],"wp:term":[{"taxonomy":"product_brand","embeddable":true,"href":"https:\/\/www.champmarket.com\/en\/wp-json\/wp\/v2\/product_brand?post=31164"},{"taxonomy":"product_cat","embeddable":true,"href":"https:\/\/www.champmarket.com\/en\/wp-json\/wp\/v2\/product_cat?post=31164"},{"taxonomy":"product_tag","embeddable":true,"href":"https:\/\/www.champmarket.com\/en\/wp-json\/wp\/v2\/product_tag?post=31164"}],"curies":[{"name":"wp","href":"https:\/\/api.w.org\/{rel}","templated":true}]}}