{"id":38114,"date":"2022-06-13T15:40:45","date_gmt":"2022-06-13T13:40:45","guid":{"rendered":"https:\/\/www.champmarket.com\/?post_type=product&#038;p=38114"},"modified":"2023-07-01T00:00:22","modified_gmt":"2023-06-30T22:00:22","slug":"charles-heidsieck-rose-reserve-half-bottle","status":"publish","type":"product","link":"https:\/\/www.champmarket.com\/en\/champagne\/charles-heidsieck-rose-reserve-half-bottle\/","title":{"rendered":"Charles Heidsieck Ros\u00e9 R\u00e9serve Half Bottle"},"content":{"rendered":"<p>The result of a blend of up to 35% reserve wines, aged for an average of 5 years, Charles Heidsieck Ros\u00e9 R\u00e9serve Magnum is inspired by the basis of the Brut R\u00e9serve blend, to which 5 to 6% of red Champagne wines from the Village des Riceys, the jewel of the C\u00f4te des Bar, have been added.<br \/>\nA selection of 40 emblematic crus and juices, exclusively from the first pressing, give this Ros\u00e9 d&#8217;assemblage all its precision and delicacy.<\/p>\n<p><strong>Complexity &#8211; Precision &#8211; Generosity &amp; Deepness<\/strong>: To achieve an ideal balance between freshness on the one hand, and structure and complexity on the other, the Cellar Master has kept to a House principle: he deliberately selects reserve wines (up to 35%) that are less mature than those of the Brut R\u00e9serve, 5 years on average.<\/p>\n<p>All the wines are vinified plot by plot, grape variety by grape variety, in stainless steel tanks. The 5 to 6% of wines vinified as reds from &#8220;Les Riceys&#8221; provide aromatic freshness and reinforce the identity of the Ros\u00e9 R\u00e9serve (fruity, greedy, acidulous).<\/p>\n<p>Finally, Charles Heidsieck Ros\u00e9 R\u00e9serve benefits from a longer maturation period of 3 to 4 years in thousand-year-old chalk pits, far beyond the norms of the Champagne Appellation.<\/p>\n<p>The half-bottle format (0.375l) is ideal for your one-to-one tasting moments, your small attentions, your gifts and your corporate events.<\/p>\n","protected":false},"excerpt":{"rendered":"<p>Charles Heidsieck Ros\u00e9 R\u00e9serve Half Bottle is the result of multiple demanding requests and is distinguished by its assertive approach. Ros\u00e9 R\u00e9serve is a champagne of high precision, fleshy and greedy, delicate and precise.<\/p>\n","protected":false},"featured_media":38196,"template":"","meta":{"_acf_changed":false},"product_brand":[],"product_cat":[3548,3471,3409,3320,2236,1746,2196,2772,1696,1750,1749,1697],"product_tag":[1760,1700,1701],"class_list":{"0":"post-38114","1":"product","2":"type-product","3":"status-publish","4":"has-post-thumbnail","6":"maisons-selection-champagne-charles-heidsieck-en","7":"product_cat-les-prix-doux","8":"product_cat-our-favorites","9":"product_cat-spring-champagnes","10":"product_cat-all-champagnes-and-exclusive-boxes","11":"product_cat-categorie-charles-heidsieck-en","12":"product_cat-petits-flacons-en","13":"product_cat-halfbottle-en","14":"product_cat-all-champagnes","15":"product_cat-champagne-rose-en","16":"product_cat-dessert-en","17":"product_cat-cocktail-en","18":"product_cat-repas-en","19":"product_tag-dessert-gouter-en","20":"product_tag-la-vie-en-rose-en","21":"product_tag-repas-champagne-en","23":"first","24":"instock","25":"taxable","26":"shipping-taxable","27":"purchasable","28":"product-type-simple"},"acf":[],"yoast_head":"<!-- This site is optimized with the Yoast SEO plugin v26.4 - https:\/\/yoast.com\/wordpress\/plugins\/seo\/ -->\n<title>Charles Heidsieck Ros\u00e9 R\u00e9serve Half Bottle - Champmarket<\/title>\n<meta name=\"description\" content=\"Charles Heidsieck Ros\u00e9 R\u00e9serve Half Bottle is the result of multiple demanding requests and is distinguished by its assertive approach. Ros\u00e9 R\u00e9serve is a champagne of high precision, fleshy and greedy, delicate and precise.\" \/>\n<meta name=\"robots\" content=\"index, follow, max-snippet:-1, max-image-preview:large, max-video-preview:-1\" \/>\n<link rel=\"canonical\" href=\"https:\/\/www.champmarket.com\/en\/champagne\/charles-heidsieck-rose-reserve-half-bottle\/\" \/>\n<meta property=\"og:locale\" content=\"en_US\" \/>\n<meta property=\"og:type\" content=\"article\" \/>\n<meta property=\"og:title\" content=\"Charles Heidsieck Ros\u00e9 R\u00e9serve Half Bottle - Champmarket\" \/>\n<meta property=\"og:description\" content=\"Charles Heidsieck Ros\u00e9 R\u00e9serve Half Bottle is the result of multiple demanding requests and is distinguished by its assertive approach. Ros\u00e9 R\u00e9serve is a champagne of high precision, fleshy and greedy, delicate and precise.\" \/>\n<meta property=\"og:url\" content=\"https:\/\/www.champmarket.com\/en\/champagne\/charles-heidsieck-rose-reserve-half-bottle\/\" \/>\n<meta property=\"og:site_name\" content=\"Champmarket\" \/>\n<meta property=\"article:publisher\" content=\"https:\/\/www.facebook.com\/ChampMarket\/\" \/>\n<meta property=\"article:modified_time\" content=\"2023-06-30T22:00:22+00:00\" \/>\n<meta property=\"og:image\" content=\"https:\/\/www.champmarket.com\/wp-content\/uploads\/2022\/06\/charles-heidsieck-rose-reserve-demi-bouteille.webp\" \/>\n\t<meta property=\"og:image:width\" content=\"2000\" \/>\n\t<meta property=\"og:image:height\" content=\"2000\" \/>\n\t<meta property=\"og:image:type\" content=\"image\/jpeg\" \/>\n<meta name=\"twitter:card\" content=\"summary_large_image\" \/>\n<meta name=\"twitter:site\" content=\"@champmarket\" \/>\n<meta name=\"twitter:label1\" content=\"Est. reading time\" \/>\n\t<meta name=\"twitter:data1\" content=\"2 minutes\" \/>\n<script type=\"application\/ld+json\" class=\"yoast-schema-graph\">{\"@context\":\"https:\/\/schema.org\",\"@graph\":[{\"@type\":\"WebPage\",\"@id\":\"https:\/\/www.champmarket.com\/en\/champagne\/charles-heidsieck-rose-reserve-half-bottle\/\",\"url\":\"https:\/\/www.champmarket.com\/en\/champagne\/charles-heidsieck-rose-reserve-half-bottle\/\",\"name\":\"Charles Heidsieck Ros\u00e9 R\u00e9serve Half Bottle - Champmarket\",\"isPartOf\":{\"@id\":\"https:\/\/www.champmarket.com\/#website\"},\"primaryImageOfPage\":{\"@id\":\"https:\/\/www.champmarket.com\/en\/champagne\/charles-heidsieck-rose-reserve-half-bottle\/#primaryimage\"},\"image\":{\"@id\":\"https:\/\/www.champmarket.com\/en\/champagne\/charles-heidsieck-rose-reserve-half-bottle\/#primaryimage\"},\"thumbnailUrl\":\"https:\/\/www.champmarket.com\/wp-content\/uploads\/2022\/06\/charles-heidsieck-rose-reserve-demi-bouteille.webp\",\"datePublished\":\"2022-06-13T13:40:45+00:00\",\"dateModified\":\"2023-06-30T22:00:22+00:00\",\"description\":\"Charles Heidsieck Ros\u00e9 R\u00e9serve Half Bottle is the result of multiple demanding requests and is distinguished by its assertive approach. Ros\u00e9 R\u00e9serve is a champagne of high precision, fleshy and greedy, delicate and precise.\",\"breadcrumb\":{\"@id\":\"https:\/\/www.champmarket.com\/en\/champagne\/charles-heidsieck-rose-reserve-half-bottle\/#breadcrumb\"},\"inLanguage\":\"en-US\",\"potentialAction\":[{\"@type\":\"ReadAction\",\"target\":[\"https:\/\/www.champmarket.com\/en\/champagne\/charles-heidsieck-rose-reserve-half-bottle\/\"]}]},{\"@type\":\"ImageObject\",\"inLanguage\":\"en-US\",\"@id\":\"https:\/\/www.champmarket.com\/en\/champagne\/charles-heidsieck-rose-reserve-half-bottle\/#primaryimage\",\"url\":\"https:\/\/www.champmarket.com\/wp-content\/uploads\/2022\/06\/charles-heidsieck-rose-reserve-demi-bouteille.webp\",\"contentUrl\":\"https:\/\/www.champmarket.com\/wp-content\/uploads\/2022\/06\/charles-heidsieck-rose-reserve-demi-bouteille.webp\",\"width\":2000,\"height\":2000,\"caption\":\"Champagne Charles Heidsieck Ros\u00e9 R\u00e9serve Demi Bouteille - Champmarket\"},{\"@type\":\"BreadcrumbList\",\"@id\":\"https:\/\/www.champmarket.com\/en\/champagne\/charles-heidsieck-rose-reserve-half-bottle\/#breadcrumb\",\"itemListElement\":[{\"@type\":\"ListItem\",\"position\":1,\"name\":\"Home\",\"item\":\"https:\/\/www.champmarket.com\/en\/buy-champagne-online-champmarket\/\"},{\"@type\":\"ListItem\",\"position\":2,\"name\":\"Shop\",\"item\":\"https:\/\/www.champmarket.com\/en\/shop-2\/\"},{\"@type\":\"ListItem\",\"position\":3,\"name\":\"Charles Heidsieck\",\"item\":\"https:\/\/www.champmarket.com\/en\/maisons\/selection-champagne-charles-heidsieck-en\/\"},{\"@type\":\"ListItem\",\"position\":4,\"name\":\"Charles Heidsieck Ros\u00e9 R\u00e9serve Half Bottle\"}]},{\"@type\":\"WebSite\",\"@id\":\"https:\/\/www.champmarket.com\/#website\",\"url\":\"https:\/\/www.champmarket.com\/\",\"name\":\"Champmarket\",\"description\":\"Champagne Only ! Champmarket offers a very wide range of exceptional champagnes, the greatest brands, rare vintages, limited editions, old vintages and champagne gift ideas for any occasion.\",\"publisher\":{\"@id\":\"https:\/\/www.champmarket.com\/#organization\"},\"potentialAction\":[{\"@type\":\"SearchAction\",\"target\":{\"@type\":\"EntryPoint\",\"urlTemplate\":\"https:\/\/www.champmarket.com\/?s={search_term_string}\"},\"query-input\":{\"@type\":\"PropertyValueSpecification\",\"valueRequired\":true,\"valueName\":\"search_term_string\"}}],\"inLanguage\":\"en-US\"},{\"@type\":\"Organization\",\"@id\":\"https:\/\/www.champmarket.com\/#organization\",\"name\":\"Champmarket\",\"url\":\"https:\/\/www.champmarket.com\/\",\"logo\":{\"@type\":\"ImageObject\",\"inLanguage\":\"en-US\",\"@id\":\"https:\/\/www.champmarket.com\/#\/schema\/logo\/image\/\",\"url\":\"https:\/\/www.champmarket.com\/wp-content\/uploads\/2024\/08\/logo2024-1.svg\",\"contentUrl\":\"https:\/\/www.champmarket.com\/wp-content\/uploads\/2024\/08\/logo2024-1.svg\",\"width\":579.8,\"height\":80,\"caption\":\"Champmarket\"},\"image\":{\"@id\":\"https:\/\/www.champmarket.com\/#\/schema\/logo\/image\/\"},\"sameAs\":[\"https:\/\/www.facebook.com\/ChampMarket\/\",\"https:\/\/x.com\/champmarket\",\"https:\/\/www.instagram.com\/champmarket.paris\/\",\"https:\/\/www.pinterest.fr\/champmarketparis\/\",\"https:\/\/www.linkedin.com\/company\/champmarket\/\"]}]}<\/script>\n<!-- \/ Yoast SEO plugin. -->","yoast_head_json":{"title":"Charles Heidsieck Ros\u00e9 R\u00e9serve Half Bottle - Champmarket","description":"Charles Heidsieck Ros\u00e9 R\u00e9serve Half Bottle is the result of multiple demanding requests and is distinguished by its assertive approach. Ros\u00e9 R\u00e9serve is a champagne of high precision, fleshy and greedy, delicate and precise.","robots":{"index":"index","follow":"follow","max-snippet":"max-snippet:-1","max-image-preview":"max-image-preview:large","max-video-preview":"max-video-preview:-1"},"canonical":"https:\/\/www.champmarket.com\/en\/champagne\/charles-heidsieck-rose-reserve-half-bottle\/","og_locale":"en_US","og_type":"article","og_title":"Charles Heidsieck Ros\u00e9 R\u00e9serve Half Bottle - Champmarket","og_description":"Charles Heidsieck Ros\u00e9 R\u00e9serve Half Bottle is the result of multiple demanding requests and is distinguished by its assertive approach. Ros\u00e9 R\u00e9serve is a champagne of high precision, fleshy and greedy, delicate and precise.","og_url":"https:\/\/www.champmarket.com\/en\/champagne\/charles-heidsieck-rose-reserve-half-bottle\/","og_site_name":"Champmarket","article_publisher":"https:\/\/www.facebook.com\/ChampMarket\/","article_modified_time":"2023-06-30T22:00:22+00:00","og_image":[{"width":2000,"height":2000,"url":"https:\/\/www.champmarket.com\/wp-content\/uploads\/2022\/06\/charles-heidsieck-rose-reserve-demi-bouteille.webp","type":"image\/jpeg"}],"twitter_card":"summary_large_image","twitter_site":"@champmarket","twitter_misc":{"Est. reading time":"2 minutes"},"schema":{"@context":"https:\/\/schema.org","@graph":[{"@type":"WebPage","@id":"https:\/\/www.champmarket.com\/en\/champagne\/charles-heidsieck-rose-reserve-half-bottle\/","url":"https:\/\/www.champmarket.com\/en\/champagne\/charles-heidsieck-rose-reserve-half-bottle\/","name":"Charles Heidsieck Ros\u00e9 R\u00e9serve Half Bottle - Champmarket","isPartOf":{"@id":"https:\/\/www.champmarket.com\/#website"},"primaryImageOfPage":{"@id":"https:\/\/www.champmarket.com\/en\/champagne\/charles-heidsieck-rose-reserve-half-bottle\/#primaryimage"},"image":{"@id":"https:\/\/www.champmarket.com\/en\/champagne\/charles-heidsieck-rose-reserve-half-bottle\/#primaryimage"},"thumbnailUrl":"https:\/\/www.champmarket.com\/wp-content\/uploads\/2022\/06\/charles-heidsieck-rose-reserve-demi-bouteille.webp","datePublished":"2022-06-13T13:40:45+00:00","dateModified":"2023-06-30T22:00:22+00:00","description":"Charles Heidsieck Ros\u00e9 R\u00e9serve Half Bottle is the result of multiple demanding requests and is distinguished by its assertive approach. Ros\u00e9 R\u00e9serve is a champagne of high precision, fleshy and greedy, delicate and precise.","breadcrumb":{"@id":"https:\/\/www.champmarket.com\/en\/champagne\/charles-heidsieck-rose-reserve-half-bottle\/#breadcrumb"},"inLanguage":"en-US","potentialAction":[{"@type":"ReadAction","target":["https:\/\/www.champmarket.com\/en\/champagne\/charles-heidsieck-rose-reserve-half-bottle\/"]}]},{"@type":"ImageObject","inLanguage":"en-US","@id":"https:\/\/www.champmarket.com\/en\/champagne\/charles-heidsieck-rose-reserve-half-bottle\/#primaryimage","url":"https:\/\/www.champmarket.com\/wp-content\/uploads\/2022\/06\/charles-heidsieck-rose-reserve-demi-bouteille.webp","contentUrl":"https:\/\/www.champmarket.com\/wp-content\/uploads\/2022\/06\/charles-heidsieck-rose-reserve-demi-bouteille.webp","width":2000,"height":2000,"caption":"Champagne Charles Heidsieck Ros\u00e9 R\u00e9serve Demi Bouteille - Champmarket"},{"@type":"BreadcrumbList","@id":"https:\/\/www.champmarket.com\/en\/champagne\/charles-heidsieck-rose-reserve-half-bottle\/#breadcrumb","itemListElement":[{"@type":"ListItem","position":1,"name":"Home","item":"https:\/\/www.champmarket.com\/en\/buy-champagne-online-champmarket\/"},{"@type":"ListItem","position":2,"name":"Shop","item":"https:\/\/www.champmarket.com\/en\/shop-2\/"},{"@type":"ListItem","position":3,"name":"Charles Heidsieck","item":"https:\/\/www.champmarket.com\/en\/maisons\/selection-champagne-charles-heidsieck-en\/"},{"@type":"ListItem","position":4,"name":"Charles Heidsieck Ros\u00e9 R\u00e9serve Half Bottle"}]},{"@type":"WebSite","@id":"https:\/\/www.champmarket.com\/#website","url":"https:\/\/www.champmarket.com\/","name":"Champmarket","description":"Champagne Only ! Champmarket offers a very wide range of exceptional champagnes, the greatest brands, rare vintages, limited editions, old vintages and champagne gift ideas for any occasion.","publisher":{"@id":"https:\/\/www.champmarket.com\/#organization"},"potentialAction":[{"@type":"SearchAction","target":{"@type":"EntryPoint","urlTemplate":"https:\/\/www.champmarket.com\/?s={search_term_string}"},"query-input":{"@type":"PropertyValueSpecification","valueRequired":true,"valueName":"search_term_string"}}],"inLanguage":"en-US"},{"@type":"Organization","@id":"https:\/\/www.champmarket.com\/#organization","name":"Champmarket","url":"https:\/\/www.champmarket.com\/","logo":{"@type":"ImageObject","inLanguage":"en-US","@id":"https:\/\/www.champmarket.com\/#\/schema\/logo\/image\/","url":"https:\/\/www.champmarket.com\/wp-content\/uploads\/2024\/08\/logo2024-1.svg","contentUrl":"https:\/\/www.champmarket.com\/wp-content\/uploads\/2024\/08\/logo2024-1.svg","width":579.8,"height":80,"caption":"Champmarket"},"image":{"@id":"https:\/\/www.champmarket.com\/#\/schema\/logo\/image\/"},"sameAs":["https:\/\/www.facebook.com\/ChampMarket\/","https:\/\/x.com\/champmarket","https:\/\/www.instagram.com\/champmarket.paris\/","https:\/\/www.pinterest.fr\/champmarketparis\/","https:\/\/www.linkedin.com\/company\/champmarket\/"]}]}},"_links":{"self":[{"href":"https:\/\/www.champmarket.com\/en\/wp-json\/wp\/v2\/product\/38114","targetHints":{"allow":["GET"]}}],"collection":[{"href":"https:\/\/www.champmarket.com\/en\/wp-json\/wp\/v2\/product"}],"about":[{"href":"https:\/\/www.champmarket.com\/en\/wp-json\/wp\/v2\/types\/product"}],"version-history":[{"count":0,"href":"https:\/\/www.champmarket.com\/en\/wp-json\/wp\/v2\/product\/38114\/revisions"}],"wp:featuredmedia":[{"embeddable":true,"href":"https:\/\/www.champmarket.com\/en\/wp-json\/wp\/v2\/media\/38196"}],"wp:attachment":[{"href":"https:\/\/www.champmarket.com\/en\/wp-json\/wp\/v2\/media?parent=38114"}],"wp:term":[{"taxonomy":"product_brand","embeddable":true,"href":"https:\/\/www.champmarket.com\/en\/wp-json\/wp\/v2\/product_brand?post=38114"},{"taxonomy":"product_cat","embeddable":true,"href":"https:\/\/www.champmarket.com\/en\/wp-json\/wp\/v2\/product_cat?post=38114"},{"taxonomy":"product_tag","embeddable":true,"href":"https:\/\/www.champmarket.com\/en\/wp-json\/wp\/v2\/product_tag?post=38114"}],"curies":[{"name":"wp","href":"https:\/\/api.w.org\/{rel}","templated":true}]}}