{"id":39664,"date":"2022-09-13T08:40:37","date_gmt":"2022-09-13T06:40:39","guid":{"rendered":"https:\/\/www.champmarket.com\/?post_type=product&#038;p=39664"},"modified":"2025-05-09T14:59:48","modified_gmt":"2025-05-09T12:59:48","slug":"drappier-grande-sendree-2012-bottle","status":"publish","type":"product","link":"https:\/\/www.champmarket.com\/en\/champagne\/drappier-grande-sendree-2012-bottle\/","title":{"rendered":"Drappier Grande Sendr\u00e9e 2012 Bottle"},"content":{"rendered":"<p>Founded in 1808, the Drappier Champagne House, located in Urville on the C\u00f4te des Bar, is renowned for its powerful, characterful wines, housed in exceptional bottles. The family Champagne House is also famous for the appellation of its great Vintage cuv\u00e9e, Grande Sendr\u00e9e.<\/p>\n<p>Drappier Grande Sendr\u00e9e 2012 takes its name from a parcel covered in ashes after the fire that ravaged Urville in 1838.<\/p>\n<p>An &#8220;S&#8221; now distinguishes this cuv\u00e9e, in memory of a spelling error that crept into the label at the time of printing: &#8220;cendr\u00e9e&#8221; became &#8220;sendr\u00e9e&#8221;.<\/p>\n","protected":false},"excerpt":{"rendered":"<p>Produced in very small quantities from old vines, Drappier Grande Sendr\u00e9e 2012 is a prestigious champagne that only comes into being in great years. It surprises by its finesse and its refinement to express its aromatic complexity. It is the subtle expression of accomplished aromas.<\/p>\n","protected":false},"featured_media":39668,"template":"","meta":{"_acf_changed":false},"product_brand":[],"product_cat":[1730,1695,1727,2772,1717,1723,1748,1697],"product_tag":[1682,1701,1755,1756,1762],"class_list":{"0":"post-39664","1":"product","2":"type-product","3":"status-publish","4":"has-post-thumbnail","6":"maisons-selection-champagne-drappier-en","7":"product_cat-categorie-drappier-en","8":"product_cat-bouteilles-en","9":"product_cat-incontournables-en","10":"product_cat-all-champagnes","11":"product_cat-champagne-millesime-en","12":"product_cat-champagne-prestige-en","13":"product_cat-aperitif-en","14":"product_cat-repas-en","15":"product_tag-pour-offrir-en","16":"product_tag-repas-champagne-en","17":"product_tag-haute-couture-en","18":"product_tag-incontournable-en","19":"product_tag-vintage-en","21":"first","22":"instock","23":"taxable","24":"shipping-taxable","25":"purchasable","26":"product-type-simple"},"acf":[],"yoast_head":"<!-- This site is optimized with the Yoast SEO plugin v26.4 - https:\/\/yoast.com\/wordpress\/plugins\/seo\/ -->\n<title>Drappier Grande Sendr\u00e9e 2012 Bottle - Champmarket<\/title>\n<meta name=\"description\" content=\"Drappier Grande Sendr\u00e9e 2012 is a prestigious champagne that surprises with its refined expression of aromatic complexity.\" \/>\n<meta name=\"robots\" content=\"index, follow, max-snippet:-1, max-image-preview:large, max-video-preview:-1\" \/>\n<link rel=\"canonical\" href=\"https:\/\/www.champmarket.com\/en\/champagne\/drappier-grande-sendree-2012-bottle\/\" \/>\n<meta property=\"og:locale\" content=\"en_US\" \/>\n<meta property=\"og:type\" content=\"article\" \/>\n<meta property=\"og:title\" content=\"Drappier Grande Sendr\u00e9e 2012 Bottle - Champmarket\" \/>\n<meta property=\"og:description\" content=\"Drappier Grande Sendr\u00e9e 2012 is a prestigious champagne that surprises with its refined expression of aromatic complexity.\" \/>\n<meta property=\"og:url\" content=\"https:\/\/www.champmarket.com\/en\/champagne\/drappier-grande-sendree-2012-bottle\/\" \/>\n<meta property=\"og:site_name\" content=\"Champmarket\" \/>\n<meta property=\"article:publisher\" content=\"https:\/\/www.facebook.com\/ChampMarket\/\" \/>\n<meta property=\"article:modified_time\" content=\"2025-05-09T12:59:48+00:00\" \/>\n<meta property=\"og:image\" content=\"https:\/\/www.champmarket.com\/wp-content\/uploads\/2022\/09\/drappier-grande-sendree-2012-bouteille.webp\" \/>\n\t<meta property=\"og:image:width\" content=\"2000\" \/>\n\t<meta property=\"og:image:height\" content=\"2000\" \/>\n\t<meta property=\"og:image:type\" content=\"image\/jpeg\" \/>\n<meta name=\"twitter:card\" content=\"summary_large_image\" \/>\n<meta name=\"twitter:site\" content=\"@champmarket\" \/>\n<meta name=\"twitter:label1\" content=\"Est. reading time\" \/>\n\t<meta name=\"twitter:data1\" content=\"1 minute\" \/>\n<script type=\"application\/ld+json\" class=\"yoast-schema-graph\">{\"@context\":\"https:\/\/schema.org\",\"@graph\":[{\"@type\":\"WebPage\",\"@id\":\"https:\/\/www.champmarket.com\/en\/champagne\/drappier-grande-sendree-2012-bottle\/\",\"url\":\"https:\/\/www.champmarket.com\/en\/champagne\/drappier-grande-sendree-2012-bottle\/\",\"name\":\"Drappier Grande Sendr\u00e9e 2012 Bottle - Champmarket\",\"isPartOf\":{\"@id\":\"https:\/\/www.champmarket.com\/#website\"},\"primaryImageOfPage\":{\"@id\":\"https:\/\/www.champmarket.com\/en\/champagne\/drappier-grande-sendree-2012-bottle\/#primaryimage\"},\"image\":{\"@id\":\"https:\/\/www.champmarket.com\/en\/champagne\/drappier-grande-sendree-2012-bottle\/#primaryimage\"},\"thumbnailUrl\":\"https:\/\/www.champmarket.com\/wp-content\/uploads\/2022\/09\/drappier-grande-sendree-2012-bouteille.webp\",\"datePublished\":\"2022-09-13T06:40:39+00:00\",\"dateModified\":\"2025-05-09T12:59:48+00:00\",\"description\":\"Drappier Grande Sendr\u00e9e 2012 is a prestigious champagne that surprises with its refined expression of aromatic complexity.\",\"breadcrumb\":{\"@id\":\"https:\/\/www.champmarket.com\/en\/champagne\/drappier-grande-sendree-2012-bottle\/#breadcrumb\"},\"inLanguage\":\"en-US\",\"potentialAction\":[{\"@type\":\"ReadAction\",\"target\":[\"https:\/\/www.champmarket.com\/en\/champagne\/drappier-grande-sendree-2012-bottle\/\"]}]},{\"@type\":\"ImageObject\",\"inLanguage\":\"en-US\",\"@id\":\"https:\/\/www.champmarket.com\/en\/champagne\/drappier-grande-sendree-2012-bottle\/#primaryimage\",\"url\":\"https:\/\/www.champmarket.com\/wp-content\/uploads\/2022\/09\/drappier-grande-sendree-2012-bouteille.webp\",\"contentUrl\":\"https:\/\/www.champmarket.com\/wp-content\/uploads\/2022\/09\/drappier-grande-sendree-2012-bouteille.webp\",\"width\":2000,\"height\":2000,\"caption\":\"Champagne Dom Ruinart Blanc de Blancs 2009 Bouteille - Champmarket\"},{\"@type\":\"BreadcrumbList\",\"@id\":\"https:\/\/www.champmarket.com\/en\/champagne\/drappier-grande-sendree-2012-bottle\/#breadcrumb\",\"itemListElement\":[{\"@type\":\"ListItem\",\"position\":1,\"name\":\"Home\",\"item\":\"https:\/\/www.champmarket.com\/en\/buy-champagne-online-champmarket\/\"},{\"@type\":\"ListItem\",\"position\":2,\"name\":\"Shop\",\"item\":\"https:\/\/www.champmarket.com\/en\/shop-2\/\"},{\"@type\":\"ListItem\",\"position\":3,\"name\":\"Drappier\",\"item\":\"https:\/\/www.champmarket.com\/en\/maisons\/selection-champagne-drappier-en\/\"},{\"@type\":\"ListItem\",\"position\":4,\"name\":\"Drappier Grande Sendr\u00e9e 2012 Bottle\"}]},{\"@type\":\"WebSite\",\"@id\":\"https:\/\/www.champmarket.com\/#website\",\"url\":\"https:\/\/www.champmarket.com\/\",\"name\":\"Champmarket\",\"description\":\"Champagne Only ! Champmarket offers a very wide range of exceptional champagnes, the greatest brands, rare vintages, limited editions, old vintages and champagne gift ideas for any occasion.\",\"publisher\":{\"@id\":\"https:\/\/www.champmarket.com\/#organization\"},\"potentialAction\":[{\"@type\":\"SearchAction\",\"target\":{\"@type\":\"EntryPoint\",\"urlTemplate\":\"https:\/\/www.champmarket.com\/?s={search_term_string}\"},\"query-input\":{\"@type\":\"PropertyValueSpecification\",\"valueRequired\":true,\"valueName\":\"search_term_string\"}}],\"inLanguage\":\"en-US\"},{\"@type\":\"Organization\",\"@id\":\"https:\/\/www.champmarket.com\/#organization\",\"name\":\"Champmarket\",\"url\":\"https:\/\/www.champmarket.com\/\",\"logo\":{\"@type\":\"ImageObject\",\"inLanguage\":\"en-US\",\"@id\":\"https:\/\/www.champmarket.com\/#\/schema\/logo\/image\/\",\"url\":\"https:\/\/www.champmarket.com\/wp-content\/uploads\/2024\/08\/logo2024-1.svg\",\"contentUrl\":\"https:\/\/www.champmarket.com\/wp-content\/uploads\/2024\/08\/logo2024-1.svg\",\"width\":579.8,\"height\":80,\"caption\":\"Champmarket\"},\"image\":{\"@id\":\"https:\/\/www.champmarket.com\/#\/schema\/logo\/image\/\"},\"sameAs\":[\"https:\/\/www.facebook.com\/ChampMarket\/\",\"https:\/\/x.com\/champmarket\",\"https:\/\/www.instagram.com\/champmarket.paris\/\",\"https:\/\/www.pinterest.fr\/champmarketparis\/\",\"https:\/\/www.linkedin.com\/company\/champmarket\/\"]}]}<\/script>\n<!-- \/ Yoast SEO plugin. -->","yoast_head_json":{"title":"Drappier Grande Sendr\u00e9e 2012 Bottle - Champmarket","description":"Drappier Grande Sendr\u00e9e 2012 is a prestigious champagne that surprises with its refined expression of aromatic complexity.","robots":{"index":"index","follow":"follow","max-snippet":"max-snippet:-1","max-image-preview":"max-image-preview:large","max-video-preview":"max-video-preview:-1"},"canonical":"https:\/\/www.champmarket.com\/en\/champagne\/drappier-grande-sendree-2012-bottle\/","og_locale":"en_US","og_type":"article","og_title":"Drappier Grande Sendr\u00e9e 2012 Bottle - Champmarket","og_description":"Drappier Grande Sendr\u00e9e 2012 is a prestigious champagne that surprises with its refined expression of aromatic complexity.","og_url":"https:\/\/www.champmarket.com\/en\/champagne\/drappier-grande-sendree-2012-bottle\/","og_site_name":"Champmarket","article_publisher":"https:\/\/www.facebook.com\/ChampMarket\/","article_modified_time":"2025-05-09T12:59:48+00:00","og_image":[{"width":2000,"height":2000,"url":"https:\/\/www.champmarket.com\/wp-content\/uploads\/2022\/09\/drappier-grande-sendree-2012-bouteille.webp","type":"image\/jpeg"}],"twitter_card":"summary_large_image","twitter_site":"@champmarket","twitter_misc":{"Est. reading time":"1 minute"},"schema":{"@context":"https:\/\/schema.org","@graph":[{"@type":"WebPage","@id":"https:\/\/www.champmarket.com\/en\/champagne\/drappier-grande-sendree-2012-bottle\/","url":"https:\/\/www.champmarket.com\/en\/champagne\/drappier-grande-sendree-2012-bottle\/","name":"Drappier Grande Sendr\u00e9e 2012 Bottle - Champmarket","isPartOf":{"@id":"https:\/\/www.champmarket.com\/#website"},"primaryImageOfPage":{"@id":"https:\/\/www.champmarket.com\/en\/champagne\/drappier-grande-sendree-2012-bottle\/#primaryimage"},"image":{"@id":"https:\/\/www.champmarket.com\/en\/champagne\/drappier-grande-sendree-2012-bottle\/#primaryimage"},"thumbnailUrl":"https:\/\/www.champmarket.com\/wp-content\/uploads\/2022\/09\/drappier-grande-sendree-2012-bouteille.webp","datePublished":"2022-09-13T06:40:39+00:00","dateModified":"2025-05-09T12:59:48+00:00","description":"Drappier Grande Sendr\u00e9e 2012 is a prestigious champagne that surprises with its refined expression of aromatic complexity.","breadcrumb":{"@id":"https:\/\/www.champmarket.com\/en\/champagne\/drappier-grande-sendree-2012-bottle\/#breadcrumb"},"inLanguage":"en-US","potentialAction":[{"@type":"ReadAction","target":["https:\/\/www.champmarket.com\/en\/champagne\/drappier-grande-sendree-2012-bottle\/"]}]},{"@type":"ImageObject","inLanguage":"en-US","@id":"https:\/\/www.champmarket.com\/en\/champagne\/drappier-grande-sendree-2012-bottle\/#primaryimage","url":"https:\/\/www.champmarket.com\/wp-content\/uploads\/2022\/09\/drappier-grande-sendree-2012-bouteille.webp","contentUrl":"https:\/\/www.champmarket.com\/wp-content\/uploads\/2022\/09\/drappier-grande-sendree-2012-bouteille.webp","width":2000,"height":2000,"caption":"Champagne Dom Ruinart Blanc de Blancs 2009 Bouteille - Champmarket"},{"@type":"BreadcrumbList","@id":"https:\/\/www.champmarket.com\/en\/champagne\/drappier-grande-sendree-2012-bottle\/#breadcrumb","itemListElement":[{"@type":"ListItem","position":1,"name":"Home","item":"https:\/\/www.champmarket.com\/en\/buy-champagne-online-champmarket\/"},{"@type":"ListItem","position":2,"name":"Shop","item":"https:\/\/www.champmarket.com\/en\/shop-2\/"},{"@type":"ListItem","position":3,"name":"Drappier","item":"https:\/\/www.champmarket.com\/en\/maisons\/selection-champagne-drappier-en\/"},{"@type":"ListItem","position":4,"name":"Drappier Grande Sendr\u00e9e 2012 Bottle"}]},{"@type":"WebSite","@id":"https:\/\/www.champmarket.com\/#website","url":"https:\/\/www.champmarket.com\/","name":"Champmarket","description":"Champagne Only ! Champmarket offers a very wide range of exceptional champagnes, the greatest brands, rare vintages, limited editions, old vintages and champagne gift ideas for any occasion.","publisher":{"@id":"https:\/\/www.champmarket.com\/#organization"},"potentialAction":[{"@type":"SearchAction","target":{"@type":"EntryPoint","urlTemplate":"https:\/\/www.champmarket.com\/?s={search_term_string}"},"query-input":{"@type":"PropertyValueSpecification","valueRequired":true,"valueName":"search_term_string"}}],"inLanguage":"en-US"},{"@type":"Organization","@id":"https:\/\/www.champmarket.com\/#organization","name":"Champmarket","url":"https:\/\/www.champmarket.com\/","logo":{"@type":"ImageObject","inLanguage":"en-US","@id":"https:\/\/www.champmarket.com\/#\/schema\/logo\/image\/","url":"https:\/\/www.champmarket.com\/wp-content\/uploads\/2024\/08\/logo2024-1.svg","contentUrl":"https:\/\/www.champmarket.com\/wp-content\/uploads\/2024\/08\/logo2024-1.svg","width":579.8,"height":80,"caption":"Champmarket"},"image":{"@id":"https:\/\/www.champmarket.com\/#\/schema\/logo\/image\/"},"sameAs":["https:\/\/www.facebook.com\/ChampMarket\/","https:\/\/x.com\/champmarket","https:\/\/www.instagram.com\/champmarket.paris\/","https:\/\/www.pinterest.fr\/champmarketparis\/","https:\/\/www.linkedin.com\/company\/champmarket\/"]}]}},"_links":{"self":[{"href":"https:\/\/www.champmarket.com\/en\/wp-json\/wp\/v2\/product\/39664","targetHints":{"allow":["GET"]}}],"collection":[{"href":"https:\/\/www.champmarket.com\/en\/wp-json\/wp\/v2\/product"}],"about":[{"href":"https:\/\/www.champmarket.com\/en\/wp-json\/wp\/v2\/types\/product"}],"version-history":[{"count":1,"href":"https:\/\/www.champmarket.com\/en\/wp-json\/wp\/v2\/product\/39664\/revisions"}],"predecessor-version":[{"id":78731,"href":"https:\/\/www.champmarket.com\/en\/wp-json\/wp\/v2\/product\/39664\/revisions\/78731"}],"wp:featuredmedia":[{"embeddable":true,"href":"https:\/\/www.champmarket.com\/en\/wp-json\/wp\/v2\/media\/39668"}],"wp:attachment":[{"href":"https:\/\/www.champmarket.com\/en\/wp-json\/wp\/v2\/media?parent=39664"}],"wp:term":[{"taxonomy":"product_brand","embeddable":true,"href":"https:\/\/www.champmarket.com\/en\/wp-json\/wp\/v2\/product_brand?post=39664"},{"taxonomy":"product_cat","embeddable":true,"href":"https:\/\/www.champmarket.com\/en\/wp-json\/wp\/v2\/product_cat?post=39664"},{"taxonomy":"product_tag","embeddable":true,"href":"https:\/\/www.champmarket.com\/en\/wp-json\/wp\/v2\/product_tag?post=39664"}],"curies":[{"name":"wp","href":"https:\/\/api.w.org\/{rel}","templated":true}]}}