{"id":39730,"date":"2022-09-20T10:48:56","date_gmt":"2022-09-20T08:48:58","guid":{"rendered":"https:\/\/www.champmarket.com\/?post_type=product&#038;p=39730"},"modified":"2023-03-17T09:58:37","modified_gmt":"2023-03-17T08:58:37","slug":"laurent-perrier-white-white-bottle","status":"publish","type":"product","link":"https:\/\/www.champmarket.com\/en\/champagne\/laurent-perrier-white-white-bottle\/","title":{"rendered":"Laurent-Perrier Blanc de Blancs Brut Nature Bottle"},"content":{"rendered":"<p>Laurent-Perrier has always favored Chardonnay as the majority grape variety in all of its cuv\u00e9es, and was the precursor of the Brut Nature category as early as 1981 with the Ultra Brut cuv\u00e9e. Only the Coteaux de la Montagne de Reims and the C\u00f4te des Blancs planted with Chardonnay have been selected and picked at perfect maturity with low acidity to enter the blend of this Blanc de Blancs.<\/p>\n<p>A perfect control of the wine making and the breeding in stainless steel tanks allow Laurent-Perrier to elaborate this champagne in Brut Nature (without added sugar, zero dosage).<\/p>\n","protected":false},"excerpt":{"rendered":"<p>Laurent-Perrier Blanc de Blancs Brut Nature is a gastronomic champagne, whose freshness and acidulous notes make it a perfect match for the finest dishes.<\/p>\n","protected":false},"featured_media":39781,"template":"","meta":{"_acf_changed":false},"product_brand":[],"product_cat":[3371,3370,3365,3409,3322,3320,1733,1695,2772,1719,1723,1722,1697],"product_tag":[1714,1701,1755,1699,1698],"class_list":{"0":"post-39730","1":"product","2":"type-product","3":"status-publish","4":"has-post-thumbnail","6":"maisons-selection-champagne-laurent-perrier-en","7":"product_cat-brut-nature-en","8":"product_cat-champagne-and-oysters","9":"product_cat-christmas-champagnes","10":"product_cat-spring-champagnes","11":"product_cat-best-champagnes","12":"product_cat-all-champagnes-and-exclusive-boxes","13":"product_cat-categorie-laurent-perrier-en","14":"product_cat-bouteilles-en","15":"product_cat-all-champagnes","16":"product_cat-champagne-blanc-de-blancs-en","17":"product_cat-champagne-prestige-en","18":"product_cat-champagne-extra-brut-non-dose-en","19":"product_cat-repas-en","20":"product_tag-100-chardonnay-en","21":"product_tag-repas-champagne-en","22":"product_tag-haute-couture-en","23":"product_tag-fruits-de-mer-en","24":"product_tag-sushis-en","26":"first","27":"instock","28":"taxable","29":"shipping-taxable","30":"purchasable","31":"product-type-simple"},"acf":[],"yoast_head":"<!-- This site is optimized with the Yoast SEO plugin v26.4 - https:\/\/yoast.com\/wordpress\/plugins\/seo\/ -->\n<title>Laurent-Perrier Blanc de Blancs Brut Nature Bottle - Champmarket<\/title>\n<meta name=\"description\" content=\"Laurent-Perrier Blanc de Blancs Brut Nature is a gastronomic champagne, whose freshness and acidulous notes make it a perfect match for the finest dishes.\" \/>\n<meta name=\"robots\" content=\"index, follow, max-snippet:-1, max-image-preview:large, max-video-preview:-1\" \/>\n<link rel=\"canonical\" href=\"https:\/\/www.champmarket.com\/en\/champagne\/laurent-perrier-white-white-bottle\/\" \/>\n<meta property=\"og:locale\" content=\"en_US\" \/>\n<meta property=\"og:type\" content=\"article\" \/>\n<meta property=\"og:title\" content=\"Laurent-Perrier Blanc de Blancs Brut Nature Bottle - Champmarket\" \/>\n<meta property=\"og:description\" content=\"Laurent-Perrier Blanc de Blancs Brut Nature is a gastronomic champagne, whose freshness and acidulous notes make it a perfect match for the finest dishes.\" \/>\n<meta property=\"og:url\" content=\"https:\/\/www.champmarket.com\/en\/champagne\/laurent-perrier-white-white-bottle\/\" \/>\n<meta property=\"og:site_name\" content=\"Champmarket\" \/>\n<meta property=\"article:publisher\" content=\"https:\/\/www.facebook.com\/ChampMarket\/\" \/>\n<meta property=\"article:modified_time\" content=\"2023-03-17T08:58:37+00:00\" \/>\n<meta property=\"og:image\" content=\"https:\/\/www.champmarket.com\/wp-content\/uploads\/2022\/09\/laurent-perrier-blanc-de-blancs-bouteille.jpg\" \/>\n\t<meta property=\"og:image:width\" content=\"2000\" \/>\n\t<meta property=\"og:image:height\" content=\"2000\" \/>\n\t<meta property=\"og:image:type\" content=\"image\/jpeg\" \/>\n<meta name=\"twitter:card\" content=\"summary_large_image\" \/>\n<meta name=\"twitter:site\" content=\"@champmarket\" \/>\n<meta name=\"twitter:label1\" content=\"Est. reading time\" \/>\n\t<meta name=\"twitter:data1\" content=\"1 minute\" \/>\n<script type=\"application\/ld+json\" class=\"yoast-schema-graph\">{\"@context\":\"https:\/\/schema.org\",\"@graph\":[{\"@type\":\"WebPage\",\"@id\":\"https:\/\/www.champmarket.com\/en\/champagne\/laurent-perrier-white-white-bottle\/\",\"url\":\"https:\/\/www.champmarket.com\/en\/champagne\/laurent-perrier-white-white-bottle\/\",\"name\":\"Laurent-Perrier Blanc de Blancs Brut Nature Bottle - Champmarket\",\"isPartOf\":{\"@id\":\"https:\/\/www.champmarket.com\/#website\"},\"primaryImageOfPage\":{\"@id\":\"https:\/\/www.champmarket.com\/en\/champagne\/laurent-perrier-white-white-bottle\/#primaryimage\"},\"image\":{\"@id\":\"https:\/\/www.champmarket.com\/en\/champagne\/laurent-perrier-white-white-bottle\/#primaryimage\"},\"thumbnailUrl\":\"https:\/\/www.champmarket.com\/wp-content\/uploads\/2022\/09\/laurent-perrier-blanc-de-blancs-bouteille.webp\",\"datePublished\":\"2022-09-20T08:48:58+00:00\",\"dateModified\":\"2023-03-17T08:58:37+00:00\",\"description\":\"Laurent-Perrier Blanc de Blancs Brut Nature is a gastronomic champagne, whose freshness and acidulous notes make it a perfect match for the finest dishes.\",\"breadcrumb\":{\"@id\":\"https:\/\/www.champmarket.com\/en\/champagne\/laurent-perrier-white-white-bottle\/#breadcrumb\"},\"inLanguage\":\"en-US\",\"potentialAction\":[{\"@type\":\"ReadAction\",\"target\":[\"https:\/\/www.champmarket.com\/en\/champagne\/laurent-perrier-white-white-bottle\/\"]}]},{\"@type\":\"ImageObject\",\"inLanguage\":\"en-US\",\"@id\":\"https:\/\/www.champmarket.com\/en\/champagne\/laurent-perrier-white-white-bottle\/#primaryimage\",\"url\":\"https:\/\/www.champmarket.com\/wp-content\/uploads\/2022\/09\/laurent-perrier-blanc-de-blancs-bouteille.webp\",\"contentUrl\":\"https:\/\/www.champmarket.com\/wp-content\/uploads\/2022\/09\/laurent-perrier-blanc-de-blancs-bouteille.webp\",\"width\":2000,\"height\":2000,\"caption\":\"Champagne Dom Ruinart Blanc de Blancs 2009 Bouteille - Champmarket\"},{\"@type\":\"BreadcrumbList\",\"@id\":\"https:\/\/www.champmarket.com\/en\/champagne\/laurent-perrier-white-white-bottle\/#breadcrumb\",\"itemListElement\":[{\"@type\":\"ListItem\",\"position\":1,\"name\":\"Home\",\"item\":\"https:\/\/www.champmarket.com\/en\/buy-champagne-online-champmarket\/\"},{\"@type\":\"ListItem\",\"position\":2,\"name\":\"Shop\",\"item\":\"https:\/\/www.champmarket.com\/en\/shop-2\/\"},{\"@type\":\"ListItem\",\"position\":3,\"name\":\"Laurent-Perrier\",\"item\":\"https:\/\/www.champmarket.com\/en\/maisons\/selection-champagne-laurent-perrier-en\/\"},{\"@type\":\"ListItem\",\"position\":4,\"name\":\"Laurent-Perrier Blanc de Blancs Brut Nature Bottle\"}]},{\"@type\":\"WebSite\",\"@id\":\"https:\/\/www.champmarket.com\/#website\",\"url\":\"https:\/\/www.champmarket.com\/\",\"name\":\"Champmarket\",\"description\":\"Champagne Only ! Champmarket offers a very wide range of exceptional champagnes, the greatest brands, rare vintages, limited editions, old vintages and champagne gift ideas for any occasion.\",\"publisher\":{\"@id\":\"https:\/\/www.champmarket.com\/#organization\"},\"potentialAction\":[{\"@type\":\"SearchAction\",\"target\":{\"@type\":\"EntryPoint\",\"urlTemplate\":\"https:\/\/www.champmarket.com\/?s={search_term_string}\"},\"query-input\":{\"@type\":\"PropertyValueSpecification\",\"valueRequired\":true,\"valueName\":\"search_term_string\"}}],\"inLanguage\":\"en-US\"},{\"@type\":\"Organization\",\"@id\":\"https:\/\/www.champmarket.com\/#organization\",\"name\":\"Champmarket\",\"url\":\"https:\/\/www.champmarket.com\/\",\"logo\":{\"@type\":\"ImageObject\",\"inLanguage\":\"en-US\",\"@id\":\"https:\/\/www.champmarket.com\/#\/schema\/logo\/image\/\",\"url\":\"https:\/\/www.champmarket.com\/wp-content\/uploads\/2024\/08\/logo2024-1.svg\",\"contentUrl\":\"https:\/\/www.champmarket.com\/wp-content\/uploads\/2024\/08\/logo2024-1.svg\",\"width\":579.8,\"height\":80,\"caption\":\"Champmarket\"},\"image\":{\"@id\":\"https:\/\/www.champmarket.com\/#\/schema\/logo\/image\/\"},\"sameAs\":[\"https:\/\/www.facebook.com\/ChampMarket\/\",\"https:\/\/x.com\/champmarket\",\"https:\/\/www.instagram.com\/champmarket.paris\/\",\"https:\/\/www.pinterest.fr\/champmarketparis\/\",\"https:\/\/www.linkedin.com\/company\/champmarket\/\"]}]}<\/script>\n<!-- \/ Yoast SEO plugin. -->","yoast_head_json":{"title":"Laurent-Perrier Blanc de Blancs Brut Nature Bottle - Champmarket","description":"Laurent-Perrier Blanc de Blancs Brut Nature is a gastronomic champagne, whose freshness and acidulous notes make it a perfect match for the finest dishes.","robots":{"index":"index","follow":"follow","max-snippet":"max-snippet:-1","max-image-preview":"max-image-preview:large","max-video-preview":"max-video-preview:-1"},"canonical":"https:\/\/www.champmarket.com\/en\/champagne\/laurent-perrier-white-white-bottle\/","og_locale":"en_US","og_type":"article","og_title":"Laurent-Perrier Blanc de Blancs Brut Nature Bottle - Champmarket","og_description":"Laurent-Perrier Blanc de Blancs Brut Nature is a gastronomic champagne, whose freshness and acidulous notes make it a perfect match for the finest dishes.","og_url":"https:\/\/www.champmarket.com\/en\/champagne\/laurent-perrier-white-white-bottle\/","og_site_name":"Champmarket","article_publisher":"https:\/\/www.facebook.com\/ChampMarket\/","article_modified_time":"2023-03-17T08:58:37+00:00","og_image":[{"width":2000,"height":2000,"url":"https:\/\/www.champmarket.com\/wp-content\/uploads\/2022\/09\/laurent-perrier-blanc-de-blancs-bouteille.jpg","type":"image\/jpeg"}],"twitter_card":"summary_large_image","twitter_site":"@champmarket","twitter_misc":{"Est. reading time":"1 minute"},"schema":{"@context":"https:\/\/schema.org","@graph":[{"@type":"WebPage","@id":"https:\/\/www.champmarket.com\/en\/champagne\/laurent-perrier-white-white-bottle\/","url":"https:\/\/www.champmarket.com\/en\/champagne\/laurent-perrier-white-white-bottle\/","name":"Laurent-Perrier Blanc de Blancs Brut Nature Bottle - Champmarket","isPartOf":{"@id":"https:\/\/www.champmarket.com\/#website"},"primaryImageOfPage":{"@id":"https:\/\/www.champmarket.com\/en\/champagne\/laurent-perrier-white-white-bottle\/#primaryimage"},"image":{"@id":"https:\/\/www.champmarket.com\/en\/champagne\/laurent-perrier-white-white-bottle\/#primaryimage"},"thumbnailUrl":"https:\/\/www.champmarket.com\/wp-content\/uploads\/2022\/09\/laurent-perrier-blanc-de-blancs-bouteille.webp","datePublished":"2022-09-20T08:48:58+00:00","dateModified":"2023-03-17T08:58:37+00:00","description":"Laurent-Perrier Blanc de Blancs Brut Nature is a gastronomic champagne, whose freshness and acidulous notes make it a perfect match for the finest dishes.","breadcrumb":{"@id":"https:\/\/www.champmarket.com\/en\/champagne\/laurent-perrier-white-white-bottle\/#breadcrumb"},"inLanguage":"en-US","potentialAction":[{"@type":"ReadAction","target":["https:\/\/www.champmarket.com\/en\/champagne\/laurent-perrier-white-white-bottle\/"]}]},{"@type":"ImageObject","inLanguage":"en-US","@id":"https:\/\/www.champmarket.com\/en\/champagne\/laurent-perrier-white-white-bottle\/#primaryimage","url":"https:\/\/www.champmarket.com\/wp-content\/uploads\/2022\/09\/laurent-perrier-blanc-de-blancs-bouteille.webp","contentUrl":"https:\/\/www.champmarket.com\/wp-content\/uploads\/2022\/09\/laurent-perrier-blanc-de-blancs-bouteille.webp","width":2000,"height":2000,"caption":"Champagne Dom Ruinart Blanc de Blancs 2009 Bouteille - Champmarket"},{"@type":"BreadcrumbList","@id":"https:\/\/www.champmarket.com\/en\/champagne\/laurent-perrier-white-white-bottle\/#breadcrumb","itemListElement":[{"@type":"ListItem","position":1,"name":"Home","item":"https:\/\/www.champmarket.com\/en\/buy-champagne-online-champmarket\/"},{"@type":"ListItem","position":2,"name":"Shop","item":"https:\/\/www.champmarket.com\/en\/shop-2\/"},{"@type":"ListItem","position":3,"name":"Laurent-Perrier","item":"https:\/\/www.champmarket.com\/en\/maisons\/selection-champagne-laurent-perrier-en\/"},{"@type":"ListItem","position":4,"name":"Laurent-Perrier Blanc de Blancs Brut Nature Bottle"}]},{"@type":"WebSite","@id":"https:\/\/www.champmarket.com\/#website","url":"https:\/\/www.champmarket.com\/","name":"Champmarket","description":"Champagne Only ! Champmarket offers a very wide range of exceptional champagnes, the greatest brands, rare vintages, limited editions, old vintages and champagne gift ideas for any occasion.","publisher":{"@id":"https:\/\/www.champmarket.com\/#organization"},"potentialAction":[{"@type":"SearchAction","target":{"@type":"EntryPoint","urlTemplate":"https:\/\/www.champmarket.com\/?s={search_term_string}"},"query-input":{"@type":"PropertyValueSpecification","valueRequired":true,"valueName":"search_term_string"}}],"inLanguage":"en-US"},{"@type":"Organization","@id":"https:\/\/www.champmarket.com\/#organization","name":"Champmarket","url":"https:\/\/www.champmarket.com\/","logo":{"@type":"ImageObject","inLanguage":"en-US","@id":"https:\/\/www.champmarket.com\/#\/schema\/logo\/image\/","url":"https:\/\/www.champmarket.com\/wp-content\/uploads\/2024\/08\/logo2024-1.svg","contentUrl":"https:\/\/www.champmarket.com\/wp-content\/uploads\/2024\/08\/logo2024-1.svg","width":579.8,"height":80,"caption":"Champmarket"},"image":{"@id":"https:\/\/www.champmarket.com\/#\/schema\/logo\/image\/"},"sameAs":["https:\/\/www.facebook.com\/ChampMarket\/","https:\/\/x.com\/champmarket","https:\/\/www.instagram.com\/champmarket.paris\/","https:\/\/www.pinterest.fr\/champmarketparis\/","https:\/\/www.linkedin.com\/company\/champmarket\/"]}]}},"_links":{"self":[{"href":"https:\/\/www.champmarket.com\/en\/wp-json\/wp\/v2\/product\/39730","targetHints":{"allow":["GET"]}}],"collection":[{"href":"https:\/\/www.champmarket.com\/en\/wp-json\/wp\/v2\/product"}],"about":[{"href":"https:\/\/www.champmarket.com\/en\/wp-json\/wp\/v2\/types\/product"}],"version-history":[{"count":0,"href":"https:\/\/www.champmarket.com\/en\/wp-json\/wp\/v2\/product\/39730\/revisions"}],"wp:featuredmedia":[{"embeddable":true,"href":"https:\/\/www.champmarket.com\/en\/wp-json\/wp\/v2\/media\/39781"}],"wp:attachment":[{"href":"https:\/\/www.champmarket.com\/en\/wp-json\/wp\/v2\/media?parent=39730"}],"wp:term":[{"taxonomy":"product_brand","embeddable":true,"href":"https:\/\/www.champmarket.com\/en\/wp-json\/wp\/v2\/product_brand?post=39730"},{"taxonomy":"product_cat","embeddable":true,"href":"https:\/\/www.champmarket.com\/en\/wp-json\/wp\/v2\/product_cat?post=39730"},{"taxonomy":"product_tag","embeddable":true,"href":"https:\/\/www.champmarket.com\/en\/wp-json\/wp\/v2\/product_tag?post=39730"}],"curies":[{"name":"wp","href":"https:\/\/api.w.org\/{rel}","templated":true}]}}