{"id":39830,"date":"2022-09-23T11:02:40","date_gmt":"2022-09-23T09:02:42","guid":{"rendered":"https:\/\/www.champmarket.com\/?post_type=product&#038;p=39830"},"modified":"2025-05-26T15:00:04","modified_gmt":"2025-05-26T13:00:04","slug":"louis-roederer-cristal-rose-vinotheque-2000-bottle","status":"publish","type":"product","link":"https:\/\/www.champmarket.com\/en\/champagne\/louis-roederer-cristal-rose-vinotheque-2000-bottle\/","title":{"rendered":"Louis Roederer Cristal Ros\u00e9 Vinoth\u00e8que 2000 Bottle"},"content":{"rendered":"<p>Made from the greatest vintages of Cristal and the fruit of twenty years of unique attention and craftsmanship, Cristal Vinoth\u00e8que Ros\u00e9 2000 represents the pinnacle of Champagne&#8217;s savoir-faire. After 1995, 1996 and 1999, Vinoth\u00e8que 2000 continues the quest for sophistication that defines this cuv\u00e9e, revealing exceptional intensity and complexity.<\/p>\n<p>Crafted by 20 years of tailor-made ageing in three successive phases (on laths, on a point and then on a cork), the bottles of Cristal Vinoth\u00e8que have been given a new identity. The laboratory of time offers them a new case and, releasing the full radiance of the wine, a fusion of the material, human know-how and expectation, draws the outlines of a total achievement.<\/p>\n<p>By pushing back the limits of time, a new Cristal is born. Once it has reached maximum expression, the chosen cuv\u00e9e achieves greater complexity, texture and grain.<\/p>\n<p>The Louis Roederer Cristal Vinoth\u00e8que Ros\u00e9 2000 is ideal for special occasions.<\/p>\n","protected":false},"excerpt":{"rendered":"<p>Louis Roederer Cristal Ros\u00e9 Vinoth\u00e8que 2000 celebrates the astonishing adventure of a few bottles kept for 20 years in the Louis Roederer cellars, in search of the perfect balance. The cuv\u00e9e was aged for 11 years on laths, then 5 years on points and rested for 4 years after disgorgement.<\/p>\n<p>Born in a chaotic year, surprising at birth, very delicate, Louis Roederer Cristal Ros\u00e9 Vinoth\u00e8que 2000 was without doubt the most elusive of all the Cristal vintages and is today the one that best embodies the beauty of Champagne.<\/p>\n<p>&#8220;This Cristal Ros\u00e9 Vinoth\u00e8que, while retaining an incomparable purity and energy, perfectly embodies the search for intensity and complexity revealed in the Vinoth\u00e8que. &#8211; Jean-Baptiste L\u00e9caillon, Cellar Master<\/p>\n","protected":false},"featured_media":39833,"template":"","meta":{"_acf_changed":false},"product_brand":[],"product_cat":[3320,1734,1695,2772,1696,1717,1723,1748,1697],"product_tag":[1682,1700,1701,1755,1684,1762,3504],"class_list":{"0":"post-39830","1":"product","2":"type-product","3":"status-publish","4":"has-post-thumbnail","6":"maisons-selection-champagne-louis-roederer-en","7":"product_cat-all-champagnes-and-exclusive-boxes","8":"product_cat-categorie-louis-roederer-en","9":"product_cat-bouteilles-en","10":"product_cat-all-champagnes","11":"product_cat-champagne-rose-en","12":"product_cat-champagne-millesime-en","13":"product_cat-champagne-prestige-en","14":"product_cat-aperitif-en","15":"product_cat-repas-en","16":"product_tag-pour-offrir-en","17":"product_tag-la-vie-en-rose-en","18":"product_tag-repas-champagne-en","19":"product_tag-haute-couture-en","20":"product_tag-aperitif-en","21":"product_tag-vintage-en","22":"product_tag-wine-library","24":"first","25":"instock","26":"taxable","27":"shipping-taxable","28":"purchasable","29":"product-type-simple"},"acf":[],"yoast_head":"<!-- This site is optimized with the Yoast SEO plugin v26.4 - https:\/\/yoast.com\/wordpress\/plugins\/seo\/ -->\n<title>Louis Roederer Cristal Ros\u00e9 Vinoth\u00e8que 2000 Bottle - Champmarket<\/title>\n<meta name=\"description\" content=\"Louis Roederer Cristal Ros\u00e9 Vinoth\u00e8que 2000 celebrates the astonishing adventure of a few bottles kept for 20 years in the Louis Roederer cellars, in search of the perfect balance.\" \/>\n<meta name=\"robots\" content=\"index, follow, max-snippet:-1, max-image-preview:large, max-video-preview:-1\" \/>\n<link rel=\"canonical\" href=\"https:\/\/www.champmarket.com\/en\/champagne\/louis-roederer-cristal-rose-vinotheque-2000-bottle\/\" \/>\n<meta property=\"og:locale\" content=\"en_US\" \/>\n<meta property=\"og:type\" content=\"article\" \/>\n<meta property=\"og:title\" content=\"Louis Roederer Cristal Ros\u00e9 Vinoth\u00e8que 2000 Bottle - Champmarket\" \/>\n<meta property=\"og:description\" content=\"Louis Roederer Cristal Ros\u00e9 Vinoth\u00e8que 2000 celebrates the astonishing adventure of a few bottles kept for 20 years in the Louis Roederer cellars, in search of the perfect balance.\" \/>\n<meta property=\"og:url\" content=\"https:\/\/www.champmarket.com\/en\/champagne\/louis-roederer-cristal-rose-vinotheque-2000-bottle\/\" \/>\n<meta property=\"og:site_name\" content=\"Champmarket\" \/>\n<meta property=\"article:publisher\" content=\"https:\/\/www.facebook.com\/ChampMarket\/\" \/>\n<meta property=\"article:modified_time\" content=\"2025-05-26T13:00:04+00:00\" \/>\n<meta property=\"og:image\" content=\"https:\/\/www.champmarket.com\/wp-content\/uploads\/2022\/09\/louis-roederer-cristal-rose-vinotheque-2000-bouteille.webp\" \/>\n\t<meta property=\"og:image:width\" content=\"2000\" \/>\n\t<meta property=\"og:image:height\" content=\"2000\" \/>\n\t<meta property=\"og:image:type\" content=\"image\/jpeg\" \/>\n<meta name=\"twitter:card\" content=\"summary_large_image\" \/>\n<meta name=\"twitter:site\" content=\"@champmarket\" \/>\n<meta name=\"twitter:label1\" content=\"Est. reading time\" \/>\n\t<meta name=\"twitter:data1\" content=\"1 minute\" \/>\n<script type=\"application\/ld+json\" class=\"yoast-schema-graph\">{\"@context\":\"https:\/\/schema.org\",\"@graph\":[{\"@type\":\"WebPage\",\"@id\":\"https:\/\/www.champmarket.com\/en\/champagne\/louis-roederer-cristal-rose-vinotheque-2000-bottle\/\",\"url\":\"https:\/\/www.champmarket.com\/en\/champagne\/louis-roederer-cristal-rose-vinotheque-2000-bottle\/\",\"name\":\"Louis Roederer Cristal Ros\u00e9 Vinoth\u00e8que 2000 Bottle - Champmarket\",\"isPartOf\":{\"@id\":\"https:\/\/www.champmarket.com\/#website\"},\"primaryImageOfPage\":{\"@id\":\"https:\/\/www.champmarket.com\/en\/champagne\/louis-roederer-cristal-rose-vinotheque-2000-bottle\/#primaryimage\"},\"image\":{\"@id\":\"https:\/\/www.champmarket.com\/en\/champagne\/louis-roederer-cristal-rose-vinotheque-2000-bottle\/#primaryimage\"},\"thumbnailUrl\":\"https:\/\/www.champmarket.com\/wp-content\/uploads\/2022\/09\/louis-roederer-cristal-rose-vinotheque-2000-bouteille.webp\",\"datePublished\":\"2022-09-23T09:02:42+00:00\",\"dateModified\":\"2025-05-26T13:00:04+00:00\",\"description\":\"Louis Roederer Cristal Ros\u00e9 Vinoth\u00e8que 2000 celebrates the astonishing adventure of a few bottles kept for 20 years in the Louis Roederer cellars, in search of the perfect balance.\",\"breadcrumb\":{\"@id\":\"https:\/\/www.champmarket.com\/en\/champagne\/louis-roederer-cristal-rose-vinotheque-2000-bottle\/#breadcrumb\"},\"inLanguage\":\"en-US\",\"potentialAction\":[{\"@type\":\"ReadAction\",\"target\":[\"https:\/\/www.champmarket.com\/en\/champagne\/louis-roederer-cristal-rose-vinotheque-2000-bottle\/\"]}]},{\"@type\":\"ImageObject\",\"inLanguage\":\"en-US\",\"@id\":\"https:\/\/www.champmarket.com\/en\/champagne\/louis-roederer-cristal-rose-vinotheque-2000-bottle\/#primaryimage\",\"url\":\"https:\/\/www.champmarket.com\/wp-content\/uploads\/2022\/09\/louis-roederer-cristal-rose-vinotheque-2000-bouteille.webp\",\"contentUrl\":\"https:\/\/www.champmarket.com\/wp-content\/uploads\/2022\/09\/louis-roederer-cristal-rose-vinotheque-2000-bouteille.webp\",\"width\":2000,\"height\":2000,\"caption\":\"Champagne Dom Ruinart Blanc de Blancs 2009 Bouteille - Champmarket\"},{\"@type\":\"BreadcrumbList\",\"@id\":\"https:\/\/www.champmarket.com\/en\/champagne\/louis-roederer-cristal-rose-vinotheque-2000-bottle\/#breadcrumb\",\"itemListElement\":[{\"@type\":\"ListItem\",\"position\":1,\"name\":\"Home\",\"item\":\"https:\/\/www.champmarket.com\/en\/buy-champagne-online-champmarket\/\"},{\"@type\":\"ListItem\",\"position\":2,\"name\":\"Shop\",\"item\":\"https:\/\/www.champmarket.com\/en\/shop-2\/\"},{\"@type\":\"ListItem\",\"position\":3,\"name\":\"Louis Roederer\",\"item\":\"https:\/\/www.champmarket.com\/en\/maisons\/selection-champagne-louis-roederer-en\/\"},{\"@type\":\"ListItem\",\"position\":4,\"name\":\"Louis Roederer Cristal Ros\u00e9 Vinoth\u00e8que 2000 Bottle\"}]},{\"@type\":\"WebSite\",\"@id\":\"https:\/\/www.champmarket.com\/#website\",\"url\":\"https:\/\/www.champmarket.com\/\",\"name\":\"Champmarket\",\"description\":\"Champagne Only ! Champmarket offers a very wide range of exceptional champagnes, the greatest brands, rare vintages, limited editions, old vintages and champagne gift ideas for any occasion.\",\"publisher\":{\"@id\":\"https:\/\/www.champmarket.com\/#organization\"},\"potentialAction\":[{\"@type\":\"SearchAction\",\"target\":{\"@type\":\"EntryPoint\",\"urlTemplate\":\"https:\/\/www.champmarket.com\/?s={search_term_string}\"},\"query-input\":{\"@type\":\"PropertyValueSpecification\",\"valueRequired\":true,\"valueName\":\"search_term_string\"}}],\"inLanguage\":\"en-US\"},{\"@type\":\"Organization\",\"@id\":\"https:\/\/www.champmarket.com\/#organization\",\"name\":\"Champmarket\",\"url\":\"https:\/\/www.champmarket.com\/\",\"logo\":{\"@type\":\"ImageObject\",\"inLanguage\":\"en-US\",\"@id\":\"https:\/\/www.champmarket.com\/#\/schema\/logo\/image\/\",\"url\":\"https:\/\/www.champmarket.com\/wp-content\/uploads\/2024\/08\/logo2024-1.svg\",\"contentUrl\":\"https:\/\/www.champmarket.com\/wp-content\/uploads\/2024\/08\/logo2024-1.svg\",\"width\":579.8,\"height\":80,\"caption\":\"Champmarket\"},\"image\":{\"@id\":\"https:\/\/www.champmarket.com\/#\/schema\/logo\/image\/\"},\"sameAs\":[\"https:\/\/www.facebook.com\/ChampMarket\/\",\"https:\/\/x.com\/champmarket\",\"https:\/\/www.instagram.com\/champmarket.paris\/\",\"https:\/\/www.pinterest.fr\/champmarketparis\/\",\"https:\/\/www.linkedin.com\/company\/champmarket\/\"]}]}<\/script>\n<!-- \/ Yoast SEO plugin. -->","yoast_head_json":{"title":"Louis Roederer Cristal Ros\u00e9 Vinoth\u00e8que 2000 Bottle - Champmarket","description":"Louis Roederer Cristal Ros\u00e9 Vinoth\u00e8que 2000 celebrates the astonishing adventure of a few bottles kept for 20 years in the Louis Roederer cellars, in search of the perfect balance.","robots":{"index":"index","follow":"follow","max-snippet":"max-snippet:-1","max-image-preview":"max-image-preview:large","max-video-preview":"max-video-preview:-1"},"canonical":"https:\/\/www.champmarket.com\/en\/champagne\/louis-roederer-cristal-rose-vinotheque-2000-bottle\/","og_locale":"en_US","og_type":"article","og_title":"Louis Roederer Cristal Ros\u00e9 Vinoth\u00e8que 2000 Bottle - Champmarket","og_description":"Louis Roederer Cristal Ros\u00e9 Vinoth\u00e8que 2000 celebrates the astonishing adventure of a few bottles kept for 20 years in the Louis Roederer cellars, in search of the perfect balance.","og_url":"https:\/\/www.champmarket.com\/en\/champagne\/louis-roederer-cristal-rose-vinotheque-2000-bottle\/","og_site_name":"Champmarket","article_publisher":"https:\/\/www.facebook.com\/ChampMarket\/","article_modified_time":"2025-05-26T13:00:04+00:00","og_image":[{"width":2000,"height":2000,"url":"https:\/\/www.champmarket.com\/wp-content\/uploads\/2022\/09\/louis-roederer-cristal-rose-vinotheque-2000-bouteille.webp","type":"image\/jpeg"}],"twitter_card":"summary_large_image","twitter_site":"@champmarket","twitter_misc":{"Est. reading time":"1 minute"},"schema":{"@context":"https:\/\/schema.org","@graph":[{"@type":"WebPage","@id":"https:\/\/www.champmarket.com\/en\/champagne\/louis-roederer-cristal-rose-vinotheque-2000-bottle\/","url":"https:\/\/www.champmarket.com\/en\/champagne\/louis-roederer-cristal-rose-vinotheque-2000-bottle\/","name":"Louis Roederer Cristal Ros\u00e9 Vinoth\u00e8que 2000 Bottle - Champmarket","isPartOf":{"@id":"https:\/\/www.champmarket.com\/#website"},"primaryImageOfPage":{"@id":"https:\/\/www.champmarket.com\/en\/champagne\/louis-roederer-cristal-rose-vinotheque-2000-bottle\/#primaryimage"},"image":{"@id":"https:\/\/www.champmarket.com\/en\/champagne\/louis-roederer-cristal-rose-vinotheque-2000-bottle\/#primaryimage"},"thumbnailUrl":"https:\/\/www.champmarket.com\/wp-content\/uploads\/2022\/09\/louis-roederer-cristal-rose-vinotheque-2000-bouteille.webp","datePublished":"2022-09-23T09:02:42+00:00","dateModified":"2025-05-26T13:00:04+00:00","description":"Louis Roederer Cristal Ros\u00e9 Vinoth\u00e8que 2000 celebrates the astonishing adventure of a few bottles kept for 20 years in the Louis Roederer cellars, in search of the perfect balance.","breadcrumb":{"@id":"https:\/\/www.champmarket.com\/en\/champagne\/louis-roederer-cristal-rose-vinotheque-2000-bottle\/#breadcrumb"},"inLanguage":"en-US","potentialAction":[{"@type":"ReadAction","target":["https:\/\/www.champmarket.com\/en\/champagne\/louis-roederer-cristal-rose-vinotheque-2000-bottle\/"]}]},{"@type":"ImageObject","inLanguage":"en-US","@id":"https:\/\/www.champmarket.com\/en\/champagne\/louis-roederer-cristal-rose-vinotheque-2000-bottle\/#primaryimage","url":"https:\/\/www.champmarket.com\/wp-content\/uploads\/2022\/09\/louis-roederer-cristal-rose-vinotheque-2000-bouteille.webp","contentUrl":"https:\/\/www.champmarket.com\/wp-content\/uploads\/2022\/09\/louis-roederer-cristal-rose-vinotheque-2000-bouteille.webp","width":2000,"height":2000,"caption":"Champagne Dom Ruinart Blanc de Blancs 2009 Bouteille - Champmarket"},{"@type":"BreadcrumbList","@id":"https:\/\/www.champmarket.com\/en\/champagne\/louis-roederer-cristal-rose-vinotheque-2000-bottle\/#breadcrumb","itemListElement":[{"@type":"ListItem","position":1,"name":"Home","item":"https:\/\/www.champmarket.com\/en\/buy-champagne-online-champmarket\/"},{"@type":"ListItem","position":2,"name":"Shop","item":"https:\/\/www.champmarket.com\/en\/shop-2\/"},{"@type":"ListItem","position":3,"name":"Louis Roederer","item":"https:\/\/www.champmarket.com\/en\/maisons\/selection-champagne-louis-roederer-en\/"},{"@type":"ListItem","position":4,"name":"Louis Roederer Cristal Ros\u00e9 Vinoth\u00e8que 2000 Bottle"}]},{"@type":"WebSite","@id":"https:\/\/www.champmarket.com\/#website","url":"https:\/\/www.champmarket.com\/","name":"Champmarket","description":"Champagne Only ! Champmarket offers a very wide range of exceptional champagnes, the greatest brands, rare vintages, limited editions, old vintages and champagne gift ideas for any occasion.","publisher":{"@id":"https:\/\/www.champmarket.com\/#organization"},"potentialAction":[{"@type":"SearchAction","target":{"@type":"EntryPoint","urlTemplate":"https:\/\/www.champmarket.com\/?s={search_term_string}"},"query-input":{"@type":"PropertyValueSpecification","valueRequired":true,"valueName":"search_term_string"}}],"inLanguage":"en-US"},{"@type":"Organization","@id":"https:\/\/www.champmarket.com\/#organization","name":"Champmarket","url":"https:\/\/www.champmarket.com\/","logo":{"@type":"ImageObject","inLanguage":"en-US","@id":"https:\/\/www.champmarket.com\/#\/schema\/logo\/image\/","url":"https:\/\/www.champmarket.com\/wp-content\/uploads\/2024\/08\/logo2024-1.svg","contentUrl":"https:\/\/www.champmarket.com\/wp-content\/uploads\/2024\/08\/logo2024-1.svg","width":579.8,"height":80,"caption":"Champmarket"},"image":{"@id":"https:\/\/www.champmarket.com\/#\/schema\/logo\/image\/"},"sameAs":["https:\/\/www.facebook.com\/ChampMarket\/","https:\/\/x.com\/champmarket","https:\/\/www.instagram.com\/champmarket.paris\/","https:\/\/www.pinterest.fr\/champmarketparis\/","https:\/\/www.linkedin.com\/company\/champmarket\/"]}]}},"_links":{"self":[{"href":"https:\/\/www.champmarket.com\/en\/wp-json\/wp\/v2\/product\/39830","targetHints":{"allow":["GET"]}}],"collection":[{"href":"https:\/\/www.champmarket.com\/en\/wp-json\/wp\/v2\/product"}],"about":[{"href":"https:\/\/www.champmarket.com\/en\/wp-json\/wp\/v2\/types\/product"}],"version-history":[{"count":2,"href":"https:\/\/www.champmarket.com\/en\/wp-json\/wp\/v2\/product\/39830\/revisions"}],"predecessor-version":[{"id":79569,"href":"https:\/\/www.champmarket.com\/en\/wp-json\/wp\/v2\/product\/39830\/revisions\/79569"}],"wp:featuredmedia":[{"embeddable":true,"href":"https:\/\/www.champmarket.com\/en\/wp-json\/wp\/v2\/media\/39833"}],"wp:attachment":[{"href":"https:\/\/www.champmarket.com\/en\/wp-json\/wp\/v2\/media?parent=39830"}],"wp:term":[{"taxonomy":"product_brand","embeddable":true,"href":"https:\/\/www.champmarket.com\/en\/wp-json\/wp\/v2\/product_brand?post=39830"},{"taxonomy":"product_cat","embeddable":true,"href":"https:\/\/www.champmarket.com\/en\/wp-json\/wp\/v2\/product_cat?post=39830"},{"taxonomy":"product_tag","embeddable":true,"href":"https:\/\/www.champmarket.com\/en\/wp-json\/wp\/v2\/product_tag?post=39830"}],"curies":[{"name":"wp","href":"https:\/\/api.w.org\/{rel}","templated":true}]}}