{"id":39893,"date":"2022-09-29T18:09:05","date_gmt":"2022-09-29T16:09:05","guid":{"rendered":"https:\/\/www.champmarket.com\/?post_type=product&#038;p=39893"},"modified":"2023-07-01T00:00:12","modified_gmt":"2023-06-30T22:00:12","slug":"louis-roederer-brut-nature-rose-2015-by-philippe-starck-bottle","status":"publish","type":"product","link":"https:\/\/www.champmarket.com\/en\/champagne\/louis-roederer-brut-nature-rose-2015-by-philippe-starck-bottle\/","title":{"rendered":"Louis Roederer Brut Nature Ros\u00e9 2015 by Philippe Starck Bottle"},"content":{"rendered":"<p>The story of Brut Nature began more than ten years ago with a conversation between Fr\u00e9d\u00e9ric Rouzaud, Chairman and CEO of Champagne Louis Roederer, Jean-Baptiste L\u00e9caillon, Cellar Master, and the designer Philippe Starck. The lively and passionate exchange, which has now developed into a true friendship, laid the foundations for this minimalist cuv\u00e9e that is bursting with life. This fourth opus expresses in its turn and in its own way, both singular and faithful to the fundamentals of Brut Nature, the very winegrower identity of a champagne wine that draws its authenticity and originality from a gesture that is as precise and incisive as it is free and emotional.<\/p>\n<p>This cuv\u00e9e is the fruit of a new exploration of the Cumi\u00e8res terroir, this clay hillside facing the sun and bathed in all its light, and in particular of three contiguous plots &#8211; Les Pierreuses, Les Ch\u00e8vres, Les Clos &#8211; formerly pasture land. The cold, clayey soils, which contrast with the chalky soil of the Champagne region, offer, in the warmest years, an ideal ripeness and a superior vibrancy, forming a nice contrast between the intensity of the fruit and the salinity characteristic of Brut Nature.<\/p>\n<p>Louis Roederer Brut Nature Ros\u00e9 2015 by Philippe Starck is a modern, mineral and upright wine, a perfect snapshot of its origin.<\/p>\n","protected":false},"excerpt":{"rendered":"<p>The Louis Roederer Brut Nature Ros\u00e9 2015 by Philippe Starck cuv\u00e9e, the fourth opus of the collaboration between the Champagne House and the famous designer, is offered a spectacular new vintage. Continental and sunny, the 2015 vintage offers explosive sap, magnificent concentration and great depth, playing on the codes of maturation with refinement.<\/p>\n<p>&#8220;Brut Nature is a laboratory that allows Louis Roederer to push this living, this biodiversity to the utmost to see to what extent it could take over many of our practices.&#8221; Jean-Baptiste L\u00e9caillon, Cellar Manager Champagne Louis Roederer<\/p>\n<p>&#8220;The Brut Nature 2015 Ros\u00e9 is a mental game, a unique sensory and sentimental experience where you drink colour, you drink pink. Tender and intimate, sparkling and powdery. It is a sunset champagne. Philippe Starck<\/p>\n","protected":false},"featured_media":39895,"template":"","meta":{"_acf_changed":false},"product_brand":[],"product_cat":[3453,3371,3370,3409,2774,3320,1734,1695,2772,1696,1722,1697],"product_tag":[1700,1701,1699,1698,1762],"class_list":{"0":"post-39893","1":"product","2":"type-product","3":"status-publish","4":"has-post-thumbnail","6":"maisons-selection-champagne-louis-roederer-en","7":"product_cat-selection-for-6-bottle-vintage-composite-case","8":"product_cat-brut-nature-en","9":"product_cat-champagne-and-oysters","10":"product_cat-spring-champagnes","11":"product_cat-selection-for-6-bottle-composite-box-579e","12":"product_cat-all-champagnes-and-exclusive-boxes","13":"product_cat-categorie-louis-roederer-en","14":"product_cat-bouteilles-en","15":"product_cat-all-champagnes","16":"product_cat-champagne-rose-en","17":"product_cat-champagne-extra-brut-non-dose-en","18":"product_cat-repas-en","19":"product_tag-la-vie-en-rose-en","20":"product_tag-repas-champagne-en","21":"product_tag-fruits-de-mer-en","22":"product_tag-sushis-en","23":"product_tag-vintage-en","25":"first","26":"instock","27":"taxable","28":"shipping-taxable","29":"purchasable","30":"product-type-simple"},"acf":[],"yoast_head":"<!-- This site is optimized with the Yoast SEO plugin v26.4 - https:\/\/yoast.com\/wordpress\/plugins\/seo\/ -->\n<title>Louis Roederer Brut Nature Ros\u00e9 2015 by Philippe Starck Bottle - Champmarket<\/title>\n<meta name=\"description\" content=\"The Louis Roederer Brut Nature Ros\u00e9 2015 Philippe Starck cuv\u00e9e, the fourth opus in the collaboration between the Champagne House and the famous designer, offers a spectacular new vintage.\" \/>\n<meta name=\"robots\" content=\"index, follow, max-snippet:-1, max-image-preview:large, max-video-preview:-1\" \/>\n<link rel=\"canonical\" href=\"https:\/\/www.champmarket.com\/en\/champagne\/louis-roederer-brut-nature-rose-2015-by-philippe-starck-bottle\/\" \/>\n<meta property=\"og:locale\" content=\"en_US\" \/>\n<meta property=\"og:type\" content=\"article\" \/>\n<meta property=\"og:title\" content=\"Louis Roederer Brut Nature Ros\u00e9 2015 by Philippe Starck Bottle - Champmarket\" \/>\n<meta property=\"og:description\" content=\"The Louis Roederer Brut Nature Ros\u00e9 2015 Philippe Starck cuv\u00e9e, the fourth opus in the collaboration between the Champagne House and the famous designer, offers a spectacular new vintage.\" \/>\n<meta property=\"og:url\" content=\"https:\/\/www.champmarket.com\/en\/champagne\/louis-roederer-brut-nature-rose-2015-by-philippe-starck-bottle\/\" \/>\n<meta property=\"og:site_name\" content=\"Champmarket\" \/>\n<meta property=\"article:publisher\" content=\"https:\/\/www.facebook.com\/ChampMarket\/\" \/>\n<meta property=\"article:modified_time\" content=\"2023-06-30T22:00:12+00:00\" \/>\n<meta property=\"og:image\" content=\"https:\/\/www.champmarket.com\/wp-content\/uploads\/2022\/09\/louis-roederer-brut-nature-rose-2015-philippe-starck-bouteille.webp\" \/>\n\t<meta property=\"og:image:width\" content=\"2000\" \/>\n\t<meta property=\"og:image:height\" content=\"2000\" \/>\n\t<meta property=\"og:image:type\" content=\"image\/jpeg\" \/>\n<meta name=\"twitter:card\" content=\"summary_large_image\" \/>\n<meta name=\"twitter:site\" content=\"@champmarket\" \/>\n<meta name=\"twitter:label1\" content=\"Est. reading time\" \/>\n\t<meta name=\"twitter:data1\" content=\"2 minutes\" \/>\n<script type=\"application\/ld+json\" class=\"yoast-schema-graph\">{\"@context\":\"https:\/\/schema.org\",\"@graph\":[{\"@type\":\"WebPage\",\"@id\":\"https:\/\/www.champmarket.com\/en\/champagne\/louis-roederer-brut-nature-rose-2015-by-philippe-starck-bottle\/\",\"url\":\"https:\/\/www.champmarket.com\/en\/champagne\/louis-roederer-brut-nature-rose-2015-by-philippe-starck-bottle\/\",\"name\":\"Louis Roederer Brut Nature Ros\u00e9 2015 by Philippe Starck Bottle - Champmarket\",\"isPartOf\":{\"@id\":\"https:\/\/www.champmarket.com\/#website\"},\"primaryImageOfPage\":{\"@id\":\"https:\/\/www.champmarket.com\/en\/champagne\/louis-roederer-brut-nature-rose-2015-by-philippe-starck-bottle\/#primaryimage\"},\"image\":{\"@id\":\"https:\/\/www.champmarket.com\/en\/champagne\/louis-roederer-brut-nature-rose-2015-by-philippe-starck-bottle\/#primaryimage\"},\"thumbnailUrl\":\"https:\/\/www.champmarket.com\/wp-content\/uploads\/2022\/09\/louis-roederer-brut-nature-rose-2015-philippe-starck-bouteille.webp\",\"datePublished\":\"2022-09-29T16:09:05+00:00\",\"dateModified\":\"2023-06-30T22:00:12+00:00\",\"description\":\"The Louis Roederer Brut Nature Ros\u00e9 2015 Philippe Starck cuv\u00e9e, the fourth opus in the collaboration between the Champagne House and the famous designer, offers a spectacular new vintage.\",\"breadcrumb\":{\"@id\":\"https:\/\/www.champmarket.com\/en\/champagne\/louis-roederer-brut-nature-rose-2015-by-philippe-starck-bottle\/#breadcrumb\"},\"inLanguage\":\"en-US\",\"potentialAction\":[{\"@type\":\"ReadAction\",\"target\":[\"https:\/\/www.champmarket.com\/en\/champagne\/louis-roederer-brut-nature-rose-2015-by-philippe-starck-bottle\/\"]}]},{\"@type\":\"ImageObject\",\"inLanguage\":\"en-US\",\"@id\":\"https:\/\/www.champmarket.com\/en\/champagne\/louis-roederer-brut-nature-rose-2015-by-philippe-starck-bottle\/#primaryimage\",\"url\":\"https:\/\/www.champmarket.com\/wp-content\/uploads\/2022\/09\/louis-roederer-brut-nature-rose-2015-philippe-starck-bouteille.webp\",\"contentUrl\":\"https:\/\/www.champmarket.com\/wp-content\/uploads\/2022\/09\/louis-roederer-brut-nature-rose-2015-philippe-starck-bouteille.webp\",\"width\":2000,\"height\":2000,\"caption\":\"Champagne Louis Roederer Brut Nature 2015 par Philippe Starck Bouteille - Champmarket\"},{\"@type\":\"BreadcrumbList\",\"@id\":\"https:\/\/www.champmarket.com\/en\/champagne\/louis-roederer-brut-nature-rose-2015-by-philippe-starck-bottle\/#breadcrumb\",\"itemListElement\":[{\"@type\":\"ListItem\",\"position\":1,\"name\":\"Home\",\"item\":\"https:\/\/www.champmarket.com\/en\/buy-champagne-online-champmarket\/\"},{\"@type\":\"ListItem\",\"position\":2,\"name\":\"Shop\",\"item\":\"https:\/\/www.champmarket.com\/en\/shop-2\/\"},{\"@type\":\"ListItem\",\"position\":3,\"name\":\"Louis Roederer\",\"item\":\"https:\/\/www.champmarket.com\/en\/maisons\/selection-champagne-louis-roederer-en\/\"},{\"@type\":\"ListItem\",\"position\":4,\"name\":\"Louis Roederer Brut Nature Ros\u00e9 2015 by Philippe Starck Bottle\"}]},{\"@type\":\"WebSite\",\"@id\":\"https:\/\/www.champmarket.com\/#website\",\"url\":\"https:\/\/www.champmarket.com\/\",\"name\":\"Champmarket\",\"description\":\"Champagne Only ! Champmarket offers a very wide range of exceptional champagnes, the greatest brands, rare vintages, limited editions, old vintages and champagne gift ideas for any occasion.\",\"publisher\":{\"@id\":\"https:\/\/www.champmarket.com\/#organization\"},\"potentialAction\":[{\"@type\":\"SearchAction\",\"target\":{\"@type\":\"EntryPoint\",\"urlTemplate\":\"https:\/\/www.champmarket.com\/?s={search_term_string}\"},\"query-input\":{\"@type\":\"PropertyValueSpecification\",\"valueRequired\":true,\"valueName\":\"search_term_string\"}}],\"inLanguage\":\"en-US\"},{\"@type\":\"Organization\",\"@id\":\"https:\/\/www.champmarket.com\/#organization\",\"name\":\"Champmarket\",\"url\":\"https:\/\/www.champmarket.com\/\",\"logo\":{\"@type\":\"ImageObject\",\"inLanguage\":\"en-US\",\"@id\":\"https:\/\/www.champmarket.com\/#\/schema\/logo\/image\/\",\"url\":\"https:\/\/www.champmarket.com\/wp-content\/uploads\/2024\/08\/logo2024-1.svg\",\"contentUrl\":\"https:\/\/www.champmarket.com\/wp-content\/uploads\/2024\/08\/logo2024-1.svg\",\"width\":579.8,\"height\":80,\"caption\":\"Champmarket\"},\"image\":{\"@id\":\"https:\/\/www.champmarket.com\/#\/schema\/logo\/image\/\"},\"sameAs\":[\"https:\/\/www.facebook.com\/ChampMarket\/\",\"https:\/\/x.com\/champmarket\",\"https:\/\/www.instagram.com\/champmarket.paris\/\",\"https:\/\/www.pinterest.fr\/champmarketparis\/\",\"https:\/\/www.linkedin.com\/company\/champmarket\/\"]}]}<\/script>\n<!-- \/ Yoast SEO plugin. -->","yoast_head_json":{"title":"Louis Roederer Brut Nature Ros\u00e9 2015 by Philippe Starck Bottle - Champmarket","description":"The Louis Roederer Brut Nature Ros\u00e9 2015 Philippe Starck cuv\u00e9e, the fourth opus in the collaboration between the Champagne House and the famous designer, offers a spectacular new vintage.","robots":{"index":"index","follow":"follow","max-snippet":"max-snippet:-1","max-image-preview":"max-image-preview:large","max-video-preview":"max-video-preview:-1"},"canonical":"https:\/\/www.champmarket.com\/en\/champagne\/louis-roederer-brut-nature-rose-2015-by-philippe-starck-bottle\/","og_locale":"en_US","og_type":"article","og_title":"Louis Roederer Brut Nature Ros\u00e9 2015 by Philippe Starck Bottle - Champmarket","og_description":"The Louis Roederer Brut Nature Ros\u00e9 2015 Philippe Starck cuv\u00e9e, the fourth opus in the collaboration between the Champagne House and the famous designer, offers a spectacular new vintage.","og_url":"https:\/\/www.champmarket.com\/en\/champagne\/louis-roederer-brut-nature-rose-2015-by-philippe-starck-bottle\/","og_site_name":"Champmarket","article_publisher":"https:\/\/www.facebook.com\/ChampMarket\/","article_modified_time":"2023-06-30T22:00:12+00:00","og_image":[{"width":2000,"height":2000,"url":"https:\/\/www.champmarket.com\/wp-content\/uploads\/2022\/09\/louis-roederer-brut-nature-rose-2015-philippe-starck-bouteille.webp","type":"image\/jpeg"}],"twitter_card":"summary_large_image","twitter_site":"@champmarket","twitter_misc":{"Est. reading time":"2 minutes"},"schema":{"@context":"https:\/\/schema.org","@graph":[{"@type":"WebPage","@id":"https:\/\/www.champmarket.com\/en\/champagne\/louis-roederer-brut-nature-rose-2015-by-philippe-starck-bottle\/","url":"https:\/\/www.champmarket.com\/en\/champagne\/louis-roederer-brut-nature-rose-2015-by-philippe-starck-bottle\/","name":"Louis Roederer Brut Nature Ros\u00e9 2015 by Philippe Starck Bottle - Champmarket","isPartOf":{"@id":"https:\/\/www.champmarket.com\/#website"},"primaryImageOfPage":{"@id":"https:\/\/www.champmarket.com\/en\/champagne\/louis-roederer-brut-nature-rose-2015-by-philippe-starck-bottle\/#primaryimage"},"image":{"@id":"https:\/\/www.champmarket.com\/en\/champagne\/louis-roederer-brut-nature-rose-2015-by-philippe-starck-bottle\/#primaryimage"},"thumbnailUrl":"https:\/\/www.champmarket.com\/wp-content\/uploads\/2022\/09\/louis-roederer-brut-nature-rose-2015-philippe-starck-bouteille.webp","datePublished":"2022-09-29T16:09:05+00:00","dateModified":"2023-06-30T22:00:12+00:00","description":"The Louis Roederer Brut Nature Ros\u00e9 2015 Philippe Starck cuv\u00e9e, the fourth opus in the collaboration between the Champagne House and the famous designer, offers a spectacular new vintage.","breadcrumb":{"@id":"https:\/\/www.champmarket.com\/en\/champagne\/louis-roederer-brut-nature-rose-2015-by-philippe-starck-bottle\/#breadcrumb"},"inLanguage":"en-US","potentialAction":[{"@type":"ReadAction","target":["https:\/\/www.champmarket.com\/en\/champagne\/louis-roederer-brut-nature-rose-2015-by-philippe-starck-bottle\/"]}]},{"@type":"ImageObject","inLanguage":"en-US","@id":"https:\/\/www.champmarket.com\/en\/champagne\/louis-roederer-brut-nature-rose-2015-by-philippe-starck-bottle\/#primaryimage","url":"https:\/\/www.champmarket.com\/wp-content\/uploads\/2022\/09\/louis-roederer-brut-nature-rose-2015-philippe-starck-bouteille.webp","contentUrl":"https:\/\/www.champmarket.com\/wp-content\/uploads\/2022\/09\/louis-roederer-brut-nature-rose-2015-philippe-starck-bouteille.webp","width":2000,"height":2000,"caption":"Champagne Louis Roederer Brut Nature 2015 par Philippe Starck Bouteille - Champmarket"},{"@type":"BreadcrumbList","@id":"https:\/\/www.champmarket.com\/en\/champagne\/louis-roederer-brut-nature-rose-2015-by-philippe-starck-bottle\/#breadcrumb","itemListElement":[{"@type":"ListItem","position":1,"name":"Home","item":"https:\/\/www.champmarket.com\/en\/buy-champagne-online-champmarket\/"},{"@type":"ListItem","position":2,"name":"Shop","item":"https:\/\/www.champmarket.com\/en\/shop-2\/"},{"@type":"ListItem","position":3,"name":"Louis Roederer","item":"https:\/\/www.champmarket.com\/en\/maisons\/selection-champagne-louis-roederer-en\/"},{"@type":"ListItem","position":4,"name":"Louis Roederer Brut Nature Ros\u00e9 2015 by Philippe Starck Bottle"}]},{"@type":"WebSite","@id":"https:\/\/www.champmarket.com\/#website","url":"https:\/\/www.champmarket.com\/","name":"Champmarket","description":"Champagne Only ! Champmarket offers a very wide range of exceptional champagnes, the greatest brands, rare vintages, limited editions, old vintages and champagne gift ideas for any occasion.","publisher":{"@id":"https:\/\/www.champmarket.com\/#organization"},"potentialAction":[{"@type":"SearchAction","target":{"@type":"EntryPoint","urlTemplate":"https:\/\/www.champmarket.com\/?s={search_term_string}"},"query-input":{"@type":"PropertyValueSpecification","valueRequired":true,"valueName":"search_term_string"}}],"inLanguage":"en-US"},{"@type":"Organization","@id":"https:\/\/www.champmarket.com\/#organization","name":"Champmarket","url":"https:\/\/www.champmarket.com\/","logo":{"@type":"ImageObject","inLanguage":"en-US","@id":"https:\/\/www.champmarket.com\/#\/schema\/logo\/image\/","url":"https:\/\/www.champmarket.com\/wp-content\/uploads\/2024\/08\/logo2024-1.svg","contentUrl":"https:\/\/www.champmarket.com\/wp-content\/uploads\/2024\/08\/logo2024-1.svg","width":579.8,"height":80,"caption":"Champmarket"},"image":{"@id":"https:\/\/www.champmarket.com\/#\/schema\/logo\/image\/"},"sameAs":["https:\/\/www.facebook.com\/ChampMarket\/","https:\/\/x.com\/champmarket","https:\/\/www.instagram.com\/champmarket.paris\/","https:\/\/www.pinterest.fr\/champmarketparis\/","https:\/\/www.linkedin.com\/company\/champmarket\/"]}]}},"_links":{"self":[{"href":"https:\/\/www.champmarket.com\/en\/wp-json\/wp\/v2\/product\/39893","targetHints":{"allow":["GET"]}}],"collection":[{"href":"https:\/\/www.champmarket.com\/en\/wp-json\/wp\/v2\/product"}],"about":[{"href":"https:\/\/www.champmarket.com\/en\/wp-json\/wp\/v2\/types\/product"}],"version-history":[{"count":0,"href":"https:\/\/www.champmarket.com\/en\/wp-json\/wp\/v2\/product\/39893\/revisions"}],"wp:featuredmedia":[{"embeddable":true,"href":"https:\/\/www.champmarket.com\/en\/wp-json\/wp\/v2\/media\/39895"}],"wp:attachment":[{"href":"https:\/\/www.champmarket.com\/en\/wp-json\/wp\/v2\/media?parent=39893"}],"wp:term":[{"taxonomy":"product_brand","embeddable":true,"href":"https:\/\/www.champmarket.com\/en\/wp-json\/wp\/v2\/product_brand?post=39893"},{"taxonomy":"product_cat","embeddable":true,"href":"https:\/\/www.champmarket.com\/en\/wp-json\/wp\/v2\/product_cat?post=39893"},{"taxonomy":"product_tag","embeddable":true,"href":"https:\/\/www.champmarket.com\/en\/wp-json\/wp\/v2\/product_tag?post=39893"}],"curies":[{"name":"wp","href":"https:\/\/api.w.org\/{rel}","templated":true}]}}