{"id":40561,"date":"2022-10-25T22:29:34","date_gmt":"2022-10-25T20:29:35","guid":{"rendered":"https:\/\/www.champmarket.com\/?post_type=product&#038;p=40561"},"modified":"2023-07-01T00:00:11","modified_gmt":"2023-06-30T22:00:11","slug":"moet-chandon-grand-vintage-2015","status":"publish","type":"product","link":"https:\/\/www.champmarket.com\/en\/champagne\/moet-chandon-grand-vintage-2015\/","title":{"rendered":"Mo\u00ebt &#038; Chandon Grand Vintage Ros\u00e9 2015 Bottle"},"content":{"rendered":"<p>Mo\u00ebt &amp; Chandon Grand Vintage Ros\u00e9 2015 with gift box is the reflection of a harvest of black grapes of exceptional quality which revealed a remarkable maturity, with a powerful and fruity nose and a fleshy final note.<\/p>\n<p>The chromaticity of the 2015: Grand Vintage Ros\u00e9 2015 evokes a powerful bouquet of red or black fruit, with warm notes of garrigue, faceted with violet nuances. Black fruit (blue plum, blackcurrant, blueberry, blackberry, fig) with a marked red tinge (wild strawberry), garrigue, heather.<\/p>\n","protected":false},"excerpt":{"rendered":"<p>Each Grand Vintage is unique, revealing a free and personal interpretation of the year by the Cellar Master. In Champagne, 2015 was marked by uncertainty, climate change, and intense heat. The resulting Mo\u00ebt &amp; Chandon Grand Vintage Ros\u00e9 2015, the 45th vintage in the House&#8217;s history, is endowed with incomparable character. It offers a sumptuous palate, the unexpected expression of a particularly warm year. Its story is one of controlled power, channelled intensity and irresistible light.<\/p>\n","protected":false},"featured_media":40567,"template":"","meta":{"_acf_changed":false},"product_brand":[],"product_cat":[3453,3493,3365,3322,2782,3320,1735,1695,2772,1696,1717,1723,1697],"product_tag":[1700,1701,1762],"class_list":{"0":"post-40561","1":"product","2":"type-product","3":"status-publish","4":"has-post-thumbnail","6":"maisons-selection-champagne-moet-chandon-en","7":"product_cat-selection-for-6-bottle-vintage-composite-case","8":"product_cat-selection-for-6-bottle-composite-box-rose","9":"product_cat-christmas-champagnes","10":"product_cat-best-champagnes","11":"product_cat-selection-for-6-bottle-composite-box-469e","12":"product_cat-all-champagnes-and-exclusive-boxes","13":"product_cat-categorie-moet-et-chandon-en","14":"product_cat-bouteilles-en","15":"product_cat-all-champagnes","16":"product_cat-champagne-rose-en","17":"product_cat-champagne-millesime-en","18":"product_cat-champagne-prestige-en","19":"product_cat-repas-en","20":"product_tag-la-vie-en-rose-en","21":"product_tag-repas-champagne-en","22":"product_tag-vintage-en","24":"first","25":"instock","26":"taxable","27":"shipping-taxable","28":"purchasable","29":"product-type-simple"},"acf":[],"yoast_head":"<!-- This site is optimized with the Yoast SEO plugin v26.4 - https:\/\/yoast.com\/wordpress\/plugins\/seo\/ -->\n<title>Mo\u00ebt &amp; Chandon Grand Vintage Ros\u00e9 2015 Bottle - Champmarket<\/title>\n<meta name=\"description\" content=\"In Champagne, 2015 was marked by uncertainty, climate change and intense heat. The resulting Mo\u00ebt &amp; Chandon Grand Vintage Ros\u00e9 2015, the 45th vintage in the House&#039;s history, is endowed with incomparable character. It offers a sumptuous palate, ...\" \/>\n<meta name=\"robots\" content=\"index, follow, max-snippet:-1, max-image-preview:large, max-video-preview:-1\" \/>\n<link rel=\"canonical\" href=\"https:\/\/www.champmarket.com\/en\/champagne\/moet-chandon-grand-vintage-2015\/\" \/>\n<meta property=\"og:locale\" content=\"en_US\" \/>\n<meta property=\"og:type\" content=\"article\" \/>\n<meta property=\"og:title\" content=\"Mo\u00ebt &amp; Chandon Grand Vintage Ros\u00e9 2015 Bottle - Champmarket\" \/>\n<meta property=\"og:description\" content=\"In Champagne, 2015 was marked by uncertainty, climate change and intense heat. The resulting Mo\u00ebt &amp; Chandon Grand Vintage Ros\u00e9 2015, the 45th vintage in the House&#039;s history, is endowed with incomparable character. It offers a sumptuous palate, ...\" \/>\n<meta property=\"og:url\" content=\"https:\/\/www.champmarket.com\/en\/champagne\/moet-chandon-grand-vintage-2015\/\" \/>\n<meta property=\"og:site_name\" content=\"Champmarket\" \/>\n<meta property=\"article:publisher\" content=\"https:\/\/www.facebook.com\/ChampMarket\/\" \/>\n<meta property=\"article:modified_time\" content=\"2023-06-30T22:00:11+00:00\" \/>\n<meta property=\"og:image\" content=\"https:\/\/www.champmarket.com\/wp-content\/uploads\/2022\/10\/moet-et-chandon-grand-vintage-rose-2015-bouteille.webp\" \/>\n\t<meta property=\"og:image:width\" content=\"2000\" \/>\n\t<meta property=\"og:image:height\" content=\"2000\" \/>\n\t<meta property=\"og:image:type\" content=\"image\/jpeg\" \/>\n<meta name=\"twitter:card\" content=\"summary_large_image\" \/>\n<meta name=\"twitter:site\" content=\"@champmarket\" \/>\n<meta name=\"twitter:label1\" content=\"Est. reading time\" \/>\n\t<meta name=\"twitter:data1\" content=\"1 minute\" \/>\n<script type=\"application\/ld+json\" class=\"yoast-schema-graph\">{\"@context\":\"https:\/\/schema.org\",\"@graph\":[{\"@type\":\"WebPage\",\"@id\":\"https:\/\/www.champmarket.com\/en\/champagne\/moet-chandon-grand-vintage-2015\/\",\"url\":\"https:\/\/www.champmarket.com\/en\/champagne\/moet-chandon-grand-vintage-2015\/\",\"name\":\"Mo\u00ebt & Chandon Grand Vintage Ros\u00e9 2015 Bottle - Champmarket\",\"isPartOf\":{\"@id\":\"https:\/\/www.champmarket.com\/#website\"},\"primaryImageOfPage\":{\"@id\":\"https:\/\/www.champmarket.com\/en\/champagne\/moet-chandon-grand-vintage-2015\/#primaryimage\"},\"image\":{\"@id\":\"https:\/\/www.champmarket.com\/en\/champagne\/moet-chandon-grand-vintage-2015\/#primaryimage\"},\"thumbnailUrl\":\"https:\/\/www.champmarket.com\/wp-content\/uploads\/2022\/10\/moet-et-chandon-grand-vintage-rose-2015-bouteille.webp\",\"datePublished\":\"2022-10-25T20:29:35+00:00\",\"dateModified\":\"2023-06-30T22:00:11+00:00\",\"description\":\"In Champagne, 2015 was marked by uncertainty, climate change and intense heat. The resulting Mo\u00ebt & Chandon Grand Vintage Ros\u00e9 2015, the 45th vintage in the House's history, is endowed with incomparable character. It offers a sumptuous palate, ...\",\"breadcrumb\":{\"@id\":\"https:\/\/www.champmarket.com\/en\/champagne\/moet-chandon-grand-vintage-2015\/#breadcrumb\"},\"inLanguage\":\"en-US\",\"potentialAction\":[{\"@type\":\"ReadAction\",\"target\":[\"https:\/\/www.champmarket.com\/en\/champagne\/moet-chandon-grand-vintage-2015\/\"]}]},{\"@type\":\"ImageObject\",\"inLanguage\":\"en-US\",\"@id\":\"https:\/\/www.champmarket.com\/en\/champagne\/moet-chandon-grand-vintage-2015\/#primaryimage\",\"url\":\"https:\/\/www.champmarket.com\/wp-content\/uploads\/2022\/10\/moet-et-chandon-grand-vintage-rose-2015-bouteille.webp\",\"contentUrl\":\"https:\/\/www.champmarket.com\/wp-content\/uploads\/2022\/10\/moet-et-chandon-grand-vintage-rose-2015-bouteille.webp\",\"width\":2000,\"height\":2000,\"caption\":\"Champagne Dom Ruinart Blanc de Blancs 2009 Bouteille - Champmarket\"},{\"@type\":\"BreadcrumbList\",\"@id\":\"https:\/\/www.champmarket.com\/en\/champagne\/moet-chandon-grand-vintage-2015\/#breadcrumb\",\"itemListElement\":[{\"@type\":\"ListItem\",\"position\":1,\"name\":\"Home\",\"item\":\"https:\/\/www.champmarket.com\/en\/buy-champagne-online-champmarket\/\"},{\"@type\":\"ListItem\",\"position\":2,\"name\":\"Shop\",\"item\":\"https:\/\/www.champmarket.com\/en\/shop-2\/\"},{\"@type\":\"ListItem\",\"position\":3,\"name\":\"Mo\u00ebt &amp; Chandon\",\"item\":\"https:\/\/www.champmarket.com\/en\/maisons\/selection-champagne-moet-chandon-en\/\"},{\"@type\":\"ListItem\",\"position\":4,\"name\":\"Mo\u00ebt &#038; Chandon Grand Vintage Ros\u00e9 2015 Bottle\"}]},{\"@type\":\"WebSite\",\"@id\":\"https:\/\/www.champmarket.com\/#website\",\"url\":\"https:\/\/www.champmarket.com\/\",\"name\":\"Champmarket\",\"description\":\"Champagne Only ! Champmarket offers a very wide range of exceptional champagnes, the greatest brands, rare vintages, limited editions, old vintages and champagne gift ideas for any occasion.\",\"publisher\":{\"@id\":\"https:\/\/www.champmarket.com\/#organization\"},\"potentialAction\":[{\"@type\":\"SearchAction\",\"target\":{\"@type\":\"EntryPoint\",\"urlTemplate\":\"https:\/\/www.champmarket.com\/?s={search_term_string}\"},\"query-input\":{\"@type\":\"PropertyValueSpecification\",\"valueRequired\":true,\"valueName\":\"search_term_string\"}}],\"inLanguage\":\"en-US\"},{\"@type\":\"Organization\",\"@id\":\"https:\/\/www.champmarket.com\/#organization\",\"name\":\"Champmarket\",\"url\":\"https:\/\/www.champmarket.com\/\",\"logo\":{\"@type\":\"ImageObject\",\"inLanguage\":\"en-US\",\"@id\":\"https:\/\/www.champmarket.com\/#\/schema\/logo\/image\/\",\"url\":\"https:\/\/www.champmarket.com\/wp-content\/uploads\/2024\/08\/logo2024-1.svg\",\"contentUrl\":\"https:\/\/www.champmarket.com\/wp-content\/uploads\/2024\/08\/logo2024-1.svg\",\"width\":579.8,\"height\":80,\"caption\":\"Champmarket\"},\"image\":{\"@id\":\"https:\/\/www.champmarket.com\/#\/schema\/logo\/image\/\"},\"sameAs\":[\"https:\/\/www.facebook.com\/ChampMarket\/\",\"https:\/\/x.com\/champmarket\",\"https:\/\/www.instagram.com\/champmarket.paris\/\",\"https:\/\/www.pinterest.fr\/champmarketparis\/\",\"https:\/\/www.linkedin.com\/company\/champmarket\/\"]}]}<\/script>\n<!-- \/ Yoast SEO plugin. -->","yoast_head_json":{"title":"Mo\u00ebt & Chandon Grand Vintage Ros\u00e9 2015 Bottle - Champmarket","description":"In Champagne, 2015 was marked by uncertainty, climate change and intense heat. The resulting Mo\u00ebt & Chandon Grand Vintage Ros\u00e9 2015, the 45th vintage in the House's history, is endowed with incomparable character. It offers a sumptuous palate, ...","robots":{"index":"index","follow":"follow","max-snippet":"max-snippet:-1","max-image-preview":"max-image-preview:large","max-video-preview":"max-video-preview:-1"},"canonical":"https:\/\/www.champmarket.com\/en\/champagne\/moet-chandon-grand-vintage-2015\/","og_locale":"en_US","og_type":"article","og_title":"Mo\u00ebt & Chandon Grand Vintage Ros\u00e9 2015 Bottle - Champmarket","og_description":"In Champagne, 2015 was marked by uncertainty, climate change and intense heat. The resulting Mo\u00ebt & Chandon Grand Vintage Ros\u00e9 2015, the 45th vintage in the House's history, is endowed with incomparable character. It offers a sumptuous palate, ...","og_url":"https:\/\/www.champmarket.com\/en\/champagne\/moet-chandon-grand-vintage-2015\/","og_site_name":"Champmarket","article_publisher":"https:\/\/www.facebook.com\/ChampMarket\/","article_modified_time":"2023-06-30T22:00:11+00:00","og_image":[{"width":2000,"height":2000,"url":"https:\/\/www.champmarket.com\/wp-content\/uploads\/2022\/10\/moet-et-chandon-grand-vintage-rose-2015-bouteille.webp","type":"image\/jpeg"}],"twitter_card":"summary_large_image","twitter_site":"@champmarket","twitter_misc":{"Est. reading time":"1 minute"},"schema":{"@context":"https:\/\/schema.org","@graph":[{"@type":"WebPage","@id":"https:\/\/www.champmarket.com\/en\/champagne\/moet-chandon-grand-vintage-2015\/","url":"https:\/\/www.champmarket.com\/en\/champagne\/moet-chandon-grand-vintage-2015\/","name":"Mo\u00ebt & Chandon Grand Vintage Ros\u00e9 2015 Bottle - Champmarket","isPartOf":{"@id":"https:\/\/www.champmarket.com\/#website"},"primaryImageOfPage":{"@id":"https:\/\/www.champmarket.com\/en\/champagne\/moet-chandon-grand-vintage-2015\/#primaryimage"},"image":{"@id":"https:\/\/www.champmarket.com\/en\/champagne\/moet-chandon-grand-vintage-2015\/#primaryimage"},"thumbnailUrl":"https:\/\/www.champmarket.com\/wp-content\/uploads\/2022\/10\/moet-et-chandon-grand-vintage-rose-2015-bouteille.webp","datePublished":"2022-10-25T20:29:35+00:00","dateModified":"2023-06-30T22:00:11+00:00","description":"In Champagne, 2015 was marked by uncertainty, climate change and intense heat. The resulting Mo\u00ebt & Chandon Grand Vintage Ros\u00e9 2015, the 45th vintage in the House's history, is endowed with incomparable character. It offers a sumptuous palate, ...","breadcrumb":{"@id":"https:\/\/www.champmarket.com\/en\/champagne\/moet-chandon-grand-vintage-2015\/#breadcrumb"},"inLanguage":"en-US","potentialAction":[{"@type":"ReadAction","target":["https:\/\/www.champmarket.com\/en\/champagne\/moet-chandon-grand-vintage-2015\/"]}]},{"@type":"ImageObject","inLanguage":"en-US","@id":"https:\/\/www.champmarket.com\/en\/champagne\/moet-chandon-grand-vintage-2015\/#primaryimage","url":"https:\/\/www.champmarket.com\/wp-content\/uploads\/2022\/10\/moet-et-chandon-grand-vintage-rose-2015-bouteille.webp","contentUrl":"https:\/\/www.champmarket.com\/wp-content\/uploads\/2022\/10\/moet-et-chandon-grand-vintage-rose-2015-bouteille.webp","width":2000,"height":2000,"caption":"Champagne Dom Ruinart Blanc de Blancs 2009 Bouteille - Champmarket"},{"@type":"BreadcrumbList","@id":"https:\/\/www.champmarket.com\/en\/champagne\/moet-chandon-grand-vintage-2015\/#breadcrumb","itemListElement":[{"@type":"ListItem","position":1,"name":"Home","item":"https:\/\/www.champmarket.com\/en\/buy-champagne-online-champmarket\/"},{"@type":"ListItem","position":2,"name":"Shop","item":"https:\/\/www.champmarket.com\/en\/shop-2\/"},{"@type":"ListItem","position":3,"name":"Mo\u00ebt &amp; Chandon","item":"https:\/\/www.champmarket.com\/en\/maisons\/selection-champagne-moet-chandon-en\/"},{"@type":"ListItem","position":4,"name":"Mo\u00ebt &#038; Chandon Grand Vintage Ros\u00e9 2015 Bottle"}]},{"@type":"WebSite","@id":"https:\/\/www.champmarket.com\/#website","url":"https:\/\/www.champmarket.com\/","name":"Champmarket","description":"Champagne Only ! Champmarket offers a very wide range of exceptional champagnes, the greatest brands, rare vintages, limited editions, old vintages and champagne gift ideas for any occasion.","publisher":{"@id":"https:\/\/www.champmarket.com\/#organization"},"potentialAction":[{"@type":"SearchAction","target":{"@type":"EntryPoint","urlTemplate":"https:\/\/www.champmarket.com\/?s={search_term_string}"},"query-input":{"@type":"PropertyValueSpecification","valueRequired":true,"valueName":"search_term_string"}}],"inLanguage":"en-US"},{"@type":"Organization","@id":"https:\/\/www.champmarket.com\/#organization","name":"Champmarket","url":"https:\/\/www.champmarket.com\/","logo":{"@type":"ImageObject","inLanguage":"en-US","@id":"https:\/\/www.champmarket.com\/#\/schema\/logo\/image\/","url":"https:\/\/www.champmarket.com\/wp-content\/uploads\/2024\/08\/logo2024-1.svg","contentUrl":"https:\/\/www.champmarket.com\/wp-content\/uploads\/2024\/08\/logo2024-1.svg","width":579.8,"height":80,"caption":"Champmarket"},"image":{"@id":"https:\/\/www.champmarket.com\/#\/schema\/logo\/image\/"},"sameAs":["https:\/\/www.facebook.com\/ChampMarket\/","https:\/\/x.com\/champmarket","https:\/\/www.instagram.com\/champmarket.paris\/","https:\/\/www.pinterest.fr\/champmarketparis\/","https:\/\/www.linkedin.com\/company\/champmarket\/"]}]}},"_links":{"self":[{"href":"https:\/\/www.champmarket.com\/en\/wp-json\/wp\/v2\/product\/40561","targetHints":{"allow":["GET"]}}],"collection":[{"href":"https:\/\/www.champmarket.com\/en\/wp-json\/wp\/v2\/product"}],"about":[{"href":"https:\/\/www.champmarket.com\/en\/wp-json\/wp\/v2\/types\/product"}],"version-history":[{"count":0,"href":"https:\/\/www.champmarket.com\/en\/wp-json\/wp\/v2\/product\/40561\/revisions"}],"wp:featuredmedia":[{"embeddable":true,"href":"https:\/\/www.champmarket.com\/en\/wp-json\/wp\/v2\/media\/40567"}],"wp:attachment":[{"href":"https:\/\/www.champmarket.com\/en\/wp-json\/wp\/v2\/media?parent=40561"}],"wp:term":[{"taxonomy":"product_brand","embeddable":true,"href":"https:\/\/www.champmarket.com\/en\/wp-json\/wp\/v2\/product_brand?post=40561"},{"taxonomy":"product_cat","embeddable":true,"href":"https:\/\/www.champmarket.com\/en\/wp-json\/wp\/v2\/product_cat?post=40561"},{"taxonomy":"product_tag","embeddable":true,"href":"https:\/\/www.champmarket.com\/en\/wp-json\/wp\/v2\/product_tag?post=40561"}],"curies":[{"name":"wp","href":"https:\/\/api.w.org\/{rel}","templated":true}]}}