{"id":44356,"date":"2023-01-12T16:10:01","date_gmt":"2023-01-12T15:10:04","guid":{"rendered":"https:\/\/www.champmarket.com\/?post_type=product&#038;p=44356"},"modified":"2023-01-19T09:03:53","modified_gmt":"2023-01-19T08:03:53","slug":"rare-rose-vintage-2012-bottle-with-box","status":"publish","type":"product","link":"https:\/\/www.champmarket.com\/en\/champagne\/rare-rose-vintage-2012-bottle-with-box\/","title":{"rendered":"Rare Ros\u00e9 Vintage 2012 Bottle with Box"},"content":{"rendered":"<p>After Rare Ros\u00e9 Vintage 2008, the house did not wait so long to declare a new ros\u00e9 cuv\u00e9e. Despite the challenging weather conditions of 2012, Rare Champagne has once again proven its exceptional vision of Champagne and its oenological expertise. Rare Ros\u00e9 Vintage 2012 is a testament to this exciting challenge to blend a memorable vintage.<\/p>\n<p>Precious and enigmatic rose. Rare Champagne proves its mastery and more. Watching the bubbles of Rare Ros\u00e9 Mill\u00e9sime 2012 rise in the glass, it would seem that the style, created with Rare Ros\u00e9 Vintage 2007, is carefully preserved. In fact, it is impossible to imagine what the ten years spent in the cellar have brought to the wine: a floral accent, but not only. Floral, fruity and spicy are in unison in Rare Ros\u00e9 Vintage 2012.<\/p>\n<p>For yourself or as a gift, its luxurious box is suitable for all occasions.<\/p>\n","protected":false},"excerpt":{"rendered":"<p>Rare Ros\u00e9 Vintage 2008 is gracefully refined. Designed like a contemporary Mondrian, its subtle minerality, full of contrasts, combines the assertive tenderness of pink with the expressive precision of the blends.<\/p>\n","protected":false},"featured_media":44464,"template":"","meta":{"_acf_changed":false},"product_brand":[],"product_cat":[3320,1713,1741,1695,2772,1696,1717,1723,1697],"product_tag":[1682,1700,1701,1755,1762],"class_list":{"0":"post-44356","1":"product","2":"type-product","3":"status-publish","4":"has-post-thumbnail","6":"maisons-selection-champagne-rare-en","7":"product_cat-all-champagnes-and-exclusive-boxes","8":"product_cat-categorie-maisons-de-champagne-en","9":"product_cat-categorie-rare-en","10":"product_cat-bouteilles-en","11":"product_cat-all-champagnes","12":"product_cat-champagne-rose-en","13":"product_cat-champagne-millesime-en","14":"product_cat-champagne-prestige-en","15":"product_cat-repas-en","16":"product_tag-pour-offrir-en","17":"product_tag-la-vie-en-rose-en","18":"product_tag-repas-champagne-en","19":"product_tag-haute-couture-en","20":"product_tag-vintage-en","22":"first","23":"instock","24":"taxable","25":"shipping-taxable","26":"purchasable","27":"product-type-simple"},"acf":[],"yoast_head":"<!-- This site is optimized with the Yoast SEO plugin v26.4 - https:\/\/yoast.com\/wordpress\/plugins\/seo\/ -->\n<title>Rare Ros\u00e9 Vintage 2012 Bottle with Box - Champmarket<\/title>\n<meta name=\"description\" content=\"Rare Ros\u00e9 Vintage 2012 with Box enriches the house style with a new facet. Three families of aromas, floral, fruity and spicy, are balanced in the confident signature of this new ros\u00e9 cuv\u00e9e. A great champagne, for all your exceptional moments.\" \/>\n<meta name=\"robots\" content=\"index, follow, max-snippet:-1, max-image-preview:large, max-video-preview:-1\" \/>\n<link rel=\"canonical\" href=\"https:\/\/www.champmarket.com\/en\/champagne\/rare-rose-vintage-2012-bottle-with-box\/\" \/>\n<meta property=\"og:locale\" content=\"en_US\" \/>\n<meta property=\"og:type\" content=\"article\" \/>\n<meta property=\"og:title\" content=\"Rare Ros\u00e9 Vintage 2012 Bottle with Box - Champmarket\" \/>\n<meta property=\"og:description\" content=\"Rare Ros\u00e9 Vintage 2012 with Box enriches the house style with a new facet. Three families of aromas, floral, fruity and spicy, are balanced in the confident signature of this new ros\u00e9 cuv\u00e9e. A great champagne, for all your exceptional moments.\" \/>\n<meta property=\"og:url\" content=\"https:\/\/www.champmarket.com\/en\/champagne\/rare-rose-vintage-2012-bottle-with-box\/\" \/>\n<meta property=\"og:site_name\" content=\"Champmarket\" \/>\n<meta property=\"article:publisher\" content=\"https:\/\/www.facebook.com\/ChampMarket\/\" \/>\n<meta property=\"article:modified_time\" content=\"2023-01-19T08:03:53+00:00\" \/>\n<meta property=\"og:image\" content=\"https:\/\/www.champmarket.com\/wp-content\/uploads\/2023\/01\/fiche-produit-rare-rose-millesime-2012-bouteille-coffret.jpg\" \/>\n\t<meta property=\"og:image:width\" content=\"1200\" \/>\n\t<meta property=\"og:image:height\" content=\"1200\" \/>\n\t<meta property=\"og:image:type\" content=\"image\/jpeg\" \/>\n<meta name=\"twitter:card\" content=\"summary_large_image\" \/>\n<meta name=\"twitter:site\" content=\"@champmarket\" \/>\n<meta name=\"twitter:label1\" content=\"Est. reading time\" \/>\n\t<meta name=\"twitter:data1\" content=\"1 minute\" \/>\n<script type=\"application\/ld+json\" class=\"yoast-schema-graph\">{\"@context\":\"https:\/\/schema.org\",\"@graph\":[{\"@type\":\"WebPage\",\"@id\":\"https:\/\/www.champmarket.com\/en\/champagne\/rare-rose-vintage-2012-bottle-with-box\/\",\"url\":\"https:\/\/www.champmarket.com\/en\/champagne\/rare-rose-vintage-2012-bottle-with-box\/\",\"name\":\"Rare Ros\u00e9 Vintage 2012 Bottle with Box - Champmarket\",\"isPartOf\":{\"@id\":\"https:\/\/www.champmarket.com\/#website\"},\"primaryImageOfPage\":{\"@id\":\"https:\/\/www.champmarket.com\/en\/champagne\/rare-rose-vintage-2012-bottle-with-box\/#primaryimage\"},\"image\":{\"@id\":\"https:\/\/www.champmarket.com\/en\/champagne\/rare-rose-vintage-2012-bottle-with-box\/#primaryimage\"},\"thumbnailUrl\":\"https:\/\/www.champmarket.com\/wp-content\/uploads\/2023\/01\/fiche-produit-rare-rose-millesime-2012-bouteille-coffret.webp\",\"datePublished\":\"2023-01-12T15:10:04+00:00\",\"dateModified\":\"2023-01-19T08:03:53+00:00\",\"description\":\"Rare Ros\u00e9 Vintage 2012 with Box enriches the house style with a new facet. Three families of aromas, floral, fruity and spicy, are balanced in the confident signature of this new ros\u00e9 cuv\u00e9e. A great champagne, for all your exceptional moments.\",\"breadcrumb\":{\"@id\":\"https:\/\/www.champmarket.com\/en\/champagne\/rare-rose-vintage-2012-bottle-with-box\/#breadcrumb\"},\"inLanguage\":\"en-US\",\"potentialAction\":[{\"@type\":\"ReadAction\",\"target\":[\"https:\/\/www.champmarket.com\/en\/champagne\/rare-rose-vintage-2012-bottle-with-box\/\"]}]},{\"@type\":\"ImageObject\",\"inLanguage\":\"en-US\",\"@id\":\"https:\/\/www.champmarket.com\/en\/champagne\/rare-rose-vintage-2012-bottle-with-box\/#primaryimage\",\"url\":\"https:\/\/www.champmarket.com\/wp-content\/uploads\/2023\/01\/fiche-produit-rare-rose-millesime-2012-bouteille-coffret.webp\",\"contentUrl\":\"https:\/\/www.champmarket.com\/wp-content\/uploads\/2023\/01\/fiche-produit-rare-rose-millesime-2012-bouteille-coffret.webp\",\"width\":1200,\"height\":1200,\"caption\":\"Champagne Rare Ros\u00e9 Mill\u00e9sime 2012 Bouteille - Rare Ros\u00e9 Mill\u00e9sime 2012 Bouteille avec coffret Champmarket\"},{\"@type\":\"BreadcrumbList\",\"@id\":\"https:\/\/www.champmarket.com\/en\/champagne\/rare-rose-vintage-2012-bottle-with-box\/#breadcrumb\",\"itemListElement\":[{\"@type\":\"ListItem\",\"position\":1,\"name\":\"Home\",\"item\":\"https:\/\/www.champmarket.com\/en\/buy-champagne-online-champmarket\/\"},{\"@type\":\"ListItem\",\"position\":2,\"name\":\"Shop\",\"item\":\"https:\/\/www.champmarket.com\/en\/shop-2\/\"},{\"@type\":\"ListItem\",\"position\":3,\"name\":\"Rare Champagne\",\"item\":\"https:\/\/www.champmarket.com\/en\/maisons\/selection-champagne-rare-en\/\"},{\"@type\":\"ListItem\",\"position\":4,\"name\":\"Rare Ros\u00e9 Vintage 2012 Bottle with Box\"}]},{\"@type\":\"WebSite\",\"@id\":\"https:\/\/www.champmarket.com\/#website\",\"url\":\"https:\/\/www.champmarket.com\/\",\"name\":\"Champmarket\",\"description\":\"Champagne Only ! Champmarket offers a very wide range of exceptional champagnes, the greatest brands, rare vintages, limited editions, old vintages and champagne gift ideas for any occasion.\",\"publisher\":{\"@id\":\"https:\/\/www.champmarket.com\/#organization\"},\"potentialAction\":[{\"@type\":\"SearchAction\",\"target\":{\"@type\":\"EntryPoint\",\"urlTemplate\":\"https:\/\/www.champmarket.com\/?s={search_term_string}\"},\"query-input\":{\"@type\":\"PropertyValueSpecification\",\"valueRequired\":true,\"valueName\":\"search_term_string\"}}],\"inLanguage\":\"en-US\"},{\"@type\":\"Organization\",\"@id\":\"https:\/\/www.champmarket.com\/#organization\",\"name\":\"Champmarket\",\"url\":\"https:\/\/www.champmarket.com\/\",\"logo\":{\"@type\":\"ImageObject\",\"inLanguage\":\"en-US\",\"@id\":\"https:\/\/www.champmarket.com\/#\/schema\/logo\/image\/\",\"url\":\"https:\/\/www.champmarket.com\/wp-content\/uploads\/2024\/08\/logo2024-1.svg\",\"contentUrl\":\"https:\/\/www.champmarket.com\/wp-content\/uploads\/2024\/08\/logo2024-1.svg\",\"width\":579.8,\"height\":80,\"caption\":\"Champmarket\"},\"image\":{\"@id\":\"https:\/\/www.champmarket.com\/#\/schema\/logo\/image\/\"},\"sameAs\":[\"https:\/\/www.facebook.com\/ChampMarket\/\",\"https:\/\/x.com\/champmarket\",\"https:\/\/www.instagram.com\/champmarket.paris\/\",\"https:\/\/www.pinterest.fr\/champmarketparis\/\",\"https:\/\/www.linkedin.com\/company\/champmarket\/\"]}]}<\/script>\n<!-- \/ Yoast SEO plugin. -->","yoast_head_json":{"title":"Rare Ros\u00e9 Vintage 2012 Bottle with Box - Champmarket","description":"Rare Ros\u00e9 Vintage 2012 with Box enriches the house style with a new facet. Three families of aromas, floral, fruity and spicy, are balanced in the confident signature of this new ros\u00e9 cuv\u00e9e. A great champagne, for all your exceptional moments.","robots":{"index":"index","follow":"follow","max-snippet":"max-snippet:-1","max-image-preview":"max-image-preview:large","max-video-preview":"max-video-preview:-1"},"canonical":"https:\/\/www.champmarket.com\/en\/champagne\/rare-rose-vintage-2012-bottle-with-box\/","og_locale":"en_US","og_type":"article","og_title":"Rare Ros\u00e9 Vintage 2012 Bottle with Box - Champmarket","og_description":"Rare Ros\u00e9 Vintage 2012 with Box enriches the house style with a new facet. Three families of aromas, floral, fruity and spicy, are balanced in the confident signature of this new ros\u00e9 cuv\u00e9e. A great champagne, for all your exceptional moments.","og_url":"https:\/\/www.champmarket.com\/en\/champagne\/rare-rose-vintage-2012-bottle-with-box\/","og_site_name":"Champmarket","article_publisher":"https:\/\/www.facebook.com\/ChampMarket\/","article_modified_time":"2023-01-19T08:03:53+00:00","og_image":[{"width":1200,"height":1200,"url":"https:\/\/www.champmarket.com\/wp-content\/uploads\/2023\/01\/fiche-produit-rare-rose-millesime-2012-bouteille-coffret.jpg","type":"image\/jpeg"}],"twitter_card":"summary_large_image","twitter_site":"@champmarket","twitter_misc":{"Est. reading time":"1 minute"},"schema":{"@context":"https:\/\/schema.org","@graph":[{"@type":"WebPage","@id":"https:\/\/www.champmarket.com\/en\/champagne\/rare-rose-vintage-2012-bottle-with-box\/","url":"https:\/\/www.champmarket.com\/en\/champagne\/rare-rose-vintage-2012-bottle-with-box\/","name":"Rare Ros\u00e9 Vintage 2012 Bottle with Box - Champmarket","isPartOf":{"@id":"https:\/\/www.champmarket.com\/#website"},"primaryImageOfPage":{"@id":"https:\/\/www.champmarket.com\/en\/champagne\/rare-rose-vintage-2012-bottle-with-box\/#primaryimage"},"image":{"@id":"https:\/\/www.champmarket.com\/en\/champagne\/rare-rose-vintage-2012-bottle-with-box\/#primaryimage"},"thumbnailUrl":"https:\/\/www.champmarket.com\/wp-content\/uploads\/2023\/01\/fiche-produit-rare-rose-millesime-2012-bouteille-coffret.webp","datePublished":"2023-01-12T15:10:04+00:00","dateModified":"2023-01-19T08:03:53+00:00","description":"Rare Ros\u00e9 Vintage 2012 with Box enriches the house style with a new facet. Three families of aromas, floral, fruity and spicy, are balanced in the confident signature of this new ros\u00e9 cuv\u00e9e. A great champagne, for all your exceptional moments.","breadcrumb":{"@id":"https:\/\/www.champmarket.com\/en\/champagne\/rare-rose-vintage-2012-bottle-with-box\/#breadcrumb"},"inLanguage":"en-US","potentialAction":[{"@type":"ReadAction","target":["https:\/\/www.champmarket.com\/en\/champagne\/rare-rose-vintage-2012-bottle-with-box\/"]}]},{"@type":"ImageObject","inLanguage":"en-US","@id":"https:\/\/www.champmarket.com\/en\/champagne\/rare-rose-vintage-2012-bottle-with-box\/#primaryimage","url":"https:\/\/www.champmarket.com\/wp-content\/uploads\/2023\/01\/fiche-produit-rare-rose-millesime-2012-bouteille-coffret.webp","contentUrl":"https:\/\/www.champmarket.com\/wp-content\/uploads\/2023\/01\/fiche-produit-rare-rose-millesime-2012-bouteille-coffret.webp","width":1200,"height":1200,"caption":"Champagne Rare Ros\u00e9 Mill\u00e9sime 2012 Bouteille - Rare Ros\u00e9 Mill\u00e9sime 2012 Bouteille avec coffret Champmarket"},{"@type":"BreadcrumbList","@id":"https:\/\/www.champmarket.com\/en\/champagne\/rare-rose-vintage-2012-bottle-with-box\/#breadcrumb","itemListElement":[{"@type":"ListItem","position":1,"name":"Home","item":"https:\/\/www.champmarket.com\/en\/buy-champagne-online-champmarket\/"},{"@type":"ListItem","position":2,"name":"Shop","item":"https:\/\/www.champmarket.com\/en\/shop-2\/"},{"@type":"ListItem","position":3,"name":"Rare Champagne","item":"https:\/\/www.champmarket.com\/en\/maisons\/selection-champagne-rare-en\/"},{"@type":"ListItem","position":4,"name":"Rare Ros\u00e9 Vintage 2012 Bottle with Box"}]},{"@type":"WebSite","@id":"https:\/\/www.champmarket.com\/#website","url":"https:\/\/www.champmarket.com\/","name":"Champmarket","description":"Champagne Only ! Champmarket offers a very wide range of exceptional champagnes, the greatest brands, rare vintages, limited editions, old vintages and champagne gift ideas for any occasion.","publisher":{"@id":"https:\/\/www.champmarket.com\/#organization"},"potentialAction":[{"@type":"SearchAction","target":{"@type":"EntryPoint","urlTemplate":"https:\/\/www.champmarket.com\/?s={search_term_string}"},"query-input":{"@type":"PropertyValueSpecification","valueRequired":true,"valueName":"search_term_string"}}],"inLanguage":"en-US"},{"@type":"Organization","@id":"https:\/\/www.champmarket.com\/#organization","name":"Champmarket","url":"https:\/\/www.champmarket.com\/","logo":{"@type":"ImageObject","inLanguage":"en-US","@id":"https:\/\/www.champmarket.com\/#\/schema\/logo\/image\/","url":"https:\/\/www.champmarket.com\/wp-content\/uploads\/2024\/08\/logo2024-1.svg","contentUrl":"https:\/\/www.champmarket.com\/wp-content\/uploads\/2024\/08\/logo2024-1.svg","width":579.8,"height":80,"caption":"Champmarket"},"image":{"@id":"https:\/\/www.champmarket.com\/#\/schema\/logo\/image\/"},"sameAs":["https:\/\/www.facebook.com\/ChampMarket\/","https:\/\/x.com\/champmarket","https:\/\/www.instagram.com\/champmarket.paris\/","https:\/\/www.pinterest.fr\/champmarketparis\/","https:\/\/www.linkedin.com\/company\/champmarket\/"]}]}},"_links":{"self":[{"href":"https:\/\/www.champmarket.com\/en\/wp-json\/wp\/v2\/product\/44356","targetHints":{"allow":["GET"]}}],"collection":[{"href":"https:\/\/www.champmarket.com\/en\/wp-json\/wp\/v2\/product"}],"about":[{"href":"https:\/\/www.champmarket.com\/en\/wp-json\/wp\/v2\/types\/product"}],"version-history":[{"count":0,"href":"https:\/\/www.champmarket.com\/en\/wp-json\/wp\/v2\/product\/44356\/revisions"}],"wp:featuredmedia":[{"embeddable":true,"href":"https:\/\/www.champmarket.com\/en\/wp-json\/wp\/v2\/media\/44464"}],"wp:attachment":[{"href":"https:\/\/www.champmarket.com\/en\/wp-json\/wp\/v2\/media?parent=44356"}],"wp:term":[{"taxonomy":"product_brand","embeddable":true,"href":"https:\/\/www.champmarket.com\/en\/wp-json\/wp\/v2\/product_brand?post=44356"},{"taxonomy":"product_cat","embeddable":true,"href":"https:\/\/www.champmarket.com\/en\/wp-json\/wp\/v2\/product_cat?post=44356"},{"taxonomy":"product_tag","embeddable":true,"href":"https:\/\/www.champmarket.com\/en\/wp-json\/wp\/v2\/product_tag?post=44356"}],"curies":[{"name":"wp","href":"https:\/\/api.w.org\/{rel}","templated":true}]}}