{"id":44942,"date":"2023-04-29T07:00:53","date_gmt":"2023-04-29T05:00:53","guid":{"rendered":"https:\/\/www.champmarket.com\/?post_type=product&#038;p=44942"},"modified":"2023-04-29T10:28:10","modified_gmt":"2023-04-29T08:28:10","slug":"roger-desivry-cuvee-rose-bottle","status":"publish","type":"product","link":"https:\/\/www.champmarket.com\/en\/champagne\/roger-desivry-cuvee-rose-bottle\/","title":{"rendered":"Roger Desivry Cuv\u00e9e Ros\u00e9 Bottle"},"content":{"rendered":"<p>The Pinots Noirs, carefully selected for the elaboration of the red wines, are from old vines (55 years old on average). These are the ones that, picked at the end of the harvest, reveal an aroma of red fruits and candied Morello cherries in Roger Desivry Cuv\u00e9e Ros\u00e9.<\/p>\n","protected":false},"excerpt":{"rendered":"<p>Worked in the same way as in 1923, Roger Desivry Cuv\u00e9e Ros\u00e9 is a blend of the great reds and great whites of Champagne. A complex and structured wine, this champagne is made for gastronomic moments and food &amp; wine pairing.<\/p>\n","protected":false},"featured_media":44992,"template":"","meta":{"_acf_changed":false},"product_brand":[],"product_cat":[3320,3357,1695,2772,1696,1697],"product_tag":[1700,1701],"class_list":{"0":"post-44942","1":"product","2":"type-product","3":"status-publish","4":"has-post-thumbnail","6":"maisons-roger-desivry-en","7":"product_cat-all-champagnes-and-exclusive-boxes","8":"product_cat-roger-desivry-en","9":"product_cat-bouteilles-en","10":"product_cat-all-champagnes","11":"product_cat-champagne-rose-en","12":"product_cat-repas-en","13":"product_tag-la-vie-en-rose-en","14":"product_tag-repas-champagne-en","16":"first","17":"outofstock","18":"taxable","19":"shipping-taxable","20":"purchasable","21":"product-type-simple"},"acf":[],"yoast_head":"<!-- This site is optimized with the Yoast SEO plugin v26.4 - https:\/\/yoast.com\/wordpress\/plugins\/seo\/ -->\n<title>Roger Desivry Cuv\u00e9e Ros\u00e9 Bottle - Champmarket<\/title>\n<meta name=\"description\" content=\"Worked in the same way as in 1923, Roger Desivry Cuv\u00e9e Ros\u00e9 is a blend of the great reds and great whites of Champagne. A complex and structured wine, this champagne is made for gastronomic moments and food &amp; wine pairing.\" \/>\n<meta name=\"robots\" content=\"index, follow, max-snippet:-1, max-image-preview:large, max-video-preview:-1\" \/>\n<link rel=\"canonical\" href=\"https:\/\/www.champmarket.com\/en\/champagne\/roger-desivry-cuvee-rose-bottle\/\" \/>\n<meta property=\"og:locale\" content=\"en_US\" \/>\n<meta property=\"og:type\" content=\"article\" \/>\n<meta property=\"og:title\" content=\"Roger Desivry Cuv\u00e9e Ros\u00e9 Bottle - Champmarket\" \/>\n<meta property=\"og:description\" content=\"Worked in the same way as in 1923, Roger Desivry Cuv\u00e9e Ros\u00e9 is a blend of the great reds and great whites of Champagne. A complex and structured wine, this champagne is made for gastronomic moments and food &amp; wine pairing.\" \/>\n<meta property=\"og:url\" content=\"https:\/\/www.champmarket.com\/en\/champagne\/roger-desivry-cuvee-rose-bottle\/\" \/>\n<meta property=\"og:site_name\" content=\"Champmarket\" \/>\n<meta property=\"article:publisher\" content=\"https:\/\/www.facebook.com\/ChampMarket\/\" \/>\n<meta property=\"article:modified_time\" content=\"2023-04-29T08:28:10+00:00\" \/>\n<meta property=\"og:image\" content=\"https:\/\/www.champmarket.com\/wp-content\/uploads\/2023\/02\/fiche-produit-roger-desivry-cuvee-rose-bouteille.webp\" \/>\n\t<meta property=\"og:image:width\" content=\"1200\" \/>\n\t<meta property=\"og:image:height\" content=\"1200\" \/>\n\t<meta property=\"og:image:type\" content=\"image\/jpeg\" \/>\n<meta name=\"twitter:card\" content=\"summary_large_image\" \/>\n<meta name=\"twitter:site\" content=\"@champmarket\" \/>\n<meta name=\"twitter:label1\" content=\"Est. reading time\" \/>\n\t<meta name=\"twitter:data1\" content=\"1 minute\" \/>\n<script type=\"application\/ld+json\" class=\"yoast-schema-graph\">{\"@context\":\"https:\/\/schema.org\",\"@graph\":[{\"@type\":\"WebPage\",\"@id\":\"https:\/\/www.champmarket.com\/en\/champagne\/roger-desivry-cuvee-rose-bottle\/\",\"url\":\"https:\/\/www.champmarket.com\/en\/champagne\/roger-desivry-cuvee-rose-bottle\/\",\"name\":\"Roger Desivry Cuv\u00e9e Ros\u00e9 Bottle - Champmarket\",\"isPartOf\":{\"@id\":\"https:\/\/www.champmarket.com\/#website\"},\"primaryImageOfPage\":{\"@id\":\"https:\/\/www.champmarket.com\/en\/champagne\/roger-desivry-cuvee-rose-bottle\/#primaryimage\"},\"image\":{\"@id\":\"https:\/\/www.champmarket.com\/en\/champagne\/roger-desivry-cuvee-rose-bottle\/#primaryimage\"},\"thumbnailUrl\":\"https:\/\/www.champmarket.com\/wp-content\/uploads\/2023\/02\/fiche-produit-roger-desivry-cuvee-rose-bouteille.webp\",\"datePublished\":\"2023-04-29T05:00:53+00:00\",\"dateModified\":\"2023-04-29T08:28:10+00:00\",\"description\":\"Worked in the same way as in 1923, Roger Desivry Cuv\u00e9e Ros\u00e9 is a blend of the great reds and great whites of Champagne. A complex and structured wine, this champagne is made for gastronomic moments and food & wine pairing.\",\"breadcrumb\":{\"@id\":\"https:\/\/www.champmarket.com\/en\/champagne\/roger-desivry-cuvee-rose-bottle\/#breadcrumb\"},\"inLanguage\":\"en-US\",\"potentialAction\":[{\"@type\":\"ReadAction\",\"target\":[\"https:\/\/www.champmarket.com\/en\/champagne\/roger-desivry-cuvee-rose-bottle\/\"]}]},{\"@type\":\"ImageObject\",\"inLanguage\":\"en-US\",\"@id\":\"https:\/\/www.champmarket.com\/en\/champagne\/roger-desivry-cuvee-rose-bottle\/#primaryimage\",\"url\":\"https:\/\/www.champmarket.com\/wp-content\/uploads\/2023\/02\/fiche-produit-roger-desivry-cuvee-rose-bouteille.webp\",\"contentUrl\":\"https:\/\/www.champmarket.com\/wp-content\/uploads\/2023\/02\/fiche-produit-roger-desivry-cuvee-rose-bouteille.webp\",\"width\":1200,\"height\":1200,\"caption\":\"Champagne Roger Desivry Cuv\u00e9e Ros\u00e9 Bouteille - Champmarket\"},{\"@type\":\"BreadcrumbList\",\"@id\":\"https:\/\/www.champmarket.com\/en\/champagne\/roger-desivry-cuvee-rose-bottle\/#breadcrumb\",\"itemListElement\":[{\"@type\":\"ListItem\",\"position\":1,\"name\":\"Home\",\"item\":\"https:\/\/www.champmarket.com\/en\/buy-champagne-online-champmarket\/\"},{\"@type\":\"ListItem\",\"position\":2,\"name\":\"Shop\",\"item\":\"https:\/\/www.champmarket.com\/en\/shop-2\/\"},{\"@type\":\"ListItem\",\"position\":3,\"name\":\"Roger Desivry\",\"item\":\"https:\/\/www.champmarket.com\/en\/maisons\/roger-desivry-en\/\"},{\"@type\":\"ListItem\",\"position\":4,\"name\":\"Roger Desivry Cuv\u00e9e Ros\u00e9 Bottle\"}]},{\"@type\":\"WebSite\",\"@id\":\"https:\/\/www.champmarket.com\/#website\",\"url\":\"https:\/\/www.champmarket.com\/\",\"name\":\"Champmarket\",\"description\":\"Champagne Only ! Champmarket offers a very wide range of exceptional champagnes, the greatest brands, rare vintages, limited editions, old vintages and champagne gift ideas for any occasion.\",\"publisher\":{\"@id\":\"https:\/\/www.champmarket.com\/#organization\"},\"potentialAction\":[{\"@type\":\"SearchAction\",\"target\":{\"@type\":\"EntryPoint\",\"urlTemplate\":\"https:\/\/www.champmarket.com\/?s={search_term_string}\"},\"query-input\":{\"@type\":\"PropertyValueSpecification\",\"valueRequired\":true,\"valueName\":\"search_term_string\"}}],\"inLanguage\":\"en-US\"},{\"@type\":\"Organization\",\"@id\":\"https:\/\/www.champmarket.com\/#organization\",\"name\":\"Champmarket\",\"url\":\"https:\/\/www.champmarket.com\/\",\"logo\":{\"@type\":\"ImageObject\",\"inLanguage\":\"en-US\",\"@id\":\"https:\/\/www.champmarket.com\/#\/schema\/logo\/image\/\",\"url\":\"https:\/\/www.champmarket.com\/wp-content\/uploads\/2024\/08\/logo2024-1.svg\",\"contentUrl\":\"https:\/\/www.champmarket.com\/wp-content\/uploads\/2024\/08\/logo2024-1.svg\",\"width\":579.8,\"height\":80,\"caption\":\"Champmarket\"},\"image\":{\"@id\":\"https:\/\/www.champmarket.com\/#\/schema\/logo\/image\/\"},\"sameAs\":[\"https:\/\/www.facebook.com\/ChampMarket\/\",\"https:\/\/x.com\/champmarket\",\"https:\/\/www.instagram.com\/champmarket.paris\/\",\"https:\/\/www.pinterest.fr\/champmarketparis\/\",\"https:\/\/www.linkedin.com\/company\/champmarket\/\"]}]}<\/script>\n<!-- \/ Yoast SEO plugin. -->","yoast_head_json":{"title":"Roger Desivry Cuv\u00e9e Ros\u00e9 Bottle - Champmarket","description":"Worked in the same way as in 1923, Roger Desivry Cuv\u00e9e Ros\u00e9 is a blend of the great reds and great whites of Champagne. A complex and structured wine, this champagne is made for gastronomic moments and food & wine pairing.","robots":{"index":"index","follow":"follow","max-snippet":"max-snippet:-1","max-image-preview":"max-image-preview:large","max-video-preview":"max-video-preview:-1"},"canonical":"https:\/\/www.champmarket.com\/en\/champagne\/roger-desivry-cuvee-rose-bottle\/","og_locale":"en_US","og_type":"article","og_title":"Roger Desivry Cuv\u00e9e Ros\u00e9 Bottle - Champmarket","og_description":"Worked in the same way as in 1923, Roger Desivry Cuv\u00e9e Ros\u00e9 is a blend of the great reds and great whites of Champagne. A complex and structured wine, this champagne is made for gastronomic moments and food & wine pairing.","og_url":"https:\/\/www.champmarket.com\/en\/champagne\/roger-desivry-cuvee-rose-bottle\/","og_site_name":"Champmarket","article_publisher":"https:\/\/www.facebook.com\/ChampMarket\/","article_modified_time":"2023-04-29T08:28:10+00:00","og_image":[{"width":1200,"height":1200,"url":"https:\/\/www.champmarket.com\/wp-content\/uploads\/2023\/02\/fiche-produit-roger-desivry-cuvee-rose-bouteille.webp","type":"image\/jpeg"}],"twitter_card":"summary_large_image","twitter_site":"@champmarket","twitter_misc":{"Est. reading time":"1 minute"},"schema":{"@context":"https:\/\/schema.org","@graph":[{"@type":"WebPage","@id":"https:\/\/www.champmarket.com\/en\/champagne\/roger-desivry-cuvee-rose-bottle\/","url":"https:\/\/www.champmarket.com\/en\/champagne\/roger-desivry-cuvee-rose-bottle\/","name":"Roger Desivry Cuv\u00e9e Ros\u00e9 Bottle - Champmarket","isPartOf":{"@id":"https:\/\/www.champmarket.com\/#website"},"primaryImageOfPage":{"@id":"https:\/\/www.champmarket.com\/en\/champagne\/roger-desivry-cuvee-rose-bottle\/#primaryimage"},"image":{"@id":"https:\/\/www.champmarket.com\/en\/champagne\/roger-desivry-cuvee-rose-bottle\/#primaryimage"},"thumbnailUrl":"https:\/\/www.champmarket.com\/wp-content\/uploads\/2023\/02\/fiche-produit-roger-desivry-cuvee-rose-bouteille.webp","datePublished":"2023-04-29T05:00:53+00:00","dateModified":"2023-04-29T08:28:10+00:00","description":"Worked in the same way as in 1923, Roger Desivry Cuv\u00e9e Ros\u00e9 is a blend of the great reds and great whites of Champagne. A complex and structured wine, this champagne is made for gastronomic moments and food & wine pairing.","breadcrumb":{"@id":"https:\/\/www.champmarket.com\/en\/champagne\/roger-desivry-cuvee-rose-bottle\/#breadcrumb"},"inLanguage":"en-US","potentialAction":[{"@type":"ReadAction","target":["https:\/\/www.champmarket.com\/en\/champagne\/roger-desivry-cuvee-rose-bottle\/"]}]},{"@type":"ImageObject","inLanguage":"en-US","@id":"https:\/\/www.champmarket.com\/en\/champagne\/roger-desivry-cuvee-rose-bottle\/#primaryimage","url":"https:\/\/www.champmarket.com\/wp-content\/uploads\/2023\/02\/fiche-produit-roger-desivry-cuvee-rose-bouteille.webp","contentUrl":"https:\/\/www.champmarket.com\/wp-content\/uploads\/2023\/02\/fiche-produit-roger-desivry-cuvee-rose-bouteille.webp","width":1200,"height":1200,"caption":"Champagne Roger Desivry Cuv\u00e9e Ros\u00e9 Bouteille - Champmarket"},{"@type":"BreadcrumbList","@id":"https:\/\/www.champmarket.com\/en\/champagne\/roger-desivry-cuvee-rose-bottle\/#breadcrumb","itemListElement":[{"@type":"ListItem","position":1,"name":"Home","item":"https:\/\/www.champmarket.com\/en\/buy-champagne-online-champmarket\/"},{"@type":"ListItem","position":2,"name":"Shop","item":"https:\/\/www.champmarket.com\/en\/shop-2\/"},{"@type":"ListItem","position":3,"name":"Roger Desivry","item":"https:\/\/www.champmarket.com\/en\/maisons\/roger-desivry-en\/"},{"@type":"ListItem","position":4,"name":"Roger Desivry Cuv\u00e9e Ros\u00e9 Bottle"}]},{"@type":"WebSite","@id":"https:\/\/www.champmarket.com\/#website","url":"https:\/\/www.champmarket.com\/","name":"Champmarket","description":"Champagne Only ! Champmarket offers a very wide range of exceptional champagnes, the greatest brands, rare vintages, limited editions, old vintages and champagne gift ideas for any occasion.","publisher":{"@id":"https:\/\/www.champmarket.com\/#organization"},"potentialAction":[{"@type":"SearchAction","target":{"@type":"EntryPoint","urlTemplate":"https:\/\/www.champmarket.com\/?s={search_term_string}"},"query-input":{"@type":"PropertyValueSpecification","valueRequired":true,"valueName":"search_term_string"}}],"inLanguage":"en-US"},{"@type":"Organization","@id":"https:\/\/www.champmarket.com\/#organization","name":"Champmarket","url":"https:\/\/www.champmarket.com\/","logo":{"@type":"ImageObject","inLanguage":"en-US","@id":"https:\/\/www.champmarket.com\/#\/schema\/logo\/image\/","url":"https:\/\/www.champmarket.com\/wp-content\/uploads\/2024\/08\/logo2024-1.svg","contentUrl":"https:\/\/www.champmarket.com\/wp-content\/uploads\/2024\/08\/logo2024-1.svg","width":579.8,"height":80,"caption":"Champmarket"},"image":{"@id":"https:\/\/www.champmarket.com\/#\/schema\/logo\/image\/"},"sameAs":["https:\/\/www.facebook.com\/ChampMarket\/","https:\/\/x.com\/champmarket","https:\/\/www.instagram.com\/champmarket.paris\/","https:\/\/www.pinterest.fr\/champmarketparis\/","https:\/\/www.linkedin.com\/company\/champmarket\/"]}]}},"_links":{"self":[{"href":"https:\/\/www.champmarket.com\/en\/wp-json\/wp\/v2\/product\/44942","targetHints":{"allow":["GET"]}}],"collection":[{"href":"https:\/\/www.champmarket.com\/en\/wp-json\/wp\/v2\/product"}],"about":[{"href":"https:\/\/www.champmarket.com\/en\/wp-json\/wp\/v2\/types\/product"}],"version-history":[{"count":0,"href":"https:\/\/www.champmarket.com\/en\/wp-json\/wp\/v2\/product\/44942\/revisions"}],"wp:featuredmedia":[{"embeddable":true,"href":"https:\/\/www.champmarket.com\/en\/wp-json\/wp\/v2\/media\/44992"}],"wp:attachment":[{"href":"https:\/\/www.champmarket.com\/en\/wp-json\/wp\/v2\/media?parent=44942"}],"wp:term":[{"taxonomy":"product_brand","embeddable":true,"href":"https:\/\/www.champmarket.com\/en\/wp-json\/wp\/v2\/product_brand?post=44942"},{"taxonomy":"product_cat","embeddable":true,"href":"https:\/\/www.champmarket.com\/en\/wp-json\/wp\/v2\/product_cat?post=44942"},{"taxonomy":"product_tag","embeddable":true,"href":"https:\/\/www.champmarket.com\/en\/wp-json\/wp\/v2\/product_tag?post=44942"}],"curies":[{"name":"wp","href":"https:\/\/api.w.org\/{rel}","templated":true}]}}