{"id":52782,"date":"2023-05-12T22:29:14","date_gmt":"2023-05-12T20:29:14","guid":{"rendered":"https:\/\/www.champmarket.com\/?post_type=product&#038;p=52782"},"modified":"2023-05-17T09:51:08","modified_gmt":"2023-05-17T07:51:08","slug":"louis-roederer-cristal-rose-vintage-2014-bottle-box","status":"publish","type":"product","link":"https:\/\/www.champmarket.com\/en\/champagne\/louis-roederer-cristal-rose-vintage-2014-bottle-box\/","title":{"rendered":"Louis Roederer Cristal Ros\u00e9 Vintage 2014 Bottle with box"},"content":{"rendered":"<p>&#8221; <em>Intense, fresh and precise, the bouquet reveals a full and complex range of flavors &#8211; the whole is silky, fleshy, melting, airy,<\/em><em>and of great aromatic purity<\/em>. &#8220;Jean-Baptiste L\u00e9caillon, Cellar Master<\/p>\n<p>Louis Roederer Cristal Ros\u00e9 Mill\u00e9sim\u00e9 2014 will have benefited from the secrecy of Louis Roederer&#8217;s cellars, the time for it to reach the point of perfect harmony, where its incredible precision, and the high intensity of taste that characterizes it, bursts forth.<\/p>\n<p>Presented in its luxurious box, the Louis Roederer Cristal Ros\u00e9 Mill\u00e9sim\u00e9 2014 with box is ideal for your gift-giving occasions.<\/p>\n<div id=\"USE_CHAT_GPT_AI_ROOT\" style=\"display: none; z-index: -1; position: absolute; top: -10000px; left: -10000px; width: 1px; height: 1px; overflow: hidden; opacity: 0; pointer-events: none;\">usechatgpt init success<\/div>\n<div id=\"USE_CHAT_GPT_AI_ROOT\" style=\"display: none; z-index: -1; position: absolute; top: -10000px; left: -10000px; width: 1px; height: 1px; overflow: hidden; opacity: 0; pointer-events: none;\">usechatgpt init success<\/div>\n<div id=\"USE_CHAT_GPT_AI_ROOT\" style=\"display: none; z-index: -1; position: absolute; top: -10000px; left: -10000px; width: 1px; height: 1px; overflow: hidden; opacity: 0; pointer-events: none;\">usechatgpt init success<\/div>\n<div id=\"USE_CHAT_GPT_AI_ROOT\" style=\"display: none; z-index: -1; position: absolute; top: -10000px; left: -10000px; width: 1px; height: 1px; overflow: hidden; opacity: 0; pointer-events: none;\">usechatgpt init success<\/div>\n<div id=\"USE_CHAT_GPT_AI_ROOT\" style=\"display: none; z-index: -1; position: absolute; top: -10000px; left: -10000px; width: 1px; height: 1px; overflow: hidden; opacity: 0; pointer-events: none;\">usechatgpt init success<\/div>\n<div id=\"USE_CHAT_GPT_AI_ROOT\" style=\"display: none; z-index: -1; position: absolute; top: -10000px; left: -10000px; width: 1px; height: 1px; overflow: hidden; opacity: 0; pointer-events: none;\">usechatgpt init success<\/div>\n<div id=\"USE_CHAT_GPT_AI_ROOT\" style=\"display: none; z-index: -1; position: absolute; top: -10000px; left: -10000px; width: 1px; height: 1px; overflow: hidden; opacity: 0; pointer-events: none;\">usechatgpt init success<\/div>\n<div id=\"USE_CHAT_GPT_AI_ROOT\" style=\"display: none; z-index: -1; position: absolute; top: -10000px; left: -10000px; width: 1px; height: 1px; overflow: hidden; opacity: 0; pointer-events: none;\">usechatgpt init success<\/div>\n<div id=\"USE_CHAT_GPT_AI_ROOT\" style=\"display: none; z-index: -1; position: absolute; top: -10000px; left: -10000px; width: 1px; height: 1px; overflow: hidden; opacity: 0; pointer-events: none;\">usechatgpt init success<\/div>\n","protected":false},"excerpt":{"rendered":"<p>Louis Roederer Cristal Ros\u00e9 Mill\u00e9sim\u00e9 2014 with box is a vintage with ripe, concentrated and slender fruit and a delicious texture. Of an incredible precision, almost electric, it is characterized by a high intensity of taste.<\/p>\n<div id=\"USE_CHAT_GPT_AI_ROOT\" style=\"display: none; z-index: -1; position: absolute; top: -10000px; left: -10000px; width: 1px; height: 1px; overflow: hidden; opacity: 0; pointer-events: none;\">usechatgpt init success<\/div>\n<div id=\"USE_CHAT_GPT_AI_ROOT\" style=\"display: none; z-index: -1; position: absolute; top: -10000px; left: -10000px; width: 1px; height: 1px; overflow: hidden; opacity: 0; pointer-events: none;\">usechatgpt init success<\/div>\n<div id=\"USE_CHAT_GPT_AI_ROOT\" style=\"display: none; z-index: -1; position: absolute; top: -10000px; left: -10000px; width: 1px; height: 1px; overflow: hidden; opacity: 0; pointer-events: none;\">usechatgpt init success<\/div>\n<div id=\"USE_CHAT_GPT_AI_ROOT\" style=\"display: none; z-index: -1; position: absolute; top: -10000px; left: -10000px; width: 1px; height: 1px; overflow: hidden; opacity: 0; pointer-events: none;\">usechatgpt init success<\/div>\n<div id=\"USE_CHAT_GPT_AI_ROOT\" style=\"display: none; z-index: -1; position: absolute; top: -10000px; left: -10000px; width: 1px; height: 1px; overflow: hidden; opacity: 0; pointer-events: none;\">usechatgpt init success<\/div>\n<div id=\"USE_CHAT_GPT_AI_ROOT\" style=\"display: none; z-index: -1; position: absolute; top: -10000px; left: -10000px; width: 1px; height: 1px; overflow: hidden; opacity: 0; pointer-events: none;\">usechatgpt init success<\/div>\n<div id=\"USE_CHAT_GPT_AI_ROOT\" style=\"display: none; z-index: -1; position: absolute; top: -10000px; left: -10000px; width: 1px; height: 1px; overflow: hidden; opacity: 0; pointer-events: none;\">usechatgpt init success<\/div>\n<div id=\"USE_CHAT_GPT_AI_ROOT\" style=\"display: none; z-index: -1; position: absolute; top: -10000px; left: -10000px; width: 1px; height: 1px; overflow: hidden; opacity: 0; pointer-events: none;\">usechatgpt init success<\/div>\n<div id=\"USE_CHAT_GPT_AI_ROOT\" style=\"display: none; z-index: -1; position: absolute; top: -10000px; left: -10000px; width: 1px; height: 1px; overflow: hidden; opacity: 0; pointer-events: none;\">usechatgpt init success<\/div>\n","protected":false},"featured_media":52793,"template":"","meta":{"_acf_changed":false},"product_brand":[],"product_cat":[3320,1734,1695,2772,1696,1717,1723,1748,1697],"product_tag":[1682,1700,1701,1755,1684,1762],"class_list":{"0":"post-52782","1":"product","2":"type-product","3":"status-publish","4":"has-post-thumbnail","6":"maisons-selection-champagne-louis-roederer-en","7":"product_cat-all-champagnes-and-exclusive-boxes","8":"product_cat-categorie-louis-roederer-en","9":"product_cat-bouteilles-en","10":"product_cat-all-champagnes","11":"product_cat-champagne-rose-en","12":"product_cat-champagne-millesime-en","13":"product_cat-champagne-prestige-en","14":"product_cat-aperitif-en","15":"product_cat-repas-en","16":"product_tag-pour-offrir-en","17":"product_tag-la-vie-en-rose-en","18":"product_tag-repas-champagne-en","19":"product_tag-haute-couture-en","20":"product_tag-aperitif-en","21":"product_tag-vintage-en","23":"first","24":"instock","25":"sold-individually","26":"taxable","27":"shipping-taxable","28":"purchasable","29":"product-type-simple"},"acf":[],"yoast_head":"<!-- This site is optimized with the Yoast SEO plugin v26.4 - https:\/\/yoast.com\/wordpress\/plugins\/seo\/ -->\n<title>Louis Roederer Cristal Ros\u00e9 Vintage 2014 Bottle - Champmarket<\/title>\n<meta name=\"description\" content=\"Louis Roederer Cristal Ros\u00e9 Vintage 2014 with boxed set is a vintage with ripe, concentrated and slender fruit and a delicious texture. With an incredible precision, it is characterized by a high intensity of taste.\" \/>\n<meta name=\"robots\" content=\"index, follow, max-snippet:-1, max-image-preview:large, max-video-preview:-1\" \/>\n<link rel=\"canonical\" href=\"https:\/\/www.champmarket.com\/en\/champagne\/louis-roederer-cristal-rose-vintage-2014-bottle-box\/\" \/>\n<meta property=\"og:locale\" content=\"en_US\" \/>\n<meta property=\"og:type\" content=\"article\" \/>\n<meta property=\"og:title\" content=\"Louis Roederer Cristal Ros\u00e9 Vintage 2014 Bottle - Champmarket\" \/>\n<meta property=\"og:description\" content=\"Louis Roederer Cristal Ros\u00e9 Vintage 2014 with boxed set is a vintage with ripe, concentrated and slender fruit and a delicious texture. With an incredible precision, it is characterized by a high intensity of taste.\" \/>\n<meta property=\"og:url\" content=\"https:\/\/www.champmarket.com\/en\/champagne\/louis-roederer-cristal-rose-vintage-2014-bottle-box\/\" \/>\n<meta property=\"og:site_name\" content=\"Champmarket\" \/>\n<meta property=\"article:publisher\" content=\"https:\/\/www.facebook.com\/ChampMarket\/\" \/>\n<meta property=\"article:modified_time\" content=\"2023-05-17T07:51:08+00:00\" \/>\n<meta property=\"og:image\" content=\"https:\/\/www.champmarket.com\/wp-content\/uploads\/2023\/05\/louis-roederer-cristal-rose-2014-bouteille-coffret.jpg\" \/>\n\t<meta property=\"og:image:width\" content=\"2000\" \/>\n\t<meta property=\"og:image:height\" content=\"2000\" \/>\n\t<meta property=\"og:image:type\" content=\"image\/jpeg\" \/>\n<meta name=\"twitter:card\" content=\"summary_large_image\" \/>\n<meta name=\"twitter:site\" content=\"@champmarket\" \/>\n<meta name=\"twitter:label1\" content=\"Est. reading time\" \/>\n\t<meta name=\"twitter:data1\" content=\"1 minute\" \/>\n<script type=\"application\/ld+json\" class=\"yoast-schema-graph\">{\"@context\":\"https:\/\/schema.org\",\"@graph\":[{\"@type\":\"WebPage\",\"@id\":\"https:\/\/www.champmarket.com\/en\/champagne\/louis-roederer-cristal-rose-vintage-2014-bottle-box\/\",\"url\":\"https:\/\/www.champmarket.com\/en\/champagne\/louis-roederer-cristal-rose-vintage-2014-bottle-box\/\",\"name\":\"Louis Roederer Cristal Ros\u00e9 Vintage 2014 Bottle - Champmarket\",\"isPartOf\":{\"@id\":\"https:\/\/www.champmarket.com\/#website\"},\"primaryImageOfPage\":{\"@id\":\"https:\/\/www.champmarket.com\/en\/champagne\/louis-roederer-cristal-rose-vintage-2014-bottle-box\/#primaryimage\"},\"image\":{\"@id\":\"https:\/\/www.champmarket.com\/en\/champagne\/louis-roederer-cristal-rose-vintage-2014-bottle-box\/#primaryimage\"},\"thumbnailUrl\":\"https:\/\/www.champmarket.com\/wp-content\/uploads\/2023\/05\/louis-roederer-cristal-rose-2014-bouteille-coffret.jpg\",\"datePublished\":\"2023-05-12T20:29:14+00:00\",\"dateModified\":\"2023-05-17T07:51:08+00:00\",\"description\":\"Louis Roederer Cristal Ros\u00e9 Vintage 2014 with boxed set is a vintage with ripe, concentrated and slender fruit and a delicious texture. With an incredible precision, it is characterized by a high intensity of taste.\",\"breadcrumb\":{\"@id\":\"https:\/\/www.champmarket.com\/en\/champagne\/louis-roederer-cristal-rose-vintage-2014-bottle-box\/#breadcrumb\"},\"inLanguage\":\"en-US\",\"potentialAction\":[{\"@type\":\"ReadAction\",\"target\":[\"https:\/\/www.champmarket.com\/en\/champagne\/louis-roederer-cristal-rose-vintage-2014-bottle-box\/\"]}]},{\"@type\":\"ImageObject\",\"inLanguage\":\"en-US\",\"@id\":\"https:\/\/www.champmarket.com\/en\/champagne\/louis-roederer-cristal-rose-vintage-2014-bottle-box\/#primaryimage\",\"url\":\"https:\/\/www.champmarket.com\/wp-content\/uploads\/2023\/05\/louis-roederer-cristal-rose-2014-bouteille-coffret.jpg\",\"contentUrl\":\"https:\/\/www.champmarket.com\/wp-content\/uploads\/2023\/05\/louis-roederer-cristal-rose-2014-bouteille-coffret.jpg\",\"width\":2000,\"height\":2000,\"caption\":\"Champagne Louis Roederer Cristal Ros\u00e9 2014 Bouteille avec coffret - Champmarket\"},{\"@type\":\"BreadcrumbList\",\"@id\":\"https:\/\/www.champmarket.com\/en\/champagne\/louis-roederer-cristal-rose-vintage-2014-bottle-box\/#breadcrumb\",\"itemListElement\":[{\"@type\":\"ListItem\",\"position\":1,\"name\":\"Home\",\"item\":\"https:\/\/www.champmarket.com\/en\/buy-champagne-online-champmarket\/\"},{\"@type\":\"ListItem\",\"position\":2,\"name\":\"Shop\",\"item\":\"https:\/\/www.champmarket.com\/en\/shop-2\/\"},{\"@type\":\"ListItem\",\"position\":3,\"name\":\"Louis Roederer\",\"item\":\"https:\/\/www.champmarket.com\/en\/maisons\/selection-champagne-louis-roederer-en\/\"},{\"@type\":\"ListItem\",\"position\":4,\"name\":\"Louis Roederer Cristal Ros\u00e9 Vintage 2014 Bottle with box\"}]},{\"@type\":\"WebSite\",\"@id\":\"https:\/\/www.champmarket.com\/#website\",\"url\":\"https:\/\/www.champmarket.com\/\",\"name\":\"Champmarket\",\"description\":\"Champagne Only ! Champmarket offers a very wide range of exceptional champagnes, the greatest brands, rare vintages, limited editions, old vintages and champagne gift ideas for any occasion.\",\"publisher\":{\"@id\":\"https:\/\/www.champmarket.com\/#organization\"},\"potentialAction\":[{\"@type\":\"SearchAction\",\"target\":{\"@type\":\"EntryPoint\",\"urlTemplate\":\"https:\/\/www.champmarket.com\/?s={search_term_string}\"},\"query-input\":{\"@type\":\"PropertyValueSpecification\",\"valueRequired\":true,\"valueName\":\"search_term_string\"}}],\"inLanguage\":\"en-US\"},{\"@type\":\"Organization\",\"@id\":\"https:\/\/www.champmarket.com\/#organization\",\"name\":\"Champmarket\",\"url\":\"https:\/\/www.champmarket.com\/\",\"logo\":{\"@type\":\"ImageObject\",\"inLanguage\":\"en-US\",\"@id\":\"https:\/\/www.champmarket.com\/#\/schema\/logo\/image\/\",\"url\":\"https:\/\/www.champmarket.com\/wp-content\/uploads\/2024\/08\/logo2024-1.svg\",\"contentUrl\":\"https:\/\/www.champmarket.com\/wp-content\/uploads\/2024\/08\/logo2024-1.svg\",\"width\":579.8,\"height\":80,\"caption\":\"Champmarket\"},\"image\":{\"@id\":\"https:\/\/www.champmarket.com\/#\/schema\/logo\/image\/\"},\"sameAs\":[\"https:\/\/www.facebook.com\/ChampMarket\/\",\"https:\/\/x.com\/champmarket\",\"https:\/\/www.instagram.com\/champmarket.paris\/\",\"https:\/\/www.pinterest.fr\/champmarketparis\/\",\"https:\/\/www.linkedin.com\/company\/champmarket\/\"]}]}<\/script>\n<!-- \/ Yoast SEO plugin. -->","yoast_head_json":{"title":"Louis Roederer Cristal Ros\u00e9 Vintage 2014 Bottle - Champmarket","description":"Louis Roederer Cristal Ros\u00e9 Vintage 2014 with boxed set is a vintage with ripe, concentrated and slender fruit and a delicious texture. With an incredible precision, it is characterized by a high intensity of taste.","robots":{"index":"index","follow":"follow","max-snippet":"max-snippet:-1","max-image-preview":"max-image-preview:large","max-video-preview":"max-video-preview:-1"},"canonical":"https:\/\/www.champmarket.com\/en\/champagne\/louis-roederer-cristal-rose-vintage-2014-bottle-box\/","og_locale":"en_US","og_type":"article","og_title":"Louis Roederer Cristal Ros\u00e9 Vintage 2014 Bottle - Champmarket","og_description":"Louis Roederer Cristal Ros\u00e9 Vintage 2014 with boxed set is a vintage with ripe, concentrated and slender fruit and a delicious texture. With an incredible precision, it is characterized by a high intensity of taste.","og_url":"https:\/\/www.champmarket.com\/en\/champagne\/louis-roederer-cristal-rose-vintage-2014-bottle-box\/","og_site_name":"Champmarket","article_publisher":"https:\/\/www.facebook.com\/ChampMarket\/","article_modified_time":"2023-05-17T07:51:08+00:00","og_image":[{"width":2000,"height":2000,"url":"https:\/\/www.champmarket.com\/wp-content\/uploads\/2023\/05\/louis-roederer-cristal-rose-2014-bouteille-coffret.jpg","type":"image\/jpeg"}],"twitter_card":"summary_large_image","twitter_site":"@champmarket","twitter_misc":{"Est. reading time":"1 minute"},"schema":{"@context":"https:\/\/schema.org","@graph":[{"@type":"WebPage","@id":"https:\/\/www.champmarket.com\/en\/champagne\/louis-roederer-cristal-rose-vintage-2014-bottle-box\/","url":"https:\/\/www.champmarket.com\/en\/champagne\/louis-roederer-cristal-rose-vintage-2014-bottle-box\/","name":"Louis Roederer Cristal Ros\u00e9 Vintage 2014 Bottle - Champmarket","isPartOf":{"@id":"https:\/\/www.champmarket.com\/#website"},"primaryImageOfPage":{"@id":"https:\/\/www.champmarket.com\/en\/champagne\/louis-roederer-cristal-rose-vintage-2014-bottle-box\/#primaryimage"},"image":{"@id":"https:\/\/www.champmarket.com\/en\/champagne\/louis-roederer-cristal-rose-vintage-2014-bottle-box\/#primaryimage"},"thumbnailUrl":"https:\/\/www.champmarket.com\/wp-content\/uploads\/2023\/05\/louis-roederer-cristal-rose-2014-bouteille-coffret.jpg","datePublished":"2023-05-12T20:29:14+00:00","dateModified":"2023-05-17T07:51:08+00:00","description":"Louis Roederer Cristal Ros\u00e9 Vintage 2014 with boxed set is a vintage with ripe, concentrated and slender fruit and a delicious texture. With an incredible precision, it is characterized by a high intensity of taste.","breadcrumb":{"@id":"https:\/\/www.champmarket.com\/en\/champagne\/louis-roederer-cristal-rose-vintage-2014-bottle-box\/#breadcrumb"},"inLanguage":"en-US","potentialAction":[{"@type":"ReadAction","target":["https:\/\/www.champmarket.com\/en\/champagne\/louis-roederer-cristal-rose-vintage-2014-bottle-box\/"]}]},{"@type":"ImageObject","inLanguage":"en-US","@id":"https:\/\/www.champmarket.com\/en\/champagne\/louis-roederer-cristal-rose-vintage-2014-bottle-box\/#primaryimage","url":"https:\/\/www.champmarket.com\/wp-content\/uploads\/2023\/05\/louis-roederer-cristal-rose-2014-bouteille-coffret.jpg","contentUrl":"https:\/\/www.champmarket.com\/wp-content\/uploads\/2023\/05\/louis-roederer-cristal-rose-2014-bouteille-coffret.jpg","width":2000,"height":2000,"caption":"Champagne Louis Roederer Cristal Ros\u00e9 2014 Bouteille avec coffret - Champmarket"},{"@type":"BreadcrumbList","@id":"https:\/\/www.champmarket.com\/en\/champagne\/louis-roederer-cristal-rose-vintage-2014-bottle-box\/#breadcrumb","itemListElement":[{"@type":"ListItem","position":1,"name":"Home","item":"https:\/\/www.champmarket.com\/en\/buy-champagne-online-champmarket\/"},{"@type":"ListItem","position":2,"name":"Shop","item":"https:\/\/www.champmarket.com\/en\/shop-2\/"},{"@type":"ListItem","position":3,"name":"Louis Roederer","item":"https:\/\/www.champmarket.com\/en\/maisons\/selection-champagne-louis-roederer-en\/"},{"@type":"ListItem","position":4,"name":"Louis Roederer Cristal Ros\u00e9 Vintage 2014 Bottle with box"}]},{"@type":"WebSite","@id":"https:\/\/www.champmarket.com\/#website","url":"https:\/\/www.champmarket.com\/","name":"Champmarket","description":"Champagne Only ! Champmarket offers a very wide range of exceptional champagnes, the greatest brands, rare vintages, limited editions, old vintages and champagne gift ideas for any occasion.","publisher":{"@id":"https:\/\/www.champmarket.com\/#organization"},"potentialAction":[{"@type":"SearchAction","target":{"@type":"EntryPoint","urlTemplate":"https:\/\/www.champmarket.com\/?s={search_term_string}"},"query-input":{"@type":"PropertyValueSpecification","valueRequired":true,"valueName":"search_term_string"}}],"inLanguage":"en-US"},{"@type":"Organization","@id":"https:\/\/www.champmarket.com\/#organization","name":"Champmarket","url":"https:\/\/www.champmarket.com\/","logo":{"@type":"ImageObject","inLanguage":"en-US","@id":"https:\/\/www.champmarket.com\/#\/schema\/logo\/image\/","url":"https:\/\/www.champmarket.com\/wp-content\/uploads\/2024\/08\/logo2024-1.svg","contentUrl":"https:\/\/www.champmarket.com\/wp-content\/uploads\/2024\/08\/logo2024-1.svg","width":579.8,"height":80,"caption":"Champmarket"},"image":{"@id":"https:\/\/www.champmarket.com\/#\/schema\/logo\/image\/"},"sameAs":["https:\/\/www.facebook.com\/ChampMarket\/","https:\/\/x.com\/champmarket","https:\/\/www.instagram.com\/champmarket.paris\/","https:\/\/www.pinterest.fr\/champmarketparis\/","https:\/\/www.linkedin.com\/company\/champmarket\/"]}]}},"_links":{"self":[{"href":"https:\/\/www.champmarket.com\/en\/wp-json\/wp\/v2\/product\/52782","targetHints":{"allow":["GET"]}}],"collection":[{"href":"https:\/\/www.champmarket.com\/en\/wp-json\/wp\/v2\/product"}],"about":[{"href":"https:\/\/www.champmarket.com\/en\/wp-json\/wp\/v2\/types\/product"}],"version-history":[{"count":0,"href":"https:\/\/www.champmarket.com\/en\/wp-json\/wp\/v2\/product\/52782\/revisions"}],"wp:featuredmedia":[{"embeddable":true,"href":"https:\/\/www.champmarket.com\/en\/wp-json\/wp\/v2\/media\/52793"}],"wp:attachment":[{"href":"https:\/\/www.champmarket.com\/en\/wp-json\/wp\/v2\/media?parent=52782"}],"wp:term":[{"taxonomy":"product_brand","embeddable":true,"href":"https:\/\/www.champmarket.com\/en\/wp-json\/wp\/v2\/product_brand?post=52782"},{"taxonomy":"product_cat","embeddable":true,"href":"https:\/\/www.champmarket.com\/en\/wp-json\/wp\/v2\/product_cat?post=52782"},{"taxonomy":"product_tag","embeddable":true,"href":"https:\/\/www.champmarket.com\/en\/wp-json\/wp\/v2\/product_tag?post=52782"}],"curies":[{"name":"wp","href":"https:\/\/api.w.org\/{rel}","templated":true}]}}