{"id":58981,"date":"2023-09-27T08:28:08","date_gmt":"2023-09-27T06:28:09","guid":{"rendered":"https:\/\/www.champmarket.com\/?post_type=product&#038;p=58981"},"modified":"2023-10-09T11:03:21","modified_gmt":"2023-10-09T09:03:21","slug":"dom-perignon-vintage-rose-2009-bouteille-coffret","status":"publish","type":"product","link":"https:\/\/www.champmarket.com\/en\/champagne\/dom-perignon-vintage-rose-2009-bouteille-coffret\/","title":{"rendered":"Dom P\u00e9rignon Vintage Ros\u00e9 2009 Bottle with box"},"content":{"rendered":"<p>Dom P\u00e9rignon Ros\u00e9 was born to push back the boundaries of creation. It reflects a deep-seated desire to challenge oneself, to take risks, to experiment freely and to always go further. Dom P\u00e9rignon Ros\u00e9, tamed over nearly twelve years of slow, controlled transformation in the cellar, embodies the vibrancy of chiaroscuro. Dedicated to creation, it radically explores the field of possibilities.<\/p>\n<p>The Cellar Master has made this vibrant, imperative presence the keystone of the Dom P\u00e9rignon Vintage Ros\u00e9 2009 boxed blend. With infinite generosity, the blend exalts the aromas, deploying all the aromatic nuances of Pinot Noir &#8211; raspberry, fig, strawberry, cherry &#8211; exacerbated by the delicacy, mineral elegance and light notes of Chardonnay. Fleshy and enveloping, round and creamy, sweet and voluptuous, the fruit asserts itself. Its freshness and crunchy feel, reminiscent of just-harvested grapes, make it an ideal, and the radical cellar ageing process confirms this: the fruit is intense, poised yet light, powerful yet restrained. He&#8217;s a beating heart.<\/p>\n","protected":false},"excerpt":{"rendered":"<p>An accomplished Champagne, Dom P\u00e9rignon Vintage Ros\u00e9 2009 with boxed set is both intimate and caressing: this intensely lively wine is a true embodiment of the fruit of the harvest. Born of a hot, dry and sunny summer, the 2009 vintage is radiant, the grapes appearing in all their majesty, maturity and richness.<\/p>\n","protected":false},"featured_media":58986,"template":"","meta":{"_acf_changed":false},"product_brand":[],"product_cat":[3365,3322,3320,1713,1729,1695,2772,1696,1717,1723,1697],"product_tag":[1682,1700,1755,1762],"class_list":{"0":"post-58981","1":"product","2":"type-product","3":"status-publish","4":"has-post-thumbnail","6":"maisons-selection-champagne-dom-perignon-en","7":"product_cat-christmas-champagnes","8":"product_cat-best-champagnes","9":"product_cat-all-champagnes-and-exclusive-boxes","10":"product_cat-categorie-maisons-de-champagne-en","11":"product_cat-categorie-dom-perignon-en","12":"product_cat-bouteilles-en","13":"product_cat-all-champagnes","14":"product_cat-champagne-rose-en","15":"product_cat-champagne-millesime-en","16":"product_cat-champagne-prestige-en","17":"product_cat-repas-en","18":"product_tag-pour-offrir-en","19":"product_tag-la-vie-en-rose-en","20":"product_tag-haute-couture-en","21":"product_tag-vintage-en","23":"first","24":"instock","25":"taxable","26":"shipping-taxable","27":"purchasable","28":"product-type-simple"},"acf":[],"yoast_head":"<!-- This site is optimized with the Yoast SEO plugin v26.4 - https:\/\/yoast.com\/wordpress\/plugins\/seo\/ -->\n<title>Dom P\u00e9rignon Vintage Ros\u00e9 2009 Bottle with box - Champmarket<\/title>\n<meta name=\"description\" content=\"An accomplished Champagne, Dom P\u00e9rignon Vintage Ros\u00e9 2009 with boxed set is both intimate and caressing. Born of a hot, dry and sunny summer, the 2009 vintage is radiant, the grapes appearing in all their majesty, maturity and richness.\" \/>\n<meta name=\"robots\" content=\"index, follow, max-snippet:-1, max-image-preview:large, max-video-preview:-1\" \/>\n<link rel=\"canonical\" href=\"https:\/\/www.champmarket.com\/en\/champagne\/dom-perignon-vintage-rose-2009-bouteille-coffret\/\" \/>\n<meta property=\"og:locale\" content=\"en_US\" \/>\n<meta property=\"og:type\" content=\"article\" \/>\n<meta property=\"og:title\" content=\"Dom P\u00e9rignon Vintage Ros\u00e9 2009 Bottle with box - Champmarket\" \/>\n<meta property=\"og:description\" content=\"An accomplished Champagne, Dom P\u00e9rignon Vintage Ros\u00e9 2009 with boxed set is both intimate and caressing. Born of a hot, dry and sunny summer, the 2009 vintage is radiant, the grapes appearing in all their majesty, maturity and richness.\" \/>\n<meta property=\"og:url\" content=\"https:\/\/www.champmarket.com\/en\/champagne\/dom-perignon-vintage-rose-2009-bouteille-coffret\/\" \/>\n<meta property=\"og:site_name\" content=\"Champmarket\" \/>\n<meta property=\"article:publisher\" content=\"https:\/\/www.facebook.com\/ChampMarket\/\" \/>\n<meta property=\"article:modified_time\" content=\"2023-10-09T09:03:21+00:00\" \/>\n<meta property=\"og:image\" content=\"https:\/\/www.champmarket.com\/wp-content\/uploads\/2023\/09\/fiche-produit-dom-perignon-vintage-rose-2009-bouteille-coffret.webp\" \/>\n\t<meta property=\"og:image:width\" content=\"2000\" \/>\n\t<meta property=\"og:image:height\" content=\"2000\" \/>\n\t<meta property=\"og:image:type\" content=\"image\/webp\" \/>\n<meta name=\"twitter:card\" content=\"summary_large_image\" \/>\n<meta name=\"twitter:site\" content=\"@champmarket\" \/>\n<meta name=\"twitter:label1\" content=\"Est. reading time\" \/>\n\t<meta name=\"twitter:data1\" content=\"1 minute\" \/>\n<script type=\"application\/ld+json\" class=\"yoast-schema-graph\">{\"@context\":\"https:\/\/schema.org\",\"@graph\":[{\"@type\":\"WebPage\",\"@id\":\"https:\/\/www.champmarket.com\/en\/champagne\/dom-perignon-vintage-rose-2009-bouteille-coffret\/\",\"url\":\"https:\/\/www.champmarket.com\/en\/champagne\/dom-perignon-vintage-rose-2009-bouteille-coffret\/\",\"name\":\"Dom P\u00e9rignon Vintage Ros\u00e9 2009 Bottle with box - Champmarket\",\"isPartOf\":{\"@id\":\"https:\/\/www.champmarket.com\/#website\"},\"primaryImageOfPage\":{\"@id\":\"https:\/\/www.champmarket.com\/en\/champagne\/dom-perignon-vintage-rose-2009-bouteille-coffret\/#primaryimage\"},\"image\":{\"@id\":\"https:\/\/www.champmarket.com\/en\/champagne\/dom-perignon-vintage-rose-2009-bouteille-coffret\/#primaryimage\"},\"thumbnailUrl\":\"https:\/\/www.champmarket.com\/wp-content\/uploads\/2023\/09\/fiche-produit-dom-perignon-vintage-rose-2009-bouteille-coffret.webp\",\"datePublished\":\"2023-09-27T06:28:09+00:00\",\"dateModified\":\"2023-10-09T09:03:21+00:00\",\"description\":\"An accomplished Champagne, Dom P\u00e9rignon Vintage Ros\u00e9 2009 with boxed set is both intimate and caressing. Born of a hot, dry and sunny summer, the 2009 vintage is radiant, the grapes appearing in all their majesty, maturity and richness.\",\"breadcrumb\":{\"@id\":\"https:\/\/www.champmarket.com\/en\/champagne\/dom-perignon-vintage-rose-2009-bouteille-coffret\/#breadcrumb\"},\"inLanguage\":\"en-US\",\"potentialAction\":[{\"@type\":\"ReadAction\",\"target\":[\"https:\/\/www.champmarket.com\/en\/champagne\/dom-perignon-vintage-rose-2009-bouteille-coffret\/\"]}]},{\"@type\":\"ImageObject\",\"inLanguage\":\"en-US\",\"@id\":\"https:\/\/www.champmarket.com\/en\/champagne\/dom-perignon-vintage-rose-2009-bouteille-coffret\/#primaryimage\",\"url\":\"https:\/\/www.champmarket.com\/wp-content\/uploads\/2023\/09\/fiche-produit-dom-perignon-vintage-rose-2009-bouteille-coffret.webp\",\"contentUrl\":\"https:\/\/www.champmarket.com\/wp-content\/uploads\/2023\/09\/fiche-produit-dom-perignon-vintage-rose-2009-bouteille-coffret.webp\",\"width\":2000,\"height\":2000,\"caption\":\"Champagne Dom P\u00e9rignon Vintage Ros\u00e9 2009 - Champmarket\"},{\"@type\":\"BreadcrumbList\",\"@id\":\"https:\/\/www.champmarket.com\/en\/champagne\/dom-perignon-vintage-rose-2009-bouteille-coffret\/#breadcrumb\",\"itemListElement\":[{\"@type\":\"ListItem\",\"position\":1,\"name\":\"Home\",\"item\":\"https:\/\/www.champmarket.com\/en\/buy-champagne-online-champmarket\/\"},{\"@type\":\"ListItem\",\"position\":2,\"name\":\"Shop\",\"item\":\"https:\/\/www.champmarket.com\/en\/shop-2\/\"},{\"@type\":\"ListItem\",\"position\":3,\"name\":\"Dom P\u00e9rignon\",\"item\":\"https:\/\/www.champmarket.com\/en\/maisons\/selection-champagne-dom-perignon-en\/\"},{\"@type\":\"ListItem\",\"position\":4,\"name\":\"Dom P\u00e9rignon Vintage Ros\u00e9 2009 Bottle with box\"}]},{\"@type\":\"WebSite\",\"@id\":\"https:\/\/www.champmarket.com\/#website\",\"url\":\"https:\/\/www.champmarket.com\/\",\"name\":\"Champmarket\",\"description\":\"Champagne Only ! Champmarket offers a very wide range of exceptional champagnes, the greatest brands, rare vintages, limited editions, old vintages and champagne gift ideas for any occasion.\",\"publisher\":{\"@id\":\"https:\/\/www.champmarket.com\/#organization\"},\"potentialAction\":[{\"@type\":\"SearchAction\",\"target\":{\"@type\":\"EntryPoint\",\"urlTemplate\":\"https:\/\/www.champmarket.com\/?s={search_term_string}\"},\"query-input\":{\"@type\":\"PropertyValueSpecification\",\"valueRequired\":true,\"valueName\":\"search_term_string\"}}],\"inLanguage\":\"en-US\"},{\"@type\":\"Organization\",\"@id\":\"https:\/\/www.champmarket.com\/#organization\",\"name\":\"Champmarket\",\"url\":\"https:\/\/www.champmarket.com\/\",\"logo\":{\"@type\":\"ImageObject\",\"inLanguage\":\"en-US\",\"@id\":\"https:\/\/www.champmarket.com\/#\/schema\/logo\/image\/\",\"url\":\"https:\/\/www.champmarket.com\/wp-content\/uploads\/2024\/08\/logo2024-1.svg\",\"contentUrl\":\"https:\/\/www.champmarket.com\/wp-content\/uploads\/2024\/08\/logo2024-1.svg\",\"width\":579.8,\"height\":80,\"caption\":\"Champmarket\"},\"image\":{\"@id\":\"https:\/\/www.champmarket.com\/#\/schema\/logo\/image\/\"},\"sameAs\":[\"https:\/\/www.facebook.com\/ChampMarket\/\",\"https:\/\/x.com\/champmarket\",\"https:\/\/www.instagram.com\/champmarket.paris\/\",\"https:\/\/www.pinterest.fr\/champmarketparis\/\",\"https:\/\/www.linkedin.com\/company\/champmarket\/\"]}]}<\/script>\n<!-- \/ Yoast SEO plugin. -->","yoast_head_json":{"title":"Dom P\u00e9rignon Vintage Ros\u00e9 2009 Bottle with box - Champmarket","description":"An accomplished Champagne, Dom P\u00e9rignon Vintage Ros\u00e9 2009 with boxed set is both intimate and caressing. Born of a hot, dry and sunny summer, the 2009 vintage is radiant, the grapes appearing in all their majesty, maturity and richness.","robots":{"index":"index","follow":"follow","max-snippet":"max-snippet:-1","max-image-preview":"max-image-preview:large","max-video-preview":"max-video-preview:-1"},"canonical":"https:\/\/www.champmarket.com\/en\/champagne\/dom-perignon-vintage-rose-2009-bouteille-coffret\/","og_locale":"en_US","og_type":"article","og_title":"Dom P\u00e9rignon Vintage Ros\u00e9 2009 Bottle with box - Champmarket","og_description":"An accomplished Champagne, Dom P\u00e9rignon Vintage Ros\u00e9 2009 with boxed set is both intimate and caressing. Born of a hot, dry and sunny summer, the 2009 vintage is radiant, the grapes appearing in all their majesty, maturity and richness.","og_url":"https:\/\/www.champmarket.com\/en\/champagne\/dom-perignon-vintage-rose-2009-bouteille-coffret\/","og_site_name":"Champmarket","article_publisher":"https:\/\/www.facebook.com\/ChampMarket\/","article_modified_time":"2023-10-09T09:03:21+00:00","og_image":[{"width":2000,"height":2000,"url":"https:\/\/www.champmarket.com\/wp-content\/uploads\/2023\/09\/fiche-produit-dom-perignon-vintage-rose-2009-bouteille-coffret.webp","type":"image\/webp"}],"twitter_card":"summary_large_image","twitter_site":"@champmarket","twitter_misc":{"Est. reading time":"1 minute"},"schema":{"@context":"https:\/\/schema.org","@graph":[{"@type":"WebPage","@id":"https:\/\/www.champmarket.com\/en\/champagne\/dom-perignon-vintage-rose-2009-bouteille-coffret\/","url":"https:\/\/www.champmarket.com\/en\/champagne\/dom-perignon-vintage-rose-2009-bouteille-coffret\/","name":"Dom P\u00e9rignon Vintage Ros\u00e9 2009 Bottle with box - Champmarket","isPartOf":{"@id":"https:\/\/www.champmarket.com\/#website"},"primaryImageOfPage":{"@id":"https:\/\/www.champmarket.com\/en\/champagne\/dom-perignon-vintage-rose-2009-bouteille-coffret\/#primaryimage"},"image":{"@id":"https:\/\/www.champmarket.com\/en\/champagne\/dom-perignon-vintage-rose-2009-bouteille-coffret\/#primaryimage"},"thumbnailUrl":"https:\/\/www.champmarket.com\/wp-content\/uploads\/2023\/09\/fiche-produit-dom-perignon-vintage-rose-2009-bouteille-coffret.webp","datePublished":"2023-09-27T06:28:09+00:00","dateModified":"2023-10-09T09:03:21+00:00","description":"An accomplished Champagne, Dom P\u00e9rignon Vintage Ros\u00e9 2009 with boxed set is both intimate and caressing. Born of a hot, dry and sunny summer, the 2009 vintage is radiant, the grapes appearing in all their majesty, maturity and richness.","breadcrumb":{"@id":"https:\/\/www.champmarket.com\/en\/champagne\/dom-perignon-vintage-rose-2009-bouteille-coffret\/#breadcrumb"},"inLanguage":"en-US","potentialAction":[{"@type":"ReadAction","target":["https:\/\/www.champmarket.com\/en\/champagne\/dom-perignon-vintage-rose-2009-bouteille-coffret\/"]}]},{"@type":"ImageObject","inLanguage":"en-US","@id":"https:\/\/www.champmarket.com\/en\/champagne\/dom-perignon-vintage-rose-2009-bouteille-coffret\/#primaryimage","url":"https:\/\/www.champmarket.com\/wp-content\/uploads\/2023\/09\/fiche-produit-dom-perignon-vintage-rose-2009-bouteille-coffret.webp","contentUrl":"https:\/\/www.champmarket.com\/wp-content\/uploads\/2023\/09\/fiche-produit-dom-perignon-vintage-rose-2009-bouteille-coffret.webp","width":2000,"height":2000,"caption":"Champagne Dom P\u00e9rignon Vintage Ros\u00e9 2009 - Champmarket"},{"@type":"BreadcrumbList","@id":"https:\/\/www.champmarket.com\/en\/champagne\/dom-perignon-vintage-rose-2009-bouteille-coffret\/#breadcrumb","itemListElement":[{"@type":"ListItem","position":1,"name":"Home","item":"https:\/\/www.champmarket.com\/en\/buy-champagne-online-champmarket\/"},{"@type":"ListItem","position":2,"name":"Shop","item":"https:\/\/www.champmarket.com\/en\/shop-2\/"},{"@type":"ListItem","position":3,"name":"Dom P\u00e9rignon","item":"https:\/\/www.champmarket.com\/en\/maisons\/selection-champagne-dom-perignon-en\/"},{"@type":"ListItem","position":4,"name":"Dom P\u00e9rignon Vintage Ros\u00e9 2009 Bottle with box"}]},{"@type":"WebSite","@id":"https:\/\/www.champmarket.com\/#website","url":"https:\/\/www.champmarket.com\/","name":"Champmarket","description":"Champagne Only ! Champmarket offers a very wide range of exceptional champagnes, the greatest brands, rare vintages, limited editions, old vintages and champagne gift ideas for any occasion.","publisher":{"@id":"https:\/\/www.champmarket.com\/#organization"},"potentialAction":[{"@type":"SearchAction","target":{"@type":"EntryPoint","urlTemplate":"https:\/\/www.champmarket.com\/?s={search_term_string}"},"query-input":{"@type":"PropertyValueSpecification","valueRequired":true,"valueName":"search_term_string"}}],"inLanguage":"en-US"},{"@type":"Organization","@id":"https:\/\/www.champmarket.com\/#organization","name":"Champmarket","url":"https:\/\/www.champmarket.com\/","logo":{"@type":"ImageObject","inLanguage":"en-US","@id":"https:\/\/www.champmarket.com\/#\/schema\/logo\/image\/","url":"https:\/\/www.champmarket.com\/wp-content\/uploads\/2024\/08\/logo2024-1.svg","contentUrl":"https:\/\/www.champmarket.com\/wp-content\/uploads\/2024\/08\/logo2024-1.svg","width":579.8,"height":80,"caption":"Champmarket"},"image":{"@id":"https:\/\/www.champmarket.com\/#\/schema\/logo\/image\/"},"sameAs":["https:\/\/www.facebook.com\/ChampMarket\/","https:\/\/x.com\/champmarket","https:\/\/www.instagram.com\/champmarket.paris\/","https:\/\/www.pinterest.fr\/champmarketparis\/","https:\/\/www.linkedin.com\/company\/champmarket\/"]}]}},"_links":{"self":[{"href":"https:\/\/www.champmarket.com\/en\/wp-json\/wp\/v2\/product\/58981","targetHints":{"allow":["GET"]}}],"collection":[{"href":"https:\/\/www.champmarket.com\/en\/wp-json\/wp\/v2\/product"}],"about":[{"href":"https:\/\/www.champmarket.com\/en\/wp-json\/wp\/v2\/types\/product"}],"version-history":[{"count":2,"href":"https:\/\/www.champmarket.com\/en\/wp-json\/wp\/v2\/product\/58981\/revisions"}],"predecessor-version":[{"id":59722,"href":"https:\/\/www.champmarket.com\/en\/wp-json\/wp\/v2\/product\/58981\/revisions\/59722"}],"wp:featuredmedia":[{"embeddable":true,"href":"https:\/\/www.champmarket.com\/en\/wp-json\/wp\/v2\/media\/58986"}],"wp:attachment":[{"href":"https:\/\/www.champmarket.com\/en\/wp-json\/wp\/v2\/media?parent=58981"}],"wp:term":[{"taxonomy":"product_brand","embeddable":true,"href":"https:\/\/www.champmarket.com\/en\/wp-json\/wp\/v2\/product_brand?post=58981"},{"taxonomy":"product_cat","embeddable":true,"href":"https:\/\/www.champmarket.com\/en\/wp-json\/wp\/v2\/product_cat?post=58981"},{"taxonomy":"product_tag","embeddable":true,"href":"https:\/\/www.champmarket.com\/en\/wp-json\/wp\/v2\/product_tag?post=58981"}],"curies":[{"name":"wp","href":"https:\/\/api.w.org\/{rel}","templated":true}]}}