{"id":59101,"date":"2023-09-29T09:03:44","date_gmt":"2023-09-29T07:03:44","guid":{"rendered":"https:\/\/www.champmarket.com\/?post_type=product&#038;p=59101"},"modified":"2023-10-09T11:02:52","modified_gmt":"2023-10-09T09:02:52","slug":"dom-perignon-rose-vintage-2008-magnum-coffret","status":"publish","type":"product","link":"https:\/\/www.champmarket.com\/en\/champagne\/dom-perignon-rose-vintage-2008-magnum-coffret\/","title":{"rendered":"Dom P\u00e9rignon Ros\u00e9 Vintage 2008 Magnum with case"},"content":{"rendered":"<p>Dom P\u00e9rignon Ros\u00e9 Vintage 2008 magnum with box is a large bottle with a capacity of 1.5 liters, which represents 2 bottles of champagne or 12 glasses.<\/p>\n<p>When Dom P\u00e9rignon champagne turns to ros\u00e9, it&#8217;s in the name of audacity: the audacity to break free from the conventions of champagne-making, to constantly push back the boundaries of creation. Born of this willingness to dare, Dom P\u00e9rignon Ros\u00e9 captures the red of Pinot Noir in its original brilliance and captures its complexity in a bold, assertive blend.<\/p>\n","protected":false},"excerpt":{"rendered":"<p>Developed over nearly twelve years of slow, controlled transformation in the cellar, Dom P\u00e9rignon Ros\u00e9 2008 is intense and racy, light and dark, magnetic. A fruity, structured, full-bodied champagne. Dom P\u00e9rignon Ros\u00e9 Vintage 2008 magnum with box is the ideal gift, and the perfect container for your receptions, dinners or special occasions.<\/p>\n","protected":false},"featured_media":59111,"template":"","meta":{"_acf_changed":false},"product_brand":[],"product_cat":[3322,3320,1713,1729,1677,2191,2772,1696,1717,1723,1697],"product_tag":[1682,1700,1681,1755],"class_list":{"0":"post-59101","1":"product","2":"type-product","3":"status-publish","4":"has-post-thumbnail","6":"maisons-selection-champagne-dom-perignon-en","7":"product_cat-best-champagnes","8":"product_cat-all-champagnes-and-exclusive-boxes","9":"product_cat-categorie-maisons-de-champagne-en","10":"product_cat-categorie-dom-perignon-en","11":"product_cat-grands-flacons-en","12":"product_cat-magnum-en","13":"product_cat-all-champagnes","14":"product_cat-champagne-rose-en","15":"product_cat-champagne-millesime-en","16":"product_cat-champagne-prestige-en","17":"product_cat-repas-en","18":"product_tag-pour-offrir-en","19":"product_tag-la-vie-en-rose-en","20":"product_tag-grand-flacon-en","21":"product_tag-haute-couture-en","23":"first","24":"instock","25":"taxable","26":"shipping-taxable","27":"purchasable","28":"product-type-simple"},"acf":[],"yoast_head":"<!-- This site is optimized with the Yoast SEO plugin v26.4 - https:\/\/yoast.com\/wordpress\/plugins\/seo\/ -->\n<title>Dom P\u00e9rignon Ros\u00e9 Vintage 2008 Magnum with case - Champmarket<\/title>\n<meta name=\"description\" content=\"Dom P\u00e9rignon Ros\u00e9 Vintage 2008 magnum champagne with box, intense and racy, light and dark, magnetic, is the ideal gift.\" \/>\n<meta name=\"robots\" content=\"index, follow, max-snippet:-1, max-image-preview:large, max-video-preview:-1\" \/>\n<link rel=\"canonical\" href=\"https:\/\/www.champmarket.com\/en\/champagne\/dom-perignon-rose-vintage-2008-magnum-coffret\/\" \/>\n<meta property=\"og:locale\" content=\"en_US\" \/>\n<meta property=\"og:type\" content=\"article\" \/>\n<meta property=\"og:title\" content=\"Dom P\u00e9rignon Ros\u00e9 Vintage 2008 Magnum with case - Champmarket\" \/>\n<meta property=\"og:description\" content=\"Dom P\u00e9rignon Ros\u00e9 Vintage 2008 magnum champagne with box, intense and racy, light and dark, magnetic, is the ideal gift.\" \/>\n<meta property=\"og:url\" content=\"https:\/\/www.champmarket.com\/en\/champagne\/dom-perignon-rose-vintage-2008-magnum-coffret\/\" \/>\n<meta property=\"og:site_name\" content=\"Champmarket\" \/>\n<meta property=\"article:publisher\" content=\"https:\/\/www.facebook.com\/ChampMarket\/\" \/>\n<meta property=\"article:modified_time\" content=\"2023-10-09T09:02:52+00:00\" \/>\n<meta property=\"og:image\" content=\"https:\/\/www.champmarket.com\/wp-content\/uploads\/2023\/09\/dom-perignon-rose-vintage-2008-magnum-coffret.webp\" \/>\n\t<meta property=\"og:image:width\" content=\"1200\" \/>\n\t<meta property=\"og:image:height\" content=\"1200\" \/>\n\t<meta property=\"og:image:type\" content=\"image\/webp\" \/>\n<meta name=\"twitter:card\" content=\"summary_large_image\" \/>\n<meta name=\"twitter:site\" content=\"@champmarket\" \/>\n<meta name=\"twitter:label1\" content=\"Est. reading time\" \/>\n\t<meta name=\"twitter:data1\" content=\"1 minute\" \/>\n<script type=\"application\/ld+json\" class=\"yoast-schema-graph\">{\"@context\":\"https:\/\/schema.org\",\"@graph\":[{\"@type\":\"WebPage\",\"@id\":\"https:\/\/www.champmarket.com\/en\/champagne\/dom-perignon-rose-vintage-2008-magnum-coffret\/\",\"url\":\"https:\/\/www.champmarket.com\/en\/champagne\/dom-perignon-rose-vintage-2008-magnum-coffret\/\",\"name\":\"Dom P\u00e9rignon Ros\u00e9 Vintage 2008 Magnum with case - Champmarket\",\"isPartOf\":{\"@id\":\"https:\/\/www.champmarket.com\/#website\"},\"primaryImageOfPage\":{\"@id\":\"https:\/\/www.champmarket.com\/en\/champagne\/dom-perignon-rose-vintage-2008-magnum-coffret\/#primaryimage\"},\"image\":{\"@id\":\"https:\/\/www.champmarket.com\/en\/champagne\/dom-perignon-rose-vintage-2008-magnum-coffret\/#primaryimage\"},\"thumbnailUrl\":\"https:\/\/www.champmarket.com\/wp-content\/uploads\/2023\/09\/dom-perignon-rose-vintage-2008-magnum-coffret.webp\",\"datePublished\":\"2023-09-29T07:03:44+00:00\",\"dateModified\":\"2023-10-09T09:02:52+00:00\",\"description\":\"Dom P\u00e9rignon Ros\u00e9 Vintage 2008 magnum champagne with box, intense and racy, light and dark, magnetic, is the ideal gift.\",\"breadcrumb\":{\"@id\":\"https:\/\/www.champmarket.com\/en\/champagne\/dom-perignon-rose-vintage-2008-magnum-coffret\/#breadcrumb\"},\"inLanguage\":\"en-US\",\"potentialAction\":[{\"@type\":\"ReadAction\",\"target\":[\"https:\/\/www.champmarket.com\/en\/champagne\/dom-perignon-rose-vintage-2008-magnum-coffret\/\"]}]},{\"@type\":\"ImageObject\",\"inLanguage\":\"en-US\",\"@id\":\"https:\/\/www.champmarket.com\/en\/champagne\/dom-perignon-rose-vintage-2008-magnum-coffret\/#primaryimage\",\"url\":\"https:\/\/www.champmarket.com\/wp-content\/uploads\/2023\/09\/dom-perignon-rose-vintage-2008-magnum-coffret.webp\",\"contentUrl\":\"https:\/\/www.champmarket.com\/wp-content\/uploads\/2023\/09\/dom-perignon-rose-vintage-2008-magnum-coffret.webp\",\"width\":1200,\"height\":1200,\"caption\":\"Champagne Dom P\u00e9rignon Ros\u00e9 Vintage 2008 Magnum avec coffret - Champmarket\"},{\"@type\":\"BreadcrumbList\",\"@id\":\"https:\/\/www.champmarket.com\/en\/champagne\/dom-perignon-rose-vintage-2008-magnum-coffret\/#breadcrumb\",\"itemListElement\":[{\"@type\":\"ListItem\",\"position\":1,\"name\":\"Home\",\"item\":\"https:\/\/www.champmarket.com\/en\/buy-champagne-online-champmarket\/\"},{\"@type\":\"ListItem\",\"position\":2,\"name\":\"Shop\",\"item\":\"https:\/\/www.champmarket.com\/en\/shop-2\/\"},{\"@type\":\"ListItem\",\"position\":3,\"name\":\"Dom P\u00e9rignon\",\"item\":\"https:\/\/www.champmarket.com\/en\/maisons\/selection-champagne-dom-perignon-en\/\"},{\"@type\":\"ListItem\",\"position\":4,\"name\":\"Dom P\u00e9rignon Ros\u00e9 Vintage 2008 Magnum with case\"}]},{\"@type\":\"WebSite\",\"@id\":\"https:\/\/www.champmarket.com\/#website\",\"url\":\"https:\/\/www.champmarket.com\/\",\"name\":\"Champmarket\",\"description\":\"Champagne Only ! Champmarket offers a very wide range of exceptional champagnes, the greatest brands, rare vintages, limited editions, old vintages and champagne gift ideas for any occasion.\",\"publisher\":{\"@id\":\"https:\/\/www.champmarket.com\/#organization\"},\"potentialAction\":[{\"@type\":\"SearchAction\",\"target\":{\"@type\":\"EntryPoint\",\"urlTemplate\":\"https:\/\/www.champmarket.com\/?s={search_term_string}\"},\"query-input\":{\"@type\":\"PropertyValueSpecification\",\"valueRequired\":true,\"valueName\":\"search_term_string\"}}],\"inLanguage\":\"en-US\"},{\"@type\":\"Organization\",\"@id\":\"https:\/\/www.champmarket.com\/#organization\",\"name\":\"Champmarket\",\"url\":\"https:\/\/www.champmarket.com\/\",\"logo\":{\"@type\":\"ImageObject\",\"inLanguage\":\"en-US\",\"@id\":\"https:\/\/www.champmarket.com\/#\/schema\/logo\/image\/\",\"url\":\"https:\/\/www.champmarket.com\/wp-content\/uploads\/2024\/08\/logo2024-1.svg\",\"contentUrl\":\"https:\/\/www.champmarket.com\/wp-content\/uploads\/2024\/08\/logo2024-1.svg\",\"width\":579.8,\"height\":80,\"caption\":\"Champmarket\"},\"image\":{\"@id\":\"https:\/\/www.champmarket.com\/#\/schema\/logo\/image\/\"},\"sameAs\":[\"https:\/\/www.facebook.com\/ChampMarket\/\",\"https:\/\/x.com\/champmarket\",\"https:\/\/www.instagram.com\/champmarket.paris\/\",\"https:\/\/www.pinterest.fr\/champmarketparis\/\",\"https:\/\/www.linkedin.com\/company\/champmarket\/\"]}]}<\/script>\n<!-- \/ Yoast SEO plugin. -->","yoast_head_json":{"title":"Dom P\u00e9rignon Ros\u00e9 Vintage 2008 Magnum with case - Champmarket","description":"Dom P\u00e9rignon Ros\u00e9 Vintage 2008 magnum champagne with box, intense and racy, light and dark, magnetic, is the ideal gift.","robots":{"index":"index","follow":"follow","max-snippet":"max-snippet:-1","max-image-preview":"max-image-preview:large","max-video-preview":"max-video-preview:-1"},"canonical":"https:\/\/www.champmarket.com\/en\/champagne\/dom-perignon-rose-vintage-2008-magnum-coffret\/","og_locale":"en_US","og_type":"article","og_title":"Dom P\u00e9rignon Ros\u00e9 Vintage 2008 Magnum with case - Champmarket","og_description":"Dom P\u00e9rignon Ros\u00e9 Vintage 2008 magnum champagne with box, intense and racy, light and dark, magnetic, is the ideal gift.","og_url":"https:\/\/www.champmarket.com\/en\/champagne\/dom-perignon-rose-vintage-2008-magnum-coffret\/","og_site_name":"Champmarket","article_publisher":"https:\/\/www.facebook.com\/ChampMarket\/","article_modified_time":"2023-10-09T09:02:52+00:00","og_image":[{"width":1200,"height":1200,"url":"https:\/\/www.champmarket.com\/wp-content\/uploads\/2023\/09\/dom-perignon-rose-vintage-2008-magnum-coffret.webp","type":"image\/webp"}],"twitter_card":"summary_large_image","twitter_site":"@champmarket","twitter_misc":{"Est. reading time":"1 minute"},"schema":{"@context":"https:\/\/schema.org","@graph":[{"@type":"WebPage","@id":"https:\/\/www.champmarket.com\/en\/champagne\/dom-perignon-rose-vintage-2008-magnum-coffret\/","url":"https:\/\/www.champmarket.com\/en\/champagne\/dom-perignon-rose-vintage-2008-magnum-coffret\/","name":"Dom P\u00e9rignon Ros\u00e9 Vintage 2008 Magnum with case - Champmarket","isPartOf":{"@id":"https:\/\/www.champmarket.com\/#website"},"primaryImageOfPage":{"@id":"https:\/\/www.champmarket.com\/en\/champagne\/dom-perignon-rose-vintage-2008-magnum-coffret\/#primaryimage"},"image":{"@id":"https:\/\/www.champmarket.com\/en\/champagne\/dom-perignon-rose-vintage-2008-magnum-coffret\/#primaryimage"},"thumbnailUrl":"https:\/\/www.champmarket.com\/wp-content\/uploads\/2023\/09\/dom-perignon-rose-vintage-2008-magnum-coffret.webp","datePublished":"2023-09-29T07:03:44+00:00","dateModified":"2023-10-09T09:02:52+00:00","description":"Dom P\u00e9rignon Ros\u00e9 Vintage 2008 magnum champagne with box, intense and racy, light and dark, magnetic, is the ideal gift.","breadcrumb":{"@id":"https:\/\/www.champmarket.com\/en\/champagne\/dom-perignon-rose-vintage-2008-magnum-coffret\/#breadcrumb"},"inLanguage":"en-US","potentialAction":[{"@type":"ReadAction","target":["https:\/\/www.champmarket.com\/en\/champagne\/dom-perignon-rose-vintage-2008-magnum-coffret\/"]}]},{"@type":"ImageObject","inLanguage":"en-US","@id":"https:\/\/www.champmarket.com\/en\/champagne\/dom-perignon-rose-vintage-2008-magnum-coffret\/#primaryimage","url":"https:\/\/www.champmarket.com\/wp-content\/uploads\/2023\/09\/dom-perignon-rose-vintage-2008-magnum-coffret.webp","contentUrl":"https:\/\/www.champmarket.com\/wp-content\/uploads\/2023\/09\/dom-perignon-rose-vintage-2008-magnum-coffret.webp","width":1200,"height":1200,"caption":"Champagne Dom P\u00e9rignon Ros\u00e9 Vintage 2008 Magnum avec coffret - Champmarket"},{"@type":"BreadcrumbList","@id":"https:\/\/www.champmarket.com\/en\/champagne\/dom-perignon-rose-vintage-2008-magnum-coffret\/#breadcrumb","itemListElement":[{"@type":"ListItem","position":1,"name":"Home","item":"https:\/\/www.champmarket.com\/en\/buy-champagne-online-champmarket\/"},{"@type":"ListItem","position":2,"name":"Shop","item":"https:\/\/www.champmarket.com\/en\/shop-2\/"},{"@type":"ListItem","position":3,"name":"Dom P\u00e9rignon","item":"https:\/\/www.champmarket.com\/en\/maisons\/selection-champagne-dom-perignon-en\/"},{"@type":"ListItem","position":4,"name":"Dom P\u00e9rignon Ros\u00e9 Vintage 2008 Magnum with case"}]},{"@type":"WebSite","@id":"https:\/\/www.champmarket.com\/#website","url":"https:\/\/www.champmarket.com\/","name":"Champmarket","description":"Champagne Only ! Champmarket offers a very wide range of exceptional champagnes, the greatest brands, rare vintages, limited editions, old vintages and champagne gift ideas for any occasion.","publisher":{"@id":"https:\/\/www.champmarket.com\/#organization"},"potentialAction":[{"@type":"SearchAction","target":{"@type":"EntryPoint","urlTemplate":"https:\/\/www.champmarket.com\/?s={search_term_string}"},"query-input":{"@type":"PropertyValueSpecification","valueRequired":true,"valueName":"search_term_string"}}],"inLanguage":"en-US"},{"@type":"Organization","@id":"https:\/\/www.champmarket.com\/#organization","name":"Champmarket","url":"https:\/\/www.champmarket.com\/","logo":{"@type":"ImageObject","inLanguage":"en-US","@id":"https:\/\/www.champmarket.com\/#\/schema\/logo\/image\/","url":"https:\/\/www.champmarket.com\/wp-content\/uploads\/2024\/08\/logo2024-1.svg","contentUrl":"https:\/\/www.champmarket.com\/wp-content\/uploads\/2024\/08\/logo2024-1.svg","width":579.8,"height":80,"caption":"Champmarket"},"image":{"@id":"https:\/\/www.champmarket.com\/#\/schema\/logo\/image\/"},"sameAs":["https:\/\/www.facebook.com\/ChampMarket\/","https:\/\/x.com\/champmarket","https:\/\/www.instagram.com\/champmarket.paris\/","https:\/\/www.pinterest.fr\/champmarketparis\/","https:\/\/www.linkedin.com\/company\/champmarket\/"]}]}},"_links":{"self":[{"href":"https:\/\/www.champmarket.com\/en\/wp-json\/wp\/v2\/product\/59101","targetHints":{"allow":["GET"]}}],"collection":[{"href":"https:\/\/www.champmarket.com\/en\/wp-json\/wp\/v2\/product"}],"about":[{"href":"https:\/\/www.champmarket.com\/en\/wp-json\/wp\/v2\/types\/product"}],"version-history":[{"count":1,"href":"https:\/\/www.champmarket.com\/en\/wp-json\/wp\/v2\/product\/59101\/revisions"}],"predecessor-version":[{"id":59257,"href":"https:\/\/www.champmarket.com\/en\/wp-json\/wp\/v2\/product\/59101\/revisions\/59257"}],"wp:featuredmedia":[{"embeddable":true,"href":"https:\/\/www.champmarket.com\/en\/wp-json\/wp\/v2\/media\/59111"}],"wp:attachment":[{"href":"https:\/\/www.champmarket.com\/en\/wp-json\/wp\/v2\/media?parent=59101"}],"wp:term":[{"taxonomy":"product_brand","embeddable":true,"href":"https:\/\/www.champmarket.com\/en\/wp-json\/wp\/v2\/product_brand?post=59101"},{"taxonomy":"product_cat","embeddable":true,"href":"https:\/\/www.champmarket.com\/en\/wp-json\/wp\/v2\/product_cat?post=59101"},{"taxonomy":"product_tag","embeddable":true,"href":"https:\/\/www.champmarket.com\/en\/wp-json\/wp\/v2\/product_tag?post=59101"}],"curies":[{"name":"wp","href":"https:\/\/api.w.org\/{rel}","templated":true}]}}