{"id":60676,"date":"2023-11-06T14:04:54","date_gmt":"2023-11-06T13:04:55","guid":{"rendered":"https:\/\/www.champmarket.com\/?post_type=product&#038;p=60676"},"modified":"2024-07-19T16:02:40","modified_gmt":"2024-07-19T14:02:40","slug":"krug-rose-21th-edition-magnum-with-gift-box","status":"publish","type":"product","link":"https:\/\/www.champmarket.com\/en\/champagne\/krug-rose-21th-edition-magnum-with-gift-box\/","title":{"rendered":"Krug Ros\u00e9 21st edition magnum with case"},"content":{"rendered":"<div class=\"horizontal-slide-v2\"><\/div>\n<div>Krug Ros\u00e9 21st Edition magnum with box was created around the 2008 harvest. After a mild winter, a cloudy spring and a cool summer, in mid-September the clouds miraculously dissipated to make way for favorable conditions that continued throughout the harvest, ensuring excellent health and ripeness of the fruit.<\/div>\n<p>The Magnum format is a large bottle with a capacity of 1.5 liters, which represents 2 bottles of champagne or 12 glasses. This large format, presented in its luxurious box, is ideal for your receptions, your dinners, your special occasions and your gifts.<\/p>\n","protected":false},"excerpt":{"rendered":"<p>Krug Ros\u00e9 was born out of Krug&#8217;s desire to offer fans its vision of ros\u00e9 champagne. This is an original champagne, created according to the same philosophy as Krug Grande Cuv\u00e9e, which also goes beyond the very notion of vintage. Krug Ros\u00e9 21st Edition magnum with box is both surprising and daring. With its vast palette of elegant notes, it reveals a score as sensual as it is daring. Combining grace, depth and generosity. The most unconventional of Krug Champagnes is the ideal partner for all gastronomic daring, brilliantly playing the role of a great red wine on your table.<\/p>\n","protected":false},"featured_media":60682,"template":"","meta":{"_acf_changed":false},"product_brand":[],"product_cat":[3320,1713,1732,1677,2191,2772,1696,1723,1697],"product_tag":[1682,1700,1681,1701,1755],"class_list":{"0":"post-60676","1":"product","2":"type-product","3":"status-publish","4":"has-post-thumbnail","6":"maisons-selection-champagne-krug-en","7":"product_cat-all-champagnes-and-exclusive-boxes","8":"product_cat-categorie-maisons-de-champagne-en","9":"product_cat-categorie-krug-en","10":"product_cat-grands-flacons-en","11":"product_cat-magnum-en","12":"product_cat-all-champagnes","13":"product_cat-champagne-rose-en","14":"product_cat-champagne-prestige-en","15":"product_cat-repas-en","16":"product_tag-pour-offrir-en","17":"product_tag-la-vie-en-rose-en","18":"product_tag-grand-flacon-en","19":"product_tag-repas-champagne-en","20":"product_tag-haute-couture-en","22":"first","23":"instock","24":"taxable","25":"shipping-taxable","26":"purchasable","27":"product-type-simple"},"acf":[],"yoast_head":"<!-- This site is optimized with the Yoast SEO plugin v26.4 - https:\/\/yoast.com\/wordpress\/plugins\/seo\/ -->\n<title>Krug Ros\u00e9 21st edition magnum with case - Champmarket<\/title>\n<meta name=\"description\" content=\"Krug Ros\u00e9 21st Edition magnum with box is both surprising and daring. With its vast palette of elegant notes, it reveals a score as sensual as it is daring.\" \/>\n<meta name=\"robots\" content=\"index, follow, max-snippet:-1, max-image-preview:large, max-video-preview:-1\" \/>\n<link rel=\"canonical\" href=\"https:\/\/www.champmarket.com\/en\/champagne\/krug-rose-21th-edition-magnum-with-gift-box\/\" \/>\n<meta property=\"og:locale\" content=\"en_US\" \/>\n<meta property=\"og:type\" content=\"article\" \/>\n<meta property=\"og:title\" content=\"Krug Ros\u00e9 21st edition magnum with case - Champmarket\" \/>\n<meta property=\"og:description\" content=\"Krug Ros\u00e9 21st Edition magnum with box is both surprising and daring. With its vast palette of elegant notes, it reveals a score as sensual as it is daring.\" \/>\n<meta property=\"og:url\" content=\"https:\/\/www.champmarket.com\/en\/champagne\/krug-rose-21th-edition-magnum-with-gift-box\/\" \/>\n<meta property=\"og:site_name\" content=\"Champmarket\" \/>\n<meta property=\"article:publisher\" content=\"https:\/\/www.facebook.com\/ChampMarket\/\" \/>\n<meta property=\"article:modified_time\" content=\"2024-07-19T14:02:40+00:00\" \/>\n<meta property=\"og:image\" content=\"https:\/\/www.champmarket.com\/wp-content\/uploads\/2023\/11\/krug-rose-21eme-edition-magnum.webp\" \/>\n\t<meta property=\"og:image:width\" content=\"1400\" \/>\n\t<meta property=\"og:image:height\" content=\"1400\" \/>\n\t<meta property=\"og:image:type\" content=\"image\/webp\" \/>\n<meta name=\"twitter:card\" content=\"summary_large_image\" \/>\n<meta name=\"twitter:site\" content=\"@champmarket\" \/>\n<meta name=\"twitter:label1\" content=\"Est. reading time\" \/>\n\t<meta name=\"twitter:data1\" content=\"1 minute\" \/>\n<script type=\"application\/ld+json\" class=\"yoast-schema-graph\">{\"@context\":\"https:\/\/schema.org\",\"@graph\":[{\"@type\":\"WebPage\",\"@id\":\"https:\/\/www.champmarket.com\/en\/champagne\/krug-rose-21th-edition-magnum-with-gift-box\/\",\"url\":\"https:\/\/www.champmarket.com\/en\/champagne\/krug-rose-21th-edition-magnum-with-gift-box\/\",\"name\":\"Krug Ros\u00e9 21st edition magnum with case - Champmarket\",\"isPartOf\":{\"@id\":\"https:\/\/www.champmarket.com\/#website\"},\"primaryImageOfPage\":{\"@id\":\"https:\/\/www.champmarket.com\/en\/champagne\/krug-rose-21th-edition-magnum-with-gift-box\/#primaryimage\"},\"image\":{\"@id\":\"https:\/\/www.champmarket.com\/en\/champagne\/krug-rose-21th-edition-magnum-with-gift-box\/#primaryimage\"},\"thumbnailUrl\":\"https:\/\/www.champmarket.com\/wp-content\/uploads\/2023\/11\/krug-rose-21eme-edition-magnum.webp\",\"datePublished\":\"2023-11-06T13:04:55+00:00\",\"dateModified\":\"2024-07-19T14:02:40+00:00\",\"description\":\"Krug Ros\u00e9 21st Edition magnum with box is both surprising and daring. With its vast palette of elegant notes, it reveals a score as sensual as it is daring.\",\"breadcrumb\":{\"@id\":\"https:\/\/www.champmarket.com\/en\/champagne\/krug-rose-21th-edition-magnum-with-gift-box\/#breadcrumb\"},\"inLanguage\":\"en-US\",\"potentialAction\":[{\"@type\":\"ReadAction\",\"target\":[\"https:\/\/www.champmarket.com\/en\/champagne\/krug-rose-21th-edition-magnum-with-gift-box\/\"]}]},{\"@type\":\"ImageObject\",\"inLanguage\":\"en-US\",\"@id\":\"https:\/\/www.champmarket.com\/en\/champagne\/krug-rose-21th-edition-magnum-with-gift-box\/#primaryimage\",\"url\":\"https:\/\/www.champmarket.com\/wp-content\/uploads\/2023\/11\/krug-rose-21eme-edition-magnum.webp\",\"contentUrl\":\"https:\/\/www.champmarket.com\/wp-content\/uploads\/2023\/11\/krug-rose-21eme-edition-magnum.webp\",\"width\":1400,\"height\":1400,\"caption\":\"Champagne Krug Ros\u00e9 21\u00e8me \u00e9dition magnum - Champmarket\"},{\"@type\":\"BreadcrumbList\",\"@id\":\"https:\/\/www.champmarket.com\/en\/champagne\/krug-rose-21th-edition-magnum-with-gift-box\/#breadcrumb\",\"itemListElement\":[{\"@type\":\"ListItem\",\"position\":1,\"name\":\"Home\",\"item\":\"https:\/\/www.champmarket.com\/en\/buy-champagne-online-champmarket\/\"},{\"@type\":\"ListItem\",\"position\":2,\"name\":\"Shop\",\"item\":\"https:\/\/www.champmarket.com\/en\/shop-2\/\"},{\"@type\":\"ListItem\",\"position\":3,\"name\":\"Krug\",\"item\":\"https:\/\/www.champmarket.com\/en\/maisons\/selection-champagne-krug-en\/\"},{\"@type\":\"ListItem\",\"position\":4,\"name\":\"Krug Ros\u00e9 21st edition magnum with case\"}]},{\"@type\":\"WebSite\",\"@id\":\"https:\/\/www.champmarket.com\/#website\",\"url\":\"https:\/\/www.champmarket.com\/\",\"name\":\"Champmarket\",\"description\":\"Champagne Only ! Champmarket offers a very wide range of exceptional champagnes, the greatest brands, rare vintages, limited editions, old vintages and champagne gift ideas for any occasion.\",\"publisher\":{\"@id\":\"https:\/\/www.champmarket.com\/#organization\"},\"potentialAction\":[{\"@type\":\"SearchAction\",\"target\":{\"@type\":\"EntryPoint\",\"urlTemplate\":\"https:\/\/www.champmarket.com\/?s={search_term_string}\"},\"query-input\":{\"@type\":\"PropertyValueSpecification\",\"valueRequired\":true,\"valueName\":\"search_term_string\"}}],\"inLanguage\":\"en-US\"},{\"@type\":\"Organization\",\"@id\":\"https:\/\/www.champmarket.com\/#organization\",\"name\":\"Champmarket\",\"url\":\"https:\/\/www.champmarket.com\/\",\"logo\":{\"@type\":\"ImageObject\",\"inLanguage\":\"en-US\",\"@id\":\"https:\/\/www.champmarket.com\/#\/schema\/logo\/image\/\",\"url\":\"https:\/\/www.champmarket.com\/wp-content\/uploads\/2024\/08\/logo2024-1.svg\",\"contentUrl\":\"https:\/\/www.champmarket.com\/wp-content\/uploads\/2024\/08\/logo2024-1.svg\",\"width\":579.8,\"height\":80,\"caption\":\"Champmarket\"},\"image\":{\"@id\":\"https:\/\/www.champmarket.com\/#\/schema\/logo\/image\/\"},\"sameAs\":[\"https:\/\/www.facebook.com\/ChampMarket\/\",\"https:\/\/x.com\/champmarket\",\"https:\/\/www.instagram.com\/champmarket.paris\/\",\"https:\/\/www.pinterest.fr\/champmarketparis\/\",\"https:\/\/www.linkedin.com\/company\/champmarket\/\"]}]}<\/script>\n<!-- \/ Yoast SEO plugin. -->","yoast_head_json":{"title":"Krug Ros\u00e9 21st edition magnum with case - Champmarket","description":"Krug Ros\u00e9 21st Edition magnum with box is both surprising and daring. With its vast palette of elegant notes, it reveals a score as sensual as it is daring.","robots":{"index":"index","follow":"follow","max-snippet":"max-snippet:-1","max-image-preview":"max-image-preview:large","max-video-preview":"max-video-preview:-1"},"canonical":"https:\/\/www.champmarket.com\/en\/champagne\/krug-rose-21th-edition-magnum-with-gift-box\/","og_locale":"en_US","og_type":"article","og_title":"Krug Ros\u00e9 21st edition magnum with case - Champmarket","og_description":"Krug Ros\u00e9 21st Edition magnum with box is both surprising and daring. With its vast palette of elegant notes, it reveals a score as sensual as it is daring.","og_url":"https:\/\/www.champmarket.com\/en\/champagne\/krug-rose-21th-edition-magnum-with-gift-box\/","og_site_name":"Champmarket","article_publisher":"https:\/\/www.facebook.com\/ChampMarket\/","article_modified_time":"2024-07-19T14:02:40+00:00","og_image":[{"width":1400,"height":1400,"url":"https:\/\/www.champmarket.com\/wp-content\/uploads\/2023\/11\/krug-rose-21eme-edition-magnum.webp","type":"image\/webp"}],"twitter_card":"summary_large_image","twitter_site":"@champmarket","twitter_misc":{"Est. reading time":"1 minute"},"schema":{"@context":"https:\/\/schema.org","@graph":[{"@type":"WebPage","@id":"https:\/\/www.champmarket.com\/en\/champagne\/krug-rose-21th-edition-magnum-with-gift-box\/","url":"https:\/\/www.champmarket.com\/en\/champagne\/krug-rose-21th-edition-magnum-with-gift-box\/","name":"Krug Ros\u00e9 21st edition magnum with case - Champmarket","isPartOf":{"@id":"https:\/\/www.champmarket.com\/#website"},"primaryImageOfPage":{"@id":"https:\/\/www.champmarket.com\/en\/champagne\/krug-rose-21th-edition-magnum-with-gift-box\/#primaryimage"},"image":{"@id":"https:\/\/www.champmarket.com\/en\/champagne\/krug-rose-21th-edition-magnum-with-gift-box\/#primaryimage"},"thumbnailUrl":"https:\/\/www.champmarket.com\/wp-content\/uploads\/2023\/11\/krug-rose-21eme-edition-magnum.webp","datePublished":"2023-11-06T13:04:55+00:00","dateModified":"2024-07-19T14:02:40+00:00","description":"Krug Ros\u00e9 21st Edition magnum with box is both surprising and daring. With its vast palette of elegant notes, it reveals a score as sensual as it is daring.","breadcrumb":{"@id":"https:\/\/www.champmarket.com\/en\/champagne\/krug-rose-21th-edition-magnum-with-gift-box\/#breadcrumb"},"inLanguage":"en-US","potentialAction":[{"@type":"ReadAction","target":["https:\/\/www.champmarket.com\/en\/champagne\/krug-rose-21th-edition-magnum-with-gift-box\/"]}]},{"@type":"ImageObject","inLanguage":"en-US","@id":"https:\/\/www.champmarket.com\/en\/champagne\/krug-rose-21th-edition-magnum-with-gift-box\/#primaryimage","url":"https:\/\/www.champmarket.com\/wp-content\/uploads\/2023\/11\/krug-rose-21eme-edition-magnum.webp","contentUrl":"https:\/\/www.champmarket.com\/wp-content\/uploads\/2023\/11\/krug-rose-21eme-edition-magnum.webp","width":1400,"height":1400,"caption":"Champagne Krug Ros\u00e9 21\u00e8me \u00e9dition magnum - Champmarket"},{"@type":"BreadcrumbList","@id":"https:\/\/www.champmarket.com\/en\/champagne\/krug-rose-21th-edition-magnum-with-gift-box\/#breadcrumb","itemListElement":[{"@type":"ListItem","position":1,"name":"Home","item":"https:\/\/www.champmarket.com\/en\/buy-champagne-online-champmarket\/"},{"@type":"ListItem","position":2,"name":"Shop","item":"https:\/\/www.champmarket.com\/en\/shop-2\/"},{"@type":"ListItem","position":3,"name":"Krug","item":"https:\/\/www.champmarket.com\/en\/maisons\/selection-champagne-krug-en\/"},{"@type":"ListItem","position":4,"name":"Krug Ros\u00e9 21st edition magnum with case"}]},{"@type":"WebSite","@id":"https:\/\/www.champmarket.com\/#website","url":"https:\/\/www.champmarket.com\/","name":"Champmarket","description":"Champagne Only ! Champmarket offers a very wide range of exceptional champagnes, the greatest brands, rare vintages, limited editions, old vintages and champagne gift ideas for any occasion.","publisher":{"@id":"https:\/\/www.champmarket.com\/#organization"},"potentialAction":[{"@type":"SearchAction","target":{"@type":"EntryPoint","urlTemplate":"https:\/\/www.champmarket.com\/?s={search_term_string}"},"query-input":{"@type":"PropertyValueSpecification","valueRequired":true,"valueName":"search_term_string"}}],"inLanguage":"en-US"},{"@type":"Organization","@id":"https:\/\/www.champmarket.com\/#organization","name":"Champmarket","url":"https:\/\/www.champmarket.com\/","logo":{"@type":"ImageObject","inLanguage":"en-US","@id":"https:\/\/www.champmarket.com\/#\/schema\/logo\/image\/","url":"https:\/\/www.champmarket.com\/wp-content\/uploads\/2024\/08\/logo2024-1.svg","contentUrl":"https:\/\/www.champmarket.com\/wp-content\/uploads\/2024\/08\/logo2024-1.svg","width":579.8,"height":80,"caption":"Champmarket"},"image":{"@id":"https:\/\/www.champmarket.com\/#\/schema\/logo\/image\/"},"sameAs":["https:\/\/www.facebook.com\/ChampMarket\/","https:\/\/x.com\/champmarket","https:\/\/www.instagram.com\/champmarket.paris\/","https:\/\/www.pinterest.fr\/champmarketparis\/","https:\/\/www.linkedin.com\/company\/champmarket\/"]}]}},"_links":{"self":[{"href":"https:\/\/www.champmarket.com\/en\/wp-json\/wp\/v2\/product\/60676","targetHints":{"allow":["GET"]}}],"collection":[{"href":"https:\/\/www.champmarket.com\/en\/wp-json\/wp\/v2\/product"}],"about":[{"href":"https:\/\/www.champmarket.com\/en\/wp-json\/wp\/v2\/types\/product"}],"version-history":[{"count":1,"href":"https:\/\/www.champmarket.com\/en\/wp-json\/wp\/v2\/product\/60676\/revisions"}],"predecessor-version":[{"id":69648,"href":"https:\/\/www.champmarket.com\/en\/wp-json\/wp\/v2\/product\/60676\/revisions\/69648"}],"wp:featuredmedia":[{"embeddable":true,"href":"https:\/\/www.champmarket.com\/en\/wp-json\/wp\/v2\/media\/60682"}],"wp:attachment":[{"href":"https:\/\/www.champmarket.com\/en\/wp-json\/wp\/v2\/media?parent=60676"}],"wp:term":[{"taxonomy":"product_brand","embeddable":true,"href":"https:\/\/www.champmarket.com\/en\/wp-json\/wp\/v2\/product_brand?post=60676"},{"taxonomy":"product_cat","embeddable":true,"href":"https:\/\/www.champmarket.com\/en\/wp-json\/wp\/v2\/product_cat?post=60676"},{"taxonomy":"product_tag","embeddable":true,"href":"https:\/\/www.champmarket.com\/en\/wp-json\/wp\/v2\/product_tag?post=60676"}],"curies":[{"name":"wp","href":"https:\/\/api.w.org\/{rel}","templated":true}]}}