{"id":64153,"date":"2024-01-25T14:10:01","date_gmt":"2024-01-25T13:10:01","guid":{"rendered":"https:\/\/www.champmarket.com\/?post_type=product&#038;p=64153"},"modified":"2025-05-09T14:41:16","modified_gmt":"2025-05-09T12:41:16","slug":"drappier-grande-sendree-2010-magnum-with-wooden-box","status":"publish","type":"product","link":"https:\/\/www.champmarket.com\/en\/champagne\/drappier-grande-sendree-2010-magnum-with-wooden-box\/","title":{"rendered":"Drappier Grande Sendr\u00e9e 2010 magnum with wooden case"},"content":{"rendered":"<p>Founded in 1808, the Drappier Champagne House, located in Urville on the C\u00f4te des Bar, is renowned for its powerful, characterful wines, housed in exceptional bottles. The family Champagne House is also known for its great Vintage cuv\u00e9e, Cuv\u00e9e Grande Sendr\u00e9e. This prestigious cuv\u00e9e takes its name from a parcel of land covered in ashes after the fire that ravaged Urville in 1838. Today, an &#8220;S&#8221; distinguishes this cuv\u00e9e in memory of a spelling error that crept onto its label at the time of printing: &#8220;cendr\u00e9e&#8221; became &#8220;sendr\u00e9e&#8221;.<\/p>\n","protected":false},"excerpt":{"rendered":"<p>Produced in very small quantities from old vines, Cuv\u00e9e Drappier Grande Sendr\u00e9e 2010 magnum with wooden case is a prestigious champagne that only comes into being in great years. It surprises with its refined expression of aromatic complexity. It is the subtle expression of accomplished aromas.<\/p>\n","protected":false},"featured_media":64158,"template":"","meta":{"_acf_changed":false},"product_brand":[],"product_cat":[1730,1677,2191,2772,1717,1723,1748,1697],"product_tag":[1682,1701,1755,1756,1762],"class_list":{"0":"post-64153","1":"product","2":"type-product","3":"status-publish","4":"has-post-thumbnail","6":"maisons-selection-champagne-drappier-en","7":"product_cat-categorie-drappier-en","8":"product_cat-grands-flacons-en","9":"product_cat-magnum-en","10":"product_cat-all-champagnes","11":"product_cat-champagne-millesime-en","12":"product_cat-champagne-prestige-en","13":"product_cat-aperitif-en","14":"product_cat-repas-en","15":"product_tag-pour-offrir-en","16":"product_tag-repas-champagne-en","17":"product_tag-haute-couture-en","18":"product_tag-incontournable-en","19":"product_tag-vintage-en","21":"first","22":"instock","23":"taxable","24":"shipping-taxable","25":"purchasable","26":"product-type-simple"},"acf":[],"yoast_head":"<!-- This site is optimized with the Yoast SEO plugin v26.4 - https:\/\/yoast.com\/wordpress\/plugins\/seo\/ -->\n<title>Drappier Grande Sendr\u00e9e 2010 magnum with wooden case - Champmarket<\/title>\n<meta name=\"description\" content=\"Cuv\u00e9e Drappier Grande Sendr\u00e9e 2010 magnum with wooden case is a prestigious champagne that surprises with its refined expression of aromatic complexity.\" \/>\n<meta name=\"robots\" content=\"index, follow, max-snippet:-1, max-image-preview:large, max-video-preview:-1\" \/>\n<link rel=\"canonical\" href=\"https:\/\/www.champmarket.com\/en\/champagne\/drappier-grande-sendree-2010-magnum-with-wooden-box\/\" \/>\n<meta property=\"og:locale\" content=\"en_US\" \/>\n<meta property=\"og:type\" content=\"article\" \/>\n<meta property=\"og:title\" content=\"Drappier Grande Sendr\u00e9e 2010 magnum with wooden case - Champmarket\" \/>\n<meta property=\"og:description\" content=\"Cuv\u00e9e Drappier Grande Sendr\u00e9e 2010 magnum with wooden case is a prestigious champagne that surprises with its refined expression of aromatic complexity.\" \/>\n<meta property=\"og:url\" content=\"https:\/\/www.champmarket.com\/en\/champagne\/drappier-grande-sendree-2010-magnum-with-wooden-box\/\" \/>\n<meta property=\"og:site_name\" content=\"Champmarket\" \/>\n<meta property=\"article:publisher\" content=\"https:\/\/www.facebook.com\/ChampMarket\/\" \/>\n<meta property=\"article:modified_time\" content=\"2025-05-09T12:41:16+00:00\" \/>\n<meta property=\"og:image\" content=\"https:\/\/www.champmarket.com\/wp-content\/uploads\/2024\/01\/drappier-grande-sendree-2010-magnum-coffret.webp\" \/>\n\t<meta property=\"og:image:width\" content=\"1200\" \/>\n\t<meta property=\"og:image:height\" content=\"1200\" \/>\n\t<meta property=\"og:image:type\" content=\"image\/webp\" \/>\n<meta name=\"twitter:card\" content=\"summary_large_image\" \/>\n<meta name=\"twitter:site\" content=\"@champmarket\" \/>\n<meta name=\"twitter:label1\" content=\"Est. reading time\" \/>\n\t<meta name=\"twitter:data1\" content=\"1 minute\" \/>\n<script type=\"application\/ld+json\" class=\"yoast-schema-graph\">{\"@context\":\"https:\/\/schema.org\",\"@graph\":[{\"@type\":\"WebPage\",\"@id\":\"https:\/\/www.champmarket.com\/en\/champagne\/drappier-grande-sendree-2010-magnum-with-wooden-box\/\",\"url\":\"https:\/\/www.champmarket.com\/en\/champagne\/drappier-grande-sendree-2010-magnum-with-wooden-box\/\",\"name\":\"Drappier Grande Sendr\u00e9e 2010 magnum with wooden case - Champmarket\",\"isPartOf\":{\"@id\":\"https:\/\/www.champmarket.com\/#website\"},\"primaryImageOfPage\":{\"@id\":\"https:\/\/www.champmarket.com\/en\/champagne\/drappier-grande-sendree-2010-magnum-with-wooden-box\/#primaryimage\"},\"image\":{\"@id\":\"https:\/\/www.champmarket.com\/en\/champagne\/drappier-grande-sendree-2010-magnum-with-wooden-box\/#primaryimage\"},\"thumbnailUrl\":\"https:\/\/www.champmarket.com\/wp-content\/uploads\/2024\/01\/drappier-grande-sendree-2010-magnum-coffret.webp\",\"datePublished\":\"2024-01-25T13:10:01+00:00\",\"dateModified\":\"2025-05-09T12:41:16+00:00\",\"description\":\"Cuv\u00e9e Drappier Grande Sendr\u00e9e 2010 magnum with wooden case is a prestigious champagne that surprises with its refined expression of aromatic complexity.\",\"breadcrumb\":{\"@id\":\"https:\/\/www.champmarket.com\/en\/champagne\/drappier-grande-sendree-2010-magnum-with-wooden-box\/#breadcrumb\"},\"inLanguage\":\"en-US\",\"potentialAction\":[{\"@type\":\"ReadAction\",\"target\":[\"https:\/\/www.champmarket.com\/en\/champagne\/drappier-grande-sendree-2010-magnum-with-wooden-box\/\"]}]},{\"@type\":\"ImageObject\",\"inLanguage\":\"en-US\",\"@id\":\"https:\/\/www.champmarket.com\/en\/champagne\/drappier-grande-sendree-2010-magnum-with-wooden-box\/#primaryimage\",\"url\":\"https:\/\/www.champmarket.com\/wp-content\/uploads\/2024\/01\/drappier-grande-sendree-2010-magnum-coffret.webp\",\"contentUrl\":\"https:\/\/www.champmarket.com\/wp-content\/uploads\/2024\/01\/drappier-grande-sendree-2010-magnum-coffret.webp\",\"width\":1200,\"height\":1200,\"caption\":\"Champagne Drappier Grande Sendr\u00e9e 2010 magnum avec caisse bois - Champmarket\"},{\"@type\":\"BreadcrumbList\",\"@id\":\"https:\/\/www.champmarket.com\/en\/champagne\/drappier-grande-sendree-2010-magnum-with-wooden-box\/#breadcrumb\",\"itemListElement\":[{\"@type\":\"ListItem\",\"position\":1,\"name\":\"Home\",\"item\":\"https:\/\/www.champmarket.com\/en\/buy-champagne-online-champmarket\/\"},{\"@type\":\"ListItem\",\"position\":2,\"name\":\"Shop\",\"item\":\"https:\/\/www.champmarket.com\/en\/shop-2\/\"},{\"@type\":\"ListItem\",\"position\":3,\"name\":\"Drappier\",\"item\":\"https:\/\/www.champmarket.com\/en\/maisons\/selection-champagne-drappier-en\/\"},{\"@type\":\"ListItem\",\"position\":4,\"name\":\"Drappier Grande Sendr\u00e9e 2010 magnum with wooden case\"}]},{\"@type\":\"WebSite\",\"@id\":\"https:\/\/www.champmarket.com\/#website\",\"url\":\"https:\/\/www.champmarket.com\/\",\"name\":\"Champmarket\",\"description\":\"Champagne Only ! Champmarket offers a very wide range of exceptional champagnes, the greatest brands, rare vintages, limited editions, old vintages and champagne gift ideas for any occasion.\",\"publisher\":{\"@id\":\"https:\/\/www.champmarket.com\/#organization\"},\"potentialAction\":[{\"@type\":\"SearchAction\",\"target\":{\"@type\":\"EntryPoint\",\"urlTemplate\":\"https:\/\/www.champmarket.com\/?s={search_term_string}\"},\"query-input\":{\"@type\":\"PropertyValueSpecification\",\"valueRequired\":true,\"valueName\":\"search_term_string\"}}],\"inLanguage\":\"en-US\"},{\"@type\":\"Organization\",\"@id\":\"https:\/\/www.champmarket.com\/#organization\",\"name\":\"Champmarket\",\"url\":\"https:\/\/www.champmarket.com\/\",\"logo\":{\"@type\":\"ImageObject\",\"inLanguage\":\"en-US\",\"@id\":\"https:\/\/www.champmarket.com\/#\/schema\/logo\/image\/\",\"url\":\"https:\/\/www.champmarket.com\/wp-content\/uploads\/2024\/08\/logo2024-1.svg\",\"contentUrl\":\"https:\/\/www.champmarket.com\/wp-content\/uploads\/2024\/08\/logo2024-1.svg\",\"width\":579.8,\"height\":80,\"caption\":\"Champmarket\"},\"image\":{\"@id\":\"https:\/\/www.champmarket.com\/#\/schema\/logo\/image\/\"},\"sameAs\":[\"https:\/\/www.facebook.com\/ChampMarket\/\",\"https:\/\/x.com\/champmarket\",\"https:\/\/www.instagram.com\/champmarket.paris\/\",\"https:\/\/www.pinterest.fr\/champmarketparis\/\",\"https:\/\/www.linkedin.com\/company\/champmarket\/\"]}]}<\/script>\n<!-- \/ Yoast SEO plugin. -->","yoast_head_json":{"title":"Drappier Grande Sendr\u00e9e 2010 magnum with wooden case - Champmarket","description":"Cuv\u00e9e Drappier Grande Sendr\u00e9e 2010 magnum with wooden case is a prestigious champagne that surprises with its refined expression of aromatic complexity.","robots":{"index":"index","follow":"follow","max-snippet":"max-snippet:-1","max-image-preview":"max-image-preview:large","max-video-preview":"max-video-preview:-1"},"canonical":"https:\/\/www.champmarket.com\/en\/champagne\/drappier-grande-sendree-2010-magnum-with-wooden-box\/","og_locale":"en_US","og_type":"article","og_title":"Drappier Grande Sendr\u00e9e 2010 magnum with wooden case - Champmarket","og_description":"Cuv\u00e9e Drappier Grande Sendr\u00e9e 2010 magnum with wooden case is a prestigious champagne that surprises with its refined expression of aromatic complexity.","og_url":"https:\/\/www.champmarket.com\/en\/champagne\/drappier-grande-sendree-2010-magnum-with-wooden-box\/","og_site_name":"Champmarket","article_publisher":"https:\/\/www.facebook.com\/ChampMarket\/","article_modified_time":"2025-05-09T12:41:16+00:00","og_image":[{"width":1200,"height":1200,"url":"https:\/\/www.champmarket.com\/wp-content\/uploads\/2024\/01\/drappier-grande-sendree-2010-magnum-coffret.webp","type":"image\/webp"}],"twitter_card":"summary_large_image","twitter_site":"@champmarket","twitter_misc":{"Est. reading time":"1 minute"},"schema":{"@context":"https:\/\/schema.org","@graph":[{"@type":"WebPage","@id":"https:\/\/www.champmarket.com\/en\/champagne\/drappier-grande-sendree-2010-magnum-with-wooden-box\/","url":"https:\/\/www.champmarket.com\/en\/champagne\/drappier-grande-sendree-2010-magnum-with-wooden-box\/","name":"Drappier Grande Sendr\u00e9e 2010 magnum with wooden case - Champmarket","isPartOf":{"@id":"https:\/\/www.champmarket.com\/#website"},"primaryImageOfPage":{"@id":"https:\/\/www.champmarket.com\/en\/champagne\/drappier-grande-sendree-2010-magnum-with-wooden-box\/#primaryimage"},"image":{"@id":"https:\/\/www.champmarket.com\/en\/champagne\/drappier-grande-sendree-2010-magnum-with-wooden-box\/#primaryimage"},"thumbnailUrl":"https:\/\/www.champmarket.com\/wp-content\/uploads\/2024\/01\/drappier-grande-sendree-2010-magnum-coffret.webp","datePublished":"2024-01-25T13:10:01+00:00","dateModified":"2025-05-09T12:41:16+00:00","description":"Cuv\u00e9e Drappier Grande Sendr\u00e9e 2010 magnum with wooden case is a prestigious champagne that surprises with its refined expression of aromatic complexity.","breadcrumb":{"@id":"https:\/\/www.champmarket.com\/en\/champagne\/drappier-grande-sendree-2010-magnum-with-wooden-box\/#breadcrumb"},"inLanguage":"en-US","potentialAction":[{"@type":"ReadAction","target":["https:\/\/www.champmarket.com\/en\/champagne\/drappier-grande-sendree-2010-magnum-with-wooden-box\/"]}]},{"@type":"ImageObject","inLanguage":"en-US","@id":"https:\/\/www.champmarket.com\/en\/champagne\/drappier-grande-sendree-2010-magnum-with-wooden-box\/#primaryimage","url":"https:\/\/www.champmarket.com\/wp-content\/uploads\/2024\/01\/drappier-grande-sendree-2010-magnum-coffret.webp","contentUrl":"https:\/\/www.champmarket.com\/wp-content\/uploads\/2024\/01\/drappier-grande-sendree-2010-magnum-coffret.webp","width":1200,"height":1200,"caption":"Champagne Drappier Grande Sendr\u00e9e 2010 magnum avec caisse bois - Champmarket"},{"@type":"BreadcrumbList","@id":"https:\/\/www.champmarket.com\/en\/champagne\/drappier-grande-sendree-2010-magnum-with-wooden-box\/#breadcrumb","itemListElement":[{"@type":"ListItem","position":1,"name":"Home","item":"https:\/\/www.champmarket.com\/en\/buy-champagne-online-champmarket\/"},{"@type":"ListItem","position":2,"name":"Shop","item":"https:\/\/www.champmarket.com\/en\/shop-2\/"},{"@type":"ListItem","position":3,"name":"Drappier","item":"https:\/\/www.champmarket.com\/en\/maisons\/selection-champagne-drappier-en\/"},{"@type":"ListItem","position":4,"name":"Drappier Grande Sendr\u00e9e 2010 magnum with wooden case"}]},{"@type":"WebSite","@id":"https:\/\/www.champmarket.com\/#website","url":"https:\/\/www.champmarket.com\/","name":"Champmarket","description":"Champagne Only ! Champmarket offers a very wide range of exceptional champagnes, the greatest brands, rare vintages, limited editions, old vintages and champagne gift ideas for any occasion.","publisher":{"@id":"https:\/\/www.champmarket.com\/#organization"},"potentialAction":[{"@type":"SearchAction","target":{"@type":"EntryPoint","urlTemplate":"https:\/\/www.champmarket.com\/?s={search_term_string}"},"query-input":{"@type":"PropertyValueSpecification","valueRequired":true,"valueName":"search_term_string"}}],"inLanguage":"en-US"},{"@type":"Organization","@id":"https:\/\/www.champmarket.com\/#organization","name":"Champmarket","url":"https:\/\/www.champmarket.com\/","logo":{"@type":"ImageObject","inLanguage":"en-US","@id":"https:\/\/www.champmarket.com\/#\/schema\/logo\/image\/","url":"https:\/\/www.champmarket.com\/wp-content\/uploads\/2024\/08\/logo2024-1.svg","contentUrl":"https:\/\/www.champmarket.com\/wp-content\/uploads\/2024\/08\/logo2024-1.svg","width":579.8,"height":80,"caption":"Champmarket"},"image":{"@id":"https:\/\/www.champmarket.com\/#\/schema\/logo\/image\/"},"sameAs":["https:\/\/www.facebook.com\/ChampMarket\/","https:\/\/x.com\/champmarket","https:\/\/www.instagram.com\/champmarket.paris\/","https:\/\/www.pinterest.fr\/champmarketparis\/","https:\/\/www.linkedin.com\/company\/champmarket\/"]}]}},"_links":{"self":[{"href":"https:\/\/www.champmarket.com\/en\/wp-json\/wp\/v2\/product\/64153","targetHints":{"allow":["GET"]}}],"collection":[{"href":"https:\/\/www.champmarket.com\/en\/wp-json\/wp\/v2\/product"}],"about":[{"href":"https:\/\/www.champmarket.com\/en\/wp-json\/wp\/v2\/types\/product"}],"version-history":[{"count":3,"href":"https:\/\/www.champmarket.com\/en\/wp-json\/wp\/v2\/product\/64153\/revisions"}],"predecessor-version":[{"id":74802,"href":"https:\/\/www.champmarket.com\/en\/wp-json\/wp\/v2\/product\/64153\/revisions\/74802"}],"wp:featuredmedia":[{"embeddable":true,"href":"https:\/\/www.champmarket.com\/en\/wp-json\/wp\/v2\/media\/64158"}],"wp:attachment":[{"href":"https:\/\/www.champmarket.com\/en\/wp-json\/wp\/v2\/media?parent=64153"}],"wp:term":[{"taxonomy":"product_brand","embeddable":true,"href":"https:\/\/www.champmarket.com\/en\/wp-json\/wp\/v2\/product_brand?post=64153"},{"taxonomy":"product_cat","embeddable":true,"href":"https:\/\/www.champmarket.com\/en\/wp-json\/wp\/v2\/product_cat?post=64153"},{"taxonomy":"product_tag","embeddable":true,"href":"https:\/\/www.champmarket.com\/en\/wp-json\/wp\/v2\/product_tag?post=64153"}],"curies":[{"name":"wp","href":"https:\/\/api.w.org\/{rel}","templated":true}]}}