{"id":64247,"date":"2024-01-29T11:52:56","date_gmt":"2024-01-29T10:52:56","guid":{"rendered":"https:\/\/www.champmarket.com\/?post_type=product&#038;p=64247"},"modified":"2024-10-10T12:30:59","modified_gmt":"2024-10-10T10:30:59","slug":"ruinart-discovery-box-4-bottles-brut-millesime-blanc-de-blancs-rose","status":"publish","type":"product","link":"https:\/\/www.champmarket.com\/en\/champagne\/ruinart-discovery-box-4-bottles-brut-millesime-blanc-de-blancs-rose\/","title":{"rendered":"Ruinart Caisse-Cave D\u00e9couverte 4 Bottles R Brut, R Millesime, Blanc de Blancs, Rose"},"content":{"rendered":"<p>Enter the world of Ruinart, and you&#8217;ll discover all the hallmarks of this great Champagne House: unwavering standards, a pure and refined spirit, the luminous dominance of Chardonnay and a unique bottle, characteristic of Ruinart champagnes. The Ruinart 4-Bottle Discovery Box is the perfect opportunity to discover the must-have champagnes from this great Champagne House: <strong>R de Ruinart Brut<\/strong>, the spirit of the Ruinart House: a constantly demanding, pure and refined spirit, the luminous dominance of Chardonnay and a unique bottle, characteristic of Ruinart champagnes. <strong>Vintage R<\/strong>, a<span class=\"truncated\">balanced, harmonious champagne, a true illustration of Ruinart taste.<\/span> <strong>Ruinart Blanc de Blancs<\/strong>, the emblem of Ruinart taste. A beautiful Blanc de Blancs, pure, clean and precise.<\/p>\n<p><strong>Ruinart Ros\u00e9<\/strong>, the gourmet expression of the Ruinart taste.<\/p>\n<p>For yourself or as a gift, this elegant wooden box with handles is perfect for any occasion.<\/p>\n","protected":false},"excerpt":{"rendered":"<p>The Ruinart 4-Bottle Caisse-Cave D\u00e9couverte is an opportunity to (re)discover the essential cuv\u00e9es of this great Champagne House: R Brut, R Vintage, Blanc de Blancs and Ros\u00e9.<\/p>\n","protected":false},"featured_media":64253,"template":"","meta":{"_acf_changed":false},"product_brand":[],"product_cat":[1713,1742,1695,1679,2772,1680,1719,1696,1750,1748,1697],"product_tag":[1682,1701],"class_list":{"0":"post-64247","1":"product","2":"type-product","3":"status-publish","4":"has-post-thumbnail","6":"maisons-selection-champagne-ruinart-en","7":"product_cat-categorie-maisons-de-champagne-en","8":"product_cat-categorie-ruinart-en","9":"product_cat-bouteilles-en","10":"product_cat-cadeaux-affaires-en","11":"product_cat-all-champagnes","12":"product_cat-champagne-brut-en","13":"product_cat-champagne-blanc-de-blancs-en","14":"product_cat-champagne-rose-en","15":"product_cat-dessert-en","16":"product_cat-aperitif-en","17":"product_cat-repas-en","18":"product_tag-pour-offrir-en","19":"product_tag-repas-champagne-en","21":"first","22":"instock","23":"taxable","24":"shipping-taxable","25":"purchasable","26":"product-type-simple"},"acf":[],"yoast_head":"<!-- This site is optimized with the Yoast SEO plugin v26.4 - https:\/\/yoast.com\/wordpress\/plugins\/seo\/ -->\n<title>Ruinart Caisse-Cave D\u00e9couverte 4 Bottles R Brut, R Millesime, Blanc de Blancs, Rose - Champmarket<\/title>\n<meta name=\"description\" content=\"The Ruinart 4-Bottle Caisse-Cave D\u00e9couverte is an opportunity to (re)discover the essential cuv\u00e9es of this great Champagne House: R Brut, R Vintage, Blanc de Blancs and Ros\u00e9.\" \/>\n<meta name=\"robots\" content=\"index, follow, max-snippet:-1, max-image-preview:large, max-video-preview:-1\" \/>\n<link rel=\"canonical\" href=\"https:\/\/www.champmarket.com\/en\/champagne\/ruinart-discovery-box-4-bottles-brut-millesime-blanc-de-blancs-rose\/\" \/>\n<meta property=\"og:locale\" content=\"en_US\" \/>\n<meta property=\"og:type\" content=\"article\" \/>\n<meta property=\"og:title\" content=\"Ruinart Caisse-Cave D\u00e9couverte 4 Bottles R Brut, R Millesime, Blanc de Blancs, Rose - Champmarket\" \/>\n<meta property=\"og:description\" content=\"The Ruinart 4-Bottle Caisse-Cave D\u00e9couverte is an opportunity to (re)discover the essential cuv\u00e9es of this great Champagne House: R Brut, R Vintage, Blanc de Blancs and Ros\u00e9.\" \/>\n<meta property=\"og:url\" content=\"https:\/\/www.champmarket.com\/en\/champagne\/ruinart-discovery-box-4-bottles-brut-millesime-blanc-de-blancs-rose\/\" \/>\n<meta property=\"og:site_name\" content=\"Champmarket\" \/>\n<meta property=\"article:publisher\" content=\"https:\/\/www.facebook.com\/ChampMarket\/\" \/>\n<meta property=\"article:modified_time\" content=\"2024-10-10T10:30:59+00:00\" \/>\n<meta property=\"og:image\" content=\"https:\/\/www.champmarket.com\/wp-content\/uploads\/2024\/01\/ruinart-caisse-cave-decouverte-4-bouteilles.webp\" \/>\n\t<meta property=\"og:image:width\" content=\"1200\" \/>\n\t<meta property=\"og:image:height\" content=\"1200\" \/>\n\t<meta property=\"og:image:type\" content=\"image\/webp\" \/>\n<meta name=\"twitter:card\" content=\"summary_large_image\" \/>\n<meta name=\"twitter:site\" content=\"@champmarket\" \/>\n<meta name=\"twitter:label1\" content=\"Est. reading time\" \/>\n\t<meta name=\"twitter:data1\" content=\"1 minute\" \/>\n<script type=\"application\/ld+json\" class=\"yoast-schema-graph\">{\"@context\":\"https:\/\/schema.org\",\"@graph\":[{\"@type\":\"WebPage\",\"@id\":\"https:\/\/www.champmarket.com\/en\/champagne\/ruinart-discovery-box-4-bottles-brut-millesime-blanc-de-blancs-rose\/\",\"url\":\"https:\/\/www.champmarket.com\/en\/champagne\/ruinart-discovery-box-4-bottles-brut-millesime-blanc-de-blancs-rose\/\",\"name\":\"Ruinart Caisse-Cave D\u00e9couverte 4 Bottles R Brut, R Millesime, Blanc de Blancs, Rose - Champmarket\",\"isPartOf\":{\"@id\":\"https:\/\/www.champmarket.com\/#website\"},\"primaryImageOfPage\":{\"@id\":\"https:\/\/www.champmarket.com\/en\/champagne\/ruinart-discovery-box-4-bottles-brut-millesime-blanc-de-blancs-rose\/#primaryimage\"},\"image\":{\"@id\":\"https:\/\/www.champmarket.com\/en\/champagne\/ruinart-discovery-box-4-bottles-brut-millesime-blanc-de-blancs-rose\/#primaryimage\"},\"thumbnailUrl\":\"https:\/\/www.champmarket.com\/wp-content\/uploads\/2024\/01\/ruinart-caisse-cave-decouverte-4-bouteilles.webp\",\"datePublished\":\"2024-01-29T10:52:56+00:00\",\"dateModified\":\"2024-10-10T10:30:59+00:00\",\"description\":\"The Ruinart 4-Bottle Caisse-Cave D\u00e9couverte is an opportunity to (re)discover the essential cuv\u00e9es of this great Champagne House: R Brut, R Vintage, Blanc de Blancs and Ros\u00e9.\",\"breadcrumb\":{\"@id\":\"https:\/\/www.champmarket.com\/en\/champagne\/ruinart-discovery-box-4-bottles-brut-millesime-blanc-de-blancs-rose\/#breadcrumb\"},\"inLanguage\":\"en-US\",\"potentialAction\":[{\"@type\":\"ReadAction\",\"target\":[\"https:\/\/www.champmarket.com\/en\/champagne\/ruinart-discovery-box-4-bottles-brut-millesime-blanc-de-blancs-rose\/\"]}]},{\"@type\":\"ImageObject\",\"inLanguage\":\"en-US\",\"@id\":\"https:\/\/www.champmarket.com\/en\/champagne\/ruinart-discovery-box-4-bottles-brut-millesime-blanc-de-blancs-rose\/#primaryimage\",\"url\":\"https:\/\/www.champmarket.com\/wp-content\/uploads\/2024\/01\/ruinart-caisse-cave-decouverte-4-bouteilles.webp\",\"contentUrl\":\"https:\/\/www.champmarket.com\/wp-content\/uploads\/2024\/01\/ruinart-caisse-cave-decouverte-4-bouteilles.webp\",\"width\":1200,\"height\":1200,\"caption\":\"Champagne Ruinart Caisse-Cave D\u00e9couverte 4 Bouteilles - Champmarket\"},{\"@type\":\"BreadcrumbList\",\"@id\":\"https:\/\/www.champmarket.com\/en\/champagne\/ruinart-discovery-box-4-bottles-brut-millesime-blanc-de-blancs-rose\/#breadcrumb\",\"itemListElement\":[{\"@type\":\"ListItem\",\"position\":1,\"name\":\"Home\",\"item\":\"https:\/\/www.champmarket.com\/en\/buy-champagne-online-champmarket\/\"},{\"@type\":\"ListItem\",\"position\":2,\"name\":\"Shop\",\"item\":\"https:\/\/www.champmarket.com\/en\/shop-2\/\"},{\"@type\":\"ListItem\",\"position\":3,\"name\":\"Ruinart\",\"item\":\"https:\/\/www.champmarket.com\/en\/maisons\/selection-champagne-ruinart-en\/\"},{\"@type\":\"ListItem\",\"position\":4,\"name\":\"Ruinart Caisse-Cave D\u00e9couverte 4 Bottles R Brut, R Millesime, Blanc de Blancs, Rose\"}]},{\"@type\":\"WebSite\",\"@id\":\"https:\/\/www.champmarket.com\/#website\",\"url\":\"https:\/\/www.champmarket.com\/\",\"name\":\"Champmarket\",\"description\":\"Champagne Only ! Champmarket offers a very wide range of exceptional champagnes, the greatest brands, rare vintages, limited editions, old vintages and champagne gift ideas for any occasion.\",\"publisher\":{\"@id\":\"https:\/\/www.champmarket.com\/#organization\"},\"potentialAction\":[{\"@type\":\"SearchAction\",\"target\":{\"@type\":\"EntryPoint\",\"urlTemplate\":\"https:\/\/www.champmarket.com\/?s={search_term_string}\"},\"query-input\":{\"@type\":\"PropertyValueSpecification\",\"valueRequired\":true,\"valueName\":\"search_term_string\"}}],\"inLanguage\":\"en-US\"},{\"@type\":\"Organization\",\"@id\":\"https:\/\/www.champmarket.com\/#organization\",\"name\":\"Champmarket\",\"url\":\"https:\/\/www.champmarket.com\/\",\"logo\":{\"@type\":\"ImageObject\",\"inLanguage\":\"en-US\",\"@id\":\"https:\/\/www.champmarket.com\/#\/schema\/logo\/image\/\",\"url\":\"https:\/\/www.champmarket.com\/wp-content\/uploads\/2024\/08\/logo2024-1.svg\",\"contentUrl\":\"https:\/\/www.champmarket.com\/wp-content\/uploads\/2024\/08\/logo2024-1.svg\",\"width\":579.8,\"height\":80,\"caption\":\"Champmarket\"},\"image\":{\"@id\":\"https:\/\/www.champmarket.com\/#\/schema\/logo\/image\/\"},\"sameAs\":[\"https:\/\/www.facebook.com\/ChampMarket\/\",\"https:\/\/x.com\/champmarket\",\"https:\/\/www.instagram.com\/champmarket.paris\/\",\"https:\/\/www.pinterest.fr\/champmarketparis\/\",\"https:\/\/www.linkedin.com\/company\/champmarket\/\"]}]}<\/script>\n<!-- \/ Yoast SEO plugin. -->","yoast_head_json":{"title":"Ruinart Caisse-Cave D\u00e9couverte 4 Bottles R Brut, R Millesime, Blanc de Blancs, Rose - Champmarket","description":"The Ruinart 4-Bottle Caisse-Cave D\u00e9couverte is an opportunity to (re)discover the essential cuv\u00e9es of this great Champagne House: R Brut, R Vintage, Blanc de Blancs and Ros\u00e9.","robots":{"index":"index","follow":"follow","max-snippet":"max-snippet:-1","max-image-preview":"max-image-preview:large","max-video-preview":"max-video-preview:-1"},"canonical":"https:\/\/www.champmarket.com\/en\/champagne\/ruinart-discovery-box-4-bottles-brut-millesime-blanc-de-blancs-rose\/","og_locale":"en_US","og_type":"article","og_title":"Ruinart Caisse-Cave D\u00e9couverte 4 Bottles R Brut, R Millesime, Blanc de Blancs, Rose - Champmarket","og_description":"The Ruinart 4-Bottle Caisse-Cave D\u00e9couverte is an opportunity to (re)discover the essential cuv\u00e9es of this great Champagne House: R Brut, R Vintage, Blanc de Blancs and Ros\u00e9.","og_url":"https:\/\/www.champmarket.com\/en\/champagne\/ruinart-discovery-box-4-bottles-brut-millesime-blanc-de-blancs-rose\/","og_site_name":"Champmarket","article_publisher":"https:\/\/www.facebook.com\/ChampMarket\/","article_modified_time":"2024-10-10T10:30:59+00:00","og_image":[{"width":1200,"height":1200,"url":"https:\/\/www.champmarket.com\/wp-content\/uploads\/2024\/01\/ruinart-caisse-cave-decouverte-4-bouteilles.webp","type":"image\/webp"}],"twitter_card":"summary_large_image","twitter_site":"@champmarket","twitter_misc":{"Est. reading time":"1 minute"},"schema":{"@context":"https:\/\/schema.org","@graph":[{"@type":"WebPage","@id":"https:\/\/www.champmarket.com\/en\/champagne\/ruinart-discovery-box-4-bottles-brut-millesime-blanc-de-blancs-rose\/","url":"https:\/\/www.champmarket.com\/en\/champagne\/ruinart-discovery-box-4-bottles-brut-millesime-blanc-de-blancs-rose\/","name":"Ruinart Caisse-Cave D\u00e9couverte 4 Bottles R Brut, R Millesime, Blanc de Blancs, Rose - Champmarket","isPartOf":{"@id":"https:\/\/www.champmarket.com\/#website"},"primaryImageOfPage":{"@id":"https:\/\/www.champmarket.com\/en\/champagne\/ruinart-discovery-box-4-bottles-brut-millesime-blanc-de-blancs-rose\/#primaryimage"},"image":{"@id":"https:\/\/www.champmarket.com\/en\/champagne\/ruinart-discovery-box-4-bottles-brut-millesime-blanc-de-blancs-rose\/#primaryimage"},"thumbnailUrl":"https:\/\/www.champmarket.com\/wp-content\/uploads\/2024\/01\/ruinart-caisse-cave-decouverte-4-bouteilles.webp","datePublished":"2024-01-29T10:52:56+00:00","dateModified":"2024-10-10T10:30:59+00:00","description":"The Ruinart 4-Bottle Caisse-Cave D\u00e9couverte is an opportunity to (re)discover the essential cuv\u00e9es of this great Champagne House: R Brut, R Vintage, Blanc de Blancs and Ros\u00e9.","breadcrumb":{"@id":"https:\/\/www.champmarket.com\/en\/champagne\/ruinart-discovery-box-4-bottles-brut-millesime-blanc-de-blancs-rose\/#breadcrumb"},"inLanguage":"en-US","potentialAction":[{"@type":"ReadAction","target":["https:\/\/www.champmarket.com\/en\/champagne\/ruinart-discovery-box-4-bottles-brut-millesime-blanc-de-blancs-rose\/"]}]},{"@type":"ImageObject","inLanguage":"en-US","@id":"https:\/\/www.champmarket.com\/en\/champagne\/ruinart-discovery-box-4-bottles-brut-millesime-blanc-de-blancs-rose\/#primaryimage","url":"https:\/\/www.champmarket.com\/wp-content\/uploads\/2024\/01\/ruinart-caisse-cave-decouverte-4-bouteilles.webp","contentUrl":"https:\/\/www.champmarket.com\/wp-content\/uploads\/2024\/01\/ruinart-caisse-cave-decouverte-4-bouteilles.webp","width":1200,"height":1200,"caption":"Champagne Ruinart Caisse-Cave D\u00e9couverte 4 Bouteilles - Champmarket"},{"@type":"BreadcrumbList","@id":"https:\/\/www.champmarket.com\/en\/champagne\/ruinart-discovery-box-4-bottles-brut-millesime-blanc-de-blancs-rose\/#breadcrumb","itemListElement":[{"@type":"ListItem","position":1,"name":"Home","item":"https:\/\/www.champmarket.com\/en\/buy-champagne-online-champmarket\/"},{"@type":"ListItem","position":2,"name":"Shop","item":"https:\/\/www.champmarket.com\/en\/shop-2\/"},{"@type":"ListItem","position":3,"name":"Ruinart","item":"https:\/\/www.champmarket.com\/en\/maisons\/selection-champagne-ruinart-en\/"},{"@type":"ListItem","position":4,"name":"Ruinart Caisse-Cave D\u00e9couverte 4 Bottles R Brut, R Millesime, Blanc de Blancs, Rose"}]},{"@type":"WebSite","@id":"https:\/\/www.champmarket.com\/#website","url":"https:\/\/www.champmarket.com\/","name":"Champmarket","description":"Champagne Only ! Champmarket offers a very wide range of exceptional champagnes, the greatest brands, rare vintages, limited editions, old vintages and champagne gift ideas for any occasion.","publisher":{"@id":"https:\/\/www.champmarket.com\/#organization"},"potentialAction":[{"@type":"SearchAction","target":{"@type":"EntryPoint","urlTemplate":"https:\/\/www.champmarket.com\/?s={search_term_string}"},"query-input":{"@type":"PropertyValueSpecification","valueRequired":true,"valueName":"search_term_string"}}],"inLanguage":"en-US"},{"@type":"Organization","@id":"https:\/\/www.champmarket.com\/#organization","name":"Champmarket","url":"https:\/\/www.champmarket.com\/","logo":{"@type":"ImageObject","inLanguage":"en-US","@id":"https:\/\/www.champmarket.com\/#\/schema\/logo\/image\/","url":"https:\/\/www.champmarket.com\/wp-content\/uploads\/2024\/08\/logo2024-1.svg","contentUrl":"https:\/\/www.champmarket.com\/wp-content\/uploads\/2024\/08\/logo2024-1.svg","width":579.8,"height":80,"caption":"Champmarket"},"image":{"@id":"https:\/\/www.champmarket.com\/#\/schema\/logo\/image\/"},"sameAs":["https:\/\/www.facebook.com\/ChampMarket\/","https:\/\/x.com\/champmarket","https:\/\/www.instagram.com\/champmarket.paris\/","https:\/\/www.pinterest.fr\/champmarketparis\/","https:\/\/www.linkedin.com\/company\/champmarket\/"]}]}},"_links":{"self":[{"href":"https:\/\/www.champmarket.com\/en\/wp-json\/wp\/v2\/product\/64247","targetHints":{"allow":["GET"]}}],"collection":[{"href":"https:\/\/www.champmarket.com\/en\/wp-json\/wp\/v2\/product"}],"about":[{"href":"https:\/\/www.champmarket.com\/en\/wp-json\/wp\/v2\/types\/product"}],"version-history":[{"count":3,"href":"https:\/\/www.champmarket.com\/en\/wp-json\/wp\/v2\/product\/64247\/revisions"}],"predecessor-version":[{"id":74782,"href":"https:\/\/www.champmarket.com\/en\/wp-json\/wp\/v2\/product\/64247\/revisions\/74782"}],"wp:featuredmedia":[{"embeddable":true,"href":"https:\/\/www.champmarket.com\/en\/wp-json\/wp\/v2\/media\/64253"}],"wp:attachment":[{"href":"https:\/\/www.champmarket.com\/en\/wp-json\/wp\/v2\/media?parent=64247"}],"wp:term":[{"taxonomy":"product_brand","embeddable":true,"href":"https:\/\/www.champmarket.com\/en\/wp-json\/wp\/v2\/product_brand?post=64247"},{"taxonomy":"product_cat","embeddable":true,"href":"https:\/\/www.champmarket.com\/en\/wp-json\/wp\/v2\/product_cat?post=64247"},{"taxonomy":"product_tag","embeddable":true,"href":"https:\/\/www.champmarket.com\/en\/wp-json\/wp\/v2\/product_tag?post=64247"}],"curies":[{"name":"wp","href":"https:\/\/api.w.org\/{rel}","templated":true}]}}