{"id":64478,"date":"2024-02-07T18:02:31","date_gmt":"2024-02-07T17:02:32","guid":{"rendered":"https:\/\/www.champmarket.com\/?post_type=product&#038;p=64478"},"modified":"2024-10-10T12:21:47","modified_gmt":"2024-10-10T10:21:47","slug":"moet-chandon-mini-moet-imperial-pack-6-quarter-bottles-miniflutes","status":"publish","type":"product","link":"https:\/\/www.champmarket.com\/en\/champagne\/moet-chandon-mini-moet-imperial-pack-6-quarter-bottles-miniflutes\/","title":{"rendered":"Mo\u00ebt &amp; Chandon Pack of 6 Mini Mo\u00ebt (6 quarter-bottles + 6 mini flutes)"},"content":{"rendered":"<p>Since 1869, Mo\u00ebt Imp\u00e9rial has been the most accomplished and universal expression of Mo\u00ebt &amp; Chandon. Lively and generous, Mo\u00ebt Imp\u00e9rial is distinguished by its dazzling fruitiness, savory palate and elegant maturity, which perpetually seduce and delight. It also boasts an elegant golden color and notes of pear and white peach, complemented by floral nuances, brioche and fresh walnut.<\/p>\n","protected":false},"excerpt":{"rendered":"<p>An emblematic cuv\u00e9e from the Mo\u00ebt &amp; Chandon Champagne House, Mo\u00ebt Imp\u00e9rial is now available in Mini Mo\u00ebt, a quarter-bottle format (20 cl) ideal for gifts, small gestures and events. Mo\u00ebt &amp; Chandon Pack de 6 Mini Mo\u00ebt contains 6 quarter-bottles (6 x 20 cl) and 6 golden mini-flutes, for a new tasting experience that&#8217;s resolutely modern, chic and spontaneous.<\/p>\n","protected":false},"featured_media":64489,"template":"","meta":{"_acf_changed":false},"product_brand":[],"product_cat":[1713,1735,1746,2197,2772,1680,1748,1749],"product_tag":[1683,1682,1759,1684],"class_list":{"0":"post-64478","1":"product","2":"type-product","3":"status-publish","4":"has-post-thumbnail","6":"maisons-selection-champagne-moet-chandon-en","7":"product_cat-categorie-maisons-de-champagne-en","8":"product_cat-categorie-moet-et-chandon-en","9":"product_cat-petits-flacons-en","10":"product_cat-quarterbottle-en","11":"product_cat-all-champagnes","12":"product_cat-champagne-brut-en","13":"product_cat-aperitif-en","14":"product_cat-cocktail-en","15":"product_tag-cocktail-event-en","16":"product_tag-pour-offrir-en","17":"product_tag-petit-flacon-en","18":"product_tag-aperitif-en","20":"first","21":"onbackorder","22":"taxable","23":"shipping-taxable","24":"purchasable","25":"product-type-simple"},"acf":[],"yoast_head":"<!-- This site is optimized with the Yoast SEO plugin v26.4 - https:\/\/yoast.com\/wordpress\/plugins\/seo\/ -->\n<title>Mo\u00ebt &amp; Chandon Pack of 6 Mini Mo\u00ebt (6 quarter-bottles + 6 mini flutes) - Champmarket<\/title>\n<meta name=\"description\" content=\"Mo\u00ebt &amp; Chandon Pack of 6 Mini Mo\u00ebt contains 6 quarter-bottles (6 x 20 cl) and 6 golden mini-flutes.\" \/>\n<meta name=\"robots\" content=\"index, follow, max-snippet:-1, max-image-preview:large, max-video-preview:-1\" \/>\n<link rel=\"canonical\" href=\"https:\/\/www.champmarket.com\/en\/champagne\/moet-chandon-mini-moet-imperial-pack-6-quarter-bottles-miniflutes\/\" \/>\n<meta property=\"og:locale\" content=\"en_US\" \/>\n<meta property=\"og:type\" content=\"article\" \/>\n<meta property=\"og:title\" content=\"Mo\u00ebt &amp; Chandon Pack of 6 Mini Mo\u00ebt (6 quarter-bottles + 6 mini flutes) - Champmarket\" \/>\n<meta property=\"og:description\" content=\"Mo\u00ebt &amp; Chandon Pack of 6 Mini Mo\u00ebt contains 6 quarter-bottles (6 x 20 cl) and 6 golden mini-flutes.\" \/>\n<meta property=\"og:url\" content=\"https:\/\/www.champmarket.com\/en\/champagne\/moet-chandon-mini-moet-imperial-pack-6-quarter-bottles-miniflutes\/\" \/>\n<meta property=\"og:site_name\" content=\"Champmarket\" \/>\n<meta property=\"article:publisher\" content=\"https:\/\/www.facebook.com\/ChampMarket\/\" \/>\n<meta property=\"article:modified_time\" content=\"2024-10-10T10:21:47+00:00\" \/>\n<meta property=\"og:image\" content=\"https:\/\/www.champmarket.com\/wp-content\/uploads\/2024\/02\/moet-et-chandon-pack-6-mini-moet.webp\" \/>\n\t<meta property=\"og:image:width\" content=\"1200\" \/>\n\t<meta property=\"og:image:height\" content=\"1200\" \/>\n\t<meta property=\"og:image:type\" content=\"image\/webp\" \/>\n<meta name=\"twitter:card\" content=\"summary_large_image\" \/>\n<meta name=\"twitter:site\" content=\"@champmarket\" \/>\n<meta name=\"twitter:label1\" content=\"Est. reading time\" \/>\n\t<meta name=\"twitter:data1\" content=\"1 minute\" \/>\n<script type=\"application\/ld+json\" class=\"yoast-schema-graph\">{\"@context\":\"https:\/\/schema.org\",\"@graph\":[{\"@type\":\"WebPage\",\"@id\":\"https:\/\/www.champmarket.com\/en\/champagne\/moet-chandon-mini-moet-imperial-pack-6-quarter-bottles-miniflutes\/\",\"url\":\"https:\/\/www.champmarket.com\/en\/champagne\/moet-chandon-mini-moet-imperial-pack-6-quarter-bottles-miniflutes\/\",\"name\":\"Mo\u00ebt &amp; Chandon Pack of 6 Mini Mo\u00ebt (6 quarter-bottles + 6 mini flutes) - Champmarket\",\"isPartOf\":{\"@id\":\"https:\/\/www.champmarket.com\/#website\"},\"primaryImageOfPage\":{\"@id\":\"https:\/\/www.champmarket.com\/en\/champagne\/moet-chandon-mini-moet-imperial-pack-6-quarter-bottles-miniflutes\/#primaryimage\"},\"image\":{\"@id\":\"https:\/\/www.champmarket.com\/en\/champagne\/moet-chandon-mini-moet-imperial-pack-6-quarter-bottles-miniflutes\/#primaryimage\"},\"thumbnailUrl\":\"https:\/\/www.champmarket.com\/wp-content\/uploads\/2024\/02\/moet-et-chandon-pack-6-mini-moet.webp\",\"datePublished\":\"2024-02-07T17:02:32+00:00\",\"dateModified\":\"2024-10-10T10:21:47+00:00\",\"description\":\"Mo\u00ebt & Chandon Pack of 6 Mini Mo\u00ebt contains 6 quarter-bottles (6 x 20 cl) and 6 golden mini-flutes.\",\"breadcrumb\":{\"@id\":\"https:\/\/www.champmarket.com\/en\/champagne\/moet-chandon-mini-moet-imperial-pack-6-quarter-bottles-miniflutes\/#breadcrumb\"},\"inLanguage\":\"en-US\",\"potentialAction\":[{\"@type\":\"ReadAction\",\"target\":[\"https:\/\/www.champmarket.com\/en\/champagne\/moet-chandon-mini-moet-imperial-pack-6-quarter-bottles-miniflutes\/\"]}]},{\"@type\":\"ImageObject\",\"inLanguage\":\"en-US\",\"@id\":\"https:\/\/www.champmarket.com\/en\/champagne\/moet-chandon-mini-moet-imperial-pack-6-quarter-bottles-miniflutes\/#primaryimage\",\"url\":\"https:\/\/www.champmarket.com\/wp-content\/uploads\/2024\/02\/moet-et-chandon-pack-6-mini-moet.webp\",\"contentUrl\":\"https:\/\/www.champmarket.com\/wp-content\/uploads\/2024\/02\/moet-et-chandon-pack-6-mini-moet.webp\",\"width\":1200,\"height\":1200,\"caption\":\"Mo\u00ebt & Chandon Pack de 6 Mini Mo\u00ebt - Champmarket\"},{\"@type\":\"BreadcrumbList\",\"@id\":\"https:\/\/www.champmarket.com\/en\/champagne\/moet-chandon-mini-moet-imperial-pack-6-quarter-bottles-miniflutes\/#breadcrumb\",\"itemListElement\":[{\"@type\":\"ListItem\",\"position\":1,\"name\":\"Home\",\"item\":\"https:\/\/www.champmarket.com\/en\/buy-champagne-online-champmarket\/\"},{\"@type\":\"ListItem\",\"position\":2,\"name\":\"Shop\",\"item\":\"https:\/\/www.champmarket.com\/en\/shop-2\/\"},{\"@type\":\"ListItem\",\"position\":3,\"name\":\"Mo\u00ebt &amp; Chandon\",\"item\":\"https:\/\/www.champmarket.com\/en\/maisons\/selection-champagne-moet-chandon-en\/\"},{\"@type\":\"ListItem\",\"position\":4,\"name\":\"Mo\u00ebt &amp; Chandon Pack of 6 Mini Mo\u00ebt (6 quarter-bottles + 6 mini flutes)\"}]},{\"@type\":\"WebSite\",\"@id\":\"https:\/\/www.champmarket.com\/#website\",\"url\":\"https:\/\/www.champmarket.com\/\",\"name\":\"Champmarket\",\"description\":\"Champagne Only ! Champmarket offers a very wide range of exceptional champagnes, the greatest brands, rare vintages, limited editions, old vintages and champagne gift ideas for any occasion.\",\"publisher\":{\"@id\":\"https:\/\/www.champmarket.com\/#organization\"},\"potentialAction\":[{\"@type\":\"SearchAction\",\"target\":{\"@type\":\"EntryPoint\",\"urlTemplate\":\"https:\/\/www.champmarket.com\/?s={search_term_string}\"},\"query-input\":{\"@type\":\"PropertyValueSpecification\",\"valueRequired\":true,\"valueName\":\"search_term_string\"}}],\"inLanguage\":\"en-US\"},{\"@type\":\"Organization\",\"@id\":\"https:\/\/www.champmarket.com\/#organization\",\"name\":\"Champmarket\",\"url\":\"https:\/\/www.champmarket.com\/\",\"logo\":{\"@type\":\"ImageObject\",\"inLanguage\":\"en-US\",\"@id\":\"https:\/\/www.champmarket.com\/#\/schema\/logo\/image\/\",\"url\":\"https:\/\/www.champmarket.com\/wp-content\/uploads\/2024\/08\/logo2024-1.svg\",\"contentUrl\":\"https:\/\/www.champmarket.com\/wp-content\/uploads\/2024\/08\/logo2024-1.svg\",\"width\":579.8,\"height\":80,\"caption\":\"Champmarket\"},\"image\":{\"@id\":\"https:\/\/www.champmarket.com\/#\/schema\/logo\/image\/\"},\"sameAs\":[\"https:\/\/www.facebook.com\/ChampMarket\/\",\"https:\/\/x.com\/champmarket\",\"https:\/\/www.instagram.com\/champmarket.paris\/\",\"https:\/\/www.pinterest.fr\/champmarketparis\/\",\"https:\/\/www.linkedin.com\/company\/champmarket\/\"]}]}<\/script>\n<!-- \/ Yoast SEO plugin. -->","yoast_head_json":{"title":"Mo\u00ebt &amp; Chandon Pack of 6 Mini Mo\u00ebt (6 quarter-bottles + 6 mini flutes) - Champmarket","description":"Mo\u00ebt & Chandon Pack of 6 Mini Mo\u00ebt contains 6 quarter-bottles (6 x 20 cl) and 6 golden mini-flutes.","robots":{"index":"index","follow":"follow","max-snippet":"max-snippet:-1","max-image-preview":"max-image-preview:large","max-video-preview":"max-video-preview:-1"},"canonical":"https:\/\/www.champmarket.com\/en\/champagne\/moet-chandon-mini-moet-imperial-pack-6-quarter-bottles-miniflutes\/","og_locale":"en_US","og_type":"article","og_title":"Mo\u00ebt &amp; Chandon Pack of 6 Mini Mo\u00ebt (6 quarter-bottles + 6 mini flutes) - Champmarket","og_description":"Mo\u00ebt & Chandon Pack of 6 Mini Mo\u00ebt contains 6 quarter-bottles (6 x 20 cl) and 6 golden mini-flutes.","og_url":"https:\/\/www.champmarket.com\/en\/champagne\/moet-chandon-mini-moet-imperial-pack-6-quarter-bottles-miniflutes\/","og_site_name":"Champmarket","article_publisher":"https:\/\/www.facebook.com\/ChampMarket\/","article_modified_time":"2024-10-10T10:21:47+00:00","og_image":[{"width":1200,"height":1200,"url":"https:\/\/www.champmarket.com\/wp-content\/uploads\/2024\/02\/moet-et-chandon-pack-6-mini-moet.webp","type":"image\/webp"}],"twitter_card":"summary_large_image","twitter_site":"@champmarket","twitter_misc":{"Est. reading time":"1 minute"},"schema":{"@context":"https:\/\/schema.org","@graph":[{"@type":"WebPage","@id":"https:\/\/www.champmarket.com\/en\/champagne\/moet-chandon-mini-moet-imperial-pack-6-quarter-bottles-miniflutes\/","url":"https:\/\/www.champmarket.com\/en\/champagne\/moet-chandon-mini-moet-imperial-pack-6-quarter-bottles-miniflutes\/","name":"Mo\u00ebt &amp; Chandon Pack of 6 Mini Mo\u00ebt (6 quarter-bottles + 6 mini flutes) - Champmarket","isPartOf":{"@id":"https:\/\/www.champmarket.com\/#website"},"primaryImageOfPage":{"@id":"https:\/\/www.champmarket.com\/en\/champagne\/moet-chandon-mini-moet-imperial-pack-6-quarter-bottles-miniflutes\/#primaryimage"},"image":{"@id":"https:\/\/www.champmarket.com\/en\/champagne\/moet-chandon-mini-moet-imperial-pack-6-quarter-bottles-miniflutes\/#primaryimage"},"thumbnailUrl":"https:\/\/www.champmarket.com\/wp-content\/uploads\/2024\/02\/moet-et-chandon-pack-6-mini-moet.webp","datePublished":"2024-02-07T17:02:32+00:00","dateModified":"2024-10-10T10:21:47+00:00","description":"Mo\u00ebt & Chandon Pack of 6 Mini Mo\u00ebt contains 6 quarter-bottles (6 x 20 cl) and 6 golden mini-flutes.","breadcrumb":{"@id":"https:\/\/www.champmarket.com\/en\/champagne\/moet-chandon-mini-moet-imperial-pack-6-quarter-bottles-miniflutes\/#breadcrumb"},"inLanguage":"en-US","potentialAction":[{"@type":"ReadAction","target":["https:\/\/www.champmarket.com\/en\/champagne\/moet-chandon-mini-moet-imperial-pack-6-quarter-bottles-miniflutes\/"]}]},{"@type":"ImageObject","inLanguage":"en-US","@id":"https:\/\/www.champmarket.com\/en\/champagne\/moet-chandon-mini-moet-imperial-pack-6-quarter-bottles-miniflutes\/#primaryimage","url":"https:\/\/www.champmarket.com\/wp-content\/uploads\/2024\/02\/moet-et-chandon-pack-6-mini-moet.webp","contentUrl":"https:\/\/www.champmarket.com\/wp-content\/uploads\/2024\/02\/moet-et-chandon-pack-6-mini-moet.webp","width":1200,"height":1200,"caption":"Mo\u00ebt & Chandon Pack de 6 Mini Mo\u00ebt - Champmarket"},{"@type":"BreadcrumbList","@id":"https:\/\/www.champmarket.com\/en\/champagne\/moet-chandon-mini-moet-imperial-pack-6-quarter-bottles-miniflutes\/#breadcrumb","itemListElement":[{"@type":"ListItem","position":1,"name":"Home","item":"https:\/\/www.champmarket.com\/en\/buy-champagne-online-champmarket\/"},{"@type":"ListItem","position":2,"name":"Shop","item":"https:\/\/www.champmarket.com\/en\/shop-2\/"},{"@type":"ListItem","position":3,"name":"Mo\u00ebt &amp; Chandon","item":"https:\/\/www.champmarket.com\/en\/maisons\/selection-champagne-moet-chandon-en\/"},{"@type":"ListItem","position":4,"name":"Mo\u00ebt &amp; Chandon Pack of 6 Mini Mo\u00ebt (6 quarter-bottles + 6 mini flutes)"}]},{"@type":"WebSite","@id":"https:\/\/www.champmarket.com\/#website","url":"https:\/\/www.champmarket.com\/","name":"Champmarket","description":"Champagne Only ! Champmarket offers a very wide range of exceptional champagnes, the greatest brands, rare vintages, limited editions, old vintages and champagne gift ideas for any occasion.","publisher":{"@id":"https:\/\/www.champmarket.com\/#organization"},"potentialAction":[{"@type":"SearchAction","target":{"@type":"EntryPoint","urlTemplate":"https:\/\/www.champmarket.com\/?s={search_term_string}"},"query-input":{"@type":"PropertyValueSpecification","valueRequired":true,"valueName":"search_term_string"}}],"inLanguage":"en-US"},{"@type":"Organization","@id":"https:\/\/www.champmarket.com\/#organization","name":"Champmarket","url":"https:\/\/www.champmarket.com\/","logo":{"@type":"ImageObject","inLanguage":"en-US","@id":"https:\/\/www.champmarket.com\/#\/schema\/logo\/image\/","url":"https:\/\/www.champmarket.com\/wp-content\/uploads\/2024\/08\/logo2024-1.svg","contentUrl":"https:\/\/www.champmarket.com\/wp-content\/uploads\/2024\/08\/logo2024-1.svg","width":579.8,"height":80,"caption":"Champmarket"},"image":{"@id":"https:\/\/www.champmarket.com\/#\/schema\/logo\/image\/"},"sameAs":["https:\/\/www.facebook.com\/ChampMarket\/","https:\/\/x.com\/champmarket","https:\/\/www.instagram.com\/champmarket.paris\/","https:\/\/www.pinterest.fr\/champmarketparis\/","https:\/\/www.linkedin.com\/company\/champmarket\/"]}]}},"_links":{"self":[{"href":"https:\/\/www.champmarket.com\/en\/wp-json\/wp\/v2\/product\/64478","targetHints":{"allow":["GET"]}}],"collection":[{"href":"https:\/\/www.champmarket.com\/en\/wp-json\/wp\/v2\/product"}],"about":[{"href":"https:\/\/www.champmarket.com\/en\/wp-json\/wp\/v2\/types\/product"}],"version-history":[{"count":2,"href":"https:\/\/www.champmarket.com\/en\/wp-json\/wp\/v2\/product\/64478\/revisions"}],"predecessor-version":[{"id":69677,"href":"https:\/\/www.champmarket.com\/en\/wp-json\/wp\/v2\/product\/64478\/revisions\/69677"}],"wp:featuredmedia":[{"embeddable":true,"href":"https:\/\/www.champmarket.com\/en\/wp-json\/wp\/v2\/media\/64489"}],"wp:attachment":[{"href":"https:\/\/www.champmarket.com\/en\/wp-json\/wp\/v2\/media?parent=64478"}],"wp:term":[{"taxonomy":"product_brand","embeddable":true,"href":"https:\/\/www.champmarket.com\/en\/wp-json\/wp\/v2\/product_brand?post=64478"},{"taxonomy":"product_cat","embeddable":true,"href":"https:\/\/www.champmarket.com\/en\/wp-json\/wp\/v2\/product_cat?post=64478"},{"taxonomy":"product_tag","embeddable":true,"href":"https:\/\/www.champmarket.com\/en\/wp-json\/wp\/v2\/product_tag?post=64478"}],"curies":[{"name":"wp","href":"https:\/\/api.w.org\/{rel}","templated":true}]}}