{"id":65750,"date":"2024-03-07T11:44:10","date_gmt":"2024-03-07T10:44:11","guid":{"rendered":"https:\/\/www.champmarket.com\/?post_type=product&#038;p=65750"},"modified":"2025-05-09T14:29:41","modified_gmt":"2025-05-09T12:29:41","slug":"drappier-millesime-exception-2016-bottle-copie-copie-copie-3","status":"publish","type":"product","link":"https:\/\/www.champmarket.com\/en\/champagne\/drappier-millesime-exception-2016-bottle-copie-copie-copie-3\/","title":{"rendered":"Drappier R\u00e9serve de l&#8217;Oenoth\u00e8que 2007 Bottle with case"},"content":{"rendered":"<p>The Drappier Mill\u00e9sime Exception 2016 is a powerful, rich and complex champagne, the expression of a great year.<\/p>\n","protected":false},"excerpt":{"rendered":"<p>Drappier R\u00e9serve de l&#8217;Oenoth\u00e8que 2007 with case is an intense champagne, part of the R\u00e9serve de l&#8217;Oenoth\u00e8que collection, the living memory of this family Champagne house. Housed in Cistercian cellars dating back to the 12th century, the collection brings to light some very rare old vintages. When they are ready to reveal the intensity and originality of their year of birth, the house disgorges them in small series, sometimes even individually.<\/p>\n","protected":false},"featured_media":65755,"template":"","meta":{"_acf_changed":false},"product_brand":[],"product_cat":[3320,1713,1730,1695,2773,2422,2772,1717,1748,1697],"product_tag":[1684,1762],"class_list":{"0":"post-65750","1":"product","2":"type-product","3":"status-publish","4":"has-post-thumbnail","6":"maisons-selection-champagne-drappier-en","7":"product_cat-all-champagnes-and-exclusive-boxes","8":"product_cat-categorie-maisons-de-champagne-en","9":"product_cat-categorie-drappier-en","10":"product_cat-bouteilles-en","11":"product_cat-news","12":"product_cat-editions-limitees-en","13":"product_cat-all-champagnes","14":"product_cat-champagne-millesime-en","15":"product_cat-aperitif-en","16":"product_cat-repas-en","17":"product_tag-aperitif-en","18":"product_tag-vintage-en","20":"first","21":"instock","22":"taxable","23":"shipping-taxable","24":"purchasable","25":"product-type-simple"},"acf":[],"yoast_head":"<!-- This site is optimized with the Yoast SEO plugin v26.4 - https:\/\/yoast.com\/wordpress\/plugins\/seo\/ -->\n<title>Drappier R\u00e9serve de l&#039;Oenoth\u00e8que 2007 Bottle with case - Champmarket<\/title>\n<meta name=\"description\" content=\"Drappier R\u00e9serve de l&#039;Oenoth\u00e8que 2007 is an intense champagne, part of the R\u00e9serve de l&#039;Oenoth\u00e8que collection.\" \/>\n<meta name=\"robots\" content=\"index, follow, max-snippet:-1, max-image-preview:large, max-video-preview:-1\" \/>\n<link rel=\"canonical\" href=\"https:\/\/www.champmarket.com\/en\/champagne\/drappier-millesime-exception-2016-bottle-copie-copie-copie-3\/\" \/>\n<meta property=\"og:locale\" content=\"en_US\" \/>\n<meta property=\"og:type\" content=\"article\" \/>\n<meta property=\"og:title\" content=\"Drappier R\u00e9serve de l&#039;Oenoth\u00e8que 2007 Bottle with case - Champmarket\" \/>\n<meta property=\"og:description\" content=\"Drappier R\u00e9serve de l&#039;Oenoth\u00e8que 2007 is an intense champagne, part of the R\u00e9serve de l&#039;Oenoth\u00e8que collection.\" \/>\n<meta property=\"og:url\" content=\"https:\/\/www.champmarket.com\/en\/champagne\/drappier-millesime-exception-2016-bottle-copie-copie-copie-3\/\" \/>\n<meta property=\"og:site_name\" content=\"Champmarket\" \/>\n<meta property=\"article:publisher\" content=\"https:\/\/www.facebook.com\/ChampMarket\/\" \/>\n<meta property=\"article:modified_time\" content=\"2025-05-09T12:29:41+00:00\" \/>\n<meta property=\"og:image\" content=\"https:\/\/www.champmarket.com\/wp-content\/uploads\/2024\/03\/drappier-reserve-oenotheque-2007-bouteille-etui.webp\" \/>\n\t<meta property=\"og:image:width\" content=\"1200\" \/>\n\t<meta property=\"og:image:height\" content=\"1200\" \/>\n\t<meta property=\"og:image:type\" content=\"image\/webp\" \/>\n<meta name=\"twitter:card\" content=\"summary_large_image\" \/>\n<meta name=\"twitter:site\" content=\"@champmarket\" \/>\n<meta name=\"twitter:label1\" content=\"Est. reading time\" \/>\n\t<meta name=\"twitter:data1\" content=\"1 minute\" \/>\n<script type=\"application\/ld+json\" class=\"yoast-schema-graph\">{\"@context\":\"https:\/\/schema.org\",\"@graph\":[{\"@type\":\"WebPage\",\"@id\":\"https:\/\/www.champmarket.com\/en\/champagne\/drappier-millesime-exception-2016-bottle-copie-copie-copie-3\/\",\"url\":\"https:\/\/www.champmarket.com\/en\/champagne\/drappier-millesime-exception-2016-bottle-copie-copie-copie-3\/\",\"name\":\"Drappier R\u00e9serve de l'Oenoth\u00e8que 2007 Bottle with case - Champmarket\",\"isPartOf\":{\"@id\":\"https:\/\/www.champmarket.com\/#website\"},\"primaryImageOfPage\":{\"@id\":\"https:\/\/www.champmarket.com\/en\/champagne\/drappier-millesime-exception-2016-bottle-copie-copie-copie-3\/#primaryimage\"},\"image\":{\"@id\":\"https:\/\/www.champmarket.com\/en\/champagne\/drappier-millesime-exception-2016-bottle-copie-copie-copie-3\/#primaryimage\"},\"thumbnailUrl\":\"https:\/\/www.champmarket.com\/wp-content\/uploads\/2024\/03\/drappier-reserve-oenotheque-2007-bouteille-etui.webp\",\"datePublished\":\"2024-03-07T10:44:11+00:00\",\"dateModified\":\"2025-05-09T12:29:41+00:00\",\"description\":\"Drappier R\u00e9serve de l'Oenoth\u00e8que 2007 is an intense champagne, part of the R\u00e9serve de l'Oenoth\u00e8que collection.\",\"breadcrumb\":{\"@id\":\"https:\/\/www.champmarket.com\/en\/champagne\/drappier-millesime-exception-2016-bottle-copie-copie-copie-3\/#breadcrumb\"},\"inLanguage\":\"en-US\",\"potentialAction\":[{\"@type\":\"ReadAction\",\"target\":[\"https:\/\/www.champmarket.com\/en\/champagne\/drappier-millesime-exception-2016-bottle-copie-copie-copie-3\/\"]}]},{\"@type\":\"ImageObject\",\"inLanguage\":\"en-US\",\"@id\":\"https:\/\/www.champmarket.com\/en\/champagne\/drappier-millesime-exception-2016-bottle-copie-copie-copie-3\/#primaryimage\",\"url\":\"https:\/\/www.champmarket.com\/wp-content\/uploads\/2024\/03\/drappier-reserve-oenotheque-2007-bouteille-etui.webp\",\"contentUrl\":\"https:\/\/www.champmarket.com\/wp-content\/uploads\/2024\/03\/drappier-reserve-oenotheque-2007-bouteille-etui.webp\",\"width\":1200,\"height\":1200,\"caption\":\"Champagne Drappier R\u00e9serve de l'Oenoth\u00e8que 2007 bouteille avec \u00e9tui - Champmlarket\"},{\"@type\":\"BreadcrumbList\",\"@id\":\"https:\/\/www.champmarket.com\/en\/champagne\/drappier-millesime-exception-2016-bottle-copie-copie-copie-3\/#breadcrumb\",\"itemListElement\":[{\"@type\":\"ListItem\",\"position\":1,\"name\":\"Home\",\"item\":\"https:\/\/www.champmarket.com\/en\/buy-champagne-online-champmarket\/\"},{\"@type\":\"ListItem\",\"position\":2,\"name\":\"Shop\",\"item\":\"https:\/\/www.champmarket.com\/en\/shop-2\/\"},{\"@type\":\"ListItem\",\"position\":3,\"name\":\"Drappier\",\"item\":\"https:\/\/www.champmarket.com\/en\/maisons\/selection-champagne-drappier-en\/\"},{\"@type\":\"ListItem\",\"position\":4,\"name\":\"Drappier R\u00e9serve de l&#8217;Oenoth\u00e8que 2007 Bottle with case\"}]},{\"@type\":\"WebSite\",\"@id\":\"https:\/\/www.champmarket.com\/#website\",\"url\":\"https:\/\/www.champmarket.com\/\",\"name\":\"Champmarket\",\"description\":\"Champagne Only ! Champmarket offers a very wide range of exceptional champagnes, the greatest brands, rare vintages, limited editions, old vintages and champagne gift ideas for any occasion.\",\"publisher\":{\"@id\":\"https:\/\/www.champmarket.com\/#organization\"},\"potentialAction\":[{\"@type\":\"SearchAction\",\"target\":{\"@type\":\"EntryPoint\",\"urlTemplate\":\"https:\/\/www.champmarket.com\/?s={search_term_string}\"},\"query-input\":{\"@type\":\"PropertyValueSpecification\",\"valueRequired\":true,\"valueName\":\"search_term_string\"}}],\"inLanguage\":\"en-US\"},{\"@type\":\"Organization\",\"@id\":\"https:\/\/www.champmarket.com\/#organization\",\"name\":\"Champmarket\",\"url\":\"https:\/\/www.champmarket.com\/\",\"logo\":{\"@type\":\"ImageObject\",\"inLanguage\":\"en-US\",\"@id\":\"https:\/\/www.champmarket.com\/#\/schema\/logo\/image\/\",\"url\":\"https:\/\/www.champmarket.com\/wp-content\/uploads\/2024\/08\/logo2024-1.svg\",\"contentUrl\":\"https:\/\/www.champmarket.com\/wp-content\/uploads\/2024\/08\/logo2024-1.svg\",\"width\":579.8,\"height\":80,\"caption\":\"Champmarket\"},\"image\":{\"@id\":\"https:\/\/www.champmarket.com\/#\/schema\/logo\/image\/\"},\"sameAs\":[\"https:\/\/www.facebook.com\/ChampMarket\/\",\"https:\/\/x.com\/champmarket\",\"https:\/\/www.instagram.com\/champmarket.paris\/\",\"https:\/\/www.pinterest.fr\/champmarketparis\/\",\"https:\/\/www.linkedin.com\/company\/champmarket\/\"]}]}<\/script>\n<!-- \/ Yoast SEO plugin. -->","yoast_head_json":{"title":"Drappier R\u00e9serve de l'Oenoth\u00e8que 2007 Bottle with case - Champmarket","description":"Drappier R\u00e9serve de l'Oenoth\u00e8que 2007 is an intense champagne, part of the R\u00e9serve de l'Oenoth\u00e8que collection.","robots":{"index":"index","follow":"follow","max-snippet":"max-snippet:-1","max-image-preview":"max-image-preview:large","max-video-preview":"max-video-preview:-1"},"canonical":"https:\/\/www.champmarket.com\/en\/champagne\/drappier-millesime-exception-2016-bottle-copie-copie-copie-3\/","og_locale":"en_US","og_type":"article","og_title":"Drappier R\u00e9serve de l'Oenoth\u00e8que 2007 Bottle with case - Champmarket","og_description":"Drappier R\u00e9serve de l'Oenoth\u00e8que 2007 is an intense champagne, part of the R\u00e9serve de l'Oenoth\u00e8que collection.","og_url":"https:\/\/www.champmarket.com\/en\/champagne\/drappier-millesime-exception-2016-bottle-copie-copie-copie-3\/","og_site_name":"Champmarket","article_publisher":"https:\/\/www.facebook.com\/ChampMarket\/","article_modified_time":"2025-05-09T12:29:41+00:00","og_image":[{"width":1200,"height":1200,"url":"https:\/\/www.champmarket.com\/wp-content\/uploads\/2024\/03\/drappier-reserve-oenotheque-2007-bouteille-etui.webp","type":"image\/webp"}],"twitter_card":"summary_large_image","twitter_site":"@champmarket","twitter_misc":{"Est. reading time":"1 minute"},"schema":{"@context":"https:\/\/schema.org","@graph":[{"@type":"WebPage","@id":"https:\/\/www.champmarket.com\/en\/champagne\/drappier-millesime-exception-2016-bottle-copie-copie-copie-3\/","url":"https:\/\/www.champmarket.com\/en\/champagne\/drappier-millesime-exception-2016-bottle-copie-copie-copie-3\/","name":"Drappier R\u00e9serve de l'Oenoth\u00e8que 2007 Bottle with case - Champmarket","isPartOf":{"@id":"https:\/\/www.champmarket.com\/#website"},"primaryImageOfPage":{"@id":"https:\/\/www.champmarket.com\/en\/champagne\/drappier-millesime-exception-2016-bottle-copie-copie-copie-3\/#primaryimage"},"image":{"@id":"https:\/\/www.champmarket.com\/en\/champagne\/drappier-millesime-exception-2016-bottle-copie-copie-copie-3\/#primaryimage"},"thumbnailUrl":"https:\/\/www.champmarket.com\/wp-content\/uploads\/2024\/03\/drappier-reserve-oenotheque-2007-bouteille-etui.webp","datePublished":"2024-03-07T10:44:11+00:00","dateModified":"2025-05-09T12:29:41+00:00","description":"Drappier R\u00e9serve de l'Oenoth\u00e8que 2007 is an intense champagne, part of the R\u00e9serve de l'Oenoth\u00e8que collection.","breadcrumb":{"@id":"https:\/\/www.champmarket.com\/en\/champagne\/drappier-millesime-exception-2016-bottle-copie-copie-copie-3\/#breadcrumb"},"inLanguage":"en-US","potentialAction":[{"@type":"ReadAction","target":["https:\/\/www.champmarket.com\/en\/champagne\/drappier-millesime-exception-2016-bottle-copie-copie-copie-3\/"]}]},{"@type":"ImageObject","inLanguage":"en-US","@id":"https:\/\/www.champmarket.com\/en\/champagne\/drappier-millesime-exception-2016-bottle-copie-copie-copie-3\/#primaryimage","url":"https:\/\/www.champmarket.com\/wp-content\/uploads\/2024\/03\/drappier-reserve-oenotheque-2007-bouteille-etui.webp","contentUrl":"https:\/\/www.champmarket.com\/wp-content\/uploads\/2024\/03\/drappier-reserve-oenotheque-2007-bouteille-etui.webp","width":1200,"height":1200,"caption":"Champagne Drappier R\u00e9serve de l'Oenoth\u00e8que 2007 bouteille avec \u00e9tui - Champmlarket"},{"@type":"BreadcrumbList","@id":"https:\/\/www.champmarket.com\/en\/champagne\/drappier-millesime-exception-2016-bottle-copie-copie-copie-3\/#breadcrumb","itemListElement":[{"@type":"ListItem","position":1,"name":"Home","item":"https:\/\/www.champmarket.com\/en\/buy-champagne-online-champmarket\/"},{"@type":"ListItem","position":2,"name":"Shop","item":"https:\/\/www.champmarket.com\/en\/shop-2\/"},{"@type":"ListItem","position":3,"name":"Drappier","item":"https:\/\/www.champmarket.com\/en\/maisons\/selection-champagne-drappier-en\/"},{"@type":"ListItem","position":4,"name":"Drappier R\u00e9serve de l&#8217;Oenoth\u00e8que 2007 Bottle with case"}]},{"@type":"WebSite","@id":"https:\/\/www.champmarket.com\/#website","url":"https:\/\/www.champmarket.com\/","name":"Champmarket","description":"Champagne Only ! Champmarket offers a very wide range of exceptional champagnes, the greatest brands, rare vintages, limited editions, old vintages and champagne gift ideas for any occasion.","publisher":{"@id":"https:\/\/www.champmarket.com\/#organization"},"potentialAction":[{"@type":"SearchAction","target":{"@type":"EntryPoint","urlTemplate":"https:\/\/www.champmarket.com\/?s={search_term_string}"},"query-input":{"@type":"PropertyValueSpecification","valueRequired":true,"valueName":"search_term_string"}}],"inLanguage":"en-US"},{"@type":"Organization","@id":"https:\/\/www.champmarket.com\/#organization","name":"Champmarket","url":"https:\/\/www.champmarket.com\/","logo":{"@type":"ImageObject","inLanguage":"en-US","@id":"https:\/\/www.champmarket.com\/#\/schema\/logo\/image\/","url":"https:\/\/www.champmarket.com\/wp-content\/uploads\/2024\/08\/logo2024-1.svg","contentUrl":"https:\/\/www.champmarket.com\/wp-content\/uploads\/2024\/08\/logo2024-1.svg","width":579.8,"height":80,"caption":"Champmarket"},"image":{"@id":"https:\/\/www.champmarket.com\/#\/schema\/logo\/image\/"},"sameAs":["https:\/\/www.facebook.com\/ChampMarket\/","https:\/\/x.com\/champmarket","https:\/\/www.instagram.com\/champmarket.paris\/","https:\/\/www.pinterest.fr\/champmarketparis\/","https:\/\/www.linkedin.com\/company\/champmarket\/"]}]}},"_links":{"self":[{"href":"https:\/\/www.champmarket.com\/en\/wp-json\/wp\/v2\/product\/65750","targetHints":{"allow":["GET"]}}],"collection":[{"href":"https:\/\/www.champmarket.com\/en\/wp-json\/wp\/v2\/product"}],"about":[{"href":"https:\/\/www.champmarket.com\/en\/wp-json\/wp\/v2\/types\/product"}],"version-history":[{"count":1,"href":"https:\/\/www.champmarket.com\/en\/wp-json\/wp\/v2\/product\/65750\/revisions"}],"predecessor-version":[{"id":67436,"href":"https:\/\/www.champmarket.com\/en\/wp-json\/wp\/v2\/product\/65750\/revisions\/67436"}],"wp:featuredmedia":[{"embeddable":true,"href":"https:\/\/www.champmarket.com\/en\/wp-json\/wp\/v2\/media\/65755"}],"wp:attachment":[{"href":"https:\/\/www.champmarket.com\/en\/wp-json\/wp\/v2\/media?parent=65750"}],"wp:term":[{"taxonomy":"product_brand","embeddable":true,"href":"https:\/\/www.champmarket.com\/en\/wp-json\/wp\/v2\/product_brand?post=65750"},{"taxonomy":"product_cat","embeddable":true,"href":"https:\/\/www.champmarket.com\/en\/wp-json\/wp\/v2\/product_cat?post=65750"},{"taxonomy":"product_tag","embeddable":true,"href":"https:\/\/www.champmarket.com\/en\/wp-json\/wp\/v2\/product_tag?post=65750"}],"curies":[{"name":"wp","href":"https:\/\/api.w.org\/{rel}","templated":true}]}}