{"id":66221,"date":"2024-03-14T12:34:23","date_gmt":"2024-03-14T11:34:23","guid":{"rendered":"https:\/\/www.champmarket.com\/?post_type=product&#038;p=66221"},"modified":"2024-10-10T11:39:24","modified_gmt":"2024-10-10T09:39:24","slug":"louis-roederer-rose-2016-bottle-copie-copie-copie","status":"publish","type":"product","link":"https:\/\/www.champmarket.com\/en\/champagne\/louis-roederer-rose-2016-bottle-copie-copie-copie\/","title":{"rendered":"Louis Roederer Ros\u00e9 2017 Bottle with luxury box"},"content":{"rendered":"<p>Louis Roederer Ros\u00e9 2017 with Luxury box in a few words: &#8221; <em>The softness and freshness of this Ros\u00e9 2017 are the result of this &#8220;infusion&#8221; that concentrated the best of the Pinots Noirs from Cumi\u00e8res.<\/em> &#8221; &#8211; Jean-Baptiste L\u00e9caillon, Chef de Caves.  &nbsp;<\/p>\n<p>&nbsp;<\/p>\n","protected":false},"excerpt":{"rendered":"<p>Cuv\u00e9e Louis Roederer Ros\u00e9 2017 with Luxury Box is a champagne of superb energy, linking great aromatic finesse with a unique strength of character, between saline freshness and fullness of flesh. Presented in a luxurious gift box, this champagne is ideal for special occasions and gifts.<\/p>\n","protected":false},"featured_media":44736,"template":"","meta":{"_acf_changed":false},"product_brand":[],"product_cat":[3322,3320,1713,1734,1695,2773,1679,2772,1696,1717,1748,1697],"product_tag":[1682,1700,1701,1684],"class_list":{"0":"post-66221","1":"product","2":"type-product","3":"status-publish","4":"has-post-thumbnail","6":"maisons-selection-champagne-louis-roederer-en","7":"product_cat-best-champagnes","8":"product_cat-all-champagnes-and-exclusive-boxes","9":"product_cat-categorie-maisons-de-champagne-en","10":"product_cat-categorie-louis-roederer-en","11":"product_cat-bouteilles-en","12":"product_cat-news","13":"product_cat-cadeaux-affaires-en","14":"product_cat-all-champagnes","15":"product_cat-champagne-rose-en","16":"product_cat-champagne-millesime-en","17":"product_cat-aperitif-en","18":"product_cat-repas-en","19":"product_tag-pour-offrir-en","20":"product_tag-la-vie-en-rose-en","21":"product_tag-repas-champagne-en","22":"product_tag-aperitif-en","24":"first","25":"instock","26":"taxable","27":"shipping-taxable","28":"purchasable","29":"product-type-simple"},"acf":[],"yoast_head":"<!-- This site is optimized with the Yoast SEO plugin v26.4 - https:\/\/yoast.com\/wordpress\/plugins\/seo\/ -->\n<title>Louis Roederer Ros\u00e9 2017 Bottle with luxury box - Champmarket<\/title>\n<meta name=\"description\" content=\"Cuv\u00e9e Louis Roederer Ros\u00e9 2017 with Luxury Box is a champagne of superb energy, linking great aromatic finesse with a unique strength of character.\" \/>\n<meta name=\"robots\" content=\"index, follow, max-snippet:-1, max-image-preview:large, max-video-preview:-1\" \/>\n<link rel=\"canonical\" href=\"https:\/\/www.champmarket.com\/en\/champagne\/louis-roederer-rose-2016-bottle-copie-copie-copie\/\" \/>\n<meta property=\"og:locale\" content=\"en_US\" \/>\n<meta property=\"og:type\" content=\"article\" \/>\n<meta property=\"og:title\" content=\"Louis Roederer Ros\u00e9 2017 Bottle with luxury box - Champmarket\" \/>\n<meta property=\"og:description\" content=\"Cuv\u00e9e Louis Roederer Ros\u00e9 2017 with Luxury Box is a champagne of superb energy, linking great aromatic finesse with a unique strength of character.\" \/>\n<meta property=\"og:url\" content=\"https:\/\/www.champmarket.com\/en\/champagne\/louis-roederer-rose-2016-bottle-copie-copie-copie\/\" \/>\n<meta property=\"og:site_name\" content=\"Champmarket\" \/>\n<meta property=\"article:publisher\" content=\"https:\/\/www.facebook.com\/ChampMarket\/\" \/>\n<meta property=\"article:modified_time\" content=\"2024-10-10T09:39:24+00:00\" \/>\n<meta property=\"og:image\" content=\"https:\/\/www.champmarket.com\/wp-content\/uploads\/2023\/01\/louis-roederer-rose-millesime-bouteille-coffret-luxe.webp\" \/>\n\t<meta property=\"og:image:width\" content=\"2000\" \/>\n\t<meta property=\"og:image:height\" content=\"2000\" \/>\n\t<meta property=\"og:image:type\" content=\"image\/jpeg\" \/>\n<meta name=\"twitter:card\" content=\"summary_large_image\" \/>\n<meta name=\"twitter:site\" content=\"@champmarket\" \/>\n<meta name=\"twitter:label1\" content=\"Est. reading time\" \/>\n\t<meta name=\"twitter:data1\" content=\"1 minute\" \/>\n<script type=\"application\/ld+json\" class=\"yoast-schema-graph\">{\"@context\":\"https:\/\/schema.org\",\"@graph\":[{\"@type\":\"WebPage\",\"@id\":\"https:\/\/www.champmarket.com\/en\/champagne\/louis-roederer-rose-2016-bottle-copie-copie-copie\/\",\"url\":\"https:\/\/www.champmarket.com\/en\/champagne\/louis-roederer-rose-2016-bottle-copie-copie-copie\/\",\"name\":\"Louis Roederer Ros\u00e9 2017 Bottle with luxury box - Champmarket\",\"isPartOf\":{\"@id\":\"https:\/\/www.champmarket.com\/#website\"},\"primaryImageOfPage\":{\"@id\":\"https:\/\/www.champmarket.com\/en\/champagne\/louis-roederer-rose-2016-bottle-copie-copie-copie\/#primaryimage\"},\"image\":{\"@id\":\"https:\/\/www.champmarket.com\/en\/champagne\/louis-roederer-rose-2016-bottle-copie-copie-copie\/#primaryimage\"},\"thumbnailUrl\":\"https:\/\/www.champmarket.com\/wp-content\/uploads\/2023\/01\/louis-roederer-rose-millesime-bouteille-coffret-luxe.webp\",\"datePublished\":\"2024-03-14T11:34:23+00:00\",\"dateModified\":\"2024-10-10T09:39:24+00:00\",\"description\":\"Cuv\u00e9e Louis Roederer Ros\u00e9 2017 with Luxury Box is a champagne of superb energy, linking great aromatic finesse with a unique strength of character.\",\"breadcrumb\":{\"@id\":\"https:\/\/www.champmarket.com\/en\/champagne\/louis-roederer-rose-2016-bottle-copie-copie-copie\/#breadcrumb\"},\"inLanguage\":\"en-US\",\"potentialAction\":[{\"@type\":\"ReadAction\",\"target\":[\"https:\/\/www.champmarket.com\/en\/champagne\/louis-roederer-rose-2016-bottle-copie-copie-copie\/\"]}]},{\"@type\":\"ImageObject\",\"inLanguage\":\"en-US\",\"@id\":\"https:\/\/www.champmarket.com\/en\/champagne\/louis-roederer-rose-2016-bottle-copie-copie-copie\/#primaryimage\",\"url\":\"https:\/\/www.champmarket.com\/wp-content\/uploads\/2023\/01\/louis-roederer-rose-millesime-bouteille-coffret-luxe.webp\",\"contentUrl\":\"https:\/\/www.champmarket.com\/wp-content\/uploads\/2023\/01\/louis-roederer-rose-millesime-bouteille-coffret-luxe.webp\",\"width\":2000,\"height\":2000,\"caption\":\"Champagne Louis Roederer Ros\u00e9 Mill\u00e9sim\u00e9 Bouteille avec coffret Luxe - Champmarket\"},{\"@type\":\"BreadcrumbList\",\"@id\":\"https:\/\/www.champmarket.com\/en\/champagne\/louis-roederer-rose-2016-bottle-copie-copie-copie\/#breadcrumb\",\"itemListElement\":[{\"@type\":\"ListItem\",\"position\":1,\"name\":\"Home\",\"item\":\"https:\/\/www.champmarket.com\/en\/buy-champagne-online-champmarket\/\"},{\"@type\":\"ListItem\",\"position\":2,\"name\":\"Shop\",\"item\":\"https:\/\/www.champmarket.com\/en\/shop-2\/\"},{\"@type\":\"ListItem\",\"position\":3,\"name\":\"Louis Roederer\",\"item\":\"https:\/\/www.champmarket.com\/maisons\/selection-champagne-louis-roederer\/\"},{\"@type\":\"ListItem\",\"position\":4,\"name\":\"Louis Roederer Ros\u00e9 2017 Bottle with luxury box\"}]},{\"@type\":\"WebSite\",\"@id\":\"https:\/\/www.champmarket.com\/#website\",\"url\":\"https:\/\/www.champmarket.com\/\",\"name\":\"Champmarket\",\"description\":\"Champagne Only ! Champmarket offers a very wide range of exceptional champagnes, the greatest brands, rare vintages, limited editions, old vintages and champagne gift ideas for any occasion.\",\"publisher\":{\"@id\":\"https:\/\/www.champmarket.com\/#organization\"},\"potentialAction\":[{\"@type\":\"SearchAction\",\"target\":{\"@type\":\"EntryPoint\",\"urlTemplate\":\"https:\/\/www.champmarket.com\/?s={search_term_string}\"},\"query-input\":{\"@type\":\"PropertyValueSpecification\",\"valueRequired\":true,\"valueName\":\"search_term_string\"}}],\"inLanguage\":\"en-US\"},{\"@type\":\"Organization\",\"@id\":\"https:\/\/www.champmarket.com\/#organization\",\"name\":\"Champmarket\",\"url\":\"https:\/\/www.champmarket.com\/\",\"logo\":{\"@type\":\"ImageObject\",\"inLanguage\":\"en-US\",\"@id\":\"https:\/\/www.champmarket.com\/#\/schema\/logo\/image\/\",\"url\":\"https:\/\/www.champmarket.com\/wp-content\/uploads\/2024\/08\/logo2024-1.svg\",\"contentUrl\":\"https:\/\/www.champmarket.com\/wp-content\/uploads\/2024\/08\/logo2024-1.svg\",\"width\":579.8,\"height\":80,\"caption\":\"Champmarket\"},\"image\":{\"@id\":\"https:\/\/www.champmarket.com\/#\/schema\/logo\/image\/\"},\"sameAs\":[\"https:\/\/www.facebook.com\/ChampMarket\/\",\"https:\/\/x.com\/champmarket\",\"https:\/\/www.instagram.com\/champmarket.paris\/\",\"https:\/\/www.pinterest.fr\/champmarketparis\/\",\"https:\/\/www.linkedin.com\/company\/champmarket\/\"]}]}<\/script>\n<!-- \/ Yoast SEO plugin. -->","yoast_head_json":{"title":"Louis Roederer Ros\u00e9 2017 Bottle with luxury box - Champmarket","description":"Cuv\u00e9e Louis Roederer Ros\u00e9 2017 with Luxury Box is a champagne of superb energy, linking great aromatic finesse with a unique strength of character.","robots":{"index":"index","follow":"follow","max-snippet":"max-snippet:-1","max-image-preview":"max-image-preview:large","max-video-preview":"max-video-preview:-1"},"canonical":"https:\/\/www.champmarket.com\/en\/champagne\/louis-roederer-rose-2016-bottle-copie-copie-copie\/","og_locale":"en_US","og_type":"article","og_title":"Louis Roederer Ros\u00e9 2017 Bottle with luxury box - Champmarket","og_description":"Cuv\u00e9e Louis Roederer Ros\u00e9 2017 with Luxury Box is a champagne of superb energy, linking great aromatic finesse with a unique strength of character.","og_url":"https:\/\/www.champmarket.com\/en\/champagne\/louis-roederer-rose-2016-bottle-copie-copie-copie\/","og_site_name":"Champmarket","article_publisher":"https:\/\/www.facebook.com\/ChampMarket\/","article_modified_time":"2024-10-10T09:39:24+00:00","og_image":[{"width":2000,"height":2000,"url":"https:\/\/www.champmarket.com\/wp-content\/uploads\/2023\/01\/louis-roederer-rose-millesime-bouteille-coffret-luxe.webp","type":"image\/jpeg"}],"twitter_card":"summary_large_image","twitter_site":"@champmarket","twitter_misc":{"Est. reading time":"1 minute"},"schema":{"@context":"https:\/\/schema.org","@graph":[{"@type":"WebPage","@id":"https:\/\/www.champmarket.com\/en\/champagne\/louis-roederer-rose-2016-bottle-copie-copie-copie\/","url":"https:\/\/www.champmarket.com\/en\/champagne\/louis-roederer-rose-2016-bottle-copie-copie-copie\/","name":"Louis Roederer Ros\u00e9 2017 Bottle with luxury box - Champmarket","isPartOf":{"@id":"https:\/\/www.champmarket.com\/#website"},"primaryImageOfPage":{"@id":"https:\/\/www.champmarket.com\/en\/champagne\/louis-roederer-rose-2016-bottle-copie-copie-copie\/#primaryimage"},"image":{"@id":"https:\/\/www.champmarket.com\/en\/champagne\/louis-roederer-rose-2016-bottle-copie-copie-copie\/#primaryimage"},"thumbnailUrl":"https:\/\/www.champmarket.com\/wp-content\/uploads\/2023\/01\/louis-roederer-rose-millesime-bouteille-coffret-luxe.webp","datePublished":"2024-03-14T11:34:23+00:00","dateModified":"2024-10-10T09:39:24+00:00","description":"Cuv\u00e9e Louis Roederer Ros\u00e9 2017 with Luxury Box is a champagne of superb energy, linking great aromatic finesse with a unique strength of character.","breadcrumb":{"@id":"https:\/\/www.champmarket.com\/en\/champagne\/louis-roederer-rose-2016-bottle-copie-copie-copie\/#breadcrumb"},"inLanguage":"en-US","potentialAction":[{"@type":"ReadAction","target":["https:\/\/www.champmarket.com\/en\/champagne\/louis-roederer-rose-2016-bottle-copie-copie-copie\/"]}]},{"@type":"ImageObject","inLanguage":"en-US","@id":"https:\/\/www.champmarket.com\/en\/champagne\/louis-roederer-rose-2016-bottle-copie-copie-copie\/#primaryimage","url":"https:\/\/www.champmarket.com\/wp-content\/uploads\/2023\/01\/louis-roederer-rose-millesime-bouteille-coffret-luxe.webp","contentUrl":"https:\/\/www.champmarket.com\/wp-content\/uploads\/2023\/01\/louis-roederer-rose-millesime-bouteille-coffret-luxe.webp","width":2000,"height":2000,"caption":"Champagne Louis Roederer Ros\u00e9 Mill\u00e9sim\u00e9 Bouteille avec coffret Luxe - Champmarket"},{"@type":"BreadcrumbList","@id":"https:\/\/www.champmarket.com\/en\/champagne\/louis-roederer-rose-2016-bottle-copie-copie-copie\/#breadcrumb","itemListElement":[{"@type":"ListItem","position":1,"name":"Home","item":"https:\/\/www.champmarket.com\/en\/buy-champagne-online-champmarket\/"},{"@type":"ListItem","position":2,"name":"Shop","item":"https:\/\/www.champmarket.com\/en\/shop-2\/"},{"@type":"ListItem","position":3,"name":"Louis Roederer","item":"https:\/\/www.champmarket.com\/maisons\/selection-champagne-louis-roederer\/"},{"@type":"ListItem","position":4,"name":"Louis Roederer Ros\u00e9 2017 Bottle with luxury box"}]},{"@type":"WebSite","@id":"https:\/\/www.champmarket.com\/#website","url":"https:\/\/www.champmarket.com\/","name":"Champmarket","description":"Champagne Only ! Champmarket offers a very wide range of exceptional champagnes, the greatest brands, rare vintages, limited editions, old vintages and champagne gift ideas for any occasion.","publisher":{"@id":"https:\/\/www.champmarket.com\/#organization"},"potentialAction":[{"@type":"SearchAction","target":{"@type":"EntryPoint","urlTemplate":"https:\/\/www.champmarket.com\/?s={search_term_string}"},"query-input":{"@type":"PropertyValueSpecification","valueRequired":true,"valueName":"search_term_string"}}],"inLanguage":"en-US"},{"@type":"Organization","@id":"https:\/\/www.champmarket.com\/#organization","name":"Champmarket","url":"https:\/\/www.champmarket.com\/","logo":{"@type":"ImageObject","inLanguage":"en-US","@id":"https:\/\/www.champmarket.com\/#\/schema\/logo\/image\/","url":"https:\/\/www.champmarket.com\/wp-content\/uploads\/2024\/08\/logo2024-1.svg","contentUrl":"https:\/\/www.champmarket.com\/wp-content\/uploads\/2024\/08\/logo2024-1.svg","width":579.8,"height":80,"caption":"Champmarket"},"image":{"@id":"https:\/\/www.champmarket.com\/#\/schema\/logo\/image\/"},"sameAs":["https:\/\/www.facebook.com\/ChampMarket\/","https:\/\/x.com\/champmarket","https:\/\/www.instagram.com\/champmarket.paris\/","https:\/\/www.pinterest.fr\/champmarketparis\/","https:\/\/www.linkedin.com\/company\/champmarket\/"]}]}},"_links":{"self":[{"href":"https:\/\/www.champmarket.com\/en\/wp-json\/wp\/v2\/product\/66221","targetHints":{"allow":["GET"]}}],"collection":[{"href":"https:\/\/www.champmarket.com\/en\/wp-json\/wp\/v2\/product"}],"about":[{"href":"https:\/\/www.champmarket.com\/en\/wp-json\/wp\/v2\/types\/product"}],"version-history":[{"count":3,"href":"https:\/\/www.champmarket.com\/en\/wp-json\/wp\/v2\/product\/66221\/revisions"}],"predecessor-version":[{"id":74724,"href":"https:\/\/www.champmarket.com\/en\/wp-json\/wp\/v2\/product\/66221\/revisions\/74724"}],"wp:featuredmedia":[{"embeddable":true,"href":"https:\/\/www.champmarket.com\/en\/wp-json\/wp\/v2\/media\/44736"}],"wp:attachment":[{"href":"https:\/\/www.champmarket.com\/en\/wp-json\/wp\/v2\/media?parent=66221"}],"wp:term":[{"taxonomy":"product_brand","embeddable":true,"href":"https:\/\/www.champmarket.com\/en\/wp-json\/wp\/v2\/product_brand?post=66221"},{"taxonomy":"product_cat","embeddable":true,"href":"https:\/\/www.champmarket.com\/en\/wp-json\/wp\/v2\/product_cat?post=66221"},{"taxonomy":"product_tag","embeddable":true,"href":"https:\/\/www.champmarket.com\/en\/wp-json\/wp\/v2\/product_tag?post=66221"}],"curies":[{"name":"wp","href":"https:\/\/api.w.org\/{rel}","templated":true}]}}