{"id":68389,"date":"2024-06-06T15:16:02","date_gmt":"2024-06-06T13:16:02","guid":{"rendered":"https:\/\/www.champmarket.com\/?post_type=product&#038;p=68389"},"modified":"2025-05-19T15:09:43","modified_gmt":"2025-05-19T13:09:43","slug":"louis-roederer-brut-nature-rose-2015-by-philippe-starck-bottle-copie-2","status":"publish","type":"product","link":"https:\/\/www.champmarket.com\/en\/champagne\/louis-roederer-brut-nature-rose-2015-by-philippe-starck-bottle-copie-2\/","title":{"rendered":"Louis Roederer Brut Nature Ros\u00e9 2015 by Philippe Starck Bottle with case"},"content":{"rendered":"<p>The story of Brut Nature began over ten years ago with a conversation between Fr\u00e9d\u00e9ric Rouzaud, Chairman and CEO of Champagne Louis Roederer, Jean-Baptiste L\u00e9caillon, Chef de Caves, and designer Philippe Starck. The lively, passionate exchange that has now developed into a true friendship laid the foundations for this minimalist cuv\u00e9e bursting with life. This fourth opus expresses in its own way, both singular and faithful to the fundamentals of Brut Nature, the very winemaker&#8217;s identity of a champagne wine that draws its authenticity and originality from a gesture as precise and incisive as it is free and emotional.    <br \/>This cuv\u00e9e is the fruit of a new exploration of the Cumi\u00e8res terroir, a sunny clay hillside bathed in sunlight, and in particular of three contiguous plots &#8211; Les Pierreuses, Les Ch\u00e8vres, Les Clos &#8211; once grazing land. The cold, clayey soils, which contrast with the chalky Champagne soil, offer ideal ripeness and superior vibrancy in the warmest years, forming a lovely contrast between the intensity of the fruit and the salinity characteristic of Brut Nature.   <br \/>Louis Roederer Brut Nature Ros\u00e9 2015 Philippe Starck with box is deliciously refined thanks to its delicate sweetness and the impression of Umami.<\/p>\n","protected":false},"excerpt":{"rendered":"<p>The Louis Roederer Brut Nature Ros\u00e9 2015 Philippe Starck cuv\u00e9e with boxed set, the fourth opus in the collaboration between the Champagne House and the famous designer, gets a spectacular new vintage. Continental and sunny, Vintage 2015 offers explosive sap, magnificent concentration and plenty of depth, playing on the codes of maturity with finesse. <br \/>&#8221; <em>Brut Nature is a laboratory that allows Maison Louis Roederer to push this living, this biodiversity to the maximum to see to what extent it could take over many of our practices.<\/em> &#8221; Jean-Baptiste L\u00e9caillon, Cellar Manager Champagne Louis Roederer <br \/>&#8221; L <em>he Brut Nature 2015 Ros\u00e9 is a mental game, a unique sensory and sentimental experience where we drink color, we drink pink.<br \/>\nTender and intimate, sparkling and powdery.  It&#8217;s a sunset champagne.  <\/em>&#8220;Philippe Starck<\/p>\n","protected":false},"featured_media":68382,"template":"","meta":{"_acf_changed":false},"product_brand":[],"product_cat":[3371,3370,3409,3320,1713,1734,1695,2772,1696,1717,1722,1697],"product_tag":[1682,1700,1701,1699,1698,1762],"class_list":{"0":"post-68389","1":"product","2":"type-product","3":"status-publish","4":"has-post-thumbnail","6":"maisons-selection-champagne-louis-roederer-en","7":"product_cat-brut-nature-en","8":"product_cat-champagne-and-oysters","9":"product_cat-spring-champagnes","10":"product_cat-all-champagnes-and-exclusive-boxes","11":"product_cat-categorie-maisons-de-champagne-en","12":"product_cat-categorie-louis-roederer-en","13":"product_cat-bouteilles-en","14":"product_cat-all-champagnes","15":"product_cat-champagne-rose-en","16":"product_cat-champagne-millesime-en","17":"product_cat-champagne-extra-brut-non-dose-en","18":"product_cat-repas-en","19":"product_tag-pour-offrir-en","20":"product_tag-la-vie-en-rose-en","21":"product_tag-repas-champagne-en","22":"product_tag-fruits-de-mer-en","23":"product_tag-sushis-en","24":"product_tag-vintage-en","26":"first","27":"instock","28":"taxable","29":"shipping-taxable","30":"purchasable","31":"product-type-simple"},"acf":[],"yoast_head":"<!-- This site is optimized with the Yoast SEO plugin v26.4 - https:\/\/yoast.com\/wordpress\/plugins\/seo\/ -->\n<title>Champagne Louis Roederer Brut Nature Ros\u00e9 2015 by Philippe Starck Bottle with case - Champmarket<\/title>\n<meta name=\"description\" content=\"The Louis Roederer Brut Nature Ros\u00e9 2015 Philippe Starck cuv\u00e9e with boxed set, the fourth opus in the collaboration between the Champagne House and the famous designer, gets a spectacular new vintage.\" \/>\n<meta name=\"robots\" content=\"index, follow, max-snippet:-1, max-image-preview:large, max-video-preview:-1\" \/>\n<link rel=\"canonical\" href=\"https:\/\/www.champmarket.com\/en\/champagne\/louis-roederer-brut-nature-rose-2015-by-philippe-starck-bottle-copie-2\/\" \/>\n<meta property=\"og:locale\" content=\"en_US\" \/>\n<meta property=\"og:type\" content=\"article\" \/>\n<meta property=\"og:title\" content=\"Champagne Louis Roederer Brut Nature Ros\u00e9 2015 by Philippe Starck Bottle with case - Champmarket\" \/>\n<meta property=\"og:description\" content=\"The Louis Roederer Brut Nature Ros\u00e9 2015 Philippe Starck cuv\u00e9e with boxed set, the fourth opus in the collaboration between the Champagne House and the famous designer, gets a spectacular new vintage.\" \/>\n<meta property=\"og:url\" content=\"https:\/\/www.champmarket.com\/en\/champagne\/louis-roederer-brut-nature-rose-2015-by-philippe-starck-bottle-copie-2\/\" \/>\n<meta property=\"og:site_name\" content=\"Champmarket\" \/>\n<meta property=\"article:publisher\" content=\"https:\/\/www.facebook.com\/ChampMarket\/\" \/>\n<meta property=\"article:modified_time\" content=\"2025-05-19T13:09:43+00:00\" \/>\n<meta property=\"og:image\" content=\"https:\/\/www.champmarket.com\/wp-content\/uploads\/2024\/06\/louis-roederer-brut-nature-rose-2015-philippe-starck-bouteille-coffret.webp\" \/>\n\t<meta property=\"og:image:width\" content=\"1200\" \/>\n\t<meta property=\"og:image:height\" content=\"1200\" \/>\n\t<meta property=\"og:image:type\" content=\"image\/webp\" \/>\n<meta name=\"twitter:card\" content=\"summary_large_image\" \/>\n<meta name=\"twitter:site\" content=\"@champmarket\" \/>\n<meta name=\"twitter:label1\" content=\"Est. reading time\" \/>\n\t<meta name=\"twitter:data1\" content=\"2 minutes\" \/>\n<script type=\"application\/ld+json\" class=\"yoast-schema-graph\">{\"@context\":\"https:\/\/schema.org\",\"@graph\":[{\"@type\":\"WebPage\",\"@id\":\"https:\/\/www.champmarket.com\/en\/champagne\/louis-roederer-brut-nature-rose-2015-by-philippe-starck-bottle-copie-2\/\",\"url\":\"https:\/\/www.champmarket.com\/en\/champagne\/louis-roederer-brut-nature-rose-2015-by-philippe-starck-bottle-copie-2\/\",\"name\":\"Champagne Louis Roederer Brut Nature Ros\u00e9 2015 by Philippe Starck Bottle with case - Champmarket\",\"isPartOf\":{\"@id\":\"https:\/\/www.champmarket.com\/#website\"},\"primaryImageOfPage\":{\"@id\":\"https:\/\/www.champmarket.com\/en\/champagne\/louis-roederer-brut-nature-rose-2015-by-philippe-starck-bottle-copie-2\/#primaryimage\"},\"image\":{\"@id\":\"https:\/\/www.champmarket.com\/en\/champagne\/louis-roederer-brut-nature-rose-2015-by-philippe-starck-bottle-copie-2\/#primaryimage\"},\"thumbnailUrl\":\"https:\/\/www.champmarket.com\/wp-content\/uploads\/2024\/06\/louis-roederer-brut-nature-rose-2015-philippe-starck-bouteille-coffret.webp\",\"datePublished\":\"2024-06-06T13:16:02+00:00\",\"dateModified\":\"2025-05-19T13:09:43+00:00\",\"description\":\"The Louis Roederer Brut Nature Ros\u00e9 2015 Philippe Starck cuv\u00e9e with boxed set, the fourth opus in the collaboration between the Champagne House and the famous designer, gets a spectacular new vintage.\",\"breadcrumb\":{\"@id\":\"https:\/\/www.champmarket.com\/en\/champagne\/louis-roederer-brut-nature-rose-2015-by-philippe-starck-bottle-copie-2\/#breadcrumb\"},\"inLanguage\":\"en-US\",\"potentialAction\":[{\"@type\":\"ReadAction\",\"target\":[\"https:\/\/www.champmarket.com\/en\/champagne\/louis-roederer-brut-nature-rose-2015-by-philippe-starck-bottle-copie-2\/\"]}]},{\"@type\":\"ImageObject\",\"inLanguage\":\"en-US\",\"@id\":\"https:\/\/www.champmarket.com\/en\/champagne\/louis-roederer-brut-nature-rose-2015-by-philippe-starck-bottle-copie-2\/#primaryimage\",\"url\":\"https:\/\/www.champmarket.com\/wp-content\/uploads\/2024\/06\/louis-roederer-brut-nature-rose-2015-philippe-starck-bouteille-coffret.webp\",\"contentUrl\":\"https:\/\/www.champmarket.com\/wp-content\/uploads\/2024\/06\/louis-roederer-brut-nature-rose-2015-philippe-starck-bouteille-coffret.webp\",\"width\":1200,\"height\":1200,\"caption\":\"Champagne Louis Roederer Brut Nature Ros\u00e9 2015 Philippe Starck avec coffret - Champmarket\"},{\"@type\":\"BreadcrumbList\",\"@id\":\"https:\/\/www.champmarket.com\/en\/champagne\/louis-roederer-brut-nature-rose-2015-by-philippe-starck-bottle-copie-2\/#breadcrumb\",\"itemListElement\":[{\"@type\":\"ListItem\",\"position\":1,\"name\":\"Home\",\"item\":\"https:\/\/www.champmarket.com\/en\/buy-champagne-online-champmarket\/\"},{\"@type\":\"ListItem\",\"position\":2,\"name\":\"Shop\",\"item\":\"https:\/\/www.champmarket.com\/en\/shop-2\/\"},{\"@type\":\"ListItem\",\"position\":3,\"name\":\"Louis Roederer\",\"item\":\"https:\/\/www.champmarket.com\/en\/maisons\/selection-champagne-louis-roederer-en\/\"},{\"@type\":\"ListItem\",\"position\":4,\"name\":\"Louis Roederer Brut Nature Ros\u00e9 2015 by Philippe Starck Bottle with case\"}]},{\"@type\":\"WebSite\",\"@id\":\"https:\/\/www.champmarket.com\/#website\",\"url\":\"https:\/\/www.champmarket.com\/\",\"name\":\"Champmarket\",\"description\":\"Champagne Only ! Champmarket offers a very wide range of exceptional champagnes, the greatest brands, rare vintages, limited editions, old vintages and champagne gift ideas for any occasion.\",\"publisher\":{\"@id\":\"https:\/\/www.champmarket.com\/#organization\"},\"potentialAction\":[{\"@type\":\"SearchAction\",\"target\":{\"@type\":\"EntryPoint\",\"urlTemplate\":\"https:\/\/www.champmarket.com\/?s={search_term_string}\"},\"query-input\":{\"@type\":\"PropertyValueSpecification\",\"valueRequired\":true,\"valueName\":\"search_term_string\"}}],\"inLanguage\":\"en-US\"},{\"@type\":\"Organization\",\"@id\":\"https:\/\/www.champmarket.com\/#organization\",\"name\":\"Champmarket\",\"url\":\"https:\/\/www.champmarket.com\/\",\"logo\":{\"@type\":\"ImageObject\",\"inLanguage\":\"en-US\",\"@id\":\"https:\/\/www.champmarket.com\/#\/schema\/logo\/image\/\",\"url\":\"https:\/\/www.champmarket.com\/wp-content\/uploads\/2024\/08\/logo2024-1.svg\",\"contentUrl\":\"https:\/\/www.champmarket.com\/wp-content\/uploads\/2024\/08\/logo2024-1.svg\",\"width\":579.8,\"height\":80,\"caption\":\"Champmarket\"},\"image\":{\"@id\":\"https:\/\/www.champmarket.com\/#\/schema\/logo\/image\/\"},\"sameAs\":[\"https:\/\/www.facebook.com\/ChampMarket\/\",\"https:\/\/x.com\/champmarket\",\"https:\/\/www.instagram.com\/champmarket.paris\/\",\"https:\/\/www.pinterest.fr\/champmarketparis\/\",\"https:\/\/www.linkedin.com\/company\/champmarket\/\"]}]}<\/script>\n<!-- \/ Yoast SEO plugin. -->","yoast_head_json":{"title":"Champagne Louis Roederer Brut Nature Ros\u00e9 2015 by Philippe Starck Bottle with case - Champmarket","description":"The Louis Roederer Brut Nature Ros\u00e9 2015 Philippe Starck cuv\u00e9e with boxed set, the fourth opus in the collaboration between the Champagne House and the famous designer, gets a spectacular new vintage.","robots":{"index":"index","follow":"follow","max-snippet":"max-snippet:-1","max-image-preview":"max-image-preview:large","max-video-preview":"max-video-preview:-1"},"canonical":"https:\/\/www.champmarket.com\/en\/champagne\/louis-roederer-brut-nature-rose-2015-by-philippe-starck-bottle-copie-2\/","og_locale":"en_US","og_type":"article","og_title":"Champagne Louis Roederer Brut Nature Ros\u00e9 2015 by Philippe Starck Bottle with case - Champmarket","og_description":"The Louis Roederer Brut Nature Ros\u00e9 2015 Philippe Starck cuv\u00e9e with boxed set, the fourth opus in the collaboration between the Champagne House and the famous designer, gets a spectacular new vintage.","og_url":"https:\/\/www.champmarket.com\/en\/champagne\/louis-roederer-brut-nature-rose-2015-by-philippe-starck-bottle-copie-2\/","og_site_name":"Champmarket","article_publisher":"https:\/\/www.facebook.com\/ChampMarket\/","article_modified_time":"2025-05-19T13:09:43+00:00","og_image":[{"width":1200,"height":1200,"url":"https:\/\/www.champmarket.com\/wp-content\/uploads\/2024\/06\/louis-roederer-brut-nature-rose-2015-philippe-starck-bouteille-coffret.webp","type":"image\/webp"}],"twitter_card":"summary_large_image","twitter_site":"@champmarket","twitter_misc":{"Est. reading time":"2 minutes"},"schema":{"@context":"https:\/\/schema.org","@graph":[{"@type":"WebPage","@id":"https:\/\/www.champmarket.com\/en\/champagne\/louis-roederer-brut-nature-rose-2015-by-philippe-starck-bottle-copie-2\/","url":"https:\/\/www.champmarket.com\/en\/champagne\/louis-roederer-brut-nature-rose-2015-by-philippe-starck-bottle-copie-2\/","name":"Champagne Louis Roederer Brut Nature Ros\u00e9 2015 by Philippe Starck Bottle with case - Champmarket","isPartOf":{"@id":"https:\/\/www.champmarket.com\/#website"},"primaryImageOfPage":{"@id":"https:\/\/www.champmarket.com\/en\/champagne\/louis-roederer-brut-nature-rose-2015-by-philippe-starck-bottle-copie-2\/#primaryimage"},"image":{"@id":"https:\/\/www.champmarket.com\/en\/champagne\/louis-roederer-brut-nature-rose-2015-by-philippe-starck-bottle-copie-2\/#primaryimage"},"thumbnailUrl":"https:\/\/www.champmarket.com\/wp-content\/uploads\/2024\/06\/louis-roederer-brut-nature-rose-2015-philippe-starck-bouteille-coffret.webp","datePublished":"2024-06-06T13:16:02+00:00","dateModified":"2025-05-19T13:09:43+00:00","description":"The Louis Roederer Brut Nature Ros\u00e9 2015 Philippe Starck cuv\u00e9e with boxed set, the fourth opus in the collaboration between the Champagne House and the famous designer, gets a spectacular new vintage.","breadcrumb":{"@id":"https:\/\/www.champmarket.com\/en\/champagne\/louis-roederer-brut-nature-rose-2015-by-philippe-starck-bottle-copie-2\/#breadcrumb"},"inLanguage":"en-US","potentialAction":[{"@type":"ReadAction","target":["https:\/\/www.champmarket.com\/en\/champagne\/louis-roederer-brut-nature-rose-2015-by-philippe-starck-bottle-copie-2\/"]}]},{"@type":"ImageObject","inLanguage":"en-US","@id":"https:\/\/www.champmarket.com\/en\/champagne\/louis-roederer-brut-nature-rose-2015-by-philippe-starck-bottle-copie-2\/#primaryimage","url":"https:\/\/www.champmarket.com\/wp-content\/uploads\/2024\/06\/louis-roederer-brut-nature-rose-2015-philippe-starck-bouteille-coffret.webp","contentUrl":"https:\/\/www.champmarket.com\/wp-content\/uploads\/2024\/06\/louis-roederer-brut-nature-rose-2015-philippe-starck-bouteille-coffret.webp","width":1200,"height":1200,"caption":"Champagne Louis Roederer Brut Nature Ros\u00e9 2015 Philippe Starck avec coffret - Champmarket"},{"@type":"BreadcrumbList","@id":"https:\/\/www.champmarket.com\/en\/champagne\/louis-roederer-brut-nature-rose-2015-by-philippe-starck-bottle-copie-2\/#breadcrumb","itemListElement":[{"@type":"ListItem","position":1,"name":"Home","item":"https:\/\/www.champmarket.com\/en\/buy-champagne-online-champmarket\/"},{"@type":"ListItem","position":2,"name":"Shop","item":"https:\/\/www.champmarket.com\/en\/shop-2\/"},{"@type":"ListItem","position":3,"name":"Louis Roederer","item":"https:\/\/www.champmarket.com\/en\/maisons\/selection-champagne-louis-roederer-en\/"},{"@type":"ListItem","position":4,"name":"Louis Roederer Brut Nature Ros\u00e9 2015 by Philippe Starck Bottle with case"}]},{"@type":"WebSite","@id":"https:\/\/www.champmarket.com\/#website","url":"https:\/\/www.champmarket.com\/","name":"Champmarket","description":"Champagne Only ! Champmarket offers a very wide range of exceptional champagnes, the greatest brands, rare vintages, limited editions, old vintages and champagne gift ideas for any occasion.","publisher":{"@id":"https:\/\/www.champmarket.com\/#organization"},"potentialAction":[{"@type":"SearchAction","target":{"@type":"EntryPoint","urlTemplate":"https:\/\/www.champmarket.com\/?s={search_term_string}"},"query-input":{"@type":"PropertyValueSpecification","valueRequired":true,"valueName":"search_term_string"}}],"inLanguage":"en-US"},{"@type":"Organization","@id":"https:\/\/www.champmarket.com\/#organization","name":"Champmarket","url":"https:\/\/www.champmarket.com\/","logo":{"@type":"ImageObject","inLanguage":"en-US","@id":"https:\/\/www.champmarket.com\/#\/schema\/logo\/image\/","url":"https:\/\/www.champmarket.com\/wp-content\/uploads\/2024\/08\/logo2024-1.svg","contentUrl":"https:\/\/www.champmarket.com\/wp-content\/uploads\/2024\/08\/logo2024-1.svg","width":579.8,"height":80,"caption":"Champmarket"},"image":{"@id":"https:\/\/www.champmarket.com\/#\/schema\/logo\/image\/"},"sameAs":["https:\/\/www.facebook.com\/ChampMarket\/","https:\/\/x.com\/champmarket","https:\/\/www.instagram.com\/champmarket.paris\/","https:\/\/www.pinterest.fr\/champmarketparis\/","https:\/\/www.linkedin.com\/company\/champmarket\/"]}]}},"_links":{"self":[{"href":"https:\/\/www.champmarket.com\/en\/wp-json\/wp\/v2\/product\/68389","targetHints":{"allow":["GET"]}}],"collection":[{"href":"https:\/\/www.champmarket.com\/en\/wp-json\/wp\/v2\/product"}],"about":[{"href":"https:\/\/www.champmarket.com\/en\/wp-json\/wp\/v2\/types\/product"}],"version-history":[{"count":2,"href":"https:\/\/www.champmarket.com\/en\/wp-json\/wp\/v2\/product\/68389\/revisions"}],"predecessor-version":[{"id":74680,"href":"https:\/\/www.champmarket.com\/en\/wp-json\/wp\/v2\/product\/68389\/revisions\/74680"}],"wp:featuredmedia":[{"embeddable":true,"href":"https:\/\/www.champmarket.com\/en\/wp-json\/wp\/v2\/media\/68382"}],"wp:attachment":[{"href":"https:\/\/www.champmarket.com\/en\/wp-json\/wp\/v2\/media?parent=68389"}],"wp:term":[{"taxonomy":"product_brand","embeddable":true,"href":"https:\/\/www.champmarket.com\/en\/wp-json\/wp\/v2\/product_brand?post=68389"},{"taxonomy":"product_cat","embeddable":true,"href":"https:\/\/www.champmarket.com\/en\/wp-json\/wp\/v2\/product_cat?post=68389"},{"taxonomy":"product_tag","embeddable":true,"href":"https:\/\/www.champmarket.com\/en\/wp-json\/wp\/v2\/product_tag?post=68389"}],"curies":[{"name":"wp","href":"https:\/\/api.w.org\/{rel}","templated":true}]}}