{"id":68912,"date":"2024-07-01T19:54:52","date_gmt":"2024-07-01T17:54:52","guid":{"rendered":"https:\/\/www.champmarket.com\/?post_type=product&#038;p=68912"},"modified":"2024-10-10T11:04:59","modified_gmt":"2024-10-10T09:04:59","slug":"charles-heidsieck-blanc-des-millenaires-1996-bottle-with-case","status":"publish","type":"product","link":"https:\/\/www.champmarket.com\/en\/champagne\/charles-heidsieck-blanc-des-millenaires-1996-bottle-with-case\/","title":{"rendered":"Charles Heidsieck Blanc des Mill\u00e9naires 1996 Bottle with case"},"content":{"rendered":"<p>A forerunner in Chardonnay-only blends, Charles Heidsieck took an early interest in this category, Blancs de Blancs, which was still marginal at the time. Charles Heidsieck Blanc des Mill\u00e9naires 1996 with boxed set: <strong>Incomparable texture. <\/strong>Maturity, vivacity and ageing potential give this wine its unmistakable aromatic complexity. <strong>The extreme expression of time.<\/strong> 9 years of ageing in the thousand-year-old cray\u00e8res, from which the wine takes its name. <strong>The exclusive product of great Chardonnays.<\/strong> 5 C\u00f4te des Blancs crus, selected for their ability to evolve and express their richness as they mature: Oger, Mesnil-sur-Oger, Avize, Cramant, Vertus.<\/p>\n","protected":false},"excerpt":{"rendered":"<p>The mature expression of the C\u00f4te des Blancs. A mature, powerful champagne. An unexpected Vintage, the boxed Blanc des Mill\u00e9naires 1996 took time to reveal its full potential. Blanc des Mill\u00e9naires 1996 embodies the virtue of patience, reflecting years of meticulous craftsmanship and dedication. A striking reminder of Charles Heidsieck&#8217;s enduring legacy, inviting enthusiasts to savor a moment of pure indulgence and appreciation,&#8221; Elise Losfelt, Cellar Master.<br \/>Blanc des Mill\u00e9naires 1996 is part of the Charles Heidsieck <em>Cray\u00e8res<\/em> Collection. Discovering the Charles Heidsieck <em>Cray\u00e8res<\/em> Collection is like travelling back in time through legendary wines. Today, only 4,000 bottles of this Vintage remain. They have waited several decades in the silence of the House&#8217;s cellars: the thousand-year-old cray\u00e8res from which the cuv\u00e9e takes its name.      <\/p>\n","protected":false},"featured_media":68901,"template":"","meta":{"_acf_changed":false},"product_brand":[],"product_cat":[3548,3365,3322,3320,1713,2236,1695,2772,1719,1717,1723,1748,1697],"product_tag":[1714,1682,1701,1755,1699,1762],"class_list":{"0":"post-68912","1":"product","2":"type-product","3":"status-publish","4":"has-post-thumbnail","6":"maisons-selection-champagne-charles-heidsieck-en","7":"product_cat-les-prix-doux","8":"product_cat-christmas-champagnes","9":"product_cat-best-champagnes","10":"product_cat-all-champagnes-and-exclusive-boxes","11":"product_cat-categorie-maisons-de-champagne-en","12":"product_cat-categorie-charles-heidsieck-en","13":"product_cat-bouteilles-en","14":"product_cat-all-champagnes","15":"product_cat-champagne-blanc-de-blancs-en","16":"product_cat-champagne-millesime-en","17":"product_cat-champagne-prestige-en","18":"product_cat-aperitif-en","19":"product_cat-repas-en","20":"product_tag-100-chardonnay-en","21":"product_tag-pour-offrir-en","22":"product_tag-repas-champagne-en","23":"product_tag-haute-couture-en","24":"product_tag-fruits-de-mer-en","25":"product_tag-vintage-en","27":"first","28":"instock","29":"taxable","30":"shipping-taxable","31":"purchasable","32":"product-type-simple"},"acf":[],"yoast_head":"<!-- This site is optimized with the Yoast SEO plugin v26.4 - https:\/\/yoast.com\/wordpress\/plugins\/seo\/ -->\n<title>Charles Heidsieck Blanc des Mill\u00e9naires 1996 Bottle with case - Champmarket<\/title>\n<meta name=\"description\" content=\"Charles Heidsieck Blanc des Mill\u00e9naires 1996 with box is the mature expression of the C\u00f4te des Blancs. A mature, powerful champagne.\" \/>\n<meta name=\"robots\" content=\"index, follow, max-snippet:-1, max-image-preview:large, max-video-preview:-1\" \/>\n<link rel=\"canonical\" href=\"https:\/\/www.champmarket.com\/en\/champagne\/charles-heidsieck-blanc-des-millenaires-1996-bottle-with-case\/\" \/>\n<meta property=\"og:locale\" content=\"en_US\" \/>\n<meta property=\"og:type\" content=\"article\" \/>\n<meta property=\"og:title\" content=\"Charles Heidsieck Blanc des Mill\u00e9naires 1996 Bottle with case - Champmarket\" \/>\n<meta property=\"og:description\" content=\"Charles Heidsieck Blanc des Mill\u00e9naires 1996 with box is the mature expression of the C\u00f4te des Blancs. A mature, powerful champagne.\" \/>\n<meta property=\"og:url\" content=\"https:\/\/www.champmarket.com\/en\/champagne\/charles-heidsieck-blanc-des-millenaires-1996-bottle-with-case\/\" \/>\n<meta property=\"og:site_name\" content=\"Champmarket\" \/>\n<meta property=\"article:publisher\" content=\"https:\/\/www.facebook.com\/ChampMarket\/\" \/>\n<meta property=\"article:modified_time\" content=\"2024-10-10T09:04:59+00:00\" \/>\n<meta property=\"og:image\" content=\"https:\/\/www.champmarket.com\/wp-content\/uploads\/2024\/07\/charles-heidsieck-blanc-des-millenaires-1996-bouteille.webp\" \/>\n\t<meta property=\"og:image:width\" content=\"1200\" \/>\n\t<meta property=\"og:image:height\" content=\"1200\" \/>\n\t<meta property=\"og:image:type\" content=\"image\/webp\" \/>\n<meta name=\"twitter:card\" content=\"summary_large_image\" \/>\n<meta name=\"twitter:site\" content=\"@champmarket\" \/>\n<meta name=\"twitter:label1\" content=\"Est. reading time\" \/>\n\t<meta name=\"twitter:data1\" content=\"1 minute\" \/>\n<script type=\"application\/ld+json\" class=\"yoast-schema-graph\">{\"@context\":\"https:\/\/schema.org\",\"@graph\":[{\"@type\":\"WebPage\",\"@id\":\"https:\/\/www.champmarket.com\/en\/champagne\/charles-heidsieck-blanc-des-millenaires-1996-bottle-with-case\/\",\"url\":\"https:\/\/www.champmarket.com\/en\/champagne\/charles-heidsieck-blanc-des-millenaires-1996-bottle-with-case\/\",\"name\":\"Charles Heidsieck Blanc des Mill\u00e9naires 1996 Bottle with case - Champmarket\",\"isPartOf\":{\"@id\":\"https:\/\/www.champmarket.com\/#website\"},\"primaryImageOfPage\":{\"@id\":\"https:\/\/www.champmarket.com\/en\/champagne\/charles-heidsieck-blanc-des-millenaires-1996-bottle-with-case\/#primaryimage\"},\"image\":{\"@id\":\"https:\/\/www.champmarket.com\/en\/champagne\/charles-heidsieck-blanc-des-millenaires-1996-bottle-with-case\/#primaryimage\"},\"thumbnailUrl\":\"https:\/\/www.champmarket.com\/wp-content\/uploads\/2024\/07\/charles-heidsieck-blanc-des-millenaires-1996-bouteille.webp\",\"datePublished\":\"2024-07-01T17:54:52+00:00\",\"dateModified\":\"2024-10-10T09:04:59+00:00\",\"description\":\"Charles Heidsieck Blanc des Mill\u00e9naires 1996 with box is the mature expression of the C\u00f4te des Blancs. A mature, powerful champagne.\",\"breadcrumb\":{\"@id\":\"https:\/\/www.champmarket.com\/en\/champagne\/charles-heidsieck-blanc-des-millenaires-1996-bottle-with-case\/#breadcrumb\"},\"inLanguage\":\"en-US\",\"potentialAction\":[{\"@type\":\"ReadAction\",\"target\":[\"https:\/\/www.champmarket.com\/en\/champagne\/charles-heidsieck-blanc-des-millenaires-1996-bottle-with-case\/\"]}]},{\"@type\":\"ImageObject\",\"inLanguage\":\"en-US\",\"@id\":\"https:\/\/www.champmarket.com\/en\/champagne\/charles-heidsieck-blanc-des-millenaires-1996-bottle-with-case\/#primaryimage\",\"url\":\"https:\/\/www.champmarket.com\/wp-content\/uploads\/2024\/07\/charles-heidsieck-blanc-des-millenaires-1996-bouteille.webp\",\"contentUrl\":\"https:\/\/www.champmarket.com\/wp-content\/uploads\/2024\/07\/charles-heidsieck-blanc-des-millenaires-1996-bouteille.webp\",\"width\":1200,\"height\":1200,\"caption\":\"Champagne Charles Heidsieck Blanc des Mill\u00e9naires 1996 - Champmarket\"},{\"@type\":\"BreadcrumbList\",\"@id\":\"https:\/\/www.champmarket.com\/en\/champagne\/charles-heidsieck-blanc-des-millenaires-1996-bottle-with-case\/#breadcrumb\",\"itemListElement\":[{\"@type\":\"ListItem\",\"position\":1,\"name\":\"Home\",\"item\":\"https:\/\/www.champmarket.com\/en\/buy-champagne-online-champmarket\/\"},{\"@type\":\"ListItem\",\"position\":2,\"name\":\"Shop\",\"item\":\"https:\/\/www.champmarket.com\/en\/shop-2\/\"},{\"@type\":\"ListItem\",\"position\":3,\"name\":\"Charles Heidsieck\",\"item\":\"https:\/\/www.champmarket.com\/en\/maisons\/selection-champagne-charles-heidsieck-en\/\"},{\"@type\":\"ListItem\",\"position\":4,\"name\":\"Charles Heidsieck Blanc des Mill\u00e9naires 1996 Bottle with case\"}]},{\"@type\":\"WebSite\",\"@id\":\"https:\/\/www.champmarket.com\/#website\",\"url\":\"https:\/\/www.champmarket.com\/\",\"name\":\"Champmarket\",\"description\":\"Champagne Only ! Champmarket offers a very wide range of exceptional champagnes, the greatest brands, rare vintages, limited editions, old vintages and champagne gift ideas for any occasion.\",\"publisher\":{\"@id\":\"https:\/\/www.champmarket.com\/#organization\"},\"potentialAction\":[{\"@type\":\"SearchAction\",\"target\":{\"@type\":\"EntryPoint\",\"urlTemplate\":\"https:\/\/www.champmarket.com\/?s={search_term_string}\"},\"query-input\":{\"@type\":\"PropertyValueSpecification\",\"valueRequired\":true,\"valueName\":\"search_term_string\"}}],\"inLanguage\":\"en-US\"},{\"@type\":\"Organization\",\"@id\":\"https:\/\/www.champmarket.com\/#organization\",\"name\":\"Champmarket\",\"url\":\"https:\/\/www.champmarket.com\/\",\"logo\":{\"@type\":\"ImageObject\",\"inLanguage\":\"en-US\",\"@id\":\"https:\/\/www.champmarket.com\/#\/schema\/logo\/image\/\",\"url\":\"https:\/\/www.champmarket.com\/wp-content\/uploads\/2024\/08\/logo2024-1.svg\",\"contentUrl\":\"https:\/\/www.champmarket.com\/wp-content\/uploads\/2024\/08\/logo2024-1.svg\",\"width\":579.8,\"height\":80,\"caption\":\"Champmarket\"},\"image\":{\"@id\":\"https:\/\/www.champmarket.com\/#\/schema\/logo\/image\/\"},\"sameAs\":[\"https:\/\/www.facebook.com\/ChampMarket\/\",\"https:\/\/x.com\/champmarket\",\"https:\/\/www.instagram.com\/champmarket.paris\/\",\"https:\/\/www.pinterest.fr\/champmarketparis\/\",\"https:\/\/www.linkedin.com\/company\/champmarket\/\"]}]}<\/script>\n<!-- \/ Yoast SEO plugin. -->","yoast_head_json":{"title":"Charles Heidsieck Blanc des Mill\u00e9naires 1996 Bottle with case - Champmarket","description":"Charles Heidsieck Blanc des Mill\u00e9naires 1996 with box is the mature expression of the C\u00f4te des Blancs. A mature, powerful champagne.","robots":{"index":"index","follow":"follow","max-snippet":"max-snippet:-1","max-image-preview":"max-image-preview:large","max-video-preview":"max-video-preview:-1"},"canonical":"https:\/\/www.champmarket.com\/en\/champagne\/charles-heidsieck-blanc-des-millenaires-1996-bottle-with-case\/","og_locale":"en_US","og_type":"article","og_title":"Charles Heidsieck Blanc des Mill\u00e9naires 1996 Bottle with case - Champmarket","og_description":"Charles Heidsieck Blanc des Mill\u00e9naires 1996 with box is the mature expression of the C\u00f4te des Blancs. A mature, powerful champagne.","og_url":"https:\/\/www.champmarket.com\/en\/champagne\/charles-heidsieck-blanc-des-millenaires-1996-bottle-with-case\/","og_site_name":"Champmarket","article_publisher":"https:\/\/www.facebook.com\/ChampMarket\/","article_modified_time":"2024-10-10T09:04:59+00:00","og_image":[{"width":1200,"height":1200,"url":"https:\/\/www.champmarket.com\/wp-content\/uploads\/2024\/07\/charles-heidsieck-blanc-des-millenaires-1996-bouteille.webp","type":"image\/webp"}],"twitter_card":"summary_large_image","twitter_site":"@champmarket","twitter_misc":{"Est. reading time":"1 minute"},"schema":{"@context":"https:\/\/schema.org","@graph":[{"@type":"WebPage","@id":"https:\/\/www.champmarket.com\/en\/champagne\/charles-heidsieck-blanc-des-millenaires-1996-bottle-with-case\/","url":"https:\/\/www.champmarket.com\/en\/champagne\/charles-heidsieck-blanc-des-millenaires-1996-bottle-with-case\/","name":"Charles Heidsieck Blanc des Mill\u00e9naires 1996 Bottle with case - Champmarket","isPartOf":{"@id":"https:\/\/www.champmarket.com\/#website"},"primaryImageOfPage":{"@id":"https:\/\/www.champmarket.com\/en\/champagne\/charles-heidsieck-blanc-des-millenaires-1996-bottle-with-case\/#primaryimage"},"image":{"@id":"https:\/\/www.champmarket.com\/en\/champagne\/charles-heidsieck-blanc-des-millenaires-1996-bottle-with-case\/#primaryimage"},"thumbnailUrl":"https:\/\/www.champmarket.com\/wp-content\/uploads\/2024\/07\/charles-heidsieck-blanc-des-millenaires-1996-bouteille.webp","datePublished":"2024-07-01T17:54:52+00:00","dateModified":"2024-10-10T09:04:59+00:00","description":"Charles Heidsieck Blanc des Mill\u00e9naires 1996 with box is the mature expression of the C\u00f4te des Blancs. A mature, powerful champagne.","breadcrumb":{"@id":"https:\/\/www.champmarket.com\/en\/champagne\/charles-heidsieck-blanc-des-millenaires-1996-bottle-with-case\/#breadcrumb"},"inLanguage":"en-US","potentialAction":[{"@type":"ReadAction","target":["https:\/\/www.champmarket.com\/en\/champagne\/charles-heidsieck-blanc-des-millenaires-1996-bottle-with-case\/"]}]},{"@type":"ImageObject","inLanguage":"en-US","@id":"https:\/\/www.champmarket.com\/en\/champagne\/charles-heidsieck-blanc-des-millenaires-1996-bottle-with-case\/#primaryimage","url":"https:\/\/www.champmarket.com\/wp-content\/uploads\/2024\/07\/charles-heidsieck-blanc-des-millenaires-1996-bouteille.webp","contentUrl":"https:\/\/www.champmarket.com\/wp-content\/uploads\/2024\/07\/charles-heidsieck-blanc-des-millenaires-1996-bouteille.webp","width":1200,"height":1200,"caption":"Champagne Charles Heidsieck Blanc des Mill\u00e9naires 1996 - Champmarket"},{"@type":"BreadcrumbList","@id":"https:\/\/www.champmarket.com\/en\/champagne\/charles-heidsieck-blanc-des-millenaires-1996-bottle-with-case\/#breadcrumb","itemListElement":[{"@type":"ListItem","position":1,"name":"Home","item":"https:\/\/www.champmarket.com\/en\/buy-champagne-online-champmarket\/"},{"@type":"ListItem","position":2,"name":"Shop","item":"https:\/\/www.champmarket.com\/en\/shop-2\/"},{"@type":"ListItem","position":3,"name":"Charles Heidsieck","item":"https:\/\/www.champmarket.com\/en\/maisons\/selection-champagne-charles-heidsieck-en\/"},{"@type":"ListItem","position":4,"name":"Charles Heidsieck Blanc des Mill\u00e9naires 1996 Bottle with case"}]},{"@type":"WebSite","@id":"https:\/\/www.champmarket.com\/#website","url":"https:\/\/www.champmarket.com\/","name":"Champmarket","description":"Champagne Only ! Champmarket offers a very wide range of exceptional champagnes, the greatest brands, rare vintages, limited editions, old vintages and champagne gift ideas for any occasion.","publisher":{"@id":"https:\/\/www.champmarket.com\/#organization"},"potentialAction":[{"@type":"SearchAction","target":{"@type":"EntryPoint","urlTemplate":"https:\/\/www.champmarket.com\/?s={search_term_string}"},"query-input":{"@type":"PropertyValueSpecification","valueRequired":true,"valueName":"search_term_string"}}],"inLanguage":"en-US"},{"@type":"Organization","@id":"https:\/\/www.champmarket.com\/#organization","name":"Champmarket","url":"https:\/\/www.champmarket.com\/","logo":{"@type":"ImageObject","inLanguage":"en-US","@id":"https:\/\/www.champmarket.com\/#\/schema\/logo\/image\/","url":"https:\/\/www.champmarket.com\/wp-content\/uploads\/2024\/08\/logo2024-1.svg","contentUrl":"https:\/\/www.champmarket.com\/wp-content\/uploads\/2024\/08\/logo2024-1.svg","width":579.8,"height":80,"caption":"Champmarket"},"image":{"@id":"https:\/\/www.champmarket.com\/#\/schema\/logo\/image\/"},"sameAs":["https:\/\/www.facebook.com\/ChampMarket\/","https:\/\/x.com\/champmarket","https:\/\/www.instagram.com\/champmarket.paris\/","https:\/\/www.pinterest.fr\/champmarketparis\/","https:\/\/www.linkedin.com\/company\/champmarket\/"]}]}},"_links":{"self":[{"href":"https:\/\/www.champmarket.com\/en\/wp-json\/wp\/v2\/product\/68912","targetHints":{"allow":["GET"]}}],"collection":[{"href":"https:\/\/www.champmarket.com\/en\/wp-json\/wp\/v2\/product"}],"about":[{"href":"https:\/\/www.champmarket.com\/en\/wp-json\/wp\/v2\/types\/product"}],"version-history":[{"count":5,"href":"https:\/\/www.champmarket.com\/en\/wp-json\/wp\/v2\/product\/68912\/revisions"}],"predecessor-version":[{"id":74678,"href":"https:\/\/www.champmarket.com\/en\/wp-json\/wp\/v2\/product\/68912\/revisions\/74678"}],"wp:featuredmedia":[{"embeddable":true,"href":"https:\/\/www.champmarket.com\/en\/wp-json\/wp\/v2\/media\/68901"}],"wp:attachment":[{"href":"https:\/\/www.champmarket.com\/en\/wp-json\/wp\/v2\/media?parent=68912"}],"wp:term":[{"taxonomy":"product_brand","embeddable":true,"href":"https:\/\/www.champmarket.com\/en\/wp-json\/wp\/v2\/product_brand?post=68912"},{"taxonomy":"product_cat","embeddable":true,"href":"https:\/\/www.champmarket.com\/en\/wp-json\/wp\/v2\/product_cat?post=68912"},{"taxonomy":"product_tag","embeddable":true,"href":"https:\/\/www.champmarket.com\/en\/wp-json\/wp\/v2\/product_tag?post=68912"}],"curies":[{"name":"wp","href":"https:\/\/api.w.org\/{rel}","templated":true}]}}