{"id":73440,"date":"2024-09-20T09:32:44","date_gmt":"2024-09-20T07:32:45","guid":{"rendered":"https:\/\/www.champmarket.com\/?post_type=product&#038;p=73440"},"modified":"2024-10-10T10:58:05","modified_gmt":"2024-10-10T08:58:05","slug":"moet-chandon-ice-imperial-bottle-copie-copie","status":"publish","type":"product","link":"https:\/\/www.champmarket.com\/en\/champagne\/moet-chandon-ice-imperial-bottle-copie-copie\/","title":{"rendered":"Mo\u00ebt &amp; Chandon Ice Imperial Magnum"},"content":{"rendered":"<p>Mo\u00ebt Ice Imp\u00e9rial Magnum by Mo\u00ebt &amp; Chandon has been specially created to be served over ice.<br \/>\nWith its fruity intensity, rich mouthfeel and fresh finish, it&#8217;s the perfect champagne for sunny days!  The Magnum format is a large bottle with a capacity of 1.5 liters, which represents 2 bottles of champagne or 12 glasses. This large format is ideal for receptions, cocktails and parties. <strong><span style=\"color: #23b9f3\">The Mo\u00ebt Ice experience:<\/span><\/strong> A simple ritual for quality tasting. Place 3 ice cubes in a large Cabernet-style wine glass, pour in Mo\u00ebt Ice champagne, wait a few moments and enjoy ice-cold! <\/p>\n","protected":false},"excerpt":{"rendered":"<p>Mo\u00ebt Ice Imperial Magnum is an intense, fruity and fresh champagne, specially created to be served over ice for a moment of absolute freshness!<br \/>\nTo accompany your sunny days, Mo\u00ebt &amp; Chandon renews the art of tasting with Mo\u00ebt Ice Imperial, a champagne to be enjoyed on ice. <\/p>\n","protected":false},"featured_media":73435,"template":"","meta":{"_acf_changed":false},"product_brand":[],"product_cat":[3320,1713,1735,1677,2191,2772,1721,1724,1748,1749,1726],"product_tag":[1753,1754,1683,1681,1684],"class_list":{"0":"post-73440","1":"product","2":"type-product","3":"status-publish","4":"has-post-thumbnail","6":"maisons-selection-champagne-moet-chandon-en","7":"product_cat-all-champagnes-and-exclusive-boxes","8":"product_cat-categorie-maisons-de-champagne-en","9":"product_cat-categorie-moet-et-chandon-en","10":"product_cat-grands-flacons-en","11":"product_cat-magnum-en","12":"product_cat-all-champagnes","13":"product_cat-champagne-demi-sec-en","14":"product_cat-champagne-ete-en","15":"product_cat-aperitif-en","16":"product_cat-cocktail-en","17":"product_cat-experience-en","18":"product_tag-cocktail-champagne-en","19":"product_tag-experience-en","20":"product_tag-cocktail-event-en","21":"product_tag-grand-flacon-en","22":"product_tag-aperitif-en","24":"first","25":"instock","26":"taxable","27":"shipping-taxable","28":"purchasable","29":"product-type-simple"},"acf":[],"yoast_head":"<!-- This site is optimized with the Yoast SEO plugin v26.4 - https:\/\/yoast.com\/wordpress\/plugins\/seo\/ -->\n<title>Mo\u00ebt &amp; Chandon Ice Imperial Magnum - Champmarket<\/title>\n<meta name=\"description\" content=\"Mo\u00ebt Ice Imperial Magnum is an intense, fruity and fresh champagne, specially created to be served on ice for a moment of absolute freshness.\" \/>\n<meta name=\"robots\" content=\"index, follow, max-snippet:-1, max-image-preview:large, max-video-preview:-1\" \/>\n<link rel=\"canonical\" href=\"https:\/\/www.champmarket.com\/en\/champagne\/moet-chandon-ice-imperial-bottle-copie-copie\/\" \/>\n<meta property=\"og:locale\" content=\"en_US\" \/>\n<meta property=\"og:type\" content=\"article\" \/>\n<meta property=\"og:title\" content=\"Mo\u00ebt &amp; Chandon Ice Imperial Magnum - Champmarket\" \/>\n<meta property=\"og:description\" content=\"Mo\u00ebt Ice Imperial Magnum is an intense, fruity and fresh champagne, specially created to be served on ice for a moment of absolute freshness.\" \/>\n<meta property=\"og:url\" content=\"https:\/\/www.champmarket.com\/en\/champagne\/moet-chandon-ice-imperial-bottle-copie-copie\/\" \/>\n<meta property=\"og:site_name\" content=\"Champmarket\" \/>\n<meta property=\"article:publisher\" content=\"https:\/\/www.facebook.com\/ChampMarket\/\" \/>\n<meta property=\"article:modified_time\" content=\"2024-10-10T08:58:05+00:00\" \/>\n<meta property=\"og:image\" content=\"https:\/\/www.champmarket.com\/wp-content\/uploads\/2024\/06\/moet-et-chandon-ice-imperial-magnum-new.webp\" \/>\n\t<meta property=\"og:image:width\" content=\"1200\" \/>\n\t<meta property=\"og:image:height\" content=\"1200\" \/>\n\t<meta property=\"og:image:type\" content=\"image\/webp\" \/>\n<meta name=\"twitter:card\" content=\"summary_large_image\" \/>\n<meta name=\"twitter:site\" content=\"@champmarket\" \/>\n<meta name=\"twitter:label1\" content=\"Est. reading time\" \/>\n\t<meta name=\"twitter:data1\" content=\"1 minute\" \/>\n<script type=\"application\/ld+json\" class=\"yoast-schema-graph\">{\"@context\":\"https:\/\/schema.org\",\"@graph\":[{\"@type\":\"WebPage\",\"@id\":\"https:\/\/www.champmarket.com\/en\/champagne\/moet-chandon-ice-imperial-bottle-copie-copie\/\",\"url\":\"https:\/\/www.champmarket.com\/en\/champagne\/moet-chandon-ice-imperial-bottle-copie-copie\/\",\"name\":\"Mo\u00ebt &amp; Chandon Ice Imperial Magnum - Champmarket\",\"isPartOf\":{\"@id\":\"https:\/\/www.champmarket.com\/#website\"},\"primaryImageOfPage\":{\"@id\":\"https:\/\/www.champmarket.com\/en\/champagne\/moet-chandon-ice-imperial-bottle-copie-copie\/#primaryimage\"},\"image\":{\"@id\":\"https:\/\/www.champmarket.com\/en\/champagne\/moet-chandon-ice-imperial-bottle-copie-copie\/#primaryimage\"},\"thumbnailUrl\":\"https:\/\/www.champmarket.com\/wp-content\/uploads\/2024\/06\/moet-et-chandon-ice-imperial-magnum-new.webp\",\"datePublished\":\"2024-09-20T07:32:45+00:00\",\"dateModified\":\"2024-10-10T08:58:05+00:00\",\"description\":\"Mo\u00ebt Ice Imperial Magnum is an intense, fruity and fresh champagne, specially created to be served on ice for a moment of absolute freshness.\",\"breadcrumb\":{\"@id\":\"https:\/\/www.champmarket.com\/en\/champagne\/moet-chandon-ice-imperial-bottle-copie-copie\/#breadcrumb\"},\"inLanguage\":\"en-US\",\"potentialAction\":[{\"@type\":\"ReadAction\",\"target\":[\"https:\/\/www.champmarket.com\/en\/champagne\/moet-chandon-ice-imperial-bottle-copie-copie\/\"]}]},{\"@type\":\"ImageObject\",\"inLanguage\":\"en-US\",\"@id\":\"https:\/\/www.champmarket.com\/en\/champagne\/moet-chandon-ice-imperial-bottle-copie-copie\/#primaryimage\",\"url\":\"https:\/\/www.champmarket.com\/wp-content\/uploads\/2024\/06\/moet-et-chandon-ice-imperial-magnum-new.webp\",\"contentUrl\":\"https:\/\/www.champmarket.com\/wp-content\/uploads\/2024\/06\/moet-et-chandon-ice-imperial-magnum-new.webp\",\"width\":1200,\"height\":1200,\"caption\":\"Champagne Mo\u00ebt & Chandon Ice Imperial - Champmarket\"},{\"@type\":\"BreadcrumbList\",\"@id\":\"https:\/\/www.champmarket.com\/en\/champagne\/moet-chandon-ice-imperial-bottle-copie-copie\/#breadcrumb\",\"itemListElement\":[{\"@type\":\"ListItem\",\"position\":1,\"name\":\"Home\",\"item\":\"https:\/\/www.champmarket.com\/en\/buy-champagne-online-champmarket\/\"},{\"@type\":\"ListItem\",\"position\":2,\"name\":\"Shop\",\"item\":\"https:\/\/www.champmarket.com\/en\/shop-2\/\"},{\"@type\":\"ListItem\",\"position\":3,\"name\":\"Mo\u00ebt &amp; Chandon\",\"item\":\"https:\/\/www.champmarket.com\/en\/maisons\/selection-champagne-moet-chandon-en\/\"},{\"@type\":\"ListItem\",\"position\":4,\"name\":\"Mo\u00ebt &amp; Chandon Ice Imperial Magnum\"}]},{\"@type\":\"WebSite\",\"@id\":\"https:\/\/www.champmarket.com\/#website\",\"url\":\"https:\/\/www.champmarket.com\/\",\"name\":\"Champmarket\",\"description\":\"Champagne Only ! Champmarket offers a very wide range of exceptional champagnes, the greatest brands, rare vintages, limited editions, old vintages and champagne gift ideas for any occasion.\",\"publisher\":{\"@id\":\"https:\/\/www.champmarket.com\/#organization\"},\"potentialAction\":[{\"@type\":\"SearchAction\",\"target\":{\"@type\":\"EntryPoint\",\"urlTemplate\":\"https:\/\/www.champmarket.com\/?s={search_term_string}\"},\"query-input\":{\"@type\":\"PropertyValueSpecification\",\"valueRequired\":true,\"valueName\":\"search_term_string\"}}],\"inLanguage\":\"en-US\"},{\"@type\":\"Organization\",\"@id\":\"https:\/\/www.champmarket.com\/#organization\",\"name\":\"Champmarket\",\"url\":\"https:\/\/www.champmarket.com\/\",\"logo\":{\"@type\":\"ImageObject\",\"inLanguage\":\"en-US\",\"@id\":\"https:\/\/www.champmarket.com\/#\/schema\/logo\/image\/\",\"url\":\"https:\/\/www.champmarket.com\/wp-content\/uploads\/2024\/08\/logo2024-1.svg\",\"contentUrl\":\"https:\/\/www.champmarket.com\/wp-content\/uploads\/2024\/08\/logo2024-1.svg\",\"width\":579.8,\"height\":80,\"caption\":\"Champmarket\"},\"image\":{\"@id\":\"https:\/\/www.champmarket.com\/#\/schema\/logo\/image\/\"},\"sameAs\":[\"https:\/\/www.facebook.com\/ChampMarket\/\",\"https:\/\/x.com\/champmarket\",\"https:\/\/www.instagram.com\/champmarket.paris\/\",\"https:\/\/www.pinterest.fr\/champmarketparis\/\",\"https:\/\/www.linkedin.com\/company\/champmarket\/\"]}]}<\/script>\n<!-- \/ Yoast SEO plugin. -->","yoast_head_json":{"title":"Mo\u00ebt &amp; Chandon Ice Imperial Magnum - Champmarket","description":"Mo\u00ebt Ice Imperial Magnum is an intense, fruity and fresh champagne, specially created to be served on ice for a moment of absolute freshness.","robots":{"index":"index","follow":"follow","max-snippet":"max-snippet:-1","max-image-preview":"max-image-preview:large","max-video-preview":"max-video-preview:-1"},"canonical":"https:\/\/www.champmarket.com\/en\/champagne\/moet-chandon-ice-imperial-bottle-copie-copie\/","og_locale":"en_US","og_type":"article","og_title":"Mo\u00ebt &amp; Chandon Ice Imperial Magnum - Champmarket","og_description":"Mo\u00ebt Ice Imperial Magnum is an intense, fruity and fresh champagne, specially created to be served on ice for a moment of absolute freshness.","og_url":"https:\/\/www.champmarket.com\/en\/champagne\/moet-chandon-ice-imperial-bottle-copie-copie\/","og_site_name":"Champmarket","article_publisher":"https:\/\/www.facebook.com\/ChampMarket\/","article_modified_time":"2024-10-10T08:58:05+00:00","og_image":[{"width":1200,"height":1200,"url":"https:\/\/www.champmarket.com\/wp-content\/uploads\/2024\/06\/moet-et-chandon-ice-imperial-magnum-new.webp","type":"image\/webp"}],"twitter_card":"summary_large_image","twitter_site":"@champmarket","twitter_misc":{"Est. reading time":"1 minute"},"schema":{"@context":"https:\/\/schema.org","@graph":[{"@type":"WebPage","@id":"https:\/\/www.champmarket.com\/en\/champagne\/moet-chandon-ice-imperial-bottle-copie-copie\/","url":"https:\/\/www.champmarket.com\/en\/champagne\/moet-chandon-ice-imperial-bottle-copie-copie\/","name":"Mo\u00ebt &amp; Chandon Ice Imperial Magnum - Champmarket","isPartOf":{"@id":"https:\/\/www.champmarket.com\/#website"},"primaryImageOfPage":{"@id":"https:\/\/www.champmarket.com\/en\/champagne\/moet-chandon-ice-imperial-bottle-copie-copie\/#primaryimage"},"image":{"@id":"https:\/\/www.champmarket.com\/en\/champagne\/moet-chandon-ice-imperial-bottle-copie-copie\/#primaryimage"},"thumbnailUrl":"https:\/\/www.champmarket.com\/wp-content\/uploads\/2024\/06\/moet-et-chandon-ice-imperial-magnum-new.webp","datePublished":"2024-09-20T07:32:45+00:00","dateModified":"2024-10-10T08:58:05+00:00","description":"Mo\u00ebt Ice Imperial Magnum is an intense, fruity and fresh champagne, specially created to be served on ice for a moment of absolute freshness.","breadcrumb":{"@id":"https:\/\/www.champmarket.com\/en\/champagne\/moet-chandon-ice-imperial-bottle-copie-copie\/#breadcrumb"},"inLanguage":"en-US","potentialAction":[{"@type":"ReadAction","target":["https:\/\/www.champmarket.com\/en\/champagne\/moet-chandon-ice-imperial-bottle-copie-copie\/"]}]},{"@type":"ImageObject","inLanguage":"en-US","@id":"https:\/\/www.champmarket.com\/en\/champagne\/moet-chandon-ice-imperial-bottle-copie-copie\/#primaryimage","url":"https:\/\/www.champmarket.com\/wp-content\/uploads\/2024\/06\/moet-et-chandon-ice-imperial-magnum-new.webp","contentUrl":"https:\/\/www.champmarket.com\/wp-content\/uploads\/2024\/06\/moet-et-chandon-ice-imperial-magnum-new.webp","width":1200,"height":1200,"caption":"Champagne Mo\u00ebt & Chandon Ice Imperial - Champmarket"},{"@type":"BreadcrumbList","@id":"https:\/\/www.champmarket.com\/en\/champagne\/moet-chandon-ice-imperial-bottle-copie-copie\/#breadcrumb","itemListElement":[{"@type":"ListItem","position":1,"name":"Home","item":"https:\/\/www.champmarket.com\/en\/buy-champagne-online-champmarket\/"},{"@type":"ListItem","position":2,"name":"Shop","item":"https:\/\/www.champmarket.com\/en\/shop-2\/"},{"@type":"ListItem","position":3,"name":"Mo\u00ebt &amp; Chandon","item":"https:\/\/www.champmarket.com\/en\/maisons\/selection-champagne-moet-chandon-en\/"},{"@type":"ListItem","position":4,"name":"Mo\u00ebt &amp; Chandon Ice Imperial Magnum"}]},{"@type":"WebSite","@id":"https:\/\/www.champmarket.com\/#website","url":"https:\/\/www.champmarket.com\/","name":"Champmarket","description":"Champagne Only ! Champmarket offers a very wide range of exceptional champagnes, the greatest brands, rare vintages, limited editions, old vintages and champagne gift ideas for any occasion.","publisher":{"@id":"https:\/\/www.champmarket.com\/#organization"},"potentialAction":[{"@type":"SearchAction","target":{"@type":"EntryPoint","urlTemplate":"https:\/\/www.champmarket.com\/?s={search_term_string}"},"query-input":{"@type":"PropertyValueSpecification","valueRequired":true,"valueName":"search_term_string"}}],"inLanguage":"en-US"},{"@type":"Organization","@id":"https:\/\/www.champmarket.com\/#organization","name":"Champmarket","url":"https:\/\/www.champmarket.com\/","logo":{"@type":"ImageObject","inLanguage":"en-US","@id":"https:\/\/www.champmarket.com\/#\/schema\/logo\/image\/","url":"https:\/\/www.champmarket.com\/wp-content\/uploads\/2024\/08\/logo2024-1.svg","contentUrl":"https:\/\/www.champmarket.com\/wp-content\/uploads\/2024\/08\/logo2024-1.svg","width":579.8,"height":80,"caption":"Champmarket"},"image":{"@id":"https:\/\/www.champmarket.com\/#\/schema\/logo\/image\/"},"sameAs":["https:\/\/www.facebook.com\/ChampMarket\/","https:\/\/x.com\/champmarket","https:\/\/www.instagram.com\/champmarket.paris\/","https:\/\/www.pinterest.fr\/champmarketparis\/","https:\/\/www.linkedin.com\/company\/champmarket\/"]}]}},"_links":{"self":[{"href":"https:\/\/www.champmarket.com\/en\/wp-json\/wp\/v2\/product\/73440","targetHints":{"allow":["GET"]}}],"collection":[{"href":"https:\/\/www.champmarket.com\/en\/wp-json\/wp\/v2\/product"}],"about":[{"href":"https:\/\/www.champmarket.com\/en\/wp-json\/wp\/v2\/types\/product"}],"version-history":[{"count":3,"href":"https:\/\/www.champmarket.com\/en\/wp-json\/wp\/v2\/product\/73440\/revisions"}],"predecessor-version":[{"id":74660,"href":"https:\/\/www.champmarket.com\/en\/wp-json\/wp\/v2\/product\/73440\/revisions\/74660"}],"wp:featuredmedia":[{"embeddable":true,"href":"https:\/\/www.champmarket.com\/en\/wp-json\/wp\/v2\/media\/73435"}],"wp:attachment":[{"href":"https:\/\/www.champmarket.com\/en\/wp-json\/wp\/v2\/media?parent=73440"}],"wp:term":[{"taxonomy":"product_brand","embeddable":true,"href":"https:\/\/www.champmarket.com\/en\/wp-json\/wp\/v2\/product_brand?post=73440"},{"taxonomy":"product_cat","embeddable":true,"href":"https:\/\/www.champmarket.com\/en\/wp-json\/wp\/v2\/product_cat?post=73440"},{"taxonomy":"product_tag","embeddable":true,"href":"https:\/\/www.champmarket.com\/en\/wp-json\/wp\/v2\/product_tag?post=73440"}],"curies":[{"name":"wp","href":"https:\/\/api.w.org\/{rel}","templated":true}]}}