{"id":74516,"date":"2024-10-08T13:46:53","date_gmt":"2024-10-08T11:46:53","guid":{"rendered":"https:\/\/www.champmarket.com\/?post_type=product&#038;p=74516"},"modified":"2024-10-10T10:25:51","modified_gmt":"2024-10-10T08:25:51","slug":"laurent-perrier-cuvee-alexandra-rose-2004-bottle-wooden-case-2","status":"publish","type":"product","link":"https:\/\/www.champmarket.com\/en\/champagne\/laurent-perrier-cuvee-alexandra-rose-2004-bottle-wooden-case-2\/","title":{"rendered":"Laurent-Perrier Alexandra Grande Cuv\u00e9e Ros\u00e9 2012 Bottle with case"},"content":{"rendered":"<p>Alexandra Grande Cuv\u00e9e Ros\u00e9 is singular in its elaboration, exceptional in its noble character and multi-faceted in its personality, drawing its incomparable expression from the vinosity of Champagne&#8217;s great Pinot Noirs and the sharp minerality of the finest Chardonnays.  <br \/>The singular shape of this bottle is worthy of the master glassmakers of the 17th century. Unique in the curve of its shoulders and the elegance of its slender swan neck, this bottle reinvents the mouth-blown bottles that contained the very first champagne wines at the court of the King of France. The label, inspired by the first cuv\u00e9e launched in 1982, is adorned in powdered gold.    <br \/>Its uniquely curved, elegant bottle is housed in a luxurious gift box, a veritable showcase for this grand cuv\u00e9e, ideal for special occasions and gifts.<\/p>\n","protected":false},"excerpt":{"rendered":"<p>The House of Laurent-Perrier, creator of Cuv\u00e9e Ros\u00e9, the benchmark non Vintage ros\u00e9 champagne, raises its standards even higher with the creation of a Vintage Grande Cuv\u00e9e Ros\u00e9. Laurent-Perrier Alexandra Grande Cuv\u00e9e Ros\u00e9 2012 with boxed set is a rare and sought-after wine that comes from a rigorous selection of the best plots, an exceptional marriage of Pinot Noir and Chardonnay Grands Crus, made only in years when the Pinot Noir and Chardonnay Grands Crus reach maturity at the same time. <\/p>\n","protected":false},"featured_media":74537,"template":"","meta":{"_acf_changed":false},"product_brand":[],"product_cat":[3320,1713,1733,1695,2772,1696,1717,1723,1697],"product_tag":[1682,1700,1701,1755,1762],"class_list":{"0":"post-74516","1":"product","2":"type-product","3":"status-publish","4":"has-post-thumbnail","6":"maisons-selection-champagne-laurent-perrier-en","7":"product_cat-all-champagnes-and-exclusive-boxes","8":"product_cat-categorie-maisons-de-champagne-en","9":"product_cat-categorie-laurent-perrier-en","10":"product_cat-bouteilles-en","11":"product_cat-all-champagnes","12":"product_cat-champagne-rose-en","13":"product_cat-champagne-millesime-en","14":"product_cat-champagne-prestige-en","15":"product_cat-repas-en","16":"product_tag-pour-offrir-en","17":"product_tag-la-vie-en-rose-en","18":"product_tag-repas-champagne-en","19":"product_tag-haute-couture-en","20":"product_tag-vintage-en","22":"first","23":"instock","24":"taxable","25":"shipping-taxable","26":"purchasable","27":"product-type-simple"},"acf":[],"yoast_head":"<!-- This site is optimized with the Yoast SEO plugin v26.4 - https:\/\/yoast.com\/wordpress\/plugins\/seo\/ -->\n<title>Laurent-Perrier Alexandra Grande Cuv\u00e9e Ros\u00e9 2012 Bottle with case - Champmarket<\/title>\n<meta name=\"description\" content=\"Laurent-Perrier Alexandra Grande Cuv\u00e9e Ros\u00e9 2012 with boxed set is a rare and sought-after wine that comes from a rigorous selection of the best parcels...\" \/>\n<meta name=\"robots\" content=\"index, follow, max-snippet:-1, max-image-preview:large, max-video-preview:-1\" \/>\n<link rel=\"canonical\" href=\"https:\/\/www.champmarket.com\/en\/champagne\/laurent-perrier-cuvee-alexandra-rose-2004-bottle-wooden-case-2\/\" \/>\n<meta property=\"og:locale\" content=\"en_US\" \/>\n<meta property=\"og:type\" content=\"article\" \/>\n<meta property=\"og:title\" content=\"Laurent-Perrier Alexandra Grande Cuv\u00e9e Ros\u00e9 2012 Bottle with case - Champmarket\" \/>\n<meta property=\"og:description\" content=\"Laurent-Perrier Alexandra Grande Cuv\u00e9e Ros\u00e9 2012 with boxed set is a rare and sought-after wine that comes from a rigorous selection of the best parcels...\" \/>\n<meta property=\"og:url\" content=\"https:\/\/www.champmarket.com\/en\/champagne\/laurent-perrier-cuvee-alexandra-rose-2004-bottle-wooden-case-2\/\" \/>\n<meta property=\"og:site_name\" content=\"Champmarket\" \/>\n<meta property=\"article:publisher\" content=\"https:\/\/www.facebook.com\/ChampMarket\/\" \/>\n<meta property=\"article:modified_time\" content=\"2024-10-10T08:25:51+00:00\" \/>\n<meta property=\"og:image\" content=\"https:\/\/www.champmarket.com\/wp-content\/uploads\/2024\/10\/laurent-perrier-cuvee-alexandra-rose-2012-bouteille-coffret.webp\" \/>\n\t<meta property=\"og:image:width\" content=\"1200\" \/>\n\t<meta property=\"og:image:height\" content=\"1200\" \/>\n\t<meta property=\"og:image:type\" content=\"image\/webp\" \/>\n<meta name=\"twitter:card\" content=\"summary_large_image\" \/>\n<meta name=\"twitter:site\" content=\"@champmarket\" \/>\n<meta name=\"twitter:label1\" content=\"Est. reading time\" \/>\n\t<meta name=\"twitter:data1\" content=\"1 minute\" \/>\n<script type=\"application\/ld+json\" class=\"yoast-schema-graph\">{\"@context\":\"https:\/\/schema.org\",\"@graph\":[{\"@type\":\"WebPage\",\"@id\":\"https:\/\/www.champmarket.com\/en\/champagne\/laurent-perrier-cuvee-alexandra-rose-2004-bottle-wooden-case-2\/\",\"url\":\"https:\/\/www.champmarket.com\/en\/champagne\/laurent-perrier-cuvee-alexandra-rose-2004-bottle-wooden-case-2\/\",\"name\":\"Laurent-Perrier Alexandra Grande Cuv\u00e9e Ros\u00e9 2012 Bottle with case - Champmarket\",\"isPartOf\":{\"@id\":\"https:\/\/www.champmarket.com\/#website\"},\"primaryImageOfPage\":{\"@id\":\"https:\/\/www.champmarket.com\/en\/champagne\/laurent-perrier-cuvee-alexandra-rose-2004-bottle-wooden-case-2\/#primaryimage\"},\"image\":{\"@id\":\"https:\/\/www.champmarket.com\/en\/champagne\/laurent-perrier-cuvee-alexandra-rose-2004-bottle-wooden-case-2\/#primaryimage\"},\"thumbnailUrl\":\"https:\/\/www.champmarket.com\/wp-content\/uploads\/2024\/10\/laurent-perrier-cuvee-alexandra-rose-2012-bouteille-coffret.webp\",\"datePublished\":\"2024-10-08T11:46:53+00:00\",\"dateModified\":\"2024-10-10T08:25:51+00:00\",\"description\":\"Laurent-Perrier Alexandra Grande Cuv\u00e9e Ros\u00e9 2012 with boxed set is a rare and sought-after wine that comes from a rigorous selection of the best parcels...\",\"breadcrumb\":{\"@id\":\"https:\/\/www.champmarket.com\/en\/champagne\/laurent-perrier-cuvee-alexandra-rose-2004-bottle-wooden-case-2\/#breadcrumb\"},\"inLanguage\":\"en-US\",\"potentialAction\":[{\"@type\":\"ReadAction\",\"target\":[\"https:\/\/www.champmarket.com\/en\/champagne\/laurent-perrier-cuvee-alexandra-rose-2004-bottle-wooden-case-2\/\"]}]},{\"@type\":\"ImageObject\",\"inLanguage\":\"en-US\",\"@id\":\"https:\/\/www.champmarket.com\/en\/champagne\/laurent-perrier-cuvee-alexandra-rose-2004-bottle-wooden-case-2\/#primaryimage\",\"url\":\"https:\/\/www.champmarket.com\/wp-content\/uploads\/2024\/10\/laurent-perrier-cuvee-alexandra-rose-2012-bouteille-coffret.webp\",\"contentUrl\":\"https:\/\/www.champmarket.com\/wp-content\/uploads\/2024\/10\/laurent-perrier-cuvee-alexandra-rose-2012-bouteille-coffret.webp\",\"width\":1200,\"height\":1200,\"caption\":\"Champagne Laurent-Perrier Cuv\u00e9e Alexandra 2012 avec coffret - Champmarket\"},{\"@type\":\"BreadcrumbList\",\"@id\":\"https:\/\/www.champmarket.com\/en\/champagne\/laurent-perrier-cuvee-alexandra-rose-2004-bottle-wooden-case-2\/#breadcrumb\",\"itemListElement\":[{\"@type\":\"ListItem\",\"position\":1,\"name\":\"Home\",\"item\":\"https:\/\/www.champmarket.com\/en\/buy-champagne-online-champmarket\/\"},{\"@type\":\"ListItem\",\"position\":2,\"name\":\"Shop\",\"item\":\"https:\/\/www.champmarket.com\/en\/shop-2\/\"},{\"@type\":\"ListItem\",\"position\":3,\"name\":\"Laurent-Perrier\",\"item\":\"https:\/\/www.champmarket.com\/en\/maisons\/selection-champagne-laurent-perrier-en\/\"},{\"@type\":\"ListItem\",\"position\":4,\"name\":\"Laurent-Perrier Alexandra Grande Cuv\u00e9e Ros\u00e9 2012 Bottle with case\"}]},{\"@type\":\"WebSite\",\"@id\":\"https:\/\/www.champmarket.com\/#website\",\"url\":\"https:\/\/www.champmarket.com\/\",\"name\":\"Champmarket\",\"description\":\"Champagne Only ! Champmarket offers a very wide range of exceptional champagnes, the greatest brands, rare vintages, limited editions, old vintages and champagne gift ideas for any occasion.\",\"publisher\":{\"@id\":\"https:\/\/www.champmarket.com\/#organization\"},\"potentialAction\":[{\"@type\":\"SearchAction\",\"target\":{\"@type\":\"EntryPoint\",\"urlTemplate\":\"https:\/\/www.champmarket.com\/?s={search_term_string}\"},\"query-input\":{\"@type\":\"PropertyValueSpecification\",\"valueRequired\":true,\"valueName\":\"search_term_string\"}}],\"inLanguage\":\"en-US\"},{\"@type\":\"Organization\",\"@id\":\"https:\/\/www.champmarket.com\/#organization\",\"name\":\"Champmarket\",\"url\":\"https:\/\/www.champmarket.com\/\",\"logo\":{\"@type\":\"ImageObject\",\"inLanguage\":\"en-US\",\"@id\":\"https:\/\/www.champmarket.com\/#\/schema\/logo\/image\/\",\"url\":\"https:\/\/www.champmarket.com\/wp-content\/uploads\/2024\/08\/logo2024-1.svg\",\"contentUrl\":\"https:\/\/www.champmarket.com\/wp-content\/uploads\/2024\/08\/logo2024-1.svg\",\"width\":579.8,\"height\":80,\"caption\":\"Champmarket\"},\"image\":{\"@id\":\"https:\/\/www.champmarket.com\/#\/schema\/logo\/image\/\"},\"sameAs\":[\"https:\/\/www.facebook.com\/ChampMarket\/\",\"https:\/\/x.com\/champmarket\",\"https:\/\/www.instagram.com\/champmarket.paris\/\",\"https:\/\/www.pinterest.fr\/champmarketparis\/\",\"https:\/\/www.linkedin.com\/company\/champmarket\/\"]}]}<\/script>\n<!-- \/ Yoast SEO plugin. -->","yoast_head_json":{"title":"Laurent-Perrier Alexandra Grande Cuv\u00e9e Ros\u00e9 2012 Bottle with case - Champmarket","description":"Laurent-Perrier Alexandra Grande Cuv\u00e9e Ros\u00e9 2012 with boxed set is a rare and sought-after wine that comes from a rigorous selection of the best parcels...","robots":{"index":"index","follow":"follow","max-snippet":"max-snippet:-1","max-image-preview":"max-image-preview:large","max-video-preview":"max-video-preview:-1"},"canonical":"https:\/\/www.champmarket.com\/en\/champagne\/laurent-perrier-cuvee-alexandra-rose-2004-bottle-wooden-case-2\/","og_locale":"en_US","og_type":"article","og_title":"Laurent-Perrier Alexandra Grande Cuv\u00e9e Ros\u00e9 2012 Bottle with case - Champmarket","og_description":"Laurent-Perrier Alexandra Grande Cuv\u00e9e Ros\u00e9 2012 with boxed set is a rare and sought-after wine that comes from a rigorous selection of the best parcels...","og_url":"https:\/\/www.champmarket.com\/en\/champagne\/laurent-perrier-cuvee-alexandra-rose-2004-bottle-wooden-case-2\/","og_site_name":"Champmarket","article_publisher":"https:\/\/www.facebook.com\/ChampMarket\/","article_modified_time":"2024-10-10T08:25:51+00:00","og_image":[{"width":1200,"height":1200,"url":"https:\/\/www.champmarket.com\/wp-content\/uploads\/2024\/10\/laurent-perrier-cuvee-alexandra-rose-2012-bouteille-coffret.webp","type":"image\/webp"}],"twitter_card":"summary_large_image","twitter_site":"@champmarket","twitter_misc":{"Est. reading time":"1 minute"},"schema":{"@context":"https:\/\/schema.org","@graph":[{"@type":"WebPage","@id":"https:\/\/www.champmarket.com\/en\/champagne\/laurent-perrier-cuvee-alexandra-rose-2004-bottle-wooden-case-2\/","url":"https:\/\/www.champmarket.com\/en\/champagne\/laurent-perrier-cuvee-alexandra-rose-2004-bottle-wooden-case-2\/","name":"Laurent-Perrier Alexandra Grande Cuv\u00e9e Ros\u00e9 2012 Bottle with case - Champmarket","isPartOf":{"@id":"https:\/\/www.champmarket.com\/#website"},"primaryImageOfPage":{"@id":"https:\/\/www.champmarket.com\/en\/champagne\/laurent-perrier-cuvee-alexandra-rose-2004-bottle-wooden-case-2\/#primaryimage"},"image":{"@id":"https:\/\/www.champmarket.com\/en\/champagne\/laurent-perrier-cuvee-alexandra-rose-2004-bottle-wooden-case-2\/#primaryimage"},"thumbnailUrl":"https:\/\/www.champmarket.com\/wp-content\/uploads\/2024\/10\/laurent-perrier-cuvee-alexandra-rose-2012-bouteille-coffret.webp","datePublished":"2024-10-08T11:46:53+00:00","dateModified":"2024-10-10T08:25:51+00:00","description":"Laurent-Perrier Alexandra Grande Cuv\u00e9e Ros\u00e9 2012 with boxed set is a rare and sought-after wine that comes from a rigorous selection of the best parcels...","breadcrumb":{"@id":"https:\/\/www.champmarket.com\/en\/champagne\/laurent-perrier-cuvee-alexandra-rose-2004-bottle-wooden-case-2\/#breadcrumb"},"inLanguage":"en-US","potentialAction":[{"@type":"ReadAction","target":["https:\/\/www.champmarket.com\/en\/champagne\/laurent-perrier-cuvee-alexandra-rose-2004-bottle-wooden-case-2\/"]}]},{"@type":"ImageObject","inLanguage":"en-US","@id":"https:\/\/www.champmarket.com\/en\/champagne\/laurent-perrier-cuvee-alexandra-rose-2004-bottle-wooden-case-2\/#primaryimage","url":"https:\/\/www.champmarket.com\/wp-content\/uploads\/2024\/10\/laurent-perrier-cuvee-alexandra-rose-2012-bouteille-coffret.webp","contentUrl":"https:\/\/www.champmarket.com\/wp-content\/uploads\/2024\/10\/laurent-perrier-cuvee-alexandra-rose-2012-bouteille-coffret.webp","width":1200,"height":1200,"caption":"Champagne Laurent-Perrier Cuv\u00e9e Alexandra 2012 avec coffret - Champmarket"},{"@type":"BreadcrumbList","@id":"https:\/\/www.champmarket.com\/en\/champagne\/laurent-perrier-cuvee-alexandra-rose-2004-bottle-wooden-case-2\/#breadcrumb","itemListElement":[{"@type":"ListItem","position":1,"name":"Home","item":"https:\/\/www.champmarket.com\/en\/buy-champagne-online-champmarket\/"},{"@type":"ListItem","position":2,"name":"Shop","item":"https:\/\/www.champmarket.com\/en\/shop-2\/"},{"@type":"ListItem","position":3,"name":"Laurent-Perrier","item":"https:\/\/www.champmarket.com\/en\/maisons\/selection-champagne-laurent-perrier-en\/"},{"@type":"ListItem","position":4,"name":"Laurent-Perrier Alexandra Grande Cuv\u00e9e Ros\u00e9 2012 Bottle with case"}]},{"@type":"WebSite","@id":"https:\/\/www.champmarket.com\/#website","url":"https:\/\/www.champmarket.com\/","name":"Champmarket","description":"Champagne Only ! Champmarket offers a very wide range of exceptional champagnes, the greatest brands, rare vintages, limited editions, old vintages and champagne gift ideas for any occasion.","publisher":{"@id":"https:\/\/www.champmarket.com\/#organization"},"potentialAction":[{"@type":"SearchAction","target":{"@type":"EntryPoint","urlTemplate":"https:\/\/www.champmarket.com\/?s={search_term_string}"},"query-input":{"@type":"PropertyValueSpecification","valueRequired":true,"valueName":"search_term_string"}}],"inLanguage":"en-US"},{"@type":"Organization","@id":"https:\/\/www.champmarket.com\/#organization","name":"Champmarket","url":"https:\/\/www.champmarket.com\/","logo":{"@type":"ImageObject","inLanguage":"en-US","@id":"https:\/\/www.champmarket.com\/#\/schema\/logo\/image\/","url":"https:\/\/www.champmarket.com\/wp-content\/uploads\/2024\/08\/logo2024-1.svg","contentUrl":"https:\/\/www.champmarket.com\/wp-content\/uploads\/2024\/08\/logo2024-1.svg","width":579.8,"height":80,"caption":"Champmarket"},"image":{"@id":"https:\/\/www.champmarket.com\/#\/schema\/logo\/image\/"},"sameAs":["https:\/\/www.facebook.com\/ChampMarket\/","https:\/\/x.com\/champmarket","https:\/\/www.instagram.com\/champmarket.paris\/","https:\/\/www.pinterest.fr\/champmarketparis\/","https:\/\/www.linkedin.com\/company\/champmarket\/"]}]}},"_links":{"self":[{"href":"https:\/\/www.champmarket.com\/en\/wp-json\/wp\/v2\/product\/74516","targetHints":{"allow":["GET"]}}],"collection":[{"href":"https:\/\/www.champmarket.com\/en\/wp-json\/wp\/v2\/product"}],"about":[{"href":"https:\/\/www.champmarket.com\/en\/wp-json\/wp\/v2\/types\/product"}],"version-history":[{"count":4,"href":"https:\/\/www.champmarket.com\/en\/wp-json\/wp\/v2\/product\/74516\/revisions"}],"predecessor-version":[{"id":74601,"href":"https:\/\/www.champmarket.com\/en\/wp-json\/wp\/v2\/product\/74516\/revisions\/74601"}],"wp:featuredmedia":[{"embeddable":true,"href":"https:\/\/www.champmarket.com\/en\/wp-json\/wp\/v2\/media\/74537"}],"wp:attachment":[{"href":"https:\/\/www.champmarket.com\/en\/wp-json\/wp\/v2\/media?parent=74516"}],"wp:term":[{"taxonomy":"product_brand","embeddable":true,"href":"https:\/\/www.champmarket.com\/en\/wp-json\/wp\/v2\/product_brand?post=74516"},{"taxonomy":"product_cat","embeddable":true,"href":"https:\/\/www.champmarket.com\/en\/wp-json\/wp\/v2\/product_cat?post=74516"},{"taxonomy":"product_tag","embeddable":true,"href":"https:\/\/www.champmarket.com\/en\/wp-json\/wp\/v2\/product_tag?post=74516"}],"curies":[{"name":"wp","href":"https:\/\/api.w.org\/{rel}","templated":true}]}}