{"id":75561,"date":"2024-11-12T12:57:40","date_gmt":"2024-11-12T11:57:40","guid":{"rendered":"https:\/\/www.champmarket.com\/?post_type=product&#038;p=75561"},"modified":"2025-05-13T11:00:36","modified_gmt":"2025-05-13T09:00:36","slug":"moet-chandon-grand-vintage-rose-2016-bottle-with-box","status":"publish","type":"product","link":"https:\/\/www.champmarket.com\/en\/champagne\/moet-chandon-grand-vintage-rose-2016-bottle-with-box\/","title":{"rendered":"Mo\u00ebt &#038; Chandon Grand Vintage Ros\u00e9 2016 Bottle with Box"},"content":{"rendered":"<p>With its notes of raspberry, slightly crushed strawberries, and red fruits in syrup, Mo\u00ebt &amp; Chandon Grand Vintage 2016 Ros\u00e9 with box is a reflection of an exceptional harvest of black grapes that revealed remarkable maturity.<\/p>\n","protected":false},"excerpt":{"rendered":"<p>Each Grand Vintage is unique, revealing a free and personal interpretation of the year by the Cellar Master. In Champagne, the year 2016 was marked by turbulent and eventful weather, at the mercy of nature, it gave birth to exceptional Pinot Noir and Meunier grapes, which make up 85% of this champagne. Unique expression of a remarkable year in Champagne, Mo\u00ebt &amp; Chandon Grand Vintage 2016 Ros\u00e9 with box, the 46th ros\u00e9 vintage since the founding of the House in 1743, expresses serenity after the storm. It offers a light and effortless mouthfeel, in a summery universe of light and tangy flavours, with great freshness. The overall impression is light and airy, with a nice tension in the finish.<\/p>\n","protected":false},"featured_media":75602,"template":"","meta":{"_acf_changed":false},"product_brand":[],"product_cat":[3365,3320,1713,1735,1695,2773,1679,2772,1696,1717,1723,1722,1697],"product_tag":[1682,1700,1701,1762],"class_list":{"0":"post-75561","1":"product","2":"type-product","3":"status-publish","4":"has-post-thumbnail","6":"maisons-selection-champagne-moet-chandon-en","7":"product_cat-christmas-champagnes","8":"product_cat-all-champagnes-and-exclusive-boxes","9":"product_cat-categorie-maisons-de-champagne-en","10":"product_cat-categorie-moet-et-chandon-en","11":"product_cat-bouteilles-en","12":"product_cat-news","13":"product_cat-cadeaux-affaires-en","14":"product_cat-all-champagnes","15":"product_cat-champagne-rose-en","16":"product_cat-champagne-millesime-en","17":"product_cat-champagne-prestige-en","18":"product_cat-champagne-extra-brut-non-dose-en","19":"product_cat-repas-en","20":"product_tag-pour-offrir-en","21":"product_tag-la-vie-en-rose-en","22":"product_tag-repas-champagne-en","23":"product_tag-vintage-en","25":"first","26":"instock","27":"taxable","28":"shipping-taxable","29":"purchasable","30":"product-type-simple"},"acf":[],"yoast_head":"<!-- This site is optimized with the Yoast SEO plugin v26.4 - https:\/\/yoast.com\/wordpress\/plugins\/seo\/ -->\n<title>Mo\u00ebt &amp; Chandon Grand Vintage Ros\u00e9 2016 Bottle with Box - Champmarket<\/title>\n<meta name=\"description\" content=\"Unique expression of a remarkable year in Champagne, Mo\u00ebt &amp; Chandon Grand Vintage 2016 Ros\u00e9 with box expresses serenity after the storm.\" \/>\n<meta name=\"robots\" content=\"index, follow, max-snippet:-1, max-image-preview:large, max-video-preview:-1\" \/>\n<link rel=\"canonical\" href=\"https:\/\/www.champmarket.com\/en\/champagne\/moet-chandon-grand-vintage-rose-2016-bottle-with-box\/\" \/>\n<meta property=\"og:locale\" content=\"en_US\" \/>\n<meta property=\"og:type\" content=\"article\" \/>\n<meta property=\"og:title\" content=\"Mo\u00ebt &amp; Chandon Grand Vintage Ros\u00e9 2016 Bottle with Box - Champmarket\" \/>\n<meta property=\"og:description\" content=\"Unique expression of a remarkable year in Champagne, Mo\u00ebt &amp; Chandon Grand Vintage 2016 Ros\u00e9 with box expresses serenity after the storm.\" \/>\n<meta property=\"og:url\" content=\"https:\/\/www.champmarket.com\/en\/champagne\/moet-chandon-grand-vintage-rose-2016-bottle-with-box\/\" \/>\n<meta property=\"og:site_name\" content=\"Champmarket\" \/>\n<meta property=\"article:publisher\" content=\"https:\/\/www.facebook.com\/ChampMarket\/\" \/>\n<meta property=\"article:modified_time\" content=\"2025-05-13T09:00:36+00:00\" \/>\n<meta property=\"og:image\" content=\"https:\/\/www.champmarket.com\/wp-content\/uploads\/2024\/11\/moet-et-chandon-grand-vintage-rose-2016-bouteille-coffret.webp\" \/>\n\t<meta property=\"og:image:width\" content=\"1200\" \/>\n\t<meta property=\"og:image:height\" content=\"1200\" \/>\n\t<meta property=\"og:image:type\" content=\"image\/webp\" \/>\n<meta name=\"twitter:card\" content=\"summary_large_image\" \/>\n<meta name=\"twitter:site\" content=\"@champmarket\" \/>\n<meta name=\"twitter:label1\" content=\"Est. reading time\" \/>\n\t<meta name=\"twitter:data1\" content=\"1 minute\" \/>\n<script type=\"application\/ld+json\" class=\"yoast-schema-graph\">{\"@context\":\"https:\/\/schema.org\",\"@graph\":[{\"@type\":\"WebPage\",\"@id\":\"https:\/\/www.champmarket.com\/en\/champagne\/moet-chandon-grand-vintage-rose-2016-bottle-with-box\/\",\"url\":\"https:\/\/www.champmarket.com\/en\/champagne\/moet-chandon-grand-vintage-rose-2016-bottle-with-box\/\",\"name\":\"Mo\u00ebt & Chandon Grand Vintage Ros\u00e9 2016 Bottle with Box - Champmarket\",\"isPartOf\":{\"@id\":\"https:\/\/www.champmarket.com\/#website\"},\"primaryImageOfPage\":{\"@id\":\"https:\/\/www.champmarket.com\/en\/champagne\/moet-chandon-grand-vintage-rose-2016-bottle-with-box\/#primaryimage\"},\"image\":{\"@id\":\"https:\/\/www.champmarket.com\/en\/champagne\/moet-chandon-grand-vintage-rose-2016-bottle-with-box\/#primaryimage\"},\"thumbnailUrl\":\"https:\/\/www.champmarket.com\/wp-content\/uploads\/2024\/11\/moet-et-chandon-grand-vintage-rose-2016-bouteille-coffret.webp\",\"datePublished\":\"2024-11-12T11:57:40+00:00\",\"dateModified\":\"2025-05-13T09:00:36+00:00\",\"description\":\"Unique expression of a remarkable year in Champagne, Mo\u00ebt & Chandon Grand Vintage 2016 Ros\u00e9 with box expresses serenity after the storm.\",\"breadcrumb\":{\"@id\":\"https:\/\/www.champmarket.com\/en\/champagne\/moet-chandon-grand-vintage-rose-2016-bottle-with-box\/#breadcrumb\"},\"inLanguage\":\"en-US\",\"potentialAction\":[{\"@type\":\"ReadAction\",\"target\":[\"https:\/\/www.champmarket.com\/en\/champagne\/moet-chandon-grand-vintage-rose-2016-bottle-with-box\/\"]}]},{\"@type\":\"ImageObject\",\"inLanguage\":\"en-US\",\"@id\":\"https:\/\/www.champmarket.com\/en\/champagne\/moet-chandon-grand-vintage-rose-2016-bottle-with-box\/#primaryimage\",\"url\":\"https:\/\/www.champmarket.com\/wp-content\/uploads\/2024\/11\/moet-et-chandon-grand-vintage-rose-2016-bouteille-coffret.webp\",\"contentUrl\":\"https:\/\/www.champmarket.com\/wp-content\/uploads\/2024\/11\/moet-et-chandon-grand-vintage-rose-2016-bouteille-coffret.webp\",\"width\":1200,\"height\":1200,\"caption\":\"Champagne Mo\u00ebt & Chandon Grand Vintage Ros\u00e9 2016 - Champmarket\"},{\"@type\":\"BreadcrumbList\",\"@id\":\"https:\/\/www.champmarket.com\/en\/champagne\/moet-chandon-grand-vintage-rose-2016-bottle-with-box\/#breadcrumb\",\"itemListElement\":[{\"@type\":\"ListItem\",\"position\":1,\"name\":\"Home\",\"item\":\"https:\/\/www.champmarket.com\/en\/buy-champagne-online-champmarket\/\"},{\"@type\":\"ListItem\",\"position\":2,\"name\":\"Shop\",\"item\":\"https:\/\/www.champmarket.com\/en\/shop-2\/\"},{\"@type\":\"ListItem\",\"position\":3,\"name\":\"Mo\u00ebt &amp; Chandon\",\"item\":\"https:\/\/www.champmarket.com\/en\/maisons\/selection-champagne-moet-chandon-en\/\"},{\"@type\":\"ListItem\",\"position\":4,\"name\":\"Mo\u00ebt &#038; Chandon Grand Vintage Ros\u00e9 2016 Bottle with Box\"}]},{\"@type\":\"WebSite\",\"@id\":\"https:\/\/www.champmarket.com\/#website\",\"url\":\"https:\/\/www.champmarket.com\/\",\"name\":\"Champmarket\",\"description\":\"Champagne Only ! Champmarket offers a very wide range of exceptional champagnes, the greatest brands, rare vintages, limited editions, old vintages and champagne gift ideas for any occasion.\",\"publisher\":{\"@id\":\"https:\/\/www.champmarket.com\/#organization\"},\"potentialAction\":[{\"@type\":\"SearchAction\",\"target\":{\"@type\":\"EntryPoint\",\"urlTemplate\":\"https:\/\/www.champmarket.com\/?s={search_term_string}\"},\"query-input\":{\"@type\":\"PropertyValueSpecification\",\"valueRequired\":true,\"valueName\":\"search_term_string\"}}],\"inLanguage\":\"en-US\"},{\"@type\":\"Organization\",\"@id\":\"https:\/\/www.champmarket.com\/#organization\",\"name\":\"Champmarket\",\"url\":\"https:\/\/www.champmarket.com\/\",\"logo\":{\"@type\":\"ImageObject\",\"inLanguage\":\"en-US\",\"@id\":\"https:\/\/www.champmarket.com\/#\/schema\/logo\/image\/\",\"url\":\"https:\/\/www.champmarket.com\/wp-content\/uploads\/2024\/08\/logo2024-1.svg\",\"contentUrl\":\"https:\/\/www.champmarket.com\/wp-content\/uploads\/2024\/08\/logo2024-1.svg\",\"width\":579.8,\"height\":80,\"caption\":\"Champmarket\"},\"image\":{\"@id\":\"https:\/\/www.champmarket.com\/#\/schema\/logo\/image\/\"},\"sameAs\":[\"https:\/\/www.facebook.com\/ChampMarket\/\",\"https:\/\/x.com\/champmarket\",\"https:\/\/www.instagram.com\/champmarket.paris\/\",\"https:\/\/www.pinterest.fr\/champmarketparis\/\",\"https:\/\/www.linkedin.com\/company\/champmarket\/\"]}]}<\/script>\n<!-- \/ Yoast SEO plugin. -->","yoast_head_json":{"title":"Mo\u00ebt & Chandon Grand Vintage Ros\u00e9 2016 Bottle with Box - Champmarket","description":"Unique expression of a remarkable year in Champagne, Mo\u00ebt & Chandon Grand Vintage 2016 Ros\u00e9 with box expresses serenity after the storm.","robots":{"index":"index","follow":"follow","max-snippet":"max-snippet:-1","max-image-preview":"max-image-preview:large","max-video-preview":"max-video-preview:-1"},"canonical":"https:\/\/www.champmarket.com\/en\/champagne\/moet-chandon-grand-vintage-rose-2016-bottle-with-box\/","og_locale":"en_US","og_type":"article","og_title":"Mo\u00ebt & Chandon Grand Vintage Ros\u00e9 2016 Bottle with Box - Champmarket","og_description":"Unique expression of a remarkable year in Champagne, Mo\u00ebt & Chandon Grand Vintage 2016 Ros\u00e9 with box expresses serenity after the storm.","og_url":"https:\/\/www.champmarket.com\/en\/champagne\/moet-chandon-grand-vintage-rose-2016-bottle-with-box\/","og_site_name":"Champmarket","article_publisher":"https:\/\/www.facebook.com\/ChampMarket\/","article_modified_time":"2025-05-13T09:00:36+00:00","og_image":[{"width":1200,"height":1200,"url":"https:\/\/www.champmarket.com\/wp-content\/uploads\/2024\/11\/moet-et-chandon-grand-vintage-rose-2016-bouteille-coffret.webp","type":"image\/webp"}],"twitter_card":"summary_large_image","twitter_site":"@champmarket","twitter_misc":{"Est. reading time":"1 minute"},"schema":{"@context":"https:\/\/schema.org","@graph":[{"@type":"WebPage","@id":"https:\/\/www.champmarket.com\/en\/champagne\/moet-chandon-grand-vintage-rose-2016-bottle-with-box\/","url":"https:\/\/www.champmarket.com\/en\/champagne\/moet-chandon-grand-vintage-rose-2016-bottle-with-box\/","name":"Mo\u00ebt & Chandon Grand Vintage Ros\u00e9 2016 Bottle with Box - Champmarket","isPartOf":{"@id":"https:\/\/www.champmarket.com\/#website"},"primaryImageOfPage":{"@id":"https:\/\/www.champmarket.com\/en\/champagne\/moet-chandon-grand-vintage-rose-2016-bottle-with-box\/#primaryimage"},"image":{"@id":"https:\/\/www.champmarket.com\/en\/champagne\/moet-chandon-grand-vintage-rose-2016-bottle-with-box\/#primaryimage"},"thumbnailUrl":"https:\/\/www.champmarket.com\/wp-content\/uploads\/2024\/11\/moet-et-chandon-grand-vintage-rose-2016-bouteille-coffret.webp","datePublished":"2024-11-12T11:57:40+00:00","dateModified":"2025-05-13T09:00:36+00:00","description":"Unique expression of a remarkable year in Champagne, Mo\u00ebt & Chandon Grand Vintage 2016 Ros\u00e9 with box expresses serenity after the storm.","breadcrumb":{"@id":"https:\/\/www.champmarket.com\/en\/champagne\/moet-chandon-grand-vintage-rose-2016-bottle-with-box\/#breadcrumb"},"inLanguage":"en-US","potentialAction":[{"@type":"ReadAction","target":["https:\/\/www.champmarket.com\/en\/champagne\/moet-chandon-grand-vintage-rose-2016-bottle-with-box\/"]}]},{"@type":"ImageObject","inLanguage":"en-US","@id":"https:\/\/www.champmarket.com\/en\/champagne\/moet-chandon-grand-vintage-rose-2016-bottle-with-box\/#primaryimage","url":"https:\/\/www.champmarket.com\/wp-content\/uploads\/2024\/11\/moet-et-chandon-grand-vintage-rose-2016-bouteille-coffret.webp","contentUrl":"https:\/\/www.champmarket.com\/wp-content\/uploads\/2024\/11\/moet-et-chandon-grand-vintage-rose-2016-bouteille-coffret.webp","width":1200,"height":1200,"caption":"Champagne Mo\u00ebt & Chandon Grand Vintage Ros\u00e9 2016 - Champmarket"},{"@type":"BreadcrumbList","@id":"https:\/\/www.champmarket.com\/en\/champagne\/moet-chandon-grand-vintage-rose-2016-bottle-with-box\/#breadcrumb","itemListElement":[{"@type":"ListItem","position":1,"name":"Home","item":"https:\/\/www.champmarket.com\/en\/buy-champagne-online-champmarket\/"},{"@type":"ListItem","position":2,"name":"Shop","item":"https:\/\/www.champmarket.com\/en\/shop-2\/"},{"@type":"ListItem","position":3,"name":"Mo\u00ebt &amp; Chandon","item":"https:\/\/www.champmarket.com\/en\/maisons\/selection-champagne-moet-chandon-en\/"},{"@type":"ListItem","position":4,"name":"Mo\u00ebt &#038; Chandon Grand Vintage Ros\u00e9 2016 Bottle with Box"}]},{"@type":"WebSite","@id":"https:\/\/www.champmarket.com\/#website","url":"https:\/\/www.champmarket.com\/","name":"Champmarket","description":"Champagne Only ! Champmarket offers a very wide range of exceptional champagnes, the greatest brands, rare vintages, limited editions, old vintages and champagne gift ideas for any occasion.","publisher":{"@id":"https:\/\/www.champmarket.com\/#organization"},"potentialAction":[{"@type":"SearchAction","target":{"@type":"EntryPoint","urlTemplate":"https:\/\/www.champmarket.com\/?s={search_term_string}"},"query-input":{"@type":"PropertyValueSpecification","valueRequired":true,"valueName":"search_term_string"}}],"inLanguage":"en-US"},{"@type":"Organization","@id":"https:\/\/www.champmarket.com\/#organization","name":"Champmarket","url":"https:\/\/www.champmarket.com\/","logo":{"@type":"ImageObject","inLanguage":"en-US","@id":"https:\/\/www.champmarket.com\/#\/schema\/logo\/image\/","url":"https:\/\/www.champmarket.com\/wp-content\/uploads\/2024\/08\/logo2024-1.svg","contentUrl":"https:\/\/www.champmarket.com\/wp-content\/uploads\/2024\/08\/logo2024-1.svg","width":579.8,"height":80,"caption":"Champmarket"},"image":{"@id":"https:\/\/www.champmarket.com\/#\/schema\/logo\/image\/"},"sameAs":["https:\/\/www.facebook.com\/ChampMarket\/","https:\/\/x.com\/champmarket","https:\/\/www.instagram.com\/champmarket.paris\/","https:\/\/www.pinterest.fr\/champmarketparis\/","https:\/\/www.linkedin.com\/company\/champmarket\/"]}]}},"_links":{"self":[{"href":"https:\/\/www.champmarket.com\/en\/wp-json\/wp\/v2\/product\/75561","targetHints":{"allow":["GET"]}}],"collection":[{"href":"https:\/\/www.champmarket.com\/en\/wp-json\/wp\/v2\/product"}],"about":[{"href":"https:\/\/www.champmarket.com\/en\/wp-json\/wp\/v2\/types\/product"}],"version-history":[{"count":3,"href":"https:\/\/www.champmarket.com\/en\/wp-json\/wp\/v2\/product\/75561\/revisions"}],"predecessor-version":[{"id":78904,"href":"https:\/\/www.champmarket.com\/en\/wp-json\/wp\/v2\/product\/75561\/revisions\/78904"}],"wp:featuredmedia":[{"embeddable":true,"href":"https:\/\/www.champmarket.com\/en\/wp-json\/wp\/v2\/media\/75602"}],"wp:attachment":[{"href":"https:\/\/www.champmarket.com\/en\/wp-json\/wp\/v2\/media?parent=75561"}],"wp:term":[{"taxonomy":"product_brand","embeddable":true,"href":"https:\/\/www.champmarket.com\/en\/wp-json\/wp\/v2\/product_brand?post=75561"},{"taxonomy":"product_cat","embeddable":true,"href":"https:\/\/www.champmarket.com\/en\/wp-json\/wp\/v2\/product_cat?post=75561"},{"taxonomy":"product_tag","embeddable":true,"href":"https:\/\/www.champmarket.com\/en\/wp-json\/wp\/v2\/product_tag?post=75561"}],"curies":[{"name":"wp","href":"https:\/\/api.w.org\/{rel}","templated":true}]}}