{"id":75625,"date":"2024-11-15T08:18:30","date_gmt":"2024-11-15T07:18:30","guid":{"rendered":"https:\/\/www.champmarket.com\/?post_type=product&#038;p=75625"},"modified":"2025-05-14T18:01:47","modified_gmt":"2025-05-14T16:01:47","slug":"krug-grande-cuvee-edition-172-bottle","status":"publish","type":"product","link":"https:\/\/www.champmarket.com\/en\/champagne\/krug-grande-cuvee-edition-172-bottle\/","title":{"rendered":"Krug Grande Cuv\u00e9e Edition 172 Bottle"},"content":{"rendered":"<p>Krug considers each wine from each plot as a unique musician. From the solo vineyard, the purity of a single plot from a single year, to the full orchestra delivering the symphony of flavours of Krug Grande Cuv\u00e9e, to a group of musicians interpreting the taste melody of a year with the vintage. Musicians have selected melodies to accompany the tasting.<\/p>\n","protected":false},"excerpt":{"rendered":"<p>Krug Grande Cuv\u00e9e was born from Joseph Krug&#8217;s dream to recreate the best champagne every year, regardless of climatic variations. Since 1843, the House of Krug has honoured this vision with a new edition of Krug Grande Cuv\u00e9e: the most generous expression of champagne. Krug Grande Cuv\u00e9e 172nd Edition, created around the 2016 harvest, is a champagne of great richness and fine elegance, transcending vintages. To create this Edition of Krug Grande Cuv\u00e9e, Julie Cavil, the Cellar Master, sought to enhance the diverse aromatic expressions of the year with reserve wines from different plots and 10 other years, giving it a breadth of flavours and aromas that is impossible to express with wines from a single year. The attention given to the vines and Krug&#8217;s unique respect for the individual character of each plot and its wine allowed for the depth of expression in this Edition of Krug Grande Cuv\u00e9e.<\/p>\n","protected":false},"featured_media":75641,"template":"","meta":{"_acf_changed":false},"product_brand":[],"product_cat":[3536,3365,3322,3320,1713,1732,1695,2773,2772,1680,1723,1748,1697],"product_tag":[1701,1755,1684],"class_list":{"0":"post-75625","1":"product","2":"type-product","3":"status-publish","4":"has-post-thumbnail","6":"maisons-selection-champagne-krug-en","7":"product_cat-b2b-wholesale-bottle-offer","8":"product_cat-christmas-champagnes","9":"product_cat-best-champagnes","10":"product_cat-all-champagnes-and-exclusive-boxes","11":"product_cat-categorie-maisons-de-champagne-en","12":"product_cat-categorie-krug-en","13":"product_cat-bouteilles-en","14":"product_cat-news","15":"product_cat-all-champagnes","16":"product_cat-champagne-brut-en","17":"product_cat-champagne-prestige-en","18":"product_cat-aperitif-en","19":"product_cat-repas-en","20":"product_tag-repas-champagne-en","21":"product_tag-haute-couture-en","22":"product_tag-aperitif-en","24":"first","25":"instock","26":"taxable","27":"shipping-taxable","28":"purchasable","29":"product-type-simple"},"acf":[],"yoast_head":"<!-- This site is optimized with the Yoast SEO plugin v26.4 - https:\/\/yoast.com\/wordpress\/plugins\/seo\/ -->\n<title>Krug Grande Cuv\u00e9e Edition 172 Bottle - Champmarket<\/title>\n<meta name=\"description\" content=\"Krug Grande Cuv\u00e9e 172nd Edition with box is a champagne of great richness and fine elegance, beyond the vintages.\" \/>\n<meta name=\"robots\" content=\"index, follow, max-snippet:-1, max-image-preview:large, max-video-preview:-1\" \/>\n<link rel=\"canonical\" href=\"https:\/\/www.champmarket.com\/en\/champagne\/krug-grande-cuvee-edition-172-bottle\/\" \/>\n<meta property=\"og:locale\" content=\"en_US\" \/>\n<meta property=\"og:type\" content=\"article\" \/>\n<meta property=\"og:title\" content=\"Krug Grande Cuv\u00e9e Edition 172 Bottle - Champmarket\" \/>\n<meta property=\"og:description\" content=\"Krug Grande Cuv\u00e9e 172nd Edition with box is a champagne of great richness and fine elegance, beyond the vintages.\" \/>\n<meta property=\"og:url\" content=\"https:\/\/www.champmarket.com\/en\/champagne\/krug-grande-cuvee-edition-172-bottle\/\" \/>\n<meta property=\"og:site_name\" content=\"Champmarket\" \/>\n<meta property=\"article:publisher\" content=\"https:\/\/www.facebook.com\/ChampMarket\/\" \/>\n<meta property=\"article:modified_time\" content=\"2025-05-14T16:01:47+00:00\" \/>\n<meta property=\"og:image\" content=\"https:\/\/www.champmarket.com\/wp-content\/uploads\/2024\/11\/krug-172-eme-edition-bouteille.webp\" \/>\n\t<meta property=\"og:image:width\" content=\"1200\" \/>\n\t<meta property=\"og:image:height\" content=\"1200\" \/>\n\t<meta property=\"og:image:type\" content=\"image\/webp\" \/>\n<meta name=\"twitter:card\" content=\"summary_large_image\" \/>\n<meta name=\"twitter:site\" content=\"@champmarket\" \/>\n<meta name=\"twitter:label1\" content=\"Est. reading time\" \/>\n\t<meta name=\"twitter:data1\" content=\"1 minute\" \/>\n<script type=\"application\/ld+json\" class=\"yoast-schema-graph\">{\"@context\":\"https:\/\/schema.org\",\"@graph\":[{\"@type\":\"WebPage\",\"@id\":\"https:\/\/www.champmarket.com\/en\/champagne\/krug-grande-cuvee-edition-172-bottle\/\",\"url\":\"https:\/\/www.champmarket.com\/en\/champagne\/krug-grande-cuvee-edition-172-bottle\/\",\"name\":\"Krug Grande Cuv\u00e9e Edition 172 Bottle - Champmarket\",\"isPartOf\":{\"@id\":\"https:\/\/www.champmarket.com\/#website\"},\"primaryImageOfPage\":{\"@id\":\"https:\/\/www.champmarket.com\/en\/champagne\/krug-grande-cuvee-edition-172-bottle\/#primaryimage\"},\"image\":{\"@id\":\"https:\/\/www.champmarket.com\/en\/champagne\/krug-grande-cuvee-edition-172-bottle\/#primaryimage\"},\"thumbnailUrl\":\"https:\/\/www.champmarket.com\/wp-content\/uploads\/2024\/11\/krug-172-eme-edition-bouteille.webp\",\"datePublished\":\"2024-11-15T07:18:30+00:00\",\"dateModified\":\"2025-05-14T16:01:47+00:00\",\"description\":\"Krug Grande Cuv\u00e9e 172nd Edition with box is a champagne of great richness and fine elegance, beyond the vintages.\",\"breadcrumb\":{\"@id\":\"https:\/\/www.champmarket.com\/en\/champagne\/krug-grande-cuvee-edition-172-bottle\/#breadcrumb\"},\"inLanguage\":\"en-US\",\"potentialAction\":[{\"@type\":\"ReadAction\",\"target\":[\"https:\/\/www.champmarket.com\/en\/champagne\/krug-grande-cuvee-edition-172-bottle\/\"]}]},{\"@type\":\"ImageObject\",\"inLanguage\":\"en-US\",\"@id\":\"https:\/\/www.champmarket.com\/en\/champagne\/krug-grande-cuvee-edition-172-bottle\/#primaryimage\",\"url\":\"https:\/\/www.champmarket.com\/wp-content\/uploads\/2024\/11\/krug-172-eme-edition-bouteille.webp\",\"contentUrl\":\"https:\/\/www.champmarket.com\/wp-content\/uploads\/2024\/11\/krug-172-eme-edition-bouteille.webp\",\"width\":1200,\"height\":1200,\"caption\":\"Champagne Krug Grande Cuv\u00e9e 172\u00e8me \u00e9dition - Champmarket\"},{\"@type\":\"BreadcrumbList\",\"@id\":\"https:\/\/www.champmarket.com\/en\/champagne\/krug-grande-cuvee-edition-172-bottle\/#breadcrumb\",\"itemListElement\":[{\"@type\":\"ListItem\",\"position\":1,\"name\":\"Home\",\"item\":\"https:\/\/www.champmarket.com\/en\/buy-champagne-online-champmarket\/\"},{\"@type\":\"ListItem\",\"position\":2,\"name\":\"Shop\",\"item\":\"https:\/\/www.champmarket.com\/en\/shop-2\/\"},{\"@type\":\"ListItem\",\"position\":3,\"name\":\"Krug\",\"item\":\"https:\/\/www.champmarket.com\/maisons\/selection-champagne-krug\/\"},{\"@type\":\"ListItem\",\"position\":4,\"name\":\"Krug Grande Cuv\u00e9e Edition 172 Bottle\"}]},{\"@type\":\"WebSite\",\"@id\":\"https:\/\/www.champmarket.com\/#website\",\"url\":\"https:\/\/www.champmarket.com\/\",\"name\":\"Champmarket\",\"description\":\"Champagne Only ! Champmarket offers a very wide range of exceptional champagnes, the greatest brands, rare vintages, limited editions, old vintages and champagne gift ideas for any occasion.\",\"publisher\":{\"@id\":\"https:\/\/www.champmarket.com\/#organization\"},\"potentialAction\":[{\"@type\":\"SearchAction\",\"target\":{\"@type\":\"EntryPoint\",\"urlTemplate\":\"https:\/\/www.champmarket.com\/?s={search_term_string}\"},\"query-input\":{\"@type\":\"PropertyValueSpecification\",\"valueRequired\":true,\"valueName\":\"search_term_string\"}}],\"inLanguage\":\"en-US\"},{\"@type\":\"Organization\",\"@id\":\"https:\/\/www.champmarket.com\/#organization\",\"name\":\"Champmarket\",\"url\":\"https:\/\/www.champmarket.com\/\",\"logo\":{\"@type\":\"ImageObject\",\"inLanguage\":\"en-US\",\"@id\":\"https:\/\/www.champmarket.com\/#\/schema\/logo\/image\/\",\"url\":\"https:\/\/www.champmarket.com\/wp-content\/uploads\/2024\/08\/logo2024-1.svg\",\"contentUrl\":\"https:\/\/www.champmarket.com\/wp-content\/uploads\/2024\/08\/logo2024-1.svg\",\"width\":579.8,\"height\":80,\"caption\":\"Champmarket\"},\"image\":{\"@id\":\"https:\/\/www.champmarket.com\/#\/schema\/logo\/image\/\"},\"sameAs\":[\"https:\/\/www.facebook.com\/ChampMarket\/\",\"https:\/\/x.com\/champmarket\",\"https:\/\/www.instagram.com\/champmarket.paris\/\",\"https:\/\/www.pinterest.fr\/champmarketparis\/\",\"https:\/\/www.linkedin.com\/company\/champmarket\/\"]}]}<\/script>\n<!-- \/ Yoast SEO plugin. -->","yoast_head_json":{"title":"Krug Grande Cuv\u00e9e Edition 172 Bottle - Champmarket","description":"Krug Grande Cuv\u00e9e 172nd Edition with box is a champagne of great richness and fine elegance, beyond the vintages.","robots":{"index":"index","follow":"follow","max-snippet":"max-snippet:-1","max-image-preview":"max-image-preview:large","max-video-preview":"max-video-preview:-1"},"canonical":"https:\/\/www.champmarket.com\/en\/champagne\/krug-grande-cuvee-edition-172-bottle\/","og_locale":"en_US","og_type":"article","og_title":"Krug Grande Cuv\u00e9e Edition 172 Bottle - Champmarket","og_description":"Krug Grande Cuv\u00e9e 172nd Edition with box is a champagne of great richness and fine elegance, beyond the vintages.","og_url":"https:\/\/www.champmarket.com\/en\/champagne\/krug-grande-cuvee-edition-172-bottle\/","og_site_name":"Champmarket","article_publisher":"https:\/\/www.facebook.com\/ChampMarket\/","article_modified_time":"2025-05-14T16:01:47+00:00","og_image":[{"width":1200,"height":1200,"url":"https:\/\/www.champmarket.com\/wp-content\/uploads\/2024\/11\/krug-172-eme-edition-bouteille.webp","type":"image\/webp"}],"twitter_card":"summary_large_image","twitter_site":"@champmarket","twitter_misc":{"Est. reading time":"1 minute"},"schema":{"@context":"https:\/\/schema.org","@graph":[{"@type":"WebPage","@id":"https:\/\/www.champmarket.com\/en\/champagne\/krug-grande-cuvee-edition-172-bottle\/","url":"https:\/\/www.champmarket.com\/en\/champagne\/krug-grande-cuvee-edition-172-bottle\/","name":"Krug Grande Cuv\u00e9e Edition 172 Bottle - Champmarket","isPartOf":{"@id":"https:\/\/www.champmarket.com\/#website"},"primaryImageOfPage":{"@id":"https:\/\/www.champmarket.com\/en\/champagne\/krug-grande-cuvee-edition-172-bottle\/#primaryimage"},"image":{"@id":"https:\/\/www.champmarket.com\/en\/champagne\/krug-grande-cuvee-edition-172-bottle\/#primaryimage"},"thumbnailUrl":"https:\/\/www.champmarket.com\/wp-content\/uploads\/2024\/11\/krug-172-eme-edition-bouteille.webp","datePublished":"2024-11-15T07:18:30+00:00","dateModified":"2025-05-14T16:01:47+00:00","description":"Krug Grande Cuv\u00e9e 172nd Edition with box is a champagne of great richness and fine elegance, beyond the vintages.","breadcrumb":{"@id":"https:\/\/www.champmarket.com\/en\/champagne\/krug-grande-cuvee-edition-172-bottle\/#breadcrumb"},"inLanguage":"en-US","potentialAction":[{"@type":"ReadAction","target":["https:\/\/www.champmarket.com\/en\/champagne\/krug-grande-cuvee-edition-172-bottle\/"]}]},{"@type":"ImageObject","inLanguage":"en-US","@id":"https:\/\/www.champmarket.com\/en\/champagne\/krug-grande-cuvee-edition-172-bottle\/#primaryimage","url":"https:\/\/www.champmarket.com\/wp-content\/uploads\/2024\/11\/krug-172-eme-edition-bouteille.webp","contentUrl":"https:\/\/www.champmarket.com\/wp-content\/uploads\/2024\/11\/krug-172-eme-edition-bouteille.webp","width":1200,"height":1200,"caption":"Champagne Krug Grande Cuv\u00e9e 172\u00e8me \u00e9dition - Champmarket"},{"@type":"BreadcrumbList","@id":"https:\/\/www.champmarket.com\/en\/champagne\/krug-grande-cuvee-edition-172-bottle\/#breadcrumb","itemListElement":[{"@type":"ListItem","position":1,"name":"Home","item":"https:\/\/www.champmarket.com\/en\/buy-champagne-online-champmarket\/"},{"@type":"ListItem","position":2,"name":"Shop","item":"https:\/\/www.champmarket.com\/en\/shop-2\/"},{"@type":"ListItem","position":3,"name":"Krug","item":"https:\/\/www.champmarket.com\/maisons\/selection-champagne-krug\/"},{"@type":"ListItem","position":4,"name":"Krug Grande Cuv\u00e9e Edition 172 Bottle"}]},{"@type":"WebSite","@id":"https:\/\/www.champmarket.com\/#website","url":"https:\/\/www.champmarket.com\/","name":"Champmarket","description":"Champagne Only ! Champmarket offers a very wide range of exceptional champagnes, the greatest brands, rare vintages, limited editions, old vintages and champagne gift ideas for any occasion.","publisher":{"@id":"https:\/\/www.champmarket.com\/#organization"},"potentialAction":[{"@type":"SearchAction","target":{"@type":"EntryPoint","urlTemplate":"https:\/\/www.champmarket.com\/?s={search_term_string}"},"query-input":{"@type":"PropertyValueSpecification","valueRequired":true,"valueName":"search_term_string"}}],"inLanguage":"en-US"},{"@type":"Organization","@id":"https:\/\/www.champmarket.com\/#organization","name":"Champmarket","url":"https:\/\/www.champmarket.com\/","logo":{"@type":"ImageObject","inLanguage":"en-US","@id":"https:\/\/www.champmarket.com\/#\/schema\/logo\/image\/","url":"https:\/\/www.champmarket.com\/wp-content\/uploads\/2024\/08\/logo2024-1.svg","contentUrl":"https:\/\/www.champmarket.com\/wp-content\/uploads\/2024\/08\/logo2024-1.svg","width":579.8,"height":80,"caption":"Champmarket"},"image":{"@id":"https:\/\/www.champmarket.com\/#\/schema\/logo\/image\/"},"sameAs":["https:\/\/www.facebook.com\/ChampMarket\/","https:\/\/x.com\/champmarket","https:\/\/www.instagram.com\/champmarket.paris\/","https:\/\/www.pinterest.fr\/champmarketparis\/","https:\/\/www.linkedin.com\/company\/champmarket\/"]}]}},"_links":{"self":[{"href":"https:\/\/www.champmarket.com\/en\/wp-json\/wp\/v2\/product\/75625","targetHints":{"allow":["GET"]}}],"collection":[{"href":"https:\/\/www.champmarket.com\/en\/wp-json\/wp\/v2\/product"}],"about":[{"href":"https:\/\/www.champmarket.com\/en\/wp-json\/wp\/v2\/types\/product"}],"version-history":[{"count":3,"href":"https:\/\/www.champmarket.com\/en\/wp-json\/wp\/v2\/product\/75625\/revisions"}],"predecessor-version":[{"id":78895,"href":"https:\/\/www.champmarket.com\/en\/wp-json\/wp\/v2\/product\/75625\/revisions\/78895"}],"wp:featuredmedia":[{"embeddable":true,"href":"https:\/\/www.champmarket.com\/en\/wp-json\/wp\/v2\/media\/75641"}],"wp:attachment":[{"href":"https:\/\/www.champmarket.com\/en\/wp-json\/wp\/v2\/media?parent=75625"}],"wp:term":[{"taxonomy":"product_brand","embeddable":true,"href":"https:\/\/www.champmarket.com\/en\/wp-json\/wp\/v2\/product_brand?post=75625"},{"taxonomy":"product_cat","embeddable":true,"href":"https:\/\/www.champmarket.com\/en\/wp-json\/wp\/v2\/product_cat?post=75625"},{"taxonomy":"product_tag","embeddable":true,"href":"https:\/\/www.champmarket.com\/en\/wp-json\/wp\/v2\/product_tag?post=75625"}],"curies":[{"name":"wp","href":"https:\/\/api.w.org\/{rel}","templated":true}]}}