{"id":77097,"date":"2025-02-11T17:42:32","date_gmt":"2025-02-11T16:42:32","guid":{"rendered":"https:\/\/www.champmarket.com\/?post_type=product&#038;p=77097"},"modified":"2025-05-22T11:50:34","modified_gmt":"2025-05-22T09:50:34","slug":"barons-de-rothschild-triptyque-2018-with-case","status":"publish","type":"product","link":"https:\/\/www.champmarket.com\/en\/champagne\/barons-de-rothschild-triptyque-2018-with-case\/","title":{"rendered":"Barons de Rothschild Triptyque 2018 Bottle with case"},"content":{"rendered":"<p>Barons de Rothschild Triptyque 2018 champagne reflects precision viticulture. Only 80 ares were selected to best reflect the conditions of this Vintage: 40 ares in Avize, 20 ares in Ambonnay, and 20 ares in A\u00ff. The bold and demanding choice of blending these three Grands Crus in the same proportions each year highlights the climatic variations that characterize these terroirs over time. With its case, this champagne is ideal for all your special occasions and gifts.<\/p>\n","protected":false},"excerpt":{"rendered":"<p>Cuv\u00e9e Barons de Rothschild Triptyque 2018 with case is a bold approach to Vintage Champagne, the link between terroir and precision oenology. Inspired by the Rothschild family&#8217;s Grands Vins, Cellar Master Guillaume L\u00e9t\u00e9 has set himself the challenge of composing a Vintage cuv\u00e9e each year by blending the best parcels from the same three Grands Crus: Avize, Ambonnay and A\u00ff, selected for their complementarity true to the House style.<\/p>\n","protected":false},"featured_media":77116,"template":"","meta":{"_acf_changed":false},"product_brand":[],"product_cat":[3320,1713,1728,1695,1679,2772,1717,1697],"product_tag":[1682,1701,1762],"class_list":{"0":"post-77097","1":"product","2":"type-product","3":"status-publish","4":"has-post-thumbnail","6":"maisons-selection-champagne-barons-de-rothschild-en","7":"product_cat-all-champagnes-and-exclusive-boxes","8":"product_cat-categorie-maisons-de-champagne-en","9":"product_cat-categorie-barons-de-rothschild-en","10":"product_cat-bouteilles-en","11":"product_cat-cadeaux-affaires-en","12":"product_cat-all-champagnes","13":"product_cat-champagne-millesime-en","14":"product_cat-repas-en","15":"product_tag-pour-offrir-en","16":"product_tag-repas-champagne-en","17":"product_tag-vintage-en","19":"first","20":"instock","21":"taxable","22":"shipping-taxable","23":"purchasable","24":"product-type-simple"},"acf":[],"yoast_head":"<!-- This site is optimized with the Yoast SEO plugin v26.4 - https:\/\/yoast.com\/wordpress\/plugins\/seo\/ -->\n<title>Barons de Rothschild Triptyque 2018 Bottle with case - Champmarket<\/title>\n<meta name=\"description\" content=\"Barons de Rothschild Triptyque 2018 with case is a bold approach to Vintage champagne, the link between terroir and precision oenology\" \/>\n<meta name=\"robots\" content=\"index, follow, max-snippet:-1, max-image-preview:large, max-video-preview:-1\" \/>\n<link rel=\"canonical\" href=\"https:\/\/www.champmarket.com\/en\/champagne\/barons-de-rothschild-triptyque-2018-with-case\/\" \/>\n<meta property=\"og:locale\" content=\"en_US\" \/>\n<meta property=\"og:type\" content=\"article\" \/>\n<meta property=\"og:title\" content=\"Barons de Rothschild Triptyque 2018 Bottle with case - Champmarket\" \/>\n<meta property=\"og:description\" content=\"Barons de Rothschild Triptyque 2018 with case is a bold approach to Vintage champagne, the link between terroir and precision oenology\" \/>\n<meta property=\"og:url\" content=\"https:\/\/www.champmarket.com\/en\/champagne\/barons-de-rothschild-triptyque-2018-with-case\/\" \/>\n<meta property=\"og:site_name\" content=\"Champmarket\" \/>\n<meta property=\"article:publisher\" content=\"https:\/\/www.facebook.com\/ChampMarket\/\" \/>\n<meta property=\"article:modified_time\" content=\"2025-05-22T09:50:34+00:00\" \/>\n<meta property=\"og:image\" content=\"https:\/\/www.champmarket.com\/wp-content\/uploads\/2025\/02\/barons-de-rothschild-triptyque-2018-bouteille-etui.webp\" \/>\n\t<meta property=\"og:image:width\" content=\"1200\" \/>\n\t<meta property=\"og:image:height\" content=\"1200\" \/>\n\t<meta property=\"og:image:type\" content=\"image\/webp\" \/>\n<meta name=\"twitter:card\" content=\"summary_large_image\" \/>\n<meta name=\"twitter:site\" content=\"@champmarket\" \/>\n<meta name=\"twitter:label1\" content=\"Est. reading time\" \/>\n\t<meta name=\"twitter:data1\" content=\"1 minute\" \/>\n<script type=\"application\/ld+json\" class=\"yoast-schema-graph\">{\"@context\":\"https:\/\/schema.org\",\"@graph\":[{\"@type\":\"WebPage\",\"@id\":\"https:\/\/www.champmarket.com\/en\/champagne\/barons-de-rothschild-triptyque-2018-with-case\/\",\"url\":\"https:\/\/www.champmarket.com\/en\/champagne\/barons-de-rothschild-triptyque-2018-with-case\/\",\"name\":\"Barons de Rothschild Triptyque 2018 Bottle with case - Champmarket\",\"isPartOf\":{\"@id\":\"https:\/\/www.champmarket.com\/#website\"},\"primaryImageOfPage\":{\"@id\":\"https:\/\/www.champmarket.com\/en\/champagne\/barons-de-rothschild-triptyque-2018-with-case\/#primaryimage\"},\"image\":{\"@id\":\"https:\/\/www.champmarket.com\/en\/champagne\/barons-de-rothschild-triptyque-2018-with-case\/#primaryimage\"},\"thumbnailUrl\":\"https:\/\/www.champmarket.com\/wp-content\/uploads\/2025\/02\/barons-de-rothschild-triptyque-2018-bouteille-etui.webp\",\"datePublished\":\"2025-02-11T16:42:32+00:00\",\"dateModified\":\"2025-05-22T09:50:34+00:00\",\"description\":\"Barons de Rothschild Triptyque 2018 with case is a bold approach to Vintage champagne, the link between terroir and precision oenology\",\"breadcrumb\":{\"@id\":\"https:\/\/www.champmarket.com\/en\/champagne\/barons-de-rothschild-triptyque-2018-with-case\/#breadcrumb\"},\"inLanguage\":\"en-US\",\"potentialAction\":[{\"@type\":\"ReadAction\",\"target\":[\"https:\/\/www.champmarket.com\/en\/champagne\/barons-de-rothschild-triptyque-2018-with-case\/\"]}]},{\"@type\":\"ImageObject\",\"inLanguage\":\"en-US\",\"@id\":\"https:\/\/www.champmarket.com\/en\/champagne\/barons-de-rothschild-triptyque-2018-with-case\/#primaryimage\",\"url\":\"https:\/\/www.champmarket.com\/wp-content\/uploads\/2025\/02\/barons-de-rothschild-triptyque-2018-bouteille-etui.webp\",\"contentUrl\":\"https:\/\/www.champmarket.com\/wp-content\/uploads\/2025\/02\/barons-de-rothschild-triptyque-2018-bouteille-etui.webp\",\"width\":1200,\"height\":1200,\"caption\":\"Champagne Barons de Rothschild Triptyque 2018 - Champmarket\"},{\"@type\":\"BreadcrumbList\",\"@id\":\"https:\/\/www.champmarket.com\/en\/champagne\/barons-de-rothschild-triptyque-2018-with-case\/#breadcrumb\",\"itemListElement\":[{\"@type\":\"ListItem\",\"position\":1,\"name\":\"Home\",\"item\":\"https:\/\/www.champmarket.com\/en\/buy-champagne-online-champmarket\/\"},{\"@type\":\"ListItem\",\"position\":2,\"name\":\"Shop\",\"item\":\"https:\/\/www.champmarket.com\/en\/shop-2\/\"},{\"@type\":\"ListItem\",\"position\":3,\"name\":\"Barons de Rothschild\",\"item\":\"https:\/\/www.champmarket.com\/en\/maisons\/selection-champagne-barons-de-rothschild-en\/\"},{\"@type\":\"ListItem\",\"position\":4,\"name\":\"Barons de Rothschild Triptyque 2018 Bottle with case\"}]},{\"@type\":\"WebSite\",\"@id\":\"https:\/\/www.champmarket.com\/#website\",\"url\":\"https:\/\/www.champmarket.com\/\",\"name\":\"Champmarket\",\"description\":\"Champagne Only ! Champmarket offers a very wide range of exceptional champagnes, the greatest brands, rare vintages, limited editions, old vintages and champagne gift ideas for any occasion.\",\"publisher\":{\"@id\":\"https:\/\/www.champmarket.com\/#organization\"},\"potentialAction\":[{\"@type\":\"SearchAction\",\"target\":{\"@type\":\"EntryPoint\",\"urlTemplate\":\"https:\/\/www.champmarket.com\/?s={search_term_string}\"},\"query-input\":{\"@type\":\"PropertyValueSpecification\",\"valueRequired\":true,\"valueName\":\"search_term_string\"}}],\"inLanguage\":\"en-US\"},{\"@type\":\"Organization\",\"@id\":\"https:\/\/www.champmarket.com\/#organization\",\"name\":\"Champmarket\",\"url\":\"https:\/\/www.champmarket.com\/\",\"logo\":{\"@type\":\"ImageObject\",\"inLanguage\":\"en-US\",\"@id\":\"https:\/\/www.champmarket.com\/#\/schema\/logo\/image\/\",\"url\":\"https:\/\/www.champmarket.com\/wp-content\/uploads\/2024\/08\/logo2024-1.svg\",\"contentUrl\":\"https:\/\/www.champmarket.com\/wp-content\/uploads\/2024\/08\/logo2024-1.svg\",\"width\":579.8,\"height\":80,\"caption\":\"Champmarket\"},\"image\":{\"@id\":\"https:\/\/www.champmarket.com\/#\/schema\/logo\/image\/\"},\"sameAs\":[\"https:\/\/www.facebook.com\/ChampMarket\/\",\"https:\/\/x.com\/champmarket\",\"https:\/\/www.instagram.com\/champmarket.paris\/\",\"https:\/\/www.pinterest.fr\/champmarketparis\/\",\"https:\/\/www.linkedin.com\/company\/champmarket\/\"]}]}<\/script>\n<!-- \/ Yoast SEO plugin. -->","yoast_head_json":{"title":"Barons de Rothschild Triptyque 2018 Bottle with case - Champmarket","description":"Barons de Rothschild Triptyque 2018 with case is a bold approach to Vintage champagne, the link between terroir and precision oenology","robots":{"index":"index","follow":"follow","max-snippet":"max-snippet:-1","max-image-preview":"max-image-preview:large","max-video-preview":"max-video-preview:-1"},"canonical":"https:\/\/www.champmarket.com\/en\/champagne\/barons-de-rothschild-triptyque-2018-with-case\/","og_locale":"en_US","og_type":"article","og_title":"Barons de Rothschild Triptyque 2018 Bottle with case - Champmarket","og_description":"Barons de Rothschild Triptyque 2018 with case is a bold approach to Vintage champagne, the link between terroir and precision oenology","og_url":"https:\/\/www.champmarket.com\/en\/champagne\/barons-de-rothschild-triptyque-2018-with-case\/","og_site_name":"Champmarket","article_publisher":"https:\/\/www.facebook.com\/ChampMarket\/","article_modified_time":"2025-05-22T09:50:34+00:00","og_image":[{"width":1200,"height":1200,"url":"https:\/\/www.champmarket.com\/wp-content\/uploads\/2025\/02\/barons-de-rothschild-triptyque-2018-bouteille-etui.webp","type":"image\/webp"}],"twitter_card":"summary_large_image","twitter_site":"@champmarket","twitter_misc":{"Est. reading time":"1 minute"},"schema":{"@context":"https:\/\/schema.org","@graph":[{"@type":"WebPage","@id":"https:\/\/www.champmarket.com\/en\/champagne\/barons-de-rothschild-triptyque-2018-with-case\/","url":"https:\/\/www.champmarket.com\/en\/champagne\/barons-de-rothschild-triptyque-2018-with-case\/","name":"Barons de Rothschild Triptyque 2018 Bottle with case - Champmarket","isPartOf":{"@id":"https:\/\/www.champmarket.com\/#website"},"primaryImageOfPage":{"@id":"https:\/\/www.champmarket.com\/en\/champagne\/barons-de-rothschild-triptyque-2018-with-case\/#primaryimage"},"image":{"@id":"https:\/\/www.champmarket.com\/en\/champagne\/barons-de-rothschild-triptyque-2018-with-case\/#primaryimage"},"thumbnailUrl":"https:\/\/www.champmarket.com\/wp-content\/uploads\/2025\/02\/barons-de-rothschild-triptyque-2018-bouteille-etui.webp","datePublished":"2025-02-11T16:42:32+00:00","dateModified":"2025-05-22T09:50:34+00:00","description":"Barons de Rothschild Triptyque 2018 with case is a bold approach to Vintage champagne, the link between terroir and precision oenology","breadcrumb":{"@id":"https:\/\/www.champmarket.com\/en\/champagne\/barons-de-rothschild-triptyque-2018-with-case\/#breadcrumb"},"inLanguage":"en-US","potentialAction":[{"@type":"ReadAction","target":["https:\/\/www.champmarket.com\/en\/champagne\/barons-de-rothschild-triptyque-2018-with-case\/"]}]},{"@type":"ImageObject","inLanguage":"en-US","@id":"https:\/\/www.champmarket.com\/en\/champagne\/barons-de-rothschild-triptyque-2018-with-case\/#primaryimage","url":"https:\/\/www.champmarket.com\/wp-content\/uploads\/2025\/02\/barons-de-rothschild-triptyque-2018-bouteille-etui.webp","contentUrl":"https:\/\/www.champmarket.com\/wp-content\/uploads\/2025\/02\/barons-de-rothschild-triptyque-2018-bouteille-etui.webp","width":1200,"height":1200,"caption":"Champagne Barons de Rothschild Triptyque 2018 - Champmarket"},{"@type":"BreadcrumbList","@id":"https:\/\/www.champmarket.com\/en\/champagne\/barons-de-rothschild-triptyque-2018-with-case\/#breadcrumb","itemListElement":[{"@type":"ListItem","position":1,"name":"Home","item":"https:\/\/www.champmarket.com\/en\/buy-champagne-online-champmarket\/"},{"@type":"ListItem","position":2,"name":"Shop","item":"https:\/\/www.champmarket.com\/en\/shop-2\/"},{"@type":"ListItem","position":3,"name":"Barons de Rothschild","item":"https:\/\/www.champmarket.com\/en\/maisons\/selection-champagne-barons-de-rothschild-en\/"},{"@type":"ListItem","position":4,"name":"Barons de Rothschild Triptyque 2018 Bottle with case"}]},{"@type":"WebSite","@id":"https:\/\/www.champmarket.com\/#website","url":"https:\/\/www.champmarket.com\/","name":"Champmarket","description":"Champagne Only ! Champmarket offers a very wide range of exceptional champagnes, the greatest brands, rare vintages, limited editions, old vintages and champagne gift ideas for any occasion.","publisher":{"@id":"https:\/\/www.champmarket.com\/#organization"},"potentialAction":[{"@type":"SearchAction","target":{"@type":"EntryPoint","urlTemplate":"https:\/\/www.champmarket.com\/?s={search_term_string}"},"query-input":{"@type":"PropertyValueSpecification","valueRequired":true,"valueName":"search_term_string"}}],"inLanguage":"en-US"},{"@type":"Organization","@id":"https:\/\/www.champmarket.com\/#organization","name":"Champmarket","url":"https:\/\/www.champmarket.com\/","logo":{"@type":"ImageObject","inLanguage":"en-US","@id":"https:\/\/www.champmarket.com\/#\/schema\/logo\/image\/","url":"https:\/\/www.champmarket.com\/wp-content\/uploads\/2024\/08\/logo2024-1.svg","contentUrl":"https:\/\/www.champmarket.com\/wp-content\/uploads\/2024\/08\/logo2024-1.svg","width":579.8,"height":80,"caption":"Champmarket"},"image":{"@id":"https:\/\/www.champmarket.com\/#\/schema\/logo\/image\/"},"sameAs":["https:\/\/www.facebook.com\/ChampMarket\/","https:\/\/x.com\/champmarket","https:\/\/www.instagram.com\/champmarket.paris\/","https:\/\/www.pinterest.fr\/champmarketparis\/","https:\/\/www.linkedin.com\/company\/champmarket\/"]}]}},"_links":{"self":[{"href":"https:\/\/www.champmarket.com\/en\/wp-json\/wp\/v2\/product\/77097","targetHints":{"allow":["GET"]}}],"collection":[{"href":"https:\/\/www.champmarket.com\/en\/wp-json\/wp\/v2\/product"}],"about":[{"href":"https:\/\/www.champmarket.com\/en\/wp-json\/wp\/v2\/types\/product"}],"version-history":[{"count":3,"href":"https:\/\/www.champmarket.com\/en\/wp-json\/wp\/v2\/product\/77097\/revisions"}],"predecessor-version":[{"id":79517,"href":"https:\/\/www.champmarket.com\/en\/wp-json\/wp\/v2\/product\/77097\/revisions\/79517"}],"wp:featuredmedia":[{"embeddable":true,"href":"https:\/\/www.champmarket.com\/en\/wp-json\/wp\/v2\/media\/77116"}],"wp:attachment":[{"href":"https:\/\/www.champmarket.com\/en\/wp-json\/wp\/v2\/media?parent=77097"}],"wp:term":[{"taxonomy":"product_brand","embeddable":true,"href":"https:\/\/www.champmarket.com\/en\/wp-json\/wp\/v2\/product_brand?post=77097"},{"taxonomy":"product_cat","embeddable":true,"href":"https:\/\/www.champmarket.com\/en\/wp-json\/wp\/v2\/product_cat?post=77097"},{"taxonomy":"product_tag","embeddable":true,"href":"https:\/\/www.champmarket.com\/en\/wp-json\/wp\/v2\/product_tag?post=77097"}],"curies":[{"name":"wp","href":"https:\/\/api.w.org\/{rel}","templated":true}]}}