{"id":77309,"date":"2025-03-07T15:50:19","date_gmt":"2025-03-07T14:50:19","guid":{"rendered":"https:\/\/www.champmarket.com\/?post_type=product&#038;p=77309"},"modified":"2025-05-12T16:56:58","modified_gmt":"2025-05-12T14:56:58","slug":"moet-chandon-brut-imperial-bottle-x-pharrell-williams","status":"publish","type":"product","link":"https:\/\/www.champmarket.com\/en\/champagne\/moet-chandon-brut-imperial-bottle-x-pharrell-williams\/","title":{"rendered":"Mo\u00ebt &amp; Chandon Brut Imperial Bottle Pharrell Williams"},"content":{"rendered":"<p>Mo\u00ebt &amp; Chandon Brut Imp\u00e9rial is distinguished by its golden color, bright fruitiness and savory palate, with notes of pear and white peach, complemented by floral nuances, brioche and fresh walnut.<\/p>\n","protected":false},"excerpt":{"rendered":"<p>Mo\u00ebt &amp; Chandon is unveiling a new limited edition of its emblematic cuv\u00e9e, created by artist and designer Pharrell Williams. Since 1743, Mo\u00ebt &amp; Chandon has been creating wines and products of excellence. In keeping with this tradition, the Champagne House is collaborating with the famous American designer to reflect both its history and the promotion of French craftsmanship. Mo\u00ebt &amp; Chandon and Pharrell Williams delved into the House&#8217;s archives to discover that in 1892, what is now the famous bow on the bottle was originally a ribbon. A true symbol for the House, this knot, now a knotted tie, becomes the key element of this new Mo\u00ebt &amp; Chandon Brut Imp\u00e9rial x Pharrell Williams Limited Edition. The case and the neck of the bottle are dressed in different colours (gold, blue and red). The brand&#8217;s emblematic typography has been replaced by white lettering dotted with pearl-like dots. The red royal seal on the bottle is transformed into a pearled monogram. Supplied in a case of 6 bottles containing: 2 blue versions, 2 red versions and 2 gold versions.<\/p>\n","protected":false},"featured_media":77326,"template":"","meta":{"_acf_changed":false},"product_brand":[],"product_cat":[3447,3409,3322,3320,1713,1735,1695,2772,1680,1748,1749],"product_tag":[1683,1682,1763,1684,1756],"class_list":{"0":"post-77309","1":"product","2":"type-product","3":"status-publish","4":"has-post-thumbnail","6":"maisons-selection-champagne-moet-chandon-en","7":"product_cat-for-your-corporate-events-cocktail-parties-and-private-functions","8":"product_cat-spring-champagnes","9":"product_cat-best-champagnes","10":"product_cat-all-champagnes-and-exclusive-boxes","11":"product_cat-categorie-maisons-de-champagne-en","12":"product_cat-categorie-moet-et-chandon-en","13":"product_cat-bouteilles-en","14":"product_cat-all-champagnes","15":"product_cat-champagne-brut-en","16":"product_cat-aperitif-en","17":"product_cat-cocktail-en","18":"product_tag-cocktail-event-en","19":"product_tag-pour-offrir-en","20":"product_tag-edition-limitee-en","21":"product_tag-aperitif-en","22":"product_tag-incontournable-en","24":"first","25":"instock","26":"taxable","27":"shipping-taxable","28":"purchasable","29":"product-type-simple"},"acf":[],"yoast_head":"<!-- This site is optimized with the Yoast SEO plugin v26.4 - https:\/\/yoast.com\/wordpress\/plugins\/seo\/ -->\n<title>Mo\u00ebt &amp; Chandon Brut Imperial Bottle Pharrell Williams - Champmarket<\/title>\n<meta name=\"description\" content=\"Mo\u00ebt &amp; Chandon unveils a new limited edition of its emblematic cuv\u00e9e, designed by American artist and designer Pharrell Williams\" \/>\n<meta name=\"robots\" content=\"index, follow, max-snippet:-1, max-image-preview:large, max-video-preview:-1\" \/>\n<link rel=\"canonical\" href=\"https:\/\/www.champmarket.com\/en\/champagne\/moet-chandon-brut-imperial-bottle-x-pharrell-williams\/\" \/>\n<meta property=\"og:locale\" content=\"en_US\" \/>\n<meta property=\"og:type\" content=\"article\" \/>\n<meta property=\"og:title\" content=\"Mo\u00ebt &amp; Chandon Brut Imperial Bottle Pharrell Williams - Champmarket\" \/>\n<meta property=\"og:description\" content=\"Mo\u00ebt &amp; Chandon unveils a new limited edition of its emblematic cuv\u00e9e, designed by American artist and designer Pharrell Williams\" \/>\n<meta property=\"og:url\" content=\"https:\/\/www.champmarket.com\/en\/champagne\/moet-chandon-brut-imperial-bottle-x-pharrell-williams\/\" \/>\n<meta property=\"og:site_name\" content=\"Champmarket\" \/>\n<meta property=\"article:publisher\" content=\"https:\/\/www.facebook.com\/ChampMarket\/\" \/>\n<meta property=\"article:modified_time\" content=\"2025-05-12T14:56:58+00:00\" \/>\n<meta property=\"og:image\" content=\"https:\/\/www.champmarket.com\/wp-content\/uploads\/2025\/03\/moet-et-chandon-x-pharrell-williams-edition-limitee-brut-imperial-bouteille-blue.webp\" \/>\n\t<meta property=\"og:image:width\" content=\"1200\" \/>\n\t<meta property=\"og:image:height\" content=\"1200\" \/>\n\t<meta property=\"og:image:type\" content=\"image\/webp\" \/>\n<meta name=\"twitter:card\" content=\"summary_large_image\" \/>\n<meta name=\"twitter:site\" content=\"@champmarket\" \/>\n<meta name=\"twitter:label1\" content=\"Est. reading time\" \/>\n\t<meta name=\"twitter:data1\" content=\"1 minute\" \/>\n<script type=\"application\/ld+json\" class=\"yoast-schema-graph\">{\"@context\":\"https:\/\/schema.org\",\"@graph\":[{\"@type\":\"WebPage\",\"@id\":\"https:\/\/www.champmarket.com\/en\/champagne\/moet-chandon-brut-imperial-bottle-x-pharrell-williams\/\",\"url\":\"https:\/\/www.champmarket.com\/en\/champagne\/moet-chandon-brut-imperial-bottle-x-pharrell-williams\/\",\"name\":\"Mo\u00ebt &amp; Chandon Brut Imperial Bottle Pharrell Williams - Champmarket\",\"isPartOf\":{\"@id\":\"https:\/\/www.champmarket.com\/#website\"},\"primaryImageOfPage\":{\"@id\":\"https:\/\/www.champmarket.com\/en\/champagne\/moet-chandon-brut-imperial-bottle-x-pharrell-williams\/#primaryimage\"},\"image\":{\"@id\":\"https:\/\/www.champmarket.com\/en\/champagne\/moet-chandon-brut-imperial-bottle-x-pharrell-williams\/#primaryimage\"},\"thumbnailUrl\":\"https:\/\/www.champmarket.com\/wp-content\/uploads\/2025\/03\/moet-et-chandon-x-pharrell-williams-edition-limitee-brut-imperial-bouteille-blue.webp\",\"datePublished\":\"2025-03-07T14:50:19+00:00\",\"dateModified\":\"2025-05-12T14:56:58+00:00\",\"description\":\"Mo\u00ebt & Chandon unveils a new limited edition of its emblematic cuv\u00e9e, designed by American artist and designer Pharrell Williams\",\"breadcrumb\":{\"@id\":\"https:\/\/www.champmarket.com\/en\/champagne\/moet-chandon-brut-imperial-bottle-x-pharrell-williams\/#breadcrumb\"},\"inLanguage\":\"en-US\",\"potentialAction\":[{\"@type\":\"ReadAction\",\"target\":[\"https:\/\/www.champmarket.com\/en\/champagne\/moet-chandon-brut-imperial-bottle-x-pharrell-williams\/\"]}]},{\"@type\":\"ImageObject\",\"inLanguage\":\"en-US\",\"@id\":\"https:\/\/www.champmarket.com\/en\/champagne\/moet-chandon-brut-imperial-bottle-x-pharrell-williams\/#primaryimage\",\"url\":\"https:\/\/www.champmarket.com\/wp-content\/uploads\/2025\/03\/moet-et-chandon-x-pharrell-williams-edition-limitee-brut-imperial-bouteille-blue.webp\",\"contentUrl\":\"https:\/\/www.champmarket.com\/wp-content\/uploads\/2025\/03\/moet-et-chandon-x-pharrell-williams-edition-limitee-brut-imperial-bouteille-blue.webp\",\"width\":1200,\"height\":1200,\"caption\":\"Champagne Mo\u00ebt & Chandon x Pharrell Williams \u00c9dition Limit\u00e9e Brut Imp\u00e9rial Blue - Champmarket\"},{\"@type\":\"BreadcrumbList\",\"@id\":\"https:\/\/www.champmarket.com\/en\/champagne\/moet-chandon-brut-imperial-bottle-x-pharrell-williams\/#breadcrumb\",\"itemListElement\":[{\"@type\":\"ListItem\",\"position\":1,\"name\":\"Home\",\"item\":\"https:\/\/www.champmarket.com\/en\/buy-champagne-online-champmarket\/\"},{\"@type\":\"ListItem\",\"position\":2,\"name\":\"Shop\",\"item\":\"https:\/\/www.champmarket.com\/en\/shop-2\/\"},{\"@type\":\"ListItem\",\"position\":3,\"name\":\"Mo\u00ebt &amp; Chandon\",\"item\":\"https:\/\/www.champmarket.com\/en\/maisons\/selection-champagne-moet-chandon-en\/\"},{\"@type\":\"ListItem\",\"position\":4,\"name\":\"Mo\u00ebt &amp; Chandon Brut Imperial Bottle Pharrell Williams\"}]},{\"@type\":\"WebSite\",\"@id\":\"https:\/\/www.champmarket.com\/#website\",\"url\":\"https:\/\/www.champmarket.com\/\",\"name\":\"Champmarket\",\"description\":\"Champagne Only ! Champmarket offers a very wide range of exceptional champagnes, the greatest brands, rare vintages, limited editions, old vintages and champagne gift ideas for any occasion.\",\"publisher\":{\"@id\":\"https:\/\/www.champmarket.com\/#organization\"},\"potentialAction\":[{\"@type\":\"SearchAction\",\"target\":{\"@type\":\"EntryPoint\",\"urlTemplate\":\"https:\/\/www.champmarket.com\/?s={search_term_string}\"},\"query-input\":{\"@type\":\"PropertyValueSpecification\",\"valueRequired\":true,\"valueName\":\"search_term_string\"}}],\"inLanguage\":\"en-US\"},{\"@type\":\"Organization\",\"@id\":\"https:\/\/www.champmarket.com\/#organization\",\"name\":\"Champmarket\",\"url\":\"https:\/\/www.champmarket.com\/\",\"logo\":{\"@type\":\"ImageObject\",\"inLanguage\":\"en-US\",\"@id\":\"https:\/\/www.champmarket.com\/#\/schema\/logo\/image\/\",\"url\":\"https:\/\/www.champmarket.com\/wp-content\/uploads\/2024\/08\/logo2024-1.svg\",\"contentUrl\":\"https:\/\/www.champmarket.com\/wp-content\/uploads\/2024\/08\/logo2024-1.svg\",\"width\":579.8,\"height\":80,\"caption\":\"Champmarket\"},\"image\":{\"@id\":\"https:\/\/www.champmarket.com\/#\/schema\/logo\/image\/\"},\"sameAs\":[\"https:\/\/www.facebook.com\/ChampMarket\/\",\"https:\/\/x.com\/champmarket\",\"https:\/\/www.instagram.com\/champmarket.paris\/\",\"https:\/\/www.pinterest.fr\/champmarketparis\/\",\"https:\/\/www.linkedin.com\/company\/champmarket\/\"]}]}<\/script>\n<!-- \/ Yoast SEO plugin. -->","yoast_head_json":{"title":"Mo\u00ebt &amp; Chandon Brut Imperial Bottle Pharrell Williams - Champmarket","description":"Mo\u00ebt & Chandon unveils a new limited edition of its emblematic cuv\u00e9e, designed by American artist and designer Pharrell Williams","robots":{"index":"index","follow":"follow","max-snippet":"max-snippet:-1","max-image-preview":"max-image-preview:large","max-video-preview":"max-video-preview:-1"},"canonical":"https:\/\/www.champmarket.com\/en\/champagne\/moet-chandon-brut-imperial-bottle-x-pharrell-williams\/","og_locale":"en_US","og_type":"article","og_title":"Mo\u00ebt &amp; Chandon Brut Imperial Bottle Pharrell Williams - Champmarket","og_description":"Mo\u00ebt & Chandon unveils a new limited edition of its emblematic cuv\u00e9e, designed by American artist and designer Pharrell Williams","og_url":"https:\/\/www.champmarket.com\/en\/champagne\/moet-chandon-brut-imperial-bottle-x-pharrell-williams\/","og_site_name":"Champmarket","article_publisher":"https:\/\/www.facebook.com\/ChampMarket\/","article_modified_time":"2025-05-12T14:56:58+00:00","og_image":[{"width":1200,"height":1200,"url":"https:\/\/www.champmarket.com\/wp-content\/uploads\/2025\/03\/moet-et-chandon-x-pharrell-williams-edition-limitee-brut-imperial-bouteille-blue.webp","type":"image\/webp"}],"twitter_card":"summary_large_image","twitter_site":"@champmarket","twitter_misc":{"Est. reading time":"1 minute"},"schema":{"@context":"https:\/\/schema.org","@graph":[{"@type":"WebPage","@id":"https:\/\/www.champmarket.com\/en\/champagne\/moet-chandon-brut-imperial-bottle-x-pharrell-williams\/","url":"https:\/\/www.champmarket.com\/en\/champagne\/moet-chandon-brut-imperial-bottle-x-pharrell-williams\/","name":"Mo\u00ebt &amp; Chandon Brut Imperial Bottle Pharrell Williams - Champmarket","isPartOf":{"@id":"https:\/\/www.champmarket.com\/#website"},"primaryImageOfPage":{"@id":"https:\/\/www.champmarket.com\/en\/champagne\/moet-chandon-brut-imperial-bottle-x-pharrell-williams\/#primaryimage"},"image":{"@id":"https:\/\/www.champmarket.com\/en\/champagne\/moet-chandon-brut-imperial-bottle-x-pharrell-williams\/#primaryimage"},"thumbnailUrl":"https:\/\/www.champmarket.com\/wp-content\/uploads\/2025\/03\/moet-et-chandon-x-pharrell-williams-edition-limitee-brut-imperial-bouteille-blue.webp","datePublished":"2025-03-07T14:50:19+00:00","dateModified":"2025-05-12T14:56:58+00:00","description":"Mo\u00ebt & Chandon unveils a new limited edition of its emblematic cuv\u00e9e, designed by American artist and designer Pharrell Williams","breadcrumb":{"@id":"https:\/\/www.champmarket.com\/en\/champagne\/moet-chandon-brut-imperial-bottle-x-pharrell-williams\/#breadcrumb"},"inLanguage":"en-US","potentialAction":[{"@type":"ReadAction","target":["https:\/\/www.champmarket.com\/en\/champagne\/moet-chandon-brut-imperial-bottle-x-pharrell-williams\/"]}]},{"@type":"ImageObject","inLanguage":"en-US","@id":"https:\/\/www.champmarket.com\/en\/champagne\/moet-chandon-brut-imperial-bottle-x-pharrell-williams\/#primaryimage","url":"https:\/\/www.champmarket.com\/wp-content\/uploads\/2025\/03\/moet-et-chandon-x-pharrell-williams-edition-limitee-brut-imperial-bouteille-blue.webp","contentUrl":"https:\/\/www.champmarket.com\/wp-content\/uploads\/2025\/03\/moet-et-chandon-x-pharrell-williams-edition-limitee-brut-imperial-bouteille-blue.webp","width":1200,"height":1200,"caption":"Champagne Mo\u00ebt & Chandon x Pharrell Williams \u00c9dition Limit\u00e9e Brut Imp\u00e9rial Blue - Champmarket"},{"@type":"BreadcrumbList","@id":"https:\/\/www.champmarket.com\/en\/champagne\/moet-chandon-brut-imperial-bottle-x-pharrell-williams\/#breadcrumb","itemListElement":[{"@type":"ListItem","position":1,"name":"Home","item":"https:\/\/www.champmarket.com\/en\/buy-champagne-online-champmarket\/"},{"@type":"ListItem","position":2,"name":"Shop","item":"https:\/\/www.champmarket.com\/en\/shop-2\/"},{"@type":"ListItem","position":3,"name":"Mo\u00ebt &amp; Chandon","item":"https:\/\/www.champmarket.com\/en\/maisons\/selection-champagne-moet-chandon-en\/"},{"@type":"ListItem","position":4,"name":"Mo\u00ebt &amp; Chandon Brut Imperial Bottle Pharrell Williams"}]},{"@type":"WebSite","@id":"https:\/\/www.champmarket.com\/#website","url":"https:\/\/www.champmarket.com\/","name":"Champmarket","description":"Champagne Only ! Champmarket offers a very wide range of exceptional champagnes, the greatest brands, rare vintages, limited editions, old vintages and champagne gift ideas for any occasion.","publisher":{"@id":"https:\/\/www.champmarket.com\/#organization"},"potentialAction":[{"@type":"SearchAction","target":{"@type":"EntryPoint","urlTemplate":"https:\/\/www.champmarket.com\/?s={search_term_string}"},"query-input":{"@type":"PropertyValueSpecification","valueRequired":true,"valueName":"search_term_string"}}],"inLanguage":"en-US"},{"@type":"Organization","@id":"https:\/\/www.champmarket.com\/#organization","name":"Champmarket","url":"https:\/\/www.champmarket.com\/","logo":{"@type":"ImageObject","inLanguage":"en-US","@id":"https:\/\/www.champmarket.com\/#\/schema\/logo\/image\/","url":"https:\/\/www.champmarket.com\/wp-content\/uploads\/2024\/08\/logo2024-1.svg","contentUrl":"https:\/\/www.champmarket.com\/wp-content\/uploads\/2024\/08\/logo2024-1.svg","width":579.8,"height":80,"caption":"Champmarket"},"image":{"@id":"https:\/\/www.champmarket.com\/#\/schema\/logo\/image\/"},"sameAs":["https:\/\/www.facebook.com\/ChampMarket\/","https:\/\/x.com\/champmarket","https:\/\/www.instagram.com\/champmarket.paris\/","https:\/\/www.pinterest.fr\/champmarketparis\/","https:\/\/www.linkedin.com\/company\/champmarket\/"]}]}},"_links":{"self":[{"href":"https:\/\/www.champmarket.com\/en\/wp-json\/wp\/v2\/product\/77309","targetHints":{"allow":["GET"]}}],"collection":[{"href":"https:\/\/www.champmarket.com\/en\/wp-json\/wp\/v2\/product"}],"about":[{"href":"https:\/\/www.champmarket.com\/en\/wp-json\/wp\/v2\/types\/product"}],"version-history":[{"count":3,"href":"https:\/\/www.champmarket.com\/en\/wp-json\/wp\/v2\/product\/77309\/revisions"}],"predecessor-version":[{"id":78875,"href":"https:\/\/www.champmarket.com\/en\/wp-json\/wp\/v2\/product\/77309\/revisions\/78875"}],"wp:featuredmedia":[{"embeddable":true,"href":"https:\/\/www.champmarket.com\/en\/wp-json\/wp\/v2\/media\/77326"}],"wp:attachment":[{"href":"https:\/\/www.champmarket.com\/en\/wp-json\/wp\/v2\/media?parent=77309"}],"wp:term":[{"taxonomy":"product_brand","embeddable":true,"href":"https:\/\/www.champmarket.com\/en\/wp-json\/wp\/v2\/product_brand?post=77309"},{"taxonomy":"product_cat","embeddable":true,"href":"https:\/\/www.champmarket.com\/en\/wp-json\/wp\/v2\/product_cat?post=77309"},{"taxonomy":"product_tag","embeddable":true,"href":"https:\/\/www.champmarket.com\/en\/wp-json\/wp\/v2\/product_tag?post=77309"}],"curies":[{"name":"wp","href":"https:\/\/api.w.org\/{rel}","templated":true}]}}