{"id":78495,"date":"2025-05-02T14:37:36","date_gmt":"2025-05-02T12:37:36","guid":{"rendered":"https:\/\/www.champmarket.com\/?post_type=product&#038;p=78495"},"modified":"2025-05-12T09:59:04","modified_gmt":"2025-05-12T07:59:04","slug":"alexandre-bonnet-blanc-de-blancs-bottle-copie-copie-copie","status":"publish","type":"product","link":"https:\/\/www.champmarket.com\/en\/champagne\/alexandre-bonnet-blanc-de-blancs-bottle-copie-copie-copie\/","title":{"rendered":"Saint-Sauveur Ros\u00e9 Premier Cru Bottle"},"content":{"rendered":"<p>Cuv\u00e9e Saint-Sauveur Ros\u00e9 Premier Cru is the ideal wine to enjoy with an aperitif or a meal.<\/p>\n","protected":false},"excerpt":{"rendered":"<p>Saint-Sauveur Ros\u00e9 Premier Cru is an elegant champagne resulting from two very fine harvests for both Chardonnays and Pinots Noirs. Its pale pink color and delicate effervescence will appeal to purists of ros\u00e9 blends. Its well-balanced nose, with notes of red fruits ranging from wild strawberry to morello cherry, makes it a surprisingly light, gastronomic champagne.  <\/p>\n","protected":false},"featured_media":78546,"template":"","meta":{"_acf_changed":false},"product_brand":[],"product_cat":[3409,3320,1713,3560,1695,2772,1696,1748,1697],"product_tag":[1700,1684],"class_list":{"0":"post-78495","1":"product","2":"type-product","3":"status-publish","4":"has-post-thumbnail","6":"maisons-selection-champagne-saint-sauveur-en","7":"product_cat-spring-champagnes","8":"product_cat-all-champagnes-and-exclusive-boxes","9":"product_cat-categorie-maisons-de-champagne-en","10":"product_cat-saint-sauveur","11":"product_cat-bouteilles-en","12":"product_cat-all-champagnes","13":"product_cat-champagne-rose-en","14":"product_cat-aperitif-en","15":"product_cat-repas-en","16":"product_tag-la-vie-en-rose-en","17":"product_tag-aperitif-en","19":"first","20":"instock","21":"taxable","22":"shipping-taxable","23":"purchasable","24":"product-type-simple"},"acf":[],"yoast_head":"<!-- This site is optimized with the Yoast SEO plugin v26.4 - https:\/\/yoast.com\/wordpress\/plugins\/seo\/ -->\n<title>Saint-Sauveur Ros\u00e9 Premier Cru Bottle - Champmarket<\/title>\n<meta name=\"description\" content=\"Saint-Sauveur Ros\u00e9 Premier Cru is an elegant champagne resulting from two very fine harvests. Its pale pink color and delicate effervescence...\" \/>\n<meta name=\"robots\" content=\"index, follow, max-snippet:-1, max-image-preview:large, max-video-preview:-1\" \/>\n<link rel=\"canonical\" href=\"https:\/\/www.champmarket.com\/en\/champagne\/alexandre-bonnet-blanc-de-blancs-bottle-copie-copie-copie\/\" \/>\n<meta property=\"og:locale\" content=\"en_US\" \/>\n<meta property=\"og:type\" content=\"article\" \/>\n<meta property=\"og:title\" content=\"Saint-Sauveur Ros\u00e9 Premier Cru Bottle - Champmarket\" \/>\n<meta property=\"og:description\" content=\"Saint-Sauveur Ros\u00e9 Premier Cru is an elegant champagne resulting from two very fine harvests. Its pale pink color and delicate effervescence...\" \/>\n<meta property=\"og:url\" content=\"https:\/\/www.champmarket.com\/en\/champagne\/alexandre-bonnet-blanc-de-blancs-bottle-copie-copie-copie\/\" \/>\n<meta property=\"og:site_name\" content=\"Champmarket\" \/>\n<meta property=\"article:publisher\" content=\"https:\/\/www.facebook.com\/ChampMarket\/\" \/>\n<meta property=\"article:modified_time\" content=\"2025-05-12T07:59:04+00:00\" \/>\n<meta property=\"og:image\" content=\"https:\/\/www.champmarket.com\/wp-content\/uploads\/2025\/05\/saint-sauveur-rose-premier-cru-bouteille.webp\" \/>\n\t<meta property=\"og:image:width\" content=\"1200\" \/>\n\t<meta property=\"og:image:height\" content=\"1200\" \/>\n\t<meta property=\"og:image:type\" content=\"image\/webp\" \/>\n<meta name=\"twitter:card\" content=\"summary_large_image\" \/>\n<meta name=\"twitter:site\" content=\"@champmarket\" \/>\n<meta name=\"twitter:label1\" content=\"Est. reading time\" \/>\n\t<meta name=\"twitter:data1\" content=\"1 minute\" \/>\n<script type=\"application\/ld+json\" class=\"yoast-schema-graph\">{\"@context\":\"https:\/\/schema.org\",\"@graph\":[{\"@type\":\"WebPage\",\"@id\":\"https:\/\/www.champmarket.com\/en\/champagne\/alexandre-bonnet-blanc-de-blancs-bottle-copie-copie-copie\/\",\"url\":\"https:\/\/www.champmarket.com\/en\/champagne\/alexandre-bonnet-blanc-de-blancs-bottle-copie-copie-copie\/\",\"name\":\"Saint-Sauveur Ros\u00e9 Premier Cru Bottle - Champmarket\",\"isPartOf\":{\"@id\":\"https:\/\/www.champmarket.com\/#website\"},\"primaryImageOfPage\":{\"@id\":\"https:\/\/www.champmarket.com\/en\/champagne\/alexandre-bonnet-blanc-de-blancs-bottle-copie-copie-copie\/#primaryimage\"},\"image\":{\"@id\":\"https:\/\/www.champmarket.com\/en\/champagne\/alexandre-bonnet-blanc-de-blancs-bottle-copie-copie-copie\/#primaryimage\"},\"thumbnailUrl\":\"https:\/\/www.champmarket.com\/wp-content\/uploads\/2025\/05\/saint-sauveur-rose-premier-cru-bouteille.webp\",\"datePublished\":\"2025-05-02T12:37:36+00:00\",\"dateModified\":\"2025-05-12T07:59:04+00:00\",\"description\":\"Saint-Sauveur Ros\u00e9 Premier Cru is an elegant champagne resulting from two very fine harvests. Its pale pink color and delicate effervescence...\",\"breadcrumb\":{\"@id\":\"https:\/\/www.champmarket.com\/en\/champagne\/alexandre-bonnet-blanc-de-blancs-bottle-copie-copie-copie\/#breadcrumb\"},\"inLanguage\":\"en-US\",\"potentialAction\":[{\"@type\":\"ReadAction\",\"target\":[\"https:\/\/www.champmarket.com\/en\/champagne\/alexandre-bonnet-blanc-de-blancs-bottle-copie-copie-copie\/\"]}]},{\"@type\":\"ImageObject\",\"inLanguage\":\"en-US\",\"@id\":\"https:\/\/www.champmarket.com\/en\/champagne\/alexandre-bonnet-blanc-de-blancs-bottle-copie-copie-copie\/#primaryimage\",\"url\":\"https:\/\/www.champmarket.com\/wp-content\/uploads\/2025\/05\/saint-sauveur-rose-premier-cru-bouteille.webp\",\"contentUrl\":\"https:\/\/www.champmarket.com\/wp-content\/uploads\/2025\/05\/saint-sauveur-rose-premier-cru-bouteille.webp\",\"width\":1200,\"height\":1200,\"caption\":\"Champagne Saint-Sauveur Ros\u00e9 Premier Cru - Champmarket\"},{\"@type\":\"BreadcrumbList\",\"@id\":\"https:\/\/www.champmarket.com\/en\/champagne\/alexandre-bonnet-blanc-de-blancs-bottle-copie-copie-copie\/#breadcrumb\",\"itemListElement\":[{\"@type\":\"ListItem\",\"position\":1,\"name\":\"Home\",\"item\":\"https:\/\/www.champmarket.com\/en\/buy-champagne-online-champmarket\/\"},{\"@type\":\"ListItem\",\"position\":2,\"name\":\"Shop\",\"item\":\"https:\/\/www.champmarket.com\/en\/shop-2\/\"},{\"@type\":\"ListItem\",\"position\":3,\"name\":\"Saint-Sauveur\",\"item\":\"https:\/\/www.champmarket.com\/en\/maisons\/selection-champagne-saint-sauveur-en\/\"},{\"@type\":\"ListItem\",\"position\":4,\"name\":\"Saint-Sauveur Ros\u00e9 Premier Cru Bottle\"}]},{\"@type\":\"WebSite\",\"@id\":\"https:\/\/www.champmarket.com\/#website\",\"url\":\"https:\/\/www.champmarket.com\/\",\"name\":\"Champmarket\",\"description\":\"Champagne Only ! Champmarket offers a very wide range of exceptional champagnes, the greatest brands, rare vintages, limited editions, old vintages and champagne gift ideas for any occasion.\",\"publisher\":{\"@id\":\"https:\/\/www.champmarket.com\/#organization\"},\"potentialAction\":[{\"@type\":\"SearchAction\",\"target\":{\"@type\":\"EntryPoint\",\"urlTemplate\":\"https:\/\/www.champmarket.com\/?s={search_term_string}\"},\"query-input\":{\"@type\":\"PropertyValueSpecification\",\"valueRequired\":true,\"valueName\":\"search_term_string\"}}],\"inLanguage\":\"en-US\"},{\"@type\":\"Organization\",\"@id\":\"https:\/\/www.champmarket.com\/#organization\",\"name\":\"Champmarket\",\"url\":\"https:\/\/www.champmarket.com\/\",\"logo\":{\"@type\":\"ImageObject\",\"inLanguage\":\"en-US\",\"@id\":\"https:\/\/www.champmarket.com\/#\/schema\/logo\/image\/\",\"url\":\"https:\/\/www.champmarket.com\/wp-content\/uploads\/2024\/08\/logo2024-1.svg\",\"contentUrl\":\"https:\/\/www.champmarket.com\/wp-content\/uploads\/2024\/08\/logo2024-1.svg\",\"width\":579.8,\"height\":80,\"caption\":\"Champmarket\"},\"image\":{\"@id\":\"https:\/\/www.champmarket.com\/#\/schema\/logo\/image\/\"},\"sameAs\":[\"https:\/\/www.facebook.com\/ChampMarket\/\",\"https:\/\/x.com\/champmarket\",\"https:\/\/www.instagram.com\/champmarket.paris\/\",\"https:\/\/www.pinterest.fr\/champmarketparis\/\",\"https:\/\/www.linkedin.com\/company\/champmarket\/\"]}]}<\/script>\n<!-- \/ Yoast SEO plugin. -->","yoast_head_json":{"title":"Saint-Sauveur Ros\u00e9 Premier Cru Bottle - Champmarket","description":"Saint-Sauveur Ros\u00e9 Premier Cru is an elegant champagne resulting from two very fine harvests. Its pale pink color and delicate effervescence...","robots":{"index":"index","follow":"follow","max-snippet":"max-snippet:-1","max-image-preview":"max-image-preview:large","max-video-preview":"max-video-preview:-1"},"canonical":"https:\/\/www.champmarket.com\/en\/champagne\/alexandre-bonnet-blanc-de-blancs-bottle-copie-copie-copie\/","og_locale":"en_US","og_type":"article","og_title":"Saint-Sauveur Ros\u00e9 Premier Cru Bottle - Champmarket","og_description":"Saint-Sauveur Ros\u00e9 Premier Cru is an elegant champagne resulting from two very fine harvests. Its pale pink color and delicate effervescence...","og_url":"https:\/\/www.champmarket.com\/en\/champagne\/alexandre-bonnet-blanc-de-blancs-bottle-copie-copie-copie\/","og_site_name":"Champmarket","article_publisher":"https:\/\/www.facebook.com\/ChampMarket\/","article_modified_time":"2025-05-12T07:59:04+00:00","og_image":[{"width":1200,"height":1200,"url":"https:\/\/www.champmarket.com\/wp-content\/uploads\/2025\/05\/saint-sauveur-rose-premier-cru-bouteille.webp","type":"image\/webp"}],"twitter_card":"summary_large_image","twitter_site":"@champmarket","twitter_misc":{"Est. reading time":"1 minute"},"schema":{"@context":"https:\/\/schema.org","@graph":[{"@type":"WebPage","@id":"https:\/\/www.champmarket.com\/en\/champagne\/alexandre-bonnet-blanc-de-blancs-bottle-copie-copie-copie\/","url":"https:\/\/www.champmarket.com\/en\/champagne\/alexandre-bonnet-blanc-de-blancs-bottle-copie-copie-copie\/","name":"Saint-Sauveur Ros\u00e9 Premier Cru Bottle - Champmarket","isPartOf":{"@id":"https:\/\/www.champmarket.com\/#website"},"primaryImageOfPage":{"@id":"https:\/\/www.champmarket.com\/en\/champagne\/alexandre-bonnet-blanc-de-blancs-bottle-copie-copie-copie\/#primaryimage"},"image":{"@id":"https:\/\/www.champmarket.com\/en\/champagne\/alexandre-bonnet-blanc-de-blancs-bottle-copie-copie-copie\/#primaryimage"},"thumbnailUrl":"https:\/\/www.champmarket.com\/wp-content\/uploads\/2025\/05\/saint-sauveur-rose-premier-cru-bouteille.webp","datePublished":"2025-05-02T12:37:36+00:00","dateModified":"2025-05-12T07:59:04+00:00","description":"Saint-Sauveur Ros\u00e9 Premier Cru is an elegant champagne resulting from two very fine harvests. Its pale pink color and delicate effervescence...","breadcrumb":{"@id":"https:\/\/www.champmarket.com\/en\/champagne\/alexandre-bonnet-blanc-de-blancs-bottle-copie-copie-copie\/#breadcrumb"},"inLanguage":"en-US","potentialAction":[{"@type":"ReadAction","target":["https:\/\/www.champmarket.com\/en\/champagne\/alexandre-bonnet-blanc-de-blancs-bottle-copie-copie-copie\/"]}]},{"@type":"ImageObject","inLanguage":"en-US","@id":"https:\/\/www.champmarket.com\/en\/champagne\/alexandre-bonnet-blanc-de-blancs-bottle-copie-copie-copie\/#primaryimage","url":"https:\/\/www.champmarket.com\/wp-content\/uploads\/2025\/05\/saint-sauveur-rose-premier-cru-bouteille.webp","contentUrl":"https:\/\/www.champmarket.com\/wp-content\/uploads\/2025\/05\/saint-sauveur-rose-premier-cru-bouteille.webp","width":1200,"height":1200,"caption":"Champagne Saint-Sauveur Ros\u00e9 Premier Cru - Champmarket"},{"@type":"BreadcrumbList","@id":"https:\/\/www.champmarket.com\/en\/champagne\/alexandre-bonnet-blanc-de-blancs-bottle-copie-copie-copie\/#breadcrumb","itemListElement":[{"@type":"ListItem","position":1,"name":"Home","item":"https:\/\/www.champmarket.com\/en\/buy-champagne-online-champmarket\/"},{"@type":"ListItem","position":2,"name":"Shop","item":"https:\/\/www.champmarket.com\/en\/shop-2\/"},{"@type":"ListItem","position":3,"name":"Saint-Sauveur","item":"https:\/\/www.champmarket.com\/en\/maisons\/selection-champagne-saint-sauveur-en\/"},{"@type":"ListItem","position":4,"name":"Saint-Sauveur Ros\u00e9 Premier Cru Bottle"}]},{"@type":"WebSite","@id":"https:\/\/www.champmarket.com\/#website","url":"https:\/\/www.champmarket.com\/","name":"Champmarket","description":"Champagne Only ! Champmarket offers a very wide range of exceptional champagnes, the greatest brands, rare vintages, limited editions, old vintages and champagne gift ideas for any occasion.","publisher":{"@id":"https:\/\/www.champmarket.com\/#organization"},"potentialAction":[{"@type":"SearchAction","target":{"@type":"EntryPoint","urlTemplate":"https:\/\/www.champmarket.com\/?s={search_term_string}"},"query-input":{"@type":"PropertyValueSpecification","valueRequired":true,"valueName":"search_term_string"}}],"inLanguage":"en-US"},{"@type":"Organization","@id":"https:\/\/www.champmarket.com\/#organization","name":"Champmarket","url":"https:\/\/www.champmarket.com\/","logo":{"@type":"ImageObject","inLanguage":"en-US","@id":"https:\/\/www.champmarket.com\/#\/schema\/logo\/image\/","url":"https:\/\/www.champmarket.com\/wp-content\/uploads\/2024\/08\/logo2024-1.svg","contentUrl":"https:\/\/www.champmarket.com\/wp-content\/uploads\/2024\/08\/logo2024-1.svg","width":579.8,"height":80,"caption":"Champmarket"},"image":{"@id":"https:\/\/www.champmarket.com\/#\/schema\/logo\/image\/"},"sameAs":["https:\/\/www.facebook.com\/ChampMarket\/","https:\/\/x.com\/champmarket","https:\/\/www.instagram.com\/champmarket.paris\/","https:\/\/www.pinterest.fr\/champmarketparis\/","https:\/\/www.linkedin.com\/company\/champmarket\/"]}]}},"_links":{"self":[{"href":"https:\/\/www.champmarket.com\/en\/wp-json\/wp\/v2\/product\/78495","targetHints":{"allow":["GET"]}}],"collection":[{"href":"https:\/\/www.champmarket.com\/en\/wp-json\/wp\/v2\/product"}],"about":[{"href":"https:\/\/www.champmarket.com\/en\/wp-json\/wp\/v2\/types\/product"}],"version-history":[{"count":2,"href":"https:\/\/www.champmarket.com\/en\/wp-json\/wp\/v2\/product\/78495\/revisions"}],"predecessor-version":[{"id":78830,"href":"https:\/\/www.champmarket.com\/en\/wp-json\/wp\/v2\/product\/78495\/revisions\/78830"}],"wp:featuredmedia":[{"embeddable":true,"href":"https:\/\/www.champmarket.com\/en\/wp-json\/wp\/v2\/media\/78546"}],"wp:attachment":[{"href":"https:\/\/www.champmarket.com\/en\/wp-json\/wp\/v2\/media?parent=78495"}],"wp:term":[{"taxonomy":"product_brand","embeddable":true,"href":"https:\/\/www.champmarket.com\/en\/wp-json\/wp\/v2\/product_brand?post=78495"},{"taxonomy":"product_cat","embeddable":true,"href":"https:\/\/www.champmarket.com\/en\/wp-json\/wp\/v2\/product_cat?post=78495"},{"taxonomy":"product_tag","embeddable":true,"href":"https:\/\/www.champmarket.com\/en\/wp-json\/wp\/v2\/product_tag?post=78495"}],"curies":[{"name":"wp","href":"https:\/\/api.w.org\/{rel}","templated":true}]}}