{"id":43208,"date":"2022-11-25T15:40:38","date_gmt":"2022-11-25T14:40:38","guid":{"rendered":"https:\/\/www.champmarket.com\/?page_id=43208"},"modified":"2023-03-08T13:42:12","modified_gmt":"2023-03-08T12:42:12","slug":"charte-des-cookies","status":"publish","type":"page","link":"https:\/\/www.champmarket.com\/it\/charte-des-cookies\/","title":{"rendered":"Carta dei cookie"},"content":{"rendered":"\t\t<div data-elementor-type=\"wp-page\" data-elementor-id=\"43208\" class=\"elementor elementor-43208 elementor-21499\" data-elementor-post-type=\"page\">\n\t\t\t\t<div class=\"elementor-element elementor-element-41491609 e-flex e-con-boxed e-con e-parent\" data-id=\"41491609\" data-element_type=\"container\" data-settings=\"{&quot;background_background&quot;:&quot;classic&quot;}\">\n\t\t\t\t\t<div class=\"e-con-inner\">\n\t\t<div class=\"elementor-element elementor-element-700f0ee4 e-con-full e-flex e-con e-parent\" data-id=\"700f0ee4\" data-element_type=\"container\" data-settings=\"{&quot;background_background&quot;:&quot;classic&quot;}\">\n\t\t\t\t<div class=\"elementor-element elementor-element-4d2870b elementor-widget elementor-widget-heading\" data-id=\"4d2870b\" data-element_type=\"widget\" data-widget_type=\"heading.default\">\n\t\t\t\t<div class=\"elementor-widget-container\">\n\t\t\t\t\t<h1 class=\"elementor-heading-title elementor-size-default\">Carta dei cookie<\/h1>\t\t\t\t<\/div>\n\t\t\t\t<\/div>\n\t\t\t\t<\/div>\n\t\t\t\t\t<\/div>\n\t\t\t\t<\/div>\n\t\t<div class=\"elementor-element elementor-element-ef49d8b e-flex e-con-boxed e-con e-parent\" data-id=\"ef49d8b\" data-element_type=\"container\">\n\t\t\t\t\t<div class=\"e-con-inner\">\n\t\t<div class=\"elementor-element elementor-element-58900dd e-con-full e-flex e-con e-parent\" data-id=\"58900dd\" data-element_type=\"container\">\n\t\t\t\t<div class=\"elementor-element elementor-element-80a6946 elementor-widget elementor-widget-text-editor\" data-id=\"80a6946\" data-element_type=\"widget\" data-widget_type=\"text-editor.default\">\n\t\t\t\t<div class=\"elementor-widget-container\">\n\t\t\t\t\t\t\t\t\t<p><strong style=\"font-size: 1rem; font-family: Montserrat, sans-serif;\">Preambolo<\/strong><\/p>\n<p>La presente Carta di Gestione dei Cookies \u00e8 rivolta agli utenti (di seguito gli &#8220;UTENTI&#8221;) del sito <a href=\"https:\/\/champmarket-wordpress-ejt1d.artifakt.dev\/\" target=\"_blank\" rel=\"noreferrer noopener\">https:\/\/www.champmarket.com\/<\/a> (di seguito il &#8220;SITO&#8221;), ovvero a qualsiasi persona che acceda e navighi sul SITO come Cliente o come semplice utente di Internet.<\/p>\n<p><span style=\"font-size: 1rem;\">Navigando sul SITO, l&#8217;utente accetta che i cookie descritti di seguito possano essere installati sul suo terminale in conformit\u00e0 con la presente Politica di gestione dei cookie. Tuttavia, \u00e8 possibile ritirare il proprio consenso in qualsiasi momento e rifiutare il deposito di un determinato cookie.<\/span><\/p>\n<p><span style=\"font-size: 1rem;\"> <\/span><\/p>\n<p><strong style=\"font-family: Montserrat, sans-serif; font-size: 1rem;\">1. Chi raccoglie i miei dati?<\/strong><\/p>\n<p><span style=\"font-size: 1rem;\">Il responsabile del trattamento dei dati degli UTENTI raccolti tramite il SITO WEB \u00e8 AM&amp;Co, una Soci\u00e9t\u00e9 par Action Simplifi\u00e9e (societ\u00e0 per azioni semplificata) francese con un capitale di 42.855 euro, iscritta al Registro del Commercio e delle Imprese di Parigi con il numero 528 328 677, la cui sede legale si trova al 47 Boulevard de Courcelles 75008 Parigi &#8211; Francia, nella persona del suo rappresentante legale debitamente autorizzato a stipulare il presente contratto (di seguito denominata &#8220;AM&amp;Co (CHAMPMARKET)&#8221;, o &#8220;Noi&#8221;).<\/span><\/p>\n<p><span style=\"font-size: 1rem;\"> <\/span><\/p>\n<p><strong style=\"font-size: 1rem; font-family: Montserrat, sans-serif;\">2. Che cos&#8217;\u00e8 un cookie?<\/strong><\/p>\n<p><span style=\"font-size: 1rem;\">Un cookie \u00e8 un piccolo file di testo che viene memorizzato sul disco rigido del computer quando si visita un sito web. Registra alcune informazioni sulla navigazione o sul comportamento online dell&#8217;utente che ci permettono di migliorare e facilitare la sua esperienza come utente del web.<\/span><\/p>\n<p><span style=\"font-size: 1rem;\"> <\/span><\/p>\n<p><strong style=\"font-size: 1rem; font-family: Montserrat, sans-serif;\">3. A cosa servono i cookies?<\/strong><\/p>\n<p><span style=\"font-size: 1rem;\">I cookie utilizzati sul SITO servono a differenziarvi per migliorare la vostra navigazione e i servizi che vi offriamo. Distinguiamo due tipi di cookie: quelli inseriti da noi, noti come &#8220;cookie proprietari&#8221;, che sono essenziali o funzionali; e quelli inseriti da terzi, noti come &#8220;cookie di terze parti&#8221;, che sono legati all&#8217;analisi del pubblico, alla pubblicit\u00e0 o ai social network.<\/span><\/p>\n<p><span style=\"font-size: 1rem;\">In pratica, i cookie tecnici ci permettono di autenticarvi, di identificarvi, di velocizzare la vostra navigazione sul nostro SITO e l&#8217;accesso alle sue varie funzioni. Se necessario, possono registrare le vostre preferenze o misurare i vari usi del SITO.<\/span><\/p>\n<p><span style=\"font-size: 1rem;\">Altri cookie di misurazione dell&#8217;audience e tracciatori possono essere utilizzati per stabilire statistiche sull&#8217;audience del nostro SITO, al fine di migliorare e offrirvi un comfort sempre maggiore durante la visita del nostro SITO, e per proporvi pubblicit\u00e0 e offerte promozionali mirate in base alla vostra navigazione.<\/span><\/p>\n<p><span style=\"font-size: 1rem;\"> <\/span><\/p>\n<p><strong style=\"font-size: 1rem; font-family: Montserrat, sans-serif;\">4. I cookie del sito e il loro scopo<\/strong><\/p>\n<p><span style=\"font-size: 1rem;\">AM&amp;Co (CHAMPMARKET) si impegna alla trasparenza nel trattamento dei vostri dati. A questo proposito, e per garantire che la vostra informazione sia il pi\u00f9 chiara possibile, troverete qui di seguito i vari cookie utilizzati sul SITO e il loro scopo:<\/span><\/p>\n<p><span style=\"font-size: 1rem;\">4.1. Cookie proprietari<\/span><\/p>\n<p><span style=\"font-size: 1rem;\">4.1.a. I cookie funzionali e tecnici sono utilizzati principalmente per migliorare la vostra esperienza di navigazione sul SITO. Sono quelli che inviano informazioni al nostro SITO e al vostro browser: memorizzazione di informazioni relative a un modulo (identificatore, indirizzo), preferenze di visualizzazione del vostro terminale (lingua, risoluzione), misure di sicurezza come la scadenza della sessione, ecc.<\/span><\/p>\n<p><span style=\"font-size: 1rem;\">Si prega di notare che la navigazione sul SITO e\/o l&#8217;utilizzo di alcune funzionalit\u00e0 potrebbero essere alterati se si sceglie di disattivare questi cookie.<\/span><\/p>\n<p>4.1.b. I cookie tecnici per le statistiche e la misurazione dell&#8217;audience ci aiutano a capire meglio come viene utilizzato il SITO e a offrirvi servizi di qualit\u00e0:<\/p>\n<p><i>Google Analytics<\/i><br \/>Questi cookie sono utilizzati per misurare il traffico sul sito web di Champmarket. AM&amp;Co (CHAMPMARKET) informa che utilizza i servizi di Google Analytics per misurare l&#8217;audience del SITO. Potete rifiutarvi di far tracciare la vostra navigazione sul SITO tramite lo strumento Google Analytics scaricando e installando l&#8217;addon Google Analytics Opt-out Browser per il vostro attuale browser sul SITO accessibile al seguente indirizzo <u><br \/>\n  <a href=\"https:\/\/tools.google.com\/dlpage\/gaoptout?hl=fr.\" target=\"_blank\" rel=\"noreferrer noopener\">Clicca qui<\/a><br \/>\n  <a href=\"http:\/\/tools.google.com\/dlpage\/gaoptout?hl=fr.\" target=\"_blank\" rel=\"noreferrer noopener\">i<\/a><br \/>\n<\/u><\/p>\n<p><span style=\"font-size: 1rem;\">Durata di vita fino a 13 mesi: <\/span><a style=\"font-size: 1rem; background-color: #ffffff;\" href=\"https:\/\/developers.google.com\/analytics\/devguides\/collection\/analyticsjs\/cookie-usage\" target=\"_blank\" rel=\"noreferrer noopener\"><br \/>\n  <u>Clicca qui<\/u><br \/>\n<\/a><\/p>\n<p><span style=\"font-size: 1rem;\">4.2. Cookie di terze parti<\/span><\/p>\n<p><span style=\"font-size: 1rem;\">Quando visitate il SITO, \u00e8 possibile che le aziende partner installino dei cookie sul vostro terminale.<\/span><\/p>\n<p><span style=\"font-size: 1rem;\">L&#8217;utilizzo di questi cookie \u00e8 soggetto alle stesse restrizioni sulla protezione dei dati personali stabilite dalla legge &#8220;Informatique et Libert\u00e9s&#8221; n\u00b078-17 del 6 gennaio 1978 e successive modifiche e dal Regolamento UE n\u00b02016\/679 del 27 aprile 2016 (di seguito &#8220;RGPD&#8221;). Nelle impostazioni del browser \u00e8 possibile disabilitare questi cookie di terze parti da soli o insieme ai nostri. In particolare, ci sono :<\/span><\/p>\n<p><span style=\"font-size: 1rem;\">4.2.a. Cookie relativi alle operazioni pubblicitarie: questi cookie sono utilizzati dai fornitori di pubblicit\u00e0 sul SITO.<\/span><\/p>\n<p><span style=\"font-size: 1rem;\">Permettono di identificare i servizi consultati o acquistati e facilitano la personalizzazione dell&#8217;offerta pubblicitaria. I cookie contenuti nelle pubblicit\u00e0 stesse hanno lo scopo di fornire informazioni e statistiche sulla rilevanza della loro erogazione (numero di utenti che cliccano sulla pubblicit\u00e0, numero di volte che viene visualizzata, ecc.)<\/span><\/p>\n<p><span style=\"font-size: 1rem;\"><i>Facebook<\/i><\/span><\/p>\n<p>Ad server, Ad targeting, Analisi\/misurazione, Personalizzazione dei contenuti, Ottimizzazione<br \/>Politica dei partner : <a href=\"http:\/\/www.facebook.com\/about\/privacy\" target=\"_blank\" rel=\"noreferrer noopener\"><br \/>\n  <u>Clicca qui<\/u><br \/>\n<\/a><\/p>\n<p><span style=\"font-size: 1rem;\">4.2.b. Altri cookie di terze parti<\/span><\/p>\n<p><strong style=\"font-family: Montserrat, sans-serif; font-size: 1rem;\">5. Come gestire i cookie?<\/strong><\/p>\n<p><span style=\"font-size: 1rem;\">Sui vostri computer, smartphone e altri terminali di accesso a Internet, il software del browser accetta di default i cookie dai siti web.<\/span><\/p>\n<p><span style=\"font-size: 1rem;\">Tuttavia, l&#8217;utente ha il controllo dell&#8217;installazione di questi cookie perch\u00e9 pu\u00f2 configurare il proprio browser in modo da :<\/span><\/p>\n<ul>\n<li>Accettare o rifiutare i cookie del SITO;<\/li>\n<li>Rifiutare sistematicamente tutti i cookie;<\/li>\n<li>Chiedete il vostro consenso per ogni cookie che incontrate durante la navigazione in Internet.<\/li>\n<\/ul>\n<p><span style=\"font-size: 1rem;\">Per farlo, \u00e8 sufficiente fare riferimento al software del browser e seguire le sue istruzioni. Ad esempio:<\/span><\/p>\n<ul>\n<li>Con Internet Explorer\u2122: Menu Strumenti \u279b Opzioni Internet \u279b Scheda Privacy \u279b Scegliere il livello desiderato.<\/li>\n<\/ul>\n<ul>\n<li>Con Firefox\u2122: menu Strumenti \u279b Opzioni \u279b Scheda Privacy \u279b Scegliere le opzioni desiderate.<\/li>\n<\/ul>\n<ul>\n<li>Con Chrome\u2122: menu di configurazione (logo delle impostazioni) \u279b Impostazioni \u279b Impostazioni avanzate \u279b Impostazioni dei contenuti \u279b Scegliere le opzioni desiderate<\/li>\n<\/ul>\n<ul>\n<li>Con Safari\u2122: Safari (impostazioni del logo) \u279b Preferenze \u279b Sicurezza \u279b Mostra i cookie \u279b Scegliere le opzioni desiderate<\/li>\n<\/ul>\n<ul>\n<li>Con Opera\u2122: Menu Strumenti \u279b Preferenze \u279b Scheda Avanzate \u279b Sezione Cookie \u279b Gestisci cookie \u279b Scegliere le opzioni desiderate<\/li>\n<\/ul>\n<p><span style=\"font-size: 1rem;\">Come gi\u00e0 detto, scegliendo di bloccare i nostri cookie, vi informiamo che la navigazione del SITO e\/o l&#8217;utilizzo di alcune funzionalit\u00e0 potrebbero essere compromessi. In ogni caso, se l&#8217;utente sceglie di cancellare tutti i cookie, la sua esperienza d&#8217;uso sar\u00e0 significativamente compromessa e le sue preferenze di navigazione saranno cancellate.<\/span><\/p>\n<p><strong style=\"font-family: Montserrat, sans-serif; font-size: 1rem;\">6. Il vostro consenso<\/strong><\/p>\n<p><span style=\"font-size: 1rem;\">Navigando sul SITO, accettate che AM&amp;Co (CHAMPMARKET) installi i cosiddetti cookie &#8220;tecnici&#8221; che accedono, registrano e consultano le informazioni memorizzate nel vostro terminale:<\/span><\/p>\n<ul>\n<li>Il cui unico scopo \u00e8 quello di consentire o facilitare la comunicazione per via elettronica;<\/li>\n<li>Strettamente necessario per la fornitura del servizio di comunicazione online del SITO.<\/li>\n<\/ul>\n<p><span style=\"font-size: 1rem;\">Al momento della registrazione sul SITO, l&#8217;utente \u00e8 stato inoltre informato della presenza di cookie di tracciamento destinati in particolare a fornirgli offerte adeguate ai suoi centri di interesse e a realizzare statistiche sulle visite, nonch\u00e9 della possibilit\u00e0 di opporsi a tali cookie accedendo alla presente Carta di gestione dei cookie.<\/span><\/p>\n<p><span style=\"font-size: 1rem;\">In ogni caso, l&#8217;utente viene informato degli scopi per i quali i suoi dati vengono raccolti da noi tramite i vari moduli di raccolta dati online, il suo account cliente o tramite la nostra Informativa sulla privacy accessibile alla pagina seguente: <\/span><a href=\"https:\/\/www.champmarket.com\/it\/donnees-personnelles-et-politique-de-confidentialite\/\"><br \/>\n  <u>Clicca qui<\/u><br \/>\n<\/a><\/p>\n<p><span style=\"font-size: 1rem;\">Se il browser lo consente, \u00e8 possibile disattivare questi cookie in qualsiasi momento seguendo la procedura indicata dal browser. Tuttavia, AM&amp;Co (CHAMPMARKET) informa l&#8217;utente che tale disattivazione pu\u00f2 comportare un rallentamento e\/o un&#8217;interruzione dell&#8217;accesso al SITO.<\/span><\/p>\n<p><strong style=\"font-family: Montserrat, sans-serif; font-size: 1rem;\">7. I vostri diritti<\/strong><\/p>\n<p><span style=\"font-size: 1rem;\">Ai sensi della legge francese sulla protezione dei dati personali n\u00b078-17 del 6 gennaio 1978 e del Regolamento (UE) 2016\/679 del Parlamento europeo e del Consiglio del 27 aprile 2016, entrato in vigore il 25 maggio 2018 (di seguito &#8220;RGPD&#8221;), l&#8217;utente gode dei seguenti diritti:<\/span><\/p>\n<ul>\n<li>Diritto di accesso (articolo 15 RGPD), rettifica (articolo 16 RGPD), aggiornamento, completezza dei vostri dati;<\/li>\n<li>Diritto di bloccare o cancellare i vostri dati personali (articolo 17 del GDPR), se sono inesatti, incompleti, ambigui, non aggiornati, o se la loro raccolta, utilizzo, divulgazione o conservazione \u00e8 vietata;<\/li>\n<li>Diritto di revocare il consenso in qualsiasi momento (articolo 13-2c GDPR);<\/li>\n<li>Diritto di limitare il trattamento dei dati (articolo 18 GDPR);<\/li>\n<li>Diritto di opporsi al trattamento dei dati (articolo 21 GDPR) ;<\/li>\n<li>Diritto alla portabilit\u00e0 dei dati che ci avete fornito, qualora i vostri dati siano oggetto di un trattamento automatizzato basato sul vostro consenso o su un contratto (articolo 20 del GDPR);<\/li>\n<li>Il diritto di stabilire cosa accadr\u00e0 ai vostri dati dopo la vostra morte e di scegliere se divulgare o meno i vostri dati a una terza parte da voi designata.<\/li>\n<\/ul>\n<p><span style=\"font-size: 1rem;\">In caso di decesso dell&#8217;utente e in assenza di istruzioni da parte sua, ci impegniamo a distruggere i suoi dati, tranne nel caso in cui la loro conservazione sia necessaria a fini probatori o per adempiere a un obbligo legale.<\/span><\/p>\n<p><span style=\"font-size: 1rem;\">Potete esercitare i vostri diritti in uno dei seguenti modi:<\/span><\/p>\n<ul>\n<li>Oppure via e-mail a: <a href=\"mailto:contact@champmarket.com\" target=\"_blank\" rel=\"noreferrer noopener\">contact@champmarket.com<\/a><\/li>\n<li>Soit par courrier \u00e0 l\u2019adresse suivante : AM&amp;Co (CHAMPMARKET) 47 Boulevard de Courcelles 75008 Paris &#8211; France.<\/li>\n<\/ul>\n<p><span style=\"font-size: 1rem;\">Inoltre, se il vostro browser Internet lo consente, potete disattivare questi cookie in qualsiasi momento facendo riferimento alle procedure sopra descritte.<\/span><\/p>\n<p><span style=\"font-size: 1rem;\">Per saperne di pi\u00f9 sul trattamento dei vostri dati personali, consultate la nostra Informativa sulla privacy alla pagina seguente: <\/span><a style=\"font-size: 1rem; background-color: #ffffff;\" href=\"https:\/\/champmarket-wordpress-ejt1d.artifakt.dev\/donnees-personnelles\" target=\"_blank\" rel=\"noreferrer noopener\"><br \/>\n  <u>Clicca qui<\/u><br \/>\n<\/a><\/p>\n<p><strong style=\"font-family: Montserrat, sans-serif; font-size: 1rem;\">8. Durata di conservazione<\/strong><\/p>\n<p><span style=\"font-size: 1rem;\">In ogni caso, le informazioni memorizzate nel vostro terminale (ad esempio i cookie) o qualsiasi altro elemento utilizzato per identificarvi ai fini delle statistiche sul pubblico non vengono conservati oltre un periodo di tredici (13) mesi. Dopo questo periodo, i dati grezzi sul traffico associati a un identificatore vengono cancellati o resi anonimi.<\/span><\/p>\n<p><span style=\"font-size: 1rem;\">Per saperne di pi\u00f9 sui cookie (come gestirli, cancellarli, identificarli), \u00e8 possibile consultare il sito web della CNIL: <\/span><a style=\"font-size: 1rem; background-color: #ffffff;\" href=\"http:\/\/www.cnil.fr\/vos-droits\/vos-traces\/les-cookies\/#c5554\" target=\"_blank\" rel=\"noreferrer noopener\"><u>Clicca qui<\/u><\/a><\/p>\n\t\t\t\t\t\t\t\t<\/div>\n\t\t\t\t<\/div>\n\t\t\t\t<\/div>\n\t\t\t\t\t<\/div>\n\t\t\t\t<\/div>\n\t\t\t\t<\/div>\n\t\t","protected":false},"excerpt":{"rendered":"<p>Carta dei cookie Preambolo La presente Carta di Gestione dei Cookies \u00e8 rivolta agli utenti (di seguito gli &#8220;UTENTI&#8221;) del sito https:\/\/www.champmarket.com\/ (di seguito il &#8220;SITO&#8221;), ovvero a qualsiasi persona che acceda e navighi sul SITO come Cliente o come semplice utente di Internet. Navigando sul SITO, l&#8217;utente accetta che i cookie descritti di seguito [&hellip;]<\/p>\n","protected":false},"author":2,"featured_media":0,"parent":0,"menu_order":0,"comment_status":"closed","ping_status":"closed","template":"elementor_header_footer","meta":{"_acf_changed":false,"footnotes":""},"class_list":["post-43208","page","type-page","status-publish","hentry"],"acf":[],"yoast_head":"<!-- This site is optimized with the Yoast SEO plugin v26.4 - https:\/\/yoast.com\/wordpress\/plugins\/seo\/ -->\n<title>Carta dei cookie - Champmarket<\/title>\n<meta name=\"description\" content=\"Carta dei cookie Preambolo La presente Carta di Gestione dei Cookies \u00e8 rivolta agli utenti (di seguito gli &quot;UTENTI&quot;) del sito https:\/\/www.champmarket.com\/\" \/>\n<meta name=\"robots\" content=\"index, follow, max-snippet:-1, max-image-preview:large, max-video-preview:-1\" \/>\n<link rel=\"canonical\" href=\"https:\/\/www.champmarket.com\/it\/charte-des-cookies\/\" \/>\n<meta property=\"og:locale\" content=\"it_IT\" \/>\n<meta property=\"og:type\" content=\"article\" \/>\n<meta property=\"og:title\" content=\"Carta dei cookie - Champmarket\" \/>\n<meta property=\"og:description\" content=\"Carta dei cookie Preambolo La presente Carta di Gestione dei Cookies \u00e8 rivolta agli utenti (di seguito gli &quot;UTENTI&quot;) del sito https:\/\/www.champmarket.com\/\" \/>\n<meta property=\"og:url\" content=\"https:\/\/www.champmarket.com\/it\/charte-des-cookies\/\" \/>\n<meta property=\"og:site_name\" content=\"Champmarket\" \/>\n<meta property=\"article:publisher\" content=\"https:\/\/www.facebook.com\/ChampMarket\/\" \/>\n<meta property=\"article:modified_time\" content=\"2023-03-08T12:42:12+00:00\" \/>\n<meta name=\"twitter:card\" content=\"summary_large_image\" \/>\n<meta name=\"twitter:site\" content=\"@champmarket\" \/>\n<meta name=\"twitter:label1\" content=\"Tempo di lettura stimato\" \/>\n\t<meta name=\"twitter:data1\" content=\"9 minuti\" \/>\n<script type=\"application\/ld+json\" class=\"yoast-schema-graph\">{\"@context\":\"https:\/\/schema.org\",\"@graph\":[{\"@type\":\"WebPage\",\"@id\":\"https:\/\/www.champmarket.com\/it\/charte-des-cookies\/\",\"url\":\"https:\/\/www.champmarket.com\/it\/charte-des-cookies\/\",\"name\":\"Carta dei cookie - Champmarket\",\"isPartOf\":{\"@id\":\"https:\/\/www.champmarket.com\/#website\"},\"datePublished\":\"2022-11-25T14:40:38+00:00\",\"dateModified\":\"2023-03-08T12:42:12+00:00\",\"description\":\"Carta dei cookie Preambolo La presente Carta di Gestione dei Cookies \u00e8 rivolta agli utenti (di seguito gli \\\"UTENTI\\\") del sito https:\/\/www.champmarket.com\/\",\"breadcrumb\":{\"@id\":\"https:\/\/www.champmarket.com\/it\/charte-des-cookies\/#breadcrumb\"},\"inLanguage\":\"it-IT\",\"potentialAction\":[{\"@type\":\"ReadAction\",\"target\":[\"https:\/\/www.champmarket.com\/it\/charte-des-cookies\/\"]}]},{\"@type\":\"BreadcrumbList\",\"@id\":\"https:\/\/www.champmarket.com\/it\/charte-des-cookies\/#breadcrumb\",\"itemListElement\":[{\"@type\":\"ListItem\",\"position\":1,\"name\":\"Home\",\"item\":\"https:\/\/www.champmarket.com\/it\/acquista-champagne-online-champmarket\/\"},{\"@type\":\"ListItem\",\"position\":2,\"name\":\"Carta dei cookie\"}]},{\"@type\":\"WebSite\",\"@id\":\"https:\/\/www.champmarket.com\/#website\",\"url\":\"https:\/\/www.champmarket.com\/\",\"name\":\"Champmarket\",\"description\":\"Champmarket, Champagnes, Cadeaux et Art de Vivre\",\"publisher\":{\"@id\":\"https:\/\/www.champmarket.com\/#organization\"},\"potentialAction\":[{\"@type\":\"SearchAction\",\"target\":{\"@type\":\"EntryPoint\",\"urlTemplate\":\"https:\/\/www.champmarket.com\/?s={search_term_string}\"},\"query-input\":{\"@type\":\"PropertyValueSpecification\",\"valueRequired\":true,\"valueName\":\"search_term_string\"}}],\"inLanguage\":\"it-IT\"},{\"@type\":\"Organization\",\"@id\":\"https:\/\/www.champmarket.com\/#organization\",\"name\":\"Champmarket\",\"url\":\"https:\/\/www.champmarket.com\/\",\"logo\":{\"@type\":\"ImageObject\",\"inLanguage\":\"it-IT\",\"@id\":\"https:\/\/www.champmarket.com\/#\/schema\/logo\/image\/\",\"url\":\"https:\/\/www.champmarket.com\/wp-content\/uploads\/2024\/08\/logo2024-1.svg\",\"contentUrl\":\"https:\/\/www.champmarket.com\/wp-content\/uploads\/2024\/08\/logo2024-1.svg\",\"width\":579.8,\"height\":80,\"caption\":\"Champmarket\"},\"image\":{\"@id\":\"https:\/\/www.champmarket.com\/#\/schema\/logo\/image\/\"},\"sameAs\":[\"https:\/\/www.facebook.com\/ChampMarket\/\",\"https:\/\/x.com\/champmarket\",\"https:\/\/www.instagram.com\/champmarket.paris\/\",\"https:\/\/www.pinterest.fr\/champmarketparis\/\",\"https:\/\/www.linkedin.com\/company\/champmarket\/\"]}]}<\/script>\n<!-- \/ Yoast SEO plugin. -->","yoast_head_json":{"title":"Carta dei cookie - Champmarket","description":"Carta dei cookie Preambolo La presente Carta di Gestione dei Cookies \u00e8 rivolta agli utenti (di seguito gli \"UTENTI\") del sito https:\/\/www.champmarket.com\/","robots":{"index":"index","follow":"follow","max-snippet":"max-snippet:-1","max-image-preview":"max-image-preview:large","max-video-preview":"max-video-preview:-1"},"canonical":"https:\/\/www.champmarket.com\/it\/charte-des-cookies\/","og_locale":"it_IT","og_type":"article","og_title":"Carta dei cookie - Champmarket","og_description":"Carta dei cookie Preambolo La presente Carta di Gestione dei Cookies \u00e8 rivolta agli utenti (di seguito gli \"UTENTI\") del sito https:\/\/www.champmarket.com\/","og_url":"https:\/\/www.champmarket.com\/it\/charte-des-cookies\/","og_site_name":"Champmarket","article_publisher":"https:\/\/www.facebook.com\/ChampMarket\/","article_modified_time":"2023-03-08T12:42:12+00:00","twitter_card":"summary_large_image","twitter_site":"@champmarket","twitter_misc":{"Tempo di lettura stimato":"9 minuti"},"schema":{"@context":"https:\/\/schema.org","@graph":[{"@type":"WebPage","@id":"https:\/\/www.champmarket.com\/it\/charte-des-cookies\/","url":"https:\/\/www.champmarket.com\/it\/charte-des-cookies\/","name":"Carta dei cookie - Champmarket","isPartOf":{"@id":"https:\/\/www.champmarket.com\/#website"},"datePublished":"2022-11-25T14:40:38+00:00","dateModified":"2023-03-08T12:42:12+00:00","description":"Carta dei cookie Preambolo La presente Carta di Gestione dei Cookies \u00e8 rivolta agli utenti (di seguito gli \"UTENTI\") del sito https:\/\/www.champmarket.com\/","breadcrumb":{"@id":"https:\/\/www.champmarket.com\/it\/charte-des-cookies\/#breadcrumb"},"inLanguage":"it-IT","potentialAction":[{"@type":"ReadAction","target":["https:\/\/www.champmarket.com\/it\/charte-des-cookies\/"]}]},{"@type":"BreadcrumbList","@id":"https:\/\/www.champmarket.com\/it\/charte-des-cookies\/#breadcrumb","itemListElement":[{"@type":"ListItem","position":1,"name":"Home","item":"https:\/\/www.champmarket.com\/it\/acquista-champagne-online-champmarket\/"},{"@type":"ListItem","position":2,"name":"Carta dei cookie"}]},{"@type":"WebSite","@id":"https:\/\/www.champmarket.com\/#website","url":"https:\/\/www.champmarket.com\/","name":"Champmarket","description":"Champmarket, Champagnes, Cadeaux et Art de Vivre","publisher":{"@id":"https:\/\/www.champmarket.com\/#organization"},"potentialAction":[{"@type":"SearchAction","target":{"@type":"EntryPoint","urlTemplate":"https:\/\/www.champmarket.com\/?s={search_term_string}"},"query-input":{"@type":"PropertyValueSpecification","valueRequired":true,"valueName":"search_term_string"}}],"inLanguage":"it-IT"},{"@type":"Organization","@id":"https:\/\/www.champmarket.com\/#organization","name":"Champmarket","url":"https:\/\/www.champmarket.com\/","logo":{"@type":"ImageObject","inLanguage":"it-IT","@id":"https:\/\/www.champmarket.com\/#\/schema\/logo\/image\/","url":"https:\/\/www.champmarket.com\/wp-content\/uploads\/2024\/08\/logo2024-1.svg","contentUrl":"https:\/\/www.champmarket.com\/wp-content\/uploads\/2024\/08\/logo2024-1.svg","width":579.8,"height":80,"caption":"Champmarket"},"image":{"@id":"https:\/\/www.champmarket.com\/#\/schema\/logo\/image\/"},"sameAs":["https:\/\/www.facebook.com\/ChampMarket\/","https:\/\/x.com\/champmarket","https:\/\/www.instagram.com\/champmarket.paris\/","https:\/\/www.pinterest.fr\/champmarketparis\/","https:\/\/www.linkedin.com\/company\/champmarket\/"]}]}},"_links":{"self":[{"href":"https:\/\/www.champmarket.com\/it\/wp-json\/wp\/v2\/pages\/43208","targetHints":{"allow":["GET"]}}],"collection":[{"href":"https:\/\/www.champmarket.com\/it\/wp-json\/wp\/v2\/pages"}],"about":[{"href":"https:\/\/www.champmarket.com\/it\/wp-json\/wp\/v2\/types\/page"}],"author":[{"embeddable":true,"href":"https:\/\/www.champmarket.com\/it\/wp-json\/wp\/v2\/users\/2"}],"replies":[{"embeddable":true,"href":"https:\/\/www.champmarket.com\/it\/wp-json\/wp\/v2\/comments?post=43208"}],"version-history":[{"count":0,"href":"https:\/\/www.champmarket.com\/it\/wp-json\/wp\/v2\/pages\/43208\/revisions"}],"wp:attachment":[{"href":"https:\/\/www.champmarket.com\/it\/wp-json\/wp\/v2\/media?parent=43208"}],"curies":[{"name":"wp","href":"https:\/\/api.w.org\/{rel}","templated":true}]}}