{"id":56350,"date":"2023-07-24T15:51:18","date_gmt":"2023-07-24T13:51:18","guid":{"rendered":"https:\/\/www.champmarket.com\/cgv-2\/"},"modified":"2023-07-24T15:51:18","modified_gmt":"2023-07-24T13:51:18","slug":"cgv-2","status":"publish","type":"page","link":"https:\/\/www.champmarket.com\/it\/cgv-2\/","title":{"rendered":"CGV"},"content":{"rendered":"\t\t<div data-elementor-type=\"wp-page\" data-elementor-id=\"56350\" class=\"elementor elementor-56350 elementor-55336\" data-elementor-post-type=\"page\">\n\t\t\t\t<div class=\"elementor-element elementor-element-72e0029c e-flex e-con-boxed e-con e-parent\" data-id=\"72e0029c\" data-element_type=\"container\">\n\t\t\t\t\t<div class=\"e-con-inner\">\n\t\t\t\t<div class=\"elementor-element elementor-element-39025f63 elementor-widget elementor-widget-heading\" data-id=\"39025f63\" data-element_type=\"widget\" data-widget_type=\"heading.default\">\n\t\t\t\t<div class=\"elementor-widget-container\">\n\t\t\t\t\t<h1 class=\"elementor-heading-title elementor-size-default\">Condizioni generali di vendita<\/h1>\t\t\t\t<\/div>\n\t\t\t\t<\/div>\n\t\t\t\t\t<\/div>\n\t\t\t\t<\/div>\n\t\t\t\t<section class=\"elementor-section elementor-top-section elementor-element elementor-element-1b278b76 elementor-section-boxed elementor-section-height-default elementor-section-height-default\" data-id=\"1b278b76\" data-element_type=\"section\">\n\t\t\t\t\t\t<div class=\"elementor-container elementor-column-gap-default\">\n\t\t\t\t\t<div class=\"elementor-column elementor-col-100 elementor-top-column elementor-element elementor-element-4faa7e75\" data-id=\"4faa7e75\" data-element_type=\"column\">\n\t\t\t<div class=\"elementor-widget-wrap elementor-element-populated\">\n\t\t\t\t\t\t<div class=\"elementor-element elementor-element-47e69824 elementor-widget elementor-widget-text-editor\" data-id=\"47e69824\" data-element_type=\"widget\" data-widget_type=\"text-editor.default\">\n\t\t\t\t<div class=\"elementor-widget-container\">\n\t\t\t\t\t\t\t\t\t<p><strong>Articolo 1: Applicabilit\u00e0 delle presenti Condizioni Generali di Vendita<\/strong><\/p>\n<p>Qualsiasi ordine effettuato tramite il sito web Champmarket.com, cos\u00ec come via fax o per posta, \u00e8 regolato dalle presenti Condizioni Generali di Vendita nella loro interezza, indipendentemente dal luogo di consegna.<\/p>\n<p>Di conseguenza, il fatto che l&#8217;acquirente ordini un prodotto offerto in vendita sul sito Champmarket.com implica la piena e completa accettazione delle presenti Condizioni Generali di Vendita, che l&#8217;acquirente riconosce di aver letto prima dell&#8217;ordine.<\/p>\n<p>La vendita risultante dall&#8217;ordine effettuato dall&#8217;acquirente sul sito Champmarket.com \u00e8 disciplinata dal diritto francese, in particolare dalle norme sulle vendite a distanza o per corrispondenza.<\/p>\n<p><strong>Articolo 2: Identit\u00e0 della societ\u00e0<\/strong><\/p>\n<p>Champmarket.com \u00e8 un sito web di AM&amp;Co, una Soci\u00e9t\u00e9 par Action Simplifi\u00e9e (societ\u00e0 per azioni semplificata) francese con un capitale di 42.855 euro, la cui sede legale si trova al 47 Boulevard de Courcelles 75008 Parigi, Francia, e che \u00e8 iscritta al Registro del Commercio e delle Imprese di Parigi con i numeri :<\/p>\n<p>RCS Parigi 528 328 677<br \/>SIRET : 528 328 677 00042<br \/>IVA intracomunitaria: IVA FR 29 528 328 677<\/p>\n<p><strong>Articolo 3: Ordinazione<\/strong><\/p>\n<p>Il cliente che effettua un ordine tramite il sito web Champmarket.com ed eventualmente per corrispondenza si impegna a rispettare gli obblighi essenziali, ovvero che la transazione di vendita deve essere effettuata esclusivamente come consumatore finale.<br \/>Al cliente \u00e8 formalmente vietato rivendere i prodotti acquistati nell&#8217;ambito delle presenti Condizioni Generali di Vendita a un grossista o a un rivenditore senza l&#8217;espresso e preventivo accordo della Societ\u00e0 CHAMPMARKET.<\/p>\n<p>L&#8217;acquirente deve indicare chiaramente l&#8217;indirizzo del destinatario e, nel caso in cui non sia possibile consegnare il prodotto, il venditore non sar\u00e0 ritenuto responsabile e sar\u00e0 tenuto solo a rimborsare le somme versate, al netto delle spese di restituzione.<\/p>\n<p>L&#8217;ordine \u00e8 elaborato e definitivo solo dopo la conferma del pagamento del prezzo da parte dell&#8217;acquirente e nella misura in cui le scorte sono disponibili.<\/p>\n<p>L&#8217;ordine sar\u00e0 confermato con l&#8217;invio di un&#8217;e-mail all&#8217;acquirente.<\/p>\n<p><strong>Articolo 4: Garanzia del miglior prezzo<\/strong><\/p>\n<p>I prezzi indicati sul sito www.champmarket.com sono i prezzi di vendita consigliati, perch\u00e9 in qualit\u00e0 di partner privilegiato delle Maison di Champagne e dei viticoltori, Champmarket negozia le migliori condizioni per soddisfare sia i privati che le aziende. I prezzi sono espressi in euro, comprensivi di tutte le tasse (Imposta sul Valore Aggiunto (IVA) e altre tasse applicabili).<\/p>\n<p>I prezzi proposti e indicati sul sito non comprendono le spese di spedizione e consegna, che possono variare in base al volume ordinato, il cui importo \u00e8 specificato sul sito, il che consente all&#8217;acquirente di conoscerlo.<\/p>\n<p>Quando vengono applicati gli sconti, questi vengono visualizzati e i prezzi di listino vengono barrati, in modo che la promozione possa essere letta visibilmente, oppure quando l&#8217;offerta viene convalidata nel carrello, il risparmio viene chiaramente indicato.<\/p>\n<p>I volumi minimi d&#8217;ordine sono indicati sul sito e possono variare da prodotto a prodotto.<\/p>\n<p><strong>Articolo 5: Validit\u00e0 delle offerte<\/strong><\/p>\n<p>I prodotti sono offerti fino a esaurimento scorte.<\/p>\n<p>Il venditore non pu\u00f2 essere ritenuto responsabile di eventuali carenze di magazzino.<\/p>\n<p>Nel caso in cui il prodotto ordinato non sia pi\u00f9 disponibile, e in accordo con l&#8217;acquirente, l&#8217;ordine pu\u00f2 essere modificato. Se necessario, pu\u00f2 comportare il rimborso del prodotto non disponibile, in base all&#8217;accordo con l&#8217;acquirente, concretizzato da uno scambio di e-mail.<\/p>\n<p><strong>Articolo 6: Consegna<\/strong><\/p>\n<p>Le consegne possono essere effettuate in Francia metropolitana e in Corsica, a seconda del tipo di consegna offerto.<\/p>\n<p>Le consegne nei dipartimenti e territori francesi d&#8217;oltremare, nel Principato di Monaco e nei Paesi dell&#8217;Unione Europea saranno soggette a un preventivo specifico.<\/p>\n<p>I prodotti ordinati dall&#8217;acquirente saranno consegnati all&#8217;indirizzo indicato dall&#8217;acquirente come indirizzo di consegna nell&#8217;ordine in questione.<\/p>\n<p>La consegna viene effettuata in Francia metropolitana entro una media di otto giorni dalla data di pagamento completo della fattura, salvo operazioni specifiche per le quali il tempo di consegna pu\u00f2 variare da otto a quindici giorni.<\/p>\n<p>In caso di assenza, l&#8217;acquirente o il destinatario dell&#8217;ordine ricever\u00e0 un avviso di consegna che gli consentir\u00e0 di contattare il vettore all&#8217;indirizzo indicato nell&#8217;avviso di consegna per concordare un altro giorno di consegna.<\/p>\n<p>Nel caso in cui i prodotti ordinati non vengano reclamati entro quindici giorni lavorativi dalla data dell&#8217;avviso di consegna, i prodotti saranno restituiti al venditore e l&#8217;acquirente sar\u00e0 rimborsato per il suo ordine, al netto delle spese di trasporto per la restituzione.<\/p>\n<p>In generale, al momento della consegna, l&#8217;acquirente o il destinatario dell&#8217;ordine deve firmare una bolla di consegna, che costituisce la prova della consegna da parte del venditore e del ricevimento dei prodotti ordinati.<\/p>\n<p>Non sono possibili contestazioni sulla consegna stessa se i prodotti risultano essere stati consegnati.<\/p>\n<p>L&#8217;acquirente o il destinatario dell&#8217;ordine \u00e8 invitato a verificare le condizioni apparenti del pacco e dei prodotti al momento della consegna.<\/p>\n<p>In caso di anomalie (pacco danneggiato, traccia di liquido, pacco aperto, prodotti mancanti&#8230;), l&#8217;acquirente o il destinatario dell&#8217;ordine deve imperativamente, in presenza del trasportatore, rifiutare la consegna e segnalare immediatamente il suo rifiuto al venditore, nonch\u00e9 i danni o le mancanze riscontrate.<\/p>\n<p><strong>Articolo 7: Diritto e periodo di recesso<\/strong><\/p>\n<p>In conformit\u00e0 alle disposizioni dell&#8217;articolo L 221-18 del Codice del Consumo, l&#8217;acquirente dispone di un periodo di quattordici giorni liberi dal ricevimento del prodotto acquistato per esercitare il diritto di recesso.<\/p>\n<p>Le spese di restituzione restano a carico dell&#8217;acquirente, mentre il venditore si impegna a rimborsare l&#8217;ordine, ad eccezione delle spese postali di restituzione che restano a carico dell&#8217;acquirente.<\/p>\n<p>Il rimborso verr\u00e0 effettuato due settimane dopo il ricevimento della merce restituita.<\/p>\n<p>I prodotti devono essere restituiti in perfette condizioni di rivendita, nelle loro condizioni e confezioni originali.<\/p>\n<p>L&#8217;indirizzo per la restituzione \u00e8: CHAMPMARKET Service Client 47 Boulevard de Courcelles 75008 Paris, France.<\/p>\n<p>Qualsiasi rischio associato alla restituzione del prodotto \u00e8 a carico dell&#8217;acquirente o del destinatario dell&#8217;ordine.<\/p>\n<p><strong>Articolo 8: Pagamento<\/strong><\/p>\n<p>Tutti gli ordini sono pagabili in euro, comprensivi di tutte le tasse e i contributi obbligatori. Eventuali spese bancarie restano a carico dell&#8217;acquirente (anche in caso di rimborso).<\/p>\n<p>La fattura scaricabile sar\u00e0 resa disponibile dal venditore sull&#8217;account del cliente.<\/p>\n<p>Data di scadenza del pagamento : Il pagamento sar\u00e0 effettuato al ricevimento della fattura.<\/p>\n<div title=\"Pagina 1\">\n<div>\n<div>\n<div>\n<p>Il pagamento anticipato delle fatture non d\u00e0 diritto ad alcuno sconto.<\/p>\n<\/div>\n<\/div>\n<\/div>\n<\/div>\n<p>In caso di ritardo nel pagamento, dal giorno successivo alla data di pagamento saranno applicate penali pari a 3 volte il tasso di interesse legale.<\/p>\n<p>Indennit\u00e0 fissa per le spese di incasso in caso di ritardo: 40 euro.<\/p>\n<p>Il pagamento degli acquisti effettuati sul Sito pu\u00f2 essere effettuato nei seguenti modi:<\/p>\n<p><strong>&#8211; Pagamento con carta di credito (Visa, MasterCard, American Express, altre carte di credito):<\/strong> I dati bancari vengono inseriti tramite una piattaforma di pagamento online sicura, Payplug, che garantisce la sicurezza e la riservatezza dei dati bancari forniti durante la transazione. L&#8217;addebito sulla carta o sul conto avviene al momento della conferma dell&#8217;ordine.<\/p>\n<p><strong>&#8211; Pagamento con Paypal :<\/strong> CHAMPMARKET utilizza i servizi di pagamento online di Paypal che offrono la garanzia della massima crittografia dei dati. Si precisa che i fondi saranno considerati ricevuti da CHAMPMARKET solo dopo l&#8217;eventuale verifica del pagamento da parte di Paypal.<\/p>\n<p>&#8211; <strong> Pagamento tramite bonifico bancario<\/strong> sul conto corrente di CHAMPMARKET.<\/p>\n<p>&#8211; <strong> Pagamento a rate: <\/strong>il pagamento a rate \u00e8 disponibile tramite il nostro partner Alma. La sicurezza dei pagamenti \u00e8 garantita da Alma e dai suoi fornitori di servizi. Tutti i pagamenti sono protetti da 3D Secure.<\/p>\n<p>Importo degli acquisti :<\/p>\n<ul>\n<li>P2X: solo gli acquisti tra 100 e 3.500 euro possono essere pagati con Alma.<\/li>\n<li>P3X: solo gli acquisti tra 100 e 3.500 euro possono essere pagati con Alma.<\/li>\n<li>P4X: solo gli acquisti tra 100 e 3.500 euro possono essere pagati con Alma.<\/li>\n<\/ul>\n<p>Commissioni: pagando a rate con Alma il Cliente non paga alcuna commissione.<\/p>\n<p>Alma \u00e8 un gestore di pagamenti telematici e rilascia un certificato elettronico che sar\u00e0 considerato come prova dell&#8217;importo e della data della transazione in conformit\u00e0 con le disposizioni degli articoli 1316 e seguenti del codice civile.<\/p>\n<p>Risoluzione: qualsiasi risoluzione delle CGC tra il Venditore e il cliente comporter\u00e0 la risoluzione delle CGC tra Alma e il cliente.<\/p>\n<p><strong>Articolo 9: Riserva di propriet\u00e0<\/strong><\/p>\n<p>La vendita viene conclusa con una clausola di riserva di propriet\u00e0 e, quando viene proposto il pagamento in pi\u00f9 rate per determinati prodotti o determinate promozioni, i prodotti consegnati rimangono di propriet\u00e0 del venditore che pu\u00f2 reclamarli a spese e rischio dell&#8217;acquirente.<\/p>\n<p><strong>Articolo 10: Dati personali<\/strong><\/p>\n<p>L&#8217;iscrizione al sito Champmarket.com richiede che l&#8217;acquirente fornisca i dati personali che lo riguardano, in particolare la sua et\u00e0, in quanto \u00e8 vietata la vendita di alcolici ai minori di 18 anni.<\/p>\n<p>I dati raccolti dal venditore sono necessari per l&#8217;elaborazione dell&#8217;ordine e per la gestione dei rapporti commerciali del venditore con i suoi clienti.<\/p>\n<p>I dati sono sicuri e riservati e non sono o non saranno utilizzati a fini commerciali da terzi.<\/p>\n<p>Conformemente alla legge n\u00b078-17 del 6 gennaio 1978 relativa al trattamento dei dati, degli archivi e delle libert\u00e0, il consumatore dispone di un diritto di accesso e di rettifica su qualsiasi informazione nominativa che lo riguardi.<\/p>\n<p>Il trattamento di queste informazioni \u00e8 dichiarato alla CNIL con il numero 1466614.<\/p>\n<p><strong>Articolo 11: Garanzie<\/strong><\/p>\n<p>La vendita \u00e8 disciplinata dal Codice Civile francese e il venditore \u00e8 vincolato dalla garanzia per i vizi occulti, come stabilito dall&#8217;articolo 1641 del Codice Civile, che recita  <em>&#8220;Il venditore \u00e8 vincolato dalla garanzia per i difetti occulti della merce che la rendono inadatta all&#8217;uso cui \u00e8 destinata, o che la riducono a tal punto che l&#8217;acquirente non l&#8217;avrebbe acquistata, o l&#8217;avrebbe pagata a un prezzo inferiore, se ne fosse stato a conoscenza.<\/em>.<\/p>\n<p>\u00c8 responsabilit\u00e0 dell&#8217;acquirente dimostrare che il danno al prodotto ha avuto origine prima della spedizione.<\/p>\n<p>Il periodo durante il quale l&#8217;acquirente pu\u00f2 rivendicare l&#8217;esistenza di un difetto nascosto \u00e8 fissato, di comune accordo, a due mesi dal giorno della consegna.<\/p>\n<p><strong>Articolo 12: Propriet\u00e0 intellettuale<\/strong><\/p>\n<p>Il marchio CHAMPMARKET, cos\u00ec come tutti i marchi, figurativi o meno, e tutte le illustrazioni, le immagini e i loghi che compaiono sul sito sono e rimarranno di propriet\u00e0 esclusiva del titolare dei relativi diritti di propriet\u00e0 intellettuale.<\/p>\n<p>\u00c8 severamente vietata la riproduzione, la modifica o l&#8217;utilizzo totale o parziale di questi marchi, illustrazioni, immagini e loghi, o di qualsiasi altro contenuto del sito, per qualsiasi motivo o su qualsiasi supporto, senza l&#8217;accordo esplicito, scritto e preventivo del titolare dei diritti di propriet\u00e0 intellettuale in questione. Lo stesso vale per tutti i diritti d&#8217;autore, i disegni, i brevetti che appaiono e\/o vengono utilizzati sul sito.<\/p>\n<p><strong>Articolo 13: Modifiche<\/strong><\/p>\n<p>Il venditore si riserva il diritto di modificare e aggiornare le Condizioni Generali di Vendita senza preavviso.<\/p>\n<p>Per essere informato di queste eventuali modifiche, il venditore consiglia all&#8217;acquirente, e in generale a qualsiasi utente, di rileggere regolarmente le Condizioni Generali di Vendita del sito Champmarket.com.<\/p>\n<p>L&#8217;ordine sar\u00e0 soggetto alle Condizioni Generali di Vendita in vigore al momento dell&#8217;ordine.<\/p>\n<p><strong>Articolo 14: Controversie<\/strong><\/p>\n<p>Le foto e le presentazioni dei prodotti non sono contrattuali e sono solo a scopo informativo.<\/p>\n<p>La vendita di prodotti da parte del sito Champmarket.com \u00e8 soggetta alla legge francese, indipendentemente dal paese di residenza dell&#8217;acquirente e dal luogo in cui viene effettuato l&#8217;ordine.<\/p>\n<p>Le controversie vengono gentilmente accolte dal venditore, che cercher\u00e0 di risolverle in via amichevole entro tre mesi dalla segnalazione, con un&#8217;unit\u00e0 dedicata a questa mediazione presso il venditore.<\/p>\n<p>In mancanza di un accordo amichevole e in caso di controversia, se l&#8217;acquirente \u00e8 un professionista, la controversia sar\u00e0 sottoposta al tribunale della sede legale del venditore e, se l&#8217;acquirente \u00e8 un privato, al tribunale del dipartimento in cui risiede l&#8217;acquirente.<\/p>\n<p><strong>Articolo 15: Protezione dei minori<\/strong><\/p>\n<p>In conformit\u00e0 alle disposizioni dell&#8217;articolo L 3342-1 del Codice della Salute Pubblica, \u00e8 vietata la vendita di alcolici ai minori di diciotto anni.<\/p>\n\t\t\t\t\t\t\t\t<\/div>\n\t\t\t\t<\/div>\n\t\t\t\t\t<\/div>\n\t\t<\/div>\n\t\t\t\t\t<\/div>\n\t\t<\/section>\n\t\t\t\t<\/div>\n\t\t","protected":false},"excerpt":{"rendered":"<p>Condizioni generali di vendita Articolo 1: Applicabilit\u00e0 delle presenti Condizioni Generali di Vendita Qualsiasi ordine effettuato tramite il sito web Champmarket.com, cos\u00ec come via fax o per posta, \u00e8 regolato dalle presenti Condizioni Generali di Vendita nella loro interezza, indipendentemente dal luogo di consegna. Di conseguenza, il fatto che l&#8217;acquirente ordini un prodotto offerto in [&hellip;]<\/p>\n","protected":false},"author":2,"featured_media":0,"parent":0,"menu_order":0,"comment_status":"closed","ping_status":"closed","template":"","meta":{"_acf_changed":false,"footnotes":""},"class_list":["post-56350","page","type-page","status-publish","hentry"],"acf":[],"yoast_head":"<!-- This site is optimized with the Yoast SEO plugin v26.4 - https:\/\/yoast.com\/wordpress\/plugins\/seo\/ -->\n<title>CGV - Champmarket<\/title>\n<meta name=\"description\" content=\"Condizioni generali di vendita Articolo 1: Applicabilit\u00e0 delle presenti Condizioni Generali di Vendita Qualsiasi ordine effettuato tramite il sito web\" \/>\n<meta name=\"robots\" content=\"index, follow, max-snippet:-1, max-image-preview:large, max-video-preview:-1\" \/>\n<link rel=\"canonical\" href=\"https:\/\/www.champmarket.com\/it\/cgv-2\/\" \/>\n<meta property=\"og:locale\" content=\"it_IT\" \/>\n<meta property=\"og:type\" content=\"article\" \/>\n<meta property=\"og:title\" content=\"CGV - Champmarket\" \/>\n<meta property=\"og:description\" content=\"Condizioni generali di vendita Articolo 1: Applicabilit\u00e0 delle presenti Condizioni Generali di Vendita Qualsiasi ordine effettuato tramite il sito web\" \/>\n<meta property=\"og:url\" content=\"https:\/\/www.champmarket.com\/it\/cgv-2\/\" \/>\n<meta property=\"og:site_name\" content=\"Champmarket\" \/>\n<meta property=\"article:publisher\" content=\"https:\/\/www.facebook.com\/ChampMarket\/\" \/>\n<meta name=\"twitter:card\" content=\"summary_large_image\" \/>\n<meta name=\"twitter:site\" content=\"@champmarket\" \/>\n<meta name=\"twitter:label1\" content=\"Tempo di lettura stimato\" \/>\n\t<meta name=\"twitter:data1\" content=\"9 minuti\" \/>\n<script type=\"application\/ld+json\" class=\"yoast-schema-graph\">{\"@context\":\"https:\/\/schema.org\",\"@graph\":[{\"@type\":\"WebPage\",\"@id\":\"https:\/\/www.champmarket.com\/it\/cgv-2\/\",\"url\":\"https:\/\/www.champmarket.com\/it\/cgv-2\/\",\"name\":\"CGV - Champmarket\",\"isPartOf\":{\"@id\":\"https:\/\/www.champmarket.com\/#website\"},\"datePublished\":\"2023-07-24T13:51:18+00:00\",\"description\":\"Condizioni generali di vendita Articolo 1: Applicabilit\u00e0 delle presenti Condizioni Generali di Vendita Qualsiasi ordine effettuato tramite il sito web\",\"breadcrumb\":{\"@id\":\"https:\/\/www.champmarket.com\/it\/cgv-2\/#breadcrumb\"},\"inLanguage\":\"it-IT\",\"potentialAction\":[{\"@type\":\"ReadAction\",\"target\":[\"https:\/\/www.champmarket.com\/it\/cgv-2\/\"]}]},{\"@type\":\"BreadcrumbList\",\"@id\":\"https:\/\/www.champmarket.com\/it\/cgv-2\/#breadcrumb\",\"itemListElement\":[{\"@type\":\"ListItem\",\"position\":1,\"name\":\"Home\",\"item\":\"https:\/\/www.champmarket.com\/it\/acquista-champagne-online-champmarket\/\"},{\"@type\":\"ListItem\",\"position\":2,\"name\":\"CGV\"}]},{\"@type\":\"WebSite\",\"@id\":\"https:\/\/www.champmarket.com\/#website\",\"url\":\"https:\/\/www.champmarket.com\/\",\"name\":\"Champmarket\",\"description\":\"Champmarket, Champagnes, Cadeaux et Art de Vivre\",\"publisher\":{\"@id\":\"https:\/\/www.champmarket.com\/#organization\"},\"potentialAction\":[{\"@type\":\"SearchAction\",\"target\":{\"@type\":\"EntryPoint\",\"urlTemplate\":\"https:\/\/www.champmarket.com\/?s={search_term_string}\"},\"query-input\":{\"@type\":\"PropertyValueSpecification\",\"valueRequired\":true,\"valueName\":\"search_term_string\"}}],\"inLanguage\":\"it-IT\"},{\"@type\":\"Organization\",\"@id\":\"https:\/\/www.champmarket.com\/#organization\",\"name\":\"Champmarket\",\"url\":\"https:\/\/www.champmarket.com\/\",\"logo\":{\"@type\":\"ImageObject\",\"inLanguage\":\"it-IT\",\"@id\":\"https:\/\/www.champmarket.com\/#\/schema\/logo\/image\/\",\"url\":\"https:\/\/www.champmarket.com\/wp-content\/uploads\/2024\/08\/logo2024-1.svg\",\"contentUrl\":\"https:\/\/www.champmarket.com\/wp-content\/uploads\/2024\/08\/logo2024-1.svg\",\"width\":579.8,\"height\":80,\"caption\":\"Champmarket\"},\"image\":{\"@id\":\"https:\/\/www.champmarket.com\/#\/schema\/logo\/image\/\"},\"sameAs\":[\"https:\/\/www.facebook.com\/ChampMarket\/\",\"https:\/\/x.com\/champmarket\",\"https:\/\/www.instagram.com\/champmarket.paris\/\",\"https:\/\/www.pinterest.fr\/champmarketparis\/\",\"https:\/\/www.linkedin.com\/company\/champmarket\/\"]}]}<\/script>\n<!-- \/ Yoast SEO plugin. -->","yoast_head_json":{"title":"CGV - Champmarket","description":"Condizioni generali di vendita Articolo 1: Applicabilit\u00e0 delle presenti Condizioni Generali di Vendita Qualsiasi ordine effettuato tramite il sito web","robots":{"index":"index","follow":"follow","max-snippet":"max-snippet:-1","max-image-preview":"max-image-preview:large","max-video-preview":"max-video-preview:-1"},"canonical":"https:\/\/www.champmarket.com\/it\/cgv-2\/","og_locale":"it_IT","og_type":"article","og_title":"CGV - Champmarket","og_description":"Condizioni generali di vendita Articolo 1: Applicabilit\u00e0 delle presenti Condizioni Generali di Vendita Qualsiasi ordine effettuato tramite il sito web","og_url":"https:\/\/www.champmarket.com\/it\/cgv-2\/","og_site_name":"Champmarket","article_publisher":"https:\/\/www.facebook.com\/ChampMarket\/","twitter_card":"summary_large_image","twitter_site":"@champmarket","twitter_misc":{"Tempo di lettura stimato":"9 minuti"},"schema":{"@context":"https:\/\/schema.org","@graph":[{"@type":"WebPage","@id":"https:\/\/www.champmarket.com\/it\/cgv-2\/","url":"https:\/\/www.champmarket.com\/it\/cgv-2\/","name":"CGV - Champmarket","isPartOf":{"@id":"https:\/\/www.champmarket.com\/#website"},"datePublished":"2023-07-24T13:51:18+00:00","description":"Condizioni generali di vendita Articolo 1: Applicabilit\u00e0 delle presenti Condizioni Generali di Vendita Qualsiasi ordine effettuato tramite il sito web","breadcrumb":{"@id":"https:\/\/www.champmarket.com\/it\/cgv-2\/#breadcrumb"},"inLanguage":"it-IT","potentialAction":[{"@type":"ReadAction","target":["https:\/\/www.champmarket.com\/it\/cgv-2\/"]}]},{"@type":"BreadcrumbList","@id":"https:\/\/www.champmarket.com\/it\/cgv-2\/#breadcrumb","itemListElement":[{"@type":"ListItem","position":1,"name":"Home","item":"https:\/\/www.champmarket.com\/it\/acquista-champagne-online-champmarket\/"},{"@type":"ListItem","position":2,"name":"CGV"}]},{"@type":"WebSite","@id":"https:\/\/www.champmarket.com\/#website","url":"https:\/\/www.champmarket.com\/","name":"Champmarket","description":"Champmarket, Champagnes, Cadeaux et Art de Vivre","publisher":{"@id":"https:\/\/www.champmarket.com\/#organization"},"potentialAction":[{"@type":"SearchAction","target":{"@type":"EntryPoint","urlTemplate":"https:\/\/www.champmarket.com\/?s={search_term_string}"},"query-input":{"@type":"PropertyValueSpecification","valueRequired":true,"valueName":"search_term_string"}}],"inLanguage":"it-IT"},{"@type":"Organization","@id":"https:\/\/www.champmarket.com\/#organization","name":"Champmarket","url":"https:\/\/www.champmarket.com\/","logo":{"@type":"ImageObject","inLanguage":"it-IT","@id":"https:\/\/www.champmarket.com\/#\/schema\/logo\/image\/","url":"https:\/\/www.champmarket.com\/wp-content\/uploads\/2024\/08\/logo2024-1.svg","contentUrl":"https:\/\/www.champmarket.com\/wp-content\/uploads\/2024\/08\/logo2024-1.svg","width":579.8,"height":80,"caption":"Champmarket"},"image":{"@id":"https:\/\/www.champmarket.com\/#\/schema\/logo\/image\/"},"sameAs":["https:\/\/www.facebook.com\/ChampMarket\/","https:\/\/x.com\/champmarket","https:\/\/www.instagram.com\/champmarket.paris\/","https:\/\/www.pinterest.fr\/champmarketparis\/","https:\/\/www.linkedin.com\/company\/champmarket\/"]}]}},"_links":{"self":[{"href":"https:\/\/www.champmarket.com\/it\/wp-json\/wp\/v2\/pages\/56350","targetHints":{"allow":["GET"]}}],"collection":[{"href":"https:\/\/www.champmarket.com\/it\/wp-json\/wp\/v2\/pages"}],"about":[{"href":"https:\/\/www.champmarket.com\/it\/wp-json\/wp\/v2\/types\/page"}],"author":[{"embeddable":true,"href":"https:\/\/www.champmarket.com\/it\/wp-json\/wp\/v2\/users\/2"}],"replies":[{"embeddable":true,"href":"https:\/\/www.champmarket.com\/it\/wp-json\/wp\/v2\/comments?post=56350"}],"version-history":[{"count":1,"href":"https:\/\/www.champmarket.com\/it\/wp-json\/wp\/v2\/pages\/56350\/revisions"}],"predecessor-version":[{"id":56353,"href":"https:\/\/www.champmarket.com\/it\/wp-json\/wp\/v2\/pages\/56350\/revisions\/56353"}],"wp:attachment":[{"href":"https:\/\/www.champmarket.com\/it\/wp-json\/wp\/v2\/media?parent=56350"}],"curies":[{"name":"wp","href":"https:\/\/api.w.org\/{rel}","templated":true}]}}