{"id":38305,"date":"2022-06-27T15:10:37","date_gmt":"2022-06-27T13:10:37","guid":{"rendered":"https:\/\/www.champmarket.com\/champagne\/barons-de-rothschild-rare-collection-rose-2012-magnum-con-box-di-lusso\/"},"modified":"2023-04-03T15:18:55","modified_gmt":"2023-04-03T13:18:55","slug":"barons-de-rothschild-rare-collection-rose-2012-magnum-box-di-lusso","status":"publish","type":"product","link":"https:\/\/www.champmarket.com\/it\/champagne\/barons-de-rothschild-rare-collection-rose-2012-magnum-box-di-lusso\/","title":{"rendered":"Barons de Rothschild Rare Collection Ros\u00e9 2012 Magnum con box di lusso"},"content":{"rendered":"<p>Barons de Rothschild Rare Collection Ros\u00e9 2012 Magnum con box di lusso \u00e8 prodotto in quantit\u00e0 molto limitate e beneficia della stessa cura dei pi\u00f9 grandi vini della Famiglia Rothschild.<\/p>\n<p>Dalla creazione della Maison di Champagne nel 2005, la famiglia Rothschild si \u00e8 insediata nella Champagne con l&#8217;unica ambizione dell&#8217;eccellenza. Meno di un anno dopo, la creazione di una cuv\u00e9e eccezionale posta sotto il segno di un grande vintage, come i vini dei loro pi\u00f9 grandi Ch\u00e2teaux, completa le sue fondamenta.<\/p>\n<p>Presentato nella sua astuccio in noce massiccio, Barons de Rothschild Rare Collection Ros\u00e9 2012 \u00e8 un oggetto prezioso realizzato in legno nobile. Proprio come il legno di cui \u00e8 fatta, ogni box \u00e8 unica, con le proprie venature e sfumature di colore. Segno di un regalo di alta gamma, pu\u00f2 essere conservato e diventare un utile oggetto d&#8217;arte per ogni amante delle cose belle.<\/p>\n<p>Prodotto in Europa con una dimensione ambientale, il cofanetto lusso \u00e8 realizzato con foreste gestite in modo sostenibile. Per ogni box prodotto, viene piantato un albero.<\/p>\n<p>Il formato Magnum \u00e8 una bottiglia grande con una capacit\u00e0 di 1,5 litri, che rappresenta 2 bottiglie di champagne o 12 bicchieri. Questo grande formato \u00e8 ideale per ricevimenti, cene e occasioni speciali.<\/p>\n","protected":false},"excerpt":{"rendered":"<p>Il Barons de Rothschild Rare Collection Ros\u00e9 2012 Magnum con box di lusso, prodotto in quantit\u00e0 molto limitate, \u00e8 l&#8217;unione unica di 4 Chardonnay Grands Crus e un tocco di vino rosso di un&#8217;annata eccezionale. Una cuv\u00e9e prestigiosa dalla perfetta armonia, tra pienezza e delicatezza.<\/p>\n","protected":false},"featured_media":38277,"template":"","meta":{"_acf_changed":false},"product_brand":[],"product_cat":[3307,2391,2226,2227,2775,2376,2225,2375,2374,2224],"product_tag":[2248,2230,2250,2255,2231,2229,2232],"class_list":{"0":"post-38305","1":"product","2":"type-product","3":"status-publish","4":"has-post-thumbnail","6":"maisons-selection-champagne-barons-de-rothschild-it","7":"product_cat-tutti-gli-champagne-e-i-set-regalo-esclusivi","8":"product_cat-categorie-barons-de-rothschild-it","9":"product_cat-bottiglie-grande-it","10":"product_cat-magnum-it","11":"product_cat-tutti-gli-champagne","12":"product_cat-champagne-rose-it","13":"product_cat-champagne-millesime-it","14":"product_cat-champagne-prestige-it","15":"product_cat-champagne-extra-brut-non-dose-zero-dosage","16":"product_cat-repas-it","17":"product_tag-haute-couture-it","18":"product_tag-grande-fiaschetta","19":"product_tag-la-vie-en-rose-it","20":"product_tag-pour-offrir-it","21":"product_tag-cocktail-event-it","22":"product_tag-per-un-pasto-con-champagne","23":"product_tag-vintage-it","25":"first","26":"instock","27":"taxable","28":"shipping-taxable","29":"purchasable","30":"product-type-simple"},"acf":[],"yoast_head":"<!-- This site is optimized with the Yoast SEO plugin v26.4 - https:\/\/yoast.com\/wordpress\/plugins\/seo\/ -->\n<title>Barons de Rothschild Rare Collection Ros\u00e9 2012 Magnum con box di lusso - Champmarket<\/title>\n<meta name=\"description\" content=\"Il Barons de Rothschild Rare Collection Ros\u00e9 2012 Magnum con box di lusso, prodotto in quantit\u00e0 molto limitata, \u00e8 una cuv\u00e9e prestigiosa con una perfetta armonia tra pienezza e delicatezza.\" \/>\n<meta name=\"robots\" content=\"index, follow, max-snippet:-1, max-image-preview:large, max-video-preview:-1\" \/>\n<link rel=\"canonical\" href=\"https:\/\/www.champmarket.com\/it\/champagne\/barons-de-rothschild-rare-collection-rose-2012-magnum-box-di-lusso\/\" \/>\n<meta property=\"og:locale\" content=\"it_IT\" \/>\n<meta property=\"og:type\" content=\"article\" \/>\n<meta property=\"og:title\" content=\"Barons de Rothschild Rare Collection Ros\u00e9 2012 Magnum con box di lusso - Champmarket\" \/>\n<meta property=\"og:description\" content=\"Il Barons de Rothschild Rare Collection Ros\u00e9 2012 Magnum con box di lusso, prodotto in quantit\u00e0 molto limitata, \u00e8 una cuv\u00e9e prestigiosa con una perfetta armonia tra pienezza e delicatezza.\" \/>\n<meta property=\"og:url\" content=\"https:\/\/www.champmarket.com\/it\/champagne\/barons-de-rothschild-rare-collection-rose-2012-magnum-box-di-lusso\/\" \/>\n<meta property=\"og:site_name\" content=\"Champmarket\" \/>\n<meta property=\"article:publisher\" content=\"https:\/\/www.facebook.com\/ChampMarket\/\" \/>\n<meta property=\"article:modified_time\" content=\"2023-04-03T13:18:55+00:00\" \/>\n<meta property=\"og:image\" content=\"https:\/\/www.champmarket.com\/wp-content\/uploads\/2022\/06\/barons-de-rothschild-rare-collection-rose-2012-magnum-coffret.jpg\" \/>\n\t<meta property=\"og:image:width\" content=\"2000\" \/>\n\t<meta property=\"og:image:height\" content=\"2000\" \/>\n\t<meta property=\"og:image:type\" content=\"image\/jpeg\" \/>\n<meta name=\"twitter:card\" content=\"summary_large_image\" \/>\n<meta name=\"twitter:site\" content=\"@champmarket\" \/>\n<meta name=\"twitter:label1\" content=\"Tempo di lettura stimato\" \/>\n\t<meta name=\"twitter:data1\" content=\"1 minuto\" \/>\n<script type=\"application\/ld+json\" class=\"yoast-schema-graph\">{\"@context\":\"https:\/\/schema.org\",\"@graph\":[{\"@type\":\"WebPage\",\"@id\":\"https:\/\/www.champmarket.com\/it\/champagne\/barons-de-rothschild-rare-collection-rose-2012-magnum-box-di-lusso\/\",\"url\":\"https:\/\/www.champmarket.com\/it\/champagne\/barons-de-rothschild-rare-collection-rose-2012-magnum-box-di-lusso\/\",\"name\":\"Barons de Rothschild Rare Collection Ros\u00e9 2012 Magnum con box di lusso - Champmarket\",\"isPartOf\":{\"@id\":\"https:\/\/www.champmarket.com\/#website\"},\"primaryImageOfPage\":{\"@id\":\"https:\/\/www.champmarket.com\/it\/champagne\/barons-de-rothschild-rare-collection-rose-2012-magnum-box-di-lusso\/#primaryimage\"},\"image\":{\"@id\":\"https:\/\/www.champmarket.com\/it\/champagne\/barons-de-rothschild-rare-collection-rose-2012-magnum-box-di-lusso\/#primaryimage\"},\"thumbnailUrl\":\"https:\/\/www.champmarket.com\/wp-content\/uploads\/2022\/06\/barons-de-rothschild-rare-collection-rose-2012-magnum-coffret.jpg\",\"datePublished\":\"2022-06-27T13:10:37+00:00\",\"dateModified\":\"2023-04-03T13:18:55+00:00\",\"description\":\"Il Barons de Rothschild Rare Collection Ros\u00e9 2012 Magnum con box di lusso, prodotto in quantit\u00e0 molto limitata, \u00e8 una cuv\u00e9e prestigiosa con una perfetta armonia tra pienezza e delicatezza.\",\"breadcrumb\":{\"@id\":\"https:\/\/www.champmarket.com\/it\/champagne\/barons-de-rothschild-rare-collection-rose-2012-magnum-box-di-lusso\/#breadcrumb\"},\"inLanguage\":\"it-IT\",\"potentialAction\":[{\"@type\":\"ReadAction\",\"target\":[\"https:\/\/www.champmarket.com\/it\/champagne\/barons-de-rothschild-rare-collection-rose-2012-magnum-box-di-lusso\/\"]}]},{\"@type\":\"ImageObject\",\"inLanguage\":\"it-IT\",\"@id\":\"https:\/\/www.champmarket.com\/it\/champagne\/barons-de-rothschild-rare-collection-rose-2012-magnum-box-di-lusso\/#primaryimage\",\"url\":\"https:\/\/www.champmarket.com\/wp-content\/uploads\/2022\/06\/barons-de-rothschild-rare-collection-rose-2012-magnum-coffret.jpg\",\"contentUrl\":\"https:\/\/www.champmarket.com\/wp-content\/uploads\/2022\/06\/barons-de-rothschild-rare-collection-rose-2012-magnum-coffret.jpg\",\"width\":2000,\"height\":2000,\"caption\":\"Champagne Barons de Rothschild Rare Collection Ros\u00e9 2012 Magnum con box di lusso - Champmarket\"},{\"@type\":\"BreadcrumbList\",\"@id\":\"https:\/\/www.champmarket.com\/it\/champagne\/barons-de-rothschild-rare-collection-rose-2012-magnum-box-di-lusso\/#breadcrumb\",\"itemListElement\":[{\"@type\":\"ListItem\",\"position\":1,\"name\":\"Home\",\"item\":\"https:\/\/www.champmarket.com\/it\/acquista-champagne-online-champmarket\/\"},{\"@type\":\"ListItem\",\"position\":2,\"name\":\"Shop\",\"item\":\"https:\/\/www.champmarket.com\/it\/shop\/\"},{\"@type\":\"ListItem\",\"position\":3,\"name\":\"Barons de Rothschild\",\"item\":\"https:\/\/www.champmarket.com\/it\/maisons\/selection-champagne-barons-de-rothschild-it\/\"},{\"@type\":\"ListItem\",\"position\":4,\"name\":\"Barons de Rothschild Rare Collection Ros\u00e9 2012 Magnum con box di lusso\"}]},{\"@type\":\"WebSite\",\"@id\":\"https:\/\/www.champmarket.com\/#website\",\"url\":\"https:\/\/www.champmarket.com\/\",\"name\":\"Champmarket\",\"description\":\"Champmarket, Champagnes, Cadeaux et Art de Vivre\",\"publisher\":{\"@id\":\"https:\/\/www.champmarket.com\/#organization\"},\"potentialAction\":[{\"@type\":\"SearchAction\",\"target\":{\"@type\":\"EntryPoint\",\"urlTemplate\":\"https:\/\/www.champmarket.com\/?s={search_term_string}\"},\"query-input\":{\"@type\":\"PropertyValueSpecification\",\"valueRequired\":true,\"valueName\":\"search_term_string\"}}],\"inLanguage\":\"it-IT\"},{\"@type\":\"Organization\",\"@id\":\"https:\/\/www.champmarket.com\/#organization\",\"name\":\"Champmarket\",\"url\":\"https:\/\/www.champmarket.com\/\",\"logo\":{\"@type\":\"ImageObject\",\"inLanguage\":\"it-IT\",\"@id\":\"https:\/\/www.champmarket.com\/#\/schema\/logo\/image\/\",\"url\":\"https:\/\/www.champmarket.com\/wp-content\/uploads\/2024\/08\/logo2024-1.svg\",\"contentUrl\":\"https:\/\/www.champmarket.com\/wp-content\/uploads\/2024\/08\/logo2024-1.svg\",\"width\":579.8,\"height\":80,\"caption\":\"Champmarket\"},\"image\":{\"@id\":\"https:\/\/www.champmarket.com\/#\/schema\/logo\/image\/\"},\"sameAs\":[\"https:\/\/www.facebook.com\/ChampMarket\/\",\"https:\/\/x.com\/champmarket\",\"https:\/\/www.instagram.com\/champmarket.paris\/\",\"https:\/\/www.pinterest.fr\/champmarketparis\/\",\"https:\/\/www.linkedin.com\/company\/champmarket\/\"]}]}<\/script>\n<!-- \/ Yoast SEO plugin. -->","yoast_head_json":{"title":"Barons de Rothschild Rare Collection Ros\u00e9 2012 Magnum con box di lusso - Champmarket","description":"Il Barons de Rothschild Rare Collection Ros\u00e9 2012 Magnum con box di lusso, prodotto in quantit\u00e0 molto limitata, \u00e8 una cuv\u00e9e prestigiosa con una perfetta armonia tra pienezza e delicatezza.","robots":{"index":"index","follow":"follow","max-snippet":"max-snippet:-1","max-image-preview":"max-image-preview:large","max-video-preview":"max-video-preview:-1"},"canonical":"https:\/\/www.champmarket.com\/it\/champagne\/barons-de-rothschild-rare-collection-rose-2012-magnum-box-di-lusso\/","og_locale":"it_IT","og_type":"article","og_title":"Barons de Rothschild Rare Collection Ros\u00e9 2012 Magnum con box di lusso - Champmarket","og_description":"Il Barons de Rothschild Rare Collection Ros\u00e9 2012 Magnum con box di lusso, prodotto in quantit\u00e0 molto limitata, \u00e8 una cuv\u00e9e prestigiosa con una perfetta armonia tra pienezza e delicatezza.","og_url":"https:\/\/www.champmarket.com\/it\/champagne\/barons-de-rothschild-rare-collection-rose-2012-magnum-box-di-lusso\/","og_site_name":"Champmarket","article_publisher":"https:\/\/www.facebook.com\/ChampMarket\/","article_modified_time":"2023-04-03T13:18:55+00:00","og_image":[{"width":2000,"height":2000,"url":"https:\/\/www.champmarket.com\/wp-content\/uploads\/2022\/06\/barons-de-rothschild-rare-collection-rose-2012-magnum-coffret.jpg","type":"image\/jpeg"}],"twitter_card":"summary_large_image","twitter_site":"@champmarket","twitter_misc":{"Tempo di lettura stimato":"1 minuto"},"schema":{"@context":"https:\/\/schema.org","@graph":[{"@type":"WebPage","@id":"https:\/\/www.champmarket.com\/it\/champagne\/barons-de-rothschild-rare-collection-rose-2012-magnum-box-di-lusso\/","url":"https:\/\/www.champmarket.com\/it\/champagne\/barons-de-rothschild-rare-collection-rose-2012-magnum-box-di-lusso\/","name":"Barons de Rothschild Rare Collection Ros\u00e9 2012 Magnum con box di lusso - Champmarket","isPartOf":{"@id":"https:\/\/www.champmarket.com\/#website"},"primaryImageOfPage":{"@id":"https:\/\/www.champmarket.com\/it\/champagne\/barons-de-rothschild-rare-collection-rose-2012-magnum-box-di-lusso\/#primaryimage"},"image":{"@id":"https:\/\/www.champmarket.com\/it\/champagne\/barons-de-rothschild-rare-collection-rose-2012-magnum-box-di-lusso\/#primaryimage"},"thumbnailUrl":"https:\/\/www.champmarket.com\/wp-content\/uploads\/2022\/06\/barons-de-rothschild-rare-collection-rose-2012-magnum-coffret.jpg","datePublished":"2022-06-27T13:10:37+00:00","dateModified":"2023-04-03T13:18:55+00:00","description":"Il Barons de Rothschild Rare Collection Ros\u00e9 2012 Magnum con box di lusso, prodotto in quantit\u00e0 molto limitata, \u00e8 una cuv\u00e9e prestigiosa con una perfetta armonia tra pienezza e delicatezza.","breadcrumb":{"@id":"https:\/\/www.champmarket.com\/it\/champagne\/barons-de-rothschild-rare-collection-rose-2012-magnum-box-di-lusso\/#breadcrumb"},"inLanguage":"it-IT","potentialAction":[{"@type":"ReadAction","target":["https:\/\/www.champmarket.com\/it\/champagne\/barons-de-rothschild-rare-collection-rose-2012-magnum-box-di-lusso\/"]}]},{"@type":"ImageObject","inLanguage":"it-IT","@id":"https:\/\/www.champmarket.com\/it\/champagne\/barons-de-rothschild-rare-collection-rose-2012-magnum-box-di-lusso\/#primaryimage","url":"https:\/\/www.champmarket.com\/wp-content\/uploads\/2022\/06\/barons-de-rothschild-rare-collection-rose-2012-magnum-coffret.jpg","contentUrl":"https:\/\/www.champmarket.com\/wp-content\/uploads\/2022\/06\/barons-de-rothschild-rare-collection-rose-2012-magnum-coffret.jpg","width":2000,"height":2000,"caption":"Champagne Barons de Rothschild Rare Collection Ros\u00e9 2012 Magnum con box di lusso - Champmarket"},{"@type":"BreadcrumbList","@id":"https:\/\/www.champmarket.com\/it\/champagne\/barons-de-rothschild-rare-collection-rose-2012-magnum-box-di-lusso\/#breadcrumb","itemListElement":[{"@type":"ListItem","position":1,"name":"Home","item":"https:\/\/www.champmarket.com\/it\/acquista-champagne-online-champmarket\/"},{"@type":"ListItem","position":2,"name":"Shop","item":"https:\/\/www.champmarket.com\/it\/shop\/"},{"@type":"ListItem","position":3,"name":"Barons de Rothschild","item":"https:\/\/www.champmarket.com\/it\/maisons\/selection-champagne-barons-de-rothschild-it\/"},{"@type":"ListItem","position":4,"name":"Barons de Rothschild Rare Collection Ros\u00e9 2012 Magnum con box di lusso"}]},{"@type":"WebSite","@id":"https:\/\/www.champmarket.com\/#website","url":"https:\/\/www.champmarket.com\/","name":"Champmarket","description":"Champmarket, Champagnes, Cadeaux et Art de Vivre","publisher":{"@id":"https:\/\/www.champmarket.com\/#organization"},"potentialAction":[{"@type":"SearchAction","target":{"@type":"EntryPoint","urlTemplate":"https:\/\/www.champmarket.com\/?s={search_term_string}"},"query-input":{"@type":"PropertyValueSpecification","valueRequired":true,"valueName":"search_term_string"}}],"inLanguage":"it-IT"},{"@type":"Organization","@id":"https:\/\/www.champmarket.com\/#organization","name":"Champmarket","url":"https:\/\/www.champmarket.com\/","logo":{"@type":"ImageObject","inLanguage":"it-IT","@id":"https:\/\/www.champmarket.com\/#\/schema\/logo\/image\/","url":"https:\/\/www.champmarket.com\/wp-content\/uploads\/2024\/08\/logo2024-1.svg","contentUrl":"https:\/\/www.champmarket.com\/wp-content\/uploads\/2024\/08\/logo2024-1.svg","width":579.8,"height":80,"caption":"Champmarket"},"image":{"@id":"https:\/\/www.champmarket.com\/#\/schema\/logo\/image\/"},"sameAs":["https:\/\/www.facebook.com\/ChampMarket\/","https:\/\/x.com\/champmarket","https:\/\/www.instagram.com\/champmarket.paris\/","https:\/\/www.pinterest.fr\/champmarketparis\/","https:\/\/www.linkedin.com\/company\/champmarket\/"]}]}},"_links":{"self":[{"href":"https:\/\/www.champmarket.com\/it\/wp-json\/wp\/v2\/product\/38305","targetHints":{"allow":["GET"]}}],"collection":[{"href":"https:\/\/www.champmarket.com\/it\/wp-json\/wp\/v2\/product"}],"about":[{"href":"https:\/\/www.champmarket.com\/it\/wp-json\/wp\/v2\/types\/product"}],"version-history":[{"count":0,"href":"https:\/\/www.champmarket.com\/it\/wp-json\/wp\/v2\/product\/38305\/revisions"}],"wp:featuredmedia":[{"embeddable":true,"href":"https:\/\/www.champmarket.com\/it\/wp-json\/wp\/v2\/media\/38277"}],"wp:attachment":[{"href":"https:\/\/www.champmarket.com\/it\/wp-json\/wp\/v2\/media?parent=38305"}],"wp:term":[{"taxonomy":"product_brand","embeddable":true,"href":"https:\/\/www.champmarket.com\/it\/wp-json\/wp\/v2\/product_brand?post=38305"},{"taxonomy":"product_cat","embeddable":true,"href":"https:\/\/www.champmarket.com\/it\/wp-json\/wp\/v2\/product_cat?post=38305"},{"taxonomy":"product_tag","embeddable":true,"href":"https:\/\/www.champmarket.com\/it\/wp-json\/wp\/v2\/product_tag?post=38305"}],"curies":[{"name":"wp","href":"https:\/\/api.w.org\/{rel}","templated":true}]}}