{"id":38336,"date":"2022-06-13T16:25:16","date_gmt":"2022-06-13T14:25:16","guid":{"rendered":"https:\/\/www.champmarket.com\/champagne\/charles-heidsieck-blanc-des-millenaires-vintage-2007-bottiglia\/"},"modified":"2023-07-01T00:00:23","modified_gmt":"2023-06-30T22:00:23","slug":"charles-heidsieck-bianco-dei-millennials-2007-bottiglia","status":"publish","type":"product","link":"https:\/\/www.champmarket.com\/it\/champagne\/charles-heidsieck-bianco-dei-millennials-2007-bottiglia\/","title":{"rendered":"Charles Heidsieck Blanc des Mill\u00e9naires Vintage 2007 Bottiglia"},"content":{"rendered":"<p>Precursore nell&#8217;elaborazione di assemblaggi composti unicamente da Chardonnay, Charles Heidsieck ha mostrato molto presto interesse per questa categoria, all&#8217;epoca ancora marginale.<\/p>\n<p>Charles Heidsieck Blanc des Mill\u00e9naires Vintage 2007 \u00e8 :<\/p>\n<p><strong>Una texture incomparabile. <\/strong>Maturit\u00e0, vivacit\u00e0 e potenziale di invecchiamento conferiscono a questo vino la sua inconfondibile complessit\u00e0 aromatica.<br \/>\n<strong>L&#8217;espressione estrema del tempo.<\/strong> Quasi 15 anni di invecchiamento, di cui 10 anni sui lieviti in fosse di gesso millenarie, da cui il vino prende il nome.<br \/>\n<strong>Il prodotto esclusivo dei grandi Chardonnay.<\/strong> 4 Grands Crus e 1 Premier Cru della C\u00f4te des Blancs, selezionati in base alla loro capacit\u00e0 di evolvere ed esprimere la loro ricchezza durante la maturazione: Oger, Mesnil-sur-Oger, Avize, Cramant, Vertus.<\/p>\n","protected":false},"excerpt":{"rendered":"<p>Charles Heidsieck Blanc des Mill\u00e9naires Vintage 2007 \u00e8 il frutto di secoli di lavoro e di scelte di assoluto rigore per vini per loro natura eccezionali. Combinazione di grandi Chardonnaye di una vinificazione rigorosa, il 2022 segna la settima edizione del Blanc des Mill\u00e9naires, segno di un&#8217;annata rara. Le Blanc des Mill\u00e9naires fa parte di una lunga temporalit\u00e0, che si rivela lentamente e segna i ricordi&#8230;<\/p>\n","protected":false},"featured_media":38110,"template":"","meta":{"_acf_changed":false},"product_brand":[],"product_cat":[3549,3366,3317,3307,2392,2238,2775,2370,2225,2375,2223,2224],"product_tag":[2240,2245,2229,2232],"class_list":{"0":"post-38336","1":"product","2":"type-product","3":"status-publish","4":"has-post-thumbnail","6":"maisons-selection-champagne-charles-heidsieck-it","7":"product_cat-prezzi-agevolati","8":"product_cat-champagne-di-natale","9":"product_cat-i-migliori-champagne","10":"product_cat-tutti-gli-champagne-e-i-set-regalo-esclusivi","11":"product_cat-categorie-charles-heidsieck-it","12":"product_cat-bouteilles-it","13":"product_cat-tutti-gli-champagne","14":"product_cat-champagne-blanc-de-blancs-it","15":"product_cat-champagne-millesime-it","16":"product_cat-champagne-prestige-it","17":"product_cat-aperitif-it","18":"product_cat-repas-it","19":"product_tag-100-chardonnay-it","20":"product_tag-fruits-de-mer-it","21":"product_tag-per-un-pasto-con-champagne","22":"product_tag-vintage-it","24":"first","25":"outofstock","26":"sold-individually","27":"taxable","28":"shipping-taxable","29":"purchasable","30":"product-type-simple"},"acf":[],"yoast_head":"<!-- This site is optimized with the Yoast SEO plugin v26.4 - https:\/\/yoast.com\/wordpress\/plugins\/seo\/ -->\n<title>Charles Heidsieck Blanc des Mill\u00e9naires Vintage 2007 Bottiglia - Champmarket<\/title>\n<meta name=\"robots\" content=\"index, follow, max-snippet:-1, max-image-preview:large, max-video-preview:-1\" \/>\n<link rel=\"canonical\" href=\"https:\/\/www.champmarket.com\/it\/champagne\/charles-heidsieck-bianco-dei-millennials-2007-bottiglia\/\" \/>\n<meta property=\"og:locale\" content=\"it_IT\" \/>\n<meta property=\"og:type\" content=\"article\" \/>\n<meta property=\"og:title\" content=\"Charles Heidsieck Blanc des Mill\u00e9naires Vintage 2007 Bottiglia - Champmarket\" \/>\n<meta property=\"og:url\" content=\"https:\/\/www.champmarket.com\/it\/champagne\/charles-heidsieck-bianco-dei-millennials-2007-bottiglia\/\" \/>\n<meta property=\"og:site_name\" content=\"Champmarket\" \/>\n<meta property=\"article:publisher\" content=\"https:\/\/www.facebook.com\/ChampMarket\/\" \/>\n<meta property=\"article:modified_time\" content=\"2023-06-30T22:00:23+00:00\" \/>\n<meta property=\"og:image\" content=\"https:\/\/www.champmarket.com\/wp-content\/uploads\/2022\/06\/charles-heidsieck-blanc-des-millenaires-millesime-2007-bouteille.webp\" \/>\n\t<meta property=\"og:image:width\" content=\"2000\" \/>\n\t<meta property=\"og:image:height\" content=\"2000\" \/>\n\t<meta property=\"og:image:type\" content=\"image\/jpeg\" \/>\n<meta name=\"twitter:card\" content=\"summary_large_image\" \/>\n<meta name=\"twitter:site\" content=\"@champmarket\" \/>\n<meta name=\"twitter:label1\" content=\"Tempo di lettura stimato\" \/>\n\t<meta name=\"twitter:data1\" content=\"1 minuto\" \/>\n<script type=\"application\/ld+json\" class=\"yoast-schema-graph\">{\"@context\":\"https:\/\/schema.org\",\"@graph\":[{\"@type\":\"WebPage\",\"@id\":\"https:\/\/www.champmarket.com\/it\/champagne\/charles-heidsieck-bianco-dei-millennials-2007-bottiglia\/\",\"url\":\"https:\/\/www.champmarket.com\/it\/champagne\/charles-heidsieck-bianco-dei-millennials-2007-bottiglia\/\",\"name\":\"Charles Heidsieck Blanc des Mill\u00e9naires Vintage 2007 Bottiglia - Champmarket\",\"isPartOf\":{\"@id\":\"https:\/\/www.champmarket.com\/#website\"},\"primaryImageOfPage\":{\"@id\":\"https:\/\/www.champmarket.com\/it\/champagne\/charles-heidsieck-bianco-dei-millennials-2007-bottiglia\/#primaryimage\"},\"image\":{\"@id\":\"https:\/\/www.champmarket.com\/it\/champagne\/charles-heidsieck-bianco-dei-millennials-2007-bottiglia\/#primaryimage\"},\"thumbnailUrl\":\"https:\/\/www.champmarket.com\/wp-content\/uploads\/2022\/06\/charles-heidsieck-blanc-des-millenaires-millesime-2007-bouteille.webp\",\"datePublished\":\"2022-06-13T14:25:16+00:00\",\"dateModified\":\"2023-06-30T22:00:23+00:00\",\"breadcrumb\":{\"@id\":\"https:\/\/www.champmarket.com\/it\/champagne\/charles-heidsieck-bianco-dei-millennials-2007-bottiglia\/#breadcrumb\"},\"inLanguage\":\"it-IT\",\"potentialAction\":[{\"@type\":\"ReadAction\",\"target\":[\"https:\/\/www.champmarket.com\/it\/champagne\/charles-heidsieck-bianco-dei-millennials-2007-bottiglia\/\"]}]},{\"@type\":\"ImageObject\",\"inLanguage\":\"it-IT\",\"@id\":\"https:\/\/www.champmarket.com\/it\/champagne\/charles-heidsieck-bianco-dei-millennials-2007-bottiglia\/#primaryimage\",\"url\":\"https:\/\/www.champmarket.com\/wp-content\/uploads\/2022\/06\/charles-heidsieck-blanc-des-millenaires-millesime-2007-bouteille.webp\",\"contentUrl\":\"https:\/\/www.champmarket.com\/wp-content\/uploads\/2022\/06\/charles-heidsieck-blanc-des-millenaires-millesime-2007-bouteille.webp\",\"width\":2000,\"height\":2000,\"caption\":\"Champagne Charles Heidsieck Blanc des Mill\u00e9naires Vintage 2007 Bottiglia con box - Champmarket\"},{\"@type\":\"BreadcrumbList\",\"@id\":\"https:\/\/www.champmarket.com\/it\/champagne\/charles-heidsieck-bianco-dei-millennials-2007-bottiglia\/#breadcrumb\",\"itemListElement\":[{\"@type\":\"ListItem\",\"position\":1,\"name\":\"Home\",\"item\":\"https:\/\/www.champmarket.com\/it\/acquista-champagne-online-champmarket\/\"},{\"@type\":\"ListItem\",\"position\":2,\"name\":\"Shop\",\"item\":\"https:\/\/www.champmarket.com\/it\/shop\/\"},{\"@type\":\"ListItem\",\"position\":3,\"name\":\"Charles Heidsieck\",\"item\":\"https:\/\/www.champmarket.com\/it\/maisons\/selection-champagne-charles-heidsieck-it\/\"},{\"@type\":\"ListItem\",\"position\":4,\"name\":\"Charles Heidsieck Blanc des Mill\u00e9naires Vintage 2007 Bottiglia\"}]},{\"@type\":\"WebSite\",\"@id\":\"https:\/\/www.champmarket.com\/#website\",\"url\":\"https:\/\/www.champmarket.com\/\",\"name\":\"Champmarket\",\"description\":\"Champmarket, Champagnes, Cadeaux et Art de Vivre\",\"publisher\":{\"@id\":\"https:\/\/www.champmarket.com\/#organization\"},\"potentialAction\":[{\"@type\":\"SearchAction\",\"target\":{\"@type\":\"EntryPoint\",\"urlTemplate\":\"https:\/\/www.champmarket.com\/?s={search_term_string}\"},\"query-input\":{\"@type\":\"PropertyValueSpecification\",\"valueRequired\":true,\"valueName\":\"search_term_string\"}}],\"inLanguage\":\"it-IT\"},{\"@type\":\"Organization\",\"@id\":\"https:\/\/www.champmarket.com\/#organization\",\"name\":\"Champmarket\",\"url\":\"https:\/\/www.champmarket.com\/\",\"logo\":{\"@type\":\"ImageObject\",\"inLanguage\":\"it-IT\",\"@id\":\"https:\/\/www.champmarket.com\/#\/schema\/logo\/image\/\",\"url\":\"https:\/\/www.champmarket.com\/wp-content\/uploads\/2024\/08\/logo2024-1.svg\",\"contentUrl\":\"https:\/\/www.champmarket.com\/wp-content\/uploads\/2024\/08\/logo2024-1.svg\",\"width\":579.8,\"height\":80,\"caption\":\"Champmarket\"},\"image\":{\"@id\":\"https:\/\/www.champmarket.com\/#\/schema\/logo\/image\/\"},\"sameAs\":[\"https:\/\/www.facebook.com\/ChampMarket\/\",\"https:\/\/x.com\/champmarket\",\"https:\/\/www.instagram.com\/champmarket.paris\/\",\"https:\/\/www.pinterest.fr\/champmarketparis\/\",\"https:\/\/www.linkedin.com\/company\/champmarket\/\"]}]}<\/script>\n<!-- \/ Yoast SEO plugin. -->","yoast_head_json":{"title":"Charles Heidsieck Blanc des Mill\u00e9naires Vintage 2007 Bottiglia - Champmarket","robots":{"index":"index","follow":"follow","max-snippet":"max-snippet:-1","max-image-preview":"max-image-preview:large","max-video-preview":"max-video-preview:-1"},"canonical":"https:\/\/www.champmarket.com\/it\/champagne\/charles-heidsieck-bianco-dei-millennials-2007-bottiglia\/","og_locale":"it_IT","og_type":"article","og_title":"Charles Heidsieck Blanc des Mill\u00e9naires Vintage 2007 Bottiglia - Champmarket","og_url":"https:\/\/www.champmarket.com\/it\/champagne\/charles-heidsieck-bianco-dei-millennials-2007-bottiglia\/","og_site_name":"Champmarket","article_publisher":"https:\/\/www.facebook.com\/ChampMarket\/","article_modified_time":"2023-06-30T22:00:23+00:00","og_image":[{"width":2000,"height":2000,"url":"https:\/\/www.champmarket.com\/wp-content\/uploads\/2022\/06\/charles-heidsieck-blanc-des-millenaires-millesime-2007-bouteille.webp","type":"image\/jpeg"}],"twitter_card":"summary_large_image","twitter_site":"@champmarket","twitter_misc":{"Tempo di lettura stimato":"1 minuto"},"schema":{"@context":"https:\/\/schema.org","@graph":[{"@type":"WebPage","@id":"https:\/\/www.champmarket.com\/it\/champagne\/charles-heidsieck-bianco-dei-millennials-2007-bottiglia\/","url":"https:\/\/www.champmarket.com\/it\/champagne\/charles-heidsieck-bianco-dei-millennials-2007-bottiglia\/","name":"Charles Heidsieck Blanc des Mill\u00e9naires Vintage 2007 Bottiglia - Champmarket","isPartOf":{"@id":"https:\/\/www.champmarket.com\/#website"},"primaryImageOfPage":{"@id":"https:\/\/www.champmarket.com\/it\/champagne\/charles-heidsieck-bianco-dei-millennials-2007-bottiglia\/#primaryimage"},"image":{"@id":"https:\/\/www.champmarket.com\/it\/champagne\/charles-heidsieck-bianco-dei-millennials-2007-bottiglia\/#primaryimage"},"thumbnailUrl":"https:\/\/www.champmarket.com\/wp-content\/uploads\/2022\/06\/charles-heidsieck-blanc-des-millenaires-millesime-2007-bouteille.webp","datePublished":"2022-06-13T14:25:16+00:00","dateModified":"2023-06-30T22:00:23+00:00","breadcrumb":{"@id":"https:\/\/www.champmarket.com\/it\/champagne\/charles-heidsieck-bianco-dei-millennials-2007-bottiglia\/#breadcrumb"},"inLanguage":"it-IT","potentialAction":[{"@type":"ReadAction","target":["https:\/\/www.champmarket.com\/it\/champagne\/charles-heidsieck-bianco-dei-millennials-2007-bottiglia\/"]}]},{"@type":"ImageObject","inLanguage":"it-IT","@id":"https:\/\/www.champmarket.com\/it\/champagne\/charles-heidsieck-bianco-dei-millennials-2007-bottiglia\/#primaryimage","url":"https:\/\/www.champmarket.com\/wp-content\/uploads\/2022\/06\/charles-heidsieck-blanc-des-millenaires-millesime-2007-bouteille.webp","contentUrl":"https:\/\/www.champmarket.com\/wp-content\/uploads\/2022\/06\/charles-heidsieck-blanc-des-millenaires-millesime-2007-bouteille.webp","width":2000,"height":2000,"caption":"Champagne Charles Heidsieck Blanc des Mill\u00e9naires Vintage 2007 Bottiglia con box - Champmarket"},{"@type":"BreadcrumbList","@id":"https:\/\/www.champmarket.com\/it\/champagne\/charles-heidsieck-bianco-dei-millennials-2007-bottiglia\/#breadcrumb","itemListElement":[{"@type":"ListItem","position":1,"name":"Home","item":"https:\/\/www.champmarket.com\/it\/acquista-champagne-online-champmarket\/"},{"@type":"ListItem","position":2,"name":"Shop","item":"https:\/\/www.champmarket.com\/it\/shop\/"},{"@type":"ListItem","position":3,"name":"Charles Heidsieck","item":"https:\/\/www.champmarket.com\/it\/maisons\/selection-champagne-charles-heidsieck-it\/"},{"@type":"ListItem","position":4,"name":"Charles Heidsieck Blanc des Mill\u00e9naires Vintage 2007 Bottiglia"}]},{"@type":"WebSite","@id":"https:\/\/www.champmarket.com\/#website","url":"https:\/\/www.champmarket.com\/","name":"Champmarket","description":"Champmarket, Champagnes, Cadeaux et Art de Vivre","publisher":{"@id":"https:\/\/www.champmarket.com\/#organization"},"potentialAction":[{"@type":"SearchAction","target":{"@type":"EntryPoint","urlTemplate":"https:\/\/www.champmarket.com\/?s={search_term_string}"},"query-input":{"@type":"PropertyValueSpecification","valueRequired":true,"valueName":"search_term_string"}}],"inLanguage":"it-IT"},{"@type":"Organization","@id":"https:\/\/www.champmarket.com\/#organization","name":"Champmarket","url":"https:\/\/www.champmarket.com\/","logo":{"@type":"ImageObject","inLanguage":"it-IT","@id":"https:\/\/www.champmarket.com\/#\/schema\/logo\/image\/","url":"https:\/\/www.champmarket.com\/wp-content\/uploads\/2024\/08\/logo2024-1.svg","contentUrl":"https:\/\/www.champmarket.com\/wp-content\/uploads\/2024\/08\/logo2024-1.svg","width":579.8,"height":80,"caption":"Champmarket"},"image":{"@id":"https:\/\/www.champmarket.com\/#\/schema\/logo\/image\/"},"sameAs":["https:\/\/www.facebook.com\/ChampMarket\/","https:\/\/x.com\/champmarket","https:\/\/www.instagram.com\/champmarket.paris\/","https:\/\/www.pinterest.fr\/champmarketparis\/","https:\/\/www.linkedin.com\/company\/champmarket\/"]}]}},"_links":{"self":[{"href":"https:\/\/www.champmarket.com\/it\/wp-json\/wp\/v2\/product\/38336","targetHints":{"allow":["GET"]}}],"collection":[{"href":"https:\/\/www.champmarket.com\/it\/wp-json\/wp\/v2\/product"}],"about":[{"href":"https:\/\/www.champmarket.com\/it\/wp-json\/wp\/v2\/types\/product"}],"version-history":[{"count":0,"href":"https:\/\/www.champmarket.com\/it\/wp-json\/wp\/v2\/product\/38336\/revisions"}],"wp:featuredmedia":[{"embeddable":true,"href":"https:\/\/www.champmarket.com\/it\/wp-json\/wp\/v2\/media\/38110"}],"wp:attachment":[{"href":"https:\/\/www.champmarket.com\/it\/wp-json\/wp\/v2\/media?parent=38336"}],"wp:term":[{"taxonomy":"product_brand","embeddable":true,"href":"https:\/\/www.champmarket.com\/it\/wp-json\/wp\/v2\/product_brand?post=38336"},{"taxonomy":"product_cat","embeddable":true,"href":"https:\/\/www.champmarket.com\/it\/wp-json\/wp\/v2\/product_cat?post=38336"},{"taxonomy":"product_tag","embeddable":true,"href":"https:\/\/www.champmarket.com\/it\/wp-json\/wp\/v2\/product_tag?post=38336"}],"curies":[{"name":"wp","href":"https:\/\/api.w.org\/{rel}","templated":true}]}}