{"id":38435,"date":"2022-03-22T10:56:44","date_gmt":"2022-03-22T09:56:44","guid":{"rendered":"https:\/\/www.champmarket.com\/champagne\/armand-de-brignac-rose-magnum-con-astuccio\/"},"modified":"2025-04-29T16:17:23","modified_gmt":"2025-04-29T14:17:23","slug":"armand-de-brignac-rose-magnum-con-astuccio","status":"publish","type":"product","link":"https:\/\/www.champmarket.com\/it\/champagne\/armand-de-brignac-rose-magnum-con-astuccio\/","title":{"rendered":"Armand de Brignac Brut Ros\u00e9 Magnum con custodia"},"content":{"rendered":"<p class=\"p2\">Armand de Brignac Brut Ros\u00e9 Magnum con astuccio \u00e8 prodotto con uve Pinot Noir provenienti da vecchie vigne piantate sulla Montagne de Reims, che producono un&#8217;uva dalla potente intensit\u00e0 aromatica. La cuv\u00e9e risultante offre note vivaci e fresche di frutta rossa, completate da aromi di biscotto.<\/p>\n<p>Presentato in un sacchetto di tessuto satinato, questo eccezionale champagne \u00e8 ideale per tutte le occasioni speciali e i regali.<\/p>\n","protected":false},"excerpt":{"rendered":"<p>Lo champagne Armand de Brignac Brut Ros\u00e9 Magnum con astuccio \u00e8 una cuv\u00e9es prestigiosa, fatta per sublimare il momento.<\/p>\n<p>Il formato Magnum \u00e8 una bottiglia grande con una capacit\u00e0 di 1,5 litri, che rappresenta 2 bottiglie di champagne o 12 bicchieri. Questo grande formato, presentato in una lussuosa custodia, \u00e8 ideale per ricevimenti, cene, occasioni speciali e regali.<\/p>\n","protected":false},"featured_media":37411,"template":"","meta":{"_acf_changed":false},"product_brand":[],"product_cat":[3307,2390,2226,2227,2775,2376,2375,2420,2223,2222],"product_tag":[2248,2249,2230,2228,2250,2255,2229],"class_list":{"0":"post-38435","1":"product","2":"type-product","3":"status-publish","4":"has-post-thumbnail","6":"maisons-selection-champagne-armand-de-brignac-it","7":"product_cat-tutti-gli-champagne-e-i-set-regalo-esclusivi","8":"product_cat-armand-de-brignac-it","9":"product_cat-bottiglie-grande-it","10":"product_cat-magnum-it","11":"product_cat-tutti-gli-champagne","12":"product_cat-champagne-rose-it","13":"product_cat-champagne-prestige-it","14":"product_cat-dessert-it","15":"product_cat-aperitif-it","16":"product_cat-evenement-cocktail-it","17":"product_tag-haute-couture-it","18":"product_tag-incontournable-it","19":"product_tag-grande-fiaschetta","20":"product_tag-aperitif-it","21":"product_tag-la-vie-en-rose-it","22":"product_tag-pour-offrir-it","23":"product_tag-per-un-pasto-con-champagne","25":"first","26":"instock","27":"taxable","28":"shipping-taxable","29":"purchasable","30":"product-type-simple"},"acf":[],"yoast_head":"<!-- This site is optimized with the Yoast SEO plugin v26.4 - https:\/\/yoast.com\/wordpress\/plugins\/seo\/ -->\n<title>Armand de Brignac Brut Ros\u00e9 Magnum con custodia - Champmarket<\/title>\n<meta name=\"description\" content=\"Lo champagne Armand de Brignac Brut Ros\u00e9 Magnum con astuccio \u00e8 una cuv\u00e9es prestigiosa, fatta per sublimare il momento. Questa grande bottiglia \u00e8 ideale per regali e occasioni speciali, ricevimenti e cene.\" \/>\n<meta name=\"robots\" content=\"index, follow, max-snippet:-1, max-image-preview:large, max-video-preview:-1\" \/>\n<link rel=\"canonical\" href=\"https:\/\/www.champmarket.com\/it\/champagne\/armand-de-brignac-rose-magnum-con-astuccio\/\" \/>\n<meta property=\"og:locale\" content=\"it_IT\" \/>\n<meta property=\"og:type\" content=\"article\" \/>\n<meta property=\"og:title\" content=\"Armand de Brignac Brut Ros\u00e9 Magnum con custodia - Champmarket\" \/>\n<meta property=\"og:description\" content=\"Lo champagne Armand de Brignac Brut Ros\u00e9 Magnum con astuccio \u00e8 una cuv\u00e9es prestigiosa, fatta per sublimare il momento. Questa grande bottiglia \u00e8 ideale per regali e occasioni speciali, ricevimenti e cene.\" \/>\n<meta property=\"og:url\" content=\"https:\/\/www.champmarket.com\/it\/champagne\/armand-de-brignac-rose-magnum-con-astuccio\/\" \/>\n<meta property=\"og:site_name\" content=\"Champmarket\" \/>\n<meta property=\"article:publisher\" content=\"https:\/\/www.facebook.com\/ChampMarket\/\" \/>\n<meta property=\"article:modified_time\" content=\"2025-04-29T14:17:23+00:00\" \/>\n<meta property=\"og:image\" content=\"https:\/\/www.champmarket.com\/wp-content\/uploads\/2022\/03\/armand-de-brignac-rose-magnum-pochon.jpg\" \/>\n\t<meta property=\"og:image:width\" content=\"2000\" \/>\n\t<meta property=\"og:image:height\" content=\"2000\" \/>\n\t<meta property=\"og:image:type\" content=\"image\/jpeg\" \/>\n<meta name=\"twitter:card\" content=\"summary_large_image\" \/>\n<meta name=\"twitter:site\" content=\"@champmarket\" \/>\n<script type=\"application\/ld+json\" class=\"yoast-schema-graph\">{\"@context\":\"https:\/\/schema.org\",\"@graph\":[{\"@type\":\"WebPage\",\"@id\":\"https:\/\/www.champmarket.com\/it\/champagne\/armand-de-brignac-rose-magnum-con-astuccio\/\",\"url\":\"https:\/\/www.champmarket.com\/it\/champagne\/armand-de-brignac-rose-magnum-con-astuccio\/\",\"name\":\"Armand de Brignac Brut Ros\u00e9 Magnum con custodia - Champmarket\",\"isPartOf\":{\"@id\":\"https:\/\/www.champmarket.com\/#website\"},\"primaryImageOfPage\":{\"@id\":\"https:\/\/www.champmarket.com\/it\/champagne\/armand-de-brignac-rose-magnum-con-astuccio\/#primaryimage\"},\"image\":{\"@id\":\"https:\/\/www.champmarket.com\/it\/champagne\/armand-de-brignac-rose-magnum-con-astuccio\/#primaryimage\"},\"thumbnailUrl\":\"https:\/\/www.champmarket.com\/wp-content\/uploads\/2022\/03\/armand-de-brignac-rose-magnum-pochon.jpg\",\"datePublished\":\"2022-03-22T09:56:44+00:00\",\"dateModified\":\"2025-04-29T14:17:23+00:00\",\"description\":\"Lo champagne Armand de Brignac Brut Ros\u00e9 Magnum con astuccio \u00e8 una cuv\u00e9es prestigiosa, fatta per sublimare il momento. Questa grande bottiglia \u00e8 ideale per regali e occasioni speciali, ricevimenti e cene.\",\"breadcrumb\":{\"@id\":\"https:\/\/www.champmarket.com\/it\/champagne\/armand-de-brignac-rose-magnum-con-astuccio\/#breadcrumb\"},\"inLanguage\":\"it-IT\",\"potentialAction\":[{\"@type\":\"ReadAction\",\"target\":[\"https:\/\/www.champmarket.com\/it\/champagne\/armand-de-brignac-rose-magnum-con-astuccio\/\"]}]},{\"@type\":\"ImageObject\",\"inLanguage\":\"it-IT\",\"@id\":\"https:\/\/www.champmarket.com\/it\/champagne\/armand-de-brignac-rose-magnum-con-astuccio\/#primaryimage\",\"url\":\"https:\/\/www.champmarket.com\/wp-content\/uploads\/2022\/03\/armand-de-brignac-rose-magnum-pochon.jpg\",\"contentUrl\":\"https:\/\/www.champmarket.com\/wp-content\/uploads\/2022\/03\/armand-de-brignac-rose-magnum-pochon.jpg\",\"width\":2000,\"height\":2000,\"caption\":\"Champagne Armand de Brignac Ros\u00e9 Magnum con astuccio - Champmarket\"},{\"@type\":\"BreadcrumbList\",\"@id\":\"https:\/\/www.champmarket.com\/it\/champagne\/armand-de-brignac-rose-magnum-con-astuccio\/#breadcrumb\",\"itemListElement\":[{\"@type\":\"ListItem\",\"position\":1,\"name\":\"Home\",\"item\":\"https:\/\/www.champmarket.com\/it\/acquista-champagne-online-champmarket\/\"},{\"@type\":\"ListItem\",\"position\":2,\"name\":\"Shop\",\"item\":\"https:\/\/www.champmarket.com\/it\/shop\/\"},{\"@type\":\"ListItem\",\"position\":3,\"name\":\"Armand de Brignac\",\"item\":\"https:\/\/www.champmarket.com\/it\/maisons\/selection-champagne-armand-de-brignac-it\/\"},{\"@type\":\"ListItem\",\"position\":4,\"name\":\"Armand de Brignac Brut Ros\u00e9 Magnum con custodia\"}]},{\"@type\":\"WebSite\",\"@id\":\"https:\/\/www.champmarket.com\/#website\",\"url\":\"https:\/\/www.champmarket.com\/\",\"name\":\"Champmarket\",\"description\":\"Champmarket, Champagnes, Cadeaux et Art de Vivre\",\"publisher\":{\"@id\":\"https:\/\/www.champmarket.com\/#organization\"},\"potentialAction\":[{\"@type\":\"SearchAction\",\"target\":{\"@type\":\"EntryPoint\",\"urlTemplate\":\"https:\/\/www.champmarket.com\/?s={search_term_string}\"},\"query-input\":{\"@type\":\"PropertyValueSpecification\",\"valueRequired\":true,\"valueName\":\"search_term_string\"}}],\"inLanguage\":\"it-IT\"},{\"@type\":\"Organization\",\"@id\":\"https:\/\/www.champmarket.com\/#organization\",\"name\":\"Champmarket\",\"url\":\"https:\/\/www.champmarket.com\/\",\"logo\":{\"@type\":\"ImageObject\",\"inLanguage\":\"it-IT\",\"@id\":\"https:\/\/www.champmarket.com\/#\/schema\/logo\/image\/\",\"url\":\"https:\/\/www.champmarket.com\/wp-content\/uploads\/2024\/08\/logo2024-1.svg\",\"contentUrl\":\"https:\/\/www.champmarket.com\/wp-content\/uploads\/2024\/08\/logo2024-1.svg\",\"width\":579.8,\"height\":80,\"caption\":\"Champmarket\"},\"image\":{\"@id\":\"https:\/\/www.champmarket.com\/#\/schema\/logo\/image\/\"},\"sameAs\":[\"https:\/\/www.facebook.com\/ChampMarket\/\",\"https:\/\/x.com\/champmarket\",\"https:\/\/www.instagram.com\/champmarket.paris\/\",\"https:\/\/www.pinterest.fr\/champmarketparis\/\",\"https:\/\/www.linkedin.com\/company\/champmarket\/\"]}]}<\/script>\n<!-- \/ Yoast SEO plugin. -->","yoast_head_json":{"title":"Armand de Brignac Brut Ros\u00e9 Magnum con custodia - Champmarket","description":"Lo champagne Armand de Brignac Brut Ros\u00e9 Magnum con astuccio \u00e8 una cuv\u00e9es prestigiosa, fatta per sublimare il momento. Questa grande bottiglia \u00e8 ideale per regali e occasioni speciali, ricevimenti e cene.","robots":{"index":"index","follow":"follow","max-snippet":"max-snippet:-1","max-image-preview":"max-image-preview:large","max-video-preview":"max-video-preview:-1"},"canonical":"https:\/\/www.champmarket.com\/it\/champagne\/armand-de-brignac-rose-magnum-con-astuccio\/","og_locale":"it_IT","og_type":"article","og_title":"Armand de Brignac Brut Ros\u00e9 Magnum con custodia - Champmarket","og_description":"Lo champagne Armand de Brignac Brut Ros\u00e9 Magnum con astuccio \u00e8 una cuv\u00e9es prestigiosa, fatta per sublimare il momento. Questa grande bottiglia \u00e8 ideale per regali e occasioni speciali, ricevimenti e cene.","og_url":"https:\/\/www.champmarket.com\/it\/champagne\/armand-de-brignac-rose-magnum-con-astuccio\/","og_site_name":"Champmarket","article_publisher":"https:\/\/www.facebook.com\/ChampMarket\/","article_modified_time":"2025-04-29T14:17:23+00:00","og_image":[{"width":2000,"height":2000,"url":"https:\/\/www.champmarket.com\/wp-content\/uploads\/2022\/03\/armand-de-brignac-rose-magnum-pochon.jpg","type":"image\/jpeg"}],"twitter_card":"summary_large_image","twitter_site":"@champmarket","schema":{"@context":"https:\/\/schema.org","@graph":[{"@type":"WebPage","@id":"https:\/\/www.champmarket.com\/it\/champagne\/armand-de-brignac-rose-magnum-con-astuccio\/","url":"https:\/\/www.champmarket.com\/it\/champagne\/armand-de-brignac-rose-magnum-con-astuccio\/","name":"Armand de Brignac Brut Ros\u00e9 Magnum con custodia - Champmarket","isPartOf":{"@id":"https:\/\/www.champmarket.com\/#website"},"primaryImageOfPage":{"@id":"https:\/\/www.champmarket.com\/it\/champagne\/armand-de-brignac-rose-magnum-con-astuccio\/#primaryimage"},"image":{"@id":"https:\/\/www.champmarket.com\/it\/champagne\/armand-de-brignac-rose-magnum-con-astuccio\/#primaryimage"},"thumbnailUrl":"https:\/\/www.champmarket.com\/wp-content\/uploads\/2022\/03\/armand-de-brignac-rose-magnum-pochon.jpg","datePublished":"2022-03-22T09:56:44+00:00","dateModified":"2025-04-29T14:17:23+00:00","description":"Lo champagne Armand de Brignac Brut Ros\u00e9 Magnum con astuccio \u00e8 una cuv\u00e9es prestigiosa, fatta per sublimare il momento. Questa grande bottiglia \u00e8 ideale per regali e occasioni speciali, ricevimenti e cene.","breadcrumb":{"@id":"https:\/\/www.champmarket.com\/it\/champagne\/armand-de-brignac-rose-magnum-con-astuccio\/#breadcrumb"},"inLanguage":"it-IT","potentialAction":[{"@type":"ReadAction","target":["https:\/\/www.champmarket.com\/it\/champagne\/armand-de-brignac-rose-magnum-con-astuccio\/"]}]},{"@type":"ImageObject","inLanguage":"it-IT","@id":"https:\/\/www.champmarket.com\/it\/champagne\/armand-de-brignac-rose-magnum-con-astuccio\/#primaryimage","url":"https:\/\/www.champmarket.com\/wp-content\/uploads\/2022\/03\/armand-de-brignac-rose-magnum-pochon.jpg","contentUrl":"https:\/\/www.champmarket.com\/wp-content\/uploads\/2022\/03\/armand-de-brignac-rose-magnum-pochon.jpg","width":2000,"height":2000,"caption":"Champagne Armand de Brignac Ros\u00e9 Magnum con astuccio - Champmarket"},{"@type":"BreadcrumbList","@id":"https:\/\/www.champmarket.com\/it\/champagne\/armand-de-brignac-rose-magnum-con-astuccio\/#breadcrumb","itemListElement":[{"@type":"ListItem","position":1,"name":"Home","item":"https:\/\/www.champmarket.com\/it\/acquista-champagne-online-champmarket\/"},{"@type":"ListItem","position":2,"name":"Shop","item":"https:\/\/www.champmarket.com\/it\/shop\/"},{"@type":"ListItem","position":3,"name":"Armand de Brignac","item":"https:\/\/www.champmarket.com\/it\/maisons\/selection-champagne-armand-de-brignac-it\/"},{"@type":"ListItem","position":4,"name":"Armand de Brignac Brut Ros\u00e9 Magnum con custodia"}]},{"@type":"WebSite","@id":"https:\/\/www.champmarket.com\/#website","url":"https:\/\/www.champmarket.com\/","name":"Champmarket","description":"Champmarket, Champagnes, Cadeaux et Art de Vivre","publisher":{"@id":"https:\/\/www.champmarket.com\/#organization"},"potentialAction":[{"@type":"SearchAction","target":{"@type":"EntryPoint","urlTemplate":"https:\/\/www.champmarket.com\/?s={search_term_string}"},"query-input":{"@type":"PropertyValueSpecification","valueRequired":true,"valueName":"search_term_string"}}],"inLanguage":"it-IT"},{"@type":"Organization","@id":"https:\/\/www.champmarket.com\/#organization","name":"Champmarket","url":"https:\/\/www.champmarket.com\/","logo":{"@type":"ImageObject","inLanguage":"it-IT","@id":"https:\/\/www.champmarket.com\/#\/schema\/logo\/image\/","url":"https:\/\/www.champmarket.com\/wp-content\/uploads\/2024\/08\/logo2024-1.svg","contentUrl":"https:\/\/www.champmarket.com\/wp-content\/uploads\/2024\/08\/logo2024-1.svg","width":579.8,"height":80,"caption":"Champmarket"},"image":{"@id":"https:\/\/www.champmarket.com\/#\/schema\/logo\/image\/"},"sameAs":["https:\/\/www.facebook.com\/ChampMarket\/","https:\/\/x.com\/champmarket","https:\/\/www.instagram.com\/champmarket.paris\/","https:\/\/www.pinterest.fr\/champmarketparis\/","https:\/\/www.linkedin.com\/company\/champmarket\/"]}]}},"_links":{"self":[{"href":"https:\/\/www.champmarket.com\/it\/wp-json\/wp\/v2\/product\/38435","targetHints":{"allow":["GET"]}}],"collection":[{"href":"https:\/\/www.champmarket.com\/it\/wp-json\/wp\/v2\/product"}],"about":[{"href":"https:\/\/www.champmarket.com\/it\/wp-json\/wp\/v2\/types\/product"}],"version-history":[{"count":1,"href":"https:\/\/www.champmarket.com\/it\/wp-json\/wp\/v2\/product\/38435\/revisions"}],"predecessor-version":[{"id":78259,"href":"https:\/\/www.champmarket.com\/it\/wp-json\/wp\/v2\/product\/38435\/revisions\/78259"}],"wp:featuredmedia":[{"embeddable":true,"href":"https:\/\/www.champmarket.com\/it\/wp-json\/wp\/v2\/media\/37411"}],"wp:attachment":[{"href":"https:\/\/www.champmarket.com\/it\/wp-json\/wp\/v2\/media?parent=38435"}],"wp:term":[{"taxonomy":"product_brand","embeddable":true,"href":"https:\/\/www.champmarket.com\/it\/wp-json\/wp\/v2\/product_brand?post=38435"},{"taxonomy":"product_cat","embeddable":true,"href":"https:\/\/www.champmarket.com\/it\/wp-json\/wp\/v2\/product_cat?post=38435"},{"taxonomy":"product_tag","embeddable":true,"href":"https:\/\/www.champmarket.com\/it\/wp-json\/wp\/v2\/product_tag?post=38435"}],"curies":[{"name":"wp","href":"https:\/\/api.w.org\/{rel}","templated":true}]}}