{"id":38440,"date":"2022-02-02T12:12:32","date_gmt":"2022-02-02T11:12:32","guid":{"rendered":"https:\/\/www.champmarket.com\/champagne\/armand-de-brignac-brut-gold-bottiglia\/"},"modified":"2025-04-29T17:04:46","modified_gmt":"2025-04-29T15:04:46","slug":"armand-de-brignac-brut-gold-bottiglia","status":"publish","type":"product","link":"https:\/\/www.champmarket.com\/it\/champagne\/armand-de-brignac-brut-gold-bottiglia\/","title":{"rendered":"Armand de Brignac Brut Gold Bottiglia"},"content":{"rendered":"<p>Rispettando la tradizione dell&#8217;assemblaggio in Champagne, la cuv\u00e9e Armand de Brignac Brut Gold riunisce tre vintage provenienti dalle parcelle pi\u00f9 rinomate della regione, offrendo una cuv\u00e9e dal carattere vivace e fruttato e dalla consistenza morbida.<\/p>\n","protected":false},"excerpt":{"rendered":"<p>La cuv\u00e9es Armand de Brignac Brut Gold \u00e8 uno champagne iconico, emblematico della Maison Armand de Brignac. Uno champagne prestigioso, moderno ed emblematico.<\/p>\n","protected":false},"featured_media":37348,"template":"","meta":{"_acf_changed":false},"product_brand":[],"product_cat":[3537,3366,3307,2390,2238,2386,2775,2375,2223,2224],"product_tag":[2248,2249,2228,2229],"class_list":{"0":"post-38440","1":"product","2":"type-product","3":"status-publish","4":"has-post-thumbnail","6":"maisons-selection-champagne-armand-de-brignac-it","7":"product_cat-offerta-di-bottiglie-allingrosso-b2b","8":"product_cat-champagne-di-natale","9":"product_cat-tutti-gli-champagne-e-i-set-regalo-esclusivi","10":"product_cat-armand-de-brignac-it","11":"product_cat-bouteilles-it","12":"product_cat-essenziali-it","13":"product_cat-tutti-gli-champagne","14":"product_cat-champagne-prestige-it","15":"product_cat-aperitif-it","16":"product_cat-repas-it","17":"product_tag-haute-couture-it","18":"product_tag-incontournable-it","19":"product_tag-aperitif-it","20":"product_tag-per-un-pasto-con-champagne","22":"first","23":"instock","24":"sale","25":"sold-individually","26":"taxable","27":"shipping-taxable","28":"purchasable","29":"product-type-simple"},"acf":[],"yoast_head":"<!-- This site is optimized with the Yoast SEO plugin v26.4 - https:\/\/yoast.com\/wordpress\/plugins\/seo\/ -->\n<title>Armand de Brignac Brut Gold Bottiglia - Champmarket<\/title>\n<meta name=\"description\" content=\"La cuv\u00e9es Armand de Brignac Brut Gold \u00e8 uno champagne iconico, emblematico della Maison Armand de Brignac. Uno champagne prestigioso, moderno ed emblematico.\" \/>\n<meta name=\"robots\" content=\"index, follow, max-snippet:-1, max-image-preview:large, max-video-preview:-1\" \/>\n<link rel=\"canonical\" href=\"https:\/\/www.champmarket.com\/it\/champagne\/armand-de-brignac-brut-gold-bottiglia\/\" \/>\n<meta property=\"og:locale\" content=\"it_IT\" \/>\n<meta property=\"og:type\" content=\"article\" \/>\n<meta property=\"og:title\" content=\"Armand de Brignac Brut Gold Bottiglia - Champmarket\" \/>\n<meta property=\"og:description\" content=\"La cuv\u00e9es Armand de Brignac Brut Gold \u00e8 uno champagne iconico, emblematico della Maison Armand de Brignac. Uno champagne prestigioso, moderno ed emblematico.\" \/>\n<meta property=\"og:url\" content=\"https:\/\/www.champmarket.com\/it\/champagne\/armand-de-brignac-brut-gold-bottiglia\/\" \/>\n<meta property=\"og:site_name\" content=\"Champmarket\" \/>\n<meta property=\"article:publisher\" content=\"https:\/\/www.facebook.com\/ChampMarket\/\" \/>\n<meta property=\"article:modified_time\" content=\"2025-04-29T15:04:46+00:00\" \/>\n<meta property=\"og:image\" content=\"https:\/\/www.champmarket.com\/wp-content\/uploads\/2022\/02\/armand-de-brignac-brut-gold-bouteille.webp\" \/>\n\t<meta property=\"og:image:width\" content=\"2000\" \/>\n\t<meta property=\"og:image:height\" content=\"2000\" \/>\n\t<meta property=\"og:image:type\" content=\"image\/jpeg\" \/>\n<meta name=\"twitter:card\" content=\"summary_large_image\" \/>\n<meta name=\"twitter:site\" content=\"@champmarket\" \/>\n<meta name=\"twitter:label1\" content=\"Tempo di lettura stimato\" \/>\n\t<meta name=\"twitter:data1\" content=\"1 minuto\" \/>\n<script type=\"application\/ld+json\" class=\"yoast-schema-graph\">{\"@context\":\"https:\/\/schema.org\",\"@graph\":[{\"@type\":\"WebPage\",\"@id\":\"https:\/\/www.champmarket.com\/it\/champagne\/armand-de-brignac-brut-gold-bottiglia\/\",\"url\":\"https:\/\/www.champmarket.com\/it\/champagne\/armand-de-brignac-brut-gold-bottiglia\/\",\"name\":\"Armand de Brignac Brut Gold Bottiglia - Champmarket\",\"isPartOf\":{\"@id\":\"https:\/\/www.champmarket.com\/#website\"},\"primaryImageOfPage\":{\"@id\":\"https:\/\/www.champmarket.com\/it\/champagne\/armand-de-brignac-brut-gold-bottiglia\/#primaryimage\"},\"image\":{\"@id\":\"https:\/\/www.champmarket.com\/it\/champagne\/armand-de-brignac-brut-gold-bottiglia\/#primaryimage\"},\"thumbnailUrl\":\"https:\/\/www.champmarket.com\/wp-content\/uploads\/2022\/02\/armand-de-brignac-brut-gold-bouteille.webp\",\"datePublished\":\"2022-02-02T11:12:32+00:00\",\"dateModified\":\"2025-04-29T15:04:46+00:00\",\"description\":\"La cuv\u00e9es Armand de Brignac Brut Gold \u00e8 uno champagne iconico, emblematico della Maison Armand de Brignac. Uno champagne prestigioso, moderno ed emblematico.\",\"breadcrumb\":{\"@id\":\"https:\/\/www.champmarket.com\/it\/champagne\/armand-de-brignac-brut-gold-bottiglia\/#breadcrumb\"},\"inLanguage\":\"it-IT\",\"potentialAction\":[{\"@type\":\"ReadAction\",\"target\":[\"https:\/\/www.champmarket.com\/it\/champagne\/armand-de-brignac-brut-gold-bottiglia\/\"]}]},{\"@type\":\"ImageObject\",\"inLanguage\":\"it-IT\",\"@id\":\"https:\/\/www.champmarket.com\/it\/champagne\/armand-de-brignac-brut-gold-bottiglia\/#primaryimage\",\"url\":\"https:\/\/www.champmarket.com\/wp-content\/uploads\/2022\/02\/armand-de-brignac-brut-gold-bouteille.webp\",\"contentUrl\":\"https:\/\/www.champmarket.com\/wp-content\/uploads\/2022\/02\/armand-de-brignac-brut-gold-bouteille.webp\",\"width\":2000,\"height\":2000,\"caption\":\"Champagne Armand de Brignac Brut Gold Bottiglia - Champmarket\"},{\"@type\":\"BreadcrumbList\",\"@id\":\"https:\/\/www.champmarket.com\/it\/champagne\/armand-de-brignac-brut-gold-bottiglia\/#breadcrumb\",\"itemListElement\":[{\"@type\":\"ListItem\",\"position\":1,\"name\":\"Home\",\"item\":\"https:\/\/www.champmarket.com\/it\/acquista-champagne-online-champmarket\/\"},{\"@type\":\"ListItem\",\"position\":2,\"name\":\"Shop\",\"item\":\"https:\/\/www.champmarket.com\/it\/shop\/\"},{\"@type\":\"ListItem\",\"position\":3,\"name\":\"Armand de Brignac\",\"item\":\"https:\/\/www.champmarket.com\/it\/maisons\/selection-champagne-armand-de-brignac-it\/\"},{\"@type\":\"ListItem\",\"position\":4,\"name\":\"Armand de Brignac Brut Gold Bottiglia\"}]},{\"@type\":\"WebSite\",\"@id\":\"https:\/\/www.champmarket.com\/#website\",\"url\":\"https:\/\/www.champmarket.com\/\",\"name\":\"Champmarket\",\"description\":\"Champmarket, Champagnes, Cadeaux et Art de Vivre\",\"publisher\":{\"@id\":\"https:\/\/www.champmarket.com\/#organization\"},\"potentialAction\":[{\"@type\":\"SearchAction\",\"target\":{\"@type\":\"EntryPoint\",\"urlTemplate\":\"https:\/\/www.champmarket.com\/?s={search_term_string}\"},\"query-input\":{\"@type\":\"PropertyValueSpecification\",\"valueRequired\":true,\"valueName\":\"search_term_string\"}}],\"inLanguage\":\"it-IT\"},{\"@type\":\"Organization\",\"@id\":\"https:\/\/www.champmarket.com\/#organization\",\"name\":\"Champmarket\",\"url\":\"https:\/\/www.champmarket.com\/\",\"logo\":{\"@type\":\"ImageObject\",\"inLanguage\":\"it-IT\",\"@id\":\"https:\/\/www.champmarket.com\/#\/schema\/logo\/image\/\",\"url\":\"https:\/\/www.champmarket.com\/wp-content\/uploads\/2024\/08\/logo2024-1.svg\",\"contentUrl\":\"https:\/\/www.champmarket.com\/wp-content\/uploads\/2024\/08\/logo2024-1.svg\",\"width\":579.8,\"height\":80,\"caption\":\"Champmarket\"},\"image\":{\"@id\":\"https:\/\/www.champmarket.com\/#\/schema\/logo\/image\/\"},\"sameAs\":[\"https:\/\/www.facebook.com\/ChampMarket\/\",\"https:\/\/x.com\/champmarket\",\"https:\/\/www.instagram.com\/champmarket.paris\/\",\"https:\/\/www.pinterest.fr\/champmarketparis\/\",\"https:\/\/www.linkedin.com\/company\/champmarket\/\"]}]}<\/script>\n<!-- \/ Yoast SEO plugin. -->","yoast_head_json":{"title":"Armand de Brignac Brut Gold Bottiglia - Champmarket","description":"La cuv\u00e9es Armand de Brignac Brut Gold \u00e8 uno champagne iconico, emblematico della Maison Armand de Brignac. Uno champagne prestigioso, moderno ed emblematico.","robots":{"index":"index","follow":"follow","max-snippet":"max-snippet:-1","max-image-preview":"max-image-preview:large","max-video-preview":"max-video-preview:-1"},"canonical":"https:\/\/www.champmarket.com\/it\/champagne\/armand-de-brignac-brut-gold-bottiglia\/","og_locale":"it_IT","og_type":"article","og_title":"Armand de Brignac Brut Gold Bottiglia - Champmarket","og_description":"La cuv\u00e9es Armand de Brignac Brut Gold \u00e8 uno champagne iconico, emblematico della Maison Armand de Brignac. Uno champagne prestigioso, moderno ed emblematico.","og_url":"https:\/\/www.champmarket.com\/it\/champagne\/armand-de-brignac-brut-gold-bottiglia\/","og_site_name":"Champmarket","article_publisher":"https:\/\/www.facebook.com\/ChampMarket\/","article_modified_time":"2025-04-29T15:04:46+00:00","og_image":[{"width":2000,"height":2000,"url":"https:\/\/www.champmarket.com\/wp-content\/uploads\/2022\/02\/armand-de-brignac-brut-gold-bouteille.webp","type":"image\/jpeg"}],"twitter_card":"summary_large_image","twitter_site":"@champmarket","twitter_misc":{"Tempo di lettura stimato":"1 minuto"},"schema":{"@context":"https:\/\/schema.org","@graph":[{"@type":"WebPage","@id":"https:\/\/www.champmarket.com\/it\/champagne\/armand-de-brignac-brut-gold-bottiglia\/","url":"https:\/\/www.champmarket.com\/it\/champagne\/armand-de-brignac-brut-gold-bottiglia\/","name":"Armand de Brignac Brut Gold Bottiglia - Champmarket","isPartOf":{"@id":"https:\/\/www.champmarket.com\/#website"},"primaryImageOfPage":{"@id":"https:\/\/www.champmarket.com\/it\/champagne\/armand-de-brignac-brut-gold-bottiglia\/#primaryimage"},"image":{"@id":"https:\/\/www.champmarket.com\/it\/champagne\/armand-de-brignac-brut-gold-bottiglia\/#primaryimage"},"thumbnailUrl":"https:\/\/www.champmarket.com\/wp-content\/uploads\/2022\/02\/armand-de-brignac-brut-gold-bouteille.webp","datePublished":"2022-02-02T11:12:32+00:00","dateModified":"2025-04-29T15:04:46+00:00","description":"La cuv\u00e9es Armand de Brignac Brut Gold \u00e8 uno champagne iconico, emblematico della Maison Armand de Brignac. Uno champagne prestigioso, moderno ed emblematico.","breadcrumb":{"@id":"https:\/\/www.champmarket.com\/it\/champagne\/armand-de-brignac-brut-gold-bottiglia\/#breadcrumb"},"inLanguage":"it-IT","potentialAction":[{"@type":"ReadAction","target":["https:\/\/www.champmarket.com\/it\/champagne\/armand-de-brignac-brut-gold-bottiglia\/"]}]},{"@type":"ImageObject","inLanguage":"it-IT","@id":"https:\/\/www.champmarket.com\/it\/champagne\/armand-de-brignac-brut-gold-bottiglia\/#primaryimage","url":"https:\/\/www.champmarket.com\/wp-content\/uploads\/2022\/02\/armand-de-brignac-brut-gold-bouteille.webp","contentUrl":"https:\/\/www.champmarket.com\/wp-content\/uploads\/2022\/02\/armand-de-brignac-brut-gold-bouteille.webp","width":2000,"height":2000,"caption":"Champagne Armand de Brignac Brut Gold Bottiglia - Champmarket"},{"@type":"BreadcrumbList","@id":"https:\/\/www.champmarket.com\/it\/champagne\/armand-de-brignac-brut-gold-bottiglia\/#breadcrumb","itemListElement":[{"@type":"ListItem","position":1,"name":"Home","item":"https:\/\/www.champmarket.com\/it\/acquista-champagne-online-champmarket\/"},{"@type":"ListItem","position":2,"name":"Shop","item":"https:\/\/www.champmarket.com\/it\/shop\/"},{"@type":"ListItem","position":3,"name":"Armand de Brignac","item":"https:\/\/www.champmarket.com\/it\/maisons\/selection-champagne-armand-de-brignac-it\/"},{"@type":"ListItem","position":4,"name":"Armand de Brignac Brut Gold Bottiglia"}]},{"@type":"WebSite","@id":"https:\/\/www.champmarket.com\/#website","url":"https:\/\/www.champmarket.com\/","name":"Champmarket","description":"Champmarket, Champagnes, Cadeaux et Art de Vivre","publisher":{"@id":"https:\/\/www.champmarket.com\/#organization"},"potentialAction":[{"@type":"SearchAction","target":{"@type":"EntryPoint","urlTemplate":"https:\/\/www.champmarket.com\/?s={search_term_string}"},"query-input":{"@type":"PropertyValueSpecification","valueRequired":true,"valueName":"search_term_string"}}],"inLanguage":"it-IT"},{"@type":"Organization","@id":"https:\/\/www.champmarket.com\/#organization","name":"Champmarket","url":"https:\/\/www.champmarket.com\/","logo":{"@type":"ImageObject","inLanguage":"it-IT","@id":"https:\/\/www.champmarket.com\/#\/schema\/logo\/image\/","url":"https:\/\/www.champmarket.com\/wp-content\/uploads\/2024\/08\/logo2024-1.svg","contentUrl":"https:\/\/www.champmarket.com\/wp-content\/uploads\/2024\/08\/logo2024-1.svg","width":579.8,"height":80,"caption":"Champmarket"},"image":{"@id":"https:\/\/www.champmarket.com\/#\/schema\/logo\/image\/"},"sameAs":["https:\/\/www.facebook.com\/ChampMarket\/","https:\/\/x.com\/champmarket","https:\/\/www.instagram.com\/champmarket.paris\/","https:\/\/www.pinterest.fr\/champmarketparis\/","https:\/\/www.linkedin.com\/company\/champmarket\/"]}]}},"_links":{"self":[{"href":"https:\/\/www.champmarket.com\/it\/wp-json\/wp\/v2\/product\/38440","targetHints":{"allow":["GET"]}}],"collection":[{"href":"https:\/\/www.champmarket.com\/it\/wp-json\/wp\/v2\/product"}],"about":[{"href":"https:\/\/www.champmarket.com\/it\/wp-json\/wp\/v2\/types\/product"}],"version-history":[{"count":1,"href":"https:\/\/www.champmarket.com\/it\/wp-json\/wp\/v2\/product\/38440\/revisions"}],"predecessor-version":[{"id":78265,"href":"https:\/\/www.champmarket.com\/it\/wp-json\/wp\/v2\/product\/38440\/revisions\/78265"}],"wp:featuredmedia":[{"embeddable":true,"href":"https:\/\/www.champmarket.com\/it\/wp-json\/wp\/v2\/media\/37348"}],"wp:attachment":[{"href":"https:\/\/www.champmarket.com\/it\/wp-json\/wp\/v2\/media?parent=38440"}],"wp:term":[{"taxonomy":"product_brand","embeddable":true,"href":"https:\/\/www.champmarket.com\/it\/wp-json\/wp\/v2\/product_brand?post=38440"},{"taxonomy":"product_cat","embeddable":true,"href":"https:\/\/www.champmarket.com\/it\/wp-json\/wp\/v2\/product_cat?post=38440"},{"taxonomy":"product_tag","embeddable":true,"href":"https:\/\/www.champmarket.com\/it\/wp-json\/wp\/v2\/product_tag?post=38440"}],"curies":[{"name":"wp","href":"https:\/\/api.w.org\/{rel}","templated":true}]}}