{"id":38445,"date":"2022-05-12T12:25:17","date_gmt":"2022-06-29T14:58:36","guid":{"rendered":"https:\/\/www.champmarket.com\/champagne\/barons-de-rothschild-rare-collection-blanc-de-blancs-2012-bottiglia\/"},"modified":"2023-07-01T00:00:21","modified_gmt":"2023-06-30T22:00:21","slug":"barons-de-rothschild-rare-collection-blanc-de-blancs-2012-bottiglia","status":"publish","type":"product","link":"https:\/\/www.champmarket.com\/it\/champagne\/barons-de-rothschild-rare-collection-blanc-de-blancs-2012-bottiglia\/","title":{"rendered":"Barons de Rothschild Rare Collection Blanc de Blancs 2012 Bottiglia"},"content":{"rendered":"<p>Barons de Rothschild Rare Collection Blanc de Blancs 2012 \u00e8 prodotto in quantit\u00e0 molto limitate ed \u00e8 trattato con la stessa cura dei migliori vini della famiglia Rothschild.<\/p>\n<p>Dalla creazione della Maison di Champagne nel 2005, la famiglia Rothschild si \u00e8 insediata nella Champagne con l&#8217;unica ambizione dell&#8217;eccellenza. Meno di un anno dopo, la creazione di una cuv\u00e9e eccezionale posta sotto il segno di un grande vintage, come i vini dei loro pi\u00f9 grandi Ch\u00e2teaux, completa le sue fondamenta.<\/p>\n","protected":false},"excerpt":{"rendered":"<p>La cuv\u00e9e di prestigio Barons de Rothschild Rare Collection Blanc de Blancs 2012, prodotta in quantit\u00e0 molto limitata, esprime la quintessenza dello stile Barons de Rothschild. Questo champagne \u00e8 la perfetta armonia tra freschezza e carattere.<\/p>\n","protected":false},"featured_media":37602,"template":"","meta":{"_acf_changed":false},"product_brand":[],"product_cat":[3366,3317,3307,2391,2238,2775,2370,2225,2375,2224],"product_tag":[2240,2248,2231,2229,2232],"class_list":{"0":"post-38445","1":"product","2":"type-product","3":"status-publish","4":"has-post-thumbnail","6":"maisons-selection-champagne-barons-de-rothschild-it","7":"product_cat-champagne-di-natale","8":"product_cat-i-migliori-champagne","9":"product_cat-tutti-gli-champagne-e-i-set-regalo-esclusivi","10":"product_cat-categorie-barons-de-rothschild-it","11":"product_cat-bouteilles-it","12":"product_cat-tutti-gli-champagne","13":"product_cat-champagne-blanc-de-blancs-it","14":"product_cat-champagne-millesime-it","15":"product_cat-champagne-prestige-it","16":"product_cat-repas-it","17":"product_tag-100-chardonnay-it","18":"product_tag-haute-couture-it","19":"product_tag-cocktail-event-it","20":"product_tag-per-un-pasto-con-champagne","21":"product_tag-vintage-it","23":"first","24":"outofstock","25":"taxable","26":"shipping-taxable","27":"purchasable","28":"product-type-simple"},"acf":[],"yoast_head":"<!-- This site is optimized with the Yoast SEO plugin v26.4 - https:\/\/yoast.com\/wordpress\/plugins\/seo\/ -->\n<title>Barons de Rothschild Rare Collection Blanc de Blancs 2012 Bottiglia - Champmarket<\/title>\n<meta name=\"description\" content=\"La cuv\u00e9e di prestigio Barons de Rothschild Rare Collection Blanc de Blancs 2012, prodotta in quantit\u00e0 molto limitata, esprime la quintessenza dello stile Barons de Rothschild. Questo champagne \u00e8 la perfetta armonia tra freschezza e carattere.\" \/>\n<meta name=\"robots\" content=\"index, follow, max-snippet:-1, max-image-preview:large, max-video-preview:-1\" \/>\n<link rel=\"canonical\" href=\"https:\/\/www.champmarket.com\/it\/champagne\/barons-de-rothschild-rare-collection-blanc-de-blancs-2012-bottiglia\/\" \/>\n<meta property=\"og:locale\" content=\"it_IT\" \/>\n<meta property=\"og:type\" content=\"article\" \/>\n<meta property=\"og:title\" content=\"Barons de Rothschild Rare Collection Blanc de Blancs 2012 Bottiglia - Champmarket\" \/>\n<meta property=\"og:description\" content=\"La cuv\u00e9e di prestigio Barons de Rothschild Rare Collection Blanc de Blancs 2012, prodotta in quantit\u00e0 molto limitata, esprime la quintessenza dello stile Barons de Rothschild. Questo champagne \u00e8 la perfetta armonia tra freschezza e carattere.\" \/>\n<meta property=\"og:url\" content=\"https:\/\/www.champmarket.com\/it\/champagne\/barons-de-rothschild-rare-collection-blanc-de-blancs-2012-bottiglia\/\" \/>\n<meta property=\"og:site_name\" content=\"Champmarket\" \/>\n<meta property=\"article:publisher\" content=\"https:\/\/www.facebook.com\/ChampMarket\/\" \/>\n<meta property=\"article:modified_time\" content=\"2023-06-30T22:00:21+00:00\" \/>\n<meta property=\"og:image\" content=\"https:\/\/www.champmarket.com\/wp-content\/uploads\/2022\/05\/barons-de-rothschild-rare-collection-blanc-de-blancs-2012-bouteille.jpg\" \/>\n\t<meta property=\"og:image:width\" content=\"2000\" \/>\n\t<meta property=\"og:image:height\" content=\"2000\" \/>\n\t<meta property=\"og:image:type\" content=\"image\/jpeg\" \/>\n<meta name=\"twitter:card\" content=\"summary_large_image\" \/>\n<meta name=\"twitter:site\" content=\"@champmarket\" \/>\n<script type=\"application\/ld+json\" class=\"yoast-schema-graph\">{\"@context\":\"https:\/\/schema.org\",\"@graph\":[{\"@type\":\"WebPage\",\"@id\":\"https:\/\/www.champmarket.com\/it\/champagne\/barons-de-rothschild-rare-collection-blanc-de-blancs-2012-bottiglia\/\",\"url\":\"https:\/\/www.champmarket.com\/it\/champagne\/barons-de-rothschild-rare-collection-blanc-de-blancs-2012-bottiglia\/\",\"name\":\"Barons de Rothschild Rare Collection Blanc de Blancs 2012 Bottiglia - Champmarket\",\"isPartOf\":{\"@id\":\"https:\/\/www.champmarket.com\/#website\"},\"primaryImageOfPage\":{\"@id\":\"https:\/\/www.champmarket.com\/it\/champagne\/barons-de-rothschild-rare-collection-blanc-de-blancs-2012-bottiglia\/#primaryimage\"},\"image\":{\"@id\":\"https:\/\/www.champmarket.com\/it\/champagne\/barons-de-rothschild-rare-collection-blanc-de-blancs-2012-bottiglia\/#primaryimage\"},\"thumbnailUrl\":\"https:\/\/www.champmarket.com\/wp-content\/uploads\/2022\/05\/barons-de-rothschild-rare-collection-blanc-de-blancs-2012-bouteille.webp\",\"datePublished\":\"2022-06-29T14:58:36+00:00\",\"dateModified\":\"2023-06-30T22:00:21+00:00\",\"description\":\"La cuv\u00e9e di prestigio Barons de Rothschild Rare Collection Blanc de Blancs 2012, prodotta in quantit\u00e0 molto limitata, esprime la quintessenza dello stile Barons de Rothschild. Questo champagne \u00e8 la perfetta armonia tra freschezza e carattere.\",\"breadcrumb\":{\"@id\":\"https:\/\/www.champmarket.com\/it\/champagne\/barons-de-rothschild-rare-collection-blanc-de-blancs-2012-bottiglia\/#breadcrumb\"},\"inLanguage\":\"it-IT\",\"potentialAction\":[{\"@type\":\"ReadAction\",\"target\":[\"https:\/\/www.champmarket.com\/it\/champagne\/barons-de-rothschild-rare-collection-blanc-de-blancs-2012-bottiglia\/\"]}]},{\"@type\":\"ImageObject\",\"inLanguage\":\"it-IT\",\"@id\":\"https:\/\/www.champmarket.com\/it\/champagne\/barons-de-rothschild-rare-collection-blanc-de-blancs-2012-bottiglia\/#primaryimage\",\"url\":\"https:\/\/www.champmarket.com\/wp-content\/uploads\/2022\/05\/barons-de-rothschild-rare-collection-blanc-de-blancs-2012-bouteille.webp\",\"contentUrl\":\"https:\/\/www.champmarket.com\/wp-content\/uploads\/2022\/05\/barons-de-rothschild-rare-collection-blanc-de-blancs-2012-bouteille.webp\",\"width\":2000,\"height\":2000,\"caption\":\"Champagne Barons de Rothschild Rare Collection Blanc de Blancs 2012 Bottiglia - Champmarket\"},{\"@type\":\"BreadcrumbList\",\"@id\":\"https:\/\/www.champmarket.com\/it\/champagne\/barons-de-rothschild-rare-collection-blanc-de-blancs-2012-bottiglia\/#breadcrumb\",\"itemListElement\":[{\"@type\":\"ListItem\",\"position\":1,\"name\":\"Home\",\"item\":\"https:\/\/www.champmarket.com\/it\/acquista-champagne-online-champmarket\/\"},{\"@type\":\"ListItem\",\"position\":2,\"name\":\"Shop\",\"item\":\"https:\/\/www.champmarket.com\/it\/shop\/\"},{\"@type\":\"ListItem\",\"position\":3,\"name\":\"Barons de Rothschild\",\"item\":\"https:\/\/www.champmarket.com\/it\/maisons\/selection-champagne-barons-de-rothschild-it\/\"},{\"@type\":\"ListItem\",\"position\":4,\"name\":\"Barons de Rothschild Rare Collection Blanc de Blancs 2012 Bottiglia\"}]},{\"@type\":\"WebSite\",\"@id\":\"https:\/\/www.champmarket.com\/#website\",\"url\":\"https:\/\/www.champmarket.com\/\",\"name\":\"Champmarket\",\"description\":\"Champmarket, Champagnes, Cadeaux et Art de Vivre\",\"publisher\":{\"@id\":\"https:\/\/www.champmarket.com\/#organization\"},\"potentialAction\":[{\"@type\":\"SearchAction\",\"target\":{\"@type\":\"EntryPoint\",\"urlTemplate\":\"https:\/\/www.champmarket.com\/?s={search_term_string}\"},\"query-input\":{\"@type\":\"PropertyValueSpecification\",\"valueRequired\":true,\"valueName\":\"search_term_string\"}}],\"inLanguage\":\"it-IT\"},{\"@type\":\"Organization\",\"@id\":\"https:\/\/www.champmarket.com\/#organization\",\"name\":\"Champmarket\",\"url\":\"https:\/\/www.champmarket.com\/\",\"logo\":{\"@type\":\"ImageObject\",\"inLanguage\":\"it-IT\",\"@id\":\"https:\/\/www.champmarket.com\/#\/schema\/logo\/image\/\",\"url\":\"https:\/\/www.champmarket.com\/wp-content\/uploads\/2024\/08\/logo2024-1.svg\",\"contentUrl\":\"https:\/\/www.champmarket.com\/wp-content\/uploads\/2024\/08\/logo2024-1.svg\",\"width\":579.8,\"height\":80,\"caption\":\"Champmarket\"},\"image\":{\"@id\":\"https:\/\/www.champmarket.com\/#\/schema\/logo\/image\/\"},\"sameAs\":[\"https:\/\/www.facebook.com\/ChampMarket\/\",\"https:\/\/x.com\/champmarket\",\"https:\/\/www.instagram.com\/champmarket.paris\/\",\"https:\/\/www.pinterest.fr\/champmarketparis\/\",\"https:\/\/www.linkedin.com\/company\/champmarket\/\"]}]}<\/script>\n<!-- \/ Yoast SEO plugin. -->","yoast_head_json":{"title":"Barons de Rothschild Rare Collection Blanc de Blancs 2012 Bottiglia - Champmarket","description":"La cuv\u00e9e di prestigio Barons de Rothschild Rare Collection Blanc de Blancs 2012, prodotta in quantit\u00e0 molto limitata, esprime la quintessenza dello stile Barons de Rothschild. Questo champagne \u00e8 la perfetta armonia tra freschezza e carattere.","robots":{"index":"index","follow":"follow","max-snippet":"max-snippet:-1","max-image-preview":"max-image-preview:large","max-video-preview":"max-video-preview:-1"},"canonical":"https:\/\/www.champmarket.com\/it\/champagne\/barons-de-rothschild-rare-collection-blanc-de-blancs-2012-bottiglia\/","og_locale":"it_IT","og_type":"article","og_title":"Barons de Rothschild Rare Collection Blanc de Blancs 2012 Bottiglia - Champmarket","og_description":"La cuv\u00e9e di prestigio Barons de Rothschild Rare Collection Blanc de Blancs 2012, prodotta in quantit\u00e0 molto limitata, esprime la quintessenza dello stile Barons de Rothschild. Questo champagne \u00e8 la perfetta armonia tra freschezza e carattere.","og_url":"https:\/\/www.champmarket.com\/it\/champagne\/barons-de-rothschild-rare-collection-blanc-de-blancs-2012-bottiglia\/","og_site_name":"Champmarket","article_publisher":"https:\/\/www.facebook.com\/ChampMarket\/","article_modified_time":"2023-06-30T22:00:21+00:00","og_image":[{"width":2000,"height":2000,"url":"https:\/\/www.champmarket.com\/wp-content\/uploads\/2022\/05\/barons-de-rothschild-rare-collection-blanc-de-blancs-2012-bouteille.jpg","type":"image\/jpeg"}],"twitter_card":"summary_large_image","twitter_site":"@champmarket","schema":{"@context":"https:\/\/schema.org","@graph":[{"@type":"WebPage","@id":"https:\/\/www.champmarket.com\/it\/champagne\/barons-de-rothschild-rare-collection-blanc-de-blancs-2012-bottiglia\/","url":"https:\/\/www.champmarket.com\/it\/champagne\/barons-de-rothschild-rare-collection-blanc-de-blancs-2012-bottiglia\/","name":"Barons de Rothschild Rare Collection Blanc de Blancs 2012 Bottiglia - Champmarket","isPartOf":{"@id":"https:\/\/www.champmarket.com\/#website"},"primaryImageOfPage":{"@id":"https:\/\/www.champmarket.com\/it\/champagne\/barons-de-rothschild-rare-collection-blanc-de-blancs-2012-bottiglia\/#primaryimage"},"image":{"@id":"https:\/\/www.champmarket.com\/it\/champagne\/barons-de-rothschild-rare-collection-blanc-de-blancs-2012-bottiglia\/#primaryimage"},"thumbnailUrl":"https:\/\/www.champmarket.com\/wp-content\/uploads\/2022\/05\/barons-de-rothschild-rare-collection-blanc-de-blancs-2012-bouteille.webp","datePublished":"2022-06-29T14:58:36+00:00","dateModified":"2023-06-30T22:00:21+00:00","description":"La cuv\u00e9e di prestigio Barons de Rothschild Rare Collection Blanc de Blancs 2012, prodotta in quantit\u00e0 molto limitata, esprime la quintessenza dello stile Barons de Rothschild. Questo champagne \u00e8 la perfetta armonia tra freschezza e carattere.","breadcrumb":{"@id":"https:\/\/www.champmarket.com\/it\/champagne\/barons-de-rothschild-rare-collection-blanc-de-blancs-2012-bottiglia\/#breadcrumb"},"inLanguage":"it-IT","potentialAction":[{"@type":"ReadAction","target":["https:\/\/www.champmarket.com\/it\/champagne\/barons-de-rothschild-rare-collection-blanc-de-blancs-2012-bottiglia\/"]}]},{"@type":"ImageObject","inLanguage":"it-IT","@id":"https:\/\/www.champmarket.com\/it\/champagne\/barons-de-rothschild-rare-collection-blanc-de-blancs-2012-bottiglia\/#primaryimage","url":"https:\/\/www.champmarket.com\/wp-content\/uploads\/2022\/05\/barons-de-rothschild-rare-collection-blanc-de-blancs-2012-bouteille.webp","contentUrl":"https:\/\/www.champmarket.com\/wp-content\/uploads\/2022\/05\/barons-de-rothschild-rare-collection-blanc-de-blancs-2012-bouteille.webp","width":2000,"height":2000,"caption":"Champagne Barons de Rothschild Rare Collection Blanc de Blancs 2012 Bottiglia - Champmarket"},{"@type":"BreadcrumbList","@id":"https:\/\/www.champmarket.com\/it\/champagne\/barons-de-rothschild-rare-collection-blanc-de-blancs-2012-bottiglia\/#breadcrumb","itemListElement":[{"@type":"ListItem","position":1,"name":"Home","item":"https:\/\/www.champmarket.com\/it\/acquista-champagne-online-champmarket\/"},{"@type":"ListItem","position":2,"name":"Shop","item":"https:\/\/www.champmarket.com\/it\/shop\/"},{"@type":"ListItem","position":3,"name":"Barons de Rothschild","item":"https:\/\/www.champmarket.com\/it\/maisons\/selection-champagne-barons-de-rothschild-it\/"},{"@type":"ListItem","position":4,"name":"Barons de Rothschild Rare Collection Blanc de Blancs 2012 Bottiglia"}]},{"@type":"WebSite","@id":"https:\/\/www.champmarket.com\/#website","url":"https:\/\/www.champmarket.com\/","name":"Champmarket","description":"Champmarket, Champagnes, Cadeaux et Art de Vivre","publisher":{"@id":"https:\/\/www.champmarket.com\/#organization"},"potentialAction":[{"@type":"SearchAction","target":{"@type":"EntryPoint","urlTemplate":"https:\/\/www.champmarket.com\/?s={search_term_string}"},"query-input":{"@type":"PropertyValueSpecification","valueRequired":true,"valueName":"search_term_string"}}],"inLanguage":"it-IT"},{"@type":"Organization","@id":"https:\/\/www.champmarket.com\/#organization","name":"Champmarket","url":"https:\/\/www.champmarket.com\/","logo":{"@type":"ImageObject","inLanguage":"it-IT","@id":"https:\/\/www.champmarket.com\/#\/schema\/logo\/image\/","url":"https:\/\/www.champmarket.com\/wp-content\/uploads\/2024\/08\/logo2024-1.svg","contentUrl":"https:\/\/www.champmarket.com\/wp-content\/uploads\/2024\/08\/logo2024-1.svg","width":579.8,"height":80,"caption":"Champmarket"},"image":{"@id":"https:\/\/www.champmarket.com\/#\/schema\/logo\/image\/"},"sameAs":["https:\/\/www.facebook.com\/ChampMarket\/","https:\/\/x.com\/champmarket","https:\/\/www.instagram.com\/champmarket.paris\/","https:\/\/www.pinterest.fr\/champmarketparis\/","https:\/\/www.linkedin.com\/company\/champmarket\/"]}]}},"_links":{"self":[{"href":"https:\/\/www.champmarket.com\/it\/wp-json\/wp\/v2\/product\/38445","targetHints":{"allow":["GET"]}}],"collection":[{"href":"https:\/\/www.champmarket.com\/it\/wp-json\/wp\/v2\/product"}],"about":[{"href":"https:\/\/www.champmarket.com\/it\/wp-json\/wp\/v2\/types\/product"}],"version-history":[{"count":0,"href":"https:\/\/www.champmarket.com\/it\/wp-json\/wp\/v2\/product\/38445\/revisions"}],"wp:featuredmedia":[{"embeddable":true,"href":"https:\/\/www.champmarket.com\/it\/wp-json\/wp\/v2\/media\/37602"}],"wp:attachment":[{"href":"https:\/\/www.champmarket.com\/it\/wp-json\/wp\/v2\/media?parent=38445"}],"wp:term":[{"taxonomy":"product_brand","embeddable":true,"href":"https:\/\/www.champmarket.com\/it\/wp-json\/wp\/v2\/product_brand?post=38445"},{"taxonomy":"product_cat","embeddable":true,"href":"https:\/\/www.champmarket.com\/it\/wp-json\/wp\/v2\/product_cat?post=38445"},{"taxonomy":"product_tag","embeddable":true,"href":"https:\/\/www.champmarket.com\/it\/wp-json\/wp\/v2\/product_tag?post=38445"}],"curies":[{"name":"wp","href":"https:\/\/api.w.org\/{rel}","templated":true}]}}