{"id":38473,"date":"2021-02-18T16:00:19","date_gmt":"2021-02-18T15:00:19","guid":{"rendered":"https:\/\/www.champmarket.com\/champagne\/barons-de-rothschild-brut-magnum-con-box\/"},"modified":"2024-07-18T15:55:41","modified_gmt":"2024-07-18T13:55:41","slug":"barons-de-rothschild-brut-magnum-con-box","status":"publish","type":"product","link":"https:\/\/www.champmarket.com\/it\/champagne\/barons-de-rothschild-brut-magnum-con-box\/","title":{"rendered":"Barons-de-rothschild Concordia Brut Magnum con Box"},"content":{"rendered":"<p>La pienezza e la profondit\u00e0 del Barons-de-rothschild Brut Magnum con Box testimoniano l&#8217;elevata proporzione e l&#8217;eccezionale qualit\u00e0 dei vini di riserva presenti nell&#8217;assemblaggio, che \u00e8 prevalentemente Chardonnay proveniente dai migliori terroir della regione della Champagne.<\/p>\n<p>Il formato Magnum \u00e8 una bottiglia grande con una capacit\u00e0 di 1,5 litri, che rappresenta 2 bottiglie di champagne o 12 bicchieri. Questo grande formato \u00e8 ideale per ricevimenti e occasioni speciali.<\/p>\n<p>Il suo lussuoso Box lo rende lo champagne ideale per accompagnare le tue degustazioni e i tuoi regali.<\/p>\n","protected":false},"excerpt":{"rendered":"<p>Barons de Rothschild Concordia Brut Magnum con Box \u00e8 un grand vin d&#8217;assemblage con una maggioranza di Chardonnay, l&#8217;interpretazione della famiglia Rothschild della tradizione dello Champagne.<\/p>\n","protected":false},"featured_media":44482,"template":"","meta":{"_acf_changed":false},"product_brand":[],"product_cat":[2391,2226,2227,2368,2775,2372,2223],"product_tag":[2230,2228,2255,2231],"class_list":{"0":"post-38473","1":"product","2":"type-product","3":"status-publish","4":"has-post-thumbnail","6":"maisons-selection-champagne-barons-de-rothschild-it","7":"product_cat-categorie-barons-de-rothschild-it","8":"product_cat-bottiglie-grande-it","9":"product_cat-magnum-it","10":"product_cat-regali-professionali-it","11":"product_cat-tutti-gli-champagne","12":"product_cat-champagne-brut-it","13":"product_cat-aperitif-it","14":"product_tag-grande-fiaschetta","15":"product_tag-aperitif-it","16":"product_tag-pour-offrir-it","17":"product_tag-cocktail-event-it","19":"first","20":"instock","21":"taxable","22":"shipping-taxable","23":"purchasable","24":"product-type-simple"},"acf":[],"yoast_head":"<!-- This site is optimized with the Yoast SEO plugin v26.4 - https:\/\/yoast.com\/wordpress\/plugins\/seo\/ -->\n<title>Barons-de-rothschild Concordia Brut Magnum con Box - Champmarket<\/title>\n<meta name=\"description\" content=\"Barons de Rothschild Concordia Brut Magnum con Box \u00e8 un grand vin d&#039;assemblage con una maggioranza di Chardonnay, l&#039;interpretazione della famiglia Rothschild della tradizione dello Champagne.\" \/>\n<meta name=\"robots\" content=\"index, follow, max-snippet:-1, max-image-preview:large, max-video-preview:-1\" \/>\n<link rel=\"canonical\" href=\"https:\/\/www.champmarket.com\/it\/champagne\/barons-de-rothschild-brut-magnum-con-box\/\" \/>\n<meta property=\"og:locale\" content=\"it_IT\" \/>\n<meta property=\"og:type\" content=\"article\" \/>\n<meta property=\"og:title\" content=\"Barons-de-rothschild Concordia Brut Magnum con Box - Champmarket\" \/>\n<meta property=\"og:description\" content=\"Barons de Rothschild Concordia Brut Magnum con Box \u00e8 un grand vin d&#039;assemblage con una maggioranza di Chardonnay, l&#039;interpretazione della famiglia Rothschild della tradizione dello Champagne.\" \/>\n<meta property=\"og:url\" content=\"https:\/\/www.champmarket.com\/it\/champagne\/barons-de-rothschild-brut-magnum-con-box\/\" \/>\n<meta property=\"og:site_name\" content=\"Champmarket\" \/>\n<meta property=\"article:publisher\" content=\"https:\/\/www.facebook.com\/ChampMarket\/\" \/>\n<meta property=\"article:modified_time\" content=\"2024-07-18T13:55:41+00:00\" \/>\n<meta property=\"og:image\" content=\"https:\/\/www.champmarket.com\/wp-content\/uploads\/2023\/01\/barons-de-rothschild-brut-concordia-magnum-etui-nouvel-habillage.webp\" \/>\n\t<meta property=\"og:image:width\" content=\"1200\" \/>\n\t<meta property=\"og:image:height\" content=\"1200\" \/>\n\t<meta property=\"og:image:type\" content=\"image\/jpeg\" \/>\n<meta name=\"twitter:card\" content=\"summary_large_image\" \/>\n<meta name=\"twitter:site\" content=\"@champmarket\" \/>\n<script type=\"application\/ld+json\" class=\"yoast-schema-graph\">{\"@context\":\"https:\/\/schema.org\",\"@graph\":[{\"@type\":\"WebPage\",\"@id\":\"https:\/\/www.champmarket.com\/it\/champagne\/barons-de-rothschild-brut-magnum-con-box\/\",\"url\":\"https:\/\/www.champmarket.com\/it\/champagne\/barons-de-rothschild-brut-magnum-con-box\/\",\"name\":\"Barons-de-rothschild Concordia Brut Magnum con Box - Champmarket\",\"isPartOf\":{\"@id\":\"https:\/\/www.champmarket.com\/#website\"},\"primaryImageOfPage\":{\"@id\":\"https:\/\/www.champmarket.com\/it\/champagne\/barons-de-rothschild-brut-magnum-con-box\/#primaryimage\"},\"image\":{\"@id\":\"https:\/\/www.champmarket.com\/it\/champagne\/barons-de-rothschild-brut-magnum-con-box\/#primaryimage\"},\"thumbnailUrl\":\"https:\/\/www.champmarket.com\/wp-content\/uploads\/2023\/01\/barons-de-rothschild-brut-concordia-magnum-etui-nouvel-habillage.webp\",\"datePublished\":\"2021-02-18T15:00:19+00:00\",\"dateModified\":\"2024-07-18T13:55:41+00:00\",\"description\":\"Barons de Rothschild Concordia Brut Magnum con Box \u00e8 un grand vin d'assemblage con una maggioranza di Chardonnay, l'interpretazione della famiglia Rothschild della tradizione dello Champagne.\",\"breadcrumb\":{\"@id\":\"https:\/\/www.champmarket.com\/it\/champagne\/barons-de-rothschild-brut-magnum-con-box\/#breadcrumb\"},\"inLanguage\":\"it-IT\",\"potentialAction\":[{\"@type\":\"ReadAction\",\"target\":[\"https:\/\/www.champmarket.com\/it\/champagne\/barons-de-rothschild-brut-magnum-con-box\/\"]}]},{\"@type\":\"ImageObject\",\"inLanguage\":\"it-IT\",\"@id\":\"https:\/\/www.champmarket.com\/it\/champagne\/barons-de-rothschild-brut-magnum-con-box\/#primaryimage\",\"url\":\"https:\/\/www.champmarket.com\/wp-content\/uploads\/2023\/01\/barons-de-rothschild-brut-concordia-magnum-etui-nouvel-habillage.webp\",\"contentUrl\":\"https:\/\/www.champmarket.com\/wp-content\/uploads\/2023\/01\/barons-de-rothschild-brut-concordia-magnum-etui-nouvel-habillage.webp\",\"width\":1200,\"height\":1200,\"caption\":\"Champagne Barons de Rothschild Concordia Brut Magnum avec coffret - Champmarket\"},{\"@type\":\"BreadcrumbList\",\"@id\":\"https:\/\/www.champmarket.com\/it\/champagne\/barons-de-rothschild-brut-magnum-con-box\/#breadcrumb\",\"itemListElement\":[{\"@type\":\"ListItem\",\"position\":1,\"name\":\"Home\",\"item\":\"https:\/\/www.champmarket.com\/it\/acquista-champagne-online-champmarket\/\"},{\"@type\":\"ListItem\",\"position\":2,\"name\":\"Shop\",\"item\":\"https:\/\/www.champmarket.com\/it\/shop\/\"},{\"@type\":\"ListItem\",\"position\":3,\"name\":\"Barons de Rothschild\",\"item\":\"https:\/\/www.champmarket.com\/it\/maisons\/selection-champagne-barons-de-rothschild-it\/\"},{\"@type\":\"ListItem\",\"position\":4,\"name\":\"Barons-de-rothschild Concordia Brut Magnum con Box\"}]},{\"@type\":\"WebSite\",\"@id\":\"https:\/\/www.champmarket.com\/#website\",\"url\":\"https:\/\/www.champmarket.com\/\",\"name\":\"Champmarket\",\"description\":\"Champmarket, Champagnes, Cadeaux et Art de Vivre\",\"publisher\":{\"@id\":\"https:\/\/www.champmarket.com\/#organization\"},\"potentialAction\":[{\"@type\":\"SearchAction\",\"target\":{\"@type\":\"EntryPoint\",\"urlTemplate\":\"https:\/\/www.champmarket.com\/?s={search_term_string}\"},\"query-input\":{\"@type\":\"PropertyValueSpecification\",\"valueRequired\":true,\"valueName\":\"search_term_string\"}}],\"inLanguage\":\"it-IT\"},{\"@type\":\"Organization\",\"@id\":\"https:\/\/www.champmarket.com\/#organization\",\"name\":\"Champmarket\",\"url\":\"https:\/\/www.champmarket.com\/\",\"logo\":{\"@type\":\"ImageObject\",\"inLanguage\":\"it-IT\",\"@id\":\"https:\/\/www.champmarket.com\/#\/schema\/logo\/image\/\",\"url\":\"https:\/\/www.champmarket.com\/wp-content\/uploads\/2024\/08\/logo2024-1.svg\",\"contentUrl\":\"https:\/\/www.champmarket.com\/wp-content\/uploads\/2024\/08\/logo2024-1.svg\",\"width\":579.8,\"height\":80,\"caption\":\"Champmarket\"},\"image\":{\"@id\":\"https:\/\/www.champmarket.com\/#\/schema\/logo\/image\/\"},\"sameAs\":[\"https:\/\/www.facebook.com\/ChampMarket\/\",\"https:\/\/x.com\/champmarket\",\"https:\/\/www.instagram.com\/champmarket.paris\/\",\"https:\/\/www.pinterest.fr\/champmarketparis\/\",\"https:\/\/www.linkedin.com\/company\/champmarket\/\"]}]}<\/script>\n<!-- \/ Yoast SEO plugin. -->","yoast_head_json":{"title":"Barons-de-rothschild Concordia Brut Magnum con Box - Champmarket","description":"Barons de Rothschild Concordia Brut Magnum con Box \u00e8 un grand vin d'assemblage con una maggioranza di Chardonnay, l'interpretazione della famiglia Rothschild della tradizione dello Champagne.","robots":{"index":"index","follow":"follow","max-snippet":"max-snippet:-1","max-image-preview":"max-image-preview:large","max-video-preview":"max-video-preview:-1"},"canonical":"https:\/\/www.champmarket.com\/it\/champagne\/barons-de-rothschild-brut-magnum-con-box\/","og_locale":"it_IT","og_type":"article","og_title":"Barons-de-rothschild Concordia Brut Magnum con Box - Champmarket","og_description":"Barons de Rothschild Concordia Brut Magnum con Box \u00e8 un grand vin d'assemblage con una maggioranza di Chardonnay, l'interpretazione della famiglia Rothschild della tradizione dello Champagne.","og_url":"https:\/\/www.champmarket.com\/it\/champagne\/barons-de-rothschild-brut-magnum-con-box\/","og_site_name":"Champmarket","article_publisher":"https:\/\/www.facebook.com\/ChampMarket\/","article_modified_time":"2024-07-18T13:55:41+00:00","og_image":[{"width":1200,"height":1200,"url":"https:\/\/www.champmarket.com\/wp-content\/uploads\/2023\/01\/barons-de-rothschild-brut-concordia-magnum-etui-nouvel-habillage.webp","type":"image\/jpeg"}],"twitter_card":"summary_large_image","twitter_site":"@champmarket","schema":{"@context":"https:\/\/schema.org","@graph":[{"@type":"WebPage","@id":"https:\/\/www.champmarket.com\/it\/champagne\/barons-de-rothschild-brut-magnum-con-box\/","url":"https:\/\/www.champmarket.com\/it\/champagne\/barons-de-rothschild-brut-magnum-con-box\/","name":"Barons-de-rothschild Concordia Brut Magnum con Box - Champmarket","isPartOf":{"@id":"https:\/\/www.champmarket.com\/#website"},"primaryImageOfPage":{"@id":"https:\/\/www.champmarket.com\/it\/champagne\/barons-de-rothschild-brut-magnum-con-box\/#primaryimage"},"image":{"@id":"https:\/\/www.champmarket.com\/it\/champagne\/barons-de-rothschild-brut-magnum-con-box\/#primaryimage"},"thumbnailUrl":"https:\/\/www.champmarket.com\/wp-content\/uploads\/2023\/01\/barons-de-rothschild-brut-concordia-magnum-etui-nouvel-habillage.webp","datePublished":"2021-02-18T15:00:19+00:00","dateModified":"2024-07-18T13:55:41+00:00","description":"Barons de Rothschild Concordia Brut Magnum con Box \u00e8 un grand vin d'assemblage con una maggioranza di Chardonnay, l'interpretazione della famiglia Rothschild della tradizione dello Champagne.","breadcrumb":{"@id":"https:\/\/www.champmarket.com\/it\/champagne\/barons-de-rothschild-brut-magnum-con-box\/#breadcrumb"},"inLanguage":"it-IT","potentialAction":[{"@type":"ReadAction","target":["https:\/\/www.champmarket.com\/it\/champagne\/barons-de-rothschild-brut-magnum-con-box\/"]}]},{"@type":"ImageObject","inLanguage":"it-IT","@id":"https:\/\/www.champmarket.com\/it\/champagne\/barons-de-rothschild-brut-magnum-con-box\/#primaryimage","url":"https:\/\/www.champmarket.com\/wp-content\/uploads\/2023\/01\/barons-de-rothschild-brut-concordia-magnum-etui-nouvel-habillage.webp","contentUrl":"https:\/\/www.champmarket.com\/wp-content\/uploads\/2023\/01\/barons-de-rothschild-brut-concordia-magnum-etui-nouvel-habillage.webp","width":1200,"height":1200,"caption":"Champagne Barons de Rothschild Concordia Brut Magnum avec coffret - Champmarket"},{"@type":"BreadcrumbList","@id":"https:\/\/www.champmarket.com\/it\/champagne\/barons-de-rothschild-brut-magnum-con-box\/#breadcrumb","itemListElement":[{"@type":"ListItem","position":1,"name":"Home","item":"https:\/\/www.champmarket.com\/it\/acquista-champagne-online-champmarket\/"},{"@type":"ListItem","position":2,"name":"Shop","item":"https:\/\/www.champmarket.com\/it\/shop\/"},{"@type":"ListItem","position":3,"name":"Barons de Rothschild","item":"https:\/\/www.champmarket.com\/it\/maisons\/selection-champagne-barons-de-rothschild-it\/"},{"@type":"ListItem","position":4,"name":"Barons-de-rothschild Concordia Brut Magnum con Box"}]},{"@type":"WebSite","@id":"https:\/\/www.champmarket.com\/#website","url":"https:\/\/www.champmarket.com\/","name":"Champmarket","description":"Champmarket, Champagnes, Cadeaux et Art de Vivre","publisher":{"@id":"https:\/\/www.champmarket.com\/#organization"},"potentialAction":[{"@type":"SearchAction","target":{"@type":"EntryPoint","urlTemplate":"https:\/\/www.champmarket.com\/?s={search_term_string}"},"query-input":{"@type":"PropertyValueSpecification","valueRequired":true,"valueName":"search_term_string"}}],"inLanguage":"it-IT"},{"@type":"Organization","@id":"https:\/\/www.champmarket.com\/#organization","name":"Champmarket","url":"https:\/\/www.champmarket.com\/","logo":{"@type":"ImageObject","inLanguage":"it-IT","@id":"https:\/\/www.champmarket.com\/#\/schema\/logo\/image\/","url":"https:\/\/www.champmarket.com\/wp-content\/uploads\/2024\/08\/logo2024-1.svg","contentUrl":"https:\/\/www.champmarket.com\/wp-content\/uploads\/2024\/08\/logo2024-1.svg","width":579.8,"height":80,"caption":"Champmarket"},"image":{"@id":"https:\/\/www.champmarket.com\/#\/schema\/logo\/image\/"},"sameAs":["https:\/\/www.facebook.com\/ChampMarket\/","https:\/\/x.com\/champmarket","https:\/\/www.instagram.com\/champmarket.paris\/","https:\/\/www.pinterest.fr\/champmarketparis\/","https:\/\/www.linkedin.com\/company\/champmarket\/"]}]}},"_links":{"self":[{"href":"https:\/\/www.champmarket.com\/it\/wp-json\/wp\/v2\/product\/38473","targetHints":{"allow":["GET"]}}],"collection":[{"href":"https:\/\/www.champmarket.com\/it\/wp-json\/wp\/v2\/product"}],"about":[{"href":"https:\/\/www.champmarket.com\/it\/wp-json\/wp\/v2\/types\/product"}],"version-history":[{"count":1,"href":"https:\/\/www.champmarket.com\/it\/wp-json\/wp\/v2\/product\/38473\/revisions"}],"predecessor-version":[{"id":69535,"href":"https:\/\/www.champmarket.com\/it\/wp-json\/wp\/v2\/product\/38473\/revisions\/69535"}],"wp:featuredmedia":[{"embeddable":true,"href":"https:\/\/www.champmarket.com\/it\/wp-json\/wp\/v2\/media\/44482"}],"wp:attachment":[{"href":"https:\/\/www.champmarket.com\/it\/wp-json\/wp\/v2\/media?parent=38473"}],"wp:term":[{"taxonomy":"product_brand","embeddable":true,"href":"https:\/\/www.champmarket.com\/it\/wp-json\/wp\/v2\/product_brand?post=38473"},{"taxonomy":"product_cat","embeddable":true,"href":"https:\/\/www.champmarket.com\/it\/wp-json\/wp\/v2\/product_cat?post=38473"},{"taxonomy":"product_tag","embeddable":true,"href":"https:\/\/www.champmarket.com\/it\/wp-json\/wp\/v2\/product_tag?post=38473"}],"curies":[{"name":"wp","href":"https:\/\/api.w.org\/{rel}","templated":true}]}}