{"id":38483,"date":"2021-02-18T16:00:12","date_gmt":"2021-02-18T15:00:12","guid":{"rendered":"https:\/\/www.champmarket.com\/champagne\/barons-de-rothschild-blanc-de-blancs-bottiglia-con-box\/"},"modified":"2022-07-19T16:07:23","modified_gmt":"2022-07-19T14:07:23","slug":"barons-de-rothschild-blanc-de-blancs-bottiglia-con-box","status":"publish","type":"product","link":"https:\/\/www.champmarket.com\/it\/champagne\/barons-de-rothschild-blanc-de-blancs-bottiglia-con-box\/","title":{"rendered":"Barons de Rothschild Blanc de Blancs Bottiglia con box"},"content":{"rendered":"<p>La purezza e la brillantezza delle uve Chardonnay esaltano questo eccezionale champagne. Pura, delicata e complessa, questa cuv\u00e9e riflette l&#8217;approccio della famiglia de Rothschild nell&#8217;elaborazione dei suoi vini: una preoccupazione per la perfezione e la coerenza, con uno spirito di raffinatezza ed eccellenza che sono oggetto della massima attenzione.<\/p>\n<p>Il Blanc de Blancs Barons de Rothschild afferma la sua finezza grazie all&#8217;assemblaggio dei pi\u00f9 grandi Chardonnaydella Champagne. Lo Chardonnay qui \u00e8 un segno dello stile raffinato e audace che contraddistingue la passione della famiglia de Rothschild per questo c\u00e9page in Champagne.<\/p>\n<p>Con il suo inimitabile scintillio, le delicate bollicine e i luminosi riflessi dorati, rivela note di frutta fresca e agrumi maturi.<\/p>\n<p>Presentato nella sua lussuosa box, il Barons de Rothschild Blanc de Blancs sar\u00e0 ideale per tutte le occasioni di degustazione e per i regali.<\/p>\n","protected":false},"excerpt":{"rendered":"<p>Barons de Rothschild Blanc de Blancs con box afferma la sua finezza grazie all&#8217;assemblaggio dei pi\u00f9 grandi Chardonnaydella Champagne: un modello di equilibrio. Lo Chardonnay qui \u00e8 un segno dello stile raffinato e audace che contraddistingue la passione della famiglia de Rothschild per questo c\u00e9page in Champagne.<\/p>\n<p>&nbsp;<\/p>\n","protected":false},"featured_media":49621,"template":"","meta":{"_acf_changed":false},"product_brand":[],"product_cat":[2391,2238,2386,2775,2370,2223,2222,2224],"product_tag":[2240,2228,2255,2229],"class_list":{"0":"post-38483","1":"product","2":"type-product","3":"status-publish","4":"has-post-thumbnail","6":"maisons-selection-champagne-barons-de-rothschild-it","7":"product_cat-categorie-barons-de-rothschild-it","8":"product_cat-bouteilles-it","9":"product_cat-essenziali-it","10":"product_cat-tutti-gli-champagne","11":"product_cat-champagne-blanc-de-blancs-it","12":"product_cat-aperitif-it","13":"product_cat-evenement-cocktail-it","14":"product_cat-repas-it","15":"product_tag-100-chardonnay-it","16":"product_tag-aperitif-it","17":"product_tag-pour-offrir-it","18":"product_tag-per-un-pasto-con-champagne","20":"first","21":"instock","22":"taxable","23":"shipping-taxable","24":"purchasable","25":"product-type-simple"},"acf":[],"yoast_head":"<!-- This site is optimized with the Yoast SEO plugin v26.4 - https:\/\/yoast.com\/wordpress\/plugins\/seo\/ -->\n<title>Barons de Rothschild Blanc de Blancs Bottiglia con box - Champmarket<\/title>\n<meta name=\"description\" content=\"Barons de Rothschild Blanc de Blancs con box afferma la sua finezza grazie all&#039;assemblaggio dei pi\u00f9 grandi Chardonnay della Champagne: un modello di equilibrio.\" \/>\n<meta name=\"robots\" content=\"index, follow, max-snippet:-1, max-image-preview:large, max-video-preview:-1\" \/>\n<link rel=\"canonical\" href=\"https:\/\/www.champmarket.com\/it\/champagne\/barons-de-rothschild-blanc-de-blancs-bottiglia-con-box\/\" \/>\n<meta property=\"og:locale\" content=\"it_IT\" \/>\n<meta property=\"og:type\" content=\"article\" \/>\n<meta property=\"og:title\" content=\"Barons de Rothschild Blanc de Blancs Bottiglia con box - Champmarket\" \/>\n<meta property=\"og:description\" content=\"Barons de Rothschild Blanc de Blancs con box afferma la sua finezza grazie all&#039;assemblaggio dei pi\u00f9 grandi Chardonnay della Champagne: un modello di equilibrio.\" \/>\n<meta property=\"og:url\" content=\"https:\/\/www.champmarket.com\/it\/champagne\/barons-de-rothschild-blanc-de-blancs-bottiglia-con-box\/\" \/>\n<meta property=\"og:site_name\" content=\"Champmarket\" \/>\n<meta property=\"article:publisher\" content=\"https:\/\/www.facebook.com\/ChampMarket\/\" \/>\n<meta property=\"article:modified_time\" content=\"2022-07-19T14:07:23+00:00\" \/>\n<meta property=\"og:image\" content=\"https:\/\/www.champmarket.com\/wp-content\/uploads\/2021\/02\/barons-de-rothschild-blanc-de-blancs-bouteille-nouvel-habillage-coffret.webp\" \/>\n\t<meta property=\"og:image:width\" content=\"1200\" \/>\n\t<meta property=\"og:image:height\" content=\"1200\" \/>\n\t<meta property=\"og:image:type\" content=\"image\/jpeg\" \/>\n<meta name=\"twitter:card\" content=\"summary_large_image\" \/>\n<meta name=\"twitter:site\" content=\"@champmarket\" \/>\n<meta name=\"twitter:label1\" content=\"Tempo di lettura stimato\" \/>\n\t<meta name=\"twitter:data1\" content=\"1 minuto\" \/>\n<script type=\"application\/ld+json\" class=\"yoast-schema-graph\">{\"@context\":\"https:\/\/schema.org\",\"@graph\":[{\"@type\":\"WebPage\",\"@id\":\"https:\/\/www.champmarket.com\/it\/champagne\/barons-de-rothschild-blanc-de-blancs-bottiglia-con-box\/\",\"url\":\"https:\/\/www.champmarket.com\/it\/champagne\/barons-de-rothschild-blanc-de-blancs-bottiglia-con-box\/\",\"name\":\"Barons de Rothschild Blanc de Blancs Bottiglia con box - Champmarket\",\"isPartOf\":{\"@id\":\"https:\/\/www.champmarket.com\/#website\"},\"primaryImageOfPage\":{\"@id\":\"https:\/\/www.champmarket.com\/it\/champagne\/barons-de-rothschild-blanc-de-blancs-bottiglia-con-box\/#primaryimage\"},\"image\":{\"@id\":\"https:\/\/www.champmarket.com\/it\/champagne\/barons-de-rothschild-blanc-de-blancs-bottiglia-con-box\/#primaryimage\"},\"thumbnailUrl\":\"https:\/\/www.champmarket.com\/wp-content\/uploads\/2021\/02\/barons-de-rothschild-blanc-de-blancs-bouteille-nouvel-habillage-coffret.webp\",\"datePublished\":\"2021-02-18T15:00:12+00:00\",\"dateModified\":\"2022-07-19T14:07:23+00:00\",\"description\":\"Barons de Rothschild Blanc de Blancs con box afferma la sua finezza grazie all'assemblaggio dei pi\u00f9 grandi Chardonnay della Champagne: un modello di equilibrio.\",\"breadcrumb\":{\"@id\":\"https:\/\/www.champmarket.com\/it\/champagne\/barons-de-rothschild-blanc-de-blancs-bottiglia-con-box\/#breadcrumb\"},\"inLanguage\":\"it-IT\",\"potentialAction\":[{\"@type\":\"ReadAction\",\"target\":[\"https:\/\/www.champmarket.com\/it\/champagne\/barons-de-rothschild-blanc-de-blancs-bottiglia-con-box\/\"]}]},{\"@type\":\"ImageObject\",\"inLanguage\":\"it-IT\",\"@id\":\"https:\/\/www.champmarket.com\/it\/champagne\/barons-de-rothschild-blanc-de-blancs-bottiglia-con-box\/#primaryimage\",\"url\":\"https:\/\/www.champmarket.com\/wp-content\/uploads\/2021\/02\/barons-de-rothschild-blanc-de-blancs-bouteille-nouvel-habillage-coffret.webp\",\"contentUrl\":\"https:\/\/www.champmarket.com\/wp-content\/uploads\/2021\/02\/barons-de-rothschild-blanc-de-blancs-bouteille-nouvel-habillage-coffret.webp\",\"width\":1200,\"height\":1200,\"caption\":\"Champaghne champagne Barons de Rothschild Blanc de Blancs avec coffret - Champmarket\"},{\"@type\":\"BreadcrumbList\",\"@id\":\"https:\/\/www.champmarket.com\/it\/champagne\/barons-de-rothschild-blanc-de-blancs-bottiglia-con-box\/#breadcrumb\",\"itemListElement\":[{\"@type\":\"ListItem\",\"position\":1,\"name\":\"Home\",\"item\":\"https:\/\/www.champmarket.com\/it\/acquista-champagne-online-champmarket\/\"},{\"@type\":\"ListItem\",\"position\":2,\"name\":\"Shop\",\"item\":\"https:\/\/www.champmarket.com\/it\/shop\/\"},{\"@type\":\"ListItem\",\"position\":3,\"name\":\"Barons de Rothschild\",\"item\":\"https:\/\/www.champmarket.com\/it\/maisons\/selection-champagne-barons-de-rothschild-it\/\"},{\"@type\":\"ListItem\",\"position\":4,\"name\":\"Barons de Rothschild Blanc de Blancs Bottiglia con box\"}]},{\"@type\":\"WebSite\",\"@id\":\"https:\/\/www.champmarket.com\/#website\",\"url\":\"https:\/\/www.champmarket.com\/\",\"name\":\"Champmarket\",\"description\":\"Champmarket, Champagnes, Cadeaux et Art de Vivre\",\"publisher\":{\"@id\":\"https:\/\/www.champmarket.com\/#organization\"},\"potentialAction\":[{\"@type\":\"SearchAction\",\"target\":{\"@type\":\"EntryPoint\",\"urlTemplate\":\"https:\/\/www.champmarket.com\/?s={search_term_string}\"},\"query-input\":{\"@type\":\"PropertyValueSpecification\",\"valueRequired\":true,\"valueName\":\"search_term_string\"}}],\"inLanguage\":\"it-IT\"},{\"@type\":\"Organization\",\"@id\":\"https:\/\/www.champmarket.com\/#organization\",\"name\":\"Champmarket\",\"url\":\"https:\/\/www.champmarket.com\/\",\"logo\":{\"@type\":\"ImageObject\",\"inLanguage\":\"it-IT\",\"@id\":\"https:\/\/www.champmarket.com\/#\/schema\/logo\/image\/\",\"url\":\"https:\/\/www.champmarket.com\/wp-content\/uploads\/2024\/08\/logo2024-1.svg\",\"contentUrl\":\"https:\/\/www.champmarket.com\/wp-content\/uploads\/2024\/08\/logo2024-1.svg\",\"width\":579.8,\"height\":80,\"caption\":\"Champmarket\"},\"image\":{\"@id\":\"https:\/\/www.champmarket.com\/#\/schema\/logo\/image\/\"},\"sameAs\":[\"https:\/\/www.facebook.com\/ChampMarket\/\",\"https:\/\/x.com\/champmarket\",\"https:\/\/www.instagram.com\/champmarket.paris\/\",\"https:\/\/www.pinterest.fr\/champmarketparis\/\",\"https:\/\/www.linkedin.com\/company\/champmarket\/\"]}]}<\/script>\n<!-- \/ Yoast SEO plugin. -->","yoast_head_json":{"title":"Barons de Rothschild Blanc de Blancs Bottiglia con box - Champmarket","description":"Barons de Rothschild Blanc de Blancs con box afferma la sua finezza grazie all'assemblaggio dei pi\u00f9 grandi Chardonnay della Champagne: un modello di equilibrio.","robots":{"index":"index","follow":"follow","max-snippet":"max-snippet:-1","max-image-preview":"max-image-preview:large","max-video-preview":"max-video-preview:-1"},"canonical":"https:\/\/www.champmarket.com\/it\/champagne\/barons-de-rothschild-blanc-de-blancs-bottiglia-con-box\/","og_locale":"it_IT","og_type":"article","og_title":"Barons de Rothschild Blanc de Blancs Bottiglia con box - Champmarket","og_description":"Barons de Rothschild Blanc de Blancs con box afferma la sua finezza grazie all'assemblaggio dei pi\u00f9 grandi Chardonnay della Champagne: un modello di equilibrio.","og_url":"https:\/\/www.champmarket.com\/it\/champagne\/barons-de-rothschild-blanc-de-blancs-bottiglia-con-box\/","og_site_name":"Champmarket","article_publisher":"https:\/\/www.facebook.com\/ChampMarket\/","article_modified_time":"2022-07-19T14:07:23+00:00","og_image":[{"width":1200,"height":1200,"url":"https:\/\/www.champmarket.com\/wp-content\/uploads\/2021\/02\/barons-de-rothschild-blanc-de-blancs-bouteille-nouvel-habillage-coffret.webp","type":"image\/jpeg"}],"twitter_card":"summary_large_image","twitter_site":"@champmarket","twitter_misc":{"Tempo di lettura stimato":"1 minuto"},"schema":{"@context":"https:\/\/schema.org","@graph":[{"@type":"WebPage","@id":"https:\/\/www.champmarket.com\/it\/champagne\/barons-de-rothschild-blanc-de-blancs-bottiglia-con-box\/","url":"https:\/\/www.champmarket.com\/it\/champagne\/barons-de-rothschild-blanc-de-blancs-bottiglia-con-box\/","name":"Barons de Rothschild Blanc de Blancs Bottiglia con box - Champmarket","isPartOf":{"@id":"https:\/\/www.champmarket.com\/#website"},"primaryImageOfPage":{"@id":"https:\/\/www.champmarket.com\/it\/champagne\/barons-de-rothschild-blanc-de-blancs-bottiglia-con-box\/#primaryimage"},"image":{"@id":"https:\/\/www.champmarket.com\/it\/champagne\/barons-de-rothschild-blanc-de-blancs-bottiglia-con-box\/#primaryimage"},"thumbnailUrl":"https:\/\/www.champmarket.com\/wp-content\/uploads\/2021\/02\/barons-de-rothschild-blanc-de-blancs-bouteille-nouvel-habillage-coffret.webp","datePublished":"2021-02-18T15:00:12+00:00","dateModified":"2022-07-19T14:07:23+00:00","description":"Barons de Rothschild Blanc de Blancs con box afferma la sua finezza grazie all'assemblaggio dei pi\u00f9 grandi Chardonnay della Champagne: un modello di equilibrio.","breadcrumb":{"@id":"https:\/\/www.champmarket.com\/it\/champagne\/barons-de-rothschild-blanc-de-blancs-bottiglia-con-box\/#breadcrumb"},"inLanguage":"it-IT","potentialAction":[{"@type":"ReadAction","target":["https:\/\/www.champmarket.com\/it\/champagne\/barons-de-rothschild-blanc-de-blancs-bottiglia-con-box\/"]}]},{"@type":"ImageObject","inLanguage":"it-IT","@id":"https:\/\/www.champmarket.com\/it\/champagne\/barons-de-rothschild-blanc-de-blancs-bottiglia-con-box\/#primaryimage","url":"https:\/\/www.champmarket.com\/wp-content\/uploads\/2021\/02\/barons-de-rothschild-blanc-de-blancs-bouteille-nouvel-habillage-coffret.webp","contentUrl":"https:\/\/www.champmarket.com\/wp-content\/uploads\/2021\/02\/barons-de-rothschild-blanc-de-blancs-bouteille-nouvel-habillage-coffret.webp","width":1200,"height":1200,"caption":"Champaghne champagne Barons de Rothschild Blanc de Blancs avec coffret - Champmarket"},{"@type":"BreadcrumbList","@id":"https:\/\/www.champmarket.com\/it\/champagne\/barons-de-rothschild-blanc-de-blancs-bottiglia-con-box\/#breadcrumb","itemListElement":[{"@type":"ListItem","position":1,"name":"Home","item":"https:\/\/www.champmarket.com\/it\/acquista-champagne-online-champmarket\/"},{"@type":"ListItem","position":2,"name":"Shop","item":"https:\/\/www.champmarket.com\/it\/shop\/"},{"@type":"ListItem","position":3,"name":"Barons de Rothschild","item":"https:\/\/www.champmarket.com\/it\/maisons\/selection-champagne-barons-de-rothschild-it\/"},{"@type":"ListItem","position":4,"name":"Barons de Rothschild Blanc de Blancs Bottiglia con box"}]},{"@type":"WebSite","@id":"https:\/\/www.champmarket.com\/#website","url":"https:\/\/www.champmarket.com\/","name":"Champmarket","description":"Champmarket, Champagnes, Cadeaux et Art de Vivre","publisher":{"@id":"https:\/\/www.champmarket.com\/#organization"},"potentialAction":[{"@type":"SearchAction","target":{"@type":"EntryPoint","urlTemplate":"https:\/\/www.champmarket.com\/?s={search_term_string}"},"query-input":{"@type":"PropertyValueSpecification","valueRequired":true,"valueName":"search_term_string"}}],"inLanguage":"it-IT"},{"@type":"Organization","@id":"https:\/\/www.champmarket.com\/#organization","name":"Champmarket","url":"https:\/\/www.champmarket.com\/","logo":{"@type":"ImageObject","inLanguage":"it-IT","@id":"https:\/\/www.champmarket.com\/#\/schema\/logo\/image\/","url":"https:\/\/www.champmarket.com\/wp-content\/uploads\/2024\/08\/logo2024-1.svg","contentUrl":"https:\/\/www.champmarket.com\/wp-content\/uploads\/2024\/08\/logo2024-1.svg","width":579.8,"height":80,"caption":"Champmarket"},"image":{"@id":"https:\/\/www.champmarket.com\/#\/schema\/logo\/image\/"},"sameAs":["https:\/\/www.facebook.com\/ChampMarket\/","https:\/\/x.com\/champmarket","https:\/\/www.instagram.com\/champmarket.paris\/","https:\/\/www.pinterest.fr\/champmarketparis\/","https:\/\/www.linkedin.com\/company\/champmarket\/"]}]}},"_links":{"self":[{"href":"https:\/\/www.champmarket.com\/it\/wp-json\/wp\/v2\/product\/38483","targetHints":{"allow":["GET"]}}],"collection":[{"href":"https:\/\/www.champmarket.com\/it\/wp-json\/wp\/v2\/product"}],"about":[{"href":"https:\/\/www.champmarket.com\/it\/wp-json\/wp\/v2\/types\/product"}],"version-history":[{"count":0,"href":"https:\/\/www.champmarket.com\/it\/wp-json\/wp\/v2\/product\/38483\/revisions"}],"wp:featuredmedia":[{"embeddable":true,"href":"https:\/\/www.champmarket.com\/it\/wp-json\/wp\/v2\/media\/49621"}],"wp:attachment":[{"href":"https:\/\/www.champmarket.com\/it\/wp-json\/wp\/v2\/media?parent=38483"}],"wp:term":[{"taxonomy":"product_brand","embeddable":true,"href":"https:\/\/www.champmarket.com\/it\/wp-json\/wp\/v2\/product_brand?post=38483"},{"taxonomy":"product_cat","embeddable":true,"href":"https:\/\/www.champmarket.com\/it\/wp-json\/wp\/v2\/product_cat?post=38483"},{"taxonomy":"product_tag","embeddable":true,"href":"https:\/\/www.champmarket.com\/it\/wp-json\/wp\/v2\/product_tag?post=38483"}],"curies":[{"name":"wp","href":"https:\/\/api.w.org\/{rel}","templated":true}]}}