{"id":38609,"date":"2021-02-18T16:03:22","date_gmt":"2022-06-30T14:18:04","guid":{"rendered":"https:\/\/www.champmarket.com\/champagne\/carte-dor-drappier-jeroboam\/"},"modified":"2023-07-01T00:00:14","modified_gmt":"2023-06-30T22:00:14","slug":"drappier-carte-dor-jeroboam","status":"publish","type":"product","link":"https:\/\/www.champmarket.com\/it\/champagne\/drappier-carte-dor-jeroboam\/","title":{"rendered":"Carte d&#8217;Or Drappier Jeroboam"},"content":{"rendered":"<p>Il cuv\u00e9e Carte d&#8217;Or \u00e8 l&#8217;espressione stessa dello stile Drappier: potenza, complessit\u00e0 e freschezza. L&#8217;assemblaggio di Pinot Noir della Cuv\u00e9e Carte d&#8217;Or \u00e8 uno champagne espressivo con una grande ricchezza aromatica.<\/p>\n<p>Il formato Jeroboam \u00e8 una grande bottiglia con una capacit\u00e0 di 3 litri, pari a 4 bottiglie di champagne o 24 bicchieri. Questo grande formato \u00e8 ideale per ricevimenti e occasioni speciali.<\/p>\n","protected":false},"excerpt":{"rendered":"<p>Drappier Carte d&#8217;Or Jeroboam \u00e8 l&#8217;espressione stessa dello stile Drappier: potenza, complessit\u00e0 e freschezza che offrono uno champagne di grande ricchezza aromatica.<\/p>\n","protected":false},"featured_media":31646,"template":"","meta":{"_acf_changed":false},"product_brand":[],"product_cat":[2394,2226,2381,2775,2372,2223,2222],"product_tag":[2230,2228,2255,2231],"class_list":{"0":"post-38609","1":"product","2":"type-product","3":"status-publish","4":"has-post-thumbnail","6":"maisons-selection-champagne-drappier-it","7":"product_cat-categorie-drappier-it","8":"product_cat-bottiglie-grande-it","9":"product_cat-jeroboam-it","10":"product_cat-tutti-gli-champagne","11":"product_cat-champagne-brut-it","12":"product_cat-aperitif-it","13":"product_cat-evenement-cocktail-it","14":"product_tag-grande-fiaschetta","15":"product_tag-aperitif-it","16":"product_tag-pour-offrir-it","17":"product_tag-cocktail-event-it","19":"first","20":"instock","21":"taxable","22":"shipping-taxable","23":"purchasable","24":"product-type-simple"},"acf":[],"yoast_head":"<!-- This site is optimized with the Yoast SEO plugin v26.4 - https:\/\/yoast.com\/wordpress\/plugins\/seo\/ -->\n<title>Carte d&#039;Or Drappier Jeroboam - Champmarket<\/title>\n<meta name=\"description\" content=\"Drappier Carte d&#039;Or Jeroboam \u00e8 l&#039;espressione stessa dello stile Drappier: potenza, complessit\u00e0 e freschezza che offrono uno champagne di grande ricchezza aromatica.\" \/>\n<meta name=\"robots\" content=\"index, follow, max-snippet:-1, max-image-preview:large, max-video-preview:-1\" \/>\n<link rel=\"canonical\" href=\"https:\/\/www.champmarket.com\/it\/champagne\/drappier-carte-dor-jeroboam\/\" \/>\n<meta property=\"og:locale\" content=\"it_IT\" \/>\n<meta property=\"og:type\" content=\"article\" \/>\n<meta property=\"og:title\" content=\"Carte d&#039;Or Drappier Jeroboam - Champmarket\" \/>\n<meta property=\"og:description\" content=\"Drappier Carte d&#039;Or Jeroboam \u00e8 l&#039;espressione stessa dello stile Drappier: potenza, complessit\u00e0 e freschezza che offrono uno champagne di grande ricchezza aromatica.\" \/>\n<meta property=\"og:url\" content=\"https:\/\/www.champmarket.com\/it\/champagne\/drappier-carte-dor-jeroboam\/\" \/>\n<meta property=\"og:site_name\" content=\"Champmarket\" \/>\n<meta property=\"article:publisher\" content=\"https:\/\/www.facebook.com\/ChampMarket\/\" \/>\n<meta property=\"article:modified_time\" content=\"2023-06-30T22:00:14+00:00\" \/>\n<meta property=\"og:image\" content=\"https:\/\/www.champmarket.com\/wp-content\/uploads\/2021\/01\/drappier-carte-d-or-jeroboam.jpg\" \/>\n\t<meta property=\"og:image:width\" content=\"2000\" \/>\n\t<meta property=\"og:image:height\" content=\"2000\" \/>\n\t<meta property=\"og:image:type\" content=\"image\/jpeg\" \/>\n<meta name=\"twitter:card\" content=\"summary_large_image\" \/>\n<meta name=\"twitter:site\" content=\"@champmarket\" \/>\n<script type=\"application\/ld+json\" class=\"yoast-schema-graph\">{\"@context\":\"https:\/\/schema.org\",\"@graph\":[{\"@type\":\"WebPage\",\"@id\":\"https:\/\/www.champmarket.com\/it\/champagne\/drappier-carte-dor-jeroboam\/\",\"url\":\"https:\/\/www.champmarket.com\/it\/champagne\/drappier-carte-dor-jeroboam\/\",\"name\":\"Carte d'Or Drappier Jeroboam - Champmarket\",\"isPartOf\":{\"@id\":\"https:\/\/www.champmarket.com\/#website\"},\"primaryImageOfPage\":{\"@id\":\"https:\/\/www.champmarket.com\/it\/champagne\/drappier-carte-dor-jeroboam\/#primaryimage\"},\"image\":{\"@id\":\"https:\/\/www.champmarket.com\/it\/champagne\/drappier-carte-dor-jeroboam\/#primaryimage\"},\"thumbnailUrl\":\"https:\/\/www.champmarket.com\/wp-content\/uploads\/2021\/01\/drappier-carte-d-or-jeroboam.jpg\",\"datePublished\":\"2022-06-30T14:18:04+00:00\",\"dateModified\":\"2023-06-30T22:00:14+00:00\",\"description\":\"Drappier Carte d'Or Jeroboam \u00e8 l'espressione stessa dello stile Drappier: potenza, complessit\u00e0 e freschezza che offrono uno champagne di grande ricchezza aromatica.\",\"breadcrumb\":{\"@id\":\"https:\/\/www.champmarket.com\/it\/champagne\/drappier-carte-dor-jeroboam\/#breadcrumb\"},\"inLanguage\":\"it-IT\",\"potentialAction\":[{\"@type\":\"ReadAction\",\"target\":[\"https:\/\/www.champmarket.com\/it\/champagne\/drappier-carte-dor-jeroboam\/\"]}]},{\"@type\":\"ImageObject\",\"inLanguage\":\"it-IT\",\"@id\":\"https:\/\/www.champmarket.com\/it\/champagne\/drappier-carte-dor-jeroboam\/#primaryimage\",\"url\":\"https:\/\/www.champmarket.com\/wp-content\/uploads\/2021\/01\/drappier-carte-d-or-jeroboam.jpg\",\"contentUrl\":\"https:\/\/www.champmarket.com\/wp-content\/uploads\/2021\/01\/drappier-carte-d-or-jeroboam.jpg\",\"width\":2000,\"height\":2000,\"caption\":\"Champagne Drappier Carte d'Or Mathusalem - Champmarket\"},{\"@type\":\"BreadcrumbList\",\"@id\":\"https:\/\/www.champmarket.com\/it\/champagne\/drappier-carte-dor-jeroboam\/#breadcrumb\",\"itemListElement\":[{\"@type\":\"ListItem\",\"position\":1,\"name\":\"Home\",\"item\":\"https:\/\/www.champmarket.com\/it\/acquista-champagne-online-champmarket\/\"},{\"@type\":\"ListItem\",\"position\":2,\"name\":\"Shop\",\"item\":\"https:\/\/www.champmarket.com\/it\/shop\/\"},{\"@type\":\"ListItem\",\"position\":3,\"name\":\"Drappier\",\"item\":\"https:\/\/www.champmarket.com\/it\/maisons\/selection-champagne-drappier-it\/\"},{\"@type\":\"ListItem\",\"position\":4,\"name\":\"Carte d&#8217;Or Drappier Jeroboam\"}]},{\"@type\":\"WebSite\",\"@id\":\"https:\/\/www.champmarket.com\/#website\",\"url\":\"https:\/\/www.champmarket.com\/\",\"name\":\"Champmarket\",\"description\":\"Champmarket, Champagnes, Cadeaux et Art de Vivre\",\"publisher\":{\"@id\":\"https:\/\/www.champmarket.com\/#organization\"},\"potentialAction\":[{\"@type\":\"SearchAction\",\"target\":{\"@type\":\"EntryPoint\",\"urlTemplate\":\"https:\/\/www.champmarket.com\/?s={search_term_string}\"},\"query-input\":{\"@type\":\"PropertyValueSpecification\",\"valueRequired\":true,\"valueName\":\"search_term_string\"}}],\"inLanguage\":\"it-IT\"},{\"@type\":\"Organization\",\"@id\":\"https:\/\/www.champmarket.com\/#organization\",\"name\":\"Champmarket\",\"url\":\"https:\/\/www.champmarket.com\/\",\"logo\":{\"@type\":\"ImageObject\",\"inLanguage\":\"it-IT\",\"@id\":\"https:\/\/www.champmarket.com\/#\/schema\/logo\/image\/\",\"url\":\"https:\/\/www.champmarket.com\/wp-content\/uploads\/2024\/08\/logo2024-1.svg\",\"contentUrl\":\"https:\/\/www.champmarket.com\/wp-content\/uploads\/2024\/08\/logo2024-1.svg\",\"width\":579.8,\"height\":80,\"caption\":\"Champmarket\"},\"image\":{\"@id\":\"https:\/\/www.champmarket.com\/#\/schema\/logo\/image\/\"},\"sameAs\":[\"https:\/\/www.facebook.com\/ChampMarket\/\",\"https:\/\/x.com\/champmarket\",\"https:\/\/www.instagram.com\/champmarket.paris\/\",\"https:\/\/www.pinterest.fr\/champmarketparis\/\",\"https:\/\/www.linkedin.com\/company\/champmarket\/\"]}]}<\/script>\n<!-- \/ Yoast SEO plugin. -->","yoast_head_json":{"title":"Carte d'Or Drappier Jeroboam - Champmarket","description":"Drappier Carte d'Or Jeroboam \u00e8 l'espressione stessa dello stile Drappier: potenza, complessit\u00e0 e freschezza che offrono uno champagne di grande ricchezza aromatica.","robots":{"index":"index","follow":"follow","max-snippet":"max-snippet:-1","max-image-preview":"max-image-preview:large","max-video-preview":"max-video-preview:-1"},"canonical":"https:\/\/www.champmarket.com\/it\/champagne\/drappier-carte-dor-jeroboam\/","og_locale":"it_IT","og_type":"article","og_title":"Carte d'Or Drappier Jeroboam - Champmarket","og_description":"Drappier Carte d'Or Jeroboam \u00e8 l'espressione stessa dello stile Drappier: potenza, complessit\u00e0 e freschezza che offrono uno champagne di grande ricchezza aromatica.","og_url":"https:\/\/www.champmarket.com\/it\/champagne\/drappier-carte-dor-jeroboam\/","og_site_name":"Champmarket","article_publisher":"https:\/\/www.facebook.com\/ChampMarket\/","article_modified_time":"2023-06-30T22:00:14+00:00","og_image":[{"width":2000,"height":2000,"url":"https:\/\/www.champmarket.com\/wp-content\/uploads\/2021\/01\/drappier-carte-d-or-jeroboam.jpg","type":"image\/jpeg"}],"twitter_card":"summary_large_image","twitter_site":"@champmarket","schema":{"@context":"https:\/\/schema.org","@graph":[{"@type":"WebPage","@id":"https:\/\/www.champmarket.com\/it\/champagne\/drappier-carte-dor-jeroboam\/","url":"https:\/\/www.champmarket.com\/it\/champagne\/drappier-carte-dor-jeroboam\/","name":"Carte d'Or Drappier Jeroboam - Champmarket","isPartOf":{"@id":"https:\/\/www.champmarket.com\/#website"},"primaryImageOfPage":{"@id":"https:\/\/www.champmarket.com\/it\/champagne\/drappier-carte-dor-jeroboam\/#primaryimage"},"image":{"@id":"https:\/\/www.champmarket.com\/it\/champagne\/drappier-carte-dor-jeroboam\/#primaryimage"},"thumbnailUrl":"https:\/\/www.champmarket.com\/wp-content\/uploads\/2021\/01\/drappier-carte-d-or-jeroboam.jpg","datePublished":"2022-06-30T14:18:04+00:00","dateModified":"2023-06-30T22:00:14+00:00","description":"Drappier Carte d'Or Jeroboam \u00e8 l'espressione stessa dello stile Drappier: potenza, complessit\u00e0 e freschezza che offrono uno champagne di grande ricchezza aromatica.","breadcrumb":{"@id":"https:\/\/www.champmarket.com\/it\/champagne\/drappier-carte-dor-jeroboam\/#breadcrumb"},"inLanguage":"it-IT","potentialAction":[{"@type":"ReadAction","target":["https:\/\/www.champmarket.com\/it\/champagne\/drappier-carte-dor-jeroboam\/"]}]},{"@type":"ImageObject","inLanguage":"it-IT","@id":"https:\/\/www.champmarket.com\/it\/champagne\/drappier-carte-dor-jeroboam\/#primaryimage","url":"https:\/\/www.champmarket.com\/wp-content\/uploads\/2021\/01\/drappier-carte-d-or-jeroboam.jpg","contentUrl":"https:\/\/www.champmarket.com\/wp-content\/uploads\/2021\/01\/drappier-carte-d-or-jeroboam.jpg","width":2000,"height":2000,"caption":"Champagne Drappier Carte d'Or Mathusalem - Champmarket"},{"@type":"BreadcrumbList","@id":"https:\/\/www.champmarket.com\/it\/champagne\/drappier-carte-dor-jeroboam\/#breadcrumb","itemListElement":[{"@type":"ListItem","position":1,"name":"Home","item":"https:\/\/www.champmarket.com\/it\/acquista-champagne-online-champmarket\/"},{"@type":"ListItem","position":2,"name":"Shop","item":"https:\/\/www.champmarket.com\/it\/shop\/"},{"@type":"ListItem","position":3,"name":"Drappier","item":"https:\/\/www.champmarket.com\/it\/maisons\/selection-champagne-drappier-it\/"},{"@type":"ListItem","position":4,"name":"Carte d&#8217;Or Drappier Jeroboam"}]},{"@type":"WebSite","@id":"https:\/\/www.champmarket.com\/#website","url":"https:\/\/www.champmarket.com\/","name":"Champmarket","description":"Champmarket, Champagnes, Cadeaux et Art de Vivre","publisher":{"@id":"https:\/\/www.champmarket.com\/#organization"},"potentialAction":[{"@type":"SearchAction","target":{"@type":"EntryPoint","urlTemplate":"https:\/\/www.champmarket.com\/?s={search_term_string}"},"query-input":{"@type":"PropertyValueSpecification","valueRequired":true,"valueName":"search_term_string"}}],"inLanguage":"it-IT"},{"@type":"Organization","@id":"https:\/\/www.champmarket.com\/#organization","name":"Champmarket","url":"https:\/\/www.champmarket.com\/","logo":{"@type":"ImageObject","inLanguage":"it-IT","@id":"https:\/\/www.champmarket.com\/#\/schema\/logo\/image\/","url":"https:\/\/www.champmarket.com\/wp-content\/uploads\/2024\/08\/logo2024-1.svg","contentUrl":"https:\/\/www.champmarket.com\/wp-content\/uploads\/2024\/08\/logo2024-1.svg","width":579.8,"height":80,"caption":"Champmarket"},"image":{"@id":"https:\/\/www.champmarket.com\/#\/schema\/logo\/image\/"},"sameAs":["https:\/\/www.facebook.com\/ChampMarket\/","https:\/\/x.com\/champmarket","https:\/\/www.instagram.com\/champmarket.paris\/","https:\/\/www.pinterest.fr\/champmarketparis\/","https:\/\/www.linkedin.com\/company\/champmarket\/"]}]}},"_links":{"self":[{"href":"https:\/\/www.champmarket.com\/it\/wp-json\/wp\/v2\/product\/38609","targetHints":{"allow":["GET"]}}],"collection":[{"href":"https:\/\/www.champmarket.com\/it\/wp-json\/wp\/v2\/product"}],"about":[{"href":"https:\/\/www.champmarket.com\/it\/wp-json\/wp\/v2\/types\/product"}],"version-history":[{"count":0,"href":"https:\/\/www.champmarket.com\/it\/wp-json\/wp\/v2\/product\/38609\/revisions"}],"wp:featuredmedia":[{"embeddable":true,"href":"https:\/\/www.champmarket.com\/it\/wp-json\/wp\/v2\/media\/31646"}],"wp:attachment":[{"href":"https:\/\/www.champmarket.com\/it\/wp-json\/wp\/v2\/media?parent=38609"}],"wp:term":[{"taxonomy":"product_brand","embeddable":true,"href":"https:\/\/www.champmarket.com\/it\/wp-json\/wp\/v2\/product_brand?post=38609"},{"taxonomy":"product_cat","embeddable":true,"href":"https:\/\/www.champmarket.com\/it\/wp-json\/wp\/v2\/product_cat?post=38609"},{"taxonomy":"product_tag","embeddable":true,"href":"https:\/\/www.champmarket.com\/it\/wp-json\/wp\/v2\/product_tag?post=38609"}],"curies":[{"name":"wp","href":"https:\/\/api.w.org\/{rel}","templated":true}]}}