{"id":38656,"date":"2021-02-18T16:02:59","date_gmt":"2022-07-01T10:12:35","guid":{"rendered":"https:\/\/www.champmarket.com\/champagne\/drappier-brut-nature-dosaggio-zero-senza-aggiunta-di-zolfo-bottiglia\/"},"modified":"2025-05-09T15:46:06","modified_gmt":"2025-05-09T13:46:06","slug":"drappier-brut-nature-zero-dosaggio-senza-zolfo-bottiglia","status":"publish","type":"product","link":"https:\/\/www.champmarket.com\/it\/champagne\/drappier-brut-nature-zero-dosaggio-senza-zolfo-bottiglia\/","title":{"rendered":"Drappier Brut Nature Dosaggio Zero senza aggiunta di zolfo -bottiglia"},"content":{"rendered":"<p>A questa cuv\u00e9e non \u00e8 stato aggiunto solfuro durante le varie fasi della vinificazione, permettendo a Pinot Noir di esprimersi in piena libert\u00e0.<\/p>\n<p>Senza dosaggio e con una notevole rotondit\u00e0 grazie alla maturit\u00e0 delle uve e al tempo trascorso nelle nostre cantine, questo vino evoca belle mele e pere William con un tocco di agrumi.<\/p>\n","protected":false},"excerpt":{"rendered":"<p>Drappier Brut Nature Z\u00e9ro Dosage sans ajout de Soufre \u00e8 il culmine di Nature, uno champagne il cui contenuto di solfiti \u00e8 stato ridotto. Qui tutto \u00e8 puro. Brut Nature sans soufre \u00e8 il culmine di un processo che ha portato la Maison Drappier Champagne a ridurre il contenuto di solfiti dei suoi champagne nel corso degli anni.<\/p>\n","protected":false},"featured_media":31641,"template":"","meta":{"_acf_changed":false},"product_brand":[],"product_cat":[3374,3410,2394,2238,2775,2374,2224],"product_tag":[2244,2245,2229],"class_list":{"0":"post-38656","1":"product","2":"type-product","3":"status-publish","4":"has-post-thumbnail","6":"maisons-selection-champagne-drappier-it","7":"product_cat-champagne-brut-nature-zero-dosaggio","8":"product_cat-champagne-di-primavera","9":"product_cat-categorie-drappier-it","10":"product_cat-bouteilles-it","11":"product_cat-tutti-gli-champagne","12":"product_cat-champagne-extra-brut-non-dose-zero-dosage","13":"product_cat-repas-it","14":"product_tag-sushis-it","15":"product_tag-fruits-de-mer-it","16":"product_tag-per-un-pasto-con-champagne","18":"first","19":"instock","20":"taxable","21":"shipping-taxable","22":"purchasable","23":"product-type-simple"},"acf":[],"yoast_head":"<!-- This site is optimized with the Yoast SEO plugin v26.4 - https:\/\/yoast.com\/wordpress\/plugins\/seo\/ -->\n<title>Drappier Brut Nature Dosaggio Zero senza aggiunta di zolfo -bottiglia - Champmarket<\/title>\n<meta name=\"description\" content=\"Drappier Brut Nature Z\u00e9ro Dosage sans ajout de Soufre \u00e8 il culmine di Nature, uno champagne il cui contenuto di solfiti \u00e8 stato ridotto.\" \/>\n<meta name=\"robots\" content=\"index, follow, max-snippet:-1, max-image-preview:large, max-video-preview:-1\" \/>\n<link rel=\"canonical\" href=\"https:\/\/www.champmarket.com\/it\/champagne\/drappier-brut-nature-zero-dosaggio-senza-zolfo-bottiglia\/\" \/>\n<meta property=\"og:locale\" content=\"it_IT\" \/>\n<meta property=\"og:type\" content=\"article\" \/>\n<meta property=\"og:title\" content=\"Drappier Brut Nature Dosaggio Zero senza aggiunta di zolfo -bottiglia - Champmarket\" \/>\n<meta property=\"og:description\" content=\"Drappier Brut Nature Z\u00e9ro Dosage sans ajout de Soufre \u00e8 il culmine di Nature, uno champagne il cui contenuto di solfiti \u00e8 stato ridotto.\" \/>\n<meta property=\"og:url\" content=\"https:\/\/www.champmarket.com\/it\/champagne\/drappier-brut-nature-zero-dosaggio-senza-zolfo-bottiglia\/\" \/>\n<meta property=\"og:site_name\" content=\"Champmarket\" \/>\n<meta property=\"article:publisher\" content=\"https:\/\/www.facebook.com\/ChampMarket\/\" \/>\n<meta property=\"article:modified_time\" content=\"2025-05-09T13:46:06+00:00\" \/>\n<meta property=\"og:image\" content=\"https:\/\/www.champmarket.com\/wp-content\/uploads\/2021\/01\/drappier-brut-nature-sans-ajout-de-souffre-bouteille.jpg\" \/>\n\t<meta property=\"og:image:width\" content=\"2000\" \/>\n\t<meta property=\"og:image:height\" content=\"2000\" \/>\n\t<meta property=\"og:image:type\" content=\"image\/jpeg\" \/>\n<meta name=\"twitter:card\" content=\"summary_large_image\" \/>\n<meta name=\"twitter:site\" content=\"@champmarket\" \/>\n<script type=\"application\/ld+json\" class=\"yoast-schema-graph\">{\"@context\":\"https:\/\/schema.org\",\"@graph\":[{\"@type\":\"WebPage\",\"@id\":\"https:\/\/www.champmarket.com\/it\/champagne\/drappier-brut-nature-zero-dosaggio-senza-zolfo-bottiglia\/\",\"url\":\"https:\/\/www.champmarket.com\/it\/champagne\/drappier-brut-nature-zero-dosaggio-senza-zolfo-bottiglia\/\",\"name\":\"Drappier Brut Nature Dosaggio Zero senza aggiunta di zolfo -bottiglia - Champmarket\",\"isPartOf\":{\"@id\":\"https:\/\/www.champmarket.com\/#website\"},\"primaryImageOfPage\":{\"@id\":\"https:\/\/www.champmarket.com\/it\/champagne\/drappier-brut-nature-zero-dosaggio-senza-zolfo-bottiglia\/#primaryimage\"},\"image\":{\"@id\":\"https:\/\/www.champmarket.com\/it\/champagne\/drappier-brut-nature-zero-dosaggio-senza-zolfo-bottiglia\/#primaryimage\"},\"thumbnailUrl\":\"https:\/\/www.champmarket.com\/wp-content\/uploads\/2021\/01\/drappier-brut-nature-sans-ajout-de-souffre-bouteille.jpg\",\"datePublished\":\"2022-07-01T10:12:35+00:00\",\"dateModified\":\"2025-05-09T13:46:06+00:00\",\"description\":\"Drappier Brut Nature Z\u00e9ro Dosage sans ajout de Soufre \u00e8 il culmine di Nature, uno champagne il cui contenuto di solfiti \u00e8 stato ridotto.\",\"breadcrumb\":{\"@id\":\"https:\/\/www.champmarket.com\/it\/champagne\/drappier-brut-nature-zero-dosaggio-senza-zolfo-bottiglia\/#breadcrumb\"},\"inLanguage\":\"it-IT\",\"potentialAction\":[{\"@type\":\"ReadAction\",\"target\":[\"https:\/\/www.champmarket.com\/it\/champagne\/drappier-brut-nature-zero-dosaggio-senza-zolfo-bottiglia\/\"]}]},{\"@type\":\"ImageObject\",\"inLanguage\":\"it-IT\",\"@id\":\"https:\/\/www.champmarket.com\/it\/champagne\/drappier-brut-nature-zero-dosaggio-senza-zolfo-bottiglia\/#primaryimage\",\"url\":\"https:\/\/www.champmarket.com\/wp-content\/uploads\/2021\/01\/drappier-brut-nature-sans-ajout-de-souffre-bouteille.jpg\",\"contentUrl\":\"https:\/\/www.champmarket.com\/wp-content\/uploads\/2021\/01\/drappier-brut-nature-sans-ajout-de-souffre-bouteille.jpg\",\"width\":2000,\"height\":2000,\"caption\":\"Champagne Drappier Brut Nature Senza Zolfo Aggiunto Bottiglia - Champmarket\"},{\"@type\":\"BreadcrumbList\",\"@id\":\"https:\/\/www.champmarket.com\/it\/champagne\/drappier-brut-nature-zero-dosaggio-senza-zolfo-bottiglia\/#breadcrumb\",\"itemListElement\":[{\"@type\":\"ListItem\",\"position\":1,\"name\":\"Home\",\"item\":\"https:\/\/www.champmarket.com\/it\/acquista-champagne-online-champmarket\/\"},{\"@type\":\"ListItem\",\"position\":2,\"name\":\"Shop\",\"item\":\"https:\/\/www.champmarket.com\/it\/shop\/\"},{\"@type\":\"ListItem\",\"position\":3,\"name\":\"Drappier\",\"item\":\"https:\/\/www.champmarket.com\/it\/maisons\/selection-champagne-drappier-it\/\"},{\"@type\":\"ListItem\",\"position\":4,\"name\":\"Drappier Brut Nature Dosaggio Zero senza aggiunta di zolfo -bottiglia\"}]},{\"@type\":\"WebSite\",\"@id\":\"https:\/\/www.champmarket.com\/#website\",\"url\":\"https:\/\/www.champmarket.com\/\",\"name\":\"Champmarket\",\"description\":\"Champmarket, Champagnes, Cadeaux et Art de Vivre\",\"publisher\":{\"@id\":\"https:\/\/www.champmarket.com\/#organization\"},\"potentialAction\":[{\"@type\":\"SearchAction\",\"target\":{\"@type\":\"EntryPoint\",\"urlTemplate\":\"https:\/\/www.champmarket.com\/?s={search_term_string}\"},\"query-input\":{\"@type\":\"PropertyValueSpecification\",\"valueRequired\":true,\"valueName\":\"search_term_string\"}}],\"inLanguage\":\"it-IT\"},{\"@type\":\"Organization\",\"@id\":\"https:\/\/www.champmarket.com\/#organization\",\"name\":\"Champmarket\",\"url\":\"https:\/\/www.champmarket.com\/\",\"logo\":{\"@type\":\"ImageObject\",\"inLanguage\":\"it-IT\",\"@id\":\"https:\/\/www.champmarket.com\/#\/schema\/logo\/image\/\",\"url\":\"https:\/\/www.champmarket.com\/wp-content\/uploads\/2024\/08\/logo2024-1.svg\",\"contentUrl\":\"https:\/\/www.champmarket.com\/wp-content\/uploads\/2024\/08\/logo2024-1.svg\",\"width\":579.8,\"height\":80,\"caption\":\"Champmarket\"},\"image\":{\"@id\":\"https:\/\/www.champmarket.com\/#\/schema\/logo\/image\/\"},\"sameAs\":[\"https:\/\/www.facebook.com\/ChampMarket\/\",\"https:\/\/x.com\/champmarket\",\"https:\/\/www.instagram.com\/champmarket.paris\/\",\"https:\/\/www.pinterest.fr\/champmarketparis\/\",\"https:\/\/www.linkedin.com\/company\/champmarket\/\"]}]}<\/script>\n<!-- \/ Yoast SEO plugin. -->","yoast_head_json":{"title":"Drappier Brut Nature Dosaggio Zero senza aggiunta di zolfo -bottiglia - Champmarket","description":"Drappier Brut Nature Z\u00e9ro Dosage sans ajout de Soufre \u00e8 il culmine di Nature, uno champagne il cui contenuto di solfiti \u00e8 stato ridotto.","robots":{"index":"index","follow":"follow","max-snippet":"max-snippet:-1","max-image-preview":"max-image-preview:large","max-video-preview":"max-video-preview:-1"},"canonical":"https:\/\/www.champmarket.com\/it\/champagne\/drappier-brut-nature-zero-dosaggio-senza-zolfo-bottiglia\/","og_locale":"it_IT","og_type":"article","og_title":"Drappier Brut Nature Dosaggio Zero senza aggiunta di zolfo -bottiglia - Champmarket","og_description":"Drappier Brut Nature Z\u00e9ro Dosage sans ajout de Soufre \u00e8 il culmine di Nature, uno champagne il cui contenuto di solfiti \u00e8 stato ridotto.","og_url":"https:\/\/www.champmarket.com\/it\/champagne\/drappier-brut-nature-zero-dosaggio-senza-zolfo-bottiglia\/","og_site_name":"Champmarket","article_publisher":"https:\/\/www.facebook.com\/ChampMarket\/","article_modified_time":"2025-05-09T13:46:06+00:00","og_image":[{"width":2000,"height":2000,"url":"https:\/\/www.champmarket.com\/wp-content\/uploads\/2021\/01\/drappier-brut-nature-sans-ajout-de-souffre-bouteille.jpg","type":"image\/jpeg"}],"twitter_card":"summary_large_image","twitter_site":"@champmarket","schema":{"@context":"https:\/\/schema.org","@graph":[{"@type":"WebPage","@id":"https:\/\/www.champmarket.com\/it\/champagne\/drappier-brut-nature-zero-dosaggio-senza-zolfo-bottiglia\/","url":"https:\/\/www.champmarket.com\/it\/champagne\/drappier-brut-nature-zero-dosaggio-senza-zolfo-bottiglia\/","name":"Drappier Brut Nature Dosaggio Zero senza aggiunta di zolfo -bottiglia - Champmarket","isPartOf":{"@id":"https:\/\/www.champmarket.com\/#website"},"primaryImageOfPage":{"@id":"https:\/\/www.champmarket.com\/it\/champagne\/drappier-brut-nature-zero-dosaggio-senza-zolfo-bottiglia\/#primaryimage"},"image":{"@id":"https:\/\/www.champmarket.com\/it\/champagne\/drappier-brut-nature-zero-dosaggio-senza-zolfo-bottiglia\/#primaryimage"},"thumbnailUrl":"https:\/\/www.champmarket.com\/wp-content\/uploads\/2021\/01\/drappier-brut-nature-sans-ajout-de-souffre-bouteille.jpg","datePublished":"2022-07-01T10:12:35+00:00","dateModified":"2025-05-09T13:46:06+00:00","description":"Drappier Brut Nature Z\u00e9ro Dosage sans ajout de Soufre \u00e8 il culmine di Nature, uno champagne il cui contenuto di solfiti \u00e8 stato ridotto.","breadcrumb":{"@id":"https:\/\/www.champmarket.com\/it\/champagne\/drappier-brut-nature-zero-dosaggio-senza-zolfo-bottiglia\/#breadcrumb"},"inLanguage":"it-IT","potentialAction":[{"@type":"ReadAction","target":["https:\/\/www.champmarket.com\/it\/champagne\/drappier-brut-nature-zero-dosaggio-senza-zolfo-bottiglia\/"]}]},{"@type":"ImageObject","inLanguage":"it-IT","@id":"https:\/\/www.champmarket.com\/it\/champagne\/drappier-brut-nature-zero-dosaggio-senza-zolfo-bottiglia\/#primaryimage","url":"https:\/\/www.champmarket.com\/wp-content\/uploads\/2021\/01\/drappier-brut-nature-sans-ajout-de-souffre-bouteille.jpg","contentUrl":"https:\/\/www.champmarket.com\/wp-content\/uploads\/2021\/01\/drappier-brut-nature-sans-ajout-de-souffre-bouteille.jpg","width":2000,"height":2000,"caption":"Champagne Drappier Brut Nature Senza Zolfo Aggiunto Bottiglia - Champmarket"},{"@type":"BreadcrumbList","@id":"https:\/\/www.champmarket.com\/it\/champagne\/drappier-brut-nature-zero-dosaggio-senza-zolfo-bottiglia\/#breadcrumb","itemListElement":[{"@type":"ListItem","position":1,"name":"Home","item":"https:\/\/www.champmarket.com\/it\/acquista-champagne-online-champmarket\/"},{"@type":"ListItem","position":2,"name":"Shop","item":"https:\/\/www.champmarket.com\/it\/shop\/"},{"@type":"ListItem","position":3,"name":"Drappier","item":"https:\/\/www.champmarket.com\/it\/maisons\/selection-champagne-drappier-it\/"},{"@type":"ListItem","position":4,"name":"Drappier Brut Nature Dosaggio Zero senza aggiunta di zolfo -bottiglia"}]},{"@type":"WebSite","@id":"https:\/\/www.champmarket.com\/#website","url":"https:\/\/www.champmarket.com\/","name":"Champmarket","description":"Champmarket, Champagnes, Cadeaux et Art de Vivre","publisher":{"@id":"https:\/\/www.champmarket.com\/#organization"},"potentialAction":[{"@type":"SearchAction","target":{"@type":"EntryPoint","urlTemplate":"https:\/\/www.champmarket.com\/?s={search_term_string}"},"query-input":{"@type":"PropertyValueSpecification","valueRequired":true,"valueName":"search_term_string"}}],"inLanguage":"it-IT"},{"@type":"Organization","@id":"https:\/\/www.champmarket.com\/#organization","name":"Champmarket","url":"https:\/\/www.champmarket.com\/","logo":{"@type":"ImageObject","inLanguage":"it-IT","@id":"https:\/\/www.champmarket.com\/#\/schema\/logo\/image\/","url":"https:\/\/www.champmarket.com\/wp-content\/uploads\/2024\/08\/logo2024-1.svg","contentUrl":"https:\/\/www.champmarket.com\/wp-content\/uploads\/2024\/08\/logo2024-1.svg","width":579.8,"height":80,"caption":"Champmarket"},"image":{"@id":"https:\/\/www.champmarket.com\/#\/schema\/logo\/image\/"},"sameAs":["https:\/\/www.facebook.com\/ChampMarket\/","https:\/\/x.com\/champmarket","https:\/\/www.instagram.com\/champmarket.paris\/","https:\/\/www.pinterest.fr\/champmarketparis\/","https:\/\/www.linkedin.com\/company\/champmarket\/"]}]}},"_links":{"self":[{"href":"https:\/\/www.champmarket.com\/it\/wp-json\/wp\/v2\/product\/38656","targetHints":{"allow":["GET"]}}],"collection":[{"href":"https:\/\/www.champmarket.com\/it\/wp-json\/wp\/v2\/product"}],"about":[{"href":"https:\/\/www.champmarket.com\/it\/wp-json\/wp\/v2\/types\/product"}],"version-history":[{"count":1,"href":"https:\/\/www.champmarket.com\/it\/wp-json\/wp\/v2\/product\/38656\/revisions"}],"predecessor-version":[{"id":78801,"href":"https:\/\/www.champmarket.com\/it\/wp-json\/wp\/v2\/product\/38656\/revisions\/78801"}],"wp:featuredmedia":[{"embeddable":true,"href":"https:\/\/www.champmarket.com\/it\/wp-json\/wp\/v2\/media\/31641"}],"wp:attachment":[{"href":"https:\/\/www.champmarket.com\/it\/wp-json\/wp\/v2\/media?parent=38656"}],"wp:term":[{"taxonomy":"product_brand","embeddable":true,"href":"https:\/\/www.champmarket.com\/it\/wp-json\/wp\/v2\/product_brand?post=38656"},{"taxonomy":"product_cat","embeddable":true,"href":"https:\/\/www.champmarket.com\/it\/wp-json\/wp\/v2\/product_cat?post=38656"},{"taxonomy":"product_tag","embeddable":true,"href":"https:\/\/www.champmarket.com\/it\/wp-json\/wp\/v2\/product_tag?post=38656"}],"curies":[{"name":"wp","href":"https:\/\/api.w.org\/{rel}","templated":true}]}}