{"id":38663,"date":"2022-03-31T22:25:25","date_gmt":"2022-07-01T12:49:22","guid":{"rendered":"https:\/\/www.champmarket.com\/champagne\/krug-vintage-2008-bottiglia\/"},"modified":"2023-03-28T16:56:34","modified_gmt":"2023-03-28T14:56:34","slug":"krug-vintage-2008-bottiglia","status":"publish","type":"product","link":"https:\/\/www.champmarket.com\/it\/champagne\/krug-vintage-2008-bottiglia\/","title":{"rendered":"Krug Vintage 2008 Bottiglia"},"content":{"rendered":"<p>Ogni Krug Vintage esprime il carattere unico di un particolare anno. Un Krug Vintage riunisce i vini pi\u00f9 espressivi dello stesso anno, valorizzati da oltre dieci anni di invecchiamento in cantina. Ogni Vintage \u00e8 diversa: \u00e8 la &#8220;musica&#8221; dell&#8217;anno, trasposta nell&#8217;universo Krug.<\/p>\n<div class=\"regular-text-left warm-grey\">\n<p>Per Krug, il 2008 ha dato vita a uno champagne elegante e senza tempo, perfettamente bilanciato tra freschezza, struttura e ricchezza aromatica.<\/p>\n<p>Dopo 12 anni di permanenza nelle cantine della Maison, Krug Vintage 2008 ha acquisito maggiore espressivit\u00e0 e presenta un profilo aromatico notevole, preciso e armonioso. Come tutti gli champagne Krug, il Vintage 2008 continuer\u00e0 a migliorare con il tempo.<\/p>\n<div class=\"set\">\n<div class=\"content\">\n<p>La storia completa di ogni \u00c9dition si pu\u00f2 scoprire online attraverso il suo Krug iD, i sei numeri che si trovano sul retro dell&#8217;etichetta.<\/p>\n<\/div>\n<\/div>\n<\/div>\n","protected":false},"excerpt":{"rendered":"<p>L&#8217;assemblaggio di un Krug Vintage risponde al desiderio di raccontare la storia dell&#8217;anno, in tutta la sua sorpresa e il suo fascino. Krug Vintage 2008 \u00e8 uno dei grandi classici della Maison Krug, dotato di una &#8220;Eleganza Intemporea&#8221;, uno champagne perfettamente equilibrato tra freschezza, struttura e ricchezza aromatica.<\/p>\n<p><span style=\"color: #c5b06e;\"><strong>A causa della <\/strong><strong>Data la rarit\u00e0 di questa annata, tutti gli ordini sono soggetti a convalida da parte della Maison Krug.<\/strong><\/span><\/p>\n","protected":false},"featured_media":37432,"template":"","meta":{"_acf_changed":false},"product_brand":[],"product_cat":[3366,2397,2238,2775,2225,2375,2224],"product_tag":[2248,2229,2232],"class_list":{"0":"post-38663","1":"product","2":"type-product","3":"status-publish","4":"has-post-thumbnail","6":"maisons-selection-champagne-krug-it","7":"product_cat-champagne-di-natale","8":"product_cat-categorie-krug-it","9":"product_cat-bouteilles-it","10":"product_cat-tutti-gli-champagne","11":"product_cat-champagne-millesime-it","12":"product_cat-champagne-prestige-it","13":"product_cat-repas-it","14":"product_tag-haute-couture-it","15":"product_tag-per-un-pasto-con-champagne","16":"product_tag-vintage-it","18":"first","19":"instock","20":"taxable","21":"shipping-taxable","22":"purchasable","23":"product-type-simple"},"acf":[],"yoast_head":"<!-- This site is optimized with the Yoast SEO plugin v26.4 - https:\/\/yoast.com\/wordpress\/plugins\/seo\/ -->\n<title>Krug Vintage 2008 Bottiglia - Champmarket<\/title>\n<meta name=\"description\" content=\"Krug Vintage 2008 offre &quot;Eleganza senza tempo&quot;, uno champagne perfettamente bilanciato tra freschezza, struttura e ricchezza aromatica.\" \/>\n<meta name=\"robots\" content=\"index, follow, max-snippet:-1, max-image-preview:large, max-video-preview:-1\" \/>\n<link rel=\"canonical\" href=\"https:\/\/www.champmarket.com\/it\/champagne\/krug-vintage-2008-bottiglia\/\" \/>\n<meta property=\"og:locale\" content=\"it_IT\" \/>\n<meta property=\"og:type\" content=\"article\" \/>\n<meta property=\"og:title\" content=\"Krug Vintage 2008 Bottiglia - Champmarket\" \/>\n<meta property=\"og:description\" content=\"Krug Vintage 2008 offre &quot;Eleganza senza tempo&quot;, uno champagne perfettamente bilanciato tra freschezza, struttura e ricchezza aromatica.\" \/>\n<meta property=\"og:url\" content=\"https:\/\/www.champmarket.com\/it\/champagne\/krug-vintage-2008-bottiglia\/\" \/>\n<meta property=\"og:site_name\" content=\"Champmarket\" \/>\n<meta property=\"article:publisher\" content=\"https:\/\/www.facebook.com\/ChampMarket\/\" \/>\n<meta property=\"article:modified_time\" content=\"2023-03-28T14:56:34+00:00\" \/>\n<meta property=\"og:image\" content=\"https:\/\/www.champmarket.com\/wp-content\/uploads\/2021\/09\/krug-vintage-2008-bouteille.jpg\" \/>\n\t<meta property=\"og:image:width\" content=\"2000\" \/>\n\t<meta property=\"og:image:height\" content=\"2000\" \/>\n\t<meta property=\"og:image:type\" content=\"image\/jpeg\" \/>\n<meta name=\"twitter:card\" content=\"summary_large_image\" \/>\n<meta name=\"twitter:site\" content=\"@champmarket\" \/>\n<meta name=\"twitter:label1\" content=\"Tempo di lettura stimato\" \/>\n\t<meta name=\"twitter:data1\" content=\"1 minuto\" \/>\n<script type=\"application\/ld+json\" class=\"yoast-schema-graph\">{\"@context\":\"https:\/\/schema.org\",\"@graph\":[{\"@type\":\"WebPage\",\"@id\":\"https:\/\/www.champmarket.com\/it\/champagne\/krug-vintage-2008-bottiglia\/\",\"url\":\"https:\/\/www.champmarket.com\/it\/champagne\/krug-vintage-2008-bottiglia\/\",\"name\":\"Krug Vintage 2008 Bottiglia - Champmarket\",\"isPartOf\":{\"@id\":\"https:\/\/www.champmarket.com\/#website\"},\"primaryImageOfPage\":{\"@id\":\"https:\/\/www.champmarket.com\/it\/champagne\/krug-vintage-2008-bottiglia\/#primaryimage\"},\"image\":{\"@id\":\"https:\/\/www.champmarket.com\/it\/champagne\/krug-vintage-2008-bottiglia\/#primaryimage\"},\"thumbnailUrl\":\"https:\/\/www.champmarket.com\/wp-content\/uploads\/2021\/09\/krug-vintage-2008-bouteille.webp\",\"datePublished\":\"2022-07-01T12:49:22+00:00\",\"dateModified\":\"2023-03-28T14:56:34+00:00\",\"description\":\"Krug Vintage 2008 offre \\\"Eleganza senza tempo\\\", uno champagne perfettamente bilanciato tra freschezza, struttura e ricchezza aromatica.\",\"breadcrumb\":{\"@id\":\"https:\/\/www.champmarket.com\/it\/champagne\/krug-vintage-2008-bottiglia\/#breadcrumb\"},\"inLanguage\":\"it-IT\",\"potentialAction\":[{\"@type\":\"ReadAction\",\"target\":[\"https:\/\/www.champmarket.com\/it\/champagne\/krug-vintage-2008-bottiglia\/\"]}]},{\"@type\":\"ImageObject\",\"inLanguage\":\"it-IT\",\"@id\":\"https:\/\/www.champmarket.com\/it\/champagne\/krug-vintage-2008-bottiglia\/#primaryimage\",\"url\":\"https:\/\/www.champmarket.com\/wp-content\/uploads\/2021\/09\/krug-vintage-2008-bouteille.webp\",\"contentUrl\":\"https:\/\/www.champmarket.com\/wp-content\/uploads\/2021\/09\/krug-vintage-2008-bouteille.webp\",\"width\":2000,\"height\":2000,\"caption\":\"Champagne Krug Vintage 2008 Bottiglia - Champmarket\"},{\"@type\":\"BreadcrumbList\",\"@id\":\"https:\/\/www.champmarket.com\/it\/champagne\/krug-vintage-2008-bottiglia\/#breadcrumb\",\"itemListElement\":[{\"@type\":\"ListItem\",\"position\":1,\"name\":\"Home\",\"item\":\"https:\/\/www.champmarket.com\/it\/acquista-champagne-online-champmarket\/\"},{\"@type\":\"ListItem\",\"position\":2,\"name\":\"Shop\",\"item\":\"https:\/\/www.champmarket.com\/it\/shop\/\"},{\"@type\":\"ListItem\",\"position\":3,\"name\":\"Krug\",\"item\":\"https:\/\/www.champmarket.com\/it\/maisons\/selection-champagne-krug-it\/\"},{\"@type\":\"ListItem\",\"position\":4,\"name\":\"Krug Vintage 2008 Bottiglia\"}]},{\"@type\":\"WebSite\",\"@id\":\"https:\/\/www.champmarket.com\/#website\",\"url\":\"https:\/\/www.champmarket.com\/\",\"name\":\"Champmarket\",\"description\":\"Champmarket, Champagnes, Cadeaux et Art de Vivre\",\"publisher\":{\"@id\":\"https:\/\/www.champmarket.com\/#organization\"},\"potentialAction\":[{\"@type\":\"SearchAction\",\"target\":{\"@type\":\"EntryPoint\",\"urlTemplate\":\"https:\/\/www.champmarket.com\/?s={search_term_string}\"},\"query-input\":{\"@type\":\"PropertyValueSpecification\",\"valueRequired\":true,\"valueName\":\"search_term_string\"}}],\"inLanguage\":\"it-IT\"},{\"@type\":\"Organization\",\"@id\":\"https:\/\/www.champmarket.com\/#organization\",\"name\":\"Champmarket\",\"url\":\"https:\/\/www.champmarket.com\/\",\"logo\":{\"@type\":\"ImageObject\",\"inLanguage\":\"it-IT\",\"@id\":\"https:\/\/www.champmarket.com\/#\/schema\/logo\/image\/\",\"url\":\"https:\/\/www.champmarket.com\/wp-content\/uploads\/2024\/08\/logo2024-1.svg\",\"contentUrl\":\"https:\/\/www.champmarket.com\/wp-content\/uploads\/2024\/08\/logo2024-1.svg\",\"width\":579.8,\"height\":80,\"caption\":\"Champmarket\"},\"image\":{\"@id\":\"https:\/\/www.champmarket.com\/#\/schema\/logo\/image\/\"},\"sameAs\":[\"https:\/\/www.facebook.com\/ChampMarket\/\",\"https:\/\/x.com\/champmarket\",\"https:\/\/www.instagram.com\/champmarket.paris\/\",\"https:\/\/www.pinterest.fr\/champmarketparis\/\",\"https:\/\/www.linkedin.com\/company\/champmarket\/\"]}]}<\/script>\n<!-- \/ Yoast SEO plugin. -->","yoast_head_json":{"title":"Krug Vintage 2008 Bottiglia - Champmarket","description":"Krug Vintage 2008 offre \"Eleganza senza tempo\", uno champagne perfettamente bilanciato tra freschezza, struttura e ricchezza aromatica.","robots":{"index":"index","follow":"follow","max-snippet":"max-snippet:-1","max-image-preview":"max-image-preview:large","max-video-preview":"max-video-preview:-1"},"canonical":"https:\/\/www.champmarket.com\/it\/champagne\/krug-vintage-2008-bottiglia\/","og_locale":"it_IT","og_type":"article","og_title":"Krug Vintage 2008 Bottiglia - Champmarket","og_description":"Krug Vintage 2008 offre \"Eleganza senza tempo\", uno champagne perfettamente bilanciato tra freschezza, struttura e ricchezza aromatica.","og_url":"https:\/\/www.champmarket.com\/it\/champagne\/krug-vintage-2008-bottiglia\/","og_site_name":"Champmarket","article_publisher":"https:\/\/www.facebook.com\/ChampMarket\/","article_modified_time":"2023-03-28T14:56:34+00:00","og_image":[{"width":2000,"height":2000,"url":"https:\/\/www.champmarket.com\/wp-content\/uploads\/2021\/09\/krug-vintage-2008-bouteille.jpg","type":"image\/jpeg"}],"twitter_card":"summary_large_image","twitter_site":"@champmarket","twitter_misc":{"Tempo di lettura stimato":"1 minuto"},"schema":{"@context":"https:\/\/schema.org","@graph":[{"@type":"WebPage","@id":"https:\/\/www.champmarket.com\/it\/champagne\/krug-vintage-2008-bottiglia\/","url":"https:\/\/www.champmarket.com\/it\/champagne\/krug-vintage-2008-bottiglia\/","name":"Krug Vintage 2008 Bottiglia - Champmarket","isPartOf":{"@id":"https:\/\/www.champmarket.com\/#website"},"primaryImageOfPage":{"@id":"https:\/\/www.champmarket.com\/it\/champagne\/krug-vintage-2008-bottiglia\/#primaryimage"},"image":{"@id":"https:\/\/www.champmarket.com\/it\/champagne\/krug-vintage-2008-bottiglia\/#primaryimage"},"thumbnailUrl":"https:\/\/www.champmarket.com\/wp-content\/uploads\/2021\/09\/krug-vintage-2008-bouteille.webp","datePublished":"2022-07-01T12:49:22+00:00","dateModified":"2023-03-28T14:56:34+00:00","description":"Krug Vintage 2008 offre \"Eleganza senza tempo\", uno champagne perfettamente bilanciato tra freschezza, struttura e ricchezza aromatica.","breadcrumb":{"@id":"https:\/\/www.champmarket.com\/it\/champagne\/krug-vintage-2008-bottiglia\/#breadcrumb"},"inLanguage":"it-IT","potentialAction":[{"@type":"ReadAction","target":["https:\/\/www.champmarket.com\/it\/champagne\/krug-vintage-2008-bottiglia\/"]}]},{"@type":"ImageObject","inLanguage":"it-IT","@id":"https:\/\/www.champmarket.com\/it\/champagne\/krug-vintage-2008-bottiglia\/#primaryimage","url":"https:\/\/www.champmarket.com\/wp-content\/uploads\/2021\/09\/krug-vintage-2008-bouteille.webp","contentUrl":"https:\/\/www.champmarket.com\/wp-content\/uploads\/2021\/09\/krug-vintage-2008-bouteille.webp","width":2000,"height":2000,"caption":"Champagne Krug Vintage 2008 Bottiglia - Champmarket"},{"@type":"BreadcrumbList","@id":"https:\/\/www.champmarket.com\/it\/champagne\/krug-vintage-2008-bottiglia\/#breadcrumb","itemListElement":[{"@type":"ListItem","position":1,"name":"Home","item":"https:\/\/www.champmarket.com\/it\/acquista-champagne-online-champmarket\/"},{"@type":"ListItem","position":2,"name":"Shop","item":"https:\/\/www.champmarket.com\/it\/shop\/"},{"@type":"ListItem","position":3,"name":"Krug","item":"https:\/\/www.champmarket.com\/it\/maisons\/selection-champagne-krug-it\/"},{"@type":"ListItem","position":4,"name":"Krug Vintage 2008 Bottiglia"}]},{"@type":"WebSite","@id":"https:\/\/www.champmarket.com\/#website","url":"https:\/\/www.champmarket.com\/","name":"Champmarket","description":"Champmarket, Champagnes, Cadeaux et Art de Vivre","publisher":{"@id":"https:\/\/www.champmarket.com\/#organization"},"potentialAction":[{"@type":"SearchAction","target":{"@type":"EntryPoint","urlTemplate":"https:\/\/www.champmarket.com\/?s={search_term_string}"},"query-input":{"@type":"PropertyValueSpecification","valueRequired":true,"valueName":"search_term_string"}}],"inLanguage":"it-IT"},{"@type":"Organization","@id":"https:\/\/www.champmarket.com\/#organization","name":"Champmarket","url":"https:\/\/www.champmarket.com\/","logo":{"@type":"ImageObject","inLanguage":"it-IT","@id":"https:\/\/www.champmarket.com\/#\/schema\/logo\/image\/","url":"https:\/\/www.champmarket.com\/wp-content\/uploads\/2024\/08\/logo2024-1.svg","contentUrl":"https:\/\/www.champmarket.com\/wp-content\/uploads\/2024\/08\/logo2024-1.svg","width":579.8,"height":80,"caption":"Champmarket"},"image":{"@id":"https:\/\/www.champmarket.com\/#\/schema\/logo\/image\/"},"sameAs":["https:\/\/www.facebook.com\/ChampMarket\/","https:\/\/x.com\/champmarket","https:\/\/www.instagram.com\/champmarket.paris\/","https:\/\/www.pinterest.fr\/champmarketparis\/","https:\/\/www.linkedin.com\/company\/champmarket\/"]}]}},"_links":{"self":[{"href":"https:\/\/www.champmarket.com\/it\/wp-json\/wp\/v2\/product\/38663","targetHints":{"allow":["GET"]}}],"collection":[{"href":"https:\/\/www.champmarket.com\/it\/wp-json\/wp\/v2\/product"}],"about":[{"href":"https:\/\/www.champmarket.com\/it\/wp-json\/wp\/v2\/types\/product"}],"version-history":[{"count":0,"href":"https:\/\/www.champmarket.com\/it\/wp-json\/wp\/v2\/product\/38663\/revisions"}],"wp:featuredmedia":[{"embeddable":true,"href":"https:\/\/www.champmarket.com\/it\/wp-json\/wp\/v2\/media\/37432"}],"wp:attachment":[{"href":"https:\/\/www.champmarket.com\/it\/wp-json\/wp\/v2\/media?parent=38663"}],"wp:term":[{"taxonomy":"product_brand","embeddable":true,"href":"https:\/\/www.champmarket.com\/it\/wp-json\/wp\/v2\/product_brand?post=38663"},{"taxonomy":"product_cat","embeddable":true,"href":"https:\/\/www.champmarket.com\/it\/wp-json\/wp\/v2\/product_cat?post=38663"},{"taxonomy":"product_tag","embeddable":true,"href":"https:\/\/www.champmarket.com\/it\/wp-json\/wp\/v2\/product_tag?post=38663"}],"curies":[{"name":"wp","href":"https:\/\/api.w.org\/{rel}","templated":true}]}}