{"id":38665,"date":"2022-03-31T18:54:08","date_gmt":"2022-07-01T12:56:32","guid":{"rendered":"https:\/\/www.champmarket.com\/champagne\/krug-rose-25a-edition-bottiglia\/"},"modified":"2025-05-19T14:56:28","modified_gmt":"2025-05-19T12:56:28","slug":"krug-rose-25a-edition-bottiglia","status":"publish","type":"product","link":"https:\/\/www.champmarket.com\/it\/champagne\/krug-rose-25a-edition-bottiglia\/","title":{"rendered":"Krug Ros\u00e9 25a Edition Bottiglia"},"content":{"rendered":"<p>Il numero di edition corrisponde al numero di volte in cui il sogno della quinta generazione \u00e8 stato ricreato nella Maison Krug. Serve anche come riferimento per i collezionisti che potranno goderne in seguito. Come tutti gli champagne Krug, il Krug Ros\u00e9 25a Edition continuer\u00e0 a migliorare con il tempo.<\/p>\n<p>La storia completa di ogni \u00c9dition viene rivelata online attraverso il suo Krug iD, i sei numeri sulla retroetichetta.<\/p>\n<p>La sua composizione finale \u00e8 45% Pinot Noir, 30% Chardonnay e 25% Meunier. La composizione \u00e8 poi strutturata attorno a un pinot nero macerato tradizionalmente, per il suo carattere speziato, il colore e la struttura. L&#8217;invecchiamento di circa sette anni nelle cantine della Maison Krug conferisce a Krug Ros\u00e9 la sua raffinata eleganza.<\/p>\n<p>Krug Ros\u00e9 <sup>25a<\/sup> \u00c9dition \u00e8 lo champagne ideale per le occasioni speciali e i momenti di grande degustazione.<\/p>\n","protected":false},"excerpt":{"rendered":"<p>Prodotto in quantit\u00e0 strettamente limitate, Krug Ros\u00e9 25a Edition non \u00e8 un classico champagne ros\u00e9: \u00e8 originale, voluttuoso, misterioso, nato dal sogno della quinta generazione della famiglia Krug di creare uno champagne ros\u00e9 originale, inaspettato, audace ed elegante che possa essere ricreato ogni anno.<\/p>\n<p>Krug Ros\u00e9 25a \u00c9dition \u00e8 un blend di 28 vini di 5 anni diversi. Il pi\u00f9 giovane risale al 2013 e il pi\u00f9 vecchio al 2008.<\/p>\n","protected":false},"featured_media":37428,"template":"","meta":{"_acf_changed":false},"product_brand":[],"product_cat":[3366,3317,3307,2397,2238,2775,2376,2375,2224],"product_tag":[2248,2250,2229],"class_list":{"0":"post-38665","1":"product","2":"type-product","3":"status-publish","4":"has-post-thumbnail","6":"maisons-selection-champagne-krug-it","7":"product_cat-champagne-di-natale","8":"product_cat-i-migliori-champagne","9":"product_cat-tutti-gli-champagne-e-i-set-regalo-esclusivi","10":"product_cat-categorie-krug-it","11":"product_cat-bouteilles-it","12":"product_cat-tutti-gli-champagne","13":"product_cat-champagne-rose-it","14":"product_cat-champagne-prestige-it","15":"product_cat-repas-it","16":"product_tag-haute-couture-it","17":"product_tag-la-vie-en-rose-it","18":"product_tag-per-un-pasto-con-champagne","20":"first","21":"outofstock","22":"taxable","23":"shipping-taxable","24":"purchasable","25":"product-type-simple"},"acf":[],"yoast_head":"<!-- This site is optimized with the Yoast SEO plugin v26.4 - https:\/\/yoast.com\/wordpress\/plugins\/seo\/ -->\n<title>Krug Ros\u00e9 25a Edition Bottiglia - Champmarket<\/title>\n<meta name=\"description\" content=\"Prodotto in quantit\u00e0 strettamente limitate, Krug Ros\u00e9 25a Edition non \u00e8 un classico champagne ros\u00e9: \u00e8 originale, voluttuoso e misterioso.\" \/>\n<meta name=\"robots\" content=\"index, follow, max-snippet:-1, max-image-preview:large, max-video-preview:-1\" \/>\n<link rel=\"canonical\" href=\"https:\/\/www.champmarket.com\/it\/champagne\/krug-rose-25a-edition-bottiglia\/\" \/>\n<meta property=\"og:locale\" content=\"it_IT\" \/>\n<meta property=\"og:type\" content=\"article\" \/>\n<meta property=\"og:title\" content=\"Krug Ros\u00e9 25a Edition Bottiglia - Champmarket\" \/>\n<meta property=\"og:description\" content=\"Prodotto in quantit\u00e0 strettamente limitate, Krug Ros\u00e9 25a Edition non \u00e8 un classico champagne ros\u00e9: \u00e8 originale, voluttuoso e misterioso.\" \/>\n<meta property=\"og:url\" content=\"https:\/\/www.champmarket.com\/it\/champagne\/krug-rose-25a-edition-bottiglia\/\" \/>\n<meta property=\"og:site_name\" content=\"Champmarket\" \/>\n<meta property=\"article:publisher\" content=\"https:\/\/www.facebook.com\/ChampMarket\/\" \/>\n<meta property=\"article:modified_time\" content=\"2025-05-19T12:56:28+00:00\" \/>\n<meta property=\"og:image\" content=\"https:\/\/www.champmarket.com\/wp-content\/uploads\/2021\/09\/krug-rose-25-eme-edition-bouteille.webp\" \/>\n\t<meta property=\"og:image:width\" content=\"2000\" \/>\n\t<meta property=\"og:image:height\" content=\"2000\" \/>\n\t<meta property=\"og:image:type\" content=\"image\/jpeg\" \/>\n<meta name=\"twitter:card\" content=\"summary_large_image\" \/>\n<meta name=\"twitter:site\" content=\"@champmarket\" \/>\n<meta name=\"twitter:label1\" content=\"Tempo di lettura stimato\" \/>\n\t<meta name=\"twitter:data1\" content=\"1 minuto\" \/>\n<script type=\"application\/ld+json\" class=\"yoast-schema-graph\">{\"@context\":\"https:\/\/schema.org\",\"@graph\":[{\"@type\":\"WebPage\",\"@id\":\"https:\/\/www.champmarket.com\/it\/champagne\/krug-rose-25a-edition-bottiglia\/\",\"url\":\"https:\/\/www.champmarket.com\/it\/champagne\/krug-rose-25a-edition-bottiglia\/\",\"name\":\"Krug Ros\u00e9 25a Edition Bottiglia - Champmarket\",\"isPartOf\":{\"@id\":\"https:\/\/www.champmarket.com\/#website\"},\"primaryImageOfPage\":{\"@id\":\"https:\/\/www.champmarket.com\/it\/champagne\/krug-rose-25a-edition-bottiglia\/#primaryimage\"},\"image\":{\"@id\":\"https:\/\/www.champmarket.com\/it\/champagne\/krug-rose-25a-edition-bottiglia\/#primaryimage\"},\"thumbnailUrl\":\"https:\/\/www.champmarket.com\/wp-content\/uploads\/2021\/09\/krug-rose-25-eme-edition-bouteille.webp\",\"datePublished\":\"2022-07-01T12:56:32+00:00\",\"dateModified\":\"2025-05-19T12:56:28+00:00\",\"description\":\"Prodotto in quantit\u00e0 strettamente limitate, Krug Ros\u00e9 25a Edition non \u00e8 un classico champagne ros\u00e9: \u00e8 originale, voluttuoso e misterioso.\",\"breadcrumb\":{\"@id\":\"https:\/\/www.champmarket.com\/it\/champagne\/krug-rose-25a-edition-bottiglia\/#breadcrumb\"},\"inLanguage\":\"it-IT\",\"potentialAction\":[{\"@type\":\"ReadAction\",\"target\":[\"https:\/\/www.champmarket.com\/it\/champagne\/krug-rose-25a-edition-bottiglia\/\"]}]},{\"@type\":\"ImageObject\",\"inLanguage\":\"it-IT\",\"@id\":\"https:\/\/www.champmarket.com\/it\/champagne\/krug-rose-25a-edition-bottiglia\/#primaryimage\",\"url\":\"https:\/\/www.champmarket.com\/wp-content\/uploads\/2021\/09\/krug-rose-25-eme-edition-bouteille.webp\",\"contentUrl\":\"https:\/\/www.champmarket.com\/wp-content\/uploads\/2021\/09\/krug-rose-25-eme-edition-bouteille.webp\",\"width\":2000,\"height\":2000,\"caption\":\"Champagne Krug Ros\u00e9 25a Edition Bottiglia - Champmarket\"},{\"@type\":\"BreadcrumbList\",\"@id\":\"https:\/\/www.champmarket.com\/it\/champagne\/krug-rose-25a-edition-bottiglia\/#breadcrumb\",\"itemListElement\":[{\"@type\":\"ListItem\",\"position\":1,\"name\":\"Home\",\"item\":\"https:\/\/www.champmarket.com\/it\/acquista-champagne-online-champmarket\/\"},{\"@type\":\"ListItem\",\"position\":2,\"name\":\"Shop\",\"item\":\"https:\/\/www.champmarket.com\/it\/shop\/\"},{\"@type\":\"ListItem\",\"position\":3,\"name\":\"Krug\",\"item\":\"https:\/\/www.champmarket.com\/it\/maisons\/selection-champagne-krug-it\/\"},{\"@type\":\"ListItem\",\"position\":4,\"name\":\"Krug Ros\u00e9 25a Edition Bottiglia\"}]},{\"@type\":\"WebSite\",\"@id\":\"https:\/\/www.champmarket.com\/#website\",\"url\":\"https:\/\/www.champmarket.com\/\",\"name\":\"Champmarket\",\"description\":\"Champmarket, Champagnes, Cadeaux et Art de Vivre\",\"publisher\":{\"@id\":\"https:\/\/www.champmarket.com\/#organization\"},\"potentialAction\":[{\"@type\":\"SearchAction\",\"target\":{\"@type\":\"EntryPoint\",\"urlTemplate\":\"https:\/\/www.champmarket.com\/?s={search_term_string}\"},\"query-input\":{\"@type\":\"PropertyValueSpecification\",\"valueRequired\":true,\"valueName\":\"search_term_string\"}}],\"inLanguage\":\"it-IT\"},{\"@type\":\"Organization\",\"@id\":\"https:\/\/www.champmarket.com\/#organization\",\"name\":\"Champmarket\",\"url\":\"https:\/\/www.champmarket.com\/\",\"logo\":{\"@type\":\"ImageObject\",\"inLanguage\":\"it-IT\",\"@id\":\"https:\/\/www.champmarket.com\/#\/schema\/logo\/image\/\",\"url\":\"https:\/\/www.champmarket.com\/wp-content\/uploads\/2024\/08\/logo2024-1.svg\",\"contentUrl\":\"https:\/\/www.champmarket.com\/wp-content\/uploads\/2024\/08\/logo2024-1.svg\",\"width\":579.8,\"height\":80,\"caption\":\"Champmarket\"},\"image\":{\"@id\":\"https:\/\/www.champmarket.com\/#\/schema\/logo\/image\/\"},\"sameAs\":[\"https:\/\/www.facebook.com\/ChampMarket\/\",\"https:\/\/x.com\/champmarket\",\"https:\/\/www.instagram.com\/champmarket.paris\/\",\"https:\/\/www.pinterest.fr\/champmarketparis\/\",\"https:\/\/www.linkedin.com\/company\/champmarket\/\"]}]}<\/script>\n<!-- \/ Yoast SEO plugin. -->","yoast_head_json":{"title":"Krug Ros\u00e9 25a Edition Bottiglia - Champmarket","description":"Prodotto in quantit\u00e0 strettamente limitate, Krug Ros\u00e9 25a Edition non \u00e8 un classico champagne ros\u00e9: \u00e8 originale, voluttuoso e misterioso.","robots":{"index":"index","follow":"follow","max-snippet":"max-snippet:-1","max-image-preview":"max-image-preview:large","max-video-preview":"max-video-preview:-1"},"canonical":"https:\/\/www.champmarket.com\/it\/champagne\/krug-rose-25a-edition-bottiglia\/","og_locale":"it_IT","og_type":"article","og_title":"Krug Ros\u00e9 25a Edition Bottiglia - Champmarket","og_description":"Prodotto in quantit\u00e0 strettamente limitate, Krug Ros\u00e9 25a Edition non \u00e8 un classico champagne ros\u00e9: \u00e8 originale, voluttuoso e misterioso.","og_url":"https:\/\/www.champmarket.com\/it\/champagne\/krug-rose-25a-edition-bottiglia\/","og_site_name":"Champmarket","article_publisher":"https:\/\/www.facebook.com\/ChampMarket\/","article_modified_time":"2025-05-19T12:56:28+00:00","og_image":[{"width":2000,"height":2000,"url":"https:\/\/www.champmarket.com\/wp-content\/uploads\/2021\/09\/krug-rose-25-eme-edition-bouteille.webp","type":"image\/jpeg"}],"twitter_card":"summary_large_image","twitter_site":"@champmarket","twitter_misc":{"Tempo di lettura stimato":"1 minuto"},"schema":{"@context":"https:\/\/schema.org","@graph":[{"@type":"WebPage","@id":"https:\/\/www.champmarket.com\/it\/champagne\/krug-rose-25a-edition-bottiglia\/","url":"https:\/\/www.champmarket.com\/it\/champagne\/krug-rose-25a-edition-bottiglia\/","name":"Krug Ros\u00e9 25a Edition Bottiglia - Champmarket","isPartOf":{"@id":"https:\/\/www.champmarket.com\/#website"},"primaryImageOfPage":{"@id":"https:\/\/www.champmarket.com\/it\/champagne\/krug-rose-25a-edition-bottiglia\/#primaryimage"},"image":{"@id":"https:\/\/www.champmarket.com\/it\/champagne\/krug-rose-25a-edition-bottiglia\/#primaryimage"},"thumbnailUrl":"https:\/\/www.champmarket.com\/wp-content\/uploads\/2021\/09\/krug-rose-25-eme-edition-bouteille.webp","datePublished":"2022-07-01T12:56:32+00:00","dateModified":"2025-05-19T12:56:28+00:00","description":"Prodotto in quantit\u00e0 strettamente limitate, Krug Ros\u00e9 25a Edition non \u00e8 un classico champagne ros\u00e9: \u00e8 originale, voluttuoso e misterioso.","breadcrumb":{"@id":"https:\/\/www.champmarket.com\/it\/champagne\/krug-rose-25a-edition-bottiglia\/#breadcrumb"},"inLanguage":"it-IT","potentialAction":[{"@type":"ReadAction","target":["https:\/\/www.champmarket.com\/it\/champagne\/krug-rose-25a-edition-bottiglia\/"]}]},{"@type":"ImageObject","inLanguage":"it-IT","@id":"https:\/\/www.champmarket.com\/it\/champagne\/krug-rose-25a-edition-bottiglia\/#primaryimage","url":"https:\/\/www.champmarket.com\/wp-content\/uploads\/2021\/09\/krug-rose-25-eme-edition-bouteille.webp","contentUrl":"https:\/\/www.champmarket.com\/wp-content\/uploads\/2021\/09\/krug-rose-25-eme-edition-bouteille.webp","width":2000,"height":2000,"caption":"Champagne Krug Ros\u00e9 25a Edition Bottiglia - Champmarket"},{"@type":"BreadcrumbList","@id":"https:\/\/www.champmarket.com\/it\/champagne\/krug-rose-25a-edition-bottiglia\/#breadcrumb","itemListElement":[{"@type":"ListItem","position":1,"name":"Home","item":"https:\/\/www.champmarket.com\/it\/acquista-champagne-online-champmarket\/"},{"@type":"ListItem","position":2,"name":"Shop","item":"https:\/\/www.champmarket.com\/it\/shop\/"},{"@type":"ListItem","position":3,"name":"Krug","item":"https:\/\/www.champmarket.com\/it\/maisons\/selection-champagne-krug-it\/"},{"@type":"ListItem","position":4,"name":"Krug Ros\u00e9 25a Edition Bottiglia"}]},{"@type":"WebSite","@id":"https:\/\/www.champmarket.com\/#website","url":"https:\/\/www.champmarket.com\/","name":"Champmarket","description":"Champmarket, Champagnes, Cadeaux et Art de Vivre","publisher":{"@id":"https:\/\/www.champmarket.com\/#organization"},"potentialAction":[{"@type":"SearchAction","target":{"@type":"EntryPoint","urlTemplate":"https:\/\/www.champmarket.com\/?s={search_term_string}"},"query-input":{"@type":"PropertyValueSpecification","valueRequired":true,"valueName":"search_term_string"}}],"inLanguage":"it-IT"},{"@type":"Organization","@id":"https:\/\/www.champmarket.com\/#organization","name":"Champmarket","url":"https:\/\/www.champmarket.com\/","logo":{"@type":"ImageObject","inLanguage":"it-IT","@id":"https:\/\/www.champmarket.com\/#\/schema\/logo\/image\/","url":"https:\/\/www.champmarket.com\/wp-content\/uploads\/2024\/08\/logo2024-1.svg","contentUrl":"https:\/\/www.champmarket.com\/wp-content\/uploads\/2024\/08\/logo2024-1.svg","width":579.8,"height":80,"caption":"Champmarket"},"image":{"@id":"https:\/\/www.champmarket.com\/#\/schema\/logo\/image\/"},"sameAs":["https:\/\/www.facebook.com\/ChampMarket\/","https:\/\/x.com\/champmarket","https:\/\/www.instagram.com\/champmarket.paris\/","https:\/\/www.pinterest.fr\/champmarketparis\/","https:\/\/www.linkedin.com\/company\/champmarket\/"]}]}},"_links":{"self":[{"href":"https:\/\/www.champmarket.com\/it\/wp-json\/wp\/v2\/product\/38665","targetHints":{"allow":["GET"]}}],"collection":[{"href":"https:\/\/www.champmarket.com\/it\/wp-json\/wp\/v2\/product"}],"about":[{"href":"https:\/\/www.champmarket.com\/it\/wp-json\/wp\/v2\/types\/product"}],"version-history":[{"count":1,"href":"https:\/\/www.champmarket.com\/it\/wp-json\/wp\/v2\/product\/38665\/revisions"}],"predecessor-version":[{"id":79254,"href":"https:\/\/www.champmarket.com\/it\/wp-json\/wp\/v2\/product\/38665\/revisions\/79254"}],"wp:featuredmedia":[{"embeddable":true,"href":"https:\/\/www.champmarket.com\/it\/wp-json\/wp\/v2\/media\/37428"}],"wp:attachment":[{"href":"https:\/\/www.champmarket.com\/it\/wp-json\/wp\/v2\/media?parent=38665"}],"wp:term":[{"taxonomy":"product_brand","embeddable":true,"href":"https:\/\/www.champmarket.com\/it\/wp-json\/wp\/v2\/product_brand?post=38665"},{"taxonomy":"product_cat","embeddable":true,"href":"https:\/\/www.champmarket.com\/it\/wp-json\/wp\/v2\/product_cat?post=38665"},{"taxonomy":"product_tag","embeddable":true,"href":"https:\/\/www.champmarket.com\/it\/wp-json\/wp\/v2\/product_tag?post=38665"}],"curies":[{"name":"wp","href":"https:\/\/api.w.org\/{rel}","templated":true}]}}