{"id":38667,"date":"2022-03-31T16:45:55","date_gmt":"2022-07-01T13:08:25","guid":{"rendered":"https:\/\/www.champmarket.com\/champagne\/krug-grande-cuvee-edition-168-magnum\/"},"modified":"2023-04-03T18:04:10","modified_gmt":"2023-04-03T16:04:10","slug":"krug-grande-cuvee-edition-168-magnum","status":"publish","type":"product","link":"https:\/\/www.champmarket.com\/it\/champagne\/krug-grande-cuvee-edition-168-magnum\/","title":{"rendered":"Krug Grande Cuv\u00e9e Edition 168 Magnum"},"content":{"rendered":"<p>Krug Grande Cuv\u00e9e \u00e8 la firma emblematica della Maison Krug, nata dall&#8217;immaginazione di un uomo, Joseph Krug, che sognava di offrire ogni anno il miglior champagne possibile, indipendentemente dai capricci del tempo: uno champagne di grande ricchezza e fine eleganza, al di l\u00e0 delle annate.<\/p>\n<p>Krug Grande Cuv\u00e9e 168a Edition \u00e8 strutturata sulla vendemmia 2012. Oltre ai vini dell&#8217;anno che conferiscono freschezza, la Maison ha attinto alla sua impressionante biblioteca di vini di riserva, di cui una selezione accurata ha fornito il 42% dell&#8217;assemblaggio finale, che gli conferisce pienezza e rotondit\u00e0.<\/p>\n<p>Il formato Magnum \u00e8 una bottiglia grande con una capacit\u00e0 di 1,5 litri, che rappresenta 2 bottiglie di champagne o 12 bicchieri. Questo grande formato \u00e8 ideale per ricevimenti, cene e occasioni speciali.<\/p>\n","protected":false},"excerpt":{"rendered":"<p>Krug Grande Cuv\u00e9e \u00c9dition 168 Magnum \u00e8 l&#8217;espressione pi\u00f9 ricca dello champagne Krug. Un vino di grande ricchezza e fine eleganza, al di l\u00e0 delle annate.<\/p>\n","protected":false},"featured_media":37425,"template":"","meta":{"_acf_changed":false},"product_brand":[],"product_cat":[3469,3307,2397,2226,2227,2775,2375,2224],"product_tag":[2248,2230,2229],"class_list":{"0":"post-38667","1":"product","2":"type-product","3":"status-publish","4":"has-post-thumbnail","6":"maisons-selection-champagne-krug-it","7":"product_cat-selezione-grands-flacons","8":"product_cat-tutti-gli-champagne-e-i-set-regalo-esclusivi","9":"product_cat-categorie-krug-it","10":"product_cat-bottiglie-grande-it","11":"product_cat-magnum-it","12":"product_cat-tutti-gli-champagne","13":"product_cat-champagne-prestige-it","14":"product_cat-repas-it","15":"product_tag-haute-couture-it","16":"product_tag-grande-fiaschetta","17":"product_tag-per-un-pasto-con-champagne","19":"first","20":"onbackorder","21":"taxable","22":"shipping-taxable","23":"purchasable","24":"product-type-simple"},"acf":[],"yoast_head":"<!-- This site is optimized with the Yoast SEO plugin v26.4 - https:\/\/yoast.com\/wordpress\/plugins\/seo\/ -->\n<title>Krug Grande Cuv\u00e9e Edition 168 Magnum - Champmarket<\/title>\n<meta name=\"description\" content=\"Krug Grande Cuv\u00e9e \u00c9dition 168 Magnum \u00e8 l&#039;espressione pi\u00f9 ricca dello champagne Krug. Un vino di grande ricchezza e fine eleganza, al di l\u00e0 delle annate.\" \/>\n<meta name=\"robots\" content=\"index, follow, max-snippet:-1, max-image-preview:large, max-video-preview:-1\" \/>\n<link rel=\"canonical\" href=\"https:\/\/www.champmarket.com\/it\/champagne\/krug-grande-cuvee-edition-168-magnum\/\" \/>\n<meta property=\"og:locale\" content=\"it_IT\" \/>\n<meta property=\"og:type\" content=\"article\" \/>\n<meta property=\"og:title\" content=\"Krug Grande Cuv\u00e9e Edition 168 Magnum - Champmarket\" \/>\n<meta property=\"og:description\" content=\"Krug Grande Cuv\u00e9e \u00c9dition 168 Magnum \u00e8 l&#039;espressione pi\u00f9 ricca dello champagne Krug. Un vino di grande ricchezza e fine eleganza, al di l\u00e0 delle annate.\" \/>\n<meta property=\"og:url\" content=\"https:\/\/www.champmarket.com\/it\/champagne\/krug-grande-cuvee-edition-168-magnum\/\" \/>\n<meta property=\"og:site_name\" content=\"Champmarket\" \/>\n<meta property=\"article:publisher\" content=\"https:\/\/www.facebook.com\/ChampMarket\/\" \/>\n<meta property=\"article:modified_time\" content=\"2023-04-03T16:04:10+00:00\" \/>\n<meta property=\"og:image\" content=\"https:\/\/www.champmarket.com\/wp-content\/uploads\/2022\/03\/krug-grande-cuvee-edition-168-magnum.webp\" \/>\n\t<meta property=\"og:image:width\" content=\"2000\" \/>\n\t<meta property=\"og:image:height\" content=\"2000\" \/>\n\t<meta property=\"og:image:type\" content=\"image\/jpeg\" \/>\n<meta name=\"twitter:card\" content=\"summary_large_image\" \/>\n<meta name=\"twitter:site\" content=\"@champmarket\" \/>\n<meta name=\"twitter:label1\" content=\"Tempo di lettura stimato\" \/>\n\t<meta name=\"twitter:data1\" content=\"1 minuto\" \/>\n<script type=\"application\/ld+json\" class=\"yoast-schema-graph\">{\"@context\":\"https:\/\/schema.org\",\"@graph\":[{\"@type\":\"WebPage\",\"@id\":\"https:\/\/www.champmarket.com\/it\/champagne\/krug-grande-cuvee-edition-168-magnum\/\",\"url\":\"https:\/\/www.champmarket.com\/it\/champagne\/krug-grande-cuvee-edition-168-magnum\/\",\"name\":\"Krug Grande Cuv\u00e9e Edition 168 Magnum - Champmarket\",\"isPartOf\":{\"@id\":\"https:\/\/www.champmarket.com\/#website\"},\"primaryImageOfPage\":{\"@id\":\"https:\/\/www.champmarket.com\/it\/champagne\/krug-grande-cuvee-edition-168-magnum\/#primaryimage\"},\"image\":{\"@id\":\"https:\/\/www.champmarket.com\/it\/champagne\/krug-grande-cuvee-edition-168-magnum\/#primaryimage\"},\"thumbnailUrl\":\"https:\/\/www.champmarket.com\/wp-content\/uploads\/2022\/03\/krug-grande-cuvee-edition-168-magnum.webp\",\"datePublished\":\"2022-07-01T13:08:25+00:00\",\"dateModified\":\"2023-04-03T16:04:10+00:00\",\"description\":\"Krug Grande Cuv\u00e9e \u00c9dition 168 Magnum \u00e8 l'espressione pi\u00f9 ricca dello champagne Krug. Un vino di grande ricchezza e fine eleganza, al di l\u00e0 delle annate.\",\"breadcrumb\":{\"@id\":\"https:\/\/www.champmarket.com\/it\/champagne\/krug-grande-cuvee-edition-168-magnum\/#breadcrumb\"},\"inLanguage\":\"it-IT\",\"potentialAction\":[{\"@type\":\"ReadAction\",\"target\":[\"https:\/\/www.champmarket.com\/it\/champagne\/krug-grande-cuvee-edition-168-magnum\/\"]}]},{\"@type\":\"ImageObject\",\"inLanguage\":\"it-IT\",\"@id\":\"https:\/\/www.champmarket.com\/it\/champagne\/krug-grande-cuvee-edition-168-magnum\/#primaryimage\",\"url\":\"https:\/\/www.champmarket.com\/wp-content\/uploads\/2022\/03\/krug-grande-cuvee-edition-168-magnum.webp\",\"contentUrl\":\"https:\/\/www.champmarket.com\/wp-content\/uploads\/2022\/03\/krug-grande-cuvee-edition-168-magnum.webp\",\"width\":2000,\"height\":2000,\"caption\":\"Champagne Krug Grande Cuv\u00e9e Edition 168 Magnum - Champmarket\"},{\"@type\":\"BreadcrumbList\",\"@id\":\"https:\/\/www.champmarket.com\/it\/champagne\/krug-grande-cuvee-edition-168-magnum\/#breadcrumb\",\"itemListElement\":[{\"@type\":\"ListItem\",\"position\":1,\"name\":\"Home\",\"item\":\"https:\/\/www.champmarket.com\/it\/acquista-champagne-online-champmarket\/\"},{\"@type\":\"ListItem\",\"position\":2,\"name\":\"Shop\",\"item\":\"https:\/\/www.champmarket.com\/it\/shop\/\"},{\"@type\":\"ListItem\",\"position\":3,\"name\":\"Krug\",\"item\":\"https:\/\/www.champmarket.com\/it\/maisons\/selection-champagne-krug-it\/\"},{\"@type\":\"ListItem\",\"position\":4,\"name\":\"Krug Grande Cuv\u00e9e Edition 168 Magnum\"}]},{\"@type\":\"WebSite\",\"@id\":\"https:\/\/www.champmarket.com\/#website\",\"url\":\"https:\/\/www.champmarket.com\/\",\"name\":\"Champmarket\",\"description\":\"Champmarket, Champagnes, Cadeaux et Art de Vivre\",\"publisher\":{\"@id\":\"https:\/\/www.champmarket.com\/#organization\"},\"potentialAction\":[{\"@type\":\"SearchAction\",\"target\":{\"@type\":\"EntryPoint\",\"urlTemplate\":\"https:\/\/www.champmarket.com\/?s={search_term_string}\"},\"query-input\":{\"@type\":\"PropertyValueSpecification\",\"valueRequired\":true,\"valueName\":\"search_term_string\"}}],\"inLanguage\":\"it-IT\"},{\"@type\":\"Organization\",\"@id\":\"https:\/\/www.champmarket.com\/#organization\",\"name\":\"Champmarket\",\"url\":\"https:\/\/www.champmarket.com\/\",\"logo\":{\"@type\":\"ImageObject\",\"inLanguage\":\"it-IT\",\"@id\":\"https:\/\/www.champmarket.com\/#\/schema\/logo\/image\/\",\"url\":\"https:\/\/www.champmarket.com\/wp-content\/uploads\/2024\/08\/logo2024-1.svg\",\"contentUrl\":\"https:\/\/www.champmarket.com\/wp-content\/uploads\/2024\/08\/logo2024-1.svg\",\"width\":579.8,\"height\":80,\"caption\":\"Champmarket\"},\"image\":{\"@id\":\"https:\/\/www.champmarket.com\/#\/schema\/logo\/image\/\"},\"sameAs\":[\"https:\/\/www.facebook.com\/ChampMarket\/\",\"https:\/\/x.com\/champmarket\",\"https:\/\/www.instagram.com\/champmarket.paris\/\",\"https:\/\/www.pinterest.fr\/champmarketparis\/\",\"https:\/\/www.linkedin.com\/company\/champmarket\/\"]}]}<\/script>\n<!-- \/ Yoast SEO plugin. -->","yoast_head_json":{"title":"Krug Grande Cuv\u00e9e Edition 168 Magnum - Champmarket","description":"Krug Grande Cuv\u00e9e \u00c9dition 168 Magnum \u00e8 l'espressione pi\u00f9 ricca dello champagne Krug. Un vino di grande ricchezza e fine eleganza, al di l\u00e0 delle annate.","robots":{"index":"index","follow":"follow","max-snippet":"max-snippet:-1","max-image-preview":"max-image-preview:large","max-video-preview":"max-video-preview:-1"},"canonical":"https:\/\/www.champmarket.com\/it\/champagne\/krug-grande-cuvee-edition-168-magnum\/","og_locale":"it_IT","og_type":"article","og_title":"Krug Grande Cuv\u00e9e Edition 168 Magnum - Champmarket","og_description":"Krug Grande Cuv\u00e9e \u00c9dition 168 Magnum \u00e8 l'espressione pi\u00f9 ricca dello champagne Krug. Un vino di grande ricchezza e fine eleganza, al di l\u00e0 delle annate.","og_url":"https:\/\/www.champmarket.com\/it\/champagne\/krug-grande-cuvee-edition-168-magnum\/","og_site_name":"Champmarket","article_publisher":"https:\/\/www.facebook.com\/ChampMarket\/","article_modified_time":"2023-04-03T16:04:10+00:00","og_image":[{"width":2000,"height":2000,"url":"https:\/\/www.champmarket.com\/wp-content\/uploads\/2022\/03\/krug-grande-cuvee-edition-168-magnum.webp","type":"image\/jpeg"}],"twitter_card":"summary_large_image","twitter_site":"@champmarket","twitter_misc":{"Tempo di lettura stimato":"1 minuto"},"schema":{"@context":"https:\/\/schema.org","@graph":[{"@type":"WebPage","@id":"https:\/\/www.champmarket.com\/it\/champagne\/krug-grande-cuvee-edition-168-magnum\/","url":"https:\/\/www.champmarket.com\/it\/champagne\/krug-grande-cuvee-edition-168-magnum\/","name":"Krug Grande Cuv\u00e9e Edition 168 Magnum - Champmarket","isPartOf":{"@id":"https:\/\/www.champmarket.com\/#website"},"primaryImageOfPage":{"@id":"https:\/\/www.champmarket.com\/it\/champagne\/krug-grande-cuvee-edition-168-magnum\/#primaryimage"},"image":{"@id":"https:\/\/www.champmarket.com\/it\/champagne\/krug-grande-cuvee-edition-168-magnum\/#primaryimage"},"thumbnailUrl":"https:\/\/www.champmarket.com\/wp-content\/uploads\/2022\/03\/krug-grande-cuvee-edition-168-magnum.webp","datePublished":"2022-07-01T13:08:25+00:00","dateModified":"2023-04-03T16:04:10+00:00","description":"Krug Grande Cuv\u00e9e \u00c9dition 168 Magnum \u00e8 l'espressione pi\u00f9 ricca dello champagne Krug. Un vino di grande ricchezza e fine eleganza, al di l\u00e0 delle annate.","breadcrumb":{"@id":"https:\/\/www.champmarket.com\/it\/champagne\/krug-grande-cuvee-edition-168-magnum\/#breadcrumb"},"inLanguage":"it-IT","potentialAction":[{"@type":"ReadAction","target":["https:\/\/www.champmarket.com\/it\/champagne\/krug-grande-cuvee-edition-168-magnum\/"]}]},{"@type":"ImageObject","inLanguage":"it-IT","@id":"https:\/\/www.champmarket.com\/it\/champagne\/krug-grande-cuvee-edition-168-magnum\/#primaryimage","url":"https:\/\/www.champmarket.com\/wp-content\/uploads\/2022\/03\/krug-grande-cuvee-edition-168-magnum.webp","contentUrl":"https:\/\/www.champmarket.com\/wp-content\/uploads\/2022\/03\/krug-grande-cuvee-edition-168-magnum.webp","width":2000,"height":2000,"caption":"Champagne Krug Grande Cuv\u00e9e Edition 168 Magnum - Champmarket"},{"@type":"BreadcrumbList","@id":"https:\/\/www.champmarket.com\/it\/champagne\/krug-grande-cuvee-edition-168-magnum\/#breadcrumb","itemListElement":[{"@type":"ListItem","position":1,"name":"Home","item":"https:\/\/www.champmarket.com\/it\/acquista-champagne-online-champmarket\/"},{"@type":"ListItem","position":2,"name":"Shop","item":"https:\/\/www.champmarket.com\/it\/shop\/"},{"@type":"ListItem","position":3,"name":"Krug","item":"https:\/\/www.champmarket.com\/it\/maisons\/selection-champagne-krug-it\/"},{"@type":"ListItem","position":4,"name":"Krug Grande Cuv\u00e9e Edition 168 Magnum"}]},{"@type":"WebSite","@id":"https:\/\/www.champmarket.com\/#website","url":"https:\/\/www.champmarket.com\/","name":"Champmarket","description":"Champmarket, Champagnes, Cadeaux et Art de Vivre","publisher":{"@id":"https:\/\/www.champmarket.com\/#organization"},"potentialAction":[{"@type":"SearchAction","target":{"@type":"EntryPoint","urlTemplate":"https:\/\/www.champmarket.com\/?s={search_term_string}"},"query-input":{"@type":"PropertyValueSpecification","valueRequired":true,"valueName":"search_term_string"}}],"inLanguage":"it-IT"},{"@type":"Organization","@id":"https:\/\/www.champmarket.com\/#organization","name":"Champmarket","url":"https:\/\/www.champmarket.com\/","logo":{"@type":"ImageObject","inLanguage":"it-IT","@id":"https:\/\/www.champmarket.com\/#\/schema\/logo\/image\/","url":"https:\/\/www.champmarket.com\/wp-content\/uploads\/2024\/08\/logo2024-1.svg","contentUrl":"https:\/\/www.champmarket.com\/wp-content\/uploads\/2024\/08\/logo2024-1.svg","width":579.8,"height":80,"caption":"Champmarket"},"image":{"@id":"https:\/\/www.champmarket.com\/#\/schema\/logo\/image\/"},"sameAs":["https:\/\/www.facebook.com\/ChampMarket\/","https:\/\/x.com\/champmarket","https:\/\/www.instagram.com\/champmarket.paris\/","https:\/\/www.pinterest.fr\/champmarketparis\/","https:\/\/www.linkedin.com\/company\/champmarket\/"]}]}},"_links":{"self":[{"href":"https:\/\/www.champmarket.com\/it\/wp-json\/wp\/v2\/product\/38667","targetHints":{"allow":["GET"]}}],"collection":[{"href":"https:\/\/www.champmarket.com\/it\/wp-json\/wp\/v2\/product"}],"about":[{"href":"https:\/\/www.champmarket.com\/it\/wp-json\/wp\/v2\/types\/product"}],"version-history":[{"count":0,"href":"https:\/\/www.champmarket.com\/it\/wp-json\/wp\/v2\/product\/38667\/revisions"}],"wp:featuredmedia":[{"embeddable":true,"href":"https:\/\/www.champmarket.com\/it\/wp-json\/wp\/v2\/media\/37425"}],"wp:attachment":[{"href":"https:\/\/www.champmarket.com\/it\/wp-json\/wp\/v2\/media?parent=38667"}],"wp:term":[{"taxonomy":"product_brand","embeddable":true,"href":"https:\/\/www.champmarket.com\/it\/wp-json\/wp\/v2\/product_brand?post=38667"},{"taxonomy":"product_cat","embeddable":true,"href":"https:\/\/www.champmarket.com\/it\/wp-json\/wp\/v2\/product_cat?post=38667"},{"taxonomy":"product_tag","embeddable":true,"href":"https:\/\/www.champmarket.com\/it\/wp-json\/wp\/v2\/product_tag?post=38667"}],"curies":[{"name":"wp","href":"https:\/\/api.w.org\/{rel}","templated":true}]}}