{"id":38673,"date":"2022-02-08T11:13:36","date_gmt":"2022-07-01T14:30:16","guid":{"rendered":"https:\/\/www.champmarket.com\/champagne\/ultra-brut-laurent-perrier-bottiglia\/"},"modified":"2023-11-24T11:29:23","modified_gmt":"2023-11-24T10:29:23","slug":"laurent-perrier-ultra-brut-bouteille","status":"publish","type":"product","link":"https:\/\/www.champmarket.com\/it\/champagne\/laurent-perrier-ultra-brut-bouteille\/","title":{"rendered":"Laurent-Perrier Ultra Brut Bottiglia"},"content":{"rendered":"<p>L&#8217;Ultra Brut Laurent-Perrier \u00e8 uno champagne straordinario che appartiene alla categoria dei BrutNature, Extra Bruto Z\u00e9ro Dosages. Dritto e arioso, \u00e8 apprezzato per la sua vivacit\u00e0 in bocca e per le sue bollicine finissime. La sua freschezza cristallina e il suo equilibrio lo rendono un nettare che rivela i sapori.<\/p>\n","protected":false},"excerpt":{"rendered":"<p>La cuv\u00e9e Ultra Brut Laurent-Perrier \u00e8 una vera e propria dimostrazione del know-how a cui gli enofili moderni sono particolarmente affezionati. Questo champagne, tanto straordinario nella sua purezza quanto complesso nella sua elaborazione, apre le porte alla scoperta di nuove esperienze gustative.<\/p>\n","protected":false},"featured_media":37357,"template":"","meta":{"_acf_changed":false},"product_brand":[],"product_cat":[3374,3373,3366,3410,3317,2729,3307,2398,2238,2386,2775,2374,2223,2224],"product_tag":[2244,2245,2249,2228,2229],"class_list":{"0":"post-38673","1":"product","2":"type-product","3":"status-publish","4":"has-post-thumbnail","6":"maisons-selection-champagne-laurent-perrier-it","7":"product_cat-champagne-brut-nature-zero-dosaggio","8":"product_cat-champagne-e-ostriche","9":"product_cat-champagne-di-natale","10":"product_cat-champagne-di-primavera","11":"product_cat-i-migliori-champagne","12":"product_cat-selezione-per-box-composita-da-6-bottiglie-469e","13":"product_cat-tutti-gli-champagne-e-i-set-regalo-esclusivi","14":"product_cat-categorie-laurent-perrier-it","15":"product_cat-bouteilles-it","16":"product_cat-essenziali-it","17":"product_cat-tutti-gli-champagne","18":"product_cat-champagne-extra-brut-non-dose-zero-dosage","19":"product_cat-aperitif-it","20":"product_cat-repas-it","21":"product_tag-sushis-it","22":"product_tag-fruits-de-mer-it","23":"product_tag-incontournable-it","24":"product_tag-aperitif-it","25":"product_tag-per-un-pasto-con-champagne","27":"first","28":"instock","29":"taxable","30":"shipping-taxable","31":"purchasable","32":"product-type-simple"},"acf":[],"yoast_head":"<!-- This site is optimized with the Yoast SEO plugin v26.4 - https:\/\/yoast.com\/wordpress\/plugins\/seo\/ -->\n<title>Laurent-Perrier Ultra Brut Bottiglia - Champmarket<\/title>\n<meta name=\"description\" content=\"La cuv\u00e9e Ultra Brut Laurent-Perrier \u00e8 una vera e propria dimostrazione del know-how a cui gli enofili moderni sono particolarmente affezionati. Questo champagne, tanto straordinario nella sua purezza quanto complesso nella sua elaborazione, apre le porte alla scoperta di nuove esperienze gustative.\" \/>\n<meta name=\"robots\" content=\"index, follow, max-snippet:-1, max-image-preview:large, max-video-preview:-1\" \/>\n<link rel=\"canonical\" href=\"https:\/\/www.champmarket.com\/it\/champagne\/laurent-perrier-ultra-brut-bouteille\/\" \/>\n<meta property=\"og:locale\" content=\"it_IT\" \/>\n<meta property=\"og:type\" content=\"article\" \/>\n<meta property=\"og:title\" content=\"Laurent-Perrier Ultra Brut Bottiglia - Champmarket\" \/>\n<meta property=\"og:description\" content=\"La cuv\u00e9e Ultra Brut Laurent-Perrier \u00e8 una vera e propria dimostrazione del know-how a cui gli enofili moderni sono particolarmente affezionati. Questo champagne, tanto straordinario nella sua purezza quanto complesso nella sua elaborazione, apre le porte alla scoperta di nuove esperienze gustative.\" \/>\n<meta property=\"og:url\" content=\"https:\/\/www.champmarket.com\/it\/champagne\/laurent-perrier-ultra-brut-bouteille\/\" \/>\n<meta property=\"og:site_name\" content=\"Champmarket\" \/>\n<meta property=\"article:publisher\" content=\"https:\/\/www.facebook.com\/ChampMarket\/\" \/>\n<meta property=\"article:modified_time\" content=\"2023-11-24T10:29:23+00:00\" \/>\n<meta property=\"og:image\" content=\"https:\/\/www.champmarket.com\/wp-content\/uploads\/2022\/02\/laurent-perrier-ultra-brut-bouteille.webp\" \/>\n\t<meta property=\"og:image:width\" content=\"2000\" \/>\n\t<meta property=\"og:image:height\" content=\"2000\" \/>\n\t<meta property=\"og:image:type\" content=\"image\/jpeg\" \/>\n<meta name=\"twitter:card\" content=\"summary_large_image\" \/>\n<meta name=\"twitter:site\" content=\"@champmarket\" \/>\n<meta name=\"twitter:label1\" content=\"Tempo di lettura stimato\" \/>\n\t<meta name=\"twitter:data1\" content=\"1 minuto\" \/>\n<script type=\"application\/ld+json\" class=\"yoast-schema-graph\">{\"@context\":\"https:\/\/schema.org\",\"@graph\":[{\"@type\":\"WebPage\",\"@id\":\"https:\/\/www.champmarket.com\/it\/champagne\/laurent-perrier-ultra-brut-bouteille\/\",\"url\":\"https:\/\/www.champmarket.com\/it\/champagne\/laurent-perrier-ultra-brut-bouteille\/\",\"name\":\"Laurent-Perrier Ultra Brut Bottiglia - Champmarket\",\"isPartOf\":{\"@id\":\"https:\/\/www.champmarket.com\/#website\"},\"primaryImageOfPage\":{\"@id\":\"https:\/\/www.champmarket.com\/it\/champagne\/laurent-perrier-ultra-brut-bouteille\/#primaryimage\"},\"image\":{\"@id\":\"https:\/\/www.champmarket.com\/it\/champagne\/laurent-perrier-ultra-brut-bouteille\/#primaryimage\"},\"thumbnailUrl\":\"https:\/\/www.champmarket.com\/wp-content\/uploads\/2022\/02\/laurent-perrier-ultra-brut-bouteille.webp\",\"datePublished\":\"2022-07-01T14:30:16+00:00\",\"dateModified\":\"2023-11-24T10:29:23+00:00\",\"description\":\"La cuv\u00e9e Ultra Brut Laurent-Perrier \u00e8 una vera e propria dimostrazione del know-how a cui gli enofili moderni sono particolarmente affezionati. Questo champagne, tanto straordinario nella sua purezza quanto complesso nella sua elaborazione, apre le porte alla scoperta di nuove esperienze gustative.\",\"breadcrumb\":{\"@id\":\"https:\/\/www.champmarket.com\/it\/champagne\/laurent-perrier-ultra-brut-bouteille\/#breadcrumb\"},\"inLanguage\":\"it-IT\",\"potentialAction\":[{\"@type\":\"ReadAction\",\"target\":[\"https:\/\/www.champmarket.com\/it\/champagne\/laurent-perrier-ultra-brut-bouteille\/\"]}]},{\"@type\":\"ImageObject\",\"inLanguage\":\"it-IT\",\"@id\":\"https:\/\/www.champmarket.com\/it\/champagne\/laurent-perrier-ultra-brut-bouteille\/#primaryimage\",\"url\":\"https:\/\/www.champmarket.com\/wp-content\/uploads\/2022\/02\/laurent-perrier-ultra-brut-bouteille.webp\",\"contentUrl\":\"https:\/\/www.champmarket.com\/wp-content\/uploads\/2022\/02\/laurent-perrier-ultra-brut-bouteille.webp\",\"width\":2000,\"height\":2000,\"caption\":\"Champagne Ultra Brut Laurent-Perrier Bottiglia - Champmarket\"},{\"@type\":\"BreadcrumbList\",\"@id\":\"https:\/\/www.champmarket.com\/it\/champagne\/laurent-perrier-ultra-brut-bouteille\/#breadcrumb\",\"itemListElement\":[{\"@type\":\"ListItem\",\"position\":1,\"name\":\"Home\",\"item\":\"https:\/\/www.champmarket.com\/it\/acquista-champagne-online-champmarket\/\"},{\"@type\":\"ListItem\",\"position\":2,\"name\":\"Shop\",\"item\":\"https:\/\/www.champmarket.com\/it\/shop\/\"},{\"@type\":\"ListItem\",\"position\":3,\"name\":\"Laurent-Perrier\",\"item\":\"https:\/\/www.champmarket.com\/it\/maisons\/selection-champagne-laurent-perrier-it\/\"},{\"@type\":\"ListItem\",\"position\":4,\"name\":\"Laurent-Perrier Ultra Brut Bottiglia\"}]},{\"@type\":\"WebSite\",\"@id\":\"https:\/\/www.champmarket.com\/#website\",\"url\":\"https:\/\/www.champmarket.com\/\",\"name\":\"Champmarket\",\"description\":\"Champmarket, Champagnes, Cadeaux et Art de Vivre\",\"publisher\":{\"@id\":\"https:\/\/www.champmarket.com\/#organization\"},\"potentialAction\":[{\"@type\":\"SearchAction\",\"target\":{\"@type\":\"EntryPoint\",\"urlTemplate\":\"https:\/\/www.champmarket.com\/?s={search_term_string}\"},\"query-input\":{\"@type\":\"PropertyValueSpecification\",\"valueRequired\":true,\"valueName\":\"search_term_string\"}}],\"inLanguage\":\"it-IT\"},{\"@type\":\"Organization\",\"@id\":\"https:\/\/www.champmarket.com\/#organization\",\"name\":\"Champmarket\",\"url\":\"https:\/\/www.champmarket.com\/\",\"logo\":{\"@type\":\"ImageObject\",\"inLanguage\":\"it-IT\",\"@id\":\"https:\/\/www.champmarket.com\/#\/schema\/logo\/image\/\",\"url\":\"https:\/\/www.champmarket.com\/wp-content\/uploads\/2024\/08\/logo2024-1.svg\",\"contentUrl\":\"https:\/\/www.champmarket.com\/wp-content\/uploads\/2024\/08\/logo2024-1.svg\",\"width\":579.8,\"height\":80,\"caption\":\"Champmarket\"},\"image\":{\"@id\":\"https:\/\/www.champmarket.com\/#\/schema\/logo\/image\/\"},\"sameAs\":[\"https:\/\/www.facebook.com\/ChampMarket\/\",\"https:\/\/x.com\/champmarket\",\"https:\/\/www.instagram.com\/champmarket.paris\/\",\"https:\/\/www.pinterest.fr\/champmarketparis\/\",\"https:\/\/www.linkedin.com\/company\/champmarket\/\"]}]}<\/script>\n<!-- \/ Yoast SEO plugin. -->","yoast_head_json":{"title":"Laurent-Perrier Ultra Brut Bottiglia - Champmarket","description":"La cuv\u00e9e Ultra Brut Laurent-Perrier \u00e8 una vera e propria dimostrazione del know-how a cui gli enofili moderni sono particolarmente affezionati. Questo champagne, tanto straordinario nella sua purezza quanto complesso nella sua elaborazione, apre le porte alla scoperta di nuove esperienze gustative.","robots":{"index":"index","follow":"follow","max-snippet":"max-snippet:-1","max-image-preview":"max-image-preview:large","max-video-preview":"max-video-preview:-1"},"canonical":"https:\/\/www.champmarket.com\/it\/champagne\/laurent-perrier-ultra-brut-bouteille\/","og_locale":"it_IT","og_type":"article","og_title":"Laurent-Perrier Ultra Brut Bottiglia - Champmarket","og_description":"La cuv\u00e9e Ultra Brut Laurent-Perrier \u00e8 una vera e propria dimostrazione del know-how a cui gli enofili moderni sono particolarmente affezionati. Questo champagne, tanto straordinario nella sua purezza quanto complesso nella sua elaborazione, apre le porte alla scoperta di nuove esperienze gustative.","og_url":"https:\/\/www.champmarket.com\/it\/champagne\/laurent-perrier-ultra-brut-bouteille\/","og_site_name":"Champmarket","article_publisher":"https:\/\/www.facebook.com\/ChampMarket\/","article_modified_time":"2023-11-24T10:29:23+00:00","og_image":[{"width":2000,"height":2000,"url":"https:\/\/www.champmarket.com\/wp-content\/uploads\/2022\/02\/laurent-perrier-ultra-brut-bouteille.webp","type":"image\/jpeg"}],"twitter_card":"summary_large_image","twitter_site":"@champmarket","twitter_misc":{"Tempo di lettura stimato":"1 minuto"},"schema":{"@context":"https:\/\/schema.org","@graph":[{"@type":"WebPage","@id":"https:\/\/www.champmarket.com\/it\/champagne\/laurent-perrier-ultra-brut-bouteille\/","url":"https:\/\/www.champmarket.com\/it\/champagne\/laurent-perrier-ultra-brut-bouteille\/","name":"Laurent-Perrier Ultra Brut Bottiglia - Champmarket","isPartOf":{"@id":"https:\/\/www.champmarket.com\/#website"},"primaryImageOfPage":{"@id":"https:\/\/www.champmarket.com\/it\/champagne\/laurent-perrier-ultra-brut-bouteille\/#primaryimage"},"image":{"@id":"https:\/\/www.champmarket.com\/it\/champagne\/laurent-perrier-ultra-brut-bouteille\/#primaryimage"},"thumbnailUrl":"https:\/\/www.champmarket.com\/wp-content\/uploads\/2022\/02\/laurent-perrier-ultra-brut-bouteille.webp","datePublished":"2022-07-01T14:30:16+00:00","dateModified":"2023-11-24T10:29:23+00:00","description":"La cuv\u00e9e Ultra Brut Laurent-Perrier \u00e8 una vera e propria dimostrazione del know-how a cui gli enofili moderni sono particolarmente affezionati. Questo champagne, tanto straordinario nella sua purezza quanto complesso nella sua elaborazione, apre le porte alla scoperta di nuove esperienze gustative.","breadcrumb":{"@id":"https:\/\/www.champmarket.com\/it\/champagne\/laurent-perrier-ultra-brut-bouteille\/#breadcrumb"},"inLanguage":"it-IT","potentialAction":[{"@type":"ReadAction","target":["https:\/\/www.champmarket.com\/it\/champagne\/laurent-perrier-ultra-brut-bouteille\/"]}]},{"@type":"ImageObject","inLanguage":"it-IT","@id":"https:\/\/www.champmarket.com\/it\/champagne\/laurent-perrier-ultra-brut-bouteille\/#primaryimage","url":"https:\/\/www.champmarket.com\/wp-content\/uploads\/2022\/02\/laurent-perrier-ultra-brut-bouteille.webp","contentUrl":"https:\/\/www.champmarket.com\/wp-content\/uploads\/2022\/02\/laurent-perrier-ultra-brut-bouteille.webp","width":2000,"height":2000,"caption":"Champagne Ultra Brut Laurent-Perrier Bottiglia - Champmarket"},{"@type":"BreadcrumbList","@id":"https:\/\/www.champmarket.com\/it\/champagne\/laurent-perrier-ultra-brut-bouteille\/#breadcrumb","itemListElement":[{"@type":"ListItem","position":1,"name":"Home","item":"https:\/\/www.champmarket.com\/it\/acquista-champagne-online-champmarket\/"},{"@type":"ListItem","position":2,"name":"Shop","item":"https:\/\/www.champmarket.com\/it\/shop\/"},{"@type":"ListItem","position":3,"name":"Laurent-Perrier","item":"https:\/\/www.champmarket.com\/it\/maisons\/selection-champagne-laurent-perrier-it\/"},{"@type":"ListItem","position":4,"name":"Laurent-Perrier Ultra Brut Bottiglia"}]},{"@type":"WebSite","@id":"https:\/\/www.champmarket.com\/#website","url":"https:\/\/www.champmarket.com\/","name":"Champmarket","description":"Champmarket, Champagnes, Cadeaux et Art de Vivre","publisher":{"@id":"https:\/\/www.champmarket.com\/#organization"},"potentialAction":[{"@type":"SearchAction","target":{"@type":"EntryPoint","urlTemplate":"https:\/\/www.champmarket.com\/?s={search_term_string}"},"query-input":{"@type":"PropertyValueSpecification","valueRequired":true,"valueName":"search_term_string"}}],"inLanguage":"it-IT"},{"@type":"Organization","@id":"https:\/\/www.champmarket.com\/#organization","name":"Champmarket","url":"https:\/\/www.champmarket.com\/","logo":{"@type":"ImageObject","inLanguage":"it-IT","@id":"https:\/\/www.champmarket.com\/#\/schema\/logo\/image\/","url":"https:\/\/www.champmarket.com\/wp-content\/uploads\/2024\/08\/logo2024-1.svg","contentUrl":"https:\/\/www.champmarket.com\/wp-content\/uploads\/2024\/08\/logo2024-1.svg","width":579.8,"height":80,"caption":"Champmarket"},"image":{"@id":"https:\/\/www.champmarket.com\/#\/schema\/logo\/image\/"},"sameAs":["https:\/\/www.facebook.com\/ChampMarket\/","https:\/\/x.com\/champmarket","https:\/\/www.instagram.com\/champmarket.paris\/","https:\/\/www.pinterest.fr\/champmarketparis\/","https:\/\/www.linkedin.com\/company\/champmarket\/"]}]}},"_links":{"self":[{"href":"https:\/\/www.champmarket.com\/it\/wp-json\/wp\/v2\/product\/38673","targetHints":{"allow":["GET"]}}],"collection":[{"href":"https:\/\/www.champmarket.com\/it\/wp-json\/wp\/v2\/product"}],"about":[{"href":"https:\/\/www.champmarket.com\/it\/wp-json\/wp\/v2\/types\/product"}],"version-history":[{"count":1,"href":"https:\/\/www.champmarket.com\/it\/wp-json\/wp\/v2\/product\/38673\/revisions"}],"predecessor-version":[{"id":61671,"href":"https:\/\/www.champmarket.com\/it\/wp-json\/wp\/v2\/product\/38673\/revisions\/61671"}],"wp:featuredmedia":[{"embeddable":true,"href":"https:\/\/www.champmarket.com\/it\/wp-json\/wp\/v2\/media\/37357"}],"wp:attachment":[{"href":"https:\/\/www.champmarket.com\/it\/wp-json\/wp\/v2\/media?parent=38673"}],"wp:term":[{"taxonomy":"product_brand","embeddable":true,"href":"https:\/\/www.champmarket.com\/it\/wp-json\/wp\/v2\/product_brand?post=38673"},{"taxonomy":"product_cat","embeddable":true,"href":"https:\/\/www.champmarket.com\/it\/wp-json\/wp\/v2\/product_cat?post=38673"},{"taxonomy":"product_tag","embeddable":true,"href":"https:\/\/www.champmarket.com\/it\/wp-json\/wp\/v2\/product_tag?post=38673"}],"curies":[{"name":"wp","href":"https:\/\/api.w.org\/{rel}","templated":true}]}}