{"id":38676,"date":"2021-09-03T12:51:45","date_gmt":"2021-09-03T10:51:45","guid":{"rendered":"https:\/\/www.champmarket.com\/champagne\/laurent-perrier-blanc-de-blancs-brut-nature-bottiglia-con-box\/"},"modified":"2023-04-04T17:32:36","modified_gmt":"2023-04-04T15:32:36","slug":"laurent-perrier-blanc-de-blancs-brut-nature-bottiglia-con-box","status":"publish","type":"product","link":"https:\/\/www.champmarket.com\/it\/champagne\/laurent-perrier-blanc-de-blancs-brut-nature-bottiglia-con-box\/","title":{"rendered":"Laurent-Perrier Blanc de Blancs Brut Nature Bottiglia con box"},"content":{"rendered":"<p>Laurent-Perrier ha sempre privilegiato lo Chardonnay come c\u00e9page prevalente in tutte le sue cuv\u00e9e ed \u00e8 stato un precursore della categoria Brut Nature gi\u00e0 nel 1981 con la cuv\u00e9e Ultra Brut. Solo i Coteaux de la Montagne de Reims e la C\u00f4te des Blancs coltivati a Chardonnay sono stati selezionati e raccolti a perfetta maturazione con bassa acidit\u00e0 per essere utilizzati nell&#8217;assemblaggio di questo Blanc de Blancs.<\/p>\n<p>Una perfetta padronanza della vinificazione e della maturazione in vasche d&#8217;acciaio permette a Laurent-Perrier di produrre questo champagne Brut Nature (senza zuccheri aggiunti, senza dosaggio).<\/p>\n<p>Presentato in una lussuosa box, il Blanc de Blancs Brut Nature \u00e8 ideale per tutte le occasioni di regalo.<\/p>\n","protected":false},"excerpt":{"rendered":"<p>Il Laurent-Perrier Blanc de Blancs Brut Nature con box  \u00e8 uno champagne gastronomico, la cui freschezza e le cui note acidule lo rendono perfetto per i piatti pi\u00f9 raffinati.<\/p>\n","protected":false},"featured_media":37160,"template":"","meta":{"_acf_changed":false},"product_brand":[],"product_cat":[3374,3373,3307,2398,2238,2368,2775,2370,2375,2374,2224],"product_tag":[2240,2248,2244,2245,2255,2229],"class_list":{"0":"post-38676","1":"product","2":"type-product","3":"status-publish","4":"has-post-thumbnail","6":"maisons-selection-champagne-laurent-perrier-it","7":"product_cat-champagne-brut-nature-zero-dosaggio","8":"product_cat-champagne-e-ostriche","9":"product_cat-tutti-gli-champagne-e-i-set-regalo-esclusivi","10":"product_cat-categorie-laurent-perrier-it","11":"product_cat-bouteilles-it","12":"product_cat-regali-professionali-it","13":"product_cat-tutti-gli-champagne","14":"product_cat-champagne-blanc-de-blancs-it","15":"product_cat-champagne-prestige-it","16":"product_cat-champagne-extra-brut-non-dose-zero-dosage","17":"product_cat-repas-it","18":"product_tag-100-chardonnay-it","19":"product_tag-haute-couture-it","20":"product_tag-sushis-it","21":"product_tag-fruits-de-mer-it","22":"product_tag-pour-offrir-it","23":"product_tag-per-un-pasto-con-champagne","25":"first","26":"instock","27":"taxable","28":"shipping-taxable","29":"purchasable","30":"product-type-simple"},"acf":[],"yoast_head":"<!-- This site is optimized with the Yoast SEO plugin v26.4 - https:\/\/yoast.com\/wordpress\/plugins\/seo\/ -->\n<title>Laurent-Perrier Blanc de Blancs Brut Nature Bottiglia - Champmarket<\/title>\n<meta name=\"description\" content=\"Il Laurent-Perrier Blanc de Blancs Brut Nature con box \u00e8 uno champagne gastronomico, la cui freschezza e le cui note acidule lo rendono perfetto per i piatti pi\u00f9 raffinati.\" \/>\n<meta name=\"robots\" content=\"index, follow, max-snippet:-1, max-image-preview:large, max-video-preview:-1\" \/>\n<link rel=\"canonical\" href=\"https:\/\/www.champmarket.com\/it\/champagne\/laurent-perrier-blanc-de-blancs-brut-nature-bottiglia-con-box\/\" \/>\n<meta property=\"og:locale\" content=\"it_IT\" \/>\n<meta property=\"og:type\" content=\"article\" \/>\n<meta property=\"og:title\" content=\"Laurent-Perrier Blanc de Blancs Brut Nature Bottiglia - Champmarket\" \/>\n<meta property=\"og:description\" content=\"Il Laurent-Perrier Blanc de Blancs Brut Nature con box \u00e8 uno champagne gastronomico, la cui freschezza e le cui note acidule lo rendono perfetto per i piatti pi\u00f9 raffinati.\" \/>\n<meta property=\"og:url\" content=\"https:\/\/www.champmarket.com\/it\/champagne\/laurent-perrier-blanc-de-blancs-brut-nature-bottiglia-con-box\/\" \/>\n<meta property=\"og:site_name\" content=\"Champmarket\" \/>\n<meta property=\"article:publisher\" content=\"https:\/\/www.facebook.com\/ChampMarket\/\" \/>\n<meta property=\"article:modified_time\" content=\"2023-04-04T15:32:36+00:00\" \/>\n<meta property=\"og:image\" content=\"https:\/\/www.champmarket.com\/wp-content\/uploads\/2021\/09\/laurent-perrier-blanc-de-blancs-bouteille-coffret.webp\" \/>\n\t<meta property=\"og:image:width\" content=\"2000\" \/>\n\t<meta property=\"og:image:height\" content=\"2000\" \/>\n\t<meta property=\"og:image:type\" content=\"image\/jpeg\" \/>\n<meta name=\"twitter:card\" content=\"summary_large_image\" \/>\n<meta name=\"twitter:site\" content=\"@champmarket\" \/>\n<meta name=\"twitter:label1\" content=\"Tempo di lettura stimato\" \/>\n\t<meta name=\"twitter:data1\" content=\"1 minuto\" \/>\n<script type=\"application\/ld+json\" class=\"yoast-schema-graph\">{\"@context\":\"https:\/\/schema.org\",\"@graph\":[{\"@type\":\"WebPage\",\"@id\":\"https:\/\/www.champmarket.com\/it\/champagne\/laurent-perrier-blanc-de-blancs-brut-nature-bottiglia-con-box\/\",\"url\":\"https:\/\/www.champmarket.com\/it\/champagne\/laurent-perrier-blanc-de-blancs-brut-nature-bottiglia-con-box\/\",\"name\":\"Laurent-Perrier Blanc de Blancs Brut Nature Bottiglia - Champmarket\",\"isPartOf\":{\"@id\":\"https:\/\/www.champmarket.com\/#website\"},\"primaryImageOfPage\":{\"@id\":\"https:\/\/www.champmarket.com\/it\/champagne\/laurent-perrier-blanc-de-blancs-brut-nature-bottiglia-con-box\/#primaryimage\"},\"image\":{\"@id\":\"https:\/\/www.champmarket.com\/it\/champagne\/laurent-perrier-blanc-de-blancs-brut-nature-bottiglia-con-box\/#primaryimage\"},\"thumbnailUrl\":\"https:\/\/www.champmarket.com\/wp-content\/uploads\/2021\/09\/laurent-perrier-blanc-de-blancs-bouteille-coffret.webp\",\"datePublished\":\"2021-09-03T10:51:45+00:00\",\"dateModified\":\"2023-04-04T15:32:36+00:00\",\"description\":\"Il Laurent-Perrier Blanc de Blancs Brut Nature con box \u00e8 uno champagne gastronomico, la cui freschezza e le cui note acidule lo rendono perfetto per i piatti pi\u00f9 raffinati.\",\"breadcrumb\":{\"@id\":\"https:\/\/www.champmarket.com\/it\/champagne\/laurent-perrier-blanc-de-blancs-brut-nature-bottiglia-con-box\/#breadcrumb\"},\"inLanguage\":\"it-IT\",\"potentialAction\":[{\"@type\":\"ReadAction\",\"target\":[\"https:\/\/www.champmarket.com\/it\/champagne\/laurent-perrier-blanc-de-blancs-brut-nature-bottiglia-con-box\/\"]}]},{\"@type\":\"ImageObject\",\"inLanguage\":\"it-IT\",\"@id\":\"https:\/\/www.champmarket.com\/it\/champagne\/laurent-perrier-blanc-de-blancs-brut-nature-bottiglia-con-box\/#primaryimage\",\"url\":\"https:\/\/www.champmarket.com\/wp-content\/uploads\/2021\/09\/laurent-perrier-blanc-de-blancs-bouteille-coffret.webp\",\"contentUrl\":\"https:\/\/www.champmarket.com\/wp-content\/uploads\/2021\/09\/laurent-perrier-blanc-de-blancs-bouteille-coffret.webp\",\"width\":2000,\"height\":2000,\"caption\":\"Champagne Laurent-Perrier Blanc de Blancs Brut Nature Bottiglia con box - Champmarket\"},{\"@type\":\"BreadcrumbList\",\"@id\":\"https:\/\/www.champmarket.com\/it\/champagne\/laurent-perrier-blanc-de-blancs-brut-nature-bottiglia-con-box\/#breadcrumb\",\"itemListElement\":[{\"@type\":\"ListItem\",\"position\":1,\"name\":\"Home\",\"item\":\"https:\/\/www.champmarket.com\/it\/acquista-champagne-online-champmarket\/\"},{\"@type\":\"ListItem\",\"position\":2,\"name\":\"Shop\",\"item\":\"https:\/\/www.champmarket.com\/it\/shop\/\"},{\"@type\":\"ListItem\",\"position\":3,\"name\":\"Laurent-Perrier\",\"item\":\"https:\/\/www.champmarket.com\/it\/maisons\/selection-champagne-laurent-perrier-it\/\"},{\"@type\":\"ListItem\",\"position\":4,\"name\":\"Laurent-Perrier Blanc de Blancs Brut Nature Bottiglia con box\"}]},{\"@type\":\"WebSite\",\"@id\":\"https:\/\/www.champmarket.com\/#website\",\"url\":\"https:\/\/www.champmarket.com\/\",\"name\":\"Champmarket\",\"description\":\"Champmarket, Champagnes, Cadeaux et Art de Vivre\",\"publisher\":{\"@id\":\"https:\/\/www.champmarket.com\/#organization\"},\"potentialAction\":[{\"@type\":\"SearchAction\",\"target\":{\"@type\":\"EntryPoint\",\"urlTemplate\":\"https:\/\/www.champmarket.com\/?s={search_term_string}\"},\"query-input\":{\"@type\":\"PropertyValueSpecification\",\"valueRequired\":true,\"valueName\":\"search_term_string\"}}],\"inLanguage\":\"it-IT\"},{\"@type\":\"Organization\",\"@id\":\"https:\/\/www.champmarket.com\/#organization\",\"name\":\"Champmarket\",\"url\":\"https:\/\/www.champmarket.com\/\",\"logo\":{\"@type\":\"ImageObject\",\"inLanguage\":\"it-IT\",\"@id\":\"https:\/\/www.champmarket.com\/#\/schema\/logo\/image\/\",\"url\":\"https:\/\/www.champmarket.com\/wp-content\/uploads\/2024\/08\/logo2024-1.svg\",\"contentUrl\":\"https:\/\/www.champmarket.com\/wp-content\/uploads\/2024\/08\/logo2024-1.svg\",\"width\":579.8,\"height\":80,\"caption\":\"Champmarket\"},\"image\":{\"@id\":\"https:\/\/www.champmarket.com\/#\/schema\/logo\/image\/\"},\"sameAs\":[\"https:\/\/www.facebook.com\/ChampMarket\/\",\"https:\/\/x.com\/champmarket\",\"https:\/\/www.instagram.com\/champmarket.paris\/\",\"https:\/\/www.pinterest.fr\/champmarketparis\/\",\"https:\/\/www.linkedin.com\/company\/champmarket\/\"]}]}<\/script>\n<!-- \/ Yoast SEO plugin. -->","yoast_head_json":{"title":"Laurent-Perrier Blanc de Blancs Brut Nature Bottiglia - Champmarket","description":"Il Laurent-Perrier Blanc de Blancs Brut Nature con box \u00e8 uno champagne gastronomico, la cui freschezza e le cui note acidule lo rendono perfetto per i piatti pi\u00f9 raffinati.","robots":{"index":"index","follow":"follow","max-snippet":"max-snippet:-1","max-image-preview":"max-image-preview:large","max-video-preview":"max-video-preview:-1"},"canonical":"https:\/\/www.champmarket.com\/it\/champagne\/laurent-perrier-blanc-de-blancs-brut-nature-bottiglia-con-box\/","og_locale":"it_IT","og_type":"article","og_title":"Laurent-Perrier Blanc de Blancs Brut Nature Bottiglia - Champmarket","og_description":"Il Laurent-Perrier Blanc de Blancs Brut Nature con box \u00e8 uno champagne gastronomico, la cui freschezza e le cui note acidule lo rendono perfetto per i piatti pi\u00f9 raffinati.","og_url":"https:\/\/www.champmarket.com\/it\/champagne\/laurent-perrier-blanc-de-blancs-brut-nature-bottiglia-con-box\/","og_site_name":"Champmarket","article_publisher":"https:\/\/www.facebook.com\/ChampMarket\/","article_modified_time":"2023-04-04T15:32:36+00:00","og_image":[{"width":2000,"height":2000,"url":"https:\/\/www.champmarket.com\/wp-content\/uploads\/2021\/09\/laurent-perrier-blanc-de-blancs-bouteille-coffret.webp","type":"image\/jpeg"}],"twitter_card":"summary_large_image","twitter_site":"@champmarket","twitter_misc":{"Tempo di lettura stimato":"1 minuto"},"schema":{"@context":"https:\/\/schema.org","@graph":[{"@type":"WebPage","@id":"https:\/\/www.champmarket.com\/it\/champagne\/laurent-perrier-blanc-de-blancs-brut-nature-bottiglia-con-box\/","url":"https:\/\/www.champmarket.com\/it\/champagne\/laurent-perrier-blanc-de-blancs-brut-nature-bottiglia-con-box\/","name":"Laurent-Perrier Blanc de Blancs Brut Nature Bottiglia - Champmarket","isPartOf":{"@id":"https:\/\/www.champmarket.com\/#website"},"primaryImageOfPage":{"@id":"https:\/\/www.champmarket.com\/it\/champagne\/laurent-perrier-blanc-de-blancs-brut-nature-bottiglia-con-box\/#primaryimage"},"image":{"@id":"https:\/\/www.champmarket.com\/it\/champagne\/laurent-perrier-blanc-de-blancs-brut-nature-bottiglia-con-box\/#primaryimage"},"thumbnailUrl":"https:\/\/www.champmarket.com\/wp-content\/uploads\/2021\/09\/laurent-perrier-blanc-de-blancs-bouteille-coffret.webp","datePublished":"2021-09-03T10:51:45+00:00","dateModified":"2023-04-04T15:32:36+00:00","description":"Il Laurent-Perrier Blanc de Blancs Brut Nature con box \u00e8 uno champagne gastronomico, la cui freschezza e le cui note acidule lo rendono perfetto per i piatti pi\u00f9 raffinati.","breadcrumb":{"@id":"https:\/\/www.champmarket.com\/it\/champagne\/laurent-perrier-blanc-de-blancs-brut-nature-bottiglia-con-box\/#breadcrumb"},"inLanguage":"it-IT","potentialAction":[{"@type":"ReadAction","target":["https:\/\/www.champmarket.com\/it\/champagne\/laurent-perrier-blanc-de-blancs-brut-nature-bottiglia-con-box\/"]}]},{"@type":"ImageObject","inLanguage":"it-IT","@id":"https:\/\/www.champmarket.com\/it\/champagne\/laurent-perrier-blanc-de-blancs-brut-nature-bottiglia-con-box\/#primaryimage","url":"https:\/\/www.champmarket.com\/wp-content\/uploads\/2021\/09\/laurent-perrier-blanc-de-blancs-bouteille-coffret.webp","contentUrl":"https:\/\/www.champmarket.com\/wp-content\/uploads\/2021\/09\/laurent-perrier-blanc-de-blancs-bouteille-coffret.webp","width":2000,"height":2000,"caption":"Champagne Laurent-Perrier Blanc de Blancs Brut Nature Bottiglia con box - Champmarket"},{"@type":"BreadcrumbList","@id":"https:\/\/www.champmarket.com\/it\/champagne\/laurent-perrier-blanc-de-blancs-brut-nature-bottiglia-con-box\/#breadcrumb","itemListElement":[{"@type":"ListItem","position":1,"name":"Home","item":"https:\/\/www.champmarket.com\/it\/acquista-champagne-online-champmarket\/"},{"@type":"ListItem","position":2,"name":"Shop","item":"https:\/\/www.champmarket.com\/it\/shop\/"},{"@type":"ListItem","position":3,"name":"Laurent-Perrier","item":"https:\/\/www.champmarket.com\/it\/maisons\/selection-champagne-laurent-perrier-it\/"},{"@type":"ListItem","position":4,"name":"Laurent-Perrier Blanc de Blancs Brut Nature Bottiglia con box"}]},{"@type":"WebSite","@id":"https:\/\/www.champmarket.com\/#website","url":"https:\/\/www.champmarket.com\/","name":"Champmarket","description":"Champmarket, Champagnes, Cadeaux et Art de Vivre","publisher":{"@id":"https:\/\/www.champmarket.com\/#organization"},"potentialAction":[{"@type":"SearchAction","target":{"@type":"EntryPoint","urlTemplate":"https:\/\/www.champmarket.com\/?s={search_term_string}"},"query-input":{"@type":"PropertyValueSpecification","valueRequired":true,"valueName":"search_term_string"}}],"inLanguage":"it-IT"},{"@type":"Organization","@id":"https:\/\/www.champmarket.com\/#organization","name":"Champmarket","url":"https:\/\/www.champmarket.com\/","logo":{"@type":"ImageObject","inLanguage":"it-IT","@id":"https:\/\/www.champmarket.com\/#\/schema\/logo\/image\/","url":"https:\/\/www.champmarket.com\/wp-content\/uploads\/2024\/08\/logo2024-1.svg","contentUrl":"https:\/\/www.champmarket.com\/wp-content\/uploads\/2024\/08\/logo2024-1.svg","width":579.8,"height":80,"caption":"Champmarket"},"image":{"@id":"https:\/\/www.champmarket.com\/#\/schema\/logo\/image\/"},"sameAs":["https:\/\/www.facebook.com\/ChampMarket\/","https:\/\/x.com\/champmarket","https:\/\/www.instagram.com\/champmarket.paris\/","https:\/\/www.pinterest.fr\/champmarketparis\/","https:\/\/www.linkedin.com\/company\/champmarket\/"]}]}},"_links":{"self":[{"href":"https:\/\/www.champmarket.com\/it\/wp-json\/wp\/v2\/product\/38676","targetHints":{"allow":["GET"]}}],"collection":[{"href":"https:\/\/www.champmarket.com\/it\/wp-json\/wp\/v2\/product"}],"about":[{"href":"https:\/\/www.champmarket.com\/it\/wp-json\/wp\/v2\/types\/product"}],"version-history":[{"count":0,"href":"https:\/\/www.champmarket.com\/it\/wp-json\/wp\/v2\/product\/38676\/revisions"}],"wp:featuredmedia":[{"embeddable":true,"href":"https:\/\/www.champmarket.com\/it\/wp-json\/wp\/v2\/media\/37160"}],"wp:attachment":[{"href":"https:\/\/www.champmarket.com\/it\/wp-json\/wp\/v2\/media?parent=38676"}],"wp:term":[{"taxonomy":"product_brand","embeddable":true,"href":"https:\/\/www.champmarket.com\/it\/wp-json\/wp\/v2\/product_brand?post=38676"},{"taxonomy":"product_cat","embeddable":true,"href":"https:\/\/www.champmarket.com\/it\/wp-json\/wp\/v2\/product_cat?post=38676"},{"taxonomy":"product_tag","embeddable":true,"href":"https:\/\/www.champmarket.com\/it\/wp-json\/wp\/v2\/product_tag?post=38676"}],"curies":[{"name":"wp","href":"https:\/\/api.w.org\/{rel}","templated":true}]}}